{"id":875,"date":"2020-11-04T16:33:10","date_gmt":"2020-11-04T08:33:10","guid":{"rendered":"http:\/\/www.meatprocessingmachine.org\/?p=875"},"modified":"2026-02-12T16:40:19","modified_gmt":"2026-02-12T08:40:19","slug":"industrial-sausage-stuffer-machine-in-sausage-manufacturing","status":"publish","type":"product","link":"https:\/\/www.meatprocessingmachine.org\/sv\/industrial-sausage-stuffer-machine-in-sausage-manufacturing.html","title":{"rendered":"Industriell korvstoppningsmaskin f\u00f6r korvtillverkning"},"content":{"rendered":"<div class=\"kk-star-ratings kksr-auto kksr-align-right kksr-valign-top\"     data-payload='{&quot;align&quot;:&quot;right&quot;,&quot;id&quot;:&quot;875&quot;,&quot;slug&quot;:&quot;default&quot;,&quot;valign&quot;:&quot;top&quot;,&quot;ignore&quot;:&quot;&quot;,&quot;reference&quot;:&quot;auto&quot;,&quot;class&quot;:&quot;&quot;,&quot;count&quot;:&quot;0&quot;,&quot;legendonly&quot;:&quot;&quot;,&quot;readonly&quot;:&quot;&quot;,&quot;score&quot;:&quot;0&quot;,&quot;starsonly&quot;:&quot;&quot;,&quot;best&quot;:&quot;5&quot;,&quot;gap&quot;:&quot;5&quot;,&quot;greet&quot;:&quot;Rate this product&quot;,&quot;legend&quot;:&quot;0\\\/5 - (0 votes)&quot;,&quot;size&quot;:&quot;24&quot;,&quot;title&quot;:&quot;Industrial sausage stuffer machine in sausage manufacturing&quot;,&quot;width&quot;:&quot;0&quot;,&quot;_legend&quot;:&quot;{score}\\\/{best} - ({count} {votes})&quot;,&quot;font_factor&quot;:&quot;1.25&quot;}'>              <div class=\"kksr-stars\">      <div class=\"kksr-stars-inactive\">             <div class=\"kksr-star\" data-star=\"1\" style=\"padding-right: 5px\">               <div class=\"kksr-icon\" style=\"width: 24px; height: 24px;\"><\/div>         <\/div>             <div class=\"kksr-star\" data-star=\"2\" style=\"padding-right: 5px\">               <div class=\"kksr-icon\" style=\"width: 24px; height: 24px;\"><\/div>         <\/div>             <div class=\"kksr-star\" data-star=\"3\" style=\"padding-right: 5px\">               <div class=\"kksr-icon\" style=\"width: 24px; height: 24px;\"><\/div>         <\/div>             <div class=\"kksr-star\" data-star=\"4\" style=\"padding-right: 5px\">               <div class=\"kksr-icon\" style=\"width: 24px; height: 24px;\"><\/div>         <\/div>             <div class=\"kksr-star\" data-star=\"5\" style=\"padding-right: 5px\">               <div class=\"kksr-icon\" style=\"width: 24px; height: 24px;\"><\/div>         <\/div>     <\/div>      <div class=\"kksr-stars-active\" style=\"width: 0px;\">             <div class=\"kksr-star\" style=\"padding-right: 5px\">               <div class=\"kksr-icon\" style=\"width: 24px; height: 24px;\"><\/div>         <\/div>             <div class=\"kksr-star\" style=\"padding-right: 5px\">               <div class=\"kksr-icon\" style=\"width: 24px; height: 24px;\"><\/div>         <\/div>             <div class=\"kksr-star\" style=\"padding-right: 5px\">               <div class=\"kksr-icon\" style=\"width: 24px; height: 24px;\"><\/div>         <\/div>             <div class=\"kksr-star\" style=\"padding-right: 5px\">               <div class=\"kksr-icon\" style=\"width: 24px; height: 24px;\"><\/div>         <\/div>             <div class=\"kksr-star\" style=\"padding-right: 5px\">               <div class=\"kksr-icon\" style=\"width: 24px; height: 24px;\"><\/div>         <\/div>     <\/div> <\/div>                   <div class=\"kksr-legend\" style=\"font-size: 19.2px;\">             <span class=\"kksr-muted\">Betygs\u00e4tt denna produkt<\/span>     <\/div>     <\/div>  <p class=\"translation-block\">The<strong> industrial sausage stuffer machine<\/strong>&nbsp;is used for sausage enema. It is the most important step in the <a href=\"http:\/\/www.meatprocessingmachine.org\/sv\/sausage-production-line-for-sausage-making.html\/\">sausage manufacturing step<\/a>. The sausage meat enters the casing through the sausage stuffer to form sausages with regular shapes and sizes. According to different ways of enema, the sausage stuffing machine is divided into two categories. <strong>Hydraulic enema machine<\/strong> and <strong>pneumatic quantitative sausage stuffer machine<\/strong>. The two machines&#8217; applicable materials and working principles are very different.<\/p>    <h2 class=\"wp-block-heading\" id=\"h-hydraulic-sausage-stuffer-machine\">Hydraulisk korvstoppningsmaskin<\/h2>    <p>Den hydrauliska korvstoppningsmaskinen \u00e4r l\u00e4mplig f\u00f6r enema av finkorniga, grovkorniga eller k\u00f6ttemulsionmaterial. Den producerar olika typer av korvar genom att fylla k\u00f6ttkulor i djurh\u00f6ljen via olika diametrar p\u00e5 enema-r\u00f6ren.<\/p>    <h3 class=\"wp-block-heading\" id=\"h-hydraulic-sausage-filling-machine-working-principle\">Hydraulisk korvfyllningsmaskin<strong>&nbsp;<\/strong>arbetsprincip<\/h3>    <p>Den hydrauliska korv enema-maskinen anv\u00e4nder kolvhydraulisk drivning. Den pressar k\u00f6ttet fr\u00e5n maskinens matare genom det arbetstryck som genereras av hydraulcylindern. Maskinen \u00e4r l\u00e4mplig f\u00f6r ett brett utbud av material och kan anv\u00e4ndas f\u00f6r att fylla k\u00f6ttformade korvar eller fyllformade korvar. Den automatiska korvstoppningsmaskinen \u00e4r l\u00e4mplig f\u00f6r att fylla stora, medelstora och sm\u00e5 specifikationer av korvar.<\/p>    <p>Beroende p\u00e5 olika utg\u00e5ngar och specifikationer finns sm\u00e5 hydrauliska korvstoppare, enkelr\u00f6rs och dubbelr\u00f6rs hydrauliska korvstoppare.<\/p>    <h3 class=\"wp-block-heading\" id=\"h-small-hydraulic-sausage-stuffing-machine\">Liten hydraulisk korvstoppningsmaskin<\/h3>    <figure class=\"wp-block-image size-large\"><img loading=\"lazy\" decoding=\"async\" width=\"607\" height=\"607\" src=\"http:\/\/www.meatprocessingmachine.org\/wp-content\/uploads\/2020\/11\/small-hydraulic-stuffer-machine.png\" alt=\"small hydraulic stuffer machine\" class=\"wp-image-877\" title=\"\" srcset=\"https:\/\/www.meatprocessingmachine.org\/wp-content\/uploads\/2020\/11\/small-hydraulic-stuffer-machine.png 607w, https:\/\/www.meatprocessingmachine.org\/wp-content\/uploads\/2020\/11\/small-hydraulic-stuffer-machine-300x300.png 300w, https:\/\/www.meatprocessingmachine.org\/wp-content\/uploads\/2020\/11\/small-hydraulic-stuffer-machine-150x150.png 150w\" sizes=\"auto, (max-width: 607px) 100vw, 607px\" \/><figcaption>Liten hydraulisk stuffer<\/figcaption><\/figure>    <p>Den lilla hydrauliska korvfyllaren har en kapacitet p\u00e5 100kg\/h, och dess fyllningsdiameter kan vara 16\/18\/22mm. Den \u00e4r l\u00e4mplig f\u00f6r enskilda handlare och sm\u00e5 k\u00f6ttbearbetningsanl\u00e4ggningar. Maskinen anv\u00e4nder en omkopplare och en fotbrytare f\u00f6r att kontrollera enema-operationen, vilket g\u00f6r den s\u00e4krare. Dess stora kapacitetstank \u00f6kar enemans utg\u00e5ng. Maskinen kan r\u00f6ra sig fritt, \u00e4r portabel och bekv\u00e4m, och kan enema n\u00e4r som helst och var som helst.<\/p>    <h3 class=\"wp-block-heading\" id=\"h-single-and-double-tube-hydraulic-sausage-stuffer-machine\">Enkelt- och dubbelr\u00f6rs hydraulisk korvstoppningsmaskin<\/h3>    <p>Den enkla k\u00f6ttstoppningsmaskinen har en kapacitet p\u00e5 300kg\/h, dubbelr\u00f6rs fyllningsmaskin har 500kg\/h kapacitet.<\/p>    <figure class=\"wp-block-image size-large\"><img loading=\"lazy\" decoding=\"async\" width=\"607\" height=\"607\" src=\"http:\/\/www.meatprocessingmachine.org\/wp-content\/uploads\/2020\/11\/hydraulic-enema-machine.png\" alt=\"hydraulisk enema maskin\" class=\"wp-image-878\" title=\"\" srcset=\"https:\/\/www.meatprocessingmachine.org\/wp-content\/uploads\/2020\/11\/hydraulic-enema-machine.png 607w, https:\/\/www.meatprocessingmachine.org\/wp-content\/uploads\/2020\/11\/hydraulic-enema-machine-300x300.png 300w, https:\/\/www.meatprocessingmachine.org\/wp-content\/uploads\/2020\/11\/hydraulic-enema-machine-150x150.png 150w\" sizes=\"auto, (max-width: 607px) 100vw, 607px\" \/><figcaption>Hydraulisk lavemangsmaskin<\/figcaption><\/figure>    <p>De tv\u00e5 maskinerna har en fyllningsdiameter p\u00e5 12\/18\/30mm. Skillnaden mellan de tv\u00e5 industriella enema-maskinerna \u00e4r antalet r\u00f6r f\u00f6r att avl\u00e4gsna k\u00f6ttet. Maskinens \u00f6vre del \u00e4r utrustad med en matare och en fj\u00e4rilsv\u00e4xel, vilket m\u00f6jligg\u00f6r kontinuerlig fyllning. Det f\u00f6rb\u00e4ttrar produktionseffektiviteten avsev\u00e4rt. J\u00e4mf\u00f6rt med den lilla k\u00f6ttstoppningsmaskinen har denna maskin h\u00f6g automation och snabb avlastningshastighet, vilket m\u00f6jligg\u00f6r kontinuerlig produktion. D\u00e4rf\u00f6r \u00e4r den l\u00e4mplig f\u00f6r alla typer av f\u00f6retag.<\/p>    <h2 class=\"wp-block-heading\" id=\"h-pneumatic-quantitative-twist-enema-machine\">Pneumatisk kvantitativ vridning enema maskin<\/h2>    <figure class=\"wp-block-image size-large\"><img loading=\"lazy\" decoding=\"async\" width=\"692\" height=\"693\" src=\"http:\/\/www.meatprocessingmachine.org\/wp-content\/uploads\/2020\/11\/pneumatic-quantitative-sausage-stuffing-machine.png\" alt=\"pneumatic quantitative sausage stuffing machine\" class=\"wp-image-879\" title=\"\" srcset=\"https:\/\/www.meatprocessingmachine.org\/wp-content\/uploads\/2020\/11\/pneumatic-quantitative-sausage-stuffing-machine.png 692w, https:\/\/www.meatprocessingmachine.org\/wp-content\/uploads\/2020\/11\/pneumatic-quantitative-sausage-stuffing-machine-300x300.png 300w, https:\/\/www.meatprocessingmachine.org\/wp-content\/uploads\/2020\/11\/pneumatic-quantitative-sausage-stuffing-machine-150x150.png 150w\" sizes=\"auto, (max-width: 692px) 100vw, 692px\" \/><figcaption>Pneumatisk kvantitativ korvstoppningsmaskin<\/figcaption><\/figure>    <p>Den pneumatiska kvantitativa vridande korvstoppningsmaskinen \u00e4r l\u00e4mplig f\u00f6r fyllning av mosat k\u00f6tt. Maskinen kan automatiskt skapa b\u00f6jning samtidigt som den utf\u00f6r kvantitativ fyllning. Det kompenserar f\u00f6r bristen p\u00e5 kvantitativ enema b\u00f6jning som tidigare inte kunde slutf\u00f6ras p\u00e5 en g\u00e5ng. Maskinen kan kvantifieras mellan 30-1000g, felmarginalen \u00e4r inte mer \u00e4n 3g. Den kan uppn\u00e5 60 b\u00f6jningar per minut, och diametern p\u00e5 enema \u00e4r 10\/12\/14\/17mm.<\/p>    <h3 class=\"wp-block-heading\" id=\"h-advantages-of-pneumatic-quantitative-filling-machine\">F\u00f6rdelar med pneumatiska kvantitativa fyllningsmaskinen<\/h3>    <ol class=\"wp-block-list\"><li>Den anv\u00e4nder en avancerad pneumatisk, fotoelektrisk kontrollprincip, vilket kan realisera automatisk kvantitativ fyllning och b\u00f6jning, med h\u00f6g grad av automation.<\/li><li>K\u00f6ttfyllningsmaskinen \u00e4r l\u00e4mplig f\u00f6r att fylla olika mosade korvprodukter.<\/li><li>Delarna som \u00e4r i kontakt med materialet och yttre f\u00f6rpackningen \u00e4r b\u00e5da tillverkade av livsmedelsklassad rostfritt st\u00e5l med ett vackert utseende.<\/li><li>Den kan matchas med den<strong> tr\u00e5dbindningsmaskin<\/strong>&nbsp;f\u00f6r att realisera automatisk produktion.<\/li><li>Maskinen har en stabil struktur, enkel anv\u00e4ndning och l\u00e4tt att reng\u00f6ra. Den \u00e4r l\u00e4mplig f\u00f6r medelstora och sm\u00e5 k\u00f6ttbearbetningsf\u00f6retag.<\/li><\/ol>    <h3 class=\"wp-block-heading\" id=\"h-precautions\">F\u00f6rsiktighets\u00e5tg\u00e4rder<\/h3>    <ol class=\"wp-block-list\"><li>Den industriella korvstoppningsmaskinen \u00e4r l\u00e4mplig f\u00f6r mosat k\u00f6ttfyllning.<\/li><li>F\u00f6r att m\u00f6ta fyllningsviktskraven kan detta g\u00f6ras genom att f\u00f6rflytta cylinderns framsteg.<\/li><li>Du kan styra stopp- och arbetstiden f\u00f6r vridaren genom att styra cylinderns framsteg och retr\u00e4tt.<\/li><li>Innan k\u00f6ttfyllningen g\u00e5r in i mataren b\u00f6r den exponeras f\u00f6r luft s\u00e5 lite som m\u00f6jligt f\u00f6r att f\u00f6rhindra att h\u00e5l bildas. D\u00e4rf\u00f6r kan du anv\u00e4nda en <strong>vakuumk\u00f6ttfyllningsmaskin<\/strong>&nbsp;ist\u00e4llet f\u00f6r en vanlig blandningsmaskin.<\/li><li>H\u00f6ljenas diameter b\u00f6r matcha med enema-r\u00f6rens diametrar, k\u00f6ttfyllningstrycket, antalet vridningscirklar.<\/li><\/ol>","protected":false},"excerpt":{"rendered":"<p>F\u00f6r korvproduktion \u00e4r korvstoppningsmaskinen den viktigaste maskinen. Vi tillhandah\u00e5ller en hydraulisk enema maskin och en pneumatiskt kvantitativ korvstoppningsmaskin.<\/p>","protected":false},"author":1,"featured_media":885,"parent":0,"template":"","product-type":[598],"class_list":["post-875","product","type-product","status-publish","has-post-thumbnail","hentry","product-type-supporting-auxiliary-equipment"],"_links":{"self":[{"href":"https:\/\/www.meatprocessingmachine.org\/sv\/wp-json\/wp\/v2\/product\/875","targetHints":{"allow":["GET"]}}],"collection":[{"href":"https:\/\/www.meatprocessingmachine.org\/sv\/wp-json\/wp\/v2\/product"}],"about":[{"href":"https:\/\/www.meatprocessingmachine.org\/sv\/wp-json\/wp\/v2\/types\/product"}],"author":[{"embeddable":true,"href":"https:\/\/www.meatprocessingmachine.org\/sv\/wp-json\/wp\/v2\/users\/1"}],"wp:featuredmedia":[{"embeddable":true,"href":"https:\/\/www.meatprocessingmachine.org\/sv\/wp-json\/wp\/v2\/media\/885"}],"wp:attachment":[{"href":"https:\/\/www.meatprocessingmachine.org\/sv\/wp-json\/wp\/v2\/media?parent=875"}],"wp:term":[{"taxonomy":"product-type","embeddable":true,"href":"https:\/\/www.meatprocessingmachine.org\/sv\/wp-json\/wp\/v2\/product-type?post=875"}],"curies":[{"name":"wp","href":"https:\/\/api.w.org\/{rel}","templated":true}]}}