{"id":899,"date":"2020-11-27T10:07:52","date_gmt":"2020-11-27T02:07:52","guid":{"rendered":"http:\/\/www.meatprocessingmachine.org\/?p=899"},"modified":"2026-04-02T10:14:06","modified_gmt":"2026-04-02T02:14:06","slug":"bone-grinder-machine-meat-and-bone-grinder","status":"publish","type":"product","link":"https:\/\/www.meatprocessingmachine.org\/sv\/bone-grinder-machine-meat-and-bone-grinder.html","title":{"rendered":"Benkrossmaskin | Fisk- och n\u00f6tk\u00f6ttsbenpasta malningsmaskin"},"content":{"rendered":"<div class=\"kk-star-ratings kksr-auto kksr-align-right kksr-valign-top\"     data-payload='{&quot;align&quot;:&quot;right&quot;,&quot;id&quot;:&quot;899&quot;,&quot;slug&quot;:&quot;default&quot;,&quot;valign&quot;:&quot;top&quot;,&quot;ignore&quot;:&quot;&quot;,&quot;reference&quot;:&quot;auto&quot;,&quot;class&quot;:&quot;&quot;,&quot;count&quot;:&quot;2&quot;,&quot;legendonly&quot;:&quot;&quot;,&quot;readonly&quot;:&quot;&quot;,&quot;score&quot;:&quot;5&quot;,&quot;starsonly&quot;:&quot;&quot;,&quot;best&quot;:&quot;5&quot;,&quot;gap&quot;:&quot;5&quot;,&quot;greet&quot;:&quot;Rate this product&quot;,&quot;legend&quot;:&quot;5\\\/5 - (2 votes)&quot;,&quot;size&quot;:&quot;24&quot;,&quot;title&quot;:&quot;Bone Grinder Machine | Fish and Beef Bone Paste Grinding Machine&quot;,&quot;width&quot;:&quot;142.5&quot;,&quot;_legend&quot;:&quot;{score}\\\/{best} - ({count} {votes})&quot;,&quot;font_factor&quot;:&quot;1.25&quot;}'>              <div class=\"kksr-stars\">      <div class=\"kksr-stars-inactive\">             <div class=\"kksr-star\" data-star=\"1\" style=\"padding-right: 5px\">               <div class=\"kksr-icon\" style=\"width: 24px; height: 24px;\"><\/div>         <\/div>             <div class=\"kksr-star\" data-star=\"2\" style=\"padding-right: 5px\">               <div class=\"kksr-icon\" style=\"width: 24px; height: 24px;\"><\/div>         <\/div>             <div class=\"kksr-star\" data-star=\"3\" style=\"padding-right: 5px\">               <div class=\"kksr-icon\" style=\"width: 24px; height: 24px;\"><\/div>         <\/div>             <div class=\"kksr-star\" data-star=\"4\" style=\"padding-right: 5px\">               <div class=\"kksr-icon\" style=\"width: 24px; height: 24px;\"><\/div>         <\/div>             <div class=\"kksr-star\" data-star=\"5\" style=\"padding-right: 5px\">               <div class=\"kksr-icon\" style=\"width: 24px; height: 24px;\"><\/div>         <\/div>     <\/div>      <div class=\"kksr-stars-active\" style=\"width: 142.5px;\">             <div class=\"kksr-star\" style=\"padding-right: 5px\">               <div class=\"kksr-icon\" style=\"width: 24px; height: 24px;\"><\/div>         <\/div>             <div class=\"kksr-star\" style=\"padding-right: 5px\">               <div class=\"kksr-icon\" style=\"width: 24px; height: 24px;\"><\/div>         <\/div>             <div class=\"kksr-star\" style=\"padding-right: 5px\">               <div class=\"kksr-icon\" style=\"width: 24px; height: 24px;\"><\/div>         <\/div>             <div class=\"kksr-star\" style=\"padding-right: 5px\">               <div class=\"kksr-icon\" style=\"width: 24px; height: 24px;\"><\/div>         <\/div>             <div class=\"kksr-star\" style=\"padding-right: 5px\">               <div class=\"kksr-icon\" style=\"width: 24px; height: 24px;\"><\/div>         <\/div>     <\/div> <\/div>                   <div class=\"kksr-legend\" style=\"font-size: 19.2px;\">             5\/5 - (2 r\u00f6ster)    <\/div>     <\/div>  <p>Benkrossmaskinen \u00e4r en speciell f\u00f6rb\u00e4ttrad utrustning baserad p\u00e5 kolloidm\u00f6ll. Den anv\u00e4nds huvudsakligen f\u00f6r att mala vatten av brutna ben till slurry, lera, och mal till en finhet av 100-200 mesh. Materialet \u00e4r ultrafint pulveriserat, vilket kan emulsifiera, homogenisera och blanda olika semi-v\u00e5ta kroppar och emulsioner. De viktigaste tekniska indikatorerna har n\u00e5tt den avancerade niv\u00e5n f\u00f6r liknande utl\u00e4ndska produkter.<\/p>    <figure class=\"wp-block-embed is-type-video is-provider-youtube wp-block-embed-youtube wp-embed-aspect-16-9 wp-has-aspect-ratio\"><div class=\"wp-block-embed__wrapper\"> <iframe loading=\"lazy\" title=\"Benmaldmaskin | H\u00f6gpresterande utrustning f\u00f6r benpulpning\ud83e\udd69\" width=\"500\" height=\"281\" src=\"https:\/\/www.youtube.com\/embed\/GVGE_Dk08ss?feature=oembed\" frameborder=\"0\" allow=\"accelerometer; autoplay; clipboard-write; encrypted-media; gyroscope; picture-in-picture; web-share\" referrerpolicy=\"strict-origin-when-cross-origin\" allowfullscreen><\/iframe> <\/div><\/figure>    <h2 class=\"wp-block-heading\">Vilka r\u00e5varor kan benkrossmaskinen bearbeta?<\/h2>   <div class=\"wp-block-image\"> <figure class=\"aligncenter size-full\"><img loading=\"lazy\" decoding=\"async\" width=\"720\" height=\"540\" src=\"https:\/\/www.meatprocessingmachine.org\/wp-content\/uploads\/2020\/11\/raw-materials-of-the-bone-grinder.png\" alt=\"R\u00e5varor till benkrossen\" class=\"wp-image-33064\" title=\"\" srcset=\"https:\/\/www.meatprocessingmachine.org\/wp-content\/uploads\/2020\/11\/raw-materials-of-the-bone-grinder.png 720w, https:\/\/www.meatprocessingmachine.org\/wp-content\/uploads\/2020\/11\/raw-materials-of-the-bone-grinder-300x225.png 300w\" sizes=\"auto, (max-width: 720px) 100vw, 720px\" \/><figcaption class=\"wp-element-caption\">R\u00e5varor till benkrossen<\/figcaption><\/figure> <\/div>   <p><br>Benkrossmaskinen kan mala alla slags ben, huvudsakligen n\u00f6tk\u00f6ttsben, lammben, fiskben, kycklingben, etc. F\u00f6r malning, om benen och k\u00f6ttet \u00e4r f\u00f6r stora, som stora bitar av n\u00f6tk\u00f6ttsben, grisbens, etc., m\u00e5ste de f\u00f6rst brytas, och benen brytas till granuler, detta kan inte bara f\u00f6rb\u00e4ttra arbetseffektiviteten utan ocks\u00e5 skydda maskinen fr\u00e5n skador p\u00e5 verktyget p\u00e5 grund av f\u00f6r mycket ben.<\/p>    <h2 class=\"wp-block-heading\" id=\"h-application-of-bone-grinder-machine\">Anv\u00e4ndning av benkrossmaskin<\/h2>    <figure class=\"wp-block-gallery has-nested-images columns-default is-cropped wp-block-gallery-2 is-layout-flex wp-block-gallery-is-layout-flex\"> <figure class=\"wp-block-image size-large\"><img loading=\"lazy\" decoding=\"async\" width=\"720\" height=\"540\" data-id=\"33073\" src=\"https:\/\/www.meatprocessingmachine.org\/wp-content\/uploads\/2020\/11\/pet-food.png\" alt=\"pet food\" class=\"wp-image-33073\" title=\"\" srcset=\"https:\/\/www.meatprocessingmachine.org\/wp-content\/uploads\/2020\/11\/pet-food.png 720w, https:\/\/www.meatprocessingmachine.org\/wp-content\/uploads\/2020\/11\/pet-food-300x225.png 300w\" sizes=\"auto, (max-width: 720px) 100vw, 720px\" \/><figcaption class=\"wp-element-caption\">Husdjurssnacks<\/figcaption><\/figure>    <figure class=\"wp-block-image size-large\"><img loading=\"lazy\" decoding=\"async\" width=\"720\" height=\"540\" data-id=\"33074\" src=\"https:\/\/www.meatprocessingmachine.org\/wp-content\/uploads\/2020\/11\/sausage.png\" alt=\"korv\" class=\"wp-image-33074\" title=\"\" srcset=\"https:\/\/www.meatprocessingmachine.org\/wp-content\/uploads\/2020\/11\/sausage.png 720w, https:\/\/www.meatprocessingmachine.org\/wp-content\/uploads\/2020\/11\/sausage-300x225.png 300w\" sizes=\"auto, (max-width: 720px) 100vw, 720px\" \/><figcaption class=\"wp-element-caption\">Korv<\/figcaption><\/figure>    <figure class=\"wp-block-image size-large\"><img loading=\"lazy\" decoding=\"async\" width=\"720\" height=\"540\" data-id=\"33075\" src=\"https:\/\/www.meatprocessingmachine.org\/wp-content\/uploads\/2020\/11\/soup-stock.png\" alt=\"soup stock\" class=\"wp-image-33075\" title=\"\" srcset=\"https:\/\/www.meatprocessingmachine.org\/wp-content\/uploads\/2020\/11\/soup-stock.png 720w, https:\/\/www.meatprocessingmachine.org\/wp-content\/uploads\/2020\/11\/soup-stock-300x225.png 300w\" sizes=\"auto, (max-width: 720px) 100vw, 720px\" \/><figcaption class=\"wp-element-caption\">Soppa<\/figcaption><\/figure> <\/figure>    <p>Enligt sammans\u00e4ttningen och egenskaperna hos djurben, anv\u00e4nder den en speciell krossprincip f\u00f6r att g\u00f6ra benmj\u00f6let. Djurben inneh\u00e5ller m\u00e5nga n\u00e4rings\u00e4mnen som protein och fett. Det \u00e4r en h\u00f6gn\u00e4ringsprodukt med l\u00e5g kalorihalt. En benmj\u00f6l och en benpasta gjord av djurben inneh\u00e5ller m\u00e5nga n\u00e4rings\u00e4mnen som kroppen beh\u00f6ver, s\u00e5som protein, fett, vitaminer, kollagen, kalcium, etc. F\u00f6r n\u00e4rvarande anv\u00e4nds benpasta huvudsakligen som livsmedelstillsats eller direkt f\u00f6r att tillverka kryddor. Benpasta har anv\u00e4nts i Europa, Japan, USA och andra l\u00e4nder f\u00f6r att g\u00f6ra k\u00f6ttbullar, k\u00f6ttf\u00e4rslimpa, k\u00f6ttfloss, enema och andra produkter. I Kina anv\u00e4nds benpasta ocks\u00e5 i h\u00f6gtemperaturk\u00f6ttprodukter, konserver och andra livsmedel, och kan \u00e4ven anv\u00e4ndas f\u00f6r att g\u00f6ra soppa.<\/p>    <h2 class=\"wp-block-heading\">Parametrar f\u00f6r benkrossmaskin<\/h2>    <ul class=\"wp-block-list\"> <li>Modell: TZ-80 Benpasta-maskin<\/li>    <li>Bearbetningsfinhet: 2-50\u03bcm<\/li>    <li>Utsignal: 50-100kg\/h<\/li>    <li>Effekt: 4kw<\/li>    <li>Vikt: 150kg<\/li>    <li>Dimensioner: 600*410*930mm<\/li> <\/ul>    <h2 class=\"wp-block-heading\" id=\"h-bone-grinder-machine-working-principle\">Princip f\u00f6r benkrossmaskin<\/h2>    <p class=\"translation-block\">Om ditt r\u00e5material \u00e4r stora ben, beh\u00f6ver du f\u00f6rst en <a href=\"https:\/\/www.meatprocessingmachine.org\/sv\/animal-bone-crushing-machine.html\/\">benkrossmaskin<\/a> f\u00f6r att krossa de stora benen till j\u00e4mn granulatbenpulver. Sedan mal de sm\u00e5 partiklarna till en pasta med ben- och k\u00f6ttkrossmaskinen. Det minskar skador p\u00e5 de h\u00e5rda benen p\u00e5 slipverktygen.<\/p>   <div class=\"wp-block-image\"> <figure class=\"aligncenter size-full\"><img loading=\"lazy\" decoding=\"async\" width=\"720\" height=\"540\" src=\"https:\/\/www.meatprocessingmachine.org\/wp-content\/uploads\/2020\/11\/beef-bone-paste-grinding.png\" alt=\"Malning av n\u00f6tk\u00f6ttsbenpasta\" class=\"wp-image-33065\" title=\"\" srcset=\"https:\/\/www.meatprocessingmachine.org\/wp-content\/uploads\/2020\/11\/beef-bone-paste-grinding.png 720w, https:\/\/www.meatprocessingmachine.org\/wp-content\/uploads\/2020\/11\/beef-bone-paste-grinding-300x225.png 300w\" sizes=\"auto, (max-width: 720px) 100vw, 720px\" \/><figcaption class=\"wp-element-caption\">Malning av n\u00f6tk\u00f6ttsbenpasta<\/figcaption><\/figure> <\/div>   <p>K\u00f6tt- och benkrossen maler material genom h\u00f6g hastighet av stators och rotors i olika geometriska former. N\u00e4r stator och rotor r\u00f6r sig i h\u00f6g hastighet genereras flera sammansatta krafter som h\u00f6gfrekvent vibration, h\u00f6g hastighet vortex och skjuvkraft. Under dessa krafters verkan mals materialet och g\u00f6rs finare. Taizy\u2019s benkrossmaskin anv\u00e4nder finbearbetning. Det finns tre slipzoner i maskinens krossningskammare: grovslipningszonen, finslipningszonen och superfinslipningszonen. Genom dessa tre slipzoner uppn\u00e5s maximal brytning och krav p\u00e5 finhet och sl\u00e4thet.<\/p>    <h2 class=\"wp-block-heading\" id=\"h-fish-and-beef-bone-paste-grinding-machine-characteristics\">Fisk- och n\u00f6tk\u00f6ttsbenpastaegenskaper<\/h2>   <div class=\"wp-block-image\"> <figure class=\"aligncenter size-full\"><img loading=\"lazy\" decoding=\"async\" width=\"720\" height=\"540\" src=\"https:\/\/www.meatprocessingmachine.org\/wp-content\/uploads\/2020\/11\/bone-grinder-machine-1.jpg\" alt=\"ben-kross-maskin\" class=\"wp-image-33066\" title=\"\" srcset=\"https:\/\/www.meatprocessingmachine.org\/wp-content\/uploads\/2020\/11\/bone-grinder-machine-1.jpg 720w, https:\/\/www.meatprocessingmachine.org\/wp-content\/uploads\/2020\/11\/bone-grinder-machine-1-300x225.jpg 300w\" sizes=\"auto, (max-width: 720px) 100vw, 720px\" \/><figcaption class=\"wp-element-caption\">ben-kross-maskin<\/figcaption><\/figure> <\/div>   <ol style=\"list-style-type:1\" class=\"wp-block-list\"> <li>Benkrossmaskinen har vertikala, horisontella, split- och andra specifikationer, och maskinen har olika utg\u00e5ngar.<\/li>    <li>Maskinen best\u00e5r huvudsakligen av lock, sliphuvud, justeringshandtag, kylmekanism, motor och andra delar. Dess huvuddelar \u00e4r tillverkade av livsmedelsklassad rostfritt st\u00e5l, vilket \u00e4r korrosionsbest\u00e4ndigt, s\u00e4kert och effektivt.<\/li>    <li>Denna maskin kan anv\u00e4ndas inte bara f\u00f6r att g\u00f6ra benpasta utan ocks\u00e5 f\u00f6r att g\u00f6ra jordn\u00f6tssm\u00f6r, chilis\u00e5s, sojamj\u00f6lk och andra livsmedelsindustriprodukter. Den \u00e4r ocks\u00e5 allm\u00e4nt anv\u00e4nd inom dagligvaror, kemi, l\u00e4kemedelsindustrin och andra branscher. Beroende p\u00e5 materialets olika egenskaper kan du v\u00e4lja maskiner med olika specifikationer och modeller f\u00f6r produktion.<\/li>    <li>Benkrossmaskinen har egenskaper som kompakt struktur, vacker utseende, stabil prestanda och bekv\u00e4m drift.<\/li>    <li>Benpasta som produceras av denna maskin \u00e4r ett idealiskt fint material. Och man kan kontrollera finheten genom att justera justeringshandtaget och \u00f6ka antalet slipningar.<\/li>    <li>Slipplattan p\u00e5 benmj\u00f6lskrossen \u00e4r f\u00f6rst\u00e4rkt f\u00f6r att ge god korrosions- och slitagebest\u00e4ndighet.<\/li> <\/ol>    <h2 class=\"wp-block-heading\" id=\"h-precautions-of-fish-and-beef-bone-paste-grinding-machine\">F\u00f6rsiktighets\u00e5tg\u00e4rder f\u00f6r fisk- och n\u00f6tk\u00f6ttsbenpastaegensk\u00e4rning<\/h2>   <div class=\"wp-block-image\"> <figure class=\"aligncenter size-full\"><img loading=\"lazy\" decoding=\"async\" width=\"720\" height=\"540\" src=\"https:\/\/www.meatprocessingmachine.org\/wp-content\/uploads\/2020\/11\/bone-grinder-machine-1.png\" alt=\"benkrossmaskin\" class=\"wp-image-33072\" title=\"\" srcset=\"https:\/\/www.meatprocessingmachine.org\/wp-content\/uploads\/2020\/11\/bone-grinder-machine-1.png 720w, https:\/\/www.meatprocessingmachine.org\/wp-content\/uploads\/2020\/11\/bone-grinder-machine-1-300x225.png 300w\" sizes=\"auto, (max-width: 720px) 100vw, 720px\" \/><figcaption class=\"wp-element-caption\">benkrossmaskin<\/figcaption><\/figure> <\/div>   <ol style=\"list-style-type:1\" class=\"wp-block-list\"> <li>Du b\u00f6r installera benpastaegenskrossen p\u00e5 j\u00e4mn mark f\u00f6r att s\u00e4kerst\u00e4lla smidig drift.<\/li>    <li>Maskinen utf\u00f6r intelligent v\u00e5tbehandling och kan inte bearbeta torra fasta material.<\/li>    <li>Innan du anv\u00e4nder maskinen f\u00f6r krossning, kontrollera att skruvarna p\u00e5 varje del av maskinen \u00e4r \u00e5tdragna. Kontrollera ocks\u00e5 att rotorn \u00e4r i kontakt med statorn och inte fastnar.<\/li>    <li>&nbsp;Kontrollera om det finns n\u00e5gra f\u00f6roreningar i mataren och maskinen. N\u00e4r du placerar material b\u00f6r du kontrollera att materialet \u00e4r inom 1 mm. Det \u00e4r strikt f\u00f6rbjudet att l\u00e4gga in j\u00e4rn och h\u00e5rda partiklar i maskinen.<\/li>    <li>Anslut str\u00f6mf\u00f6rs\u00f6rjningen och kontrollera att rotorns rotationsriktning \u00e4r i enlighet med pilen p\u00e5 basen.<\/li>    <li>Efter att motorn startats, kontrollera om det finns onormaliteter som ljud.<\/li> <\/ol>    <h2 class=\"wp-block-heading\" id=\"h-how-to-adjust-the-bone-grinder-machine-gap\">Hur justerar man benkrossmaskinens gap?<\/h2>   <div class=\"wp-block-image\"> <figure class=\"aligncenter size-full\"><img loading=\"lazy\" decoding=\"async\" width=\"720\" height=\"540\" src=\"https:\/\/www.meatprocessingmachine.org\/wp-content\/uploads\/2020\/11\/beef-bone-paste-grinding-machinel.png\" alt=\" N\u00f6tk\u00f6ttsbenpastaegenskaper\" class=\"wp-image-33090\" title=\"\" srcset=\"https:\/\/www.meatprocessingmachine.org\/wp-content\/uploads\/2020\/11\/beef-bone-paste-grinding-machinel.png 720w, https:\/\/www.meatprocessingmachine.org\/wp-content\/uploads\/2020\/11\/beef-bone-paste-grinding-machinel-300x225.png 300w\" sizes=\"auto, (max-width: 720px) 100vw, 720px\" \/><figcaption class=\"wp-element-caption\"> N\u00f6tk\u00f6ttsbenpastaegenskaper<\/figcaption><\/figure> <\/div>   <p>Det kan finnas olika krav p\u00e5 finheten av den malda benpastan f\u00f6r olika kunder. Hur justerar man d\u00e5 benkrossmaskinen f\u00f6r att f\u00e5 \u00f6nskad finhet? Du kan justera justeringshandtaget f\u00f6r att justera finheten p\u00e5 den malda benmj\u00f6let. Vrid justeringshandtaget medurs, och gapet mellan stator och rotor blir mindre. Och malningens finhet blir finare. N\u00e4r du justerar handtaget, vrid det medurs. N\u00e4r du k\u00e4nner lite friktion, vrid det i motsatt riktning s\u00e5 att gapet mellan sliphuvudena \u00e4r st\u00f6rre \u00e4n 0. Efter att ha justerat finheten, dra \u00e5t handtaget p\u00e5 justeringsringen. F\u00f6r att m\u00f6ta kraven p\u00e5 bearbetningsfinhet, g\u00f6r gapet mellan slipplattorna s\u00e5 stort som m\u00f6jligt. Detta kan \u00f6ka livsl\u00e4ngden p\u00e5 sliphuvudet.<\/p>    <h2 class=\"wp-block-heading\">Kundfall av benkrossmaskin<\/h2>   <div class=\"wp-block-image\"> <figure class=\"aligncenter size-full\"><img loading=\"lazy\" decoding=\"async\" width=\"720\" height=\"540\" src=\"https:\/\/www.meatprocessingmachine.org\/wp-content\/uploads\/2020\/11\/bone-grinder-machine.png\" alt=\"ben-kross-maskin\" class=\"wp-image-33068\" title=\"\" srcset=\"https:\/\/www.meatprocessingmachine.org\/wp-content\/uploads\/2020\/11\/bone-grinder-machine.png 720w, https:\/\/www.meatprocessingmachine.org\/wp-content\/uploads\/2020\/11\/bone-grinder-machine-300x225.png 300w\" sizes=\"auto, (max-width: 720px) 100vw, 720px\" \/><figcaption class=\"wp-element-caption\">benkrossmaskin<\/figcaption><\/figure> <\/div>   <p><br>Vi skickade nyligen benkrossen och benkrossmaskinen till kunden. Kunden beh\u00f6ver bearbeta husdjursmat. R\u00e5varan \u00e4r fl\u00e4skben, men benen \u00e4r relativt stora, s\u00e5 de m\u00e5ste f\u00f6rst krossas, och sedan malas. Benen tills\u00e4tts i husdjursmat, vilket inte bara \u00f6kar aromen utan ger ocks\u00e5 rik n\u00e4ring.<\/p>    <h2 class=\"wp-block-heading\">Video av benkrossmaskin<\/h2>    <figure class=\"wp-block-embed aligncenter is-type-video is-provider-youtube wp-block-embed-youtube\"><div class=\"wp-block-embed__wrapper\"> <iframe loading=\"lazy\" title=\"Vilken maskin kan mala ben? | fisk- och n\u00f6tk\u00f6ttsbenkross f\u00f6r f\u00f6rs\u00e4ljning | benkrossmaskin\" width=\"500\" height=\"281\" src=\"https:\/\/www.youtube.com\/embed\/aJFLYTwqDF0?feature=oembed\" frameborder=\"0\" allow=\"accelerometer; autoplay; clipboard-write; encrypted-media; gyroscope; picture-in-picture; web-share\" referrerpolicy=\"strict-origin-when-cross-origin\" allowfullscreen><\/iframe> <\/div><figcaption class=\"wp-element-caption\">benkrossmaskin<\/figcaption><\/figure>","protected":false},"excerpt":{"rendered":"<p>Benkrossmaskinen \u00e4r vanligtvis kombinerad med en benkross f\u00f6r att krossa djurben och g\u00f6ra benmj\u00f6let.<\/p>","protected":false},"author":1,"featured_media":33067,"parent":0,"template":"","product-type":[594],"class_list":["post-899","product","type-product","status-publish","has-post-thumbnail","hentry","product-type-bone-processing-equipment"],"_links":{"self":[{"href":"https:\/\/www.meatprocessingmachine.org\/sv\/wp-json\/wp\/v2\/product\/899","targetHints":{"allow":["GET"]}}],"collection":[{"href":"https:\/\/www.meatprocessingmachine.org\/sv\/wp-json\/wp\/v2\/product"}],"about":[{"href":"https:\/\/www.meatprocessingmachine.org\/sv\/wp-json\/wp\/v2\/types\/product"}],"author":[{"embeddable":true,"href":"https:\/\/www.meatprocessingmachine.org\/sv\/wp-json\/wp\/v2\/users\/1"}],"wp:featuredmedia":[{"embeddable":true,"href":"https:\/\/www.meatprocessingmachine.org\/sv\/wp-json\/wp\/v2\/media\/33067"}],"wp:attachment":[{"href":"https:\/\/www.meatprocessingmachine.org\/sv\/wp-json\/wp\/v2\/media?parent=899"}],"wp:term":[{"taxonomy":"product-type","embeddable":true,"href":"https:\/\/www.meatprocessingmachine.org\/sv\/wp-json\/wp\/v2\/product-type?post=899"}],"curies":[{"name":"wp","href":"https:\/\/api.w.org\/{rel}","templated":true}]}}