{"id":925,"date":"2020-12-08T18:03:31","date_gmt":"2020-12-08T10:03:31","guid":{"rendered":"http:\/\/www.meatprocessingmachine.org\/?p=925"},"modified":"2024-06-20T15:56:25","modified_gmt":"2024-06-20T07:56:25","slug":"automatic-fish-scaler-machine-fish-scale-remover-machine","status":"publish","type":"product","link":"https:\/\/www.meatprocessingmachine.org\/sv\/automatic-fish-scaler-machine-fish-scale-remover-machine.html","title":{"rendered":"Fiskfj\u00e4llborttagare | Fiskskalare och in\u00e4lvsreng\u00f6ringsmaskin"},"content":{"rendered":"<div class=\"kk-star-ratings kksr-auto kksr-align-right kksr-valign-top\"     data-payload='{&quot;align&quot;:&quot;right&quot;,&quot;id&quot;:&quot;925&quot;,&quot;slug&quot;:&quot;default&quot;,&quot;valign&quot;:&quot;top&quot;,&quot;ignore&quot;:&quot;&quot;,&quot;reference&quot;:&quot;auto&quot;,&quot;class&quot;:&quot;&quot;,&quot;count&quot;:&quot;0&quot;,&quot;legendonly&quot;:&quot;&quot;,&quot;readonly&quot;:&quot;&quot;,&quot;score&quot;:&quot;0&quot;,&quot;starsonly&quot;:&quot;&quot;,&quot;best&quot;:&quot;5&quot;,&quot;gap&quot;:&quot;5&quot;,&quot;greet&quot;:&quot;Rate this product&quot;,&quot;legend&quot;:&quot;0\\\/5 - (0 votes)&quot;,&quot;size&quot;:&quot;24&quot;,&quot;title&quot;:&quot;Fish Scale Remover Machine | Fish Scaling and Gutting Machine&quot;,&quot;width&quot;:&quot;0&quot;,&quot;_legend&quot;:&quot;{score}\\\/{best} - ({count} {votes})&quot;,&quot;font_factor&quot;:&quot;1.25&quot;}'>              <div class=\"kksr-stars\">      <div class=\"kksr-stars-inactive\">             <div class=\"kksr-star\" data-star=\"1\" style=\"padding-right: 5px\">               <div class=\"kksr-icon\" style=\"width: 24px; height: 24px;\"><\/div>         <\/div>             <div class=\"kksr-star\" data-star=\"2\" style=\"padding-right: 5px\">               <div class=\"kksr-icon\" style=\"width: 24px; height: 24px;\"><\/div>         <\/div>             <div class=\"kksr-star\" data-star=\"3\" style=\"padding-right: 5px\">               <div class=\"kksr-icon\" style=\"width: 24px; height: 24px;\"><\/div>         <\/div>             <div class=\"kksr-star\" data-star=\"4\" style=\"padding-right: 5px\">               <div class=\"kksr-icon\" style=\"width: 24px; height: 24px;\"><\/div>         <\/div>             <div class=\"kksr-star\" data-star=\"5\" style=\"padding-right: 5px\">               <div class=\"kksr-icon\" style=\"width: 24px; height: 24px;\"><\/div>         <\/div>     <\/div>      <div class=\"kksr-stars-active\" style=\"width: 0px;\">             <div class=\"kksr-star\" style=\"padding-right: 5px\">               <div class=\"kksr-icon\" style=\"width: 24px; height: 24px;\"><\/div>         <\/div>             <div class=\"kksr-star\" style=\"padding-right: 5px\">               <div class=\"kksr-icon\" style=\"width: 24px; height: 24px;\"><\/div>         <\/div>             <div class=\"kksr-star\" style=\"padding-right: 5px\">               <div class=\"kksr-icon\" style=\"width: 24px; height: 24px;\"><\/div>         <\/div>             <div class=\"kksr-star\" style=\"padding-right: 5px\">               <div class=\"kksr-icon\" style=\"width: 24px; height: 24px;\"><\/div>         <\/div>             <div class=\"kksr-star\" style=\"padding-right: 5px\">               <div class=\"kksr-icon\" style=\"width: 24px; height: 24px;\"><\/div>         <\/div>     <\/div> <\/div>                   <div class=\"kksr-legend\" style=\"font-size: 19.2px;\">             <span class=\"kksr-muted\">Betygs\u00e4tt denna produkt<\/span>     <\/div>     <\/div>  <p class=\"translation-block\"><strong>Fiskeskalborttagningsmaskin<\/strong> \u00e4r ocks\u00e5 kallad fiskskalare. Den \u00e4r professionellt utformad och kan anv\u00e4ndas f\u00f6r att avl\u00e4gsna olika arter och storlekar av fiskfj\u00e4ll. Taizy fiskbearbetningsmaskinstillverkare tillhandah\u00e5ller tre typer av fiskeskalsmaskiner. En \u00e4r en automatisk skalmaskin, en annan \u00e4r en avskalmaskin s\u00e4rskilt f\u00f6r sm\u00e5 fiskar. Och en annan \u00e4r en fisk-sk\u00e5l och in\u00e4lvsborttagning maskin.<\/p>    <p>Dessa tre kommersiella fiskskalmaskiner kan utf\u00f6ra automatisk drift. Dessutom passar de f\u00f6r skalskalning av m\u00e5nga fiskarter. Dessutom kan vi anpassa maskinen efter kundernas behov.<\/p>    <h2 class=\"wp-block-heading\" id=\"h-fish-scale-remover-machine-video\">Fiskeskalsmaskinens arbetsvideo<\/h2>    <figure class=\"wp-block-embed is-type-video is-provider-youtube wp-block-embed-youtube\"><div class=\"wp-block-embed__wrapper\"> <iframe loading=\"lazy\" title=\"Automatisk fiskavskalningsmaskin, rensning och reng\u00f6ringsmaskin f\u00f6r sm\u00e5 och stora fiskar\" width=\"500\" height=\"281\" src=\"https:\/\/www.youtube.com\/embed\/q-hKcTKzklQ?feature=oembed\" frameborder=\"0\" allow=\"accelerometer; autoplay; clipboard-write; encrypted-media; gyroscope; picture-in-picture; web-share\" referrerpolicy=\"strict-origin-when-cross-origin\" allowfullscreen><\/iframe> <\/div><figcaption class=\"wp-element-caption\">Automatisk fiskavskalningsmaskin<\/figcaption><\/figure>    <h2 class=\"wp-block-heading\" id=\"h-type-1-automatic-fish-scaling-machine\">Typ 1: Automatisk fiskeskalningsmaskin<\/h2>    <p>Den automatiska fiskskalmaskinen tar i huvudsak bort fiskfj\u00e4ll genom att kontakta ullborsten med fj\u00e4llen. Den best\u00e5r huvudsakligen av en fiskinlopp, fiskutlopp, kontrollpanel, vatteninlopp och andra huvudstrukturer. Vid drift kopplas f\u00f6rst vattenr\u00f6ret till vatteninloppet. N\u00e4r reservmaskinen fylls med vatten, l\u00e4ggs fisken in i maskinen via fiskinloppet. <\/p>    <p>D\u00e4refter st\u00e4ngs locket och maskinen startas via kontrollpanelen. Borsten inuti fiskeskalmaskinen forts\u00e4tter att rotera f\u00f6r att avl\u00e4gsna fiskfj\u00e4ll. Efter att fj\u00e4llen avl\u00e4gsnats, st\u00e4ngs maskinen av och fiskutloppet \u00f6ppnas. Den avl\u00e4gsnade fisken avleds fr\u00e5n utloppet.<\/p>    <figure class=\"wp-block-image size-large\"><img loading=\"lazy\" decoding=\"async\" width=\"720\" height=\"540\" src=\"http:\/\/www.meatprocessingmachine.org\/wp-content\/uploads\/2020\/12\/automatic-fish-descale-machine.jpg\" alt=\"automatisk fiskavskrapningsmaskin\" class=\"wp-image-933\" title=\"\" srcset=\"https:\/\/www.meatprocessingmachine.org\/wp-content\/uploads\/2020\/12\/automatic-fish-descale-machine.jpg 720w, https:\/\/www.meatprocessingmachine.org\/wp-content\/uploads\/2020\/12\/automatic-fish-descale-machine-300x225.jpg 300w\" sizes=\"auto, (max-width: 720px) 100vw, 720px\" \/><figcaption class=\"wp-element-caption\">Automatisk fiskavskalningsmaskin<\/figcaption><\/figure>    <h3 class=\"wp-block-heading\" id=\"tw-target-text\">Detaljerade parametrar f\u00f6r den automatiska fiskeskalmaskinen<\/h3>    <figure class=\"wp-block-table\"><table><tbody><tr><td>Modell<\/td><td>Storlek<\/td><td>2000\u202fkg<\/td><\/tr><tr><td>TZ-350<\/td><td>0,8*0,4*0,44 m<\/td><td>0,75 kW<\/td><\/tr><tr><td>TZ-500<\/td><td>1,05*0,55*0,85 m<\/td><td>2,2 kW<\/td><\/tr><tr><td>TZ-700<\/td><td>1,25*0,55*0,85 m<\/td><td>2,2 kW<\/td><\/tr><tr><td>TZ-800<\/td><td>1,25*0,65*0,85 m<\/td><td>3,2 kW<\/td><\/tr><tr><td>TZ-1000<\/td><td>1,58*0,55*0,85 m<\/td><td>3,0 kW<\/td><\/tr><\/tbody><\/table><figcaption class=\"wp-element-caption\">automatisk fiskeskalmaskin till salu<\/figcaption><\/figure>    <p>Vi har fem modeller av automatiska fiskeskalmaskiner att v\u00e4lja mellan. Olika modeller har olika utg\u00e5ngar, storlekar och effekter.<\/p>    <h3 class=\"wp-block-heading\" id=\"h-advantages-of-the-machine\">F\u00f6rdelar med maskinen <\/h3>    <figure class=\"wp-block-image size-large\"><img loading=\"lazy\" decoding=\"async\" width=\"720\" height=\"540\" src=\"http:\/\/www.meatprocessingmachine.org\/wp-content\/uploads\/2020\/12\/fish-scaling-machine-structure.jpg\" alt=\"fish scaling machine structure\" class=\"wp-image-934\" title=\"\" srcset=\"https:\/\/www.meatprocessingmachine.org\/wp-content\/uploads\/2020\/12\/fish-scaling-machine-structure.jpg 720w, https:\/\/www.meatprocessingmachine.org\/wp-content\/uploads\/2020\/12\/fish-scaling-machine-structure-300x225.jpg 300w\" sizes=\"auto, (max-width: 720px) 100vw, 720px\" \/><figcaption class=\"wp-element-caption\">Fiskeskalmaskinstruktur<\/figcaption><\/figure>    <ol class=\"wp-block-list\" style=\"list-style-type:1\"> <li>Den kommersiella fiskskalmaskinen kan uppn\u00e5 effekten av reng\u00f6ring samtidigt som fj\u00e4ll avl\u00e4gsnas. Dess avl\u00e4gsnande \u00e4r uppenbart, och du kommer att f\u00e5 den slutliga rengjorda fisken.<\/li>    <li>Fiskrensningsmaskinens f\u00e4rg med ulltyg. Den har egenskaper som inget h\u00e5ravfall, ingen h\u00e5rlucka och inget brott vid h\u00f6g temperatur.<\/li>    <li>Dess h\u00f6lje \u00e4r helt i rostfritt st\u00e5l, och den styrs av en smart sk\u00e4rm. Den har egenskaper som l\u00e4tt att anv\u00e4nda och h\u00f6g arbetskapacitet<\/li>    <li>Den automatiska fiskborttagningsmaskinen har en timerfunktion, som kan st\u00e4lla in olika tider f\u00f6r att avl\u00e4gsna fj\u00e4ll beroende p\u00e5 olika fiskarter.<\/li>    <li> Den kommersiella fiskeskalmaskinen kommer inte att skada fiskkroppen, den kan uppn\u00e5 automatisk separation av fiskkropp och fiskfj\u00e4ll. De avl\u00e4gsnade fj\u00e4llen kan automatiskt \u00e5tervinnas.<\/li> <\/ol>    <h2 class=\"wp-block-heading\" id=\"h-type-2-small-fish-scale-machine\">Typ 2: Liten fiskeskalamaskin<\/h2>    <p><font style=\"vertical-align: inherit;\"><font style=\"vertical-align: inherit;\">Fiskskalmaskinen drivs huvudsakligen av en motor f\u00f6r att rotera maskinen kontinuerligt. Den best\u00e5r huvudsakligen av en femsidig sil. N\u00e4r fj\u00e4ll tas bort f\u00e5r motorn silen att forts\u00e4tta rotera och sm\u00e5fisk i n\u00e4tet roteras med silen. <\/font><\/font><\/p>    <p><font style=\"vertical-align: inherit;\"><font style=\"vertical-align: inherit;\">N\u00e4r den roterar kolliderar fisken i n\u00e4tet konstant med silen f\u00f6r att uppn\u00e5 effekten av att ta bort fiskfj\u00e4ll. De ers\u00e4ttta fj\u00e4llen byts ut genom silh\u00e5len under p\u00e5verkan av vatten. D\u00e4rf\u00f6r kan anv\u00e4ndningen av denna sm\u00e5skalsmaskin avl\u00e4gsna fj\u00e4ll och fisken kan deskalas helt. Och f\u00e5 rena fiskar.<\/font><\/font><\/p>    <figure class=\"wp-block-image size-large\"><img loading=\"lazy\" decoding=\"async\" width=\"720\" height=\"540\" src=\"http:\/\/www.meatprocessingmachine.org\/wp-content\/uploads\/2020\/12\/small-fish-scale-remover-machine.jpg\" alt=\"liten fiskavskalningsmaskin\" class=\"wp-image-936\" title=\"\" srcset=\"https:\/\/www.meatprocessingmachine.org\/wp-content\/uploads\/2020\/12\/small-fish-scale-remover-machine.jpg 720w, https:\/\/www.meatprocessingmachine.org\/wp-content\/uploads\/2020\/12\/small-fish-scale-remover-machine-300x225.jpg 300w\" sizes=\"auto, (max-width: 720px) 100vw, 720px\" \/><figcaption class=\"wp-element-caption\">Liten fiskfj\u00e4llborttagarmaskin<\/figcaption><\/figure>    <h2 class=\"wp-block-heading\" id=\"h-type-3-fish-scaling-and-gutting-machine\">Typ 3: Fiskeskalning och in\u00e4lvsborttagning<\/h2>    <p>Till skillnad fr\u00e5n de tv\u00e5 tidigare maskinerna som \u00e4r avsedda f\u00f6r att ta bort fiskfj\u00e4ll, kan denna fiskskalning och in\u00e4lvsborttagning-maskin ta bort fj\u00e4ll och in\u00e4lvor samtidigt. Den kan uppn\u00e5 ovan n\u00e4mnda tv\u00e5 funktioner, men kan endast till\u00e4mpas p\u00e5 en fisk i taget. J\u00e4mf\u00f6rt med de ovan n\u00e4mnda fiskeskalmaskiner har den liten kapacitet f\u00f6r skalning.<\/p>    <figure class=\"wp-block-image size-large\"><img loading=\"lazy\" decoding=\"async\" width=\"720\" height=\"540\" src=\"http:\/\/www.meatprocessingmachine.org\/wp-content\/uploads\/2020\/12\/fish-scaling-and-gutting-machine.jpg\" alt=\"fiskavskalning och rensningsmaskin\" class=\"wp-image-937\" title=\"\" srcset=\"https:\/\/www.meatprocessingmachine.org\/wp-content\/uploads\/2020\/12\/fish-scaling-and-gutting-machine.jpg 720w, https:\/\/www.meatprocessingmachine.org\/wp-content\/uploads\/2020\/12\/fish-scaling-and-gutting-machine-300x225.jpg 300w\" sizes=\"auto, (max-width: 720px) 100vw, 720px\" \/><figcaption class=\"wp-element-caption\">Fiskavskalning och rensning av inre organ<\/figcaption><\/figure>    <h3 class=\"wp-block-heading\" id=\"h-type3-machine-introduction\"> Fiskeskalning och in\u00e4lvsborttagningsmaskin introduktion<\/h3>    <p class=\"translation-block\">Maskinen integrerar funktionerna att avl\u00e4gsna fj\u00e4ll, \u00f6ppna fiskmagar, ta bort inre organ och reng\u00f6ra fisken. Den kan bearbeta r\u00e5 fisk, karp, tilapia, havsabborre och andra fiskarter. Kontrollpanelen p\u00e5 fiskeskalmaskinen kan justera operationsdjupet. <\/p>    <p>Fisk som bearbetas av denna maskin kan avl\u00e4gsna rena fiskfj\u00e4ll utan att skada fiskens hud och fenor. Samtidigt som fj\u00e4ll skrapas bort kan in\u00e4lvor avl\u00e4gsnas snyggt utan att skada fiskens gallg\u00e5ng. Den anv\u00e4nds i livsmedelsbutiker, skolor, grillbutiker, hot pot-st\u00e4llen och andra platser och har h\u00f6g effektivitet.<\/p>    <h3 class=\"wp-block-heading\">Funktioner hos den omfattande fiskbehandlingsmaskinen<\/h3>    <ol class=\"wp-block-list\" style=\"list-style-type:1\"> <li>Maskinen har kraftfulla funktioner, den kan uppn\u00e5 funktioner som att avl\u00e4gsna fj\u00e4ll, \u00f6ppna, ta bort inre organ och reng\u00f6ra. Att avl\u00e4gsna fj\u00e4ll och inre organ \u00e4r bra, och kommer inte att skada huden och fenorna.<\/li>    <li>Hela fiskeskalsmaskinen tillverkas av rostfritt st\u00e5l, vilket uppfyller livsmedelss\u00e4kerhets- och sanit\u00e4ra standarder.<\/li>    <li>Den anv\u00e4nder en intelligent sk\u00e4rmstyrning, som k\u00e4nnetecknas av enkel anv\u00e4ndning, s\u00e4kerhet och tillf\u00f6rlitlighet samt stabil prestanda.<\/li>    <li>Den kan behandla alla slags fiskar, och vi kan anpassa maskinen efter kunders behov.<strong>&nbsp;<\/strong><\/li> <\/ol>    <h3 class=\"wp-block-heading\" id=\"h-machine-parameters\">Fiskeskalsborttagningsmaskinparametrar<\/h3>    <figure class=\"wp-block-table\"><table><tbody><tr><td><strong>Modell<\/strong><strong><\/strong><\/td><td><strong>C<\/strong><strong>kapacitet <\/strong><strong><\/strong><\/td><td><strong>S<\/strong><strong>ize <\/strong><strong><\/strong><\/td><td><strong>A<\/strong><strong>Till\u00e4mpad fiskomf\u00e5ng<\/strong><strong><\/strong><\/td><td><strong>W<\/strong><strong>\u00e5tta <\/strong><strong><\/strong><\/td><td><strong>C<\/strong><strong>anpassad <\/strong><strong><\/strong><\/td><\/tr><tr><td>TZ-2000<\/td><td>400-500 kg\/h&nbsp;<strong><\/strong><\/td><td>1000x500x700 mm&nbsp;<strong><\/strong><\/td><td>0,4-4 kg<\/td><td>140 kg<\/td><td>Ja <\/td><\/tr><\/tbody><\/table><figcaption class=\"wp-element-caption\">fiskavskalning och rensningsmaskin<\/figcaption><\/figure>    <h2 class=\"wp-block-heading\" id=\"h-precautious-of-using-fish-scale-machine\">F\u00f6rsiktighets\u00e5tg\u00e4rder vid anv\u00e4ndning av fiskeskalsmaskin<\/h2>    <ol class=\"wp-block-list\" style=\"list-style-type:1\"> <li>Det \u00e4r str\u00e4ngt f\u00f6rbjudet med l\u00e5ngvarig varvtalsl\u00f6s drift.<\/li>    <li>Sm\u00f6rj regelbundet v\u00e4xlar, kedjor och fj\u00e4drar.<\/li>    <li>It is strictly forbidden to reach into the fish&#8217;s mouth when the machine is working.<\/li>    <li>Maskinens interna struktur \u00e4r komplicerad, v\u00e4nligen demontera den inte privat.<\/li> <\/ol>    <h2 class=\"wp-block-heading\">Olika fiskbearbetningsmaskiner till salu<\/h2>    <p class=\"translation-block\">P\u00e5 Taizy Meat Processing Machinery har vi inte bara olika stilar av fiskeskalsmaskiner till salu. Vi har ocks\u00e5 industriell <a href=\"https:\/\/www.meatprocessingmachine.org\/sv\/fish-drying-machine-hot-air-circulation-drying-machine.html\/\">fisk torkningsmaskin<\/a>, <a href=\"https:\/\/www.meatprocessingmachine.org\/sv\/fish-debone-machine-fish-meat-and-bone-separator-machine.html\/\">fiskbenmaskin<\/a>, <a href=\"https:\/\/www.meatprocessingmachine.org\/sv\/fish-fillet-machine-fish-slicing-machine.html\/\">fiskfil\u00e9maskin<\/a>, etc. Om du \u00e4r intresserad, tveka inte att kontakta oss.<\/p>    <div class=\"wp-block-columns is-layout-flex wp-container-core-columns-is-layout-9d6595d7 wp-block-columns-is-layout-flex\"> <div class=\"wp-block-column is-layout-flow wp-block-column-is-layout-flow\"> <figure class=\"wp-block-image size-full\"><img loading=\"lazy\" decoding=\"async\" width=\"720\" height=\"540\" src=\"https:\/\/www.meatprocessingmachine.org\/wp-content\/uploads\/2021\/07\/industrial-fish-drying-machine-1.jpg\" alt=\"industriell fisktorkmaskin\" class=\"wp-image-1505\" title=\"\" srcset=\"https:\/\/www.meatprocessingmachine.org\/wp-content\/uploads\/2021\/07\/industrial-fish-drying-machine-1.jpg 720w, https:\/\/www.meatprocessingmachine.org\/wp-content\/uploads\/2021\/07\/industrial-fish-drying-machine-1-300x225.jpg 300w\" sizes=\"auto, (max-width: 720px) 100vw, 720px\" \/><figcaption class=\"wp-element-caption\">Industrifisk torkningsmaskin<\/figcaption><\/figure> <\/div>    <div class=\"wp-block-column is-layout-flow wp-block-column-is-layout-flow\"> <figure class=\"wp-block-image size-full\"><img loading=\"lazy\" decoding=\"async\" width=\"720\" height=\"540\" src=\"https:\/\/www.meatprocessingmachine.org\/wp-content\/uploads\/2020\/12\/fish-deboning-machines-1.webp\" alt=\"fiskbenmaskiner\" class=\"wp-image-34181\" title=\"\" srcset=\"https:\/\/www.meatprocessingmachine.org\/wp-content\/uploads\/2020\/12\/fish-deboning-machines-1.webp 720w, https:\/\/www.meatprocessingmachine.org\/wp-content\/uploads\/2020\/12\/fish-deboning-machines-1-300x225.webp 300w\" sizes=\"auto, (max-width: 720px) 100vw, 720px\" \/><figcaption class=\"wp-element-caption\">Fiskurbeningsmaskiner<\/figcaption><\/figure> <\/div>    <div class=\"wp-block-column is-layout-flow wp-block-column-is-layout-flow\"> <figure class=\"wp-block-image size-full\"><img loading=\"lazy\" decoding=\"async\" width=\"720\" height=\"540\" src=\"https:\/\/www.meatprocessingmachine.org\/wp-content\/uploads\/2020\/12\/fish-fillet-cutting-machine.jpg\" alt=\"fiskfil\u00e9-sk\u00e4rmaskin\" class=\"wp-image-947\" title=\"\" srcset=\"https:\/\/www.meatprocessingmachine.org\/wp-content\/uploads\/2020\/12\/fish-fillet-cutting-machine.jpg 720w, https:\/\/www.meatprocessingmachine.org\/wp-content\/uploads\/2020\/12\/fish-fillet-cutting-machine-300x225.jpg 300w\" sizes=\"auto, (max-width: 720px) 100vw, 720px\" \/><figcaption class=\"wp-element-caption\">Fiskfil\u00e9-sk\u00e4rmaskin<\/figcaption><\/figure> <\/div> <\/div>","protected":false},"excerpt":{"rendered":"<p>The fish scaler machine is suitable for scaling various fish scales. It can achieve continuous, automatic, large-volume fish scale removal.<\/p>","protected":false},"author":1,"featured_media":932,"parent":0,"template":"","product-type":[584],"class_list":["post-925","product","type-product","status-publish","has-post-thumbnail","hentry","product-type-fish"],"_links":{"self":[{"href":"https:\/\/www.meatprocessingmachine.org\/sv\/wp-json\/wp\/v2\/product\/925","targetHints":{"allow":["GET"]}}],"collection":[{"href":"https:\/\/www.meatprocessingmachine.org\/sv\/wp-json\/wp\/v2\/product"}],"about":[{"href":"https:\/\/www.meatprocessingmachine.org\/sv\/wp-json\/wp\/v2\/types\/product"}],"author":[{"embeddable":true,"href":"https:\/\/www.meatprocessingmachine.org\/sv\/wp-json\/wp\/v2\/users\/1"}],"wp:featuredmedia":[{"embeddable":true,"href":"https:\/\/www.meatprocessingmachine.org\/sv\/wp-json\/wp\/v2\/media\/932"}],"wp:attachment":[{"href":"https:\/\/www.meatprocessingmachine.org\/sv\/wp-json\/wp\/v2\/media?parent=925"}],"wp:term":[{"taxonomy":"product-type","embeddable":true,"href":"https:\/\/www.meatprocessingmachine.org\/sv\/wp-json\/wp\/v2\/product-type?post=925"}],"curies":[{"name":"wp","href":"https:\/\/api.w.org\/{rel}","templated":true}]}}