{"id":96,"date":"2018-10-25T06:12:43","date_gmt":"2018-10-24T22:12:43","guid":{"rendered":"http:\/\/www.meatprocessingmachine.org\/?p=96"},"modified":"2024-06-17T10:13:32","modified_gmt":"2024-06-17T02:13:32","slug":"frozen-meat-grinder","status":"publish","type":"product","link":"https:\/\/www.meatprocessingmachine.org\/sv\/frozen-meat-grinder.html","title":{"rendered":"Fryst k\u00f6ttkvarn | K\u00f6ttkvarn"},"content":{"rendered":"<div class=\"kk-star-ratings kksr-auto kksr-align-right kksr-valign-top\"     data-payload='{&quot;align&quot;:&quot;right&quot;,&quot;id&quot;:&quot;96&quot;,&quot;slug&quot;:&quot;default&quot;,&quot;valign&quot;:&quot;top&quot;,&quot;ignore&quot;:&quot;&quot;,&quot;reference&quot;:&quot;auto&quot;,&quot;class&quot;:&quot;&quot;,&quot;count&quot;:&quot;0&quot;,&quot;legendonly&quot;:&quot;&quot;,&quot;readonly&quot;:&quot;&quot;,&quot;score&quot;:&quot;0&quot;,&quot;starsonly&quot;:&quot;&quot;,&quot;best&quot;:&quot;5&quot;,&quot;gap&quot;:&quot;5&quot;,&quot;greet&quot;:&quot;Rate this product&quot;,&quot;legend&quot;:&quot;0\\\/5 - (0 votes)&quot;,&quot;size&quot;:&quot;24&quot;,&quot;title&quot;:&quot;Frozen Meat Grinder | Meat Mincer&quot;,&quot;width&quot;:&quot;0&quot;,&quot;_legend&quot;:&quot;{score}\\\/{best} - ({count} {votes})&quot;,&quot;font_factor&quot;:&quot;1.25&quot;}'>              <div class=\"kksr-stars\">      <div class=\"kksr-stars-inactive\">             <div class=\"kksr-star\" data-star=\"1\" style=\"padding-right: 5px\">               <div class=\"kksr-icon\" style=\"width: 24px; height: 24px;\"><\/div>         <\/div>             <div class=\"kksr-star\" data-star=\"2\" style=\"padding-right: 5px\">               <div class=\"kksr-icon\" style=\"width: 24px; height: 24px;\"><\/div>         <\/div>             <div class=\"kksr-star\" data-star=\"3\" style=\"padding-right: 5px\">               <div class=\"kksr-icon\" style=\"width: 24px; height: 24px;\"><\/div>         <\/div>             <div class=\"kksr-star\" data-star=\"4\" style=\"padding-right: 5px\">               <div class=\"kksr-icon\" style=\"width: 24px; height: 24px;\"><\/div>         <\/div>             <div class=\"kksr-star\" data-star=\"5\" style=\"padding-right: 5px\">               <div class=\"kksr-icon\" style=\"width: 24px; height: 24px;\"><\/div>         <\/div>     <\/div>      <div class=\"kksr-stars-active\" style=\"width: 0px;\">             <div class=\"kksr-star\" style=\"padding-right: 5px\">               <div class=\"kksr-icon\" style=\"width: 24px; height: 24px;\"><\/div>         <\/div>             <div class=\"kksr-star\" style=\"padding-right: 5px\">               <div class=\"kksr-icon\" style=\"width: 24px; height: 24px;\"><\/div>         <\/div>             <div class=\"kksr-star\" style=\"padding-right: 5px\">               <div class=\"kksr-icon\" style=\"width: 24px; height: 24px;\"><\/div>         <\/div>             <div class=\"kksr-star\" style=\"padding-right: 5px\">               <div class=\"kksr-icon\" style=\"width: 24px; height: 24px;\"><\/div>         <\/div>             <div class=\"kksr-star\" style=\"padding-right: 5px\">               <div class=\"kksr-icon\" style=\"width: 24px; height: 24px;\"><\/div>         <\/div>     <\/div> <\/div>                   <div class=\"kksr-legend\" style=\"font-size: 19.2px;\">             <span class=\"kksr-muted\">Betygs\u00e4tt denna produkt<\/span>     <\/div>     <\/div>  <p>Taizy fryst k\u00f6ttkvarn \u00e4r en maskin som sk\u00e4r det frysta k\u00f6ttet direkt f\u00f6r att bilda en pur\u00e9. I k\u00f6ttbearbetningsf\u00f6retag bearbetas r\u00e5k\u00f6ttet till granul\u00e4rt k\u00f6tt med olika specifikationer enligt olika processkrav. Det beh\u00f6ver inte tinas under bearbetningen, vilket s\u00e4kerst\u00e4ller k\u00f6ttets kvalitet. <\/p>    <figure class=\"wp-block-image is-resized alignnone wp-image-1969\"><img loading=\"lazy\" decoding=\"async\" width=\"750\" height=\"750\" src=\"https:\/\/www.meatprocessingmachine.org\/wp-content\/uploads\/2018\/10\/Frozen-Meat-Grinder.jpg\" alt=\"Fryst k\u00f6ttkvarn\" class=\"wp-image-1969\" style=\"object-fit:cover;width:720px;height:540px\" title=\"\" srcset=\"https:\/\/www.meatprocessingmachine.org\/wp-content\/uploads\/2018\/10\/Frozen-Meat-Grinder.jpg 750w, https:\/\/www.meatprocessingmachine.org\/wp-content\/uploads\/2018\/10\/Frozen-Meat-Grinder-300x300.jpg 300w, https:\/\/www.meatprocessingmachine.org\/wp-content\/uploads\/2018\/10\/Frozen-Meat-Grinder-150x150.jpg 150w\" sizes=\"auto, (max-width: 750px) 100vw, 750px\" \/><figcaption class=\"wp-element-caption\">Fryst k\u00f6ttkvarn<\/figcaption><\/figure>    <p>Men k\u00f6ttet som kan bearbetas av den frysta k\u00f6ttkvarnen har ocks\u00e5 vissa krav. Temperaturen p\u00e5 fryst k\u00f6tt b\u00f6r vara runt -5\u00b0C till -18\u00b0C. K\u00f6ttet f\u00e5r inte vara f\u00f6r stort, och det kan anv\u00e4ndas i k\u00f6ttbearbetningsanl\u00e4ggningar och livsmedelsproducenter. Producerar korv, k\u00f6ttbullar och andra livsmedel.<\/p>    <h2 class=\"wp-block-heading\">Arbetsvideovisning<\/h2>    <figure class=\"wp-block-embed is-type-video is-provider-youtube wp-block-embed-youtube\"><div class=\"wp-block-embed__wrapper\"> <iframe loading=\"lazy\" title=\"Fryst k\u00f6ttkvarn | fryst k\u00f6ttkross | Fryst k\u00f6ttkvarn | Kommersiell k\u00f6ttkvarn\" width=\"500\" height=\"281\" src=\"https:\/\/www.youtube.com\/embed\/zeO2cgZV7ZI?feature=oembed\" frameborder=\"0\" allow=\"accelerometer; autoplay; clipboard-write; encrypted-media; gyroscope; picture-in-picture; web-share\" referrerpolicy=\"strict-origin-when-cross-origin\" allowfullscreen><\/iframe> <\/div><figcaption class=\"wp-element-caption\"> Arbetsvideovisning <\/figcaption><\/figure>    <h2 class=\"wp-block-heading\" id=\"h-the-advantages-of-frozen-meat-grinder\">F\u00f6rdelarna med fryst k\u00f6ttkvarn <\/h2>    <ul class=\"wp-block-list\"> <li>Dess yta \u00e4r mestadels tillverkad av rostfritt st\u00e5l, vilket uppfyller hygienstandarder, utan f\u00f6rorening av bearbetningsmaterial.<\/li>    <li>Verktyget har utm\u00e4rkt slitagebest\u00e4ndighet och l\u00e5ng livsl\u00e4ngd.<\/li>    <li>L\u00e4tt att anv\u00e4nda, demontera, montera och reng\u00f6ra, ett brett utbud av bearbetningsprodukter, och material kan bearbetas f\u00f6r att beh\u00e5lla sina ursprungliga n\u00e4rings\u00e4mnen och bra f\u00e4rskhetseffekt.<\/li>    <li>Verktyget kan justeras eller bytas ut enligt faktiska anv\u00e4ndningskrav.<\/li>    <li>Fryst k\u00f6ttkvarn \u00e4r den n\u00f6dv\u00e4ndiga utrustningen f\u00f6r k\u00f6ttbearbetning, den kan mala det frysta k\u00f6ttet direkt f\u00f6r att f\u00e5 olika former av k\u00f6tt. Den skadar inte k\u00f6ttfibrerna.<\/li>    <li>Den roterande plattan roteras av skruven f\u00f6r att g\u00f6ra h\u00e5lsiktet och k\u00f6ttkvarnen relativt stabil, vilket s\u00e4kerst\u00e4ller k\u00f6ttets j\u00e4mnhet. Olika typer av k\u00f6ttfyllningar kan uppn\u00e5s genom olika h\u00e5lsiktssammans\u00e4ttningar.<\/li>    <li>Det korta sk\u00e4rningstiden och l\u00e5ga temperaturen i sk\u00e4rprocessen \u00e4r bra f\u00f6r f\u00e4rskhet och f\u00f6rl\u00e4nger h\u00e5llbarheten.<\/li> <\/ul>   <div class=\"wp-block-image\"> <figure class=\"aligncenter size-full\"><img loading=\"lazy\" decoding=\"async\" width=\"720\" height=\"540\" src=\"https:\/\/www.meatprocessingmachine.org\/wp-content\/uploads\/2021\/10\/Frozen-meat-grinder-machine-2.jpg\" alt=\"fryst k\u00f6ttkvarn\" class=\"wp-image-2234\" title=\"\" srcset=\"https:\/\/www.meatprocessingmachine.org\/wp-content\/uploads\/2021\/10\/Frozen-meat-grinder-machine-2.jpg 720w, https:\/\/www.meatprocessingmachine.org\/wp-content\/uploads\/2021\/10\/Frozen-meat-grinder-machine-2-300x225.jpg 300w\" sizes=\"auto, (max-width: 720px) 100vw, 720px\" \/><figcaption class=\"wp-element-caption\">fryst k\u00f6ttkvarn<\/figcaption><\/figure> <\/div>   <h2 class=\"wp-block-heading\">Behovet av fryst k\u00f6ttkvarn<\/h2>    <p>F\u00f6r det f\u00f6rsta kommer temperaturen att stiga n\u00e5got under k\u00f6ttbearbetningen. Om f\u00e4rskt k\u00f6tt anv\u00e4nds direkt kan k\u00f6ttkvaliteten p\u00e5verkas efter att k\u00f6ttkvarnen har bearbetat. Dessutom \u00e4r anv\u00e4ndningen av fryst k\u00f6ttkvarn relativt skarp, och tiden f\u00f6r att mala k\u00f6ttet \u00e4r kort, vilket \u00e4r gynnsamt f\u00f6r k\u00f6ttets bevarande.<\/p>    <h2 class=\"wp-block-heading src grammarSection\">Anv\u00e4ndning av fryst k\u00f6ttkvarn<\/h2>    <p class=\"src grammarSection translation-block\"><span class=\"transSent\" data-group=\"0-0\">Anv\u00e4nds i olika <a href=\"https:\/\/en.wikipedia.org\/wiki\/Sausage\" target=\"_blank\" rel=\"noopener\">korv<\/a>, skinka, lunchk\u00f6tt, k\u00f6ttbullar, salta smaker, husdjursmat och andra k\u00f6ttprodukter i stor skala. Alla typer av fryst k\u00f6tt, f\u00e4rskt k\u00f6tt, kycklingskelett, ankben, grishud, ko-hud, kycklingskinn, fisk, frukt, gr\u00f6nsaker och s\u00e5 vidare.<\/span><\/p>   <div class=\"wp-block-image wp-image-1981\"> <figure class=\"aligncenter size-full\"><img loading=\"lazy\" decoding=\"async\" width=\"720\" height=\"540\" src=\"https:\/\/www.meatprocessingmachine.org\/wp-content\/uploads\/2018\/10\/grozen-meat-grinding-machine.webp\" alt=\"fryst k\u00f6ttkvarn\" class=\"wp-image-34431\" title=\"\" srcset=\"https:\/\/www.meatprocessingmachine.org\/wp-content\/uploads\/2018\/10\/grozen-meat-grinding-machine.webp 720w, https:\/\/www.meatprocessingmachine.org\/wp-content\/uploads\/2018\/10\/grozen-meat-grinding-machine-300x225.webp 300w, https:\/\/www.meatprocessingmachine.org\/wp-content\/uploads\/2018\/10\/grozen-meat-grinding-machine-16x12.webp 16w\" sizes=\"auto, (max-width: 720px) 100vw, 720px\" \/><figcaption class=\"wp-element-caption\">fryst k\u00f6ttkvarn<\/figcaption><\/figure> <\/div>   <h2 class=\"wp-block-heading\">Arbetsprincip f\u00f6r k\u00f6ttkvarn<\/h2>    <p>Principen f\u00f6r k\u00f6ttkvarnen \u00e4r att skjuta k\u00f6ttet till sk\u00e4rkniven genom skruvtryckstaven. F\u00f6r att b\u00e4ttre hantera h\u00e5rdare k\u00f6tt och minska skador p\u00e5 maskinen, har den frysta k\u00f6ttsk\u00e4raren en relativt fin inst\u00e4llning. F\u00f6rst f\u00f6rsk\u00e4rs k\u00f6ttet, sedan finsk\u00e4rs det och slutligen passerar det genom h\u00e5lsiktet. Maskinen fungerar enligt principen om extrusion, och skruvtryckstaven avl\u00e4gsnar kontinuerligt mycket sm\u00e5 k\u00f6ttbitar fr\u00e5n maskinen.<\/p>    <figure class=\"wp-block-gallery has-nested-images columns-default is-cropped wp-block-gallery-2 is-layout-flex wp-block-gallery-is-layout-flex\"> <figure class=\"wp-block-image size-large\"><img loading=\"lazy\" decoding=\"async\" width=\"540\" height=\"720\" data-id=\"34433\" src=\"https:\/\/www.meatprocessingmachine.org\/wp-content\/uploads\/2018\/10\/accessories.jpg\" alt=\"accessories\" class=\"wp-image-34433\" title=\"\" srcset=\"https:\/\/www.meatprocessingmachine.org\/wp-content\/uploads\/2018\/10\/accessories.jpg 540w, https:\/\/www.meatprocessingmachine.org\/wp-content\/uploads\/2018\/10\/accessories-225x300.jpg 225w, https:\/\/www.meatprocessingmachine.org\/wp-content\/uploads\/2018\/10\/accessories-9x12.jpg 9w\" sizes=\"auto, (max-width: 540px) 100vw, 540px\" \/><figcaption class=\"wp-element-caption\">Tillbeh\u00f6r<\/figcaption><\/figure>    <figure class=\"wp-block-image size-large\"><img loading=\"lazy\" decoding=\"async\" width=\"540\" height=\"720\" data-id=\"34434\" src=\"https:\/\/www.meatprocessingmachine.org\/wp-content\/uploads\/2018\/10\/interior-structure.jpg\" alt=\"interior structure\" class=\"wp-image-34434\" title=\"\" srcset=\"https:\/\/www.meatprocessingmachine.org\/wp-content\/uploads\/2018\/10\/interior-structure.jpg 540w, https:\/\/www.meatprocessingmachine.org\/wp-content\/uploads\/2018\/10\/interior-structure-225x300.jpg 225w, https:\/\/www.meatprocessingmachine.org\/wp-content\/uploads\/2018\/10\/interior-structure-9x12.jpg 9w\" sizes=\"auto, (max-width: 540px) 100vw, 540px\" \/><figcaption class=\"wp-element-caption\">Interi\u00f6rstruktur<\/figcaption><\/figure>    <figure class=\"wp-block-image size-large\"><img loading=\"lazy\" decoding=\"async\" width=\"540\" height=\"720\" data-id=\"34435\" src=\"https:\/\/www.meatprocessingmachine.org\/wp-content\/uploads\/2018\/10\/machine-parts.jpg\" alt=\"machine parts\" class=\"wp-image-34435\" title=\"\" srcset=\"https:\/\/www.meatprocessingmachine.org\/wp-content\/uploads\/2018\/10\/machine-parts.jpg 540w, https:\/\/www.meatprocessingmachine.org\/wp-content\/uploads\/2018\/10\/machine-parts-225x300.jpg 225w, https:\/\/www.meatprocessingmachine.org\/wp-content\/uploads\/2018\/10\/machine-parts-9x12.jpg 9w\" sizes=\"auto, (max-width: 540px) 100vw, 540px\" \/><figcaption class=\"wp-element-caption\">Maskindelar<\/figcaption><\/figure> <\/figure>    <h2 class=\"wp-block-heading\" id=\"h-machine-structure\">Struktur f\u00f6r fryst k\u00f6ttkvarn<\/h2>    <p>&nbsp;1. Ram 2. Reamer 3. K\u00f6ttutpressningsmall 4. Skruvlock 5. Korncylinder 6. Vridgaller 7. H\u00f6g 8. Reducer 9. Stor remskiva 10. Motor 11. Triangelb\u00e4lte 12. Liten remskiva.<\/p>    <h2 class=\"wp-block-heading\" id=\"h-technical-parameter-of-commercial-meat-grinder\">Tekniska parametrar f\u00f6r kommersiell k\u00f6ttkvarn<\/h2>    <figure class=\"wp-block-table\"><table><tbody><tr><td>TYP<\/td><td>SL-100<\/td><td>SL-120<\/td><td>SL-160<\/td><td>SL-200<\/td><td>SL-250<\/td><\/tr><tr><td>Kapacitet (kg\/h)<\/td><td>500kg\/h<\/td><td>1500kg\/h<\/td><td>2000-3000kg\/h<\/td><td>3000-5000kg\/h<\/td><td>1t-5t<\/td><\/tr><tr><td>Effekt(kW)<\/td><td>5.5<\/td><td>7.5<\/td><td>15<\/td><td>22<\/td><td>37<\/td><\/tr><tr><td>Vikt(kg)<\/td><td>182<\/td><td>358<\/td><td>1200<\/td><td>1860<\/td><td>\/<\/td><\/tr><tr><td>Dimension(mm)<\/td><td>980*550*900<\/td><td>960*550*1080<\/td><td>1630*1100*1450<\/td><td>1780*1000*1580<\/td><td>1962*1106*1620<\/td><\/tr><\/tbody><\/table><figcaption class=\"wp-element-caption\">kommersiell k\u00f6ttkvarn parameter<\/figcaption><\/figure>    <p>V\u00e5r kommersiella frysta k\u00f6ttkvarn kan producera upp till 5 ton\/h. 5 popul\u00e4ra modeller f\u00f6r dig att v\u00e4lja mellan. Om du har n\u00e5gra andra fr\u00e5gor om denna maskin, tveka inte att kontakta oss s\u00e5 \u00e5terkommer vi s\u00e5 snart som m\u00f6jligt.<\/p>    <h2 class=\"wp-block-heading\" id=\"h-model-selection\">Val av fryst k\u00f6ttkvarnmodell<\/h2>    <p>Om ditt k\u00f6tt och produktion \u00e4r liten kan du v\u00e4lja SL-100 eller SL-120, om ditt k\u00f6tt och produktion \u00e4r stor b\u00f6r du v\u00e4lja SL-160, SL-200 eller SL-250.<\/p>   <div class=\"wp-block-image\"> <figure class=\"aligncenter size-full is-resized\"><img loading=\"lazy\" decoding=\"async\" width=\"800\" height=\"600\" src=\"https:\/\/www.meatprocessingmachine.org\/wp-content\/uploads\/2021\/09\/Frozen-Meat-Grinder-5.jpg\" alt=\"\" class=\"wp-image-1980\" style=\"width:720px;height:540px\" title=\"\" srcset=\"https:\/\/www.meatprocessingmachine.org\/wp-content\/uploads\/2021\/09\/Frozen-Meat-Grinder-5.jpg 800w, https:\/\/www.meatprocessingmachine.org\/wp-content\/uploads\/2021\/09\/Frozen-Meat-Grinder-5-300x225.jpg 300w, https:\/\/www.meatprocessingmachine.org\/wp-content\/uploads\/2021\/09\/Frozen-Meat-Grinder-5-768x576.jpg 768w\" sizes=\"auto, (max-width: 800px) 100vw, 800px\" \/><figcaption class=\"wp-element-caption\">Fryst k\u00f6ttkvarn<\/figcaption><\/figure> <\/div>   <h2 class=\"wp-block-heading\">Hantera r\u00e5varor f\u00f6re kvarnen<\/h2>    <p>Den frysta k\u00f6ttkvarnen kan bearbeta det frysta k\u00f6ttet fr\u00e5n en temperatur p\u00e5 -5\u00b0C till -18\u00b0C. Det kan vara l\u00e4tt fruset med r\u00e5varorna under anv\u00e4ndning, och det b\u00f6r placeras i frysfacket i kylsk\u00e5pet, inte i kylsk\u00e5pets kylfack. Detta beror p\u00e5 att k\u00f6ttet blir mer spr\u00f6tt efter en kort frysningsperiod, separerar mjukare och fastnar inte. <\/p>    <p class=\"translation-block\">Det \u00e4r v\u00e4rt att notera att det b\u00f6r fryses i sm\u00e5 bitar under frysningen. Om de frysta k\u00f6ttbitarna \u00e4r relativt stora, beh\u00f6ver de absorberas av en <a href=\"https:\/\/www.meatprocessingmachine.org\/sv\/frozen-meat-cutting-machine.html\/\">k\u00f6ttkrossmaskin<\/a> f\u00f6r krossning.<\/p>    <h2 class=\"wp-block-heading\">Fryst k\u00f6ttkvarn operation steg<\/h2>   <div class=\"wp-block-image\"> <figure class=\"aligncenter size-full is-resized\"><img loading=\"lazy\" decoding=\"async\" width=\"627\" height=\"520\" src=\"https:\/\/www.meatprocessingmachine.org\/wp-content\/uploads\/2021\/09\/Frozen-Meat-Grinder-Operate-step.png\" alt=\"Operate\u00a0step\" class=\"wp-image-1968\" style=\"width:720px;height:540px\" title=\"\" srcset=\"https:\/\/www.meatprocessingmachine.org\/wp-content\/uploads\/2021\/09\/Frozen-Meat-Grinder-Operate-step.png 627w, https:\/\/www.meatprocessingmachine.org\/wp-content\/uploads\/2021\/09\/Frozen-Meat-Grinder-Operate-step-300x249.png 300w\" sizes=\"auto, (max-width: 627px) 100vw, 627px\" \/><figcaption class=\"wp-element-caption\"> Operera steg <\/figcaption><\/figure> <\/div>   <ol class=\"wp-block-list\" style=\"list-style-type:1\"> <li>Efter att ha anslutit trefasstr\u00f6m, tryck p\u00e5 \"start\".<\/li>    <li>Efter att maskinen har anv\u00e4nts upp \/ N\u00e4r ett fel uppst\u00e5r, tryck p\u00e5 \"stop\".<\/li>    <li>N\u00e4r materialet \u00e4r blockerat och maskinen inte kan avl\u00e4gsna, tryck p\u00e5 \"omv\u00e4nd\"<\/li> <\/ol>","protected":false},"excerpt":{"rendered":"<p>The frozen meat grinder is a machine that cuts the frozen meat directly to form a puree. In the meat processing enterprises in the production process,the raw meat is processed into granular meat with different specifications according to different process requirements.It does not need to be thawed during the processing process, which ensures the quality of the meat. However, the meat that can be processed by the frozen meat grinder also has certain requirements. The temperature of frozen meat should be around -5\u00b0C&#8211;18\u00b0C. The meat should not be too large, and it can be used in meat processing plants and food manufacturers. . Produce sausages, meatballs and other foods.<\/p>","protected":false},"author":1,"featured_media":1869,"parent":0,"template":"","product-type":[590],"class_list":["post-96","product","type-product","status-publish","has-post-thumbnail","hentry","product-type-meat-grinding-machine"],"_links":{"self":[{"href":"https:\/\/www.meatprocessingmachine.org\/sv\/wp-json\/wp\/v2\/product\/96","targetHints":{"allow":["GET"]}}],"collection":[{"href":"https:\/\/www.meatprocessingmachine.org\/sv\/wp-json\/wp\/v2\/product"}],"about":[{"href":"https:\/\/www.meatprocessingmachine.org\/sv\/wp-json\/wp\/v2\/types\/product"}],"author":[{"embeddable":true,"href":"https:\/\/www.meatprocessingmachine.org\/sv\/wp-json\/wp\/v2\/users\/1"}],"wp:featuredmedia":[{"embeddable":true,"href":"https:\/\/www.meatprocessingmachine.org\/sv\/wp-json\/wp\/v2\/media\/1869"}],"wp:attachment":[{"href":"https:\/\/www.meatprocessingmachine.org\/sv\/wp-json\/wp\/v2\/media?parent=96"}],"wp:term":[{"taxonomy":"product-type","embeddable":true,"href":"https:\/\/www.meatprocessingmachine.org\/sv\/wp-json\/wp\/v2\/product-type?post=96"}],"curies":[{"name":"wp","href":"https:\/\/api.w.org\/{rel}","templated":true}]}}