{"id":973,"date":"2020-12-24T11:01:34","date_gmt":"2020-12-24T03:01:34","guid":{"rendered":"http:\/\/www.meatprocessingmachine.org\/?p=973"},"modified":"2023-02-17T11:33:28","modified_gmt":"2023-02-17T03:33:28","slug":"fish-debone-machine-fish-meat-and-bone-separator-machine","status":"publish","type":"product","link":"https:\/\/www.meatprocessingmachine.org\/sv\/fish-debone-machine-fish-meat-and-bone-separator-machine.html","title":{"rendered":"Fiskbenavl\u00e4gsnare | fiskk\u00f6tt- och benseparator"},"content":{"rendered":"<div class=\"kk-star-ratings kksr-auto kksr-align-right kksr-valign-top\"     data-payload='{&quot;align&quot;:&quot;right&quot;,&quot;id&quot;:&quot;973&quot;,&quot;slug&quot;:&quot;default&quot;,&quot;valign&quot;:&quot;top&quot;,&quot;ignore&quot;:&quot;&quot;,&quot;reference&quot;:&quot;auto&quot;,&quot;class&quot;:&quot;&quot;,&quot;count&quot;:&quot;0&quot;,&quot;legendonly&quot;:&quot;&quot;,&quot;readonly&quot;:&quot;&quot;,&quot;score&quot;:&quot;0&quot;,&quot;starsonly&quot;:&quot;&quot;,&quot;best&quot;:&quot;5&quot;,&quot;gap&quot;:&quot;5&quot;,&quot;greet&quot;:&quot;Rate this product&quot;,&quot;legend&quot;:&quot;0\\\/5 - (0 votes)&quot;,&quot;size&quot;:&quot;24&quot;,&quot;title&quot;:&quot;Fish debone machine | fish meat and bone separator machine&quot;,&quot;width&quot;:&quot;0&quot;,&quot;_legend&quot;:&quot;{score}\\\/{best} - ({count} {votes})&quot;,&quot;font_factor&quot;:&quot;1.25&quot;}'>              <div class=\"kksr-stars\">      <div class=\"kksr-stars-inactive\">             <div class=\"kksr-star\" data-star=\"1\" style=\"padding-right: 5px\">               <div class=\"kksr-icon\" style=\"width: 24px; height: 24px;\"><\/div>         <\/div>             <div class=\"kksr-star\" data-star=\"2\" style=\"padding-right: 5px\">               <div class=\"kksr-icon\" style=\"width: 24px; height: 24px;\"><\/div>         <\/div>             <div class=\"kksr-star\" data-star=\"3\" style=\"padding-right: 5px\">               <div class=\"kksr-icon\" style=\"width: 24px; height: 24px;\"><\/div>         <\/div>             <div class=\"kksr-star\" data-star=\"4\" style=\"padding-right: 5px\">               <div class=\"kksr-icon\" style=\"width: 24px; height: 24px;\"><\/div>         <\/div>             <div class=\"kksr-star\" data-star=\"5\" style=\"padding-right: 5px\">               <div class=\"kksr-icon\" style=\"width: 24px; height: 24px;\"><\/div>         <\/div>     <\/div>      <div class=\"kksr-stars-active\" style=\"width: 0px;\">             <div class=\"kksr-star\" style=\"padding-right: 5px\">               <div class=\"kksr-icon\" style=\"width: 24px; height: 24px;\"><\/div>         <\/div>             <div class=\"kksr-star\" style=\"padding-right: 5px\">               <div class=\"kksr-icon\" style=\"width: 24px; height: 24px;\"><\/div>         <\/div>             <div class=\"kksr-star\" style=\"padding-right: 5px\">               <div class=\"kksr-icon\" style=\"width: 24px; height: 24px;\"><\/div>         <\/div>             <div class=\"kksr-star\" style=\"padding-right: 5px\">               <div class=\"kksr-icon\" style=\"width: 24px; height: 24px;\"><\/div>         <\/div>             <div class=\"kksr-star\" style=\"padding-right: 5px\">               <div class=\"kksr-icon\" style=\"width: 24px; height: 24px;\"><\/div>         <\/div>     <\/div> <\/div>                   <div class=\"kksr-legend\" style=\"font-size: 19.2px;\">             <span class=\"kksr-muted\">Betygs\u00e4tt denna produkt<\/span>     <\/div>     <\/div>  <p><font style=\"vertical-align: inherit;\"><font style=\"vertical-align: inherit;\">Fiskurbeningsmaskin kallas ocks\u00e5 f\u00f6r fiskk\u00f6tt<\/font><\/font> och benseparator. Den anv\u00e4nds huvudsakligen f\u00f6r att separera fiskben och k\u00f6tt. Fiskbenborttagningsmaskinen \u00e4r ocks\u00e5 l\u00e4mplig f\u00f6r havsfisk, s\u00f6tvattensfisk och annat fiskk\u00f6tt. Den kan helt separera fiskk\u00f6tt, ben, hud och fisksenor. Fiskk\u00f6ttsextraktorn har en h\u00f6g utnyttjandegrad av fiskk\u00f6tt. Det separerade fiskk\u00f6ttet kan direkt anv\u00e4ndas f\u00f6r att g\u00f6ra fiskbollar, fisktofu, fiskdumplings,<font style=\"vertical-align: inherit;\"><font style=\"vertical-align: inherit;\"> och andra produkter.<\/font><\/font><\/p>    <h2 class=\"wp-block-heading\" id=\"h-applied-raw-materials\"><font style=\"vertical-align: inherit;\"><font style=\"vertical-align: inherit;\">Till\u00e4mpade r\u00e5varor<\/font><\/font><\/h2>    <p id=\"block-faa0b421-9fab-472c-ba8d-ba13de7f642f\">Fiskurbeningsmaskinen har ett brett anv\u00e4ndningsomr\u00e5de. Den \u00e4r inte bara l\u00e4mplig f\u00f6r att ta bort fiskben, utan ocks\u00e5 f\u00f6r att samla krabbor, alla typer av fisk och r\u00e4ksmet. Det insamlade fiskk\u00f6ttet kan direkt anv\u00e4ndas f\u00f6r att g\u00f6ra olika k\u00f6ttprodukter.<\/p>    <figure class=\"wp-block-image size-large\"><img loading=\"lazy\" decoding=\"async\" width=\"720\" height=\"540\" src=\"http:\/\/www.meatprocessingmachine.org\/wp-content\/uploads\/2020\/12\/fish-debone-machine-final-product.jpg\" alt=\"fish debone machine final product\" class=\"wp-image-998\" title=\"\" srcset=\"https:\/\/www.meatprocessingmachine.org\/wp-content\/uploads\/2020\/12\/fish-debone-machine-final-product.jpg 720w, https:\/\/www.meatprocessingmachine.org\/wp-content\/uploads\/2020\/12\/fish-debone-machine-final-product-300x225.jpg 300w\" sizes=\"auto, (max-width: 720px) 100vw, 720px\" \/><figcaption class=\"wp-element-caption\"><font style=\"vertical-align: inherit;\"><font style=\"vertical-align: inherit;\">slutprodukt<\/font><\/font><\/figcaption><\/figure>    <h2 class=\"wp-block-heading\" id=\"h-the-structure-of-the-fishbone-machine\"><font style=\"vertical-align: inherit;\"><font style=\"vertical-align: inherit;\">Strukturen av <\/font><\/font>fiskbenmaskin<\/h2>    <p><font style=\"vertical-align: inherit;\"><font style=\"vertical-align: inherit;\">Fiskbenet<\/font><\/font> borttagningsmaskinen best\u00e5r av en motor, en skrapa, en transmissionsanordning, ett transportband, en inlopp, en utlopp, en rulle,<font style=\"vertical-align: inherit;\"><font style=\"vertical-align: inherit;\"> och andra enheter.<\/font><\/font><\/p>    <ul class=\"wp-block-list\" type=\"1\"> <li> <font style=\"vertical-align: inherit;\"><font style=\"vertical-align: inherit;\">Vattenintag. Hela fisken g\u00e5r in i urbeningsmaskinen fr\u00e5n vatteninloppet.<\/font><\/font><\/li>    <li>K\u00f6ttf\u00e4rsutlopp. Det separerade fiskk\u00f6ttet kommer ut fr\u00e5n detta k\u00f6ttf\u00e4rsutlopp.<\/li>    <li>Fiskbenutlopp. Efter att ha separerat k\u00f6tt och ben kommer fiskbenet ut fr\u00e5n en annan utlopp, det kallas fiskbenutloppet.<\/li>    <li>Rulle. Trumman p\u00e5 fiskurbeningsmaskinen \u00e4r en viktig enhet f\u00f6r att separera fiskben och fiskk\u00f6tt. Det finns j\u00e4mnt f\u00f6rdelade och enhetliga sikt h\u00e5l p\u00e5 trumman. Efter den kontinuerliga rullningen av trumman g\u00e5r fiskk\u00f6ttet in i de sm\u00e5 h\u00e5len i trumman. Sedan kommer det ut fr\u00e5n k\u00f6ttf\u00e4rsutloppet. Fiskbenen separeras fr\u00e5n k\u00f6ttet och kommer ut fr\u00e5n trumman under rullens verkan.<\/li>    <li>Transmission. Transmissionsanordningen f\u00f6r fiskurbeningsmaskinen styr huvudsakligen driften av hela maskinen.                   <\/li> <\/ul>    <figure class=\"wp-block-image size-large\"><img loading=\"lazy\" decoding=\"async\" width=\"720\" height=\"540\" src=\"http:\/\/www.meatprocessingmachine.org\/wp-content\/uploads\/2020\/12\/fish-meat-and-bone-seperator-machine-structure.jpg\" alt=\"fish meat and bone seperator machine structure\" class=\"wp-image-999\" title=\"\" srcset=\"https:\/\/www.meatprocessingmachine.org\/wp-content\/uploads\/2020\/12\/fish-meat-and-bone-seperator-machine-structure.jpg 720w, https:\/\/www.meatprocessingmachine.org\/wp-content\/uploads\/2020\/12\/fish-meat-and-bone-seperator-machine-structure-300x225.jpg 300w\" sizes=\"auto, (max-width: 720px) 100vw, 720px\" \/><figcaption class=\"wp-element-caption\">Struktur f\u00f6r fiskk\u00f6tt- och benseparatormaskin<\/figcaption><\/figure>    <h2 class=\"wp-block-heading\" id=\"h-fish-meat-picking-machine-video\">Video om fiskk\u00f6ttplockningsmaskin<\/h2>    <figure class=\"wp-block-embed aligncenter is-type-video is-provider-youtube wp-block-embed-youtube\"><div class=\"wp-block-embed__wrapper\"> <iframe loading=\"lazy\" title=\"Kommersiell fiskk\u00f6ttbenseparatormaskin, fiskurbeningsmaskin, fiskbenborttagningsmaskin\" width=\"500\" height=\"281\" src=\"https:\/\/www.youtube.com\/embed\/tY_yZX__F60?start=1&#038;feature=oembed\" frameborder=\"0\" allow=\"accelerometer; autoplay; clipboard-write; encrypted-media; gyroscope; picture-in-picture; web-share\" referrerpolicy=\"strict-origin-when-cross-origin\" allowfullscreen><\/iframe> <\/div><figcaption class=\"wp-element-caption\"> Video om fiskk\u00f6ttplockningsmaskin <\/figcaption><\/figure>    <h2 class=\"wp-block-heading\" id=\"h-fish-meat-bone-separator-machine-working-principle\">Arbetsprincip f\u00f6r fiskk\u00f6ttbenseparatormaskin<\/h2>    <figure class=\"wp-block-gallery has-nested-images columns-default is-cropped wp-block-gallery-2 is-layout-flex wp-block-gallery-is-layout-flex\"> <figure class=\"wp-block-image size-large\"><img loading=\"lazy\" decoding=\"async\" width=\"720\" height=\"540\" data-id=\"1840\" src=\"https:\/\/www.meatprocessingmachine.org\/wp-content\/uploads\/2020\/12\/fish-debone-machine-4.png\" alt=\"\" class=\"wp-image-1840\" title=\"\" srcset=\"https:\/\/www.meatprocessingmachine.org\/wp-content\/uploads\/2020\/12\/fish-debone-machine-4.png 720w, https:\/\/www.meatprocessingmachine.org\/wp-content\/uploads\/2020\/12\/fish-debone-machine-4-300x225.png 300w\" sizes=\"auto, (max-width: 720px) 100vw, 720px\" \/><figcaption class=\"wp-element-caption\">Fiskurbeningsmaskin<\/figcaption><\/figure>    <figure class=\"wp-block-image size-large\"><img loading=\"lazy\" decoding=\"async\" width=\"720\" height=\"720\" data-id=\"1841\" src=\"https:\/\/www.meatprocessingmachine.org\/wp-content\/uploads\/2020\/12\/lADPD2eDQswFnUHNBDjNBDg_1080_1080.jpg_720x720q90g.jpg\" alt=\"\" class=\"wp-image-1841\" title=\"\" srcset=\"https:\/\/www.meatprocessingmachine.org\/wp-content\/uploads\/2020\/12\/lADPD2eDQswFnUHNBDjNBDg_1080_1080.jpg_720x720q90g.jpg 720w, https:\/\/www.meatprocessingmachine.org\/wp-content\/uploads\/2020\/12\/lADPD2eDQswFnUHNBDjNBDg_1080_1080.jpg_720x720q90g-300x300.jpg 300w, https:\/\/www.meatprocessingmachine.org\/wp-content\/uploads\/2020\/12\/lADPD2eDQswFnUHNBDjNBDg_1080_1080.jpg_720x720q90g-150x150.jpg 150w\" sizes=\"auto, (max-width: 720px) 100vw, 720px\" \/><figcaption class=\"wp-element-caption\">Fiskurbeningsmaskin<\/figcaption><\/figure> <\/figure>    <p>Fiskk\u00f6ttbenseparatormaskinen \u00e4r utrustad med en k\u00f6ttplockningsfat och ett gummiband f\u00f6r k\u00f6ttpressning. Den anv\u00e4nder huvudsakligen den \u00f6msesidiga pressningsr\u00f6relsen mellan den rullande k\u00f6ttplockningsfatet och den transmissionsgummibandet f\u00f6r att pressa fisken in i k\u00f6ttplockningstrumman. Medan den pressar fiskk\u00f6ttet in i trumman l\u00e4mnar den skinnet och benen utanf\u00f6r k\u00f6ttplockningsbeh\u00e5llaren. Skrapan p\u00e5 fiskk\u00f6tt- och benseparatormaskinen transporterar fiskbenen tillsammans med trummans r\u00f6relse. Siktet p\u00e5 trumman av fiskurbeningsmaskinen \u00e4r mycket litet, det kan helt separera fiskk\u00f6tt och fiskben. Detta kommer att \u00f6ka anv\u00e4ndningsv\u00e4rdet av fiskk\u00f6tt avsev\u00e4rt.<\/p>    <h2 class=\"wp-block-heading\" id=\"h-how-to-use-fish-bone-remover-machine-to-collect-fish-meat\">Hur man anv\u00e4nder en fiskbenborttagningsmaskin f\u00f6r att samla fiskk\u00f6tt<\/h2>    <figure class=\"wp-block-image size-full\"><img loading=\"lazy\" decoding=\"async\" width=\"720\" height=\"540\" src=\"https:\/\/www.meatprocessingmachine.org\/wp-content\/uploads\/2021\/08\/fish-deboning-machine.jpg\" alt=\" fiskbenborttagningsmaskin \" class=\"wp-image-1760\" title=\"\" srcset=\"https:\/\/www.meatprocessingmachine.org\/wp-content\/uploads\/2021\/08\/fish-deboning-machine.jpg 720w, https:\/\/www.meatprocessingmachine.org\/wp-content\/uploads\/2021\/08\/fish-deboning-machine-300x225.jpg 300w\" sizes=\"auto, (max-width: 720px) 100vw, 720px\" \/><figcaption class=\"wp-element-caption\">  Fiskbenborttagningsmaskin  <\/figcaption><\/figure>    <p>F\u00f6rst b\u00f6r du manuellt ta bort fiskhuvudet och inre organ. Om den bearbetade fiskstorleken \u00e4r f\u00f6r stor, sk\u00e4r f\u00f6rst fisken i h\u00e4lften och tv\u00e4tta fisken. L\u00e4gg sedan fisken i trakten f\u00f6r att plocka fiskk\u00f6tt. N\u00e4r du placerar fisken, placera den plockade k\u00f6ttsidan upp\u00e5t. Efter att ha placerat fisken i trakten kommer fisken att g\u00e5 in i trumman och separeras fr\u00e5n fiskbenen under transport\u00f6rens verkan.<\/p>    <h2 class=\"wp-block-heading\">Fiskurbeningsmaskinens parametrar<\/h2>    <figure class=\"wp-block-table\"><table><tbody><tr><td>Modell<\/td><td>TZ-150<\/td><td>TZ-200<\/td><td>TZ-300<\/td><td>TZ-350<\/td><\/tr><tr><td>Sp\u00e4nning<\/td><td>220v\/380v<\/td><td>220v\/380v<\/td><td>220v\/380v<\/td><td>380v<\/td><\/tr><tr><td>2000\u202fkg<\/td><td>3kw\/2.2kw<\/td><td>3kw\/2.2kw<\/td><td>3kw\/2.2kw<\/td><td>4kw<\/td><\/tr><tr><td>Avkastning<\/td><td>180kg\/h<\/td><td>280kg\/h<\/td><td>500kg\/h<\/td><td>1000kg\/h<\/td><\/tr><tr><td>Material<\/td><td>SUS304<\/td><td>SUS304<\/td><td>SUS304<\/td><td>SUS304<\/td><\/tr><tr><td>Beltl\u00e4ngd<\/td><td>1195mm<\/td><td>1450mm<\/td><td>1450mm<\/td><td>1450mm<\/td><\/tr><tr><td>Beltjocklek<\/td><td>20mm<\/td><td>20mm<\/td><td>20mm<\/td><td>20mm<\/td><\/tr><tr><td>Beltbredd<\/td><td>155mm<\/td><td>205mm<\/td><td>305mm<\/td><td>355mm<\/td><\/tr><tr><td>Trumdiameter<\/td><td>159mm<\/td><td>219mm<\/td><td>219mm<\/td><td>219mm<\/td><\/tr><tr><td>Trumtjocklek<\/td><td>6mm<\/td><td>8mm<\/td><td>8mm<\/td><td>8mm<\/td><\/tr><tr><td>N\u00e4tdiameter<\/td><td>2.7(kan anpassas)<\/td><td>2.7(kan anpassas)<\/td><td>2.7(kan anpassas)<\/td><td>2.7(kan anpassas)<\/td><\/tr><tr><td>Totalvikt<\/td><td>180kg<\/td><td>210kg<\/td><td>360kg<\/td><td>450kg<\/td><\/tr><tr><td>Reducermodell<\/td><td>Xw3-17<\/td><td>Xw3-17<\/td><td>Xw3-17<\/td><td>Xw3-17<\/td><\/tr><tr><td>V\u00e4xelantal<\/td><td>1:17<\/td><td>1:17<\/td><td>1:17<\/td><td>1:17<\/td><\/tr><tr><td>\u00d6vergripande dimensioner<\/td><td>900*680*850<\/td><td>950*720*950<\/td><td>1050*750*970<\/td><td>1200*900*1100<\/td><\/tr><\/tbody><\/table><\/figure>    <h2 class=\"wp-block-heading\" id=\"h-precautions-when-using-fish-debone-machine\">F\u00f6rsiktighets\u00e5tg\u00e4rder vid anv\u00e4ndning av fiskurbeningsmaskin<\/h2>    <figure class=\"wp-block-gallery has-nested-images columns-0 is-cropped wp-block-gallery-3 is-layout-flex wp-block-gallery-is-layout-flex\"> <figure class=\"wp-block-image size-large\"><a href=\"https:\/\/www.meatprocessingmachine.org\/wp-content\/uploads\/2020\/12\/fish-debone-Work-presentation-2.png\"><img loading=\"lazy\" decoding=\"async\" width=\"720\" height=\"540\" data-id=\"1824\" src=\"https:\/\/www.meatprocessingmachine.org\/wp-content\/uploads\/2020\/12\/fish-debone-Work-presentation-2.png\" alt=\"\" class=\"wp-image-1824\" title=\"\" srcset=\"https:\/\/www.meatprocessingmachine.org\/wp-content\/uploads\/2020\/12\/fish-debone-Work-presentation-2.png 720w, https:\/\/www.meatprocessingmachine.org\/wp-content\/uploads\/2020\/12\/fish-debone-Work-presentation-2-300x225.png 300w\" sizes=\"auto, (max-width: 720px) 100vw, 720px\" \/><\/a><figcaption class=\"wp-element-caption\">Fiskurbeningsarbete <\/figcaption><\/figure>    <figure class=\"wp-block-image size-large\"><a href=\"https:\/\/www.meatprocessingmachine.org\/wp-content\/uploads\/2020\/12\/fish-debone-Work-presentation.png\"><img loading=\"lazy\" decoding=\"async\" width=\"720\" height=\"540\" data-id=\"1825\" src=\"https:\/\/www.meatprocessingmachine.org\/wp-content\/uploads\/2020\/12\/fish-debone-Work-presentation.png\" alt=\"\" class=\"wp-image-1825\" title=\"\" srcset=\"https:\/\/www.meatprocessingmachine.org\/wp-content\/uploads\/2020\/12\/fish-debone-Work-presentation.png 720w, https:\/\/www.meatprocessingmachine.org\/wp-content\/uploads\/2020\/12\/fish-debone-Work-presentation-300x225.png 300w\" sizes=\"auto, (max-width: 720px) 100vw, 720px\" \/><\/a><figcaption class=\"wp-element-caption\">Fiskurbeningsarbete <\/figcaption><\/figure> <\/figure>    <p>1. Kontrollera om trycket p\u00e5 tryckregulatorn \u00e4r korrekt innan du startar maskinen. Om trycket \u00e4r korrekt, k\u00f6r maskinen p\u00e5 tomg\u00e5ng i en halv minut. D\u00e5 kan du l\u00e4gga den skurna fisken i maskinen f\u00f6r urbening.<\/p>    <p>2. N\u00e4r fiskurbeningsmaskinen k\u00f6rs \u00e4r det str\u00e4ngt f\u00f6rbjudet att str\u00e4cka ut h\u00e4nderna och andra skr\u00e4p i matningsinloppet.<\/p>    <p>4. Efter att ha plockat k\u00f6tt b\u00f6r du st\u00e4nga av str\u00f6mmen i tid och st\u00e4da fisken p\u00e5 trumman.<\/p>    <p><font style=\"vertical-align: inherit;\"><font style=\"vertical-align: inherit;\">5. Innan du demonterar k\u00f6ttsk\u00f6rdartrumman b\u00f6r trycket justeras till den l\u00e4gsta punkten. Vid demontering, lossa fj\u00e4dern och skrapan. Anv\u00e4nd sedan en j\u00e4rnst\u00e5ng f\u00f6r att s\u00e4tta in den i de tv\u00e5 h\u00e5len p\u00e5 k\u00f6ttplockningsr\u00f6ret, och tvinga plattan att vrida sig moturs och dra den ut\u00e5t.<\/font><\/font><\/p>    <p><font style=\"vertical-align: inherit;\"><font style=\"vertical-align: inherit;\">6. Innan du startar, sm\u00f6rj varje glidande del. Om du inte anv\u00e4nder maskinen under en l\u00e4ngre tid, v\u00e4nligen l\u00e5t den vara stilla i 1 minut varje halv m\u00e5nad f\u00f6r att f\u00f6rhindra att maskindelarna rostar.<\/font><\/font>.<\/p>    <h2 class=\"wp-block-heading\" id=\"tw-target-text\">Fiskurbeningsmaskinen \u00e4r en hj\u00e4lpare vid borttagning av ben<\/h2>    <figure class=\"wp-block-gallery has-nested-images columns-default is-cropped wp-block-gallery-4 is-layout-flex wp-block-gallery-is-layout-flex\"> <figure class=\"wp-block-image size-large\"><img loading=\"lazy\" decoding=\"async\" width=\"720\" height=\"540\" data-id=\"1828\" src=\"https:\/\/www.meatprocessingmachine.org\/wp-content\/uploads\/2020\/12\/fish-debone-Factory-inventory1-2.png\" alt=\"fish debone Factory inventory\" class=\"wp-image-1828\" title=\"\" srcset=\"https:\/\/www.meatprocessingmachine.org\/wp-content\/uploads\/2020\/12\/fish-debone-Factory-inventory1-2.png 720w, https:\/\/www.meatprocessingmachine.org\/wp-content\/uploads\/2020\/12\/fish-debone-Factory-inventory1-2-300x225.png 300w\" sizes=\"auto, (max-width: 720px) 100vw, 720px\" \/><figcaption class=\"wp-element-caption\">Fiskurbeningsfabriksinventering<\/figcaption><\/figure>    <figure class=\"wp-block-image size-large\"><img loading=\"lazy\" decoding=\"async\" width=\"720\" height=\"540\" data-id=\"1829\" src=\"https:\/\/www.meatprocessingmachine.org\/wp-content\/uploads\/2020\/12\/fish-debone-Factory-inventory-2-1.png\" alt=\"\" class=\"wp-image-1829\" title=\"\" srcset=\"https:\/\/www.meatprocessingmachine.org\/wp-content\/uploads\/2020\/12\/fish-debone-Factory-inventory-2-1.png 720w, https:\/\/www.meatprocessingmachine.org\/wp-content\/uploads\/2020\/12\/fish-debone-Factory-inventory-2-1-300x225.png 300w\" sizes=\"auto, (max-width: 720px) 100vw, 720px\" \/><figcaption class=\"wp-element-caption\">Fiskurbeningsfabriksinventering<\/figcaption><\/figure>    <figure class=\"wp-block-image size-large\"><img loading=\"lazy\" decoding=\"async\" width=\"720\" height=\"540\" data-id=\"1830\" src=\"https:\/\/www.meatprocessingmachine.org\/wp-content\/uploads\/2020\/12\/fish-debone-Factory-inventory-3-1.png\" alt=\"\" class=\"wp-image-1830\" title=\"\" srcset=\"https:\/\/www.meatprocessingmachine.org\/wp-content\/uploads\/2020\/12\/fish-debone-Factory-inventory-3-1.png 720w, https:\/\/www.meatprocessingmachine.org\/wp-content\/uploads\/2020\/12\/fish-debone-Factory-inventory-3-1-300x225.png 300w\" sizes=\"auto, (max-width: 720px) 100vw, 720px\" \/><figcaption class=\"wp-element-caption\">Fiskurbeningsfabriksinventering<\/figcaption><\/figure>    <figure class=\"wp-block-image size-large\"><img loading=\"lazy\" decoding=\"async\" width=\"720\" height=\"540\" data-id=\"1831\" src=\"https:\/\/www.meatprocessingmachine.org\/wp-content\/uploads\/2020\/12\/fish-debone-Factory-inventory-4-1.png\" alt=\"\" class=\"wp-image-1831\" title=\"\" srcset=\"https:\/\/www.meatprocessingmachine.org\/wp-content\/uploads\/2020\/12\/fish-debone-Factory-inventory-4-1.png 720w, https:\/\/www.meatprocessingmachine.org\/wp-content\/uploads\/2020\/12\/fish-debone-Factory-inventory-4-1-300x225.png 300w\" sizes=\"auto, (max-width: 720px) 100vw, 720px\" \/><figcaption class=\"wp-element-caption\">Fiskurbeningsfabriksinventering<\/figcaption><\/figure> <\/figure>    <p><font style=\"vertical-align: inherit;\"><font style=\"vertical-align: inherit;\">Vad vi oroar oss mest f\u00f6r med denna maskin \u00e4r hur effektivt borttagandet av fiskbenet \u00e4r<\/font><\/font>. Will the fish meat that is taken still retain the bones? We also know that there are many thorns in fish meat and they are irregular, so it is difficult to separate them manually. We can only use machines to complete this task. For the effect of the machine, we can see from the structure the machine. Don&#8217;t worry, it depends on the internal structure of the machine. The small holes of its drum are very small, which can separate the fish meat, fish bones,<font style=\"vertical-align: inherit;\"><font style=\"vertical-align: inherit;\"> och fiskhud effektivt och snabbt.<\/font><\/font><\/p>    <h2 class=\"wp-block-heading\" id=\"h-machines-related-to-fish-deboning-machines\"><font style=\"vertical-align: inherit;\"><font style=\"vertical-align: inherit;\"><br>Maskiner relaterade till <\/font><\/font>fiskbenmaskin<\/h2>    <figure class=\"wp-block-gallery has-nested-images columns-default is-cropped wp-block-gallery-5 is-layout-flex wp-block-gallery-is-layout-flex\"> <figure class=\"wp-block-image size-large\"><img loading=\"lazy\" decoding=\"async\" width=\"720\" height=\"540\" data-id=\"34180\" src=\"https:\/\/www.meatprocessingmachine.org\/wp-content\/uploads\/2020\/12\/fish-deboning-machines.webp\" alt=\"fiskbenmaskiner\" class=\"wp-image-34180\" title=\"\" srcset=\"https:\/\/www.meatprocessingmachine.org\/wp-content\/uploads\/2020\/12\/fish-deboning-machines.webp 720w, https:\/\/www.meatprocessingmachine.org\/wp-content\/uploads\/2020\/12\/fish-deboning-machines-300x225.webp 300w\" sizes=\"auto, (max-width: 720px) 100vw, 720px\" \/><figcaption class=\"wp-element-caption\">Fiskurbeningsmaskiner<\/figcaption><\/figure>    <figure class=\"wp-block-image size-large\"><img loading=\"lazy\" decoding=\"async\" width=\"720\" height=\"540\" data-id=\"34181\" src=\"https:\/\/www.meatprocessingmachine.org\/wp-content\/uploads\/2020\/12\/fish-deboning-machines-1.webp\" alt=\"fiskbenmaskiner\" class=\"wp-image-34181\" title=\"\" srcset=\"https:\/\/www.meatprocessingmachine.org\/wp-content\/uploads\/2020\/12\/fish-deboning-machines-1.webp 720w, https:\/\/www.meatprocessingmachine.org\/wp-content\/uploads\/2020\/12\/fish-deboning-machines-1-300x225.webp 300w\" sizes=\"auto, (max-width: 720px) 100vw, 720px\" \/><figcaption class=\"wp-element-caption\">Fiskurbeningsmaskiner<\/figcaption><\/figure>    <figure class=\"wp-block-image size-large\"><img loading=\"lazy\" decoding=\"async\" width=\"720\" height=\"540\" data-id=\"34182\" src=\"https:\/\/www.meatprocessingmachine.org\/wp-content\/uploads\/2020\/12\/fish-deboning-machines-2.webp\" alt=\"fiskbenmaskiner\" class=\"wp-image-34182\" title=\"\" srcset=\"https:\/\/www.meatprocessingmachine.org\/wp-content\/uploads\/2020\/12\/fish-deboning-machines-2.webp 720w, https:\/\/www.meatprocessingmachine.org\/wp-content\/uploads\/2020\/12\/fish-deboning-machines-2-300x225.webp 300w\" sizes=\"auto, (max-width: 720px) 100vw, 720px\" \/><figcaption class=\"wp-element-caption\">Fiskurbeningsmaskiner<\/figcaption><\/figure>    <figure class=\"wp-block-image size-large\"><img loading=\"lazy\" decoding=\"async\" width=\"720\" height=\"540\" data-id=\"34183\" src=\"https:\/\/www.meatprocessingmachine.org\/wp-content\/uploads\/2020\/12\/fish-deboning-machines-3.webp\" alt=\"fiskbenmaskiner\" class=\"wp-image-34183\" title=\"\" srcset=\"https:\/\/www.meatprocessingmachine.org\/wp-content\/uploads\/2020\/12\/fish-deboning-machines-3.webp 720w, https:\/\/www.meatprocessingmachine.org\/wp-content\/uploads\/2020\/12\/fish-deboning-machines-3-300x225.webp 300w\" sizes=\"auto, (max-width: 720px) 100vw, 720px\" \/><figcaption class=\"wp-element-caption\">Fiskurbeningsmaskiner<\/figcaption><\/figure>    <figure class=\"wp-block-image size-large\"><img loading=\"lazy\" decoding=\"async\" width=\"720\" height=\"540\" data-id=\"34185\" src=\"https:\/\/www.meatprocessingmachine.org\/wp-content\/uploads\/2020\/12\/fish-deboning-machines-delivery.webp\" alt=\"fiskbenmaskiner\" class=\"wp-image-34185\" title=\"\" srcset=\"https:\/\/www.meatprocessingmachine.org\/wp-content\/uploads\/2020\/12\/fish-deboning-machines-delivery.webp 720w, https:\/\/www.meatprocessingmachine.org\/wp-content\/uploads\/2020\/12\/fish-deboning-machines-delivery-300x225.webp 300w\" sizes=\"auto, (max-width: 720px) 100vw, 720px\" \/><figcaption class=\"wp-element-caption\">Fiskurbeningsmaskiner<\/figcaption><\/figure>    <figure class=\"wp-block-image size-large\"><img loading=\"lazy\" decoding=\"async\" width=\"720\" height=\"540\" data-id=\"34186\" src=\"https:\/\/www.meatprocessingmachine.org\/wp-content\/uploads\/2020\/12\/fish-deboning-machines-4.webp\" alt=\"fiskbenmaskiner\" class=\"wp-image-34186\" title=\"\" srcset=\"https:\/\/www.meatprocessingmachine.org\/wp-content\/uploads\/2020\/12\/fish-deboning-machines-4.webp 720w, https:\/\/www.meatprocessingmachine.org\/wp-content\/uploads\/2020\/12\/fish-deboning-machines-4-300x225.webp 300w\" sizes=\"auto, (max-width: 720px) 100vw, 720px\" \/><figcaption class=\"wp-element-caption\">Fiskurbeningsmaskiner<\/figcaption><\/figure> <\/figure>    <p>Efter att ha plockat k\u00f6tt med fiskurbeningsmaskinen, om du vill anv\u00e4nda det f\u00f6r att g\u00f6ra andra produkter, m\u00e5ste du anv\u00e4nda den relaterade k\u00f6ttbearbetningsmaskinen. Om du vill anv\u00e4nda fisk f\u00f6r att g\u00f6ra fiskbollar, m\u00e5ste du anv\u00e4nda en visp och en k\u00f6ttbollsformningsmaskin. Sj\u00e4lvklart kan det insamlade fiskk\u00f6ttet ocks\u00e5 anv\u00e4ndas direkt f\u00f6r att bearbeta k\u00f6ttf\u00e4rs, fisktofu och andra fiskprodukter.<\/p>","protected":false},"excerpt":{"rendered":"<p>f\u00e4rsk fisk<\/p>","protected":false},"author":1,"featured_media":1768,"parent":0,"template":"","product-type":[584],"class_list":["post-973","product","type-product","status-publish","has-post-thumbnail","hentry","product-type-fish"],"_links":{"self":[{"href":"https:\/\/www.meatprocessingmachine.org\/sv\/wp-json\/wp\/v2\/product\/973","targetHints":{"allow":["GET"]}}],"collection":[{"href":"https:\/\/www.meatprocessingmachine.org\/sv\/wp-json\/wp\/v2\/product"}],"about":[{"href":"https:\/\/www.meatprocessingmachine.org\/sv\/wp-json\/wp\/v2\/types\/product"}],"author":[{"embeddable":true,"href":"https:\/\/www.meatprocessingmachine.org\/sv\/wp-json\/wp\/v2\/users\/1"}],"wp:featuredmedia":[{"embeddable":true,"href":"https:\/\/www.meatprocessingmachine.org\/sv\/wp-json\/wp\/v2\/media\/1768"}],"wp:attachment":[{"href":"https:\/\/www.meatprocessingmachine.org\/sv\/wp-json\/wp\/v2\/media?parent=973"}],"wp:term":[{"taxonomy":"product-type","embeddable":true,"href":"https:\/\/www.meatprocessingmachine.org\/sv\/wp-json\/wp\/v2\/product-type?post=973"}],"curies":[{"name":"wp","href":"https:\/\/api.w.org\/{rel}","templated":true}]}}