{"id":11,"date":"2018-10-25T02:48:44","date_gmt":"2018-10-25T02:48:44","guid":{"rendered":"http:\/\/www.meatprocessingmachine.org\/?page_id=11"},"modified":"2026-04-07T17:31:10","modified_gmt":"2026-04-07T09:31:10","slug":"about-us","status":"publish","type":"page","link":"https:\/\/www.meatprocessingmachine.org\/tr\/about-us\/","title":{"rendered":"Hakk\u0131m\u0131zda"},"content":{"rendered":"<p class=\"translation-block\"><strong><mark class=\"has-inline-color has-luminous-vivid-amber-color\"><a href=\"https:\/\/www.meatprocessingmachine.org\/tr\/\">Zhengzhou Taizy Machinery Co., Ltd<\/a><\/mark><\/strong> et i\u015fleme makineleri ve entegre g\u0131da i\u015fleme \u00e7\u00f6z\u00fcmlerinde uzmanla\u015fm\u0131\u015f profesyonel bir \u00fcretici ve ihracat\u00e7\u0131d\u0131r. Zhengzhou Ekonomik ve Teknolojik Kalk\u0131nma B\u00f6lgesi\u2019nde yer almaktad\u0131r, ara\u015ft\u0131rma, m\u00fchendislik, \u00fcretim ve k\u00fcresel sat\u0131\u015flar\u0131 verimli bir operasyon sisteminde birle\u015ftiriyoruz.<\/p>    <p>G\u00fc\u00e7l\u00fc teknik altyap\u0131 ve 100'den fazla yetenekli \u00e7al\u0131\u015fanla, m\u00fc\u015fterilere d\u00fcnya \u00e7ap\u0131nda istikrarl\u0131 \u00fcr\u00fcn kalitesi ve verimli teslimat sa\u011flayan modern bir \u00fcretim ve y\u00f6netim sistemi kurduk.<\/p>   <div class=\"wp-block-image\"> <figure class=\"aligncenter size-full\"><img loading=\"lazy\" decoding=\"async\" width=\"720\" height=\"540\" src=\"https:\/\/www.meatprocessingmachine.org\/wp-content\/uploads\/2026\/04\/taizy-factory.webp\" alt=\"taizy-factory\" class=\"wp-image-35273\" title=\"\" srcset=\"https:\/\/www.meatprocessingmachine.org\/wp-content\/uploads\/2026\/04\/taizy-factory.webp 720w, https:\/\/www.meatprocessingmachine.org\/wp-content\/uploads\/2026\/04\/taizy-factory-300x225.webp 300w, https:\/\/www.meatprocessingmachine.org\/wp-content\/uploads\/2026\/04\/taizy-factory-16x12.webp 16w\" sizes=\"auto, (max-width: 720px) 100vw, 720px\" \/><figcaption class=\"wp-element-caption\">taizy-factory<\/figcaption><\/figure> <\/div>   <h2 class=\"wp-block-heading\">Ne Yap\u0131yoruz<\/h2>    <p>Et i\u015fleme ekipmanlar\u0131n\u0131n tam yelpazesinin geli\u015ftirilmesine ve \u00fcretimine odaklan\u0131yoruz, bunlar aras\u0131nda:<\/p>    <ul class=\"wp-block-list\"> <li><strong><a href=\"https:\/\/www.meatprocessingmachine.org\/tr\/products\/meat-cutting-machine\/\">Et kesim ve dilimleme makineleri<\/a><\/strong><\/li>    <li>Et k\u0131yma ve kemik i\u015fleme ekipmanlar\u0131<\/li>    <li>K\u00f6fte \u00fcretim hatlar\u0131<\/li>    <li><strong><a href=\"https:\/\/www.meatprocessingmachine.org\/tr\/products\/supporting-auxiliary-equipment\/\">Vakum paketleme ve yard\u0131mc\u0131 ekipmanlar<\/a><\/strong><\/li> <\/ul>    <p>Makinelerimiz kasap d\u00fckkanlar\u0131, g\u0131da i\u015fleme tesisleri, mezbahalar ve end\u00fcstriyel et \u00fcretim hatlar\u0131nda yayg\u0131n olarak kullan\u0131lmakta olup, k\u00fc\u00e7\u00fck \u00f6l\u00e7ekli i\u015fletmelerden b\u00fcy\u00fck fabrikalara kadar destek sa\u011flar.<\/p>    <figure class=\"wp-block-gallery has-nested-images columns-default is-cropped wp-block-gallery-2 is-layout-flex wp-block-gallery-is-layout-flex\"> <figure class=\"wp-block-image size-large\"><img loading=\"lazy\" decoding=\"async\" width=\"720\" height=\"540\" data-id=\"34581\" src=\"https:\/\/www.meatprocessingmachine.org\/wp-content\/uploads\/2020\/11\/Bone-Crusher-and-Colloid-Mill-Combination.webp\" alt=\"Bone Crusher and Colloid Mill Combination\" class=\"wp-image-34581\" title=\"\" srcset=\"https:\/\/www.meatprocessingmachine.org\/wp-content\/uploads\/2020\/11\/Bone-Crusher-and-Colloid-Mill-Combination.webp 720w, https:\/\/www.meatprocessingmachine.org\/wp-content\/uploads\/2020\/11\/Bone-Crusher-and-Colloid-Mill-Combination-300x225.webp 300w, https:\/\/www.meatprocessingmachine.org\/wp-content\/uploads\/2020\/11\/Bone-Crusher-and-Colloid-Mill-Combination-16x12.webp 16w\" sizes=\"auto, (max-width: 720px) 100vw, 720px\" \/><figcaption class=\"wp-element-caption\">Kemik K\u0131r\u0131c\u0131 ve Kolloid De\u011firmeni Kombinasyonu<\/figcaption><\/figure>    <figure class=\"wp-block-image size-large\"><img loading=\"lazy\" decoding=\"async\" width=\"720\" height=\"540\" data-id=\"34788\" src=\"https:\/\/www.meatprocessingmachine.org\/wp-content\/uploads\/2020\/11\/Bone-Crushing-Machine-1.webp\" alt=\"Kemik K\u0131rma Makinesi\" class=\"wp-image-34788\" title=\"\" srcset=\"https:\/\/www.meatprocessingmachine.org\/wp-content\/uploads\/2020\/11\/Bone-Crushing-Machine-1.webp 720w, https:\/\/www.meatprocessingmachine.org\/wp-content\/uploads\/2020\/11\/Bone-Crushing-Machine-1-300x225.webp 300w, https:\/\/www.meatprocessingmachine.org\/wp-content\/uploads\/2020\/11\/Bone-Crushing-Machine-1-16x12.webp 16w\" sizes=\"auto, (max-width: 720px) 100vw, 720px\" \/><figcaption class=\"wp-element-caption\">Kemik K\u0131rma Makinesi<\/figcaption><\/figure>    <figure class=\"wp-block-image size-large\"><img loading=\"lazy\" decoding=\"async\" width=\"720\" height=\"540\" data-id=\"34698\" src=\"https:\/\/www.meatprocessingmachine.org\/wp-content\/uploads\/2021\/01\/Fish-Dryer-Machine-Factory.webp\" alt=\"Bal\u0131k Kurutma Makinesi Fabrikas\u0131\" class=\"wp-image-34698\" title=\"\" srcset=\"https:\/\/www.meatprocessingmachine.org\/wp-content\/uploads\/2021\/01\/Fish-Dryer-Machine-Factory.webp 720w, https:\/\/www.meatprocessingmachine.org\/wp-content\/uploads\/2021\/01\/Fish-Dryer-Machine-Factory-300x225.webp 300w, https:\/\/www.meatprocessingmachine.org\/wp-content\/uploads\/2021\/01\/Fish-Dryer-Machine-Factory-16x12.webp 16w\" sizes=\"auto, (max-width: 720px) 100vw, 720px\" \/><figcaption class=\"wp-element-caption\">Bal\u0131k Kurutma Makinesi Fabrikas\u0131<\/figcaption><\/figure>    <figure class=\"wp-block-image size-large\"><img loading=\"lazy\" decoding=\"async\" width=\"720\" height=\"540\" data-id=\"34650\" src=\"https:\/\/www.meatprocessingmachine.org\/wp-content\/uploads\/2026\/02\/Meat-Slicing-Machine.webp\" alt=\"Et Dilimleme Makinesi\" class=\"wp-image-34650\" title=\"\" srcset=\"https:\/\/www.meatprocessingmachine.org\/wp-content\/uploads\/2026\/02\/Meat-Slicing-Machine.webp 720w, https:\/\/www.meatprocessingmachine.org\/wp-content\/uploads\/2026\/02\/Meat-Slicing-Machine-300x225.webp 300w, https:\/\/www.meatprocessingmachine.org\/wp-content\/uploads\/2026\/02\/Meat-Slicing-Machine-16x12.webp 16w\" sizes=\"auto, (max-width: 720px) 100vw, 720px\" \/><figcaption class=\"wp-element-caption\">Et Dilimleme Makinesi<\/figcaption><\/figure>    <figure class=\"wp-block-image size-large\"><img loading=\"lazy\" decoding=\"async\" width=\"720\" height=\"540\" data-id=\"35002\" src=\"https:\/\/www.meatprocessingmachine.org\/wp-content\/uploads\/2021\/11\/Triple-Row-Egg-Processing-Line.webp\" alt=\"\u00dc\u00e7 S\u0131ral\u0131 Yumurta \u0130\u015fleme Hatt\u0131\" class=\"wp-image-35002\" title=\"\" srcset=\"https:\/\/www.meatprocessingmachine.org\/wp-content\/uploads\/2021\/11\/Triple-Row-Egg-Processing-Line.webp 720w, https:\/\/www.meatprocessingmachine.org\/wp-content\/uploads\/2021\/11\/Triple-Row-Egg-Processing-Line-300x225.webp 300w, https:\/\/www.meatprocessingmachine.org\/wp-content\/uploads\/2021\/11\/Triple-Row-Egg-Processing-Line-16x12.webp 16w\" sizes=\"auto, (max-width: 720px) 100vw, 720px\" \/><figcaption class=\"wp-element-caption\">\u00dc\u00e7 S\u0131ral\u0131 Yumurta \u0130\u015fleme Hatt\u0131<\/figcaption><\/figure>    <figure class=\"wp-block-image size-large\"><img loading=\"lazy\" decoding=\"async\" width=\"720\" height=\"540\" data-id=\"35130\" src=\"https:\/\/www.meatprocessingmachine.org\/wp-content\/uploads\/2026\/03\/Chicken-Paw-Processing-Machine.webp\" alt=\"Tavuk Pen\u00e7esi \u0130\u015fleme Makinesi\" class=\"wp-image-35130\" title=\"\" srcset=\"https:\/\/www.meatprocessingmachine.org\/wp-content\/uploads\/2026\/03\/Chicken-Paw-Processing-Machine.webp 720w, https:\/\/www.meatprocessingmachine.org\/wp-content\/uploads\/2026\/03\/Chicken-Paw-Processing-Machine-300x225.webp 300w, https:\/\/www.meatprocessingmachine.org\/wp-content\/uploads\/2026\/03\/Chicken-Paw-Processing-Machine-16x12.webp 16w\" sizes=\"auto, (max-width: 720px) 100vw, 720px\" \/><figcaption class=\"wp-element-caption\">Tavuk Pen\u00e7esi \u0130\u015fleme Makinesi<\/figcaption><\/figure> <\/figure>    <h3 class=\"wp-block-heading\">G\u00fc\u00e7l\u00fc Ar-Ge ve \u00dcretim Yetene\u011fi<\/h3>    <p>Teknoloji b\u00fcy\u00fcmemizi y\u00f6nlendiriyor. S\u00fcrekli ara\u015ft\u0131rma ve geli\u015ftirmeye yat\u0131r\u0131m yap\u0131yoruz, deneyimli makine m\u00fchendisleri ve sekt\u00f6r uzmanlar\u0131yla \u00e7al\u0131\u015farak ekipman performans\u0131n\u0131 art\u0131r\u0131yor ve yeni \u00e7\u00f6z\u00fcmler geli\u015ftiriyoruz.<\/p>    <p>Ham madde se\u00e7iminden son montaja kadar, her makine s\u0131k\u0131 kalite kontrol standartlar\u0131 alt\u0131nda \u00fcretilir. \u00dcretim s\u00fcrecimiz dayan\u0131kl\u0131l\u0131k, hijyen ve operasyonel verimlilik \u00fczerinde durarak uluslararas\u0131 g\u0131da i\u015fleme gereksinimlerini kar\u015f\u0131lar.<\/p>   <div class=\"wp-block-image\"> <figure class=\"aligncenter size-full\"><img loading=\"lazy\" decoding=\"async\" width=\"720\" height=\"540\" src=\"https:\/\/www.meatprocessingmachine.org\/wp-content\/uploads\/2026\/04\/Processing-Workshop.webp\" alt=\"\u0130\u015fleme At\u00f6lyesi\" class=\"wp-image-35277\" title=\"\" srcset=\"https:\/\/www.meatprocessingmachine.org\/wp-content\/uploads\/2026\/04\/Processing-Workshop.webp 720w, https:\/\/www.meatprocessingmachine.org\/wp-content\/uploads\/2026\/04\/Processing-Workshop-300x225.webp 300w, https:\/\/www.meatprocessingmachine.org\/wp-content\/uploads\/2026\/04\/Processing-Workshop-16x12.webp 16w\" sizes=\"auto, (max-width: 720px) 100vw, 720px\" \/><figcaption class=\"wp-element-caption\">\u0130\u015fleme At\u00f6lyesi<\/figcaption><\/figure> <\/div>   <h3 class=\"wp-block-heading\">K\u00fcresel Pazar Varl\u0131\u011f\u0131<\/h3>    <p class=\"translation-block\">\u00dcr\u00fcnlerimiz <strong><a href=\"https:\/\/www.meatprocessingmachine.org\/tr\/Info\/bone-crusher-machine-france\/\">Avrupa<\/a><\/strong>, <strong><a href=\"https:\/\/www.meatprocessingmachine.org\/tr\/Info\/frozen-meat-dicer-machine-for-sale-in-usa\/\">Amerika<\/a><\/strong>, Afrika, G\u00fcneydo\u011fu Asya ve bir\u00e7ok b\u00f6lgeye ihra\u00e7 edilmekte olup, uluslararas\u0131 pazarda g\u00fc\u00e7l\u00fc bir itibar ve sa\u011flam bir m\u00fc\u015fteri taban\u0131 kazanm\u0131\u015ft\u0131r. Taizy, Shuliy Grubu\u2019nun bir yan kurulu\u015fu olarak, grubun olgun \u00fcretim sistemi, iyi kurulmu\u015f tedarik zinciri ve geni\u015f k\u00fcresel pazar deneyiminden yararlanarak g\u00fcvenilir ekipman ve profesyonel hizmetler sunmakta, m\u00fc\u015fterilerle uzun vadeli ortakl\u0131klar kurmaktad\u0131r.<\/p>   <div class=\"wp-block-image\"> <figure class=\"aligncenter size-full\"><img loading=\"lazy\" decoding=\"async\" width=\"720\" height=\"540\" src=\"https:\/\/www.meatprocessingmachine.org\/wp-content\/uploads\/2026\/04\/Shuliys-customers.webp\" alt=\"Shuliy m\u00fc\u015fterileri\" class=\"wp-image-35281\" title=\"\" srcset=\"https:\/\/www.meatprocessingmachine.org\/wp-content\/uploads\/2026\/04\/Shuliys-customers.webp 720w, https:\/\/www.meatprocessingmachine.org\/wp-content\/uploads\/2026\/04\/Shuliys-customers-300x225.webp 300w, https:\/\/www.meatprocessingmachine.org\/wp-content\/uploads\/2026\/04\/Shuliys-customers-16x12.webp 16w\" sizes=\"auto, (max-width: 720px) 100vw, 720px\" \/><figcaption class=\"wp-element-caption\">Shuliy&#8217;s customers<\/figcaption><\/figure> <\/div>   <h3 class=\"wp-block-heading\">Kalite G\u00fcvence ve Hizmet<\/h3>    <p>Her projede \u201ckalite \u00f6ncelikli, m\u00fc\u015fteri odakl\u0131\u201d felsefeye ba\u011fl\u0131 kal\u0131yoruz.<\/p>    <ul class=\"wp-block-list\"> <li>Teslimattan \u00f6nce s\u0131k\u0131 kalite denetimi<\/li>    <li>Profesyonel sat\u0131\u015f \u00f6ncesi dan\u0131\u015fmanl\u0131k ve \u00e7\u00f6z\u00fcm tasar\u0131m\u0131<\/li>    <li>Kurulum rehberli\u011fi ve teknik servis dahil olmak \u00fczere sat\u0131\u015f sonras\u0131 tam destek<\/li> <\/ul>    <p>Amac\u0131m\u0131z sadece makine tedarik etmek de\u011fil, m\u00fc\u015fterilerin verimlilik ve karl\u0131l\u0131\u011f\u0131 art\u0131rmas\u0131na yard\u0131mc\u0131 olacak g\u00fcvenilir, uzun vadeli \u00e7\u00f6z\u00fcmler sunmakt\u0131r.<\/p>   <div class=\"wp-block-image\"> <figure class=\"aligncenter size-full\"><img loading=\"lazy\" decoding=\"async\" width=\"720\" height=\"540\" src=\"https:\/\/www.meatprocessingmachine.org\/wp-content\/uploads\/2026\/03\/Our-Certifications.webp\" alt=\"Sertifikalar\u0131m\u0131z\" class=\"wp-image-35211\" title=\"\" srcset=\"https:\/\/www.meatprocessingmachine.org\/wp-content\/uploads\/2026\/03\/Our-Certifications.webp 720w, https:\/\/www.meatprocessingmachine.org\/wp-content\/uploads\/2026\/03\/Our-Certifications-300x225.webp 300w, https:\/\/www.meatprocessingmachine.org\/wp-content\/uploads\/2026\/03\/Our-Certifications-16x12.webp 16w\" sizes=\"auto, (max-width: 720px) 100vw, 720px\" \/><figcaption class=\"wp-element-caption\">Sertifikalar\u0131m\u0131z<\/figcaption><\/figure> <\/div>   <h2 class=\"wp-block-heading\">Kalite ve G\u00fcvence<\/h2>    <p class=\"translation-block\">\u00dcr\u00fcn kalitesine ve uluslararas\u0131 standartlara uyuma b\u00fcy\u00fck \u00f6nem veriyoruz, s\u0131k\u0131 standartla\u015ft\u0131r\u0131lm\u0131\u015f \u00fcretim s\u00fcre\u00e7leri izliyoruz. Makinelerimizin bir\u00e7o\u011fu <strong>CE sertifikas\u0131<\/strong> alm\u0131\u015f olup, Avrupa g\u00fcvenlik gereksinimlerini kar\u015f\u0131lamaktad\u0131r. \u015eirketimiz kapsaml\u0131 bir <strong>ISO kalite y\u00f6netim sistemi<\/strong> kurmu\u015f ve uygulamaktad\u0131r, hammadde tedarikinden \u00fcretim montaj\u0131na ve son denetimlere kadar s\u0131k\u0131 kontrol sa\u011flar, istikrarl\u0131 ve dayan\u0131kl\u0131 ekipmanlar sunar. Ayr\u0131ca, <strong>SGS<\/strong> ve <strong>T\u00dcV<\/strong> gibi uluslararas\u0131 \u00fc\u00e7\u00fcnc\u00fc taraf ajanslar taraf\u0131ndan test ve fabrika denetimlerini destekliyoruz, m\u00fc\u015fterilere \u015feffaf ve g\u00fcvenilir kalite g\u00fcvencesi sunuyoruz.<\/p>    <figure class=\"wp-block-gallery has-nested-images columns-default is-cropped wp-block-gallery-3 is-layout-flex wp-block-gallery-is-layout-flex\"> <figure class=\"wp-block-image size-large\"><img loading=\"lazy\" decoding=\"async\" width=\"540\" height=\"720\" data-id=\"35208\" src=\"https:\/\/www.meatprocessingmachine.org\/wp-content\/uploads\/2026\/03\/CE.webp\" alt=\"CE\" class=\"wp-image-35208\" title=\"\" srcset=\"https:\/\/www.meatprocessingmachine.org\/wp-content\/uploads\/2026\/03\/CE.webp 540w, https:\/\/www.meatprocessingmachine.org\/wp-content\/uploads\/2026\/03\/CE-225x300.webp 225w, https:\/\/www.meatprocessingmachine.org\/wp-content\/uploads\/2026\/03\/CE-9x12.webp 9w\" sizes=\"auto, (max-width: 540px) 100vw, 540px\" \/><figcaption class=\"wp-element-caption\">Ce<\/figcaption><\/figure>    <figure class=\"wp-block-image size-large\"><img loading=\"lazy\" decoding=\"async\" width=\"540\" height=\"720\" data-id=\"35210\" src=\"https:\/\/www.meatprocessingmachine.org\/wp-content\/uploads\/2026\/03\/ISO9001.webp\" alt=\"ISO9001\" class=\"wp-image-35210\" title=\"\" srcset=\"https:\/\/www.meatprocessingmachine.org\/wp-content\/uploads\/2026\/03\/ISO9001.webp 540w, https:\/\/www.meatprocessingmachine.org\/wp-content\/uploads\/2026\/03\/ISO9001-225x300.webp 225w, https:\/\/www.meatprocessingmachine.org\/wp-content\/uploads\/2026\/03\/ISO9001-9x12.webp 9w\" sizes=\"auto, (max-width: 540px) 100vw, 540px\" \/><figcaption class=\"wp-element-caption\">Iso9001<\/figcaption><\/figure>    <figure class=\"wp-block-image size-large\"><img loading=\"lazy\" decoding=\"async\" width=\"540\" height=\"720\" data-id=\"35209\" src=\"https:\/\/www.meatprocessingmachine.org\/wp-content\/uploads\/2026\/03\/EU-Test.webp\" alt=\"EU Test\" class=\"wp-image-35209\" title=\"\" srcset=\"https:\/\/www.meatprocessingmachine.org\/wp-content\/uploads\/2026\/03\/EU-Test.webp 540w, https:\/\/www.meatprocessingmachine.org\/wp-content\/uploads\/2026\/03\/EU-Test-225x300.webp 225w, https:\/\/www.meatprocessingmachine.org\/wp-content\/uploads\/2026\/03\/EU-Test-9x12.webp 9w\" sizes=\"auto, (max-width: 540px) 100vw, 540px\" \/><figcaption class=\"wp-element-caption\">Eu Test<\/figcaption><\/figure> <\/figure>    <h3 class=\"wp-block-heading\">Misyonumuz<\/h3>    <p>K\u00fcresel m\u00fc\u015fteriler i\u00e7in y\u00fcksek kaliteli, verimli ve yenilik\u00e7i et i\u015fleme \u00e7\u00f6z\u00fcmleri sunmaya kararl\u0131y\u0131z. S\u00fcrekli iyile\u015ftirme ve sorumlu \u00fcretim yoluyla, g\u0131da makine sekt\u00f6r\u00fcnde g\u00fcvenilir bir ortak olmay\u0131 hedefliyoruz.<\/p>    <h2 class=\"wp-block-heading\">\u0130leti\u015fim<\/h2>    <div class=\"wp-block-buttons is-layout-flex wp-container-core-buttons-is-layout-6b4e3324 wp-block-buttons-is-layout-flex\"> <div class=\"wp-block-button\"><a class=\"wp-block-button__link wp-element-button\" href=\"https:\/\/wa.me\/+8619139761487\" target=\"_blank\" rel=\"noopener\">WhatsApp:  86 19139761487<\/a><\/div>    <div class=\"wp-block-button\"><a class=\"wp-block-button__link wp-element-button\">E-posta: info@meatprocessingmachine.org<\/a><\/div> <\/div>    <blockquote class=\"wp-block-quote is-layout-flow wp-block-quote-is-layout-flow\"><\/blockquote>    <div class=\"wp-block-buttons is-layout-flex wp-block-buttons-is-layout-flex\"> <div class=\"wp-block-button\"><a class=\"wp-block-button__link wp-element-button\">Adres: Nautical Road East, Zhengzhou Ekonomik Kalk\u0131nma B\u00f6lgesi, \u00c7in<\/a><\/div> <\/div>    <p><\/p>","protected":false},"excerpt":{"rendered":"<p>Zhengzhou Taizy Machinery Co., Ltd, et i\u015fleme makineleri ve entegre g\u0131da i\u015fleme \u00e7\u00f6z\u00fcmlerinde uzmanla\u015fm\u0131\u015f profesyonel bir \u00fcretici ve ihracat\u00e7\u0131d\u0131r. Zhengzhou Ekonomik ve Teknolojik Kalk\u0131nma B\u00f6lgesi\u2019nde yer almaktad\u0131r, ara\u015ft\u0131rma, m\u00fchendislik, \u00fcretim ve k\u00fcresel sat\u0131\u015flar\u0131 verimli bir operasyon sisteminde birle\u015ftiriyoruz.<\/p>","protected":false},"author":1,"featured_media":35273,"parent":0,"menu_order":0,"comment_status":"open","ping_status":"closed","template":"","meta":{"footnotes":""},"class_list":["post-11","page","type-page","status-publish","has-post-thumbnail","hentry"],"_links":{"self":[{"href":"https:\/\/www.meatprocessingmachine.org\/tr\/wp-json\/wp\/v2\/pages\/11","targetHints":{"allow":["GET"]}}],"collection":[{"href":"https:\/\/www.meatprocessingmachine.org\/tr\/wp-json\/wp\/v2\/pages"}],"about":[{"href":"https:\/\/www.meatprocessingmachine.org\/tr\/wp-json\/wp\/v2\/types\/page"}],"author":[{"embeddable":true,"href":"https:\/\/www.meatprocessingmachine.org\/tr\/wp-json\/wp\/v2\/users\/1"}],"replies":[{"embeddable":true,"href":"https:\/\/www.meatprocessingmachine.org\/tr\/wp-json\/wp\/v2\/comments?post=11"}],"version-history":[{"count":17,"href":"https:\/\/www.meatprocessingmachine.org\/tr\/wp-json\/wp\/v2\/pages\/11\/revisions"}],"predecessor-version":[{"id":35299,"href":"https:\/\/www.meatprocessingmachine.org\/tr\/wp-json\/wp\/v2\/pages\/11\/revisions\/35299"}],"wp:featuredmedia":[{"embeddable":true,"href":"https:\/\/www.meatprocessingmachine.org\/tr\/wp-json\/wp\/v2\/media\/35273"}],"wp:attachment":[{"href":"https:\/\/www.meatprocessingmachine.org\/tr\/wp-json\/wp\/v2\/media?parent=11"}],"curies":[{"name":"wp","href":"https:\/\/api.w.org\/{rel}","templated":true}]}}