{"id":1018,"date":"2021-01-16T09:49:03","date_gmt":"2021-01-16T01:49:03","guid":{"rendered":"https:\/\/www.meatprocessingmachine.org\/?p=1018"},"modified":"2024-06-14T16:00:42","modified_gmt":"2024-06-14T08:00:42","slug":"commercial-fish-skinning-machine-for-sale","status":"publish","type":"product","link":"https:\/\/www.meatprocessingmachine.org\/tr\/commercial-fish-skinning-machine-for-sale.html","title":{"rendered":"Sat\u0131l\u0131k Ticar\u00ee Bal\u0131k Deri Soyma Makinesi"},"content":{"rendered":"<div class=\"kk-star-ratings kksr-auto kksr-align-right kksr-valign-top\"     data-payload='{&quot;align&quot;:&quot;right&quot;,&quot;id&quot;:&quot;1018&quot;,&quot;slug&quot;:&quot;default&quot;,&quot;valign&quot;:&quot;top&quot;,&quot;ignore&quot;:&quot;&quot;,&quot;reference&quot;:&quot;auto&quot;,&quot;class&quot;:&quot;&quot;,&quot;count&quot;:&quot;0&quot;,&quot;legendonly&quot;:&quot;&quot;,&quot;readonly&quot;:&quot;&quot;,&quot;score&quot;:&quot;0&quot;,&quot;starsonly&quot;:&quot;&quot;,&quot;best&quot;:&quot;5&quot;,&quot;gap&quot;:&quot;5&quot;,&quot;greet&quot;:&quot;Rate this product&quot;,&quot;legend&quot;:&quot;0\\\/5 - (0 votes)&quot;,&quot;size&quot;:&quot;24&quot;,&quot;title&quot;:&quot;Commercial fish skinning machine for sale&quot;,&quot;width&quot;:&quot;0&quot;,&quot;_legend&quot;:&quot;{score}\\\/{best} - ({count} {votes})&quot;,&quot;font_factor&quot;:&quot;1.25&quot;}'>              <div class=\"kksr-stars\">      <div class=\"kksr-stars-inactive\">             <div class=\"kksr-star\" data-star=\"1\" style=\"padding-right: 5px\">               <div class=\"kksr-icon\" style=\"width: 24px; height: 24px;\"><\/div>         <\/div>             <div class=\"kksr-star\" data-star=\"2\" style=\"padding-right: 5px\">               <div class=\"kksr-icon\" style=\"width: 24px; height: 24px;\"><\/div>         <\/div>             <div class=\"kksr-star\" data-star=\"3\" style=\"padding-right: 5px\">               <div class=\"kksr-icon\" style=\"width: 24px; height: 24px;\"><\/div>         <\/div>             <div class=\"kksr-star\" data-star=\"4\" style=\"padding-right: 5px\">               <div class=\"kksr-icon\" style=\"width: 24px; height: 24px;\"><\/div>         <\/div>             <div class=\"kksr-star\" data-star=\"5\" style=\"padding-right: 5px\">               <div class=\"kksr-icon\" style=\"width: 24px; height: 24px;\"><\/div>         <\/div>     <\/div>      <div class=\"kksr-stars-active\" style=\"width: 0px;\">             <div class=\"kksr-star\" style=\"padding-right: 5px\">               <div class=\"kksr-icon\" style=\"width: 24px; height: 24px;\"><\/div>         <\/div>             <div class=\"kksr-star\" style=\"padding-right: 5px\">               <div class=\"kksr-icon\" style=\"width: 24px; height: 24px;\"><\/div>         <\/div>             <div class=\"kksr-star\" style=\"padding-right: 5px\">               <div class=\"kksr-icon\" style=\"width: 24px; height: 24px;\"><\/div>         <\/div>             <div class=\"kksr-star\" style=\"padding-right: 5px\">               <div class=\"kksr-icon\" style=\"width: 24px; height: 24px;\"><\/div>         <\/div>             <div class=\"kksr-star\" style=\"padding-right: 5px\">               <div class=\"kksr-icon\" style=\"width: 24px; height: 24px;\"><\/div>         <\/div>     <\/div> <\/div>                   <div class=\"kksr-legend\" style=\"font-size: 19.2px;\">             <span class=\"kksr-muted\">Bu \u00fcr\u00fcn\u00fc de\u011ferlendirin<\/span>     <\/div>     <\/div>  <p class=\"translation-block\">Ticari <strong>bal\u0131k derisi soyma makinesi<\/strong>, bal\u0131k derisini \u00e7\u0131karmak i\u00e7in \u00f6zel olarak tasarlanm\u0131\u015f elektrikli bir makinedir. Bu makine, <a href=\"https:\/\/www.meatprocessingmachine.org\/tr\/automatic-fish-scaler-machine-fish-scale-remover-machine.html\/\">bal\u0131k pullu\u011fu \u00e7\u0131karma makinesi<\/a>, bal\u0131k ba\u015f\u0131 ve kuyru\u011fu \u00e7\u0131karma ve <a href=\"https:\/\/www.meatprocessingmachine.org\/tr\/electric-fish-belly-splitting-cutting-machine.html\/\">bal\u0131k kar\u0131n b\u00f6lgesi ay\u0131rma makinesi<\/a> sonras\u0131 uygulan\u0131r. Bal\u0131k derisi soyma makinesi otomatik soyma ger\u00e7ekle\u015ftirebilir. Y\u00fcksek \u00fcretim \u00e7\u0131k\u0131\u015f\u0131, y\u00fcksek soyma verimlili\u011fi ve y\u00fcksek verim sa\u011flar.<\/p>    <h2 class=\"wp-block-heading\">Bir bal\u0131k derisi soyma makinesinin videosu<\/h2>    <figure class=\"wp-block-embed is-type-video is-provider-youtube wp-block-embed-youtube\"><div class=\"wp-block-embed__wrapper\"> <iframe loading=\"lazy\" title=\"Kalamar t\u00fcp\u00fc derisi soyma makinesi, bal\u0131k derisi \u00e7\u0131karma makinesi\" width=\"500\" height=\"281\" src=\"https:\/\/www.youtube.com\/embed\/FWiHdkLqavs?feature=oembed\" frameborder=\"0\" allow=\"accelerometer; autoplay; clipboard-write; encrypted-media; gyroscope; picture-in-picture; web-share\" referrerpolicy=\"strict-origin-when-cross-origin\" allowfullscreen><\/iframe> <\/div><figcaption class=\"wp-element-caption\">bal\u0131k derisi soyma makinesi<\/figcaption><\/figure>    <h2 class=\"wp-block-heading\" id=\"h-features-of-squid-fish-skinner-machine\">Kalamar bal\u0131k soyma makinesi \u00f6zellikleri<\/h2>    <ol class=\"wp-block-list\"> <li>Bal\u0131k soyma makinesi paslanmaz \u00e7elikten yap\u0131lm\u0131\u015ft\u0131r, ana par\u00e7a \u00f6zel olarak \u0131s\u0131t\u0131lm\u0131\u015ft\u0131r ve b\u0131\u00e7ak keskin ve dayan\u0131kl\u0131d\u0131r.<\/li>    <li>Kullan\u0131m\u0131 ve bak\u0131m\u0131 kolayd\u0131r ve uzun hizmet \u00f6mr\u00fcne sahiptir.<\/li>    <li>Elektrikli bal\u0131k derisi soyma makinesi, y\u00fcksek \u00fcretim \u00e7\u0131k\u0131\u015f\u0131, y\u00fcksek \u00fcretim verimlili\u011fi ve iyi soyma etkisi sa\u011flar.<\/li>    <li>Makinenin b\u0131\u00e7a\u011f\u0131 ayarlanabilir, bu nedenle \u00e7e\u015fitli bal\u0131klar\u0131n soyulmas\u0131nda geni\u015f \u00e7apta uygulan\u0131r.<\/li> <\/ol>    <h2 class=\"wp-block-heading\" id=\"h-fish-skinning-machine-parameters\">Bal\u0131k derisi soyma makinesi parametreleri<\/h2>    <ul class=\"wp-block-list\"> <li>G\u00fc\u00e7: 0.75kW<\/li>    <li>Gerilim: 380V<\/li>    <li>A\u011f\u0131rl\u0131k: 120KG<\/li>    <li>Boyut: 620*630*900MM<\/li>    <li>\u0130\u015fleme h\u0131z\u0131: 40-80 adet\/dakika<\/li>    <li>Kapasite: 2000-2500KG\/Saat<\/li> <\/ul>    <p>Bal\u0131klar\u0131n kal\u0131nl\u0131\u011f\u0131 3cm'yi, geni\u015fli\u011fi 40cm'yi ge\u00e7memelidir.<\/p>    <h2 class=\"wp-block-heading\" id=\"h-commercial-fish-skinner-machine-application\">Ticari bal\u0131k soyma makinesi uygulamas\u0131<\/h2>    <p class=\"translation-block\">Bal\u0131k soyma makinesi, morina, yay\u0131n bal\u0131\u011f\u0131, <a href=\"https:\/\/en.wikipedia.org\/wiki\/Salmon\" target=\"_blank\" rel=\"noopener\">somon<\/a>, plaice ve di\u011fer bal\u0131klar\u0131n derisini soyma i\u015flemlerinde yayg\u0131n olarak kullan\u0131l\u0131r. Makine, kalamar derisi soyma i\u015flemi i\u00e7in de uygundur. Bal\u0131k\u00e7\u0131l\u0131k \u015firketleri, g\u0131da i\u015fleme tesisleri ve catering sekt\u00f6r\u00fcnde yayg\u0131n olarak kullan\u0131l\u0131r.<\/p>    <h2 class=\"wp-block-heading\" id=\"h-fish-skinning-machine-parameters\">Bal\u0131k derisini \u00e7\u0131karmak i\u00e7in makine nas\u0131l kullan\u0131l\u0131r?<\/h2>    <p>Otomatik somon bal\u0131k derisi soyma makinesi kullan\u0131m\u0131 kolayd\u0131r. Sadece bal\u0131\u011f\u0131 besleme giri\u015fine yerle\u015ftirmeniz yeterlidir ve makine otomatik olarak soyma i\u015flemini tamamlar. Bu makineyi kullanmadan \u00f6nce, bal\u0131\u011f\u0131 segmentlere ay\u0131rmak i\u00e7in bir bal\u0131k i\u015fleme makinesi kullanmal\u0131s\u0131n\u0131z. <\/p>    <p>Ham maddeleriniz b\u00fct\u00fcn bal\u0131ksa, onu i\u015flemek i\u00e7in bir bal\u0131k i\u015fleme makinesi kullanman\u0131z gerekir. Bu, pulluk \u00e7\u0131karma makinesi, bal\u0131k kar\u0131n b\u00f6lgesi kesme makinesi, bal\u0131k ba\u015f\u0131 ve kuyru\u011fu kesme makinesi i\u00e7erir. Yukar\u0131daki ad\u0131mlarla, bir bal\u0131k par\u00e7as\u0131 elde edeceksiniz. Sonra derisi a\u015fa\u011f\u0131 bakacak \u015fekilde soyma i\u015flemini yap\u0131n. <\/p>    <h2 class=\"wp-block-heading\" id=\"h-precautions-when-using-the-fish-skin-peeling-machine\">Bal\u0131k derisi soyma makinesi kullan\u0131rken al\u0131nacak \u00f6nlemler<\/h2>    <ol class=\"wp-block-list\"> <li>Bu bal\u0131k derisi soyma makinesiyle bal\u0131k derisini \u00e7\u0131kar\u0131rken, soyma verimlili\u011fini sa\u011flamak i\u00e7in suyun varl\u0131\u011f\u0131nda yap\u0131lmal\u0131d\u0131r. Makinenin su vanas\u0131na su hortumunu ba\u011flay\u0131n. Ard\u0131ndan, g\u00fcc\u00fc a\u00e7\u0131n ve suyun normal olup olmad\u0131\u011f\u0131n\u0131 kontrol edin. Soyma s\u0131ras\u0131nda makinenin su besleme anahtar\u0131n\u0131 a\u00e7may\u0131 unutmay\u0131n.<\/li>    <li>Bir s\u00fcre kulland\u0131ktan sonra, b\u0131\u00e7ak kapa\u011f\u0131n\u0131 a\u00e7\u0131n ve b\u0131\u00e7ak a\u015f\u0131nma durumunu kontrol edin. B\u0131\u00e7a\u011f\u0131 de\u011fi\u015ftirmek gerekirse, b\u0131\u00e7ak kapa\u011f\u0131n\u0131 a\u00e7\u0131n ve do\u011frudan de\u011fi\u015ftirin.<\/li>    <li>\u0130stedi\u011finiz takdirde b\u0131\u00e7a\u011f\u0131 yukar\u0131 ve a\u015fa\u011f\u0131 ayarlamak i\u00e7in, b\u0131\u00e7ak tutucunun sol ve sa\u011f\u0131ndaki somunu s\u00f6kmek i\u00e7in bir anahtar kullan\u0131n ve b\u0131\u00e7ak ile tambur aras\u0131ndaki mesafeyi ayarlay\u0131n. B\u0131\u00e7ak ile tambur aras\u0131ndaki mesafenin de ayarlanmas\u0131 gerekti\u011fine dikkat edin, \u00e7ok b\u00fcy\u00fck veya \u00e7ok k\u00fc\u00e7\u00fck olmas\u0131 do\u011frudan soyma etkisini etkiler.<\/li>    <li>Bal\u0131k soyma makinesini kulland\u0131ktan sonra, l\u00fctfen makineyi temiz suyla temizleyin. Uzun s\u00fcre kullanmayacaksan\u0131z, makineyi kuru ve havaland\u0131r\u0131lan bir yere koyun.<\/li> <\/ol>","protected":false},"excerpt":{"rendered":"<p>The commercial fish skinning machine is widely used in peeling salmon, squid, and other species of fish. It needs to use machines such as descaler, fish opener, and other machines to process the fish into segments before using the machine.<\/p>","protected":false},"author":1,"featured_media":1021,"parent":0,"template":"","product-type":[584],"class_list":["post-1018","product","type-product","status-publish","has-post-thumbnail","hentry","product-type-fish"],"_links":{"self":[{"href":"https:\/\/www.meatprocessingmachine.org\/tr\/wp-json\/wp\/v2\/product\/1018","targetHints":{"allow":["GET"]}}],"collection":[{"href":"https:\/\/www.meatprocessingmachine.org\/tr\/wp-json\/wp\/v2\/product"}],"about":[{"href":"https:\/\/www.meatprocessingmachine.org\/tr\/wp-json\/wp\/v2\/types\/product"}],"author":[{"embeddable":true,"href":"https:\/\/www.meatprocessingmachine.org\/tr\/wp-json\/wp\/v2\/users\/1"}],"wp:featuredmedia":[{"embeddable":true,"href":"https:\/\/www.meatprocessingmachine.org\/tr\/wp-json\/wp\/v2\/media\/1021"}],"wp:attachment":[{"href":"https:\/\/www.meatprocessingmachine.org\/tr\/wp-json\/wp\/v2\/media?parent=1018"}],"wp:term":[{"taxonomy":"product-type","embeddable":true,"href":"https:\/\/www.meatprocessingmachine.org\/tr\/wp-json\/wp\/v2\/product-type?post=1018"}],"curies":[{"name":"wp","href":"https:\/\/api.w.org\/{rel}","templated":true}]}}