{"id":1024,"date":"2021-01-16T11:15:01","date_gmt":"2021-01-16T03:15:01","guid":{"rendered":"https:\/\/www.meatprocessingmachine.org\/?p=1024"},"modified":"2024-06-12T17:42:31","modified_gmt":"2024-06-12T09:42:31","slug":"commercial-fish-head-tail-cutting-machine-cutter-machine","status":"publish","type":"product","link":"https:\/\/www.meatprocessingmachine.org\/tr\/commercial-fish-head-tail-cutting-machine-cutter-machine.html","title":{"rendered":"Ticari bal\u0131k ba\u015f\u0131 ve kuyru\u011fu kesme makinesi | bal\u0131k kesme makinesi"},"content":{"rendered":"<div class=\"kk-star-ratings kksr-auto kksr-align-right kksr-valign-top\"     data-payload='{&quot;align&quot;:&quot;right&quot;,&quot;id&quot;:&quot;1024&quot;,&quot;slug&quot;:&quot;default&quot;,&quot;valign&quot;:&quot;top&quot;,&quot;ignore&quot;:&quot;&quot;,&quot;reference&quot;:&quot;auto&quot;,&quot;class&quot;:&quot;&quot;,&quot;count&quot;:&quot;0&quot;,&quot;legendonly&quot;:&quot;&quot;,&quot;readonly&quot;:&quot;&quot;,&quot;score&quot;:&quot;0&quot;,&quot;starsonly&quot;:&quot;&quot;,&quot;best&quot;:&quot;5&quot;,&quot;gap&quot;:&quot;5&quot;,&quot;greet&quot;:&quot;Rate this product&quot;,&quot;legend&quot;:&quot;0\\\/5 - (0 votes)&quot;,&quot;size&quot;:&quot;24&quot;,&quot;title&quot;:&quot;Commercial fish head tail cutting machine | fish cutter machine&quot;,&quot;width&quot;:&quot;0&quot;,&quot;_legend&quot;:&quot;{score}\\\/{best} - ({count} {votes})&quot;,&quot;font_factor&quot;:&quot;1.25&quot;}'>              <div class=\"kksr-stars\">      <div class=\"kksr-stars-inactive\">             <div class=\"kksr-star\" data-star=\"1\" style=\"padding-right: 5px\">               <div class=\"kksr-icon\" style=\"width: 24px; height: 24px;\"><\/div>         <\/div>             <div class=\"kksr-star\" data-star=\"2\" style=\"padding-right: 5px\">               <div class=\"kksr-icon\" style=\"width: 24px; height: 24px;\"><\/div>         <\/div>             <div class=\"kksr-star\" data-star=\"3\" style=\"padding-right: 5px\">               <div class=\"kksr-icon\" style=\"width: 24px; height: 24px;\"><\/div>         <\/div>             <div class=\"kksr-star\" data-star=\"4\" style=\"padding-right: 5px\">               <div class=\"kksr-icon\" style=\"width: 24px; height: 24px;\"><\/div>         <\/div>             <div class=\"kksr-star\" data-star=\"5\" style=\"padding-right: 5px\">               <div class=\"kksr-icon\" style=\"width: 24px; height: 24px;\"><\/div>         <\/div>     <\/div>      <div class=\"kksr-stars-active\" style=\"width: 0px;\">             <div class=\"kksr-star\" style=\"padding-right: 5px\">               <div class=\"kksr-icon\" style=\"width: 24px; height: 24px;\"><\/div>         <\/div>             <div class=\"kksr-star\" style=\"padding-right: 5px\">               <div class=\"kksr-icon\" style=\"width: 24px; height: 24px;\"><\/div>         <\/div>             <div class=\"kksr-star\" style=\"padding-right: 5px\">               <div class=\"kksr-icon\" style=\"width: 24px; height: 24px;\"><\/div>         <\/div>             <div class=\"kksr-star\" style=\"padding-right: 5px\">               <div class=\"kksr-icon\" style=\"width: 24px; height: 24px;\"><\/div>         <\/div>             <div class=\"kksr-star\" style=\"padding-right: 5px\">               <div class=\"kksr-icon\" style=\"width: 24px; height: 24px;\"><\/div>         <\/div>     <\/div> <\/div>                   <div class=\"kksr-legend\" style=\"font-size: 19.2px;\">             <span class=\"kksr-muted\">Bu \u00fcr\u00fcn\u00fc de\u011ferlendirin<\/span>     <\/div>     <\/div>  <p>Otomatik bal\u0131k ba\u015f\u0131 kesme makinesi (bal\u0131k kuyru\u011fu kesici), b\u00fct\u00fcn bal\u0131\u011f\u0131n ba\u015f\u0131n\u0131 ve kuyru\u011funu kolayca kesebilir. Ticari bal\u0131k ba\u015f\u0131 ve kuyru\u011fu kesme makinesi, bal\u0131\u011f\u0131n boyutuna g\u00f6re kesim pozisyonunu serbest\u00e7e ayarlayabilir. <\/p>    <p>It also can control the size of the cut fish head and tail according to the customer&#8217;s cutting requirements, and the cut is flat. The machine is widely applied in aquatic product processing plants, fish processing companies, and large-scale catering industries.<\/p>    <h2 class=\"wp-block-heading\">Bal\u0131k ba\u015f\u0131 kesme makinesi videosu<\/h2>    <figure class=\"wp-block-embed is-type-video is-provider-youtube wp-block-embed-youtube\"><div class=\"wp-block-embed__wrapper\"> <iframe loading=\"lazy\" title=\"bal\u0131k kesme makinesi\/ticari bal\u0131k ba\u015f\u0131 kuyru\u011fu kesme makinesi\" width=\"500\" height=\"281\" src=\"https:\/\/www.youtube.com\/embed\/vZMgufB1i88?start=23&#038;feature=oembed\" frameborder=\"0\" allow=\"accelerometer; autoplay; clipboard-write; encrypted-media; gyroscope; picture-in-picture; web-share\" referrerpolicy=\"strict-origin-when-cross-origin\" allowfullscreen><\/iframe> <\/div><figcaption class=\"wp-element-caption\">bal\u0131k ba\u015f\u0131 kesme makinesi <\/figcaption><\/figure>    <h2 class=\"wp-block-heading\" id=\"h-commercial-fish-head-cutting-machine-features\">Ticari bal\u0131k ba\u015f\u0131 kesme makinesi \u00f6zellikleri<\/h2>    <ol class=\"wp-block-list\"> <li>Ticari bal\u0131k ba\u015f\u0131 kesme makinesi s\u00fcrekli \u00e7al\u0131\u015fmay\u0131 ger\u00e7ekle\u015ftirebilir. Bal\u0131\u011f\u0131 kesmek i\u00e7in sadece konvey\u00f6r band\u0131na yerle\u015ftirmek yeterlidir. Makine g\u00fcnde 2500 kg bal\u0131k kesebilir.<\/li>    <li>Bal\u0131k kesme makinesi d\u00fcz bir g\u00f6vde tasar\u0131m\u0131na sahiptir, bu da kesimi stabil hale getirir ve kesilen bal\u0131k kesiti d\u00fcz olur.<\/li>    <li>T\u00fcm makine g\u0131da s\u0131n\u0131f\u0131 ile \u00fcretilmi\u015ftir <a href=\"https:\/\/en.wikipedia.org\/wiki\/Stainless_steel\" target=\"_blank\" rel=\"noopener\">paslanmaz \u00e7elik<\/a> kolay temizlik ve bak\u0131m i\u00e7in.<\/li>    <li>It is equipped&nbsp;with a saw band pressing device, the saw band presses the fish&#8217;s body tightly when cutting, so the fish will not move left and right.<\/li>    <li>Otomatik bal\u0131k ba\u015f\u0131 ve kuyru\u011fu kesme makinesi m\u00fckemmel su ge\u00e7irmez performansa sahiptir, temizlemesi kolay, g\u00fcvenli ve hijyeniktir.<\/li> <\/ol>    <figure class=\"wp-block-image size-large\"><img loading=\"lazy\" decoding=\"async\" width=\"720\" height=\"540\" src=\"https:\/\/www.meatprocessingmachine.org\/wp-content\/uploads\/2021\/01\/electric-fish-tail-cutting-machine.jpg\" alt=\"electric fish tail cutting machine\" class=\"wp-image-1030\" title=\"\" srcset=\"https:\/\/www.meatprocessingmachine.org\/wp-content\/uploads\/2021\/01\/electric-fish-tail-cutting-machine.jpg 720w, https:\/\/www.meatprocessingmachine.org\/wp-content\/uploads\/2021\/01\/electric-fish-tail-cutting-machine-300x225.jpg 300w\" sizes=\"auto, (max-width: 720px) 100vw, 720px\" \/><figcaption class=\"wp-element-caption\">Elektrikli Bal\u0131k Kuyru\u011fu Kesme Makinesi<\/figcaption><\/figure>    <h2 class=\"wp-block-heading\" id=\"h-why-need-to-remove-fish-head-and-fish-tail\">Bal\u0131k ba\u015f\u0131 ve bal\u0131k kuyru\u011fu neden \u00e7\u0131kar\u0131lmal\u0131?<\/h2>    <p>Pi\u015firme talebinden dolay\u0131, bir\u00e7ok m\u00fc\u015fteri bal\u0131k pazarlar\u0131ndan, s\u00fcpermarketlerden vb. paketlenmi\u015f ve kesilmi\u015f bal\u0131k sat\u0131n alacakt\u0131r. Bu bal\u0131k, ba\u015f\u0131 ve kuyru\u011fu \u00e7\u0131kar\u0131lm\u0131\u015f bir bal\u0131k i\u015fleme fabrikas\u0131ndan ge\u00e7mi\u015ftir.<\/p>    <figure class=\"wp-block-image size-large\"><img loading=\"lazy\" decoding=\"async\" width=\"720\" height=\"540\" src=\"https:\/\/www.meatprocessingmachine.org\/wp-content\/uploads\/2021\/01\/fish-without-fish-head-and-tail.jpg\" alt=\"fish without fish head and tail\" class=\"wp-image-1027\" title=\"\" srcset=\"https:\/\/www.meatprocessingmachine.org\/wp-content\/uploads\/2021\/01\/fish-without-fish-head-and-tail.jpg 720w, https:\/\/www.meatprocessingmachine.org\/wp-content\/uploads\/2021\/01\/fish-without-fish-head-and-tail-300x225.jpg 300w\" sizes=\"auto, (max-width: 720px) 100vw, 720px\" \/><figcaption class=\"wp-element-caption\">Bal\u0131k Ba\u015fs\u0131z ve Kuyruksuz Bal\u0131k<\/figcaption><\/figure>    <p>It reduces the end customer&#8217;s procedures for handling fish. The end customer only needs to simply process the head and tail fish to make dishes. And for places like restaurants that need to process large quantities of fish, it improves production efficiency. Therefore, this automatic fish head cutting machine can increase the efficiency of making dishes and reduce manual use.<\/p>    <h2 class=\"wp-block-heading\" id=\"h-how-to-operate-the-fish-tail-cutter-machine\">Bal\u0131k kuyru\u011fu kesme makinesi nas\u0131l \u00e7al\u0131\u015ft\u0131r\u0131l\u0131r?<\/h2>    <p>Otomatik bal\u0131k ba\u015f\u0131 kuyru\u011fu kesme makinesi esasen b\u00fcy\u00fck ve orta boy bal\u0131klar\u0131 kesmek i\u00e7in kullan\u0131l\u0131r. Her t\u00fcrl\u00fc bal\u0131\u011f\u0131 kesmek i\u00e7in uygundur. Bal\u0131\u011f\u0131 kesmeden \u00f6nce, bal\u0131k pullar\u0131n\u0131 \u00e7\u0131karmak i\u00e7in bal\u0131k pul \u00e7\u0131karma makinesini kullanabilirsiniz. Kesim s\u0131ras\u0131nda, makineyi a\u00e7man\u0131z ve bal\u0131\u011f\u0131 konvey\u00f6r band\u0131na yerle\u015ftirmeniz yeterlidir. Konvey\u00f6r band\u0131, bal\u0131\u011f\u0131 kesim pozisyonuna otomatik olarak ta\u015f\u0131yacakt\u0131r. Ayr\u0131ca, m\u00fc\u015fteriler kesim ihtiya\u00e7lar\u0131na g\u00f6re kesimden sonra bal\u0131k ba\u015f\u0131 ve kuyru\u011funun boyutunu ayarlayabilir.<\/p>    <figure class=\"wp-block-image size-large\"><img loading=\"lazy\" decoding=\"async\" width=\"720\" height=\"540\" src=\"https:\/\/www.meatprocessingmachine.org\/wp-content\/uploads\/2021\/01\/automatic-fish-head-cutting-machine.jpg\" alt=\"automatic fish head cutting machine\" class=\"wp-image-1028\" title=\"\" srcset=\"https:\/\/www.meatprocessingmachine.org\/wp-content\/uploads\/2021\/01\/automatic-fish-head-cutting-machine.jpg 720w, https:\/\/www.meatprocessingmachine.org\/wp-content\/uploads\/2021\/01\/automatic-fish-head-cutting-machine-300x225.jpg 300w\" sizes=\"auto, (max-width: 720px) 100vw, 720px\" \/><figcaption class=\"wp-element-caption\">Otomatik Bal\u0131k Ba\u015f Kesme Makinesi<\/figcaption><\/figure>    <h2 class=\"wp-block-heading\">Bizimle ilgili bal\u0131k i\u015fleme makineleri<\/h2>    <div class=\"wp-block-columns is-layout-flex wp-container-core-columns-is-layout-9d6595d7 wp-block-columns-is-layout-flex\"> <div class=\"wp-block-column is-layout-flow wp-block-column-is-layout-flow\"> <figure class=\"wp-block-image size-full\"><a href=\"https:\/\/www.meatprocessingmachine.org\/tr\/fish-drying-machine-hot-air-circulation-drying-machine.html\/\"><img loading=\"lazy\" decoding=\"async\" width=\"720\" height=\"540\" src=\"https:\/\/www.meatprocessingmachine.org\/wp-content\/uploads\/2021\/01\/industrial-fish-drying-machine.jpg\" alt=\"end\u00fcstriyel bal\u0131k kurutma makinesi\" class=\"wp-image-1066\" title=\"\" srcset=\"https:\/\/www.meatprocessingmachine.org\/wp-content\/uploads\/2021\/01\/industrial-fish-drying-machine.jpg 720w, https:\/\/www.meatprocessingmachine.org\/wp-content\/uploads\/2021\/01\/industrial-fish-drying-machine-300x225.jpg 300w\" sizes=\"auto, (max-width: 720px) 100vw, 720px\" \/><\/a><figcaption class=\"wp-element-caption\"><a href=\"https:\/\/www.meatprocessingmachine.org\/tr\/fish-drying-machine-hot-air-circulation-drying-machine.html\/\" data-type=\"link\" data-id=\"https:\/\/www.meatprocessingmachine.org\/fish-drying-machine-hot-air-circulation-drying-machine.html\">end\u00fcstriyel bal\u0131k kurutma makinesi<\/a><\/figcaption><\/figure> <\/div>    <div class=\"wp-block-column is-layout-flow wp-block-column-is-layout-flow\"> <figure class=\"wp-block-image size-full is-resized\"><a href=\"https:\/\/www.meatprocessingmachine.org\/tr\/fish-debone-machine-fish-meat-and-bone-separator-machine.html\/\"><img loading=\"lazy\" decoding=\"async\" width=\"720\" height=\"540\" src=\"https:\/\/www.meatprocessingmachine.org\/wp-content\/uploads\/2020\/12\/fish-debone-Factory-inventory1.png\" alt=\"bal\u0131k kemik \u00e7\u0131karma makinesi\" class=\"wp-image-1818\" style=\"width:275px;height:auto\" title=\"\" srcset=\"https:\/\/www.meatprocessingmachine.org\/wp-content\/uploads\/2020\/12\/fish-debone-Factory-inventory1.png 720w, https:\/\/www.meatprocessingmachine.org\/wp-content\/uploads\/2020\/12\/fish-debone-Factory-inventory1-300x225.png 300w\" sizes=\"auto, (max-width: 720px) 100vw, 720px\" \/><\/a><figcaption class=\"wp-element-caption\"><a href=\"https:\/\/www.meatprocessingmachine.org\/tr\/fish-debone-machine-fish-meat-and-bone-separator-machine.html\/\" data-type=\"link\" data-id=\"https:\/\/www.meatprocessingmachine.org\/fish-debone-machine-fish-meat-and-bone-separator-machine.html\">bal\u0131k kemik \u00e7\u0131karma makinesi<\/a><\/figcaption><\/figure> <\/div>    <div class=\"wp-block-column is-layout-flow wp-block-column-is-layout-flow\"> <figure class=\"wp-block-image size-full\"><a href=\"https:\/\/www.meatprocessingmachine.org\/tr\/fish-fillet-machine-fish-slicing-machine.html\/\"><img loading=\"lazy\" decoding=\"async\" width=\"720\" height=\"540\" src=\"https:\/\/www.meatprocessingmachine.org\/wp-content\/uploads\/2023\/11\/fish-fillet-machine-3.webp\" alt=\"bal\u0131k fileto makinesi\" class=\"wp-image-34340\" title=\"\" srcset=\"https:\/\/www.meatprocessingmachine.org\/wp-content\/uploads\/2023\/11\/fish-fillet-machine-3.webp 720w, https:\/\/www.meatprocessingmachine.org\/wp-content\/uploads\/2023\/11\/fish-fillet-machine-3-300x225.webp 300w\" sizes=\"auto, (max-width: 720px) 100vw, 720px\" \/><\/a><figcaption class=\"wp-element-caption\"><a href=\"https:\/\/www.meatprocessingmachine.org\/tr\/fish-fillet-machine-fish-slicing-machine.html\/\">bal\u0131k fileto makinesi<\/a><\/figcaption><\/figure> <\/div> <\/div>","protected":false},"excerpt":{"rendered":"<p>The automatic fish head and tail cutting machine can adjust the size of the cut fish head and tail according to requirements. The machine reduces manual operations and produces a larger output.<\/p>","protected":false},"author":1,"featured_media":1026,"parent":0,"template":"","product-type":[584],"class_list":["post-1024","product","type-product","status-publish","has-post-thumbnail","hentry","product-type-fish"],"_links":{"self":[{"href":"https:\/\/www.meatprocessingmachine.org\/tr\/wp-json\/wp\/v2\/product\/1024","targetHints":{"allow":["GET"]}}],"collection":[{"href":"https:\/\/www.meatprocessingmachine.org\/tr\/wp-json\/wp\/v2\/product"}],"about":[{"href":"https:\/\/www.meatprocessingmachine.org\/tr\/wp-json\/wp\/v2\/types\/product"}],"author":[{"embeddable":true,"href":"https:\/\/www.meatprocessingmachine.org\/tr\/wp-json\/wp\/v2\/users\/1"}],"wp:featuredmedia":[{"embeddable":true,"href":"https:\/\/www.meatprocessingmachine.org\/tr\/wp-json\/wp\/v2\/media\/1026"}],"wp:attachment":[{"href":"https:\/\/www.meatprocessingmachine.org\/tr\/wp-json\/wp\/v2\/media?parent=1024"}],"wp:term":[{"taxonomy":"product-type","embeddable":true,"href":"https:\/\/www.meatprocessingmachine.org\/tr\/wp-json\/wp\/v2\/product-type?post=1024"}],"curies":[{"name":"wp","href":"https:\/\/api.w.org\/{rel}","templated":true}]}}