{"id":103,"date":"2018-10-25T06:18:36","date_gmt":"2018-10-24T22:18:36","guid":{"rendered":"http:\/\/www.meatprocessingmachine.org\/?p=103"},"modified":"2022-08-15T09:50:35","modified_gmt":"2022-08-15T01:50:35","slug":"vegetable-and-meat-cutter-and-mixer","status":"publish","type":"product","link":"https:\/\/www.meatprocessingmachine.org\/tr\/vegetable-and-meat-cutter-and-mixer.html","title":{"rendered":"Et Kasesi Do\u011fray\u0131c\u0131 | Et ve Sebze Kesici ve Kar\u0131\u015ft\u0131r\u0131c\u0131"},"content":{"rendered":"<div class=\"kk-star-ratings kksr-auto kksr-align-right kksr-valign-top\"     data-payload='{&quot;align&quot;:&quot;right&quot;,&quot;id&quot;:&quot;103&quot;,&quot;slug&quot;:&quot;default&quot;,&quot;valign&quot;:&quot;top&quot;,&quot;ignore&quot;:&quot;&quot;,&quot;reference&quot;:&quot;auto&quot;,&quot;class&quot;:&quot;&quot;,&quot;count&quot;:&quot;0&quot;,&quot;legendonly&quot;:&quot;&quot;,&quot;readonly&quot;:&quot;&quot;,&quot;score&quot;:&quot;0&quot;,&quot;starsonly&quot;:&quot;&quot;,&quot;best&quot;:&quot;5&quot;,&quot;gap&quot;:&quot;5&quot;,&quot;greet&quot;:&quot;Rate this product&quot;,&quot;legend&quot;:&quot;0\\\/5 - (0 votes)&quot;,&quot;size&quot;:&quot;24&quot;,&quot;title&quot;:&quot;Meat bowl chopper | meat vegetable cutter and mixer&quot;,&quot;width&quot;:&quot;0&quot;,&quot;_legend&quot;:&quot;{score}\\\/{best} - ({count} {votes})&quot;,&quot;font_factor&quot;:&quot;1.25&quot;}'>              <div class=\"kksr-stars\">      <div class=\"kksr-stars-inactive\">             <div class=\"kksr-star\" data-star=\"1\" style=\"padding-right: 5px\">               <div class=\"kksr-icon\" style=\"width: 24px; height: 24px;\"><\/div>         <\/div>             <div class=\"kksr-star\" data-star=\"2\" style=\"padding-right: 5px\">               <div class=\"kksr-icon\" style=\"width: 24px; height: 24px;\"><\/div>         <\/div>             <div class=\"kksr-star\" data-star=\"3\" style=\"padding-right: 5px\">               <div class=\"kksr-icon\" style=\"width: 24px; height: 24px;\"><\/div>         <\/div>             <div class=\"kksr-star\" data-star=\"4\" style=\"padding-right: 5px\">               <div class=\"kksr-icon\" style=\"width: 24px; height: 24px;\"><\/div>         <\/div>             <div class=\"kksr-star\" data-star=\"5\" style=\"padding-right: 5px\">               <div class=\"kksr-icon\" style=\"width: 24px; height: 24px;\"><\/div>         <\/div>     <\/div>      <div class=\"kksr-stars-active\" style=\"width: 0px;\">             <div class=\"kksr-star\" style=\"padding-right: 5px\">               <div class=\"kksr-icon\" style=\"width: 24px; height: 24px;\"><\/div>         <\/div>             <div class=\"kksr-star\" style=\"padding-right: 5px\">               <div class=\"kksr-icon\" style=\"width: 24px; height: 24px;\"><\/div>         <\/div>             <div class=\"kksr-star\" style=\"padding-right: 5px\">               <div class=\"kksr-icon\" style=\"width: 24px; height: 24px;\"><\/div>         <\/div>             <div class=\"kksr-star\" style=\"padding-right: 5px\">               <div class=\"kksr-icon\" style=\"width: 24px; height: 24px;\"><\/div>         <\/div>             <div class=\"kksr-star\" style=\"padding-right: 5px\">               <div class=\"kksr-icon\" style=\"width: 24px; height: 24px;\"><\/div>         <\/div>     <\/div> <\/div>                   <div class=\"kksr-legend\" style=\"font-size: 19.2px;\">             <span class=\"kksr-muted\">Bu \u00fcr\u00fcn\u00fc de\u011ferlendirin<\/span>     <\/div>     <\/div>  <p>Sebze ve et kesici ve kar\u0131\u015ft\u0131r\u0131c\u0131, sebze veya eti ince par\u00e7alara ay\u0131rabilir, bu da sebzeleri k\u00fcp do\u011framak ve eti p\u00fcre haline getirmek i\u00e7in kullan\u0131labilir. Et kab\u0131 do\u011fray\u0131c\u0131, kesme, kar\u0131\u015ft\u0131rma ve kar\u0131\u015ft\u0131rma gibi fonksiyonlara sahiptir. Et kab\u0131 do\u011fray\u0131c\u0131lar, g\u0131da i\u015fleme s\u00fcrecinde yard\u0131mc\u0131 olarak kullan\u0131labilir. Kantinler, restoranlar, sosis i\u015fleme tesisleri, hamburger k\u00f6ftesi i\u015fleme tesislerinde kullan\u0131labilir.<\/p>   <h2><strong>Et ve sebze kesici, kar\u0131\u015ft\u0131r\u0131c\u0131 ve \u00f6\u011f\u00fct\u00fcc\u00fc tan\u0131t\u0131m\u0131<\/strong><\/h2> <p>Sebze ve et kesici ve kar\u0131\u015ft\u0131r\u0131c\u0131, t\u00fcrbin ve vida di\u015fli tahriki ile yeni tasar\u0131ma sahiptir, bu da yap\u0131y\u0131 daha kompakt hale getirir. Sebze ve Et Kesicilerin ve kar\u0131\u015ft\u0131r\u0131c\u0131lar\u0131n kab\u0131 paslanmaz \u00e7elikten yap\u0131lm\u0131\u015ft\u0131r, dayan\u0131kl\u0131 ve \u015f\u0131k g\u00f6r\u00fcn\u00fcml\u00fcd\u00fcr. Et dilimleyicinin h\u0131z azalt\u0131c\u0131lar\u0131 y\u00fcksek kaliteli al\u00fcminyum ala\u015f\u0131m\u0131 ve bak\u0131r tipi vida di\u015flilerden olu\u015fur.<\/p> <p><span class=\"transSent\" data-group=\"0-1\">Sadece et, k\u0131yma ve di\u011fer ana malzemeleri ince do\u011framakla kalmaz, ayn\u0131 zamanda di\u011fer malzemeleri de i\u015fler;<\/span><span class=\"transSent\" data-group=\"0-2\">Su, buz, baharatlar ve aksesuarlar (dolgu maddeleri), et k\u00f6p\u00fc\u011f\u00fc ile kar\u0131\u015ft\u0131r\u0131larak p\u00fcr\u00fczs\u00fcz s\u00fct haline getirilir.<\/span><span class=\"transSent\" data-group=\"0-3\">\u00d6zellikle em\u00fclsifiye i\u015flemiyle, ba\u011f\u0131rsak \u00fcr\u00fcnlerinin ince yo\u011funlu\u011fu ve elastikiyeti b\u00fcy\u00fck \u00f6l\u00e7\u00fcde art\u0131r\u0131l\u0131r.<\/span><span class=\"transSent\" data-group=\"0-4\">Y\u00fcksek ve d\u00fc\u015f\u00fck b\u0131\u00e7ak h\u0131z\u0131 ve ayarlanabilir h\u0131z ayar tekerle\u011fi se\u00e7ilebilir, b\u00f6ylece do\u011frama ve kar\u0131\u015ft\u0131rma, k\u0131yma, kar\u0131\u015ft\u0131rma ve em\u00fclsifiye i\u015flemleri tek bir i\u015flemde tamamlan\u0131r.<\/span><\/p> <figure id=\"attachment_32664\" aria-describedby=\"caption-attachment-32664\" style=\"width: 720px\" class=\"wp-caption alignnone\"><img loading=\"lazy\" decoding=\"async\" class=\"size-full wp-image-32664\" src=\"https:\/\/www.meatprocessingmachine.org\/wp-content\/uploads\/2018\/10\/vegetable-meat-cutter-and-mixer.png\" alt=\"vegetable meat cutter and mixer\" width=\"720\" height=\"540\" title=\"\" srcset=\"https:\/\/www.meatprocessingmachine.org\/wp-content\/uploads\/2018\/10\/vegetable-meat-cutter-and-mixer.png 720w, https:\/\/www.meatprocessingmachine.org\/wp-content\/uploads\/2018\/10\/vegetable-meat-cutter-and-mixer-300x225.png 300w\" sizes=\"auto, (max-width: 720px) 100vw, 720px\" \/><figcaption id=\"caption-attachment-32664\" class=\"wp-caption-text\">Vegetable Meat Cutting Machine&Nbsp;<\/figcaption><\/figure> <h2>Sebze ve et kesici ve kar\u0131\u015ft\u0131r\u0131c\u0131 uygulamas\u0131<\/h2> <p class=\"translation-block\">Sebze ve et kesici ve kar\u0131\u015ft\u0131r\u0131c\u0131, et, bal\u0131k, meyve, sebze, kuruyemi\u015f ve deniz \u00fcr\u00fcnleri i\u015fleyebilir, \u00f6zellikle et i\u015fleme konusunda \u00e7ok pratiktir. Bu yiyecekler tanelere veya p\u00fcreye kesilebilir. G\u0131da i\u015fleme s\u00fcresine ba\u011fl\u0131 olarak kal\u0131nl\u0131k ayarlanabilir. Sosis, k\u00f6fte, burger ve sebze dilimleme gibi \u00fcr\u00fcnler yapabilir. Ayr\u0131ca, \u00e7ok miktarda et kar\u0131\u015ft\u0131rman\u0131z gerekiyorsa, bir <a href=\"https:\/\/www.meatprocessingmachine.org\/tr\/good-quality-meat-food-stuffing-mixer.html\/\">et blenderi<\/a> kullanabilirsiniz.<\/p>   <figure class=\"wp-block-image\"><img decoding=\"async\" src=\"http:\/\/www.meatprocessingmachine.org\/wp-content\/uploads\/2018\/10\/vegetable-and-meat-cutter09106.jpg\" alt=\"\" title=\"\"><\/figure>    <h2 class=\"wp-block-heading\">Neden bir et kab\u0131 do\u011fray\u0131c\u0131 kullanmal\u0131y\u0131z?<\/h2>    <p>\u0130lk olarak, sebze ve et kesici ve kar\u0131\u015ft\u0131r\u0131c\u0131n\u0131n \u00e7al\u0131\u015fma verimlili\u011fi y\u00fcksektir. Makine, birka\u00e7 dakika i\u00e7inde et i\u015fleme i\u015fini tamamlayabilir ve makine kullan\u0131ld\u0131ktan sonra verim b\u00fcy\u00fck \u00f6l\u00e7\u00fcde artar. \u0130kinci olarak, et kab\u0131 do\u011fray\u0131c\u0131s\u0131n\u0131n yap\u0131s\u0131 incedir. B\u0131\u00e7ak h\u0131z\u0131, kab\u0131n h\u0131z\u0131 ve do\u011fray\u0131c\u0131 ile kab\u0131n aras\u0131ndaki bo\u015fluk, do\u011franm\u0131\u015f \u00fcr\u00fcnlerin inceli\u011fi, s\u0131cakl\u0131k art\u0131\u015f\u0131 ve do\u011frama s\u00fcresi a\u00e7\u0131s\u0131ndan en iyi kombinasyonu sa\u011flar, \u00f6zellikle sosis \u00fcr\u00fcnlerinin inceli\u011fi ve elastikiyeti art\u0131r\u0131l\u0131r. Ayr\u0131ca, makinenin bir\u00e7ok fonksiyonu vard\u0131r. Makine sadece et kesmekle kalmaz, ayn\u0131 zamanda baharatlar ve di\u011fer condiments'leri de g\u0131da i\u015fleme s\u0131ras\u0131na g\u00f6re ekleyebilir. K\u0131yma i\u015flemi, ayn\u0131 zamanda etin marine edilmesini de tamamlar, zaman kazand\u0131r\u0131r.<\/p>    <figure class=\"wp-block-gallery has-nested-images columns-default is-cropped wp-block-gallery-2 is-layout-flex wp-block-gallery-is-layout-flex\"> <figure class=\"wp-block-image size-large\"><img loading=\"lazy\" decoding=\"async\" width=\"286\" height=\"220\" data-id=\"32665\" src=\"https:\/\/www.meatprocessingmachine.org\/wp-content\/uploads\/2018\/10\/meat-bowel-chopper-1.png\" alt=\"meat bowl chopper\" class=\"wp-image-32665\" title=\"\"><figcaption>Et Kab\u0131 Do\u011fray\u0131c\u0131 <\/figcaption><\/figure>    <figure class=\"wp-block-image size-large\"><img loading=\"lazy\" decoding=\"async\" width=\"286\" height=\"220\" data-id=\"32666\" src=\"https:\/\/www.meatprocessingmachine.org\/wp-content\/uploads\/2018\/10\/meat-bowel-chopper-.png\" alt=\"meat bowl chopper\" class=\"wp-image-32666\" title=\"\"><figcaption>Et Kab\u0131 Do\u011fray\u0131c\u0131<\/figcaption><\/figure> <\/figure>    <h2 class=\"wp-block-heading\" id=\"h-specification-of-meat-vegetable-cutter-and-mixer\">Et sebze kesici ve kar\u0131\u015ft\u0131r\u0131c\u0131 \u00f6zellikleri<\/h2>    <figure class=\"wp-block-table\"><table><tbody><tr><td><strong>Model<\/strong><\/td><td><strong>SL-20<\/strong><\/td><td><strong>SL-40<\/strong><\/td><td><strong>SL-80<\/strong><\/td><td><strong>SL-125<\/strong><\/td><td><strong>SL-200<\/strong><\/td><\/tr><tr><td><strong>\u0130\u015fleme kapasitesi (kg\/zaman)<\/strong><\/td><td><strong>10-15<\/strong><\/td><td><strong>20-30<\/strong><\/td><td><strong>40-50<\/strong><\/td><td><strong>70-80<\/strong><\/td><td><strong>100-140<\/strong><\/td><\/tr><tr><td><strong>Kapasite (L)<\/strong><\/td><td><strong>20<\/strong><\/td><td><strong>40<\/strong><\/td><td><strong>80<\/strong><\/td><td><strong>125<\/strong><\/td><td><strong>200<\/strong><\/td><\/tr><tr><td><strong>G\u00fc\u00e7 (KW)<\/strong><\/td><td><strong>2.55<\/strong><\/td><td><strong>6.25<\/strong><\/td><td><strong>23<\/strong><\/td><td><strong>27<\/strong><\/td><td><strong>63<\/strong><\/td><\/tr><tr><td><strong>Dosya miktar\u0131<\/strong><\/td><td><strong>3<\/strong><\/td><td><strong>3<\/strong><\/td><td><strong>6<\/strong><\/td><td><strong>6<\/strong><\/td><td><strong>6<\/strong><\/td><\/tr><tr><td><strong>Kesme kab\u0131 h\u0131z\u0131 (r\/dak)<\/strong><\/td><td><strong>16<\/strong><\/td><td><strong>12<\/strong><\/td><td><strong>8\/12<\/strong><\/td><td><strong>8\/12<\/strong><\/td><td><strong>8\/12\/16<\/strong><\/td><\/tr><tr><td><strong>Dosya h\u0131z\u0131 (r\/dak)<\/strong><\/td><td><strong>1650\/3300<\/strong><\/td><td><strong>1800\/3600<\/strong><\/td><td><strong>126\/1800\/3600<\/strong><\/td><td><strong>126\/1800\/3600<\/strong><\/td><td><strong>200\/1900*3800<\/strong><\/td><\/tr><tr><td><strong>Boyut (r\/dak)<\/strong><\/td><td><strong>770*650*980<\/strong><\/td><td><strong>1245*810*1094<\/strong><\/td><td><strong>2300*1020*1195<\/strong><\/td><td><strong>2400*1420*1300<\/strong><\/td><td><strong>2580*2400*1960<\/strong><\/td><\/tr><tr><td><strong>A\u011f\u0131rl\u0131k (KG)<\/strong><\/td><td><strong>215<\/strong><\/td><td><strong>480<\/strong><\/td><td><strong>1100<\/strong><\/td><td><strong>1300<\/strong><\/td><td><strong>&nbsp;3800<\/strong><\/td><\/tr><tr><td><strong>G\u00fc\u00e7 kayna\u011f\u0131<\/strong><\/td><td><strong>380V<\/strong><\/td><td><strong>380V<\/strong><\/td><td><strong>380V<\/strong><\/td><td><strong>380V<\/strong><\/td><td><strong>380V<\/strong><\/td><\/tr><\/tbody><\/table><\/figure>    <p>Yukar\u0131daki, do\u011frama makinesinin parametre tablosudur. Tabloya g\u00f6re, makinenin be\u015f modeli vard\u0131r. Makinenin modeli, kab\u0131n hacmine g\u00f6re numaraland\u0131r\u0131lm\u0131\u015ft\u0131r. En k\u00fc\u00e7\u00fck kab\u0131n hacmi 20L, en b\u00fcy\u00fck hacmi 200L'dir. Makinenin boyutu farkl\u0131d\u0131r, et keserken b\u0131\u00e7ak h\u0131z\u0131 da farkl\u0131d\u0131r ve b\u00fcy\u00fck \u00f6l\u00e7ekli makinelerin farkl\u0131 di\u015flileri ayarlamas\u0131 gerekir.<\/p>    <figure class=\"wp-block-image is-resized\"><img loading=\"lazy\" decoding=\"async\" src=\"http:\/\/www.meatprocessingmachine.org\/wp-content\/uploads\/2018\/10\/vegetable-and-meat-cutter08105.jpg\" alt=\"Et ve sebze kesici ve kar\u0131\u015ft\u0131r\u0131c\u0131\" width=\"840\" height=\"853\" title=\"\"><figcaption>Et ve sebze kesici ve kar\u0131\u015ft\u0131r\u0131c\u0131<\/figcaption><\/figure>    <h2 class=\"wp-block-heading\">Et sebze kesici, kar\u0131\u015ft\u0131r\u0131c\u0131 ve \u00f6\u011f\u00fct\u00fcc\u00fc \u00e7al\u0131\u015fma prensibi <\/h2>    <p>Y\u00fcksek h\u0131zda d\u00f6nen do\u011fray\u0131c\u0131 b\u0131\u00e7a\u011f\u0131n\u0131n do\u011frama hareketini kullanarak, et, k\u0131yma ve ya\u011f gibi ana hammaddeleri ince k\u0131yma veya p\u00fcre haline getirir ve su, borneol ve yard\u0131mc\u0131 malzemeler gibi di\u011fer hammaddeleri e\u015fit \u015fekilde kar\u0131\u015ft\u0131r\u0131r.<\/p>    <h2 class=\"wp-block-heading\">Et sebze kesici ve kar\u0131\u015ft\u0131r\u0131c\u0131 \u00f6zellikleri<\/h2>    <p>1. Frekans d\u00f6n\u00fc\u015ft\u00fcr\u00fcc\u00fc ve frekans d\u00f6n\u00fc\u015f motoru, kesme h\u0131z\u0131n\u0131n 300-4500 rpm aras\u0131nda rastgele ayarlanabilmesi, b\u0131\u00e7a\u011f\u0131n keskin olmas\u0131 ve y\u00fcksek h\u0131zda \u00e7al\u0131\u015fman\u0131n stabil olmas\u0131 i\u00e7in se\u00e7ilir. Makine d\u00fc\u015f\u00fck g\u00fcr\u00fclt\u00fcye, y\u00fcksek verimlili\u011fe sahiptir.<\/p>    <p>2. Do\u011fray\u0131c\u0131, ithal malzemelerden yap\u0131lm\u0131\u015f ve i\u015f\u00e7ilikle i\u015flenmi\u015ftir, ve i\u015fleme merkezi taraf\u0131ndan tek par\u00e7a halinde \u015fekillendirilmi\u015ftir. Tam paslanmaz \u00e7elikten yap\u0131lm\u0131\u015ft\u0131r ve malzeme s\u0131zmas\u0131n\u0131 ve ta\u015fmas\u0131n\u0131 \u00f6nlemek i\u00e7in ta\u015fma \u00f6nleyici kabuk vard\u0131r.<\/p>    <p>3. Do\u011frama kab\u0131 iki h\u0131zl\u0131d\u0131r ve herhangi bir h\u0131zda do\u011frama b\u0131\u00e7a\u011f\u0131yla e\u015fle\u015ftirilebilir, do\u011frama ve kar\u0131\u015ft\u0131rma s\u00fcresi k\u0131sad\u0131r ve malzemenin s\u0131cakl\u0131k art\u0131\u015f\u0131 azd\u0131r.<\/p>    <p>4. Y\u00fcksek h\u0131zda \u00e7al\u0131\u015f\u0131rken, \u00e7al\u0131\u015fma stabil ve g\u00fcr\u00fclt\u00fcs\u00fczd\u00fcr ve do\u011fray\u0131c\u0131 ile do\u011fray\u0131c\u0131 aras\u0131ndaki bo\u015fluk 1.5mm'den azd\u0131r, b\u00f6ylece do\u011fray\u0131c\u0131 etkisi sa\u011flan\u0131r.<\/p>    <p>6. Bir bo\u015falt\u0131c\u0131 ile donat\u0131lm\u0131\u015ft\u0131r, bo\u015faltma kolay ve temizdir. Do\u011fray\u0131c\u0131, et, meyve, sebze, deniz \u00fcr\u00fcnleri ve baharatlar\u0131n derin i\u015flenmesini sa\u011flar. B\u0131\u00e7a\u011f\u0131n y\u00fcksek h\u0131zda d\u00f6nmesi, \u00e7al\u0131\u015fma s\u00fcresini k\u0131salt\u0131r, malzemenin \u0131s\u0131nmas\u0131n\u0131 azalt\u0131r ve i\u00e7eri\u011fin rengini korur.<\/p>    <figure class=\"wp-block-image size-full\"><img loading=\"lazy\" decoding=\"async\" width=\"720\" height=\"340\" src=\"https:\/\/www.meatprocessingmachine.org\/wp-content\/uploads\/2018\/10\/Meat-vegetable-cutter-and-mixer.png\" alt=\"Et ve sebze kesici ve kar\u0131\u015ft\u0131r\u0131c\u0131\" class=\"wp-image-32668\" title=\"\" srcset=\"https:\/\/www.meatprocessingmachine.org\/wp-content\/uploads\/2018\/10\/Meat-vegetable-cutter-and-mixer.png 720w, https:\/\/www.meatprocessingmachine.org\/wp-content\/uploads\/2018\/10\/Meat-vegetable-cutter-and-mixer-300x142.png 300w\" sizes=\"auto, (max-width: 720px) 100vw, 720px\" \/><figcaption>Et ve sebze do\u011frama ve kar\u0131\u015ft\u0131r\u0131c\u0131<\/figcaption><\/figure>    <h2 class=\"wp-block-heading\">Et do\u011fray\u0131c\u0131 yap\u0131s\u0131<\/h2>    <p>Et ve sebze kesici ve kar\u0131\u015ft\u0131r\u0131c\u0131, bir do\u011fray\u0131c\u0131, bir b\u0131\u00e7ak mili, bir \u00e7er\u00e7eve ve bir elektrik kontrol sisteminden olu\u015fur. Kesme kab\u0131, motor taraf\u0131ndan d\u00fc\u015f\u00fck h\u0131zda tahrik edilerek red\u00fckt\u00f6r arac\u0131l\u0131\u011f\u0131yla d\u00f6nd\u00fcr\u00fcl\u00fcr ve s\u00fcrekli olarak b\u0131\u00e7ak grubuna besleme yap\u0131l\u0131r. B\u0131\u00e7ak mili, kay\u0131\u015f yoluyla y\u00fcksek h\u0131zda d\u00f6nd\u00fcrmek i\u00e7in iki h\u0131zl\u0131 motor (veya de\u011fi\u015fken frekansl\u0131 motor) taraf\u0131ndan tahrik edilir. Ham maddeler, do\u011frama kab\u0131nda spiral hareket ederken, b\u0131\u00e7ak grubu taraf\u0131ndan kar\u0131\u015ft\u0131r\u0131l\u0131r ve do\u011fran\u0131r, k\u0131y\u0131lm\u0131\u015f etin i\u00e7indeki havay\u0131 giderir. B\u0131\u00e7a\u011f\u0131n y\u00fcksek h\u0131zda do\u011framas\u0131 nedeniyle, \u00fcr\u00fcn\u00fcn s\u0131v\u0131 ve suyu ayr\u0131\u015fma oran\u0131 azal\u0131r ve \u00fcr\u00fcn\u00fcn elastikiyeti ve inceli\u011fi art\u0131r\u0131l\u0131r.<\/p>    <h2 class=\"wp-block-heading\">Sebze ve et kesici ve kar\u0131\u015ft\u0131r\u0131c\u0131 \u00fcr\u00fcn kullan\u0131m gereksinimleri<\/h2>    <figure class=\"wp-block-image size-full\"><img loading=\"lazy\" decoding=\"async\" width=\"720\" height=\"540\" src=\"https:\/\/www.meatprocessingmachine.org\/wp-content\/uploads\/2018\/10\/Meat-vegetable-cutter-and-mixer-1.png\" alt=\"Et ve sebze kesici ve kar\u0131\u015ft\u0131r\u0131c\u0131\" class=\"wp-image-32669\" title=\"\" srcset=\"https:\/\/www.meatprocessingmachine.org\/wp-content\/uploads\/2018\/10\/Meat-vegetable-cutter-and-mixer-1.png 720w, https:\/\/www.meatprocessingmachine.org\/wp-content\/uploads\/2018\/10\/Meat-vegetable-cutter-and-mixer-1-300x225.png 300w\" sizes=\"auto, (max-width: 720px) 100vw, 720px\" \/><figcaption>Et ve Kar\u0131\u015ft\u0131r\u0131c\u0131<\/figcaption><\/figure>    <p>1. D\u00f6nen kab\u0131n i\u00e7ini temiz tutun ve e\u015fyalar\u0131 yerle\u015ftirmeyin.&nbsp;<\/p>    <p>2. Do\u011fray\u0131c\u0131y\u0131 ba\u015flatmadan \u00f6nce kab\u0131 kapat\u0131n. Aksi takdirde, do\u011fray\u0131c\u0131 d\u00fczg\u00fcn \u00e7al\u0131\u015fmayabilir.&nbsp;<\/p>    <p>3. Besleme s\u0131ras\u0131nda bir kumar fi\u015fi varsa, malzeme \u00fczerinde elle bask\u0131 yapmak i\u00e7in d\u00f6nen kab\u0131n i\u00e7ine girmeyin, aksi takdirde d\u00f6nen b\u0131\u00e7akla kar\u015f\u0131la\u015fmak tehlikeli olur. E\u011fer kab\u0131n d\u00f6nd\u00fcrme motoru a\u015f\u0131r\u0131 y\u00fckl\u00fcyse, kab\u0131 d\u00fc\u015f\u00fck h\u0131zda d\u00f6nd\u00fcrmek ve b\u0131\u00e7ak h\u0131z\u0131n\u0131 azaltmak \u00f6nerilir.&nbsp;<\/p>    <p>4. Et s\u0131k\u0131\u015fmas\u0131 olay\u0131n\u0131 \u00f6nlemek i\u00e7in, besleme s\u0131ras\u0131nda \u00e7ok fazla malzeme eklemeyin. \u00c7al\u0131\u015fma s\u0131ras\u0131nda su eklenmelidir.&nbsp;<\/p>    <p>5. Nem ve su ge\u00e7irmezli\u011fe dikkat edin, \u00f6zellikle da\u011f\u0131t\u0131m kutusu, y\u00fcksek bas\u0131n\u00e7la suyla y\u0131kamay\u0131n.<\/p>    <h2 class=\"wp-block-heading\">Et ve sebze kesici videosu<\/h2>    <figure class=\"wp-block-embed is-type-video is-provider-youtube wp-block-embed-youtube\"><div class=\"wp-block-embed__wrapper\"> <iframe loading=\"lazy\" title=\"En iyi et kab\u0131 do\u011fray\u0131c\u0131 | et sebze kesici ve kar\u0131\u015ft\u0131r\u0131c\u0131 | Biber do\u011fray\u0131c\u0131 ve \u00f6\u011f\u00fct\u00fcc\u00fc makine\" width=\"500\" height=\"281\" src=\"https:\/\/www.youtube.com\/embed\/COlE_tG9eAs?feature=oembed\" frameborder=\"0\" allow=\"accelerometer; autoplay; clipboard-write; encrypted-media; gyroscope; picture-in-picture; web-share\" referrerpolicy=\"strict-origin-when-cross-origin\" allowfullscreen><\/iframe> <\/div><figcaption>et sebze kesici ve kar\u0131\u015ft\u0131r\u0131c\u0131<\/figcaption><\/figure>","protected":false},"excerpt":{"rendered":"<p>ables and making meat into a puree. The meat bowl chopper has functions such as cutting, mixing, and stirring. Meat bowl choppers can act as helpers in the food processing process. Can be used in canteens, restaurants, sausage processing plants, hamburger patties processing plants.<\/p>","protected":false},"author":1,"featured_media":32707,"parent":0,"template":"","product-type":[589],"class_list":["post-103","product","type-product","status-publish","has-post-thumbnail","hentry","product-type-meat-cutting-machine"],"_links":{"self":[{"href":"https:\/\/www.meatprocessingmachine.org\/tr\/wp-json\/wp\/v2\/product\/103","targetHints":{"allow":["GET"]}}],"collection":[{"href":"https:\/\/www.meatprocessingmachine.org\/tr\/wp-json\/wp\/v2\/product"}],"about":[{"href":"https:\/\/www.meatprocessingmachine.org\/tr\/wp-json\/wp\/v2\/types\/product"}],"author":[{"embeddable":true,"href":"https:\/\/www.meatprocessingmachine.org\/tr\/wp-json\/wp\/v2\/users\/1"}],"wp:featuredmedia":[{"embeddable":true,"href":"https:\/\/www.meatprocessingmachine.org\/tr\/wp-json\/wp\/v2\/media\/32707"}],"wp:attachment":[{"href":"https:\/\/www.meatprocessingmachine.org\/tr\/wp-json\/wp\/v2\/media?parent=103"}],"wp:term":[{"taxonomy":"product-type","embeddable":true,"href":"https:\/\/www.meatprocessingmachine.org\/tr\/wp-json\/wp\/v2\/product-type?post=103"}],"curies":[{"name":"wp","href":"https:\/\/api.w.org\/{rel}","templated":true}]}}