{"id":122,"date":"2018-10-25T06:37:25","date_gmt":"2018-10-24T22:37:25","guid":{"rendered":"http:\/\/www.meatprocessingmachine.org\/?p=122"},"modified":"2026-02-12T16:41:47","modified_gmt":"2026-02-12T08:41:47","slug":"hydraulic-enema-machine","status":"publish","type":"product","link":"https:\/\/www.meatprocessingmachine.org\/tr\/hydraulic-enema-machine.html","title":{"rendered":"Hidrolik Enema Makinesi"},"content":{"rendered":"<div class=\"kk-star-ratings kksr-auto kksr-align-right kksr-valign-top\"     data-payload='{&quot;align&quot;:&quot;right&quot;,&quot;id&quot;:&quot;122&quot;,&quot;slug&quot;:&quot;default&quot;,&quot;valign&quot;:&quot;top&quot;,&quot;ignore&quot;:&quot;&quot;,&quot;reference&quot;:&quot;auto&quot;,&quot;class&quot;:&quot;&quot;,&quot;count&quot;:&quot;0&quot;,&quot;legendonly&quot;:&quot;&quot;,&quot;readonly&quot;:&quot;&quot;,&quot;score&quot;:&quot;0&quot;,&quot;starsonly&quot;:&quot;&quot;,&quot;best&quot;:&quot;5&quot;,&quot;gap&quot;:&quot;5&quot;,&quot;greet&quot;:&quot;Rate this product&quot;,&quot;legend&quot;:&quot;0\\\/5 - (0 votes)&quot;,&quot;size&quot;:&quot;24&quot;,&quot;title&quot;:&quot;Hydraulic Enema Machine&quot;,&quot;width&quot;:&quot;0&quot;,&quot;_legend&quot;:&quot;{score}\\\/{best} - ({count} {votes})&quot;,&quot;font_factor&quot;:&quot;1.25&quot;}'>              <div class=\"kksr-stars\">      <div class=\"kksr-stars-inactive\">             <div class=\"kksr-star\" data-star=\"1\" style=\"padding-right: 5px\">               <div class=\"kksr-icon\" style=\"width: 24px; height: 24px;\"><\/div>         <\/div>             <div class=\"kksr-star\" data-star=\"2\" style=\"padding-right: 5px\">               <div class=\"kksr-icon\" style=\"width: 24px; height: 24px;\"><\/div>         <\/div>             <div class=\"kksr-star\" data-star=\"3\" style=\"padding-right: 5px\">               <div class=\"kksr-icon\" style=\"width: 24px; height: 24px;\"><\/div>         <\/div>             <div class=\"kksr-star\" data-star=\"4\" style=\"padding-right: 5px\">               <div class=\"kksr-icon\" style=\"width: 24px; height: 24px;\"><\/div>         <\/div>             <div class=\"kksr-star\" data-star=\"5\" style=\"padding-right: 5px\">               <div class=\"kksr-icon\" style=\"width: 24px; height: 24px;\"><\/div>         <\/div>     <\/div>      <div class=\"kksr-stars-active\" style=\"width: 0px;\">             <div class=\"kksr-star\" style=\"padding-right: 5px\">               <div class=\"kksr-icon\" style=\"width: 24px; height: 24px;\"><\/div>         <\/div>             <div class=\"kksr-star\" style=\"padding-right: 5px\">               <div class=\"kksr-icon\" style=\"width: 24px; height: 24px;\"><\/div>         <\/div>             <div class=\"kksr-star\" style=\"padding-right: 5px\">               <div class=\"kksr-icon\" style=\"width: 24px; height: 24px;\"><\/div>         <\/div>             <div class=\"kksr-star\" style=\"padding-right: 5px\">               <div class=\"kksr-icon\" style=\"width: 24px; height: 24px;\"><\/div>         <\/div>             <div class=\"kksr-star\" style=\"padding-right: 5px\">               <div class=\"kksr-icon\" style=\"width: 24px; height: 24px;\"><\/div>         <\/div>     <\/div> <\/div>                   <div class=\"kksr-legend\" style=\"font-size: 19.2px;\">             <span class=\"kksr-muted\">Bu \u00fcr\u00fcn\u00fc de\u011ferlendirin<\/span>     <\/div>     <\/div> <h2>K\u0131sa Tan\u0131t\u0131m<\/h2> <p class=\"translation-block\"><strong>Hidrolik Enema Makinesi<\/strong> sosis doldurma ekipmanlar\u0131 aras\u0131nda gereklidir.<strong> Hidrolik Sosis Doldurma Makinesi<\/strong> \u00e7e\u015fitli ba\u011f\u0131rsak doldurma sistemlerine geni\u015f \u00e7apta uygundur, \u00f6zellikle kuru doldurmalar ve et doldurmalar i\u00e7in. Makinenin \u00fcst k\u0131sm\u0131nda bir depolama haznesi ve disk valf, s\u00fcrekli d\u00f6nen sulama sistemi bulunur, bu da \u00e7al\u0131\u015fma verimlili\u011fini art\u0131r\u0131r.<\/p>   <h2 class=\"wp-block-heading\"><strong>\u00d6zellikler<\/strong><\/h2>    <p class=\"translation-block\">1. Farkl\u0131 boyutlarda b\u00fcy\u00fck, orta, k\u00fc\u00e7\u00fck ba\u011f\u0131rsak \u00fcr\u00fcnleri yapabilir.<br>2. Bu \u00fcr\u00fcn g\u00fczel g\u00f6r\u00fcn\u00fcml\u00fc, ince i\u015f\u00e7ilikli, kullan\u0131m\u0131 kolay ve g\u00fcvenilir \u00e7al\u0131\u015f\u0131r.<br>3.<strong>Hidrolik Sosis Makinesi<\/strong> haznesi, valf, enema t\u00fcp\u00fc ve d\u0131\u015f ambalaj y\u00fcksek kaliteli paslanmaz \u00e7elikten yap\u0131lm\u0131\u015ft\u0131r.<br>4. Silindirin malzemesi, m\u00fc\u015fterilerin gereksinimlerine g\u00f6re se\u00e7ilebilir ve daha y\u00fcksek g\u0131da hijyeni gereksinimlerini kar\u015f\u0131lar.<br>5.<strong>Hidrolik Sosis Makinesi<\/strong> koyun ba\u011f\u0131rsaklar\u0131, domuz ba\u011f\u0131rsaklar\u0131, kolajen ba\u011f\u0131rsaklar, plastik ba\u011f\u0131rsaklar i\u00e7in uygundur.<\/p>    <figure class=\"wp-block-image\"><img decoding=\"async\" src=\"http:\/\/www.meatprocessingmachine.org\/wp-content\/uploads\/2018\/10\/hydraulic-sausage-stuffer8136.jpg\" alt=\"\" title=\"\"><\/figure>    <h2 class=\"wp-block-heading\"><strong>\u00d6zellikler<\/strong><\/h2>    <p class=\"translation-block\"><strong> <\/strong>1. Paslanmaz \u00e7elikten sosis makinesi<br>2. \u0130nce tasar\u0131m, y\u00fcksek kalite<br>3. Kapasite: 100~500kg<br>4. T\u00fcm sosislere uygun<\/p>    <div class=\"wp-block-columns is-layout-flex wp-container-core-columns-is-layout-9d6595d7 wp-block-columns-is-layout-flex\"> <div class=\"wp-block-column is-layout-flow wp-block-column-is-layout-flow\"> <figure class=\"wp-block-image size-large\"><img loading=\"lazy\" decoding=\"async\" width=\"650\" height=\"433\" src=\"http:\/\/www.meatprocessingmachine.org\/wp-content\/uploads\/2020\/06\/details-of-Hydraulic-Enema-Machine.jpg\" alt=\"details of Hydraulic Enema Machine\" class=\"wp-image-733\" title=\"\" srcset=\"https:\/\/www.meatprocessingmachine.org\/wp-content\/uploads\/2020\/06\/details-of-Hydraulic-Enema-Machine.jpg 650w, https:\/\/www.meatprocessingmachine.org\/wp-content\/uploads\/2020\/06\/details-of-Hydraulic-Enema-Machine-300x200.jpg 300w\" sizes=\"auto, (max-width: 650px) 100vw, 650px\" \/><figcaption><\/figcaption><\/figure> <\/div>    <div class=\"wp-block-column is-layout-flow wp-block-column-is-layout-flow\"> <figure class=\"wp-block-image size-large\"><img loading=\"lazy\" decoding=\"async\" width=\"1024\" height=\"683\" src=\"http:\/\/www.meatprocessingmachine.org\/wp-content\/uploads\/2020\/06\/details-of-Hydraulic-Enema-Machine.-1024x683.jpg\" alt=\"details of Hydraulic Enema Machine\" class=\"wp-image-734\" title=\"\" srcset=\"https:\/\/www.meatprocessingmachine.org\/wp-content\/uploads\/2020\/06\/details-of-Hydraulic-Enema-Machine.-1024x683.jpg 1024w, https:\/\/www.meatprocessingmachine.org\/wp-content\/uploads\/2020\/06\/details-of-Hydraulic-Enema-Machine.-300x200.jpg 300w, https:\/\/www.meatprocessingmachine.org\/wp-content\/uploads\/2020\/06\/details-of-Hydraulic-Enema-Machine.-768x512.jpg 768w, https:\/\/www.meatprocessingmachine.org\/wp-content\/uploads\/2020\/06\/details-of-Hydraulic-Enema-Machine.-1536x1024.jpg 1536w, https:\/\/www.meatprocessingmachine.org\/wp-content\/uploads\/2020\/06\/details-of-Hydraulic-Enema-Machine.-2048x1365.jpg 2048w\" sizes=\"auto, (max-width: 1024px) 100vw, 1024px\" \/><figcaption><\/figcaption><\/figure>    <p><\/p> <\/div> <\/div>    <h2 class=\"wp-block-heading\"><strong>Teknoloji parametreleri<\/strong><\/h2>    <figure class=\"wp-block-table\"><table><tbody><tr><td>Model<\/td><td>Varil hacmi(L)<\/td><td>SL-150<\/td><\/tr><tr><td>50L<\/td><td>Toplam g\u00fc\u00e7(kW)<\/td><td>Doldurma \u00e7ap\u0131(mm)<\/td><\/tr><tr><td>A\u011f\u0131rl\u0131k(kg)<\/td><td>1.5<\/td><td>1.5<\/td><\/tr><tr><td>A\u015f\u0131r\u0131 boyut(mm)<\/td><td>12-48<\/td><td>12-48<\/td><\/tr><tr><td>Ana bile\u015fenler 304 y\u00fcksek kaliteli paslanmaz \u00e7elikten yap\u0131lm\u0131\u015ft\u0131r, g\u00fcvenilir ve dayan\u0131kl\u0131d\u0131r, kolayca temizlenir ve g\u0131da g\u00fcvenli\u011fi gereksinimlerini kar\u015f\u0131lar.<\/td><td>360<\/td><td>400<\/td><\/tr><tr><td>Geli\u015fmi\u015f teknoloji, stabil performans, kolay kullan\u0131m ve pratik bak\u0131m. Piston hidrolik iletiminin \u00e7al\u0131\u015fma bas\u0131nc\u0131 ayarland\u0131ktan sonra, silindirdeki malzeme, hidrolik silindirin etkisiyle geni\u015fler, \u00f6zellikle kuru paketleme, di\u011fer sosislere g\u00f6re daha etkilidir.<\/td><td>1050*670*1680<\/td><td>1150*700*1760<\/td><\/tr><\/tbody><\/table><\/figure>    <figure class=\"wp-block-image\"><img decoding=\"async\" src=\"http:\/\/www.meatprocessingmachine.org\/wp-content\/uploads\/2018\/10\/hydraulic-sausage-stuffer1129.jpg\" alt=\"\" title=\"\"><\/figure>    <h2 class=\"wp-block-heading\"><strong>Avantaj<\/strong><\/h2>    <ol class=\"wp-block-list\"><li>Y\u00fcksek otomasyon seviyesi, zaman ve emek tasarrufu.<\/li><li> Anahtar bile\u015fenlerin \u00f6zel i\u015flemi, dayan\u0131kl\u0131 a\u015f\u0131nma, kontrol par\u00e7alar\u0131 ithal bile\u015fenlerdir.<\/li><li>G\u00f6r\u00fcn\u00fcm, geli\u015fmi\u015f y\u00fczey i\u015fleme teknolojisi kullan\u0131r, g\u00fczel g\u00f6r\u00fcn\u00fcm, kompakt yap\u0131, kullan\u0131m\u0131 kolay ve bak\u0131m kolayd\u0131r.<\/li><li>G\u00fcvenlik muhafazalar\u0131 ile donat\u0131lm\u0131\u015f,<\/li><li>Hidrolik Sosis Makinesi<\/li><li>et i\u015fleme i\u00e7in idealdir. <strong>Bo\u015faltma h\u0131z\u0131 h\u0131zl\u0131d\u0131r, ba\u011f\u0131rsak g\u00f6vdesi homojendir, et benzeri ba\u011f\u0131rsak doldurulabilir ve ba\u011f\u0131rsak doldurma esnektir ve pratiktir. Beslemesi kolay, verimli ve s\u00fcrekli \u00fcretim kapasitesi y\u00fcksektir.<\/strong> Temizlemesi kolayd\u0131r ve \u00e7e\u015fitli \u00fcretim i\u015fletmeleri i\u00e7in uygundur.<\/li><li>Hidrolik sosis doldurma makinesi, pn\u00f6matik sosis doldurma makinesinden daha g\u00fc\u00e7l\u00fcd\u00fcr ve kolayca et sosis doldurabilir.<strong>Bo\u015faltma h\u0131z\u0131 h\u0131zl\u0131d\u0131r, ba\u011f\u0131rsak g\u00f6vdesi homojendir, et benzeri ba\u011f\u0131rsak doldurulabilir ve ba\u011f\u0131rsak doldurma esnektir ve pratiktir. Beslemesi kolay, verimli ve s\u00fcrekli \u00fcretim kapasitesi y\u00fcksektir.\u00a0<\/strong>Sevgi yay<\/li><li>Shuliy<\/li><\/ol>","protected":false},"excerpt":{"rendered":"<p>Brief Introduce Hydraulic Enema Machine is a necessary sausage filling equipment. The Hydraulic Sausage Stuffer Machine is widely applicable to&nbsp; a variety of intestinal filling systems,especially to the drier fillings and meat fillings . The machine upper part has a storage hopper and disc valve,continuously&nbsp; flipping irrigation system, which improve the work efficiency. Features 1.It [&hellip;]<\/p>\n","protected":false},"author":1,"featured_media":43,"parent":0,"template":"","product-type":[598],"class_list":["post-122","product","type-product","status-publish","has-post-thumbnail","hentry","product-type-supporting-auxiliary-equipment"],"_links":{"self":[{"href":"https:\/\/www.meatprocessingmachine.org\/tr\/wp-json\/wp\/v2\/product\/122","targetHints":{"allow":["GET"]}}],"collection":[{"href":"https:\/\/www.meatprocessingmachine.org\/tr\/wp-json\/wp\/v2\/product"}],"about":[{"href":"https:\/\/www.meatprocessingmachine.org\/tr\/wp-json\/wp\/v2\/types\/product"}],"author":[{"embeddable":true,"href":"https:\/\/www.meatprocessingmachine.org\/tr\/wp-json\/wp\/v2\/users\/1"}],"wp:featuredmedia":[{"embeddable":true,"href":"https:\/\/www.meatprocessingmachine.org\/tr\/wp-json\/wp\/v2\/media\/43"}],"wp:attachment":[{"href":"https:\/\/www.meatprocessingmachine.org\/tr\/wp-json\/wp\/v2\/media?parent=122"}],"wp:term":[{"taxonomy":"product-type","embeddable":true,"href":"https:\/\/www.meatprocessingmachine.org\/tr\/wp-json\/wp\/v2\/product-type?post=122"}],"curies":[{"name":"wp","href":"https:\/\/api.w.org\/{rel}","templated":true}]}}