{"id":128,"date":"2018-10-25T06:51:15","date_gmt":"2018-10-24T22:51:15","guid":{"rendered":"http:\/\/www.meatprocessingmachine.org\/?p=128"},"modified":"2026-02-12T16:41:13","modified_gmt":"2026-02-12T08:41:13","slug":"sausage-binding-tying-machine","status":"publish","type":"product","link":"https:\/\/www.meatprocessingmachine.org\/tr\/sausage-binding-tying-machine.html","title":{"rendered":"Sosis Ba\u011flama Teli Makinesi"},"content":{"rendered":"<div class=\"kk-star-ratings kksr-auto kksr-align-right kksr-valign-top\"     data-payload='{&quot;align&quot;:&quot;right&quot;,&quot;id&quot;:&quot;128&quot;,&quot;slug&quot;:&quot;default&quot;,&quot;valign&quot;:&quot;top&quot;,&quot;ignore&quot;:&quot;&quot;,&quot;reference&quot;:&quot;auto&quot;,&quot;class&quot;:&quot;&quot;,&quot;count&quot;:&quot;0&quot;,&quot;legendonly&quot;:&quot;&quot;,&quot;readonly&quot;:&quot;&quot;,&quot;score&quot;:&quot;0&quot;,&quot;starsonly&quot;:&quot;&quot;,&quot;best&quot;:&quot;5&quot;,&quot;gap&quot;:&quot;5&quot;,&quot;greet&quot;:&quot;Rate this product&quot;,&quot;legend&quot;:&quot;0\\\/5 - (0 votes)&quot;,&quot;size&quot;:&quot;24&quot;,&quot;title&quot;:&quot;Sausage Binding Wire Machine&quot;,&quot;width&quot;:&quot;0&quot;,&quot;_legend&quot;:&quot;{score}\\\/{best} - ({count} {votes})&quot;,&quot;font_factor&quot;:&quot;1.25&quot;}'>              <div class=\"kksr-stars\">      <div class=\"kksr-stars-inactive\">             <div class=\"kksr-star\" data-star=\"1\" style=\"padding-right: 5px\">               <div class=\"kksr-icon\" style=\"width: 24px; height: 24px;\"><\/div>         <\/div>             <div class=\"kksr-star\" data-star=\"2\" style=\"padding-right: 5px\">               <div class=\"kksr-icon\" style=\"width: 24px; height: 24px;\"><\/div>         <\/div>             <div class=\"kksr-star\" data-star=\"3\" style=\"padding-right: 5px\">               <div class=\"kksr-icon\" style=\"width: 24px; height: 24px;\"><\/div>         <\/div>             <div class=\"kksr-star\" data-star=\"4\" style=\"padding-right: 5px\">               <div class=\"kksr-icon\" style=\"width: 24px; height: 24px;\"><\/div>         <\/div>             <div class=\"kksr-star\" data-star=\"5\" style=\"padding-right: 5px\">               <div class=\"kksr-icon\" style=\"width: 24px; height: 24px;\"><\/div>         <\/div>     <\/div>      <div class=\"kksr-stars-active\" style=\"width: 0px;\">             <div class=\"kksr-star\" style=\"padding-right: 5px\">               <div class=\"kksr-icon\" style=\"width: 24px; height: 24px;\"><\/div>         <\/div>             <div class=\"kksr-star\" style=\"padding-right: 5px\">               <div class=\"kksr-icon\" style=\"width: 24px; height: 24px;\"><\/div>         <\/div>             <div class=\"kksr-star\" style=\"padding-right: 5px\">               <div class=\"kksr-icon\" style=\"width: 24px; height: 24px;\"><\/div>         <\/div>             <div class=\"kksr-star\" style=\"padding-right: 5px\">               <div class=\"kksr-icon\" style=\"width: 24px; height: 24px;\"><\/div>         <\/div>             <div class=\"kksr-star\" style=\"padding-right: 5px\">               <div class=\"kksr-icon\" style=\"width: 24px; height: 24px;\"><\/div>         <\/div>     <\/div> <\/div>                   <div class=\"kksr-legend\" style=\"font-size: 19.2px;\">             <span class=\"kksr-muted\">Bu \u00fcr\u00fcn\u00fc de\u011ferlendirin<\/span>     <\/div>     <\/div>  <p class=\"translation-block\"><span class=\"transSent\" data-group=\"0-0\">Taizy sosis ba\u011flama teli makinesi ba\u011f\u0131rsak \u00fcr\u00fcnlerinin kantitatif ve segmentasyon i\u015flemleri i\u00e7in kullan\u0131l\u0131r.<\/span> <span class=\"transSent\" data-group=\"0-0\">Firmam\u0131zda otomatik ve yar\u0131 otomatik modeller mevcuttur. Kullan\u0131c\u0131lar \u00fcretim ve k\u0131l\u0131f\u0131n uniformlu\u011funa g\u00f6re uygun ekipman\u0131 se\u00e7ebilir.<\/span> Bu, <a href=\"https:\/\/www.meatprocessingmachine.org\/tr\/sausage-production-line-for-sausage-making.html\/\">sosis \u00fcretim hatt\u0131nda<\/a> gerekli bir makinedir.<\/p>    <h2 class=\"wp-block-heading\" id=\"h-introduction-of-the-sausage-binding-wire-machine\">Sosis ba\u011flama teli makinesinin tan\u0131t\u0131m\u0131<\/h2>    <ol class=\"wp-block-list\"> <li>Sosis Ba\u011flama Teli Makinesi paslanmaz \u00e7elikten yap\u0131lm\u0131\u015ft\u0131r. Yap\u0131s\u0131 kompakt olup kullan\u0131m\u0131 kolay, pratik ve estetik. Bu, ideal bir ekipmand\u0131r <a href=\"https:\/\/en.wikipedia.org\/wiki\/Sausage\" target=\"_blank\" rel=\"noopener\">sosis<\/a>s ve ba\u011f\u0131rsaklar.<\/li>    <li>Sosis Ba\u011flama Teli Makinesi, y\u00fcksek verimlilik, kolay kontrol ve \u00fcretim malzemelerinden tasarruf sa\u011flayan geli\u015fmi\u015f ithal servo motor ve yeni \u015firket m\u00fclkiyetinde insan-makine aray\u00fcz kontrol sistemi kullan\u0131r.<\/li>    <li>\u00dcr\u00fcn\u00fcn uzunlu\u011fu ve \u00e7ap\u0131 m\u00fc\u015fteri gereksinimlerine g\u00f6re ayarlanabilir.<\/li> <\/ol>    <figure class=\"wp-block-image size-full is-resized\"><img loading=\"lazy\" decoding=\"async\" width=\"800\" height=\"800\" src=\"https:\/\/www.meatprocessingmachine.org\/wp-content\/uploads\/2020\/06\/sausage-binding-wire-machine-1.jpg\" alt=\"Sosis ba\u011flama teli makinesi\" class=\"wp-image-534\" style=\"object-fit:cover;width:720px;height:540px\" title=\"\" srcset=\"https:\/\/www.meatprocessingmachine.org\/wp-content\/uploads\/2020\/06\/sausage-binding-wire-machine-1.jpg 800w, https:\/\/www.meatprocessingmachine.org\/wp-content\/uploads\/2020\/06\/sausage-binding-wire-machine-1-300x300.jpg 300w, https:\/\/www.meatprocessingmachine.org\/wp-content\/uploads\/2020\/06\/sausage-binding-wire-machine-1-150x150.jpg 150w, https:\/\/www.meatprocessingmachine.org\/wp-content\/uploads\/2020\/06\/sausage-binding-wire-machine-1-768x768.jpg 768w\" sizes=\"auto, (max-width: 800px) 100vw, 800px\" \/><figcaption class=\"wp-element-caption\">Sosis Ba\u011flama Teli Makinesi<\/figcaption><\/figure>    <h2 class=\"wp-block-heading\" id=\"h-advantages-of-the-sausage-binding-wire-machine\">Sosis ba\u011flama teli makinesinin avantajlar\u0131<\/h2>    <ol class=\"wp-block-list\"> <li>\u0130\u015f\u00e7ilerin i\u015f yo\u011funlu\u011fu azalt\u0131l\u0131r. Operat\u00f6r sadece doldurma ba\u011f\u0131rsaklar\u0131n\u0131 makinenin besleme giri\u015fine koyar ve makine otomatik olarak sosisin besleme ve ba\u011flama i\u015flemini tamamlar.<\/li>    <li>Sosis \u00fcretim verimlili\u011fini b\u00fcy\u00fck \u00f6l\u00e7\u00fcde art\u0131rd\u0131, m\u00fc\u015fteri gereksinimlerine g\u00f6re rastgele ayarlanabilir.<\/li>    <li>Temiz ve \u00e7evre dostudur \u00e7\u00fcnk\u00fc ekipman esas olarak g\u0131daya uygun paslanmaz \u00e7elikten yap\u0131lm\u0131\u015ft\u0131r. \u00dcretim s\u0131ras\u0131nda sosis di\u011fer metallarla temas etmez.<\/li>    <li>Makine kullan\u0131m\u0131 kolayd\u0131r. Uzunluk ve h\u0131z ayarland\u0131ktan sonra, makine t\u00fcm i\u015fi otomatik ve verimli bir \u015fekilde tamamlar.<\/li>    <li>Bu nedenle, sosis prosed\u00fcrleri giderek artan hijyen gereksinimlerine daha uygun hale gelir.<\/li> <\/ol>    <figure class=\"wp-block-image size-full is-resized\"><img loading=\"lazy\" decoding=\"async\" width=\"750\" height=\"750\" src=\"https:\/\/www.meatprocessingmachine.org\/wp-content\/uploads\/2018\/10\/sausage1.jpg\" alt=\"sosis ba\u011flama makinesi\" class=\"wp-image-147\" style=\"object-fit:cover;width:720px;height:540px\" title=\"\" srcset=\"https:\/\/www.meatprocessingmachine.org\/wp-content\/uploads\/2018\/10\/sausage1.jpg 750w, https:\/\/www.meatprocessingmachine.org\/wp-content\/uploads\/2018\/10\/sausage1-150x150.jpg 150w, https:\/\/www.meatprocessingmachine.org\/wp-content\/uploads\/2018\/10\/sausage1-300x300.jpg 300w\" sizes=\"auto, (max-width: 750px) 100vw, 750px\" \/><figcaption class=\"wp-element-caption\">Sosis Ba\u011flama Makinesi<\/figcaption><\/figure>    <h2 class=\"wp-block-heading\" id=\"h-technical-parameter-of-sausage-binding-wire-machine\">Sosis ba\u011flama teli makinesinin teknik parametreleri<\/h2>    <figure class=\"wp-block-table\"><table><tbody><tr><td><strong>Model<\/strong><\/td><td><strong>TZ-100<\/strong><\/td><td><strong>TZ-200<\/strong><\/td><\/tr><tr><td><strong>Operasyon<\/strong><\/td><td><strong>Yar\u0131 otomatik<\/strong><\/td><td><strong>Tam otomatik<\/strong><\/td><\/tr><tr><td><strong>Uygun sosis \u00e7ap\u0131<\/strong><\/td><td><strong>9~35mm<\/strong><\/td><td><strong>9~30mm<\/strong><\/td><\/tr><tr><td><strong>Sosis g\u00f6vdesi uzunlu\u011fu<\/strong><\/td><td><strong>30~300mm<\/strong><\/td><td><strong>Ayarlanabilir<\/strong><\/td><\/tr><tr><td><strong>Kapasite<\/strong><\/td><td><strong>10~100adet\/dakika<\/strong><\/td><td><strong>3600adet\/saat<\/strong><\/td><\/tr><tr><td><strong>Boyut<\/strong><\/td><td><strong>1100*500*900mm<\/strong><\/td><td><strong>1080*620*1125mm<\/strong><\/td><\/tr><tr><td><strong>A\u011f\u0131rl\u0131k<\/strong><\/td><td><strong>100kg<\/strong><\/td><td><strong>100kg<\/strong><\/td><\/tr><\/tbody><\/table><figcaption class=\"wp-element-caption\">sosis ba\u011flama makinesi<\/figcaption><\/figure>    <p>Protein k\u0131l\u0131flar tamamen otomatik ba\u011flama makineleri i\u00e7in uygundur. Hayvan k\u0131l\u0131flar\u0131 ise yar\u0131 otomatik ba\u011flama makineleri i\u00e7in daha uygundur. Makine hakk\u0131nda daha fazla bilgi almak isterseniz, l\u00fctfen bizimle ileti\u015fime ge\u00e7mekten \u00e7ekinmeyin.<\/p>","protected":false},"excerpt":{"rendered":"<p>Taizy Et \u0130\u015fleme Makineleri <\/p>","protected":false},"author":1,"featured_media":148,"parent":0,"template":"","product-type":[598],"class_list":["post-128","product","type-product","status-publish","has-post-thumbnail","hentry","product-type-supporting-auxiliary-equipment"],"_links":{"self":[{"href":"https:\/\/www.meatprocessingmachine.org\/tr\/wp-json\/wp\/v2\/product\/128","targetHints":{"allow":["GET"]}}],"collection":[{"href":"https:\/\/www.meatprocessingmachine.org\/tr\/wp-json\/wp\/v2\/product"}],"about":[{"href":"https:\/\/www.meatprocessingmachine.org\/tr\/wp-json\/wp\/v2\/types\/product"}],"author":[{"embeddable":true,"href":"https:\/\/www.meatprocessingmachine.org\/tr\/wp-json\/wp\/v2\/users\/1"}],"wp:featuredmedia":[{"embeddable":true,"href":"https:\/\/www.meatprocessingmachine.org\/tr\/wp-json\/wp\/v2\/media\/148"}],"wp:attachment":[{"href":"https:\/\/www.meatprocessingmachine.org\/tr\/wp-json\/wp\/v2\/media?parent=128"}],"wp:term":[{"taxonomy":"product-type","embeddable":true,"href":"https:\/\/www.meatprocessingmachine.org\/tr\/wp-json\/wp\/v2\/product-type?post=128"}],"curies":[{"name":"wp","href":"https:\/\/api.w.org\/{rel}","templated":true}]}}