{"id":1291,"date":"2021-05-28T18:15:06","date_gmt":"2021-05-28T10:15:06","guid":{"rendered":"https:\/\/www.meatprocessingmachine.org\/?p=1291"},"modified":"2026-02-12T16:05:54","modified_gmt":"2026-02-12T08:05:54","slug":"chicken-breast-slicer-machine","status":"publish","type":"product","link":"https:\/\/www.meatprocessingmachine.org\/tr\/chicken-breast-slicer-machine.html","title":{"rendered":"Tavuk g\u00f6\u011fs\u00fc dilimleme makinesi \/ et dilimleri \/ \u015feritleri"},"content":{"rendered":"<div class=\"kk-star-ratings kksr-auto kksr-align-right kksr-valign-top\"     data-payload='{&quot;align&quot;:&quot;right&quot;,&quot;id&quot;:&quot;1291&quot;,&quot;slug&quot;:&quot;default&quot;,&quot;valign&quot;:&quot;top&quot;,&quot;ignore&quot;:&quot;&quot;,&quot;reference&quot;:&quot;auto&quot;,&quot;class&quot;:&quot;&quot;,&quot;count&quot;:&quot;0&quot;,&quot;legendonly&quot;:&quot;&quot;,&quot;readonly&quot;:&quot;&quot;,&quot;score&quot;:&quot;0&quot;,&quot;starsonly&quot;:&quot;&quot;,&quot;best&quot;:&quot;5&quot;,&quot;gap&quot;:&quot;5&quot;,&quot;greet&quot;:&quot;Rate this product&quot;,&quot;legend&quot;:&quot;0\\\/5 - (0 votes)&quot;,&quot;size&quot;:&quot;24&quot;,&quot;title&quot;:&quot;Chicken breast slicer machine for meat slices\\\/strips&quot;,&quot;width&quot;:&quot;0&quot;,&quot;_legend&quot;:&quot;{score}\\\/{best} - ({count} {votes})&quot;,&quot;font_factor&quot;:&quot;1.25&quot;}'>              <div class=\"kksr-stars\">      <div class=\"kksr-stars-inactive\">             <div class=\"kksr-star\" data-star=\"1\" style=\"padding-right: 5px\">               <div class=\"kksr-icon\" style=\"width: 24px; height: 24px;\"><\/div>         <\/div>             <div class=\"kksr-star\" data-star=\"2\" style=\"padding-right: 5px\">               <div class=\"kksr-icon\" style=\"width: 24px; height: 24px;\"><\/div>         <\/div>             <div class=\"kksr-star\" data-star=\"3\" style=\"padding-right: 5px\">               <div class=\"kksr-icon\" style=\"width: 24px; height: 24px;\"><\/div>         <\/div>             <div class=\"kksr-star\" data-star=\"4\" style=\"padding-right: 5px\">               <div class=\"kksr-icon\" style=\"width: 24px; height: 24px;\"><\/div>         <\/div>             <div class=\"kksr-star\" data-star=\"5\" style=\"padding-right: 5px\">               <div class=\"kksr-icon\" style=\"width: 24px; height: 24px;\"><\/div>         <\/div>     <\/div>      <div class=\"kksr-stars-active\" style=\"width: 0px;\">             <div class=\"kksr-star\" style=\"padding-right: 5px\">               <div class=\"kksr-icon\" style=\"width: 24px; height: 24px;\"><\/div>         <\/div>             <div class=\"kksr-star\" style=\"padding-right: 5px\">               <div class=\"kksr-icon\" style=\"width: 24px; height: 24px;\"><\/div>         <\/div>             <div class=\"kksr-star\" style=\"padding-right: 5px\">               <div class=\"kksr-icon\" style=\"width: 24px; height: 24px;\"><\/div>         <\/div>             <div class=\"kksr-star\" style=\"padding-right: 5px\">               <div class=\"kksr-icon\" style=\"width: 24px; height: 24px;\"><\/div>         <\/div>             <div class=\"kksr-star\" style=\"padding-right: 5px\">               <div class=\"kksr-icon\" style=\"width: 24px; height: 24px;\"><\/div>         <\/div>     <\/div> <\/div>                   <div class=\"kksr-legend\" style=\"font-size: 19.2px;\">             <span class=\"kksr-muted\">Bu \u00fcr\u00fcn\u00fc de\u011ferlendirin<\/span>     <\/div>     <\/div>  <p>Tavuk g\u00f6\u011fs\u00fc dilimleme makinesi eti dilimlere i\u015fleyebilir ve et kesme makineleri etleri \u015feritler haline getirebilir. Hammadde olarak tavuk g\u00f6\u011fs\u00fc, s\u0131\u011f\u0131r eti, domuz eti vb. kullan\u0131labilir. Et dilimleme makineleri, \u00e7o\u011fu kemiksiz et i\u00e7in uygun olan geni\u015f bir et yelpazesini i\u015fleyebilir. <\/p>    <p>Et dilimleme makinesi, i\u015fleme s\u0131ras\u0131nda boyut ve kal\u0131nl\u0131\u011f\u0131 do\u011fru bir \u015fekilde yakalamak i\u00e7in d\u00fcz kesim i\u015flemi kullan\u0131r. Et dilimlerinin kal\u0131nl\u0131\u011f\u0131 \u00f6zelle\u015ftirilebilir. G\u0131da i\u015fleme tesisleri, restoran mutfaklar\u0131 ve b\u00fcy\u00fck yemek salonlar\u0131 i\u00e7in uygundur.<\/p>    <figure class=\"wp-block-image size-large\"><img loading=\"lazy\" decoding=\"async\" width=\"720\" height=\"540\" src=\"https:\/\/www.meatprocessingmachine.org\/wp-content\/uploads\/2021\/05\/2-1.jpg\" alt=\"Elektronik Yumurta S\u0131n\u0131fland\u0131rma Makinesi\" class=\"wp-image-1296\" title=\"\" srcset=\"https:\/\/www.meatprocessingmachine.org\/wp-content\/uploads\/2021\/05\/2-1.jpg 720w, https:\/\/www.meatprocessingmachine.org\/wp-content\/uploads\/2021\/05\/2-1-300x225.jpg 300w\" sizes=\"auto, (max-width: 720px) 100vw, 720px\" \/><figcaption class=\"wp-element-caption\">Dilimlenmi\u015f Tavuk G\u00f6\u011fs\u00fc<\/figcaption><\/figure>    <h2 class=\"wp-block-heading\" id=\"h-type-of-meat-cutting-machinery-for-meat-slices-strips\">Et dilimleme makineleri i\u00e7in et dilimleme makineleri\/\u015feritler videosu<\/h2>    <figure class=\"wp-block-embed is-type-video is-provider-youtube wp-block-embed-youtube\"><div class=\"wp-block-embed__wrapper\"> <iframe loading=\"lazy\" title=\"tavuk g\u00f6\u011fs\u00fc dilimleme makinesi\/Et Dilimleri\/\u015eeritler i\u00e7in Et Kesme Makineleri\" width=\"500\" height=\"281\" src=\"https:\/\/www.youtube.com\/embed\/2jjreRlvCKM?start=19&#038;feature=oembed\" frameborder=\"0\" allow=\"accelerometer; autoplay; clipboard-write; encrypted-media; gyroscope; picture-in-picture; web-share\" referrerpolicy=\"strict-origin-when-cross-origin\" allowfullscreen><\/iframe> <\/div><\/figure>    <h2 class=\"wp-block-heading\" id=\"h-introduction-of-chicken-breast-slicer-machine\">Tavuk g\u00f6\u011fs\u00fc dilimleme makinesinin tan\u0131t\u0131m\u0131<\/h2>    <p class=\"translation-block\">Tavuk g\u00f6\u011fs\u00fc dilimleme makinesi do\u011frudan eti dilimlere keser, \u00f6rne\u011fin tavuk g\u00f6\u011fs\u00fc dilimleri, s\u0131\u011f\u0131r dilimleri ve domuz dilimleri. Tavuk g\u00f6\u011fs\u00fc dilimleme makinesi, dilimleme i\u015fini tek ba\u015f\u0131na tamamlayabilen ba\u011f\u0131ms\u0131z bir makinedir. Kullanmak i\u00e7in, eti konvey\u00f6r band\u0131na yerle\u015ftirin ve birka\u00e7 saniye bekleyin. Tavuk g\u00f6\u011fs\u00fc dilimleme makinesi, et dilimlerinin kal\u0131nl\u0131\u011f\u0131n\u0131 2-8mm olarak kesebilir ve et dilimleme makinesi boyut ve kal\u0131nl\u0131\u011f\u0131 do\u011fru bir \u015fekilde yakalayabilir. <\/p>    <p class=\"translation-block\">Ayr\u0131ca, her et diliminin kal\u0131nl\u0131\u011f\u0131 ayn\u0131d\u0131r, <strong>tavuk g\u00f6\u011fs\u00fc dilimleme makinesi<\/strong> manuelden \u00e7ok daha fazlad\u0131r, bu nedenle makinenin kesim avantaj\u0131 \u00e7ok belirgindir. Ayr\u0131ca, dilimleyicinin bir di\u011fer avantaj\u0131, makinenin h\u0131z\u0131n\u0131n ayarlanabilir olmas\u0131d\u0131r. Bu, i\u015fleme ak\u0131\u015f\u0131na uyum sa\u011flayabilir.<\/p>    <figure class=\"wp-block-image size-full is-resized\"><img loading=\"lazy\" decoding=\"async\" width=\"680\" height=\"480\" src=\"https:\/\/www.meatprocessingmachine.org\/wp-content\/uploads\/2021\/09\/breast-slicer-machine.jpg\" alt=\"g\u00f6\u011f\u00fcs dilimleme makinesi\" class=\"wp-image-1993\" style=\"width:720px;height:540px\" title=\"\" srcset=\"https:\/\/www.meatprocessingmachine.org\/wp-content\/uploads\/2021\/09\/breast-slicer-machine.jpg 680w, https:\/\/www.meatprocessingmachine.org\/wp-content\/uploads\/2021\/09\/breast-slicer-machine-300x212.jpg 300w\" sizes=\"auto, (max-width: 680px) 100vw, 680px\" \/><figcaption class=\"wp-element-caption\"> <strong>g\u00f6\u011f\u00fcs dilimleme makinesi<\/strong> <\/figcaption><\/figure>    <h2 class=\"wp-block-heading\">tavuk fileto dilimleme makinesi parametreleri<\/h2>    <figure class=\"wp-block-table\"><table><tbody><tr><td>Model<\/td><td>KSQPJ-100<\/td><\/tr><tr><td>G\u00fc\u00e7(kW)<\/td><td>1.65KW<\/td><\/tr><tr><td>Geni\u015flik<\/td><td>260mm<\/td><\/tr><tr><td>Konvey\u00f6r band\u0131 h\u0131z aral\u0131\u011f\u0131<\/td><td>3-15m\/dk(Frekans)<\/td><\/tr><tr><td>Voltaj( v<strong>)<\/strong><\/td><td>380v<\/td><\/tr><tr><td>Maksimum \u00fcr\u00fcn geni\u015fli\u011fi<\/td><td>80-120mm(Ayarlanabilir)<\/td><\/tr><tr><td>Giri\u015f ve \u00e7\u0131k\u0131\u015f y\u00fcksekli\u011fi<\/td><td>30mm<\/td><\/tr><tr><td>Kesim kal\u0131nl\u0131\u011f\u0131<\/td><td>4-40mm<\/td><\/tr><tr><td>Boyut<\/td><td>1800x820x1580mm<\/td><\/tr><\/tbody><\/table><figcaption class=\"wp-element-caption\">Tavuk G\u00f6\u011fs\u00fc Dilimleme Makinesi<\/figcaption><\/figure>    <p>Model KSQPJ-100'\u00fcn g\u00fcc\u00fc 1.65kw ve voltaj\u0131 380v'dir. Kesim kal\u0131nl\u0131\u011f\u0131 4-40mm aras\u0131nda ayarlanabilir. Bu arada, konvey\u00f6r bant\u0131n\u0131n h\u0131z\u0131 da ayarlanabilir (3-15m\/dk). Bu tavuk fileto dilimleme makinesi hakk\u0131nda daha fazla bilgi almak isterseniz, l\u00fctfen bizimle ileti\u015fime ge\u00e7in.<\/p>    <h2 class=\"wp-block-heading\" id=\"h-chicken-breast-slicer-machine-principle\">Tavuk g\u00f6\u011fs\u00fc dilimleme makinesinin \u00e7al\u0131\u015fma prensibi<\/h2>    <p>The chicken breast slicer machine&nbsp;conveys the meat to the cutting place by the machine&#8217;s high-friction conveyor belt. The chicken breast slicer machine&nbsp;is composed of multiple horizontal sharp blades. The cut meat is sent out through the conveyor belt. <\/p>    <p>Yani, et dilimlerinin kesimi. Kal\u0131nl\u0131k, b\u0131\u00e7aklar aras\u0131ndaki mesafe ile belirlenir. Bu mesafe, fabrikadan \u00e7\u0131karken ihtiya\u00e7lara g\u00f6re \u00f6zelle\u015ftirilebilir. \u00c7o\u011fu ihtiyac\u0131 kar\u015f\u0131layabilir. <\/p>    <p>Ve konvey\u00f6r band\u0131n\u0131n ta\u015f\u0131ma h\u0131z\u0131 ayarlanabilir, bu \u00e7ok zekicedir. \u00c7\u00fcnk\u00fc ba\u015fka bir b\u00f6l\u00fcmde \u00e7al\u0131\u015f\u0131rken, manuel paketleme veya bitmi\u015f \u00fcr\u00fcnler olabilir. O zaman, daha iyi bir sonu\u00e7 elde etmek i\u00e7in konvey\u00f6r band\u0131n\u0131 \u00e7al\u0131\u015fma h\u0131z\u0131na g\u00f6re ayarlayabiliriz. Bu, tasar\u0131mc\u0131lar\u0131n tasar\u0131m yaparken i\u015fin ger\u00e7ek durumunu dikkate ald\u0131klar\u0131 ve dikkatli olduklar\u0131 ger\u00e7e\u011fidir.<\/p>    <figure class=\"wp-block-image size-large is-resized\"><img loading=\"lazy\" decoding=\"async\" width=\"720\" height=\"353\" src=\"https:\/\/www.meatprocessingmachine.org\/wp-content\/uploads\/2021\/05\/3.jpg\" alt=\"tavuk g\u00f6\u011fs\u00fc dilimleme makinesi\" class=\"wp-image-1298\" style=\"width:720px;height:540px\" title=\"\" srcset=\"https:\/\/www.meatprocessingmachine.org\/wp-content\/uploads\/2021\/05\/3.jpg 720w, https:\/\/www.meatprocessingmachine.org\/wp-content\/uploads\/2021\/05\/3-300x147.jpg 300w\" sizes=\"auto, (max-width: 720px) 100vw, 720px\" \/><figcaption><\/figcaption><\/figure>    <h2 class=\"wp-block-heading\" id=\"h-finished-product-effect-of-chicken-breast-slicer-machine\">Tavuk g\u00f6\u011fs\u00fc dilimleme makinesinin bitmi\u015f \u00fcr\u00fcn etkisi<\/h2>    <figure class=\"wp-block-image size-full is-resized\"><img loading=\"lazy\" decoding=\"async\" width=\"520\" height=\"390\" src=\"https:\/\/www.meatprocessingmachine.org\/wp-content\/uploads\/2021\/09\/chicken-breast-slicer-machine.png\" alt=\"tavuk g\u00f6\u011fs\u00fc dilimleme makinesi\" class=\"wp-image-1994\" style=\"width:720px;height:540px\" title=\"\" srcset=\"https:\/\/www.meatprocessingmachine.org\/wp-content\/uploads\/2021\/09\/chicken-breast-slicer-machine.png 520w, https:\/\/www.meatprocessingmachine.org\/wp-content\/uploads\/2021\/09\/chicken-breast-slicer-machine-300x225.png 300w\" sizes=\"auto, (max-width: 520px) 100vw, 520px\" \/><figcaption class=\"wp-element-caption\"> <strong>tavuk g\u00f6\u011fs\u00fc dilimleme makinesi<\/strong> <\/figcaption><\/figure>    <p>Tavuk g\u00f6\u011fs\u00fc dilimleme makinesi 2-8mm et dilimleri kesebilir. Bu kal\u0131nl\u0131k, makine sat\u0131n al\u0131rken a\u00e7\u0131klanabilir, b\u00f6ylece belirli bir boyut b\u0131\u00e7a\u011f\u0131 \u00f6zelle\u015ftirilebilir. Kesilen et dilimlerinin kal\u0131nl\u0131\u011f\u0131 e\u015fit ve y\u00fczeyi \u00e7ok p\u00fcr\u00fczs\u00fczd\u00fcr. B\u0131\u00e7ak \u00e7ok keskindir ve kesim sonras\u0131 ete herhangi bir zarar vermez, kayba neden olmaz, bu da ger\u00e7ekten y\u00fcksek verimlilik ve y\u00fcksek rand\u0131man sa\u011flar.<\/p>    <h2 class=\"wp-block-heading\" id=\"h-meat-cutting-machinery-for-meat-strips-introduction\">Et \u015feritleri i\u00e7in et kesme makineleri tan\u0131t\u0131m\u0131<\/h2>    <p class=\"translation-block\"><strong>Et \u015eeritleri i\u00e7in Et Kesme Makineleri tan\u0131t\u0131m\u0131<\/strong> iki b\u00f6l\u00fcmden olu\u015fur. \u0130lk olarak, bir dilimleyici ile dilimlenir ve ard\u0131ndan bir dilimleyici arac\u0131l\u0131\u011f\u0131yla ge\u00e7er. \u00dcr\u00fcn \u00e7e\u015fitli et \u015feritleridir. Dilimleyici, etleri yatay olarak dilimleyip, sonraki makine taraf\u0131ndan dikey olarak \u015feritler haline getirir. Tavuk g\u00f6\u011fs\u00fc kesme makinesi, konvey\u00f6r band\u0131 arac\u0131l\u0131\u011f\u0131yla do\u011frudan ta\u015f\u0131n\u0131r, \u015ferit haline gelene kadar i\u015f g\u00fcc\u00fcne ihtiya\u00e7 duyulmaz. <\/p>    <figure class=\"wp-block-table\"><table><tbody><tr><td>Model<\/td><td>KSQTJ-260<\/td><\/tr><tr><td>G\u00fc\u00e7 kW<\/td><td>0.75kw<\/td><\/tr><tr><td>geni\u015flik<\/td><td>260mm<\/td><\/tr><tr><td>Konvey\u00f6r band\u0131 h\u0131z aral\u0131\u011f\u0131<\/td><td>3-15m\/dk(Frekans)<\/td><\/tr><tr><td>G\u00fc\u00e7 kayna\u011f\u0131 voltaj\u0131 v<\/td><td>380v\/50Hz<\/td><\/tr><tr><td>Boyut<\/td><td>2200x650x1450mm<\/td><\/tr><\/tbody><\/table><figcaption class=\"wp-element-caption\"> <strong>Et \u015eeritleri i\u00e7in Et Kesme Makineleri&nbsp;<\/strong> <\/figcaption><\/figure>    <p>T\u00fcm s\u00fcre\u00e7 zaman ve emek tasarrufu sa\u011flar ve verimli ve h\u0131zl\u0131d\u0131r. Konvey\u00f6r band\u0131 \u00f6zel bir \u015ferit tasar\u0131m\u0131na sahiptir, bu da s\u00fcrt\u00fcnmeyi art\u0131r\u0131r, b\u00f6ylece Et \u015eeritleri i\u00e7in Et Kesme Makineleri, nispeten b\u00fcy\u00fck olsa bile ta\u015f\u0131nabilir. Et de ba\u015far\u0131l\u0131 bir \u015fekilde p\u00fcr\u00fczs\u00fcz bir \u015fekilde ta\u015f\u0131nabilir. Kesilen et \u015feritlerinin kal\u0131nl\u0131\u011f\u0131 da ayarlanabilir.<\/p>    <figure class=\"wp-block-image size-full is-resized\"><img loading=\"lazy\" decoding=\"async\" width=\"680\" height=\"480\" src=\"https:\/\/www.meatprocessingmachine.org\/wp-content\/uploads\/2021\/09\/Meat-Cutting-Machinery-for-Meat-Strips-.jpg\" alt=\"Et \u015eeritleri i\u00e7in Et Kesme Makineleri\u00a0\" class=\"wp-image-1995\" style=\"width:720px;height:540px\" title=\"\" srcset=\"https:\/\/www.meatprocessingmachine.org\/wp-content\/uploads\/2021\/09\/Meat-Cutting-Machinery-for-Meat-Strips-.jpg 680w, https:\/\/www.meatprocessingmachine.org\/wp-content\/uploads\/2021\/09\/Meat-Cutting-Machinery-for-Meat-Strips--300x212.jpg 300w\" sizes=\"auto, (max-width: 680px) 100vw, 680px\" \/><figcaption class=\"wp-element-caption\"> <strong>Et \u015eeritleri i\u00e7in Et Kesme Makineleri&nbsp;<\/strong> <\/figcaption><\/figure>    <h3 class=\"wp-block-heading\" id=\"h-cutting-principle-of-meat-cutting-machinery-for-meat-strips\">Et \u015feritleri i\u00e7in et kesme makinelerinin kesim prensibi<\/h3>    <p>The slicer is composed of two parts. The first is a slicer. The meat to be cut is first cut into slices by the slicer. The slicer&#8217;s blade cuts the meat slices horizontally and then continues to be conveyed by the conveyor belt to the next machine. , The cutting process is carried out by the chicken breast cutting machine, and the next step is the vertical cutting of the sliced \u200b\u200bmeat by the cutting machine, which becomes a meat strip<\/p>    <h3 class=\"wp-block-heading\" id=\"h-features-of-the-machine\">Tavuk g\u00f6\u011fs\u00fc kesme makinesinin \u00f6zellikleri<\/h3>    <ol class=\"wp-block-list\"> <li>Makine, tavuk g\u00f6\u011fs\u00fcn\u00fc yatay olarak kesebilir, kesim b\u00f6l\u00fcm\u00fcn\u00fcn kal\u0131nl\u0131\u011f\u0131 do\u011frudur ve kesim y\u00fczeyi p\u00fcr\u00fczs\u00fczd\u00fcr.<\/li>    <li>\u0130\u015flem basit ve \u00f6\u011frenmesi kolayd\u0131r ve \u00fcr\u00fcn spesifikasyonlar\u0131 ayarlanabilir.<\/li>    <li>Tavuk g\u00f6\u011fs\u00fc kesme makinesi \u00e7elikten yap\u0131lm\u0131\u015ft\u0131r, bu da g\u00fcvenli ve g\u00fcvenilir olup, temizlendi\u011finde paslanmaz.<\/li>    <li>Konvey\u00f6r band\u0131, s\u00fcrt\u00fcnmeyi art\u0131rmak ve p\u00fcr\u00fczs\u00fcz bir \u015fekilde ta\u015f\u0131mak i\u00e7in \u015ferit tasar\u0131m\u0131n\u0131 kullan\u0131r.<\/li>    <li>Kesilen \u00fcr\u00fcn \u00e7\u0131k\u0131\u015f\u0131 e\u015fit ve sat\u0131\u015f i\u00e7in uygundur.<\/li> <\/ol>    <h2 class=\"wp-block-heading\" id=\"h-slicing-and-cutting-machine-is-easy-to-operate\">Dilimleme ve kesme makinesini nas\u0131l kullan\u0131r\u0131m?<\/h2>    <p>Makinenin bir kontrol paneli vard\u0131r, bu panel makinenin anahtar\u0131n\u0131 ve konvey\u00f6r band\u0131n\u0131n h\u0131z\u0131n\u0131 kontrol eder. Dilimleme ve kesme s\u0131ras\u0131nda, ham maddeleri makineye manuel olarak yerle\u015ftirmek gerekir, konvey\u00f6r band\u0131 tavuk g\u00f6\u011fs\u00fcn\u00fc d\u0131\u015far\u0131 g\u00f6nderir. <\/p>    <p>Makine \u00e7ok h\u0131zl\u0131 \u00e7al\u0131\u015f\u0131r ve \u00fcr\u00fcnleri verimli bir \u015fekilde i\u015fleyebilir. Makinenin b\u0131\u00e7aklar\u0131 \u00e7elikten yap\u0131lm\u0131\u015ft\u0131r, bu da standart g\u0131da makineleri gereksinimlerini kar\u015f\u0131layabilir ve bitmi\u015f \u00fcr\u00fcnleri g\u00fcvenli bir \u015fekilde \u00fcretebilir.<\/p>    <figure class=\"wp-block-image size-large\"><img loading=\"lazy\" decoding=\"async\" width=\"720\" height=\"540\" src=\"https:\/\/www.meatprocessingmachine.org\/wp-content\/uploads\/2021\/05\/\u672a\u6807\u9898-1.jpg\" alt=\"Et \u015eeritleri i\u00e7in Et Kesme Makineleri\" class=\"wp-image-1301\" title=\"\" srcset=\"https:\/\/www.meatprocessingmachine.org\/wp-content\/uploads\/2021\/05\/\u672a\u6807\u9898-1.jpg 720w, https:\/\/www.meatprocessingmachine.org\/wp-content\/uploads\/2021\/05\/\u672a\u6807\u9898-1-300x225.jpg 300w\" sizes=\"auto, (max-width: 720px) 100vw, 720px\" \/><figcaption><\/figcaption><\/figure>    <h2 class=\"wp-block-heading\" id=\"h-some-precautions-for-chicken-breast-slicer-machine\">Tavuk g\u00f6\u011fs\u00fc dilimleme makinesi i\u00e7in baz\u0131 \u00f6nlemler<\/h2>    <ul class=\"wp-block-list\"> <li>Makine \u00e7al\u0131\u015f\u0131rken, makineye derinlemesine girmek kesinlikle yasakt\u0131r.<\/li>    <li>Makine \u00e7al\u0131\u015f\u0131rken, makineye derinlemesine girilmesi kesinlikle yasakt\u0131r.<\/li>    <li>Makinenin bak\u0131m ve onar\u0131m\u0131na dikkat edin, \u00f6rne\u011fin ya\u011f\u0131lay\u0131n ve kullan\u0131mdan sonra temizleyin.<\/li>    <li>Dondurulmu\u015f Et K\u00fcp Kesme Makinesi<\/li> <\/ul>    <figure class=\"wp-block-image size-large is-resized\"><img loading=\"lazy\" decoding=\"async\" width=\"1024\" height=\"1024\" src=\"https:\/\/www.meatprocessingmachine.org\/wp-content\/uploads\/2021\/09\/Meat-Cutting-Machinery-for-Meat-Strips-2-1024x1024.jpg\" alt=\"\" class=\"wp-image-1996\" style=\"width:720px;height:540px\" title=\"\" srcset=\"https:\/\/www.meatprocessingmachine.org\/wp-content\/uploads\/2021\/09\/Meat-Cutting-Machinery-for-Meat-Strips-2-1024x1024.jpg 1024w, https:\/\/www.meatprocessingmachine.org\/wp-content\/uploads\/2021\/09\/Meat-Cutting-Machinery-for-Meat-Strips-2-300x300.jpg 300w, https:\/\/www.meatprocessingmachine.org\/wp-content\/uploads\/2021\/09\/Meat-Cutting-Machinery-for-Meat-Strips-2-150x150.jpg 150w, https:\/\/www.meatprocessingmachine.org\/wp-content\/uploads\/2021\/09\/Meat-Cutting-Machinery-for-Meat-Strips-2-768x768.jpg 768w, https:\/\/www.meatprocessingmachine.org\/wp-content\/uploads\/2021\/09\/Meat-Cutting-Machinery-for-Meat-Strips-2.jpg 1080w\" sizes=\"auto, (max-width: 1024px) 100vw, 1024px\" \/><figcaption class=\"wp-element-caption\"> <strong>Et \u015eeritleri i\u00e7in Et Kesme Makineleri&nbsp;<\/strong> <\/figcaption><\/figure>    <h2 class=\"wp-block-heading\" id=\"h-related-machine-provision\">\u0130lgili makine temini<\/h2>    <p class=\"translation-block\">Ger\u00e7ek et i\u015fleme s\u00fcrecinde, sadece soslu eti kesmek gerekebilir ve firmam\u0131z\u0131n makineleri \u00e7ok kapsaml\u0131d\u0131r. Ayr\u0131ca, <a href=\"https:\/\/www.meatprocessingmachine.org\/tr\/commercial-frozen-fresh-meat-dicing-machine.html\/\"> ticari dondurulmu\u015f taze et k\u00fcp kesme makineleri<\/a>, <a href=\"https:\/\/www.meatprocessingmachine.org\/tr\/bone-grinder-machine-meat-and-bone-grinder.html\/\">kemik \u00f6\u011f\u00fct\u00fcc\u00fcler\/et \u00f6\u011f\u00fct\u00fcc\u00fcler\/Kemik ezme \u00f6\u011f\u00fct\u00fcc\u00fcleri<\/a> sa\u011flayabiliriz.<\/p>    <div class=\"wp-block-columns is-layout-flex wp-container-core-columns-is-layout-9d6595d7 wp-block-columns-is-layout-flex\"> <div class=\"wp-block-column is-layout-flow wp-block-column-is-layout-flow\"> <figure class=\"wp-block-image size-full\"><a href=\"https:\/\/www.meatprocessingmachine.org\/tr\/commercial-frozen-fresh-meat-dicing-machine.html\/\"><img loading=\"lazy\" decoding=\"async\" width=\"720\" height=\"540\" src=\"https:\/\/www.meatprocessingmachine.org\/wp-content\/uploads\/2022\/01\/beef-dicing-machine.png\" alt=\"dondurulmu\u015f et do\u011frama makinesi\" class=\"wp-image-32559\" title=\"\" srcset=\"https:\/\/www.meatprocessingmachine.org\/wp-content\/uploads\/2022\/01\/beef-dicing-machine.png 720w, https:\/\/www.meatprocessingmachine.org\/wp-content\/uploads\/2022\/01\/beef-dicing-machine-300x225.png 300w\" sizes=\"auto, (max-width: 720px) 100vw, 720px\" \/><\/a><figcaption class=\"wp-element-caption\">Kemik K\u0131yma Makinesi<\/figcaption><\/figure> <\/div>    <div class=\"wp-block-column is-layout-flow wp-block-column-is-layout-flow\"> <figure class=\"wp-block-image size-full\"><a href=\"https:\/\/www.meatprocessingmachine.org\/tr\/bone-grinder-machine-meat-and-bone-grinder.html\/\"><img loading=\"lazy\" decoding=\"async\" width=\"720\" height=\"540\" src=\"https:\/\/www.meatprocessingmachine.org\/wp-content\/uploads\/2020\/11\/bone-grinder-machine.jpg\" alt=\"kemik k\u0131rma makinesi\" class=\"wp-image-911\" title=\"\" srcset=\"https:\/\/www.meatprocessingmachine.org\/wp-content\/uploads\/2020\/11\/bone-grinder-machine.jpg 720w, https:\/\/www.meatprocessingmachine.org\/wp-content\/uploads\/2020\/11\/bone-grinder-machine-300x225.jpg 300w\" sizes=\"auto, (max-width: 720px) 100vw, 720px\" \/><\/a><figcaption class=\"wp-element-caption\">Kemik \u00d6\u011f\u00fctme Makinesi<\/figcaption><\/figure> <\/div> <\/div>","protected":false},"excerpt":{"rendered":"<p>The chicken breast slicer machine can process meat into slices , Meat Cutting Machinery for Meat Strips process meat into strips .The raw materials can be chicken breast, beef, pork, etc. Meat slicer machine can process a wide range of meats, which is suitable for most boneless meats. The meat slicer machine uses a flat cutting process during processing to accurately grasp the size and thickness. <\/p>","protected":false},"author":1,"featured_media":1991,"parent":0,"template":"","product-type":[583],"class_list":["post-1291","product","type-product","status-publish","has-post-thumbnail","hentry","product-type-chicken-turkey"],"_links":{"self":[{"href":"https:\/\/www.meatprocessingmachine.org\/tr\/wp-json\/wp\/v2\/product\/1291","targetHints":{"allow":["GET"]}}],"collection":[{"href":"https:\/\/www.meatprocessingmachine.org\/tr\/wp-json\/wp\/v2\/product"}],"about":[{"href":"https:\/\/www.meatprocessingmachine.org\/tr\/wp-json\/wp\/v2\/types\/product"}],"author":[{"embeddable":true,"href":"https:\/\/www.meatprocessingmachine.org\/tr\/wp-json\/wp\/v2\/users\/1"}],"wp:featuredmedia":[{"embeddable":true,"href":"https:\/\/www.meatprocessingmachine.org\/tr\/wp-json\/wp\/v2\/media\/1991"}],"wp:attachment":[{"href":"https:\/\/www.meatprocessingmachine.org\/tr\/wp-json\/wp\/v2\/media?parent=1291"}],"wp:term":[{"taxonomy":"product-type","embeddable":true,"href":"https:\/\/www.meatprocessingmachine.org\/tr\/wp-json\/wp\/v2\/product-type?post=1291"}],"curies":[{"name":"wp","href":"https:\/\/api.w.org\/{rel}","templated":true}]}}