{"id":1323,"date":"2021-06-04T16:36:50","date_gmt":"2021-06-04T08:36:50","guid":{"rendered":"https:\/\/www.meatprocessingmachine.org\/?p=1323"},"modified":"2026-02-12T16:05:15","modified_gmt":"2026-02-12T08:05:15","slug":"meat-roll-cutting-machine","status":"publish","type":"product","link":"https:\/\/www.meatprocessingmachine.org\/tr\/meat-roll-cutting-machine.html","title":{"rendered":"Koyun Dilimleme Makinesi | Dondurulmu\u015f Et Dilimleme Makinesi"},"content":{"rendered":"<div class=\"kk-star-ratings kksr-auto kksr-align-right kksr-valign-top\"     data-payload='{&quot;align&quot;:&quot;right&quot;,&quot;id&quot;:&quot;1323&quot;,&quot;slug&quot;:&quot;default&quot;,&quot;valign&quot;:&quot;top&quot;,&quot;ignore&quot;:&quot;&quot;,&quot;reference&quot;:&quot;auto&quot;,&quot;class&quot;:&quot;&quot;,&quot;count&quot;:&quot;0&quot;,&quot;legendonly&quot;:&quot;&quot;,&quot;readonly&quot;:&quot;&quot;,&quot;score&quot;:&quot;0&quot;,&quot;starsonly&quot;:&quot;&quot;,&quot;best&quot;:&quot;5&quot;,&quot;gap&quot;:&quot;5&quot;,&quot;greet&quot;:&quot;Rate this product&quot;,&quot;legend&quot;:&quot;0\\\/5 - (0 votes)&quot;,&quot;size&quot;:&quot;24&quot;,&quot;title&quot;:&quot;Mutton slicing machine | Frozen meat slicer&quot;,&quot;width&quot;:&quot;0&quot;,&quot;_legend&quot;:&quot;{score}\\\/{best} - ({count} {votes})&quot;,&quot;font_factor&quot;:&quot;1.25&quot;}'>              <div class=\"kksr-stars\">      <div class=\"kksr-stars-inactive\">             <div class=\"kksr-star\" data-star=\"1\" style=\"padding-right: 5px\">               <div class=\"kksr-icon\" style=\"width: 24px; height: 24px;\"><\/div>         <\/div>             <div class=\"kksr-star\" data-star=\"2\" style=\"padding-right: 5px\">               <div class=\"kksr-icon\" style=\"width: 24px; height: 24px;\"><\/div>         <\/div>             <div class=\"kksr-star\" data-star=\"3\" style=\"padding-right: 5px\">               <div class=\"kksr-icon\" style=\"width: 24px; height: 24px;\"><\/div>         <\/div>             <div class=\"kksr-star\" data-star=\"4\" style=\"padding-right: 5px\">               <div class=\"kksr-icon\" style=\"width: 24px; height: 24px;\"><\/div>         <\/div>             <div class=\"kksr-star\" data-star=\"5\" style=\"padding-right: 5px\">               <div class=\"kksr-icon\" style=\"width: 24px; height: 24px;\"><\/div>         <\/div>     <\/div>      <div class=\"kksr-stars-active\" style=\"width: 0px;\">             <div class=\"kksr-star\" style=\"padding-right: 5px\">               <div class=\"kksr-icon\" style=\"width: 24px; height: 24px;\"><\/div>         <\/div>             <div class=\"kksr-star\" style=\"padding-right: 5px\">               <div class=\"kksr-icon\" style=\"width: 24px; height: 24px;\"><\/div>         <\/div>             <div class=\"kksr-star\" style=\"padding-right: 5px\">               <div class=\"kksr-icon\" style=\"width: 24px; height: 24px;\"><\/div>         <\/div>             <div class=\"kksr-star\" style=\"padding-right: 5px\">               <div class=\"kksr-icon\" style=\"width: 24px; height: 24px;\"><\/div>         <\/div>             <div class=\"kksr-star\" style=\"padding-right: 5px\">               <div class=\"kksr-icon\" style=\"width: 24px; height: 24px;\"><\/div>         <\/div>     <\/div> <\/div>                   <div class=\"kksr-legend\" style=\"font-size: 19.2px;\">             <span class=\"kksr-muted\">Bu \u00fcr\u00fcn\u00fc de\u011ferlendirin<\/span>     <\/div>     <\/div>  <p>Koyun dilimleme makinesi, donmu\u015f eti rulolara veya dilimlere kesebilir ve koyun rulolar\u0131, s\u0131\u011f\u0131r rulolar\u0131, domuz rulolar\u0131 vb. yapabilir. 1-8 derece aras\u0131ndaki s\u0131cakl\u0131ktaki et do\u011frudan i\u015flenebilir, \u00e7\u00f6z\u00fcnmeye gerek yoktur. Ayr\u0131ca, kesilmi\u015f et rulolar\u0131 tam garantilidir. <\/p>    <figure class=\"wp-block-embed is-type-video is-provider-youtube wp-block-embed-youtube\"><div class=\"wp-block-embed__wrapper\"> <iframe loading=\"lazy\" title=\"Otomatik et kesme makinesi|Koyun kesme ve yuvarlama makinesi| |et dilimleme makinesi\" width=\"500\" height=\"281\" src=\"https:\/\/www.youtube.com\/embed\/P0T2Up3MetY?feature=oembed\" frameborder=\"0\" allow=\"accelerometer; autoplay; clipboard-write; encrypted-media; gyroscope; picture-in-picture; web-share\" referrerpolicy=\"strict-origin-when-cross-origin\" allowfullscreen><\/iframe> <\/div><figcaption class=\"wp-element-caption\">ticari dondurulmu\u015f et dilimleme makinesi videosu<\/figcaption><\/figure>    <p>Koyun dilimleme makinesi, \u00e7ok fonksiyonludur, sadece etleri rulolara de\u011fil, dilimlere de kesebilir, ayn\u0131 zamanda her t\u00fcrl\u00fc kemiksiz eti i\u015fleyebilir. Koyun dilimleme makinesi, restoranlar, s\u00fcpermarketler ve g\u0131da i\u015fleme tesislerinde yayg\u0131n olarak kullan\u0131labilir.<\/p>    <h2 class=\"wp-block-heading\" id=\"h-mutton-cutting-machine-advantage\">Koyun kesme makinesinin avantajlar\u0131<\/h2>    <ol class=\"wp-block-list\"> <li>Et dilimleme makinesi temiz ve hijyeniktir, kolayca temizlenir.<\/li>    <li>Kasa ve b\u0131\u00e7ak paslanmaz \u00e7elikten yap\u0131lm\u0131\u015ft\u0131r, g\u00fc\u00e7l\u00fc ve dayan\u0131kl\u0131d\u0131r, paslanmas\u0131 kolay de\u011fildir.<\/li>    <li>\u00dcr\u00fcn\u00fcn kal\u0131nl\u0131\u011f\u0131 homojendir ve makine \u00e7al\u0131\u015fma verimlili\u011fi y\u00fcksektir.<\/li>    <li>B\u00fcy\u00fck ekran kontrol paneli, daha kontrol edilebilir.<\/li> <\/ol>    <figure class=\"wp-block-image size-full\"><img loading=\"lazy\" decoding=\"async\" width=\"750\" height=\"750\" src=\"https:\/\/www.meatprocessingmachine.org\/wp-content\/uploads\/2021\/09\/cutting-and-Rolling-Machine.jpg\" alt=\"mutton slicing machine\" class=\"wp-image-2006\" title=\"\" srcset=\"https:\/\/www.meatprocessingmachine.org\/wp-content\/uploads\/2021\/09\/cutting-and-Rolling-Machine.jpg 750w, https:\/\/www.meatprocessingmachine.org\/wp-content\/uploads\/2021\/09\/cutting-and-Rolling-Machine-300x300.jpg 300w, https:\/\/www.meatprocessingmachine.org\/wp-content\/uploads\/2021\/09\/cutting-and-Rolling-Machine-150x150.jpg 150w\" sizes=\"auto, (max-width: 750px) 100vw, 750px\" \/><figcaption class=\"wp-element-caption\">Kesim ve Yuvarlama Makinesi<\/figcaption><\/figure>    <h2 class=\"wp-block-heading\" id=\"h-the-principle-of-mutton-slicing-machine\">Koyun dilimleme makinesinin prensibi<\/h2>    <p>Koyun kesme ve yuvarlama makinesi, donmu\u015f b\u00fcy\u00fck par\u00e7alar\u0131 ince dilimlere ve ince et rulolar\u0131na h\u0131zla kesebilir. Kal\u0131nl\u0131k ayarlanabilir, ayr\u0131ca, etin kal\u0131nl\u0131\u011f\u0131 3mm'nin alt\u0131nda ise, rulolama \u015feklidir. 3mm'den fazla ise, dilimlenir. Di\u011fer yandan, etin s\u0131cakl\u0131\u011f\u0131 da \u00e7ok \u00f6nemlidir. <\/p>    <p>Etin s\u0131cakl\u0131\u011f\u0131 yeterince d\u00fc\u015f\u00fck de\u011filse, sadece s\u0131cakl\u0131k 0 \u2014 -7\u2103 aral\u0131\u011f\u0131nda olmal\u0131, aksi takdirde yuvarlanamaz. Bu nedenle, s\u0131cakl\u0131k ve kal\u0131nl\u0131k belirleyici fakt\u00f6rlerdir. Deneyler ve ara\u015ft\u0131rmalar sonucunda, et dilimlerinin optimal kal\u0131nl\u0131\u011f\u0131n\u0131n 1.7mm olmas\u0131 \u00f6nerilir ve ayn\u0131 zamanda, dondurulmu\u015f etin s\u0131cakl\u0131\u011f\u0131 \u00e7ok d\u00fc\u015f\u00fck olmamal\u0131d\u0131r, aksi takdirde, kesilmi\u015f et rulolar\u0131 \u00f6zellikle k\u0131r\u0131lgan olur.<\/p>   <div class=\"wp-block-image\"> <figure class=\"aligncenter size-large is-resized\"><img loading=\"lazy\" decoding=\"async\" width=\"720\" height=\"540\" src=\"https:\/\/www.meatprocessingmachine.org\/wp-content\/uploads\/2021\/06\/02.jpg\" alt=\"Lamb Cutting \" class=\"wp-image-1326\" style=\"width:540px;height:405px\" title=\"\" srcset=\"https:\/\/www.meatprocessingmachine.org\/wp-content\/uploads\/2021\/06\/02.jpg 720w, https:\/\/www.meatprocessingmachine.org\/wp-content\/uploads\/2021\/06\/02-300x225.jpg 300w\" sizes=\"auto, (max-width: 720px) 100vw, 720px\" \/><\/figure> <\/div>   <h2 class=\"wp-block-heading\" id=\"h-mutton-cutting-machine-structure\">Koyun kesme makinesi yap\u0131s\u0131<\/h2>    <p>Koyun dilimleme makinesi, esas olarak bir et y\u00fckleme tablas\u0131, \u00fcst et \u00e7ubu\u011fu, paslanmaz \u00e7elik b\u0131\u00e7ak seti ve kontrol ekran\u0131ndan olu\u015fur. Kesim ve yuvarlama makinesi, makul bir yap\u0131ya ve keskin bir b\u0131\u00e7a\u011fa sahiptir. Et keserken, koyunun sabit oyukta yap\u0131\u015fmas\u0131 gerekir. <\/p>    <p>Ard\u0131ndan, arka itici \u00e7ubuk eti \u00f6ne do\u011fru iter, b\u0131\u00e7ak sabit h\u0131zda keser ve et ince ve homojen et rulolar\u0131na kesilir. H\u0131zl\u0131 kesim rulo, makinenin et rulolar\u0131n\u0131n iyi \u015fekillendirilmesini ve kolay k\u0131r\u0131lmamas\u0131n\u0131 sa\u011flar. Ayr\u0131ca, et dilimleme makinesi g\u00fczel g\u00f6r\u00fcn\u00fcml\u00fc, basit kullan\u0131ml\u0131, y\u00fcksek verimli, d\u00fc\u015f\u00fck enerji t\u00fcketimli ve kolay temizlenebilir ve bak\u0131m yap\u0131labilir.<\/p>    <figure class=\"wp-block-image size-full\"><img loading=\"lazy\" decoding=\"async\" width=\"720\" height=\"540\" src=\"https:\/\/www.meatprocessingmachine.org\/wp-content\/uploads\/2021\/09\/lamb-rolling-machine-2.jpg\" alt=\"mutton slicing machine\" class=\"wp-image-2003\" title=\"\" srcset=\"https:\/\/www.meatprocessingmachine.org\/wp-content\/uploads\/2021\/09\/lamb-rolling-machine-2.jpg 720w, https:\/\/www.meatprocessingmachine.org\/wp-content\/uploads\/2021\/09\/lamb-rolling-machine-2-300x225.jpg 300w\" sizes=\"auto, (max-width: 720px) 100vw, 720px\" \/><figcaption class=\"wp-element-caption\"> Koyun Yuvarlama Makinesi<\/figcaption><\/figure>    <h2 class=\"wp-block-heading\" id=\"h-frozen-meat-slicer-parameters-take-six-volumes-as-an-example\">Dondurulmu\u015f et dilimleme makinesi parametreleri (alt\u0131 hacim \u00f6rne\u011fi al\u0131nm\u0131\u015ft\u0131r)<\/h2>    <figure class=\"wp-block-table\"><table><tbody><tr><td>\u00d6zellikler<\/td><td>Gerilim<\/td><td>Dilme uzunlu\u011fu(mm)<\/td><td>Dilme geni\u015fli\u011fi(mm)<\/td><td>G\u00fc\u00e7(kw)<\/td><td>Toplam A\u011f\u0131rl\u0131k(kg)<\/td><td>Kapasite(kg\/h)<\/td><td>\u0130\u015fleme kal\u0131nl\u0131\u011f\u0131(mm)<\/td><td>Kesim y\u00fcksekli\u011fi(mm)<\/td><td>Ekipman boyutu(mm)<\/td><\/tr><tr><td>CNC Bir Rulo<\/td><td>220V\/50HZ<\/td><td>450<\/td><td>160<\/td><td>750<\/td><td>160<\/td><td>50<\/td><td>0-s\u0131n\u0131rs\u0131z<\/td><td>180<\/td><td>1150*410*960<\/td><\/tr><tr><td>CNC iki hacim<\/td><td>220V\/50HZ<\/td><td>600<\/td><td>270<\/td><td>2200<\/td><td>200<\/td><td>50-300<\/td><td>0-s\u0131n\u0131rs\u0131z<\/td><td>180<\/td><td>1200*560*1200<\/td><\/tr><tr><td>CNC d\u00f6rt hacim<\/td><td>380\/50HZ<\/td><td>600<\/td><td>510<\/td><td>3000<\/td><td>320<\/td><td>50-600<\/td><td>0-s\u0131n\u0131rs\u0131z<\/td><td>180<\/td><td>1200*800*1200<\/td><\/tr><tr><td>CNC alt\u0131 hacim<\/td><td>380\/50HZ<\/td><td>600<\/td><td>730<\/td><td>3000<\/td><td>400<\/td><td>50-900<\/td><td>0-s\u0131n\u0131rs\u0131z<\/td><td>180<\/td><td>1200*1010*1200<\/td><\/tr><tr><td>CNC sekiz hacim<\/td><td>380\/50H<\/td><td>600<\/td><td>920<\/td><td>4000<\/td><td>500<\/td><td>50-1200<\/td><td>0-s\u0131n\u0131rs\u0131z<\/td><td>180<\/td><td>1200*1320*1200<\/td><\/tr><\/tbody><\/table><figcaption class=\"wp-element-caption\">ticari dondurulmu\u015f et dilimleme makinesi parametresi<\/figcaption><\/figure>    <p>Ayr\u0131ca iki hacimli, d\u00f6rt hacimli, alt\u0131 hacimli ve sekiz hacimli koyun dilimleme makineleri de sa\u011flayabiliriz. Sekiz silindirli koyun dilimleme makinesi en y\u00fcksek \u00e7al\u0131\u015fma verimlili\u011fine sahiptir ve en y\u00fcksek \u00e7\u0131kt\u0131 \u00fcretebilir, bu da daha b\u00fcy\u00fck g\u0131da i\u015fleme tesisleri i\u00e7in uygundur. Bu nedenle, kendi \u00fcretim ihtiya\u00e7lar\u0131n\u0131za g\u00f6re makineler sat\u0131n alabilirsiniz.<\/p>    <figure class=\"wp-block-image size-large is-resized\"><img loading=\"lazy\" decoding=\"async\" width=\"1024\" height=\"769\" src=\"https:\/\/www.meatprocessingmachine.org\/wp-content\/uploads\/2021\/09\/Different-types-of-lamb-rolling-machine-1024x769.jpg\" alt=\"kemiksiz et\" class=\"wp-image-2001\" style=\"width:720px;height:540px\" title=\"\" srcset=\"https:\/\/www.meatprocessingmachine.org\/wp-content\/uploads\/2021\/09\/Different-types-of-lamb-rolling-machine-1024x769.jpg 1024w, https:\/\/www.meatprocessingmachine.org\/wp-content\/uploads\/2021\/09\/Different-types-of-lamb-rolling-machine-300x225.jpg 300w, https:\/\/www.meatprocessingmachine.org\/wp-content\/uploads\/2021\/09\/Different-types-of-lamb-rolling-machine-768x577.jpg 768w, https:\/\/www.meatprocessingmachine.org\/wp-content\/uploads\/2021\/09\/Different-types-of-lamb-rolling-machine-1536x1153.jpg 1536w, https:\/\/www.meatprocessingmachine.org\/wp-content\/uploads\/2021\/09\/Different-types-of-lamb-rolling-machine-2048x1538.jpg 2048w\" sizes=\"auto, (max-width: 1024px) 100vw, 1024px\" \/><figcaption class=\"wp-element-caption\">Farkl\u0131 Tipte Koyun Yuvarlama Makinesi<\/figcaption><\/figure>    <h2 class=\"wp-block-heading\">Ham maddelerin haz\u0131rlanmas\u0131<\/h2>    <p>Et i\u015fleme s\u0131ras\u0131nda \u00e7ok fazla k\u0131yma olur, peki k\u0131yman\u0131n nas\u0131l kullan\u0131laca\u011f\u0131? Et \u00f6nce ezilebilir ve taze et \u00f6\u011f\u00fct\u00fcc\u00fcs\u00fcyle k\u0131y\u0131labilir, sonra po\u015fetlenebilir. Dondurulduktan sonra, dilim veya rulolara al\u0131nabilir, b\u00f6ylece etin art\u0131klar\u0131 tamamlanm\u0131\u015f \u00fcr\u00fcn haline getirilebilir.<\/p>    <h2 class=\"wp-block-heading\" id=\"h-mutton-slicing-machine-precautions\">Koyun dilimleme makinesi \u00f6nlemleri<\/h2>    <figure class=\"wp-block-image size-large is-resized\"><img loading=\"lazy\" decoding=\"async\" width=\"768\" height=\"1024\" src=\"https:\/\/www.meatprocessingmachine.org\/wp-content\/uploads\/2021\/09\/lamb-rolling-machine-1-768x1024.jpg\" alt=\"mutton slicing machine\" class=\"wp-image-2004\" style=\"width:720px;height:540px\" title=\"\" srcset=\"https:\/\/www.meatprocessingmachine.org\/wp-content\/uploads\/2021\/09\/lamb-rolling-machine-1-768x1024.jpg 768w, https:\/\/www.meatprocessingmachine.org\/wp-content\/uploads\/2021\/09\/lamb-rolling-machine-1-225x300.jpg 225w, https:\/\/www.meatprocessingmachine.org\/wp-content\/uploads\/2021\/09\/lamb-rolling-machine-1-1152x1536.jpg 1152w, https:\/\/www.meatprocessingmachine.org\/wp-content\/uploads\/2021\/09\/lamb-rolling-machine-1-1536x2048.jpg 1536w, https:\/\/www.meatprocessingmachine.org\/wp-content\/uploads\/2021\/09\/lamb-rolling-machine-1-scaled.jpg 1920w\" sizes=\"auto, (max-width: 768px) 100vw, 768px\" \/><figcaption class=\"wp-element-caption\">Kesim ve Yuvarlama Makinesi<\/figcaption><\/figure>    <ol class=\"wp-block-list\"> <li>Et keserken, etin s\u0131cakl\u0131\u011f\u0131 makul olmal\u0131d\u0131r. \u00c7ok sert et, b\u0131\u00e7a\u011fa zarar verir.<\/li>    <li>Et dilimleme ve rulolama s\u0131ras\u0131nda, kemiklerin \u00e7\u0131kar\u0131lmas\u0131 gerekir.<\/li>    <li>Kulland\u0131ktan sonra temizlik ve g\u00fcnl\u00fck bak\u0131m yapmaya dikkat edin.<\/li> <\/ol>    <h2 class=\"wp-block-heading\">Koyun dilimleme makinesinin g\u00fcnl\u00fck kullan\u0131m\u0131 ve bak\u0131m\u0131<\/h2>    <ul class=\"wp-block-list\"> <li>Koyun dilimleme makinesi \u00e7al\u0131\u015f\u0131rken, iki ya\u011f kab\u0131ndaki ya\u011f seviyesini kontrol edin. Yoksa, ya\u011f ekleyin.<\/li>    <li>G\u00fcc\u00fc a\u00e7\u0131n ve motorun d\u00f6n\u00fc\u015f y\u00f6n\u00fcn\u00fcn makinenin gerektirdi\u011fi d\u00f6n\u00fc\u015f y\u00f6n\u00fcyle uyumlu olup olmad\u0131\u011f\u0131n\u0131 kontrol edin.<\/li>    <li>Her seferinde, kesici en y\u00fcksek konuma y\u00fckseldi\u011finde, besleme plakas\u0131 biraz ilerler ve motor do\u011fru y\u00f6nde d\u00f6ner. Aksine, kesici en d\u00fc\u015f\u00fck konuma d\u00fc\u015ft\u00fc\u011f\u00fcnde, besleme plakas\u0131 ilerler ve motor d\u00f6n\u00fc\u015f\u00fc tersine d\u00f6ner, sadece motor d\u00f6n\u00fc\u015f\u00fcn\u00fc d\u00fczeltmek gerekir, e\u011fer kesici ve besleme plakas\u0131 uyumlu de\u011filse, kontrol panelinin ters y\u00f6n\u00fcndeki koruyucu plakay\u0131 a\u00e7\u0131n, hafif\u00e7e kald\u0131rma ayar plakas\u0131n\u0131 ayarlay\u0131n.<\/li>    <li>Makine ve ekipmanlar\u0131n kasnak par\u00e7alar\u0131 i\u00e7in, temizlikten sonra yenilebilir ya\u011f veya ya\u011flay\u0131c\u0131 ya\u011f kullan\u0131n, a\u015f\u0131nmay\u0131 azaltmak ve ekipman\u0131n hizmet \u00f6mr\u00fcn\u00fc uzatmak i\u00e7in.<\/li> <\/ul>    <figure class=\"wp-block-gallery has-nested-images columns-2 is-cropped wp-block-gallery-2 is-layout-flex wp-block-gallery-is-layout-flex\"> <figure class=\"wp-block-image size-large\"><img loading=\"lazy\" decoding=\"async\" width=\"719\" height=\"540\" data-id=\"2009\" src=\"https:\/\/www.meatprocessingmachine.org\/wp-content\/uploads\/2021\/09\/1.0.png\" alt=\"\" class=\"wp-image-2009\" title=\"\" srcset=\"https:\/\/www.meatprocessingmachine.org\/wp-content\/uploads\/2021\/09\/1.0.png 719w, https:\/\/www.meatprocessingmachine.org\/wp-content\/uploads\/2021\/09\/1.0-300x225.png 300w\" sizes=\"auto, (max-width: 719px) 100vw, 719px\" \/><figcaption><\/figcaption><\/figure>    <figure class=\"wp-block-image size-large\"><img loading=\"lazy\" decoding=\"async\" width=\"540\" height=\"540\" data-id=\"2013\" src=\"https:\/\/www.meatprocessingmachine.org\/wp-content\/uploads\/2021\/09\/3.0-1.png\" alt=\"\" class=\"wp-image-2013\" title=\"\" srcset=\"https:\/\/www.meatprocessingmachine.org\/wp-content\/uploads\/2021\/09\/3.0-1.png 540w, https:\/\/www.meatprocessingmachine.org\/wp-content\/uploads\/2021\/09\/3.0-1-300x300.png 300w, https:\/\/www.meatprocessingmachine.org\/wp-content\/uploads\/2021\/09\/3.0-1-150x150.png 150w\" sizes=\"auto, (max-width: 540px) 100vw, 540px\" \/><figcaption><\/figcaption><\/figure>    <figure class=\"wp-block-image size-large\"><img loading=\"lazy\" decoding=\"async\" width=\"720\" height=\"540\" data-id=\"2012\" src=\"https:\/\/www.meatprocessingmachine.org\/wp-content\/uploads\/2021\/09\/4.0.png\" alt=\"\" class=\"wp-image-2012\" title=\"\" srcset=\"https:\/\/www.meatprocessingmachine.org\/wp-content\/uploads\/2021\/09\/4.0.png 720w, https:\/\/www.meatprocessingmachine.org\/wp-content\/uploads\/2021\/09\/4.0-300x225.png 300w\" sizes=\"auto, (max-width: 720px) 100vw, 720px\" \/><figcaption><\/figcaption><\/figure>    <figure class=\"wp-block-image size-large\"><img loading=\"lazy\" decoding=\"async\" width=\"719\" height=\"540\" data-id=\"2010\" src=\"https:\/\/www.meatprocessingmachine.org\/wp-content\/uploads\/2021\/09\/2.0.png\" alt=\"\" class=\"wp-image-2010\" title=\"\" srcset=\"https:\/\/www.meatprocessingmachine.org\/wp-content\/uploads\/2021\/09\/2.0.png 719w, https:\/\/www.meatprocessingmachine.org\/wp-content\/uploads\/2021\/09\/2.0-300x225.png 300w\" sizes=\"auto, (max-width: 719px) 100vw, 719px\" \/><figcaption><\/figcaption><\/figure> <figcaption class=\"blocks-gallery-caption wp-element-caption\">Dondurulmu\u015f Et Dilimleyici <\/figcaption><\/figure>    <ul class=\"wp-block-list\"> <li>Rutin olarak, t\u00fcrbin red\u00fckt\u00f6r\u00fcndeki ya\u011f seviyesini kontrol edin. Ya\u011f seviyesi \u015feffaf ya\u011f g\u00f6stergesinden d\u00fc\u015f\u00fckse, ya\u011f ekleyin.<\/li>    <li>B\u0131\u00e7aklar kullan\u0131lmad\u0131\u011f\u0131nda, onlar\u0131 bir kesici ile parlat\u0131n, sonra ta\u015fla bileyin ve d\u00fcz bir \u015fekilde s\u0131cak su, \u0131l\u0131k su ve deterjanla durulay\u0131n, bir sonraki kullan\u0131mda kullan\u0131n.<\/li>    <li>\u00c7al\u0131\u015f\u0131rken, ellerinizi yak\u0131ndan tutmay\u0131n; yan\u0131c\u0131 maddeleri \u00e7evresine yak\u0131n tutmay\u0131n, tehlikeli kazalar\u0131 \u00f6nlemek i\u00e7in.<\/li>    <li>Her vardiyada, kayd\u0131r\u0131c\u0131da Di eksik olup olmad\u0131\u011f\u0131n\u0131 ve kesici vida gev\u015fek olup olmad\u0131\u011f\u0131n\u0131 kontrol edin.<\/li> <\/ul>","protected":false},"excerpt":{"rendered":"<p>The lamb cutting and rolling machine can cut frozen meat into rolls, and can make mutton rolls, beef rolls, pork rolls, etc. Meat with a temperature of 1-8 degrees below zero can be directly processed into rolls without thawing\uff0cand the cut meat rolls are guaranteed to be complete.<\/p>","protected":false},"author":1,"featured_media":1987,"parent":0,"template":"","product-type":[582],"class_list":["post-1323","product","type-product","status-publish","has-post-thumbnail","hentry","product-type-cattle-sheep"],"_links":{"self":[{"href":"https:\/\/www.meatprocessingmachine.org\/tr\/wp-json\/wp\/v2\/product\/1323","targetHints":{"allow":["GET"]}}],"collection":[{"href":"https:\/\/www.meatprocessingmachine.org\/tr\/wp-json\/wp\/v2\/product"}],"about":[{"href":"https:\/\/www.meatprocessingmachine.org\/tr\/wp-json\/wp\/v2\/types\/product"}],"author":[{"embeddable":true,"href":"https:\/\/www.meatprocessingmachine.org\/tr\/wp-json\/wp\/v2\/users\/1"}],"wp:featuredmedia":[{"embeddable":true,"href":"https:\/\/www.meatprocessingmachine.org\/tr\/wp-json\/wp\/v2\/media\/1987"}],"wp:attachment":[{"href":"https:\/\/www.meatprocessingmachine.org\/tr\/wp-json\/wp\/v2\/media?parent=1323"}],"wp:term":[{"taxonomy":"product-type","embeddable":true,"href":"https:\/\/www.meatprocessingmachine.org\/tr\/wp-json\/wp\/v2\/product-type?post=1323"}],"curies":[{"name":"wp","href":"https:\/\/api.w.org\/{rel}","templated":true}]}}