{"id":1346,"date":"2021-06-10T17:20:03","date_gmt":"2021-06-10T09:20:03","guid":{"rendered":"https:\/\/www.meatprocessingmachine.org\/?p=1346"},"modified":"2026-02-12T16:03:33","modified_gmt":"2026-02-12T08:03:33","slug":"chicken-cutter-machinechicken-cubing-machine","status":"publish","type":"product","link":"https:\/\/www.meatprocessingmachine.org\/tr\/chicken-cutter-machinechicken-cubing-machine.html","title":{"rendered":"Tavuk kesim makinesi sat\u0131l\u0131k | et do\u011frama makinesi"},"content":{"rendered":"<div class=\"kk-star-ratings kksr-auto kksr-align-right kksr-valign-top\"     data-payload='{&quot;align&quot;:&quot;right&quot;,&quot;id&quot;:&quot;1346&quot;,&quot;slug&quot;:&quot;default&quot;,&quot;valign&quot;:&quot;top&quot;,&quot;ignore&quot;:&quot;&quot;,&quot;reference&quot;:&quot;auto&quot;,&quot;class&quot;:&quot;&quot;,&quot;count&quot;:&quot;0&quot;,&quot;legendonly&quot;:&quot;&quot;,&quot;readonly&quot;:&quot;&quot;,&quot;score&quot;:&quot;0&quot;,&quot;starsonly&quot;:&quot;&quot;,&quot;best&quot;:&quot;5&quot;,&quot;gap&quot;:&quot;5&quot;,&quot;greet&quot;:&quot;Rate this product&quot;,&quot;legend&quot;:&quot;0\\\/5 - (0 votes)&quot;,&quot;size&quot;:&quot;24&quot;,&quot;title&quot;:&quot;Chicken cutting machine for sale | meat cutter machine&quot;,&quot;width&quot;:&quot;0&quot;,&quot;_legend&quot;:&quot;{score}\\\/{best} - ({count} {votes})&quot;,&quot;font_factor&quot;:&quot;1.25&quot;}'>              <div class=\"kksr-stars\">      <div class=\"kksr-stars-inactive\">             <div class=\"kksr-star\" data-star=\"1\" style=\"padding-right: 5px\">               <div class=\"kksr-icon\" style=\"width: 24px; height: 24px;\"><\/div>         <\/div>             <div class=\"kksr-star\" data-star=\"2\" style=\"padding-right: 5px\">               <div class=\"kksr-icon\" style=\"width: 24px; height: 24px;\"><\/div>         <\/div>             <div class=\"kksr-star\" data-star=\"3\" style=\"padding-right: 5px\">               <div class=\"kksr-icon\" style=\"width: 24px; height: 24px;\"><\/div>         <\/div>             <div class=\"kksr-star\" data-star=\"4\" style=\"padding-right: 5px\">               <div class=\"kksr-icon\" style=\"width: 24px; height: 24px;\"><\/div>         <\/div>             <div class=\"kksr-star\" data-star=\"5\" style=\"padding-right: 5px\">               <div class=\"kksr-icon\" style=\"width: 24px; height: 24px;\"><\/div>         <\/div>     <\/div>      <div class=\"kksr-stars-active\" style=\"width: 0px;\">             <div class=\"kksr-star\" style=\"padding-right: 5px\">               <div class=\"kksr-icon\" style=\"width: 24px; height: 24px;\"><\/div>         <\/div>             <div class=\"kksr-star\" style=\"padding-right: 5px\">               <div class=\"kksr-icon\" style=\"width: 24px; height: 24px;\"><\/div>         <\/div>             <div class=\"kksr-star\" style=\"padding-right: 5px\">               <div class=\"kksr-icon\" style=\"width: 24px; height: 24px;\"><\/div>         <\/div>             <div class=\"kksr-star\" style=\"padding-right: 5px\">               <div class=\"kksr-icon\" style=\"width: 24px; height: 24px;\"><\/div>         <\/div>             <div class=\"kksr-star\" style=\"padding-right: 5px\">               <div class=\"kksr-icon\" style=\"width: 24px; height: 24px;\"><\/div>         <\/div>     <\/div> <\/div>                   <div class=\"kksr-legend\" style=\"font-size: 19.2px;\">             <span class=\"kksr-muted\">Bu \u00fcr\u00fcn\u00fc de\u011ferlendirin<\/span>     <\/div>     <\/div>  <p>Tavuk kesme makinesi tavuk, \u00f6rdek ve bal\u0131\u011f\u0131 par\u00e7alara ay\u0131rabilir. Ayr\u0131ca sadece taze et de\u011fil, donmu\u015f et de keser. Manuel et kesim durumunu sim\u00fcle eder ve k\u0131yma \u00fcretmez. Temiz, hijyenik ve kullan\u0131m\u0131 basittir.<\/p>    <p class=\"translation-block\">Bu nedenle, g\u0131da i\u015fleme tesislerinde ve b\u00fcy\u00fck yemekhanelerde kullan\u0131lmak i\u00e7in uygundur. Kesimhaneler, bireysel i\u015fleme, <a href=\"https:\/\/en.wikipedia.org\/wiki\/Supermarket\" target=\"_blank\" rel=\"noopener\">s\u00fcpermarket<\/a>ler, restoranlar ve di\u011fer yerlerde de kullan\u0131labilir.<\/p>    <h2 class=\"wp-block-heading\">Tavuk kesme makinesinin \u00e7al\u0131\u015fma g\u00f6sterimi<\/h2>    <figure class=\"wp-block-embed is-type-video is-provider-youtube wp-block-embed-youtube wp-embed-aspect-16-9 wp-has-aspect-ratio\"><div class=\"wp-block-embed__wrapper\"> <iframe loading=\"lazy\" title=\"tavuk kesme makinesi|tavuk kesme makinesi |tavuk k\u00fcp kesme makinesi|tavuk dilimleyici\" width=\"500\" height=\"281\" src=\"https:\/\/www.youtube.com\/embed\/H23aHETKtas?feature=oembed\" frameborder=\"0\" allow=\"accelerometer; autoplay; clipboard-write; encrypted-media; gyroscope; picture-in-picture; web-share\" referrerpolicy=\"strict-origin-when-cross-origin\" allowfullscreen><\/iframe> <\/div><figcaption class=\"wp-element-caption\">Tavuk Kesme Makinesi<\/figcaption><\/figure>    <h2 class=\"wp-block-heading\" id=\"h-advantages-of-the-chicken-cutter-machine\">Tavuk kesme makinesinin avantajlar\u0131<\/h2>    <ol class=\"wp-block-list\"> <li>Tavuk kesme makinesi, bir b\u00fct\u00fcn tavuk, bir b\u00fct\u00fcn \u00f6rdek veya bir b\u00fct\u00fcn kaz\u0131 do\u011frudan koyabilir. Bu, i\u015fleme fabrikam\u0131za b\u00fcy\u00fck bir kolayl\u0131k sa\u011flar, i\u015fleme maliyetlerini azalt\u0131r ve zaman ve \u00e7aba tasarrufu sa\u011flar. \u00dcretim ve i\u015fleme s\u00fcrecinde b\u00fcy\u00fck yard\u0131m sa\u011flayabilir.<\/li>    <li>Tavuk etini kesme makinesi 304 paslanmaz \u00e7elikten yap\u0131lm\u0131\u015ft\u0131r, bu da sa\u011flam ve dayan\u0131kl\u0131 olma avantaj\u0131na sahiptir.<\/li>    <li>Bu makine sadece tavuk de\u011fil, ayn\u0131 zamanda kuzu, domuz, s\u0131\u011f\u0131r ve bir\u00e7ok di\u011fer eti de kesebilir.<\/li>    <li>Tavuk et kesici, tavuk etini h\u0131zl\u0131 ve do\u011fru bir \u015fekilde e\u015fit boyutlarda kesebilen geli\u015fmi\u015f kesim teknolojisini benimsemektedir.<\/li>    <li>Tavuk etini k\u00fcp kesme makinesi kullan\u0131m\u0131 basit ve kolayd\u0131r. Sadece bir operat\u00f6r tavuklar\u0131 konvey\u00f6r band\u0131na manuel olarak yerle\u015ftirmelidir ve makine otomatik olarak kesme ve ta\u015f\u0131ma i\u015fini ger\u00e7ekle\u015ftirecektir.<\/li>    <li>Makinenin kesim k\u0131sm\u0131, kullan\u0131m s\u0131ras\u0131nda kazara yaralanmalar\u0131 etkili bir \u015fekilde \u00f6nlemek i\u00e7in korumalarla tasarlanm\u0131\u015ft\u0131r.<\/li> <\/ol>    <h2 class=\"wp-block-heading\">Tavuk kesme makinesi parametreleri<\/h2>    <ul class=\"wp-block-list\"> <li>Kapasite: 600-800kg\/s &nbsp;<\/li>    <li>G\u00fc\u00e7:2.2kw &nbsp;&nbsp;<\/li>    <li>Gerilim:220v &nbsp;<\/li>    <li>Boyut: 1300*600*1050mm &nbsp;&nbsp;<\/li>    <li>A\u011f\u0131rl\u0131k: 240 kg<\/li> <\/ul>    <h2 class=\"wp-block-heading\" id=\"h-advantages-of-the-chicken-cutter-machine\">Tavuk k\u00fcp kesme makinesinin \u00f6zellikleri<\/h2>    <figure class=\"wp-block-image size-large is-resized\"><img loading=\"lazy\" decoding=\"async\" width=\"729\" height=\"774\" src=\"https:\/\/www.meatprocessingmachine.org\/wp-content\/uploads\/2021\/06\/d59431659ce79e1ceacf222d82589ce.png\" alt=\"\" class=\"wp-image-1364\" style=\"object-fit:cover;width:720px;height:540px\" title=\"\" srcset=\"https:\/\/www.meatprocessingmachine.org\/wp-content\/uploads\/2021\/06\/d59431659ce79e1ceacf222d82589ce.png 729w, https:\/\/www.meatprocessingmachine.org\/wp-content\/uploads\/2021\/06\/d59431659ce79e1ceacf222d82589ce-283x300.png 283w\" sizes=\"auto, (max-width: 729px) 100vw, 729px\" \/><figcaption><\/figcaption><\/figure>    <p>Makine ham maddeleri keserken et kayb\u0131 olmaz, k\u0131yma olmaz ve kesim y\u00fczeyi \u00e7ok d\u00fczg\u00fcn ve d\u00fczenlidir. \u0130\u015flemden sonra do\u011frudan sat\u0131\u015f i\u00e7in uygundur. Ayr\u0131ca, tavuk kesme makinesi manuel kesimi sim\u00fcle eder, kalitesi manuel kesimden daha iyidir ve kesim uzunlu\u011fu ayarlanabilir, bu da \u00e7ok kullan\u0131\u015fl\u0131d\u0131r. Tavuk kesme makinesinin \u00e7al\u0131\u015fma h\u0131z\u0131 dakikada 60 kezdir, bu da y\u00fcksek \u00e7al\u0131\u015fma verimlili\u011fi sa\u011flar.<\/p>    <h2 class=\"wp-block-heading\" id=\"h-the-structure-of-the-chicken-cubing-machine\">Tavuk k\u00fcp kesme makinesinin yap\u0131s\u0131<\/h2>    <figure class=\"wp-block-image size-full is-resized\"><img loading=\"lazy\" decoding=\"async\" width=\"714\" height=\"621\" src=\"https:\/\/www.meatprocessingmachine.org\/wp-content\/uploads\/2021\/09\/Chicken-Cutting-Machine.png\" alt=\"Chicken Cutting Machine details\" class=\"wp-image-1941\" style=\"object-fit:cover;width:720px;height:540px\" title=\"\" srcset=\"https:\/\/www.meatprocessingmachine.org\/wp-content\/uploads\/2021\/09\/Chicken-Cutting-Machine.png 714w, https:\/\/www.meatprocessingmachine.org\/wp-content\/uploads\/2021\/09\/Chicken-Cutting-Machine-300x261.png 300w\" sizes=\"auto, (max-width: 714px) 100vw, 714px\" \/><figcaption class=\"wp-element-caption\">Tavuk Kesme Makinesi Detaylar\u0131<\/figcaption><\/figure>    <p>\u00dcr\u00fcn esas olarak bir ana makine, motor, konvey\u00f6r band\u0131, b\u0131\u00e7aklar vb. bile\u015fenlerden olu\u015fmaktad\u0131r. Tavuk kesme makinesi b\u0131\u00e7a\u011f\u0131n\u0131n malzemesi 75cr1'dir. En \u00f6nemlisi, bu malzeme g\u00fcvenli ve a\u015f\u0131nmaya dayan\u0131kl\u0131d\u0131r. \u00d6rne\u011fin, uzun s\u00fcre paslanmadan kullan\u0131labilir. Tavuk kesme makineleri i\u00e7in iki farkl\u0131 bant t\u00fcr\u00fc bulunmaktad\u0131r.<\/p>    <h2 class=\"wp-block-heading\" id=\"h-chain-conveyor-belt\">Tavuk kesme makinesi zincir konvey\u00f6r band\u0131 <\/h2>    <p>G\u0131da ile temas eden bant bir PE tahtas\u0131d\u0131r, g\u0131da ile temas etti\u011finde g\u00fcvenlidir. Ayr\u0131ca, palet b\u00f6l\u00fcm b\u00f6l\u00fcm ayr\u0131l\u0131r ve et, yap\u0131\u015fmay\u0131 \u00f6nlemek i\u00e7in bo\u015faltma noktas\u0131nda ayr\u0131labilir.<\/p>    <figure class=\"wp-block-image size-full is-resized\"><img loading=\"lazy\" decoding=\"async\" width=\"720\" height=\"540\" src=\"https:\/\/www.meatprocessingmachine.org\/wp-content\/uploads\/2021\/09\/Chicken-Cutting-Machine-4.jpg\" alt=\"Tavuk Kesme Makinesi\" class=\"wp-image-1940\" style=\"object-fit:cover;width:720px;height:540px\" title=\"\" srcset=\"https:\/\/www.meatprocessingmachine.org\/wp-content\/uploads\/2021\/09\/Chicken-Cutting-Machine-4.jpg 720w, https:\/\/www.meatprocessingmachine.org\/wp-content\/uploads\/2021\/09\/Chicken-Cutting-Machine-4-300x225.jpg 300w\" sizes=\"auto, (max-width: 720px) 100vw, 720px\" \/><figcaption class=\"wp-element-caption\">Tavuk Kesme Makinesi<\/figcaption><\/figure>    <h2 class=\"wp-block-heading\" id=\"h-what-can-the-chicken-cutter-machine-cut\">Tavuk kesme makinesi ne kesebilir?<\/h2>    <p>Tavuk kesme makinesi esasen b\u00fct\u00fcn tavuk, \u00f6rdek ve bal\u0131k gibi k\u0131k\u0131rdak etleri kesmek i\u00e7in uygundur. Ayr\u0131ca \u00e7e\u015fitli donmu\u015f et veya taze et i\u00e7in de uygundur. Bu nedenle, tavuk kesme makinesinin uygulanabilirli\u011fi \u00e7ok geni\u015ftir. Do\u011frudan bloklar halinde \u015fekillendirilebilir. \u0130\u015f g\u00fcc\u00fcnden tasarruf sa\u011flarken, ayn\u0131 zamanda daha temiz ve hijyenik olup y\u00fcksek i\u015f verimlili\u011fine sahiptir.<\/p>    <figure class=\"wp-block-image size-large is-resized\"><img loading=\"lazy\" decoding=\"async\" width=\"1024\" height=\"768\" src=\"https:\/\/www.meatprocessingmachine.org\/wp-content\/uploads\/2021\/09\/Cut-chicken-stock-1024x768.jpg\" alt=\"D59431659ce79e1ceacf222d82589ce\" class=\"wp-image-1942\" style=\"object-fit:cover;width:720px;height:540px\" title=\"\" srcset=\"https:\/\/www.meatprocessingmachine.org\/wp-content\/uploads\/2021\/09\/Cut-chicken-stock-1024x768.jpg 1024w, https:\/\/www.meatprocessingmachine.org\/wp-content\/uploads\/2021\/09\/Cut-chicken-stock-300x225.jpg 300w, https:\/\/www.meatprocessingmachine.org\/wp-content\/uploads\/2021\/09\/Cut-chicken-stock-768x576.jpg 768w, https:\/\/www.meatprocessingmachine.org\/wp-content\/uploads\/2021\/09\/Cut-chicken-stock-1536x1152.jpg 1536w, https:\/\/www.meatprocessingmachine.org\/wp-content\/uploads\/2021\/09\/Cut-chicken-stock-2048x1536.jpg 2048w\" sizes=\"auto, (max-width: 1024px) 100vw, 1024px\" \/><figcaption class=\"wp-element-caption\">  Tavuk Kesici Makinesi <\/figcaption><\/figure>    <h2 class=\"wp-block-heading\" id=\"h-advantages-of-the-chicken-cutter-machine\">Tavuk kesme makinesi ambalaj\u0131<\/h2>    <p class=\"translation-block\">Tavuk kesme makineleri, ta\u015f\u0131nma s\u0131ras\u0131nda hasar g\u00f6rmemesi i\u00e7in ah\u015fap kutulara paketlenir. \u015eirketimizin \u00e7ok iyi bir ihracat deneyimi vard\u0131r ve \u00f6zel personel ta\u015f\u0131nma s\u00fcrecini takip edecektir. Ayr\u0131ca, \u015firketimizde \u015ferit kesme makineleri, <a href=\"https:\/\/www.meatprocessingmachine.org\/tr\/meat-roll-cutting-machine.html\/\" data-type=\"URL\" data-id=\"https:\/\/www.meatprocessingmachine.org\/meat-roll-cutting-machine.html\">et yuvarlama ve kesme makineleri<\/a> ve <a href=\"https:\/\/www.meatprocessingmachine.org\/tr\/sausage-binding-tying-machine.html\/\" data-type=\"URL\" data-id=\"https:\/\/www.meatprocessingmachine.org\/sausage-binding-tying-machine.html\">sosis makineleri<\/a> gibi bir\u00e7ok ba\u015fka makine de bulunmaktad\u0131r. Bizimle ileti\u015fime ge\u00e7mekten memnuniyet duyar\u0131z.<\/p>","protected":false},"excerpt":{"rendered":"<p>The chicken cutter machine can cut chicken, duck, goose, fish, various frozen meat, and fresh meat into blocks, simulating the state of manual meat cutting, and will not produce minced meat. It is clean and hygienic, simple to operate, and suitable for food processing Used in factories, large canteens, slaughterhouses, individual processing, supermarkets, restaurants and other places.<\/p>","protected":false},"author":1,"featured_media":1938,"parent":0,"template":"","product-type":[583],"class_list":["post-1346","product","type-product","status-publish","has-post-thumbnail","hentry","product-type-chicken-turkey"],"_links":{"self":[{"href":"https:\/\/www.meatprocessingmachine.org\/tr\/wp-json\/wp\/v2\/product\/1346","targetHints":{"allow":["GET"]}}],"collection":[{"href":"https:\/\/www.meatprocessingmachine.org\/tr\/wp-json\/wp\/v2\/product"}],"about":[{"href":"https:\/\/www.meatprocessingmachine.org\/tr\/wp-json\/wp\/v2\/types\/product"}],"author":[{"embeddable":true,"href":"https:\/\/www.meatprocessingmachine.org\/tr\/wp-json\/wp\/v2\/users\/1"}],"wp:featuredmedia":[{"embeddable":true,"href":"https:\/\/www.meatprocessingmachine.org\/tr\/wp-json\/wp\/v2\/media\/1938"}],"wp:attachment":[{"href":"https:\/\/www.meatprocessingmachine.org\/tr\/wp-json\/wp\/v2\/media?parent=1346"}],"wp:term":[{"taxonomy":"product-type","embeddable":true,"href":"https:\/\/www.meatprocessingmachine.org\/tr\/wp-json\/wp\/v2\/product-type?post=1346"}],"curies":[{"name":"wp","href":"https:\/\/api.w.org\/{rel}","templated":true}]}}