{"id":1448,"date":"2021-06-25T09:52:29","date_gmt":"2021-06-25T01:52:29","guid":{"rendered":"https:\/\/www.meatprocessingmachine.org\/?p=1448"},"modified":"2026-02-12T16:44:14","modified_gmt":"2026-02-12T08:44:14","slug":"meatball-making-machinemeatball-forming-machine","status":"publish","type":"product","link":"https:\/\/www.meatprocessingmachine.org\/tr\/meatball-making-machinemeatball-forming-machine.html","title":{"rendered":"K\u00f6fte Yapma Makinesi | K\u00f6fte \u015eekillendirme Makinesi"},"content":{"rendered":"<div class=\"kk-star-ratings kksr-auto kksr-align-right kksr-valign-top\"     data-payload='{&quot;align&quot;:&quot;right&quot;,&quot;id&quot;:&quot;1448&quot;,&quot;slug&quot;:&quot;default&quot;,&quot;valign&quot;:&quot;top&quot;,&quot;ignore&quot;:&quot;&quot;,&quot;reference&quot;:&quot;auto&quot;,&quot;class&quot;:&quot;&quot;,&quot;count&quot;:&quot;0&quot;,&quot;legendonly&quot;:&quot;&quot;,&quot;readonly&quot;:&quot;&quot;,&quot;score&quot;:&quot;0&quot;,&quot;starsonly&quot;:&quot;&quot;,&quot;best&quot;:&quot;5&quot;,&quot;gap&quot;:&quot;5&quot;,&quot;greet&quot;:&quot;Rate this product&quot;,&quot;legend&quot;:&quot;0\\\/5 - (0 votes)&quot;,&quot;size&quot;:&quot;24&quot;,&quot;title&quot;:&quot;Meatball Making Machine | Meatball Forming Machine&quot;,&quot;width&quot;:&quot;0&quot;,&quot;_legend&quot;:&quot;{score}\\\/{best} - ({count} {votes})&quot;,&quot;font_factor&quot;:&quot;1.25&quot;}'>              <div class=\"kksr-stars\">      <div class=\"kksr-stars-inactive\">             <div class=\"kksr-star\" data-star=\"1\" style=\"padding-right: 5px\">               <div class=\"kksr-icon\" style=\"width: 24px; height: 24px;\"><\/div>         <\/div>             <div class=\"kksr-star\" data-star=\"2\" style=\"padding-right: 5px\">               <div class=\"kksr-icon\" style=\"width: 24px; height: 24px;\"><\/div>         <\/div>             <div class=\"kksr-star\" data-star=\"3\" style=\"padding-right: 5px\">               <div class=\"kksr-icon\" style=\"width: 24px; height: 24px;\"><\/div>         <\/div>             <div class=\"kksr-star\" data-star=\"4\" style=\"padding-right: 5px\">               <div class=\"kksr-icon\" style=\"width: 24px; height: 24px;\"><\/div>         <\/div>             <div class=\"kksr-star\" data-star=\"5\" style=\"padding-right: 5px\">               <div class=\"kksr-icon\" style=\"width: 24px; height: 24px;\"><\/div>         <\/div>     <\/div>      <div class=\"kksr-stars-active\" style=\"width: 0px;\">             <div class=\"kksr-star\" style=\"padding-right: 5px\">               <div class=\"kksr-icon\" style=\"width: 24px; height: 24px;\"><\/div>         <\/div>             <div class=\"kksr-star\" style=\"padding-right: 5px\">               <div class=\"kksr-icon\" style=\"width: 24px; height: 24px;\"><\/div>         <\/div>             <div class=\"kksr-star\" style=\"padding-right: 5px\">               <div class=\"kksr-icon\" style=\"width: 24px; height: 24px;\"><\/div>         <\/div>             <div class=\"kksr-star\" style=\"padding-right: 5px\">               <div class=\"kksr-icon\" style=\"width: 24px; height: 24px;\"><\/div>         <\/div>             <div class=\"kksr-star\" style=\"padding-right: 5px\">               <div class=\"kksr-icon\" style=\"width: 24px; height: 24px;\"><\/div>         <\/div>     <\/div> <\/div>                   <div class=\"kksr-legend\" style=\"font-size: 19.2px;\">             <span class=\"kksr-muted\">Bu \u00fcr\u00fcn\u00fc de\u011ferlendirin<\/span>     <\/div>     <\/div>  <p>K\u00f6fte yapma makinesi, k\u00f6fteleri top \u015fekline getirebilen bir makinedir. Ticari k\u00f6fte makinesi, bir\u00e7ok hammaddeden yararlanabilir. Domuz, s\u0131\u011f\u0131r, kuzu, bal\u0131k deniz \u00fcr\u00fcnleri gibi \u00e7e\u015fitli etler kullan\u0131labilir. Ayr\u0131ca, patates ve di\u011fer sebzeler de eklenebilir. <\/p>    <p>Ayr\u0131ca, K\u00f6fte yapma makinesi yapay k\u00f6fte yapma prensibini taklit eder. Yap\u0131ld\u0131ktan sonra derin ya\u011fda k\u0131zart\u0131l\u0131r veya buharda pi\u015firilir. Ticari k\u00f6fte makinemiz, \u00e7e\u015fitli lezzetlerde k\u00f6fteler yapman\u0131za yard\u0131mc\u0131 olabilir. Bu makineyi detayl\u0131 olarak bu makalede anlataca\u011f\u0131z.<\/p>    <figure class=\"wp-block-image size-large\"><img loading=\"lazy\" decoding=\"async\" width=\"750\" height=\"750\" src=\"https:\/\/www.meatprocessingmachine.org\/wp-content\/uploads\/2021\/06\/6-1.jpg\" alt=\"K\u00f6fte Makinesi\" class=\"wp-image-1460\" title=\"\" srcset=\"https:\/\/www.meatprocessingmachine.org\/wp-content\/uploads\/2021\/06\/6-1.jpg 750w, https:\/\/www.meatprocessingmachine.org\/wp-content\/uploads\/2021\/06\/6-1-300x300.jpg 300w, https:\/\/www.meatprocessingmachine.org\/wp-content\/uploads\/2021\/06\/6-1-150x150.jpg 150w\" sizes=\"auto, (max-width: 750px) 100vw, 750px\" \/><figcaption><\/figcaption><\/figure>    <h2 class=\"wp-block-heading\">K\u00f6fte yapma makinesinin avantajlar\u0131<\/h2>    <figure class=\"wp-block-embed is-type-video is-provider-youtube wp-block-embed-youtube wp-embed-aspect-4-3 wp-has-aspect-ratio\"><div class=\"wp-block-embed__wrapper\"> <iframe loading=\"lazy\" title=\"logo\" width=\"500\" height=\"375\" src=\"https:\/\/www.youtube.com\/embed\/kp1zxVYV68g?feature=oembed\" frameborder=\"0\" allow=\"accelerometer; autoplay; clipboard-write; encrypted-media; gyroscope; picture-in-picture; web-share\" referrerpolicy=\"strict-origin-when-cross-origin\" allowfullscreen><\/iframe> <\/div><figcaption class=\"wp-element-caption\">Meatball Making <\/figcaption><\/figure>    <h2 class=\"wp-block-heading\" id=\"h-advantages-of-meatball-machine\">K\u00f6fte yapma makinesinin avantajlar\u0131<\/h2>    <ol class=\"wp-block-list\"> <li>Toplar\u0131n \u00e7ap\u0131 ayarlanabilir<\/li>    <li>Toplar\u0131n \u00e7\u0131k\u0131\u015f h\u0131z\u0131 ayarlanabilir<\/li>    <li>Makine paslanmaz \u00e7elikten yap\u0131lm\u0131\u015ft\u0131r, daha g\u00fcvenli ve dayan\u0131kl\u0131d\u0131r<\/li>    <li>Makine k\u00fc\u00e7\u00fck bir alan kaplar ve esnek\u00e7e yerle\u015ftirilebilir<\/li>    <li>Haz\u0131rlanan et kar\u0131\u015f\u0131m\u0131n\u0131 k\u00f6fte makinesinin variline koyun ve makineyi a\u00e7\u0131n. Ard\u0131ndan, K\u00f6fteler otomatik olarak bo\u015faltma \u00e7\u0131k\u0131\u015f\u0131ndan \u00e7\u0131kar. K\u00f6fteler \u00e7\u0131kt\u0131ktan sonra do\u011frudan tencereye konup k\u0131zart\u0131labilir veya kaynat\u0131labilir. Ayr\u0131ca, daha sonra dondurma i\u00e7in \u0131l\u0131k su tank\u0131na ba\u011flanabilir, vb., bu da sat\u0131\u015flar i\u00e7in uygundur.<\/li> <\/ol>    <figure class=\"wp-block-image size-large\"><img loading=\"lazy\" decoding=\"async\" width=\"750\" height=\"419\" src=\"https:\/\/www.meatprocessingmachine.org\/wp-content\/uploads\/2021\/06\/meatball-machine-9.jpg\" alt=\"\" class=\"wp-image-1469\" title=\"\" srcset=\"https:\/\/www.meatprocessingmachine.org\/wp-content\/uploads\/2021\/06\/meatball-machine-9.jpg 750w, https:\/\/www.meatprocessingmachine.org\/wp-content\/uploads\/2021\/06\/meatball-machine-9-300x168.jpg 300w\" sizes=\"auto, (max-width: 750px) 100vw, 750px\" \/><figcaption><\/figcaption><\/figure>    <h2 class=\"wp-block-heading\" id=\"h-what-are-the-raw-materials-for-making-meatballs\">K\u00f6fte yapma makinesi ad\u0131mlar kullan\u0131r<\/h2>    <p class=\"translation-block\">K\u00f6fte yap\u0131m\u0131nda kullan\u0131lan hammaddeler \u00e7ok zengindir. Ana malzemeler olarak domuz, s\u0131\u011f\u0131r, kuzu, bal\u0131k vb. kullan\u0131labilir. Ayr\u0131ca, ekmek k\u0131r\u0131nt\u0131lar\u0131, so\u011fan, <a href=\"https:\/\/en.wikipedia.org\/wiki\/Cheese\" target=\"_blank\" rel=\"noopener\">peynir<\/a> veya tereya\u011f\u0131 gibi baz\u0131 malzemeler de eklenebilir. Eklenebilecek hammaddelerin \u00f6zg\u00fcr olmas\u0131 nedeniyle, k\u00f6fteler her b\u00f6lgenin yerel \u00f6zelliklerine g\u00f6re yap\u0131labilir.<\/p>    <h2 class=\"wp-block-heading\" id=\"h-meatball-machine-use-steps\">\u0130ki tip k\u00f6fte \u015fekillendirme makinesi<\/h2>    <p>Sandvi\u00e7 k\u00f6fte \u015fekillendirme makinesi i\u00e7eri\u011fi yapabilir ve k\u00f6ftelere koyabilir. K\u00f6ftelerin kabu\u011fu ortadaki dolgudan farkl\u0131 olabilir. Bu t\u00fcr k\u00f6fte daha zengin bir tada sahiptir. Makine ayn\u0131 anda iki yuva ile \u00e7al\u0131\u015f\u0131r, b\u00f6ylece dolguyu ger\u00e7ekle\u015ftirebilir.<\/p>   <div class=\"wp-block-image\"> <figure class=\"aligncenter size-full\"><img loading=\"lazy\" decoding=\"async\" width=\"980\" height=\"375\" src=\"https:\/\/www.meatprocessingmachine.org\/wp-content\/uploads\/2021\/06\/meatball-forming-machine-details.webp\" alt=\"Kat\u0131 k\u00f6fte \u015fekillendirme makinesi sadece bir kovaya sahiptir. Tabii ki, yap\u0131lan t\u00fcm k\u00f6fteler bir t\u00fcr ham madde oldu\u011fundan, makineyi sat\u0131n al\u0131rken \u00fcr\u00fcnlerinize g\u00f6re se\u00e7im yapabilirsiniz.\" class=\"wp-image-34396\" title=\"\" srcset=\"https:\/\/www.meatprocessingmachine.org\/wp-content\/uploads\/2021\/06\/meatball-forming-machine-details.webp 980w, https:\/\/www.meatprocessingmachine.org\/wp-content\/uploads\/2021\/06\/meatball-forming-machine-details-300x115.webp 300w, https:\/\/www.meatprocessingmachine.org\/wp-content\/uploads\/2021\/06\/meatball-forming-machine-details-768x294.webp 768w, https:\/\/www.meatprocessingmachine.org\/wp-content\/uploads\/2021\/06\/meatball-forming-machine-details-18x7.webp 18w\" sizes=\"auto, (max-width: 980px) 100vw, 980px\" \/><figcaption class=\"wp-element-caption\">Meatball Forming Machine Details<\/figcaption><\/figure> <\/div>   <h2 class=\"wp-block-heading\" id=\"h-two-types-of-meatball-machines\">Sandvi\u00e7 k\u00f6fteleri<\/h2>    <h3 class=\"wp-block-heading\" id=\"h-1-sandwich-meatballs\">Kat\u0131 K\u00f6fte Makinesi<\/h3>    <p>Boyut: 850*650*1750mm<\/p>    <figure class=\"wp-block-image size-large\"><img loading=\"lazy\" decoding=\"async\" width=\"750\" height=\"617\" src=\"https:\/\/www.meatprocessingmachine.org\/wp-content\/uploads\/2021\/06\/meatball-machine-2.jpg\" alt=\"K\u00f6fte yapma makinesi, k\u00f6fteleri top \u015fekline getirebilen bir makinedir. \u00c7e\u015fitli etler ve sebzeler hammaddeleri olarak kullan\u0131labilir.\" class=\"wp-image-1458\" title=\"\" srcset=\"https:\/\/www.meatprocessingmachine.org\/wp-content\/uploads\/2021\/06\/meatball-machine-2.jpg 750w, https:\/\/www.meatprocessingmachine.org\/wp-content\/uploads\/2021\/06\/meatball-machine-2-300x247.jpg 300w\" sizes=\"auto, (max-width: 750px) 100vw, 750px\" \/><figcaption><\/figcaption><\/figure>    <h3 class=\"wp-block-heading\" id=\"h-2-solid-meatball-machine\">K\u00f6fte yapma makinesi parametreleri<\/h3>    <p>Gerilim: 220v\/380v 50Hz<\/p>    <h2 class=\"wp-block-heading\" id=\"h-meatball-machine-parameters\">K\u00f6fte yaparken al\u0131nacak \u00f6nlemler<\/h2>    <ul class=\"wp-block-list\"> <li>G\u00fc\u00e7: 3kw<\/li>    <li>\u00c7ap: 40mm'den az<\/li>    <li>D\u00fczenli s\u0131\u011f\u0131r k\u00f6ftesi yapabilir Kapasite: 500-600 adet\/dakika<\/li>    <li>G\u00fc\u00e7: 3kw<\/li>    <li>K\u00f6fte yapma makinesi, stabil bir yerde konumland\u0131r\u0131lmal\u0131 ve g\u00fc\u00e7 kayna\u011f\u0131 ile toprak hatt\u0131 kurulmal\u0131, g\u00fcvenlik sa\u011flanmal\u0131d\u0131r.<\/li>    <li>Kullanmadan \u00f6nce temizleyin, makineyi bo\u015f \u00e7al\u0131\u015ft\u0131r\u0131n ve normal \u00e7al\u0131\u015fmay\u0131 g\u00f6zlemleyin.<\/li>    <li>K\u00f6ftelerin a\u011fz\u0131na b\u00fcy\u00fck bir le\u011fen koyun ve i\u00e7ine 60~70 derece Celsius s\u0131cakl\u0131kta \u0131l\u0131k su doldurun.<\/li> <\/ul>    <h2 class=\"wp-block-heading\" id=\"h-precautions-for-making-meatballs\">\u0130lgili et makineleri<\/h2>    <ul class=\"wp-block-list\"> <li>\u00dcr\u00fcn\u00fcn a\u011f\u0131rl\u0131\u011f\u0131 8-25 gram\/piece, i\u00e7 dolgu miktar\u0131 ve \u00fcretim h\u0131z\u0131 otomatik olarak ayarlanabilir. Maksimum \u00e7\u0131kt\u0131 200-300kg\/saat'e ula\u015fabilir, bu da 12 ila 18 i\u015f\u00e7inin verimlili\u011fine e\u015fittir.<\/li>    <li>Otomasyon yap\u0131s\u0131 makul ve bir veya iki ki\u015fi taraf\u0131ndan kullan\u0131labilir.<\/li>    <li>Tavuk G\u00f6\u011fs\u00fc Kesme Makinesi<\/li>    <li>Bal\u0131k Fileto Makinesi<\/li>    <li>Sevgi yay<\/li> <\/ul>    <h2 class=\"wp-block-heading\" id=\"h-related-meat-machines\">k\u00f6fte yap\u0131m\u0131<\/h2>    <div class=\"wp-block-columns is-layout-flex wp-container-core-columns-is-layout-9d6595d7 wp-block-columns-is-layout-flex\"> <div class=\"wp-block-column is-layout-flow wp-block-column-is-layout-flow\"> <figure class=\"wp-block-image size-full\"><a href=\"https:\/\/www.meatprocessingmachine.org\/tr\/chicken-breast-slicer-machine-meat-cutting-machinery-for-meat-slices-strips.html\/\"><img loading=\"lazy\" decoding=\"async\" width=\"720\" height=\"540\" src=\"https:\/\/www.meatprocessingmachine.org\/wp-content\/uploads\/2021\/12\/Chicken-breast-cutter-machine.png\" alt=\"Tavuk g\u00f6\u011fs\u00fc kesme makinesi\" class=\"wp-image-32518\" title=\"\" srcset=\"https:\/\/www.meatprocessingmachine.org\/wp-content\/uploads\/2021\/12\/Chicken-breast-cutter-machine.png 720w, https:\/\/www.meatprocessingmachine.org\/wp-content\/uploads\/2021\/12\/Chicken-breast-cutter-machine-300x225.png 300w\" sizes=\"auto, (max-width: 720px) 100vw, 720px\" \/><\/a><figcaption class=\"wp-element-caption\">Shuliy<\/figcaption><\/figure> <\/div>    <div class=\"wp-block-column is-layout-flow wp-block-column-is-layout-flow\"> <figure class=\"wp-block-image size-full\"><a href=\"https:\/\/www.meatprocessingmachine.org\/tr\/how-about-fish-fillet-machine-for-salmon.html\/\"><img loading=\"lazy\" decoding=\"async\" width=\"720\" height=\"540\" src=\"https:\/\/www.meatprocessingmachine.org\/wp-content\/uploads\/2022\/01\/fish-filleting-machine-.png\" alt=\"bal\u0131k fileto makinesi\" class=\"wp-image-32567\" title=\"\" srcset=\"https:\/\/www.meatprocessingmachine.org\/wp-content\/uploads\/2022\/01\/fish-filleting-machine-.png 720w, https:\/\/www.meatprocessingmachine.org\/wp-content\/uploads\/2022\/01\/fish-filleting-machine--300x225.png 300w\" sizes=\"auto, (max-width: 720px) 100vw, 720px\" \/><\/a><figcaption class=\"wp-element-caption\">Zhengzhou Taizy Machinery Co., Ltd esas olarak et i\u015fleme makineleriyle ilgilenmektedir.<\/figcaption><\/figure> <\/div> <\/div>","protected":false},"excerpt":{"rendered":"<p>K\u00f6fte yapma makinesi, k\u00f6fteleri top \u015fekline getirebilen bir makinedir. Hammadde olarak \u00e7e\u015fitli etler ve sebzeler kullanabilirsiniz.<\/p>","protected":false},"author":1,"featured_media":1660,"parent":0,"template":"","product-type":[582,583,584,598],"class_list":["post-1448","product","type-product","status-publish","has-post-thumbnail","hentry","product-type-cattle-sheep","product-type-chicken-turkey","product-type-fish","product-type-supporting-auxiliary-equipment"],"_links":{"self":[{"href":"https:\/\/www.meatprocessingmachine.org\/tr\/wp-json\/wp\/v2\/product\/1448","targetHints":{"allow":["GET"]}}],"collection":[{"href":"https:\/\/www.meatprocessingmachine.org\/tr\/wp-json\/wp\/v2\/product"}],"about":[{"href":"https:\/\/www.meatprocessingmachine.org\/tr\/wp-json\/wp\/v2\/types\/product"}],"author":[{"embeddable":true,"href":"https:\/\/www.meatprocessingmachine.org\/tr\/wp-json\/wp\/v2\/users\/1"}],"wp:featuredmedia":[{"embeddable":true,"href":"https:\/\/www.meatprocessingmachine.org\/tr\/wp-json\/wp\/v2\/media\/1660"}],"wp:attachment":[{"href":"https:\/\/www.meatprocessingmachine.org\/tr\/wp-json\/wp\/v2\/media?parent=1448"}],"wp:term":[{"taxonomy":"product-type","embeddable":true,"href":"https:\/\/www.meatprocessingmachine.org\/tr\/wp-json\/wp\/v2\/product-type?post=1448"}],"curies":[{"name":"wp","href":"https:\/\/api.w.org\/{rel}","templated":true}]}}