{"id":152,"date":"2018-10-25T06:53:40","date_gmt":"2018-10-24T22:53:40","guid":{"rendered":"http:\/\/www.meatprocessingmachine.org\/?p=152"},"modified":"2026-02-12T16:11:00","modified_gmt":"2026-02-12T08:11:00","slug":"meat-smoking-oven","status":"publish","type":"product","link":"https:\/\/www.meatprocessingmachine.org\/tr\/meat-smoking-oven.html","title":{"rendered":"Bal\u0131k, sosis i\u00e7in otomatik et t\u00fcts\u00fcleme makinesi"},"content":{"rendered":"<div class=\"kk-star-ratings kksr-auto kksr-align-right kksr-valign-top\"     data-payload='{&quot;align&quot;:&quot;right&quot;,&quot;id&quot;:&quot;152&quot;,&quot;slug&quot;:&quot;default&quot;,&quot;valign&quot;:&quot;top&quot;,&quot;ignore&quot;:&quot;&quot;,&quot;reference&quot;:&quot;auto&quot;,&quot;class&quot;:&quot;&quot;,&quot;count&quot;:&quot;0&quot;,&quot;legendonly&quot;:&quot;&quot;,&quot;readonly&quot;:&quot;&quot;,&quot;score&quot;:&quot;0&quot;,&quot;starsonly&quot;:&quot;&quot;,&quot;best&quot;:&quot;5&quot;,&quot;gap&quot;:&quot;5&quot;,&quot;greet&quot;:&quot;Rate this product&quot;,&quot;legend&quot;:&quot;0\\\/5 - (0 votes)&quot;,&quot;size&quot;:&quot;24&quot;,&quot;title&quot;:&quot;Automatic meat smoking machine for smoking fish, sausage&quot;,&quot;width&quot;:&quot;0&quot;,&quot;_legend&quot;:&quot;{score}\\\/{best} - ({count} {votes})&quot;,&quot;font_factor&quot;:&quot;1.25&quot;}'>              <div class=\"kksr-stars\">      <div class=\"kksr-stars-inactive\">             <div class=\"kksr-star\" data-star=\"1\" style=\"padding-right: 5px\">               <div class=\"kksr-icon\" style=\"width: 24px; height: 24px;\"><\/div>         <\/div>             <div class=\"kksr-star\" data-star=\"2\" style=\"padding-right: 5px\">               <div class=\"kksr-icon\" style=\"width: 24px; height: 24px;\"><\/div>         <\/div>             <div class=\"kksr-star\" data-star=\"3\" style=\"padding-right: 5px\">               <div class=\"kksr-icon\" style=\"width: 24px; height: 24px;\"><\/div>         <\/div>             <div class=\"kksr-star\" data-star=\"4\" style=\"padding-right: 5px\">               <div class=\"kksr-icon\" style=\"width: 24px; height: 24px;\"><\/div>         <\/div>             <div class=\"kksr-star\" data-star=\"5\" style=\"padding-right: 5px\">               <div class=\"kksr-icon\" style=\"width: 24px; height: 24px;\"><\/div>         <\/div>     <\/div>      <div class=\"kksr-stars-active\" style=\"width: 0px;\">             <div class=\"kksr-star\" style=\"padding-right: 5px\">               <div class=\"kksr-icon\" style=\"width: 24px; height: 24px;\"><\/div>         <\/div>             <div class=\"kksr-star\" style=\"padding-right: 5px\">               <div class=\"kksr-icon\" style=\"width: 24px; height: 24px;\"><\/div>         <\/div>             <div class=\"kksr-star\" style=\"padding-right: 5px\">               <div class=\"kksr-icon\" style=\"width: 24px; height: 24px;\"><\/div>         <\/div>             <div class=\"kksr-star\" style=\"padding-right: 5px\">               <div class=\"kksr-icon\" style=\"width: 24px; height: 24px;\"><\/div>         <\/div>             <div class=\"kksr-star\" style=\"padding-right: 5px\">               <div class=\"kksr-icon\" style=\"width: 24px; height: 24px;\"><\/div>         <\/div>     <\/div> <\/div>                   <div class=\"kksr-legend\" style=\"font-size: 19.2px;\">             <span class=\"kksr-muted\">Bu \u00fcr\u00fcn\u00fc de\u011ferlendirin<\/span>     <\/div>     <\/div>  <p class=\"translation-block\">Otomatik <strong>et dumanlama makinesi<\/strong>\u00a0sadece pi\u015firme, kurutma, dumanlama, temizlik ve g\u00fcvenlik koruma fonksiyonlar\u0131na sahiptir. <a href=\"https:\/\/www.meatprocessingmachine.org\/tr\/info\/food-smoking-machine-introduction\/\" data-type=\"URL\" data-id=\"https:\/\/www.meatprocessingmachine.org\/info\/food-smoking-machine-introduction\/\">Duman f\u0131r\u0131n\u0131n\u0131n<\/a> benzersiz hava dola\u015f\u0131m sistemi, \u00fcr\u00fcn\u00fcn pi\u015firme, kurutma, dumanlama ve di\u011fer i\u015flemleri s\u0131ras\u0131nda s\u0131cakl\u0131k ve nemin tutarl\u0131l\u0131\u011f\u0131n\u0131 etkin bir \u015fekilde sa\u011flar, b\u00f6ylece \u00fcr\u00fcn\u00fcn renk ve g\u00f6r\u00fcn\u00fcm\u00fcn\u00fc korur. Bu et dumanlama makinesi, bal\u0131k, tavuk, sosis ve di\u011fer etleri dumanlamak i\u00e7in uygundur.<\/p>    <h2 class=\"wp-block-heading\" id=\"h-industrial-meat-smoking-machine-overview\">End\u00fcstriyel et dumanlama makinesi genel bak\u0131\u015f<\/h2>    <p class=\"translation-block\"><strong>Uygulama<\/strong>: Et dumanlama makinesi, \u00e7e\u015fitli et t\u00fcrlerini dumanlama, renklendirme ve tatland\u0131rmak i\u00e7in kullan\u0131l\u0131r. <a href=\"https:\/\/www.meatprocessingmachine.org\/tr\/info\/what-food-items-can-you-smoke\/\" data-type=\"URL\" data-id=\"https:\/\/www.meatprocessingmachine.org\/info\/what-food-items-can-you-smoke\/\">Farkl\u0131 sosisler, bal\u0131k, tavuk, peynir ve di\u011fer \u00fcr\u00fcnlere uygulanabilir.<\/a><\/p>    <p class=\"translation-block\"><strong>Is\u0131tma y\u00f6ntemi<\/strong>: elektrikli \u0131s\u0131tma, buhar \u0131s\u0131tma<\/p>    <p class=\"translation-block\"><strong>Duman y\u00f6ntemi<\/strong>: i\u00e7 duman, d\u0131\u015f duman<\/p>    <p class=\"translation-block\"><strong>Duman y\u00f6ntemi<\/strong>: so\u011fuk duman, s\u0131cak duman, \u0131l\u0131k duman<\/p>    <p class=\"translation-block\"><strong>Bile\u015fen yap\u0131s\u0131<\/strong>: Makine esasen bir f\u0131r\u0131n g\u00f6vdesi, \u0131s\u0131tma sistemi, dola\u015f\u0131m hava sistemi ve elektrik kontrol sisteminden olu\u015fur.<\/p>    <p class=\"translation-block\"><strong>Fonksiyon<\/strong>: Makinenin \u0131s\u0131tma, kurutma, dumanlama, egzoz gibi fonksiyonlar\u0131 vard\u0131r.<\/p>    <figure class=\"wp-block-image size-full\"><img loading=\"lazy\" decoding=\"async\" width=\"750\" height=\"750\" src=\"https:\/\/www.meatprocessingmachine.org\/wp-content\/uploads\/2021\/08\/smoking-machine-2.jpg\" alt=\"Dumanlama makinesi sevkiyat\u0131\" class=\"wp-image-1791\" title=\"\" srcset=\"https:\/\/www.meatprocessingmachine.org\/wp-content\/uploads\/2021\/08\/smoking-machine-2.jpg 750w, https:\/\/www.meatprocessingmachine.org\/wp-content\/uploads\/2021\/08\/smoking-machine-2-300x300.jpg 300w, https:\/\/www.meatprocessingmachine.org\/wp-content\/uploads\/2021\/08\/smoking-machine-2-150x150.jpg 150w\" sizes=\"auto, (max-width: 750px) 100vw, 750px\" \/><figcaption class=\"wp-element-caption\">Dumanlama Makinesi<\/figcaption><\/figure>    <h2 class=\"wp-block-heading\" id=\"h-automatic-meat-smoking-oven-working-principle\">Otomatik et dumanlama f\u0131r\u0131n\u0131 \u00e7al\u0131\u015fma prensibi<\/h2>    <p>Et dumanlama f\u0131r\u0131n\u0131, bir bilgisayar taraf\u0131ndan kontrol edilir. Ayn\u0131 anda g\u00f6sterilen \u00e7ok parametreli ekran ile \u00e7al\u0131\u015fma durumu izlenebilir. Uzaktan kontrol sa\u011flanabilir. Ayr\u0131ca, tarifleri yazd\u0131rma, s\u0131cakl\u0131k, nem e\u011frileri ve 100 tarif s\u00fcreci depolama \u00f6zellikleri vard\u0131r.<\/p>    <h2 class=\"wp-block-heading\" id=\"h-commercial-fish-smoking-machine-technical\">Ticari et dumanlama makinesi teknikleri<\/h2>    <figure class=\"wp-block-table\"><table><tbody><tr><td>Model<\/td><td>Boyut<\/td><td>Kapasite<\/td><td>G\u00fc\u00e7<\/td><td>A\u011f\u0131rl\u0131k<\/td><\/tr><tr><td>TZ30<\/td><td>800 * 800 * 1600<\/td><td>30kg<\/td><td>4.75kw<\/td><td>330kg<\/td><\/tr><tr><td>TZ50<\/td><td>1000 * 1000 * 1850<\/td><td>50kg<\/td><td>6.5kw<\/td><td>400kg<\/td><\/tr><tr><td>TZ100<\/td><td>1380 * 1340 * 1950<\/td><td>100kg<\/td><td>12.5kw<\/td><td>750kg<\/td><\/tr><tr><td>TZ250<\/td><td>1350 * 1510 * 3000<\/td><td>250kg<\/td><td>5.5kw<\/td><td>1900kg<\/td><\/tr><tr><td>TZ500<\/td><td>2400 * 1510 * 3000<\/td><td>500kg<\/td><td>10kw<\/td><td>2800kg<\/td><\/tr><\/tbody><\/table><figcaption class=\"wp-element-caption\">Et dumanlama makinesi<\/figcaption><\/figure>    <hr class=\"wp-block-separator has-css-opacity\"\/>    <figure class=\"wp-block-image size-full is-resized\"><img loading=\"lazy\" decoding=\"async\" src=\"https:\/\/www.meatprocessingmachine.org\/wp-content\/uploads\/2021\/08\/smoking-food.jpg\" alt=\"smoking food\" class=\"wp-image-1792\" style=\"width:720px;height:540px\" width=\"720\" height=\"540\" title=\"\"><figcaption class=\"wp-element-caption\">Dumanl\u0131 G\u0131da<\/figcaption><\/figure>    <h2 class=\"wp-block-heading\" id=\"h-industrial-meat-smoking-machine-advantages\">End\u00fcstriyel et dumanlama makinesi avantajlar\u0131<\/h2>    <ul class=\"wp-block-list\"> <li>3, 4 i\u00e7ermiyor<a href=\"https:\/\/en.wikipedia.org\/wiki\/Benzopyrene\" target=\"_blank\" rel=\"noopener\">benzopyrene <\/a>karsinojenler, bu nedenle dumanl\u0131 yiyecekleri g\u00fcvenli ve g\u00fcvenilir k\u0131lar;<\/li>    <li>Tesis, ekipman ve di\u011fer alanlarda geleneksel y\u00f6ntemlerin yat\u0131r\u0131m\u0131n\u0131 azaltmak;<\/li>    <li>Et dumanlama f\u0131r\u0131n\u0131, mekanizasyon, elektrikle\u015ftirme ve s\u00fcrekli \u00fcretim i\u015flemlerini ger\u00e7ekle\u015ftirebilir ve \u00fcretim verimlili\u011fini b\u00fcy\u00fck \u00f6l\u00e7\u00fcde art\u0131r\u0131r;<\/li>    <li>The <a href=\"https:\/\/www.meatprocessingmachine.org\/tr\/info\/price-of-meat-smoker-machine\/\">Et dumanlama makinesi fiyat\u0131<\/a> maliyet-etkin<\/li>    <li>\u00dcretim teknolojisi basit, kullan\u0131m\u0131 kolayd\u0131r, k\u0131sa dumanlama s\u00fcresi ve d\u00fc\u015f\u00fck i\u015f\u00e7ilik gerektirir, \u00e7evreyi kirletmez. Ayr\u0131ca, dumanl\u0131 etin korozyona kar\u015f\u0131 diren\u00e7li, tazelik koruyan ve kaliteyi muhafaza eden \u00f6zellikleri vard\u0131r.<\/li> <\/ul>    <h2 class=\"wp-block-heading\" id=\"h-structure-description\">Yap\u0131 a\u00e7\u0131klamas\u0131<\/h2>    <figure class=\"wp-block-image size-large is-resized\"><img loading=\"lazy\" decoding=\"async\" src=\"https:\/\/www.meatprocessingmachine.org\/wp-content\/uploads\/2021\/08\/smoking-machine-details-1-702x1024.jpg\" alt=\"smoking machine details\" class=\"wp-image-1795\" style=\"width:735px;height:1072px\" width=\"735\" height=\"1072\" title=\"\" srcset=\"https:\/\/www.meatprocessingmachine.org\/wp-content\/uploads\/2021\/08\/smoking-machine-details-1-702x1024.jpg 702w, https:\/\/www.meatprocessingmachine.org\/wp-content\/uploads\/2021\/08\/smoking-machine-details-1-206x300.jpg 206w, https:\/\/www.meatprocessingmachine.org\/wp-content\/uploads\/2021\/08\/smoking-machine-details-1.jpg 750w\" sizes=\"auto, (max-width: 735px) 100vw, 735px\" \/><figcaption class=\"wp-element-caption\">Dumanlama Makinesi Detaylar\u0131<\/figcaption><\/figure>    <p>Makine, bir f\u0131r\u0131n g\u00f6vdesi, elektrikli \u0131s\u0131tma sistemi, dola\u015f\u0131m hava sistemi, duman sistemi ve elektrik kontrol sisteminden olu\u015fur.<\/p>    <p><br>1. F\u0131r\u0131n g\u00f6vdesi: F\u0131r\u0131n g\u00f6vdesindeki t\u00fcm bile\u015fenler ve d\u0131\u015f duvar paslanmaz \u00e7elikten yap\u0131lm\u0131\u015ft\u0131r, korozyona dayan\u0131kl\u0131d\u0131r.<\/p>    <p>2. Elektrikli \u0131s\u0131tma sistemi: pi\u015firme ve kurutma olmak \u00fczere ikiye ayr\u0131l\u0131r. Kurutma b\u00f6l\u00fcm\u00fc: elektrikli \u0131s\u0131t\u0131c\u0131y\u0131 a\u00e7ar, s\u0131cak gaz \u0131s\u0131 de\u011fi\u015fimi yapar ve \u00fcr\u00fcnler f\u0131r\u0131nda pi\u015fer. Pi\u015firme b\u00f6l\u00fcm\u00fc: d\u0131\u015f buhar sistemiyle beslenir ve do\u011frudan \u00fcr\u00fcnleri \u0131s\u0131t\u0131r.<\/p>    <p>3. Dola\u015f\u0131m hava sistemi: F\u0131r\u0131n\u0131n \u00fcst k\u0131sm\u0131nda elektrikli bir fan bulunur. Y\u00fcksek g\u00fc\u00e7 ve b\u00fcy\u00fck hava hacmi, f\u0131r\u0131ndaki s\u0131cakl\u0131k art\u0131\u015f\u0131n\u0131 sa\u011flar, her yerde s\u0131cakl\u0131k e\u015fit olur ve \u00fcr\u00fcn kalitesinin istikrarl\u0131 ve g\u00fcvenilir olmas\u0131n\u0131 sa\u011flar.<\/p>    <p>4. Duman sistemi: Duman odas\u0131ndaki odun peletlerini \u0131s\u0131tma levhas\u0131na koyun ve \u00fcretilen duman, duman borusu arac\u0131l\u0131\u011f\u0131yla \u00fcr\u00fcnleri dumanlamak i\u00e7in f\u0131r\u0131na g\u00f6nderilir.<\/p>    <p>5. Elektrik kontrol sistemi: geli\u015fmi\u015f insan-makine aray\u00fcz\u00fc ve programlanabilir kontrolc\u00fc kullan\u0131r, her s\u00fcreci tam otomatik kontrol ve izleme, g\u00fcvenilir \u00e7al\u0131\u015fma ve kolay kullan\u0131m sa\u011flar, iyi su ge\u00e7irmezlik performans\u0131.<\/p>    <h2 class=\"wp-block-heading\" id=\"h-how-to-smoke-sausage-with-a-sausage-smoker\">Sosis dumanlama makinesi ile sosis nas\u0131l dumanlan\u0131r?<\/h2>    <figure class=\"wp-block-embed is-type-video is-provider-youtube wp-block-embed-youtube\"><div class=\"wp-block-embed__wrapper\"> <iframe loading=\"lazy\" title=\"Dumanl\u0131 g\u0131dalar\u0131 sever misiniz | Sosis, tavuk ve bal\u0131k i\u00e7in otomatik g\u0131da et dumanlama makinesi\" width=\"500\" height=\"281\" src=\"https:\/\/www.youtube.com\/embed\/Cv3rWUK_TEc?start=2&#038;feature=oembed\" frameborder=\"0\" allow=\"accelerometer; autoplay; clipboard-write; encrypted-media; gyroscope; picture-in-picture; web-share\" referrerpolicy=\"strict-origin-when-cross-origin\" allowfullscreen><\/iframe> <\/div><\/figure>    <p>Et dumanlama makinesi kullanarak sosisleri dumanlama, haz\u0131rl\u0131k \u00e7al\u0131\u015fmalar\u0131 ve resmi \u00fcretim a\u015famalar\u0131n\u0131 i\u00e7erir. Ba\u015flang\u0131\u00e7 \u00f6ncesi haz\u0131rl\u0131k \u00e7al\u0131\u015fmas\u0131, t\u00fcm sosisin duman\u0131nda hayati \u00f6neme sahiptir.<\/p>    <h3 class=\"wp-block-heading\" id=\"h-preparation\">Haz\u0131rl\u0131k<\/h3>    <ol class=\"wp-block-list\" type=\"1\"> <li>Makineyi \u00e7al\u0131\u015ft\u0131rmadan \u00f6nce, t\u00fcm par\u00e7alar\u0131n gev\u015fek veya anormal olup olmad\u0131\u011f\u0131n\u0131 kontrol edin. Par\u00e7alar gev\u015fek veya anormal de\u011filse, haz\u0131rl\u0131k \u00e7al\u0131\u015fmas\u0131na ba\u015flanabilir.<\/li>    <li>Odunu duman odas\u0131na koyup tutu\u015fturun ve duman\u0131n duman odas\u0131ndan ge\u00e7mesini sa\u011flay\u0131n<\/li>    <li>Temiz suyu dumanlama sistemine ekleyin, temizlik program\u0131n\u0131 ba\u015flat\u0131n ve temizleme pomposu \u00e7al\u0131\u015fmaya ba\u015flar.<\/li>    <li>T\u00fcm dumanlama kutusunun i\u00e7i temizlendikten sonra, sosis dumanlama kutusuna konabilir.<\/li> <\/ol>    <figure class=\"wp-block-image size-full is-resized\"><img loading=\"lazy\" decoding=\"async\" src=\"https:\/\/www.meatprocessingmachine.org\/wp-content\/uploads\/2021\/08\/smoking-machine-shipping.jpg\" alt=\"smoking machine shipping\" class=\"wp-image-1794\" style=\"width:590px;height:673px\" width=\"590\" height=\"673\" title=\"\" srcset=\"https:\/\/www.meatprocessingmachine.org\/wp-content\/uploads\/2021\/08\/smoking-machine-shipping.jpg 750w, https:\/\/www.meatprocessingmachine.org\/wp-content\/uploads\/2021\/08\/smoking-machine-shipping-263x300.jpg 263w\" sizes=\"auto, (max-width: 590px) 100vw, 590px\" \/><figcaption class=\"wp-element-caption\">Dumanlama Makinesi Sevkiyat\u0131<\/figcaption><\/figure>    <h3 class=\"wp-block-heading\" id=\"h-production-and-processing\">\u00dcretim ve i\u015fleme<\/h3>    <p>Dumanlama makinesi, \u00e7e\u015fitli ad\u0131mlar\u0131n\u0131 i\u015fletmek i\u00e7in ak\u0131ll\u0131 kontrol paneli kullan\u0131r. Bu nedenle, m\u00fc\u015fteriler, dumanlama \u00f6zelliklerine g\u00f6re zaman ve a\u015famalar\u0131 ayarlayabilir. Kontrol paneline zaman, s\u0131cakl\u0131k ve di\u011fer g\u00f6stergeleri girer ve makine otomatik \u00e7al\u0131\u015f\u0131r. T\u00fcm ayarlanm\u0131\u015f dumanlama programlar\u0131 tamamland\u0131ktan sonra, makine otomatik kapan\u0131r.<\/p>","protected":false},"excerpt":{"rendered":"<p>End\u00fcstriyel et t\u00fcts\u00fcleme makinesi, sosislerin, bal\u0131klar\u0131n ve di\u011fer etlerin duman, renk ve lezzetinde yayg\u0131n olarak kullan\u0131l\u0131r. T\u00fcm t\u00fcts\u00fcleme i\u015flemini kontrol etmek i\u00e7in ak\u0131ll\u0131 PLC kontrol paneli kullan\u0131r.<\/p>","protected":false},"author":1,"featured_media":1798,"parent":0,"template":"","product-type":[584],"class_list":["post-152","product","type-product","status-publish","has-post-thumbnail","hentry","product-type-fish"],"_links":{"self":[{"href":"https:\/\/www.meatprocessingmachine.org\/tr\/wp-json\/wp\/v2\/product\/152","targetHints":{"allow":["GET"]}}],"collection":[{"href":"https:\/\/www.meatprocessingmachine.org\/tr\/wp-json\/wp\/v2\/product"}],"about":[{"href":"https:\/\/www.meatprocessingmachine.org\/tr\/wp-json\/wp\/v2\/types\/product"}],"author":[{"embeddable":true,"href":"https:\/\/www.meatprocessingmachine.org\/tr\/wp-json\/wp\/v2\/users\/1"}],"wp:featuredmedia":[{"embeddable":true,"href":"https:\/\/www.meatprocessingmachine.org\/tr\/wp-json\/wp\/v2\/media\/1798"}],"wp:attachment":[{"href":"https:\/\/www.meatprocessingmachine.org\/tr\/wp-json\/wp\/v2\/media?parent=152"}],"wp:term":[{"taxonomy":"product-type","embeddable":true,"href":"https:\/\/www.meatprocessingmachine.org\/tr\/wp-json\/wp\/v2\/product-type?post=152"}],"curies":[{"name":"wp","href":"https:\/\/api.w.org\/{rel}","templated":true}]}}