{"id":1635,"date":"2021-08-10T17:09:29","date_gmt":"2021-08-10T09:09:29","guid":{"rendered":"https:\/\/www.meatprocessingmachine.org\/?p=1635"},"modified":"2026-02-12T16:09:05","modified_gmt":"2026-02-12T08:09:05","slug":"dz-260-desktop-vacuum-packing-machine-for-sealing","status":"publish","type":"product","link":"https:\/\/www.meatprocessingmachine.org\/tr\/dz-260-desktop-vacuum-packing-machine-for-sealing.html","title":{"rendered":"DZ-260 Masa\u00fcst\u00fc vakum paketleme makinesi ile m\u00fch\u00fcrleme"},"content":{"rendered":"<div class=\"kk-star-ratings kksr-auto kksr-align-right kksr-valign-top\"     data-payload='{&quot;align&quot;:&quot;right&quot;,&quot;id&quot;:&quot;1635&quot;,&quot;slug&quot;:&quot;default&quot;,&quot;valign&quot;:&quot;top&quot;,&quot;ignore&quot;:&quot;&quot;,&quot;reference&quot;:&quot;auto&quot;,&quot;class&quot;:&quot;&quot;,&quot;count&quot;:&quot;0&quot;,&quot;legendonly&quot;:&quot;&quot;,&quot;readonly&quot;:&quot;&quot;,&quot;score&quot;:&quot;0&quot;,&quot;starsonly&quot;:&quot;&quot;,&quot;best&quot;:&quot;5&quot;,&quot;gap&quot;:&quot;5&quot;,&quot;greet&quot;:&quot;Rate this product&quot;,&quot;legend&quot;:&quot;0\\\/5 - (0 votes)&quot;,&quot;size&quot;:&quot;24&quot;,&quot;title&quot;:&quot;DZ-260 Desktop vacuum packing machine for sealing&quot;,&quot;width&quot;:&quot;0&quot;,&quot;_legend&quot;:&quot;{score}\\\/{best} - ({count} {votes})&quot;,&quot;font_factor&quot;:&quot;1.25&quot;}'>              <div class=\"kksr-stars\">      <div class=\"kksr-stars-inactive\">             <div class=\"kksr-star\" data-star=\"1\" style=\"padding-right: 5px\">               <div class=\"kksr-icon\" style=\"width: 24px; height: 24px;\"><\/div>         <\/div>             <div class=\"kksr-star\" data-star=\"2\" style=\"padding-right: 5px\">               <div class=\"kksr-icon\" style=\"width: 24px; height: 24px;\"><\/div>         <\/div>             <div class=\"kksr-star\" data-star=\"3\" style=\"padding-right: 5px\">               <div class=\"kksr-icon\" style=\"width: 24px; height: 24px;\"><\/div>         <\/div>             <div class=\"kksr-star\" data-star=\"4\" style=\"padding-right: 5px\">               <div class=\"kksr-icon\" style=\"width: 24px; height: 24px;\"><\/div>         <\/div>             <div class=\"kksr-star\" data-star=\"5\" style=\"padding-right: 5px\">               <div class=\"kksr-icon\" style=\"width: 24px; height: 24px;\"><\/div>         <\/div>     <\/div>      <div class=\"kksr-stars-active\" style=\"width: 0px;\">             <div class=\"kksr-star\" style=\"padding-right: 5px\">               <div class=\"kksr-icon\" style=\"width: 24px; height: 24px;\"><\/div>         <\/div>             <div class=\"kksr-star\" style=\"padding-right: 5px\">               <div class=\"kksr-icon\" style=\"width: 24px; height: 24px;\"><\/div>         <\/div>             <div class=\"kksr-star\" style=\"padding-right: 5px\">               <div class=\"kksr-icon\" style=\"width: 24px; height: 24px;\"><\/div>         <\/div>             <div class=\"kksr-star\" style=\"padding-right: 5px\">               <div class=\"kksr-icon\" style=\"width: 24px; height: 24px;\"><\/div>         <\/div>             <div class=\"kksr-star\" style=\"padding-right: 5px\">               <div class=\"kksr-icon\" style=\"width: 24px; height: 24px;\"><\/div>         <\/div>     <\/div> <\/div>                   <div class=\"kksr-legend\" style=\"font-size: 19.2px;\">             <span class=\"kksr-muted\">Bu \u00fcr\u00fcn\u00fc de\u011ferlendirin<\/span>     <\/div>     <\/div>  <p class=\"translation-block\"> Masa\u00fcst\u00fc vakum paketleme makinesi, vakum malzemeleri yapabilen bir makinedir. Masa\u00fcst\u00fc vakum paketleme makinesi, kuru ve \u0131slak \u00fcr\u00fcnlere uygulanabilir, kat\u0131, s\u0131v\u0131, toz ve macunlu g\u0131dalar, tah\u0131llar, meyveler, korni\u015fonlar ve kimyasallar i\u00e7in kullan\u0131labilir. Elektronik bile\u015fenler, hassas enstr\u00fcmanlar, nadir metaller vb. vakum paketleme i\u00e7in uygundur. Vakum paketleme hayat\u0131m\u0131zda \u00e7ok yayg\u0131nd\u0131r, bu y\u00f6ntem basit ve pratiktir ve bir\u00e7ok \u00fcretici taraf\u0131ndan sevilir. Ayr\u0131ca, bir\u00e7ok farkl\u0131 vakum paketleme makinesi t\u00fcr\u00fcm\u00fcz de mevcuttur.<\/p>    <h2 class=\"wp-block-heading\" id=\"h-how-to-use-desktop-vacuum-packing-machine\">Masa\u00fcst\u00fc vakum paketleme makinesi nas\u0131l kullan\u0131l\u0131r<\/h2>    <figure class=\"wp-block-embed is-type-video is-provider-youtube wp-block-embed-youtube\"><div class=\"wp-block-embed__wrapper\"> <iframe loading=\"lazy\" title=\"vakum paketleme makinesi | g\u0131da Oda Vakum Sealeri\" width=\"500\" height=\"281\" src=\"https:\/\/www.youtube.com\/embed\/2CWP6Zl_GKg?start=8&#038;feature=oembed\" frameborder=\"0\" allow=\"accelerometer; autoplay; clipboard-write; encrypted-media; gyroscope; picture-in-picture; web-share\" referrerpolicy=\"strict-origin-when-cross-origin\" allowfullscreen><\/iframe> <\/div><\/figure>    <p>The use of vacuum packaging is very simple. First of all, you need to put the things to be packaged into the packaging bag, place the opening on the machine&#8217;s seal, and then turn on the switch, the machine will start working, and the machine will complete after extracting the air from the packaging bag. The predetermined vacuum degree, and finally the machine completes the sealing process.<\/p>    <h2 class=\"wp-block-heading\">Vakum paketlemenin rol\u00fc<\/h2>    <figure class=\"wp-block-image size-full\"><img loading=\"lazy\" decoding=\"async\" width=\"750\" height=\"934\" src=\"https:\/\/www.meatprocessingmachine.org\/wp-content\/uploads\/2021\/08\/product-of-vacuum-packing.jpg\" alt=\"product of vacuum packing\" class=\"wp-image-1639\" title=\"\" srcset=\"https:\/\/www.meatprocessingmachine.org\/wp-content\/uploads\/2021\/08\/product-of-vacuum-packing.jpg 750w, https:\/\/www.meatprocessingmachine.org\/wp-content\/uploads\/2021\/08\/product-of-vacuum-packing-241x300.jpg 241w\" sizes=\"auto, (max-width: 750px) 100vw, 750px\" \/><figcaption>Vakum Paketleme \u00dcr\u00fcn\u00fc<\/figcaption><\/figure>    <p>Vakum paketlemenin ana fonksiyonu, g\u0131dan\u0131n raf \u00f6mr\u00fcn\u00fc uzatmak ve k\u00fcf ve bozulmay\u0131 \u00f6nlemektir. Vakum paketlemenin temel amac\u0131, paketleme torbas\u0131ndaki oksijeni uzakla\u015ft\u0131rmak, b\u00f6ylece g\u0131dan\u0131n oksijenle temas\u0131n\u0131 en aza indirmek ve oksidasyon h\u0131z\u0131n\u0131 azaltmakt\u0131r. Di\u011fer bir ama\u00e7 ise bakterilerin b\u00fcy\u00fcmesini engellemektir. Havada bir\u00e7ok bakteri bulunur. Uygun bir b\u00fcy\u00fcme ortam\u0131 sa\u011fland\u0131\u011f\u0131nda, bakteriler k\u0131sa s\u00fcrede \u00e7o\u011fal\u0131r ve g\u0131dalar\u0131n bozulmas\u0131n\u0131 h\u0131zland\u0131r\u0131r. Vakum paketlemenin iyi hava ge\u00e7irmezli\u011fi sayesinde, g\u0131dan\u0131n nem kayb\u0131n\u0131 belli \u00f6l\u00e7\u00fcde \u00f6nleyebilir ve ilk \u00fcretildi\u011fi andaki lezzetini koruyabilir. Bu nedenle, vakum paketleme ya\u015fam\u0131n vazge\u00e7ilmez bir par\u00e7as\u0131 olmu\u015ftur.<\/p>    <figure class=\"wp-block-image size-full\"><img loading=\"lazy\" decoding=\"async\" width=\"750\" height=\"750\" src=\"https:\/\/www.meatprocessingmachine.org\/wp-content\/uploads\/2021\/08\/vacuum-packing-machine-2.jpg\" alt=\"vakum paketleme makinesi\" class=\"wp-image-1641\" title=\"\" srcset=\"https:\/\/www.meatprocessingmachine.org\/wp-content\/uploads\/2021\/08\/vacuum-packing-machine-2.jpg 750w, https:\/\/www.meatprocessingmachine.org\/wp-content\/uploads\/2021\/08\/vacuum-packing-machine-2-300x300.jpg 300w, https:\/\/www.meatprocessingmachine.org\/wp-content\/uploads\/2021\/08\/vacuum-packing-machine-2-150x150.jpg 150w\" sizes=\"auto, (max-width: 750px) 100vw, 750px\" \/><figcaption>Vakum Paketleme Makinesi<\/figcaption><\/figure>    <h2 class=\"wp-block-heading\">Masa\u00fcst\u00fc paketleme makinesi parametreleri<\/h2>    <figure class=\"wp-block-table\"><table><tbody><tr><td>modellendirme<\/td><td>DZ260<\/td><\/tr><tr><td>g\u00fc\u00e7 kayna\u011f\u0131<\/td><td>220V \/110V  50\/60HZ<\/td><\/tr><tr><td>Vakum pompas\u0131 g\u00fcc\u00fc<\/td><td>370W<\/td><\/tr><tr><td>M\u00fch\u00fcrleme g\u00fcc\u00fc<\/td><td>200 mm<\/td><\/tr><tr><td>En d\u00fc\u015f\u00fck mutlak bas\u0131n\u00e7<\/td><td>1Kpa<\/td><\/tr><tr><td>M\u00fch\u00fcrleme konumu<\/td><td>1 Par\u00e7a (M\u00fch\u00fcrleme \u015feridi)<\/td><\/tr><tr><td>Vakum odas\u0131 boyutu<\/td><td>340*300*50mm<\/td><\/tr><tr><td>M\u00fch\u00fcrleme boyutu<\/td><td>260*8mm<\/td><\/tr><tr><td>a\u011f\u0131rl\u0131k<\/td><td>35KG<\/td><\/tr><tr><td>Makine boyutu<\/td><td>480*330*360mm<\/td><\/tr><\/tbody><\/table><figcaption>Masa\u00fcst\u00fc vakum paketleme makinesi<\/figcaption><\/figure>    <h2 class=\"wp-block-heading\">Masa\u00fcst\u00fc vakum paketleme makinesinin avantajlar\u0131<\/h2>    <figure class=\"wp-block-image size-full\"><img loading=\"lazy\" decoding=\"async\" width=\"750\" height=\"831\" src=\"https:\/\/www.meatprocessingmachine.org\/wp-content\/uploads\/2021\/08\/Vacuum-packaging-machine-details.jpg\" alt=\"Vakum paketleme makinesi detaylar\u0131\" class=\"wp-image-1642\" title=\"\" srcset=\"https:\/\/www.meatprocessingmachine.org\/wp-content\/uploads\/2021\/08\/Vacuum-packaging-machine-details.jpg 750w, https:\/\/www.meatprocessingmachine.org\/wp-content\/uploads\/2021\/08\/Vacuum-packaging-machine-details-271x300.jpg 271w\" sizes=\"auto, (max-width: 750px) 100vw, 750px\" \/><figcaption>Vakum Paketleme Makinesi Detaylar\u0131<\/figcaption><\/figure>    <p>1. Bu seri vakum paketleme makineleri ayn\u0131 anda vakumlama, m\u00fch\u00fcrleme, bask\u0131 ve so\u011futma yapabilir. Bu \u00fcr\u00fcn, g\u0131da, ila\u00e7, su \u00fcr\u00fcnleri, kimyasal hammaddeler, elektronik bile\u015fenler ve di\u011fer \u00fcr\u00fcnlerin vakumlu paketlenmesi i\u00e7in uygundur, \u00fcr\u00fcn\u00fcn oksitlenmesini ve k\u00fcflenmesini \u00f6nler. Korozyona kar\u015f\u0131, nem ge\u00e7irmez, kalite ve tazelik sa\u011flar, \u00fcr\u00fcnlerin saklama s\u00fcresini uzat\u0131r.<\/p>    <p>2. Masa\u00fcst\u00fc vakum paketleme makinesi k\u00fc\u00e7\u00fck boyutlar\u0131, d\u00fc\u015f\u00fck g\u00fc\u00e7 t\u00fcketimi, k\u0131sa pompalama s\u00fcresi gibi \u00f6zelliklere sahiptir, bu da k\u00fc\u00e7\u00fck \u00fcr\u00fcnlerin paketlenmesine uygundur.<\/p>    <p>3. Sistem, hassas kontrol, g\u00fc\u00e7l\u00fc parazit \u00f6nleme yetene\u011fi ve iyi stabilite avantajlar\u0131na sahiptir. T\u00fcm ayarlar do\u011frudan panelden yap\u0131l\u0131r, di\u011fer bile\u015fenleri ayarlamaya gerek yoktur.<\/p>    <p>4. Masa\u00fcst\u00fc vakum paketleme makinesi k\u00fc\u00e7\u00fck boyutlar\u0131, d\u00fc\u015f\u00fck g\u00fc\u00e7 t\u00fcketimi, k\u0131sa pompalama s\u00fcresi gibi \u00f6zelliklere sahiptir, bu da k\u00fc\u00e7\u00fck \u00fcr\u00fcnlerin paketlenmesine uygundur.<\/p>","protected":false},"excerpt":{"rendered":"<p>The desktop vacuum packaging machine is a machine that can vacuum materials. The desktop vacuum packaging machine can be applied to both dry and wet products, for solid, liquid, powder, and paste foods, grains, fruits, preserved fruits, and chemicals. Electronic components, precision instruments, rare metals, etc. for vacuum packaging. Vacuum packaging is very common in life, this method is also simple and practical, and is loved by many manufacturers. In addition, we also have many types of vacuum packaging machines to choose.<\/p>","protected":false},"author":1,"featured_media":1638,"parent":0,"template":"","product-type":[596],"class_list":["post-1635","product","type-product","status-publish","has-post-thumbnail","hentry","product-type-meat-packaging-equipment"],"_links":{"self":[{"href":"https:\/\/www.meatprocessingmachine.org\/tr\/wp-json\/wp\/v2\/product\/1635","targetHints":{"allow":["GET"]}}],"collection":[{"href":"https:\/\/www.meatprocessingmachine.org\/tr\/wp-json\/wp\/v2\/product"}],"about":[{"href":"https:\/\/www.meatprocessingmachine.org\/tr\/wp-json\/wp\/v2\/types\/product"}],"author":[{"embeddable":true,"href":"https:\/\/www.meatprocessingmachine.org\/tr\/wp-json\/wp\/v2\/users\/1"}],"wp:featuredmedia":[{"embeddable":true,"href":"https:\/\/www.meatprocessingmachine.org\/tr\/wp-json\/wp\/v2\/media\/1638"}],"wp:attachment":[{"href":"https:\/\/www.meatprocessingmachine.org\/tr\/wp-json\/wp\/v2\/media?parent=1635"}],"wp:term":[{"taxonomy":"product-type","embeddable":true,"href":"https:\/\/www.meatprocessingmachine.org\/tr\/wp-json\/wp\/v2\/product-type?post=1635"}],"curies":[{"name":"wp","href":"https:\/\/api.w.org\/{rel}","templated":true}]}}