{"id":1646,"date":"2021-08-12T17:23:30","date_gmt":"2021-08-12T09:23:30","guid":{"rendered":"https:\/\/www.meatprocessingmachine.org\/?p=1646"},"modified":"2026-02-12T16:00:37","modified_gmt":"2026-02-12T08:00:37","slug":"single-chamber-vacuum-packaging-machine","status":"publish","type":"product","link":"https:\/\/www.meatprocessingmachine.org\/tr\/single-chamber-vacuum-packaging-machine.html","title":{"rendered":"Tek odal\u0131 vakum paketleme makinesi | Vakum sarmalama makinesi"},"content":{"rendered":"<div class=\"kk-star-ratings kksr-auto kksr-align-right kksr-valign-top\"     data-payload='{&quot;align&quot;:&quot;right&quot;,&quot;id&quot;:&quot;1646&quot;,&quot;slug&quot;:&quot;default&quot;,&quot;valign&quot;:&quot;top&quot;,&quot;ignore&quot;:&quot;&quot;,&quot;reference&quot;:&quot;auto&quot;,&quot;class&quot;:&quot;&quot;,&quot;count&quot;:&quot;0&quot;,&quot;legendonly&quot;:&quot;&quot;,&quot;readonly&quot;:&quot;&quot;,&quot;score&quot;:&quot;0&quot;,&quot;starsonly&quot;:&quot;&quot;,&quot;best&quot;:&quot;5&quot;,&quot;gap&quot;:&quot;5&quot;,&quot;greet&quot;:&quot;Rate this product&quot;,&quot;legend&quot;:&quot;0\\\/5 - (0 votes)&quot;,&quot;size&quot;:&quot;24&quot;,&quot;title&quot;:&quot;Single chamber vacuum packaging machine | Vacuum sealing machine&quot;,&quot;width&quot;:&quot;0&quot;,&quot;_legend&quot;:&quot;{score}\\\/{best} - ({count} {votes})&quot;,&quot;font_factor&quot;:&quot;1.25&quot;}'>              <div class=\"kksr-stars\">      <div class=\"kksr-stars-inactive\">             <div class=\"kksr-star\" data-star=\"1\" style=\"padding-right: 5px\">               <div class=\"kksr-icon\" style=\"width: 24px; height: 24px;\"><\/div>         <\/div>             <div class=\"kksr-star\" data-star=\"2\" style=\"padding-right: 5px\">               <div class=\"kksr-icon\" style=\"width: 24px; height: 24px;\"><\/div>         <\/div>             <div class=\"kksr-star\" data-star=\"3\" style=\"padding-right: 5px\">               <div class=\"kksr-icon\" style=\"width: 24px; height: 24px;\"><\/div>         <\/div>             <div class=\"kksr-star\" data-star=\"4\" style=\"padding-right: 5px\">               <div class=\"kksr-icon\" style=\"width: 24px; height: 24px;\"><\/div>         <\/div>             <div class=\"kksr-star\" data-star=\"5\" style=\"padding-right: 5px\">               <div class=\"kksr-icon\" style=\"width: 24px; height: 24px;\"><\/div>         <\/div>     <\/div>      <div class=\"kksr-stars-active\" style=\"width: 0px;\">             <div class=\"kksr-star\" style=\"padding-right: 5px\">               <div class=\"kksr-icon\" style=\"width: 24px; height: 24px;\"><\/div>         <\/div>             <div class=\"kksr-star\" style=\"padding-right: 5px\">               <div class=\"kksr-icon\" style=\"width: 24px; height: 24px;\"><\/div>         <\/div>             <div class=\"kksr-star\" style=\"padding-right: 5px\">               <div class=\"kksr-icon\" style=\"width: 24px; height: 24px;\"><\/div>         <\/div>             <div class=\"kksr-star\" style=\"padding-right: 5px\">               <div class=\"kksr-icon\" style=\"width: 24px; height: 24px;\"><\/div>         <\/div>             <div class=\"kksr-star\" style=\"padding-right: 5px\">               <div class=\"kksr-icon\" style=\"width: 24px; height: 24px;\"><\/div>         <\/div>     <\/div> <\/div>                   <div class=\"kksr-legend\" style=\"font-size: 19.2px;\">             <span class=\"kksr-muted\">Bu \u00fcr\u00fcn\u00fc de\u011ferlendirin<\/span>     <\/div>     <\/div>  <p class=\"translation-block\">Tek b\u00f6lmeli vakum paketleme makinesi, paketleme torbas\u0131ndan oksijen \u00e7\u0131kararak vakum durumu olu\u015fturur. B\u00f6ylece yiyeceklerin raf \u00f6mr\u00fcn\u00fc uzat\u0131r. Otomatik vakum m\u00fch\u00fcrleme makinesi, et \u00fcr\u00fcnleri, <a href=\"https:\/\/en.wikipedia.org\/wiki\/Grain\" target=\"_blank\" rel=\"noopener\">tah\u0131llar<\/a>, ila\u00e7lar vb. paketlemek i\u00e7in uygundur. End\u00fcstriyel B\u00f6lmeli vakumlu m\u00fch\u00fcrleyici, yiyeceklerin k\u00fcflenmesini \u00f6nlerken, orijinal lezzetini korur ve yiyece\u011fin neminin kaybolmas\u0131n\u0131 engeller.<\/p>    <h2 class=\"wp-block-heading\">Tek b\u00f6lmeli vakum paketleme makinesi \u00e7al\u0131\u015fma g\u00f6sterisi<\/h2>    <figure class=\"wp-block-embed is-type-video is-provider-youtube wp-block-embed-youtube\"><div class=\"wp-block-embed__wrapper\"> <iframe loading=\"lazy\" title=\"Ticari Vakum M\u00fch\u00fcrleyiciler | Tek b\u00f6lmeli vakum paketleme makinesi | paketleme makinesi\" width=\"500\" height=\"281\" src=\"https:\/\/www.youtube.com\/embed\/0tZFANYuKhw?feature=oembed\" frameborder=\"0\" allow=\"accelerometer; autoplay; clipboard-write; encrypted-media; gyroscope; picture-in-picture; web-share\" referrerpolicy=\"strict-origin-when-cross-origin\" allowfullscreen><\/iframe> <\/div><figcaption class=\"wp-element-caption\">vakum paketleme makinesi \u00e7al\u0131\u015fma g\u00f6sterisi<\/figcaption><\/figure>    <h2 class=\"wp-block-heading\">End\u00fcstriyel b\u00f6lmeli vakumlu paketleyici \u00f6zelli\u011fi<\/h2>    <ol class=\"wp-block-list\"> <li>Tek b\u00f6lmeli vakum paketleme makinesi tamamen \u015feffaf pleksiglas kullan\u0131r ve \u00e7al\u0131\u015fma s\u0131ras\u0131nda paketleme durumunu g\u00f6zlemleyebilirsiniz.<\/li>    <li>Tek b\u00f6lmeli vakum paketleme makinesi, vakumlama, m\u00fch\u00fcrleme ve bask\u0131 gibi birka\u00e7 ad\u0131m\u0131 ayn\u0131 anda tamamlayabilir.<\/li>    <li>G\u00f6vde k\u00fc\u00e7\u00fck ve ta\u015f\u0131nmas\u0131 kolayd\u0131r.<\/li>    <li>M\u00fch\u00fcrleme s\u0131ras\u0131nda \u0131s\u0131tma s\u0131cakl\u0131\u011f\u0131 kontrol edilebilir ve herhangi bir zamanda duruma g\u00f6re ayarlanabilir.<\/li> <\/ol>    <h2 class=\"wp-block-heading\">Tek b\u00f6lmeli vakum paketleme makinesi parametreleri<\/h2>    <figure class=\"wp-block-table\"><table><tbody><tr><td>Model<\/td><td>DZ400\/2E<\/td><td>DZ500\/2E<\/td><td>DZ600\/2E<\/td><\/tr><tr><td>G\u00fc\u00e7 kayna\u011f\u0131<\/td><td>220V\/110V<\/td><td>220V\/110V<\/td><td>220V\/110V<\/td><\/tr><tr><td>Vakum pompas\u0131 g\u00fcc\u00fc<\/td><td>900W<\/td><td>900W<\/td><td>1800W<\/td><\/tr><tr><td>M\u00fch\u00fcrleme g\u00fcc\u00fc<\/td><td>600W<\/td><td>750W<\/td><td>1200W<\/td><\/tr><tr><td>En d\u00fc\u015f\u00fck mutlak bas\u0131n\u00e7<\/td><td>1Kpa<\/td><td>1Kpa<\/td><td>1Kpa<\/td><\/tr><tr><td>M\u00fch\u00fcrleme konumu<\/td><td>2 (m\u00fch\u00fcrleme \u015feridi)<\/td><td>2 (m\u00fch\u00fcrleme \u015feridi)<\/td><td>2 (m\u00fch\u00fcrleme \u015feridi)<\/td><\/tr><tr><td>Vakum odas\u0131 boyutu<\/td><td>430x420x75mm<\/td><td>530x520x75mm<\/td><td>650x620x100mm<\/td><\/tr><tr><td>M\u00fch\u00fcrleme boyutu<\/td><td>400*10mm<\/td><td>500*10mm<\/td><td>600*10mm<\/td><\/tr><tr><td>Net a\u011f\u0131rl\u0131k<\/td><td>80KG<\/td><td>100KG<\/td><td>150KG<\/td><\/tr><tr><td>Makine boyutu<\/td><td>540*500*950mm<\/td><td>580*630*1000mm<\/td><td>750*710*1000mm<\/td><\/tr><\/tbody><\/table><figcaption class=\"wp-element-caption\"> Vakum paketleme makinesi parametreleri <\/figcaption><\/figure>    <h2 class=\"wp-block-heading\" id=\"h-operation-steps-of-single-chamber-vacuum-packaging-machine\">Tek b\u00f6lmeli vakum paketleme makinesi \u00e7al\u0131\u015fma ad\u0131mlar\u0131<\/h2>    <figure class=\"wp-block-image size-full is-resized\"><img loading=\"lazy\" decoding=\"async\" width=\"750\" height=\"750\" src=\"https:\/\/www.meatprocessingmachine.org\/wp-content\/uploads\/2021\/08\/Automatic-Vacuum-Sealing-Machine.jpg\" alt=\"Automatic Vacuum Sealing Machine\" class=\"wp-image-1649\" title=\"\" srcset=\"https:\/\/www.meatprocessingmachine.org\/wp-content\/uploads\/2021\/08\/Automatic-Vacuum-Sealing-Machine.jpg 750w, https:\/\/www.meatprocessingmachine.org\/wp-content\/uploads\/2021\/08\/Automatic-Vacuum-Sealing-Machine-300x300.jpg 300w, https:\/\/www.meatprocessingmachine.org\/wp-content\/uploads\/2021\/08\/Automatic-Vacuum-Sealing-Machine-150x150.jpg 150w\" sizes=\"auto, (max-width: 750px) 100vw, 750px\" \/><figcaption class=\"wp-element-caption\"><br>otomatik vakum m\u00fch\u00fcrleme makinesi<\/figcaption><\/figure>    <ol class=\"wp-block-list\"> <li>Tek b\u00f6lmeli vakum paketleme makinesi, ana olarak bir vakum sistemi, gaz pompalama ve m\u00fch\u00fcrleme sistemi, \u0131s\u0131 presli m\u00fch\u00fcrleme sistemi ve elektrik kontrol sisteminden olu\u015fur. Ancak, tek b\u00f6lmeli vakum makinesinin \u00e7al\u0131\u015fma s\u00fcreci olduk\u00e7a basittir.<\/li>    <li>G\u00fc\u00e7 kayna\u011f\u0131n\u0131 a\u00e7\u0131n: gerekirse g\u00fc\u00e7 se\u00e7im anahtar\u0131n\u0131 \u00e7evirin, yani g\u00fc\u00e7 g\u00f6stergesi yanar. G\u00fc\u00e7 se\u00e7im anahtar\u0131 vakum i\u00e7in vakum m\u00fch\u00fcrleme, vakum doldurma ise vakum doldurma ve m\u00fch\u00fcrleme i\u00e7indir.<\/li>    <li>Put the packaging bag with the contents in the vacuum chamber, the bag&#8217;s mouth is neat.<\/li>    <li>Kapa\u011f\u0131 bast\u0131r\u0131n ve paneldeki bo\u015faltma (vakum) g\u00f6stergesi yanar. Vakum pompas\u0131 hava pompalamaya ba\u015flar ve kapak otomatik olarak emilir. Vakum d\u00fc\u011fmesi, paketleme gereksinimlerine g\u00f6re vakum seviyesini ayarlayabilir. Ayarlarken, g\u00f6rsel \u00f6l\u00e7ek d\u00fc\u015f\u00fckten y\u00fckse\u011fe k\u00fc\u00e7\u00fck bir dalgalanma ile g\u00f6sterilir.<\/li>    <li>Pompa ayarland\u0131\u011f\u0131nda, belirlenen vakum seviyesine ula\u015f\u0131ld\u0131\u011f\u0131nda, pompa durur.<\/li>    <li>Pompa tamamland\u0131\u011f\u0131nda, g\u00f6sterge \u0131\u015f\u0131\u011f\u0131 s\u00f6ner, \u0131s\u0131 m\u00fch\u00fcrleme g\u00f6stergesi yanar ve \u015fi\u015firme i\u015flemi ba\u015flar.<\/li>    <li>Parametreleri ayarlarken, s\u0131cakl\u0131k ani art\u0131\u015f\u0131n\u0131 \u00f6nlemek i\u00e7in k\u00fc\u00e7\u00fck bir d\u00f6n\u00fc\u015f aral\u0131\u011f\u0131 kullan\u0131lmal\u0131.<\/li>    <li>Is\u0131 m\u00fch\u00fcrleme s\u00fcresi doldu\u011funda, \u0131s\u0131 m\u00fch\u00fcrleme g\u00f6stergesi s\u00f6ner ve vakum odas\u0131 otomatik olarak atmosferle ba\u011flant\u0131 kurar, kapa\u011f\u0131n otomatik olarak kald\u0131r\u0131lmas\u0131na kadar, ve vakum paketleme i\u015flemi tamamlan\u0131r, bir sonraki paketleme d\u00f6ng\u00fcs\u00fc i\u00e7in haz\u0131rd\u0131r.<\/li> <\/ol>    <figure class=\"wp-block-image size-full is-resized\"><img loading=\"lazy\" decoding=\"async\" width=\"750\" height=\"934\" src=\"https:\/\/www.meatprocessingmachine.org\/wp-content\/uploads\/2021\/08\/product-of-vacuum-packing-1.jpg\" alt=\"product of Industrial Chamber vacuum sealer \" class=\"wp-image-1653\" title=\"\" srcset=\"https:\/\/www.meatprocessingmachine.org\/wp-content\/uploads\/2021\/08\/product-of-vacuum-packing-1.jpg 750w, https:\/\/www.meatprocessingmachine.org\/wp-content\/uploads\/2021\/08\/product-of-vacuum-packing-1-241x300.jpg 241w\" sizes=\"auto, (max-width: 750px) 100vw, 750px\" \/><figcaption class=\"wp-element-caption\"><br><br>End\u00fcstriyel b\u00f6lmeli vakumlu paketleme makinesi \u00fcr\u00fcn\u00fc<\/figcaption><\/figure>    <h2 class=\"wp-block-heading\">Ambalaj po\u015feti hakk\u0131nda<\/h2>    <p>Bir\u00e7ok m\u00fc\u015fteri, tek b\u00f6lmeli vakum paketleme makinesi kullan\u0131rken vakum torbas\u0131n\u0131n k\u0131r\u0131ld\u0131\u011f\u0131n\u0131 bildiriyor. Neden oldu\u011funu teknisyenlerimize sorun. A\u00e7\u0131k\u00e7as\u0131, kulland\u0131\u011f\u0131m\u0131z vakum torbas\u0131n\u0131n kal\u0131nl\u0131\u011f\u0131 ula\u015fam\u0131yor, \u00e7\u00fcnk\u00fc vakum olduk\u00e7a b\u00fcy\u00fck, bu y\u00fczden vakumlama s\u0131ras\u0131nda torba kal\u0131nl\u0131\u011fa ula\u015fmazsa hasar olu\u015fur. Bu nedenle, paketleme malzemeleri i\u00e7in, gereksinimlerimize uygun olmal\u0131, normal vakumlama i\u015flemini sa\u011flamak i\u00e7in.<\/p>   <div class=\"wp-block-image\"> <figure class=\"aligncenter size-full is-resized\"><img loading=\"lazy\" decoding=\"async\" width=\"720\" height=\"540\" src=\"https:\/\/www.meatprocessingmachine.org\/wp-content\/uploads\/2022\/03\/sausage-vacuum-packaging-machine-1-1.png\" alt=\"Tek b\u00f6lmeli vakum paketleme makinesi\" class=\"wp-image-32950\" style=\"object-fit:cover;width:720px;height:540px\" title=\"\" srcset=\"https:\/\/www.meatprocessingmachine.org\/wp-content\/uploads\/2022\/03\/sausage-vacuum-packaging-machine-1-1.png 720w, https:\/\/www.meatprocessingmachine.org\/wp-content\/uploads\/2022\/03\/sausage-vacuum-packaging-machine-1-1-300x225.png 300w\" sizes=\"auto, (max-width: 720px) 100vw, 720px\" \/><figcaption class=\"wp-element-caption\">Tek B\u00f6lmeli Vakum Paketleme Makinesi<\/figcaption><\/figure> <\/div>   <h2 class=\"wp-block-heading\">Vakum paketleme makinesi t\u00fcrleri<\/h2>    <p class=\"translation-block\">\u0130ki t\u00fcr vakum paketleme makinesi vard\u0131r: tek b\u00f6lmeli ve <a href=\"https:\/\/www.meatprocessingmachine.org\/tr\/dz-260-desktop-vacuum-packing-machine-for-sealing.html\/\">\u00e7ift b\u00f6lmeli vakum paketleme makinesi<\/a>. Bu iki makinenin fonksiyonu ve etkisi ayn\u0131d\u0131r. Ana fark h\u0131zd\u0131r. Bu makine hakk\u0131nda daha fazla bilgi almak isterseniz, l\u00fctfen bizimle ileti\u015fime ge\u00e7mekten \u00e7ekinmeyin.<\/p>    <div class=\"wp-block-columns is-layout-flex wp-container-core-columns-is-layout-9d6595d7 wp-block-columns-is-layout-flex\"> <div class=\"wp-block-column is-layout-flow wp-block-column-is-layout-flow\"> <figure class=\"wp-block-image size-full\"><a href=\"https:\/\/www.meatprocessingmachine.org\/tr\/single-chamber-vacuum-packaging-machine-vacuum-sealing-machine.html\/\"><img loading=\"lazy\" decoding=\"async\" width=\"720\" height=\"540\" src=\"https:\/\/www.meatprocessingmachine.org\/wp-content\/uploads\/2018\/10\/single-chamber-meat-vacuum-packing-machine.webp\" alt=\"Tek b\u00f6lmeli et vakum paketleme makinesi\" class=\"wp-image-34424\" title=\"\" srcset=\"https:\/\/www.meatprocessingmachine.org\/wp-content\/uploads\/2018\/10\/single-chamber-meat-vacuum-packing-machine.webp 720w, https:\/\/www.meatprocessingmachine.org\/wp-content\/uploads\/2018\/10\/single-chamber-meat-vacuum-packing-machine-300x225.webp 300w, https:\/\/www.meatprocessingmachine.org\/wp-content\/uploads\/2018\/10\/single-chamber-meat-vacuum-packing-machine-16x12.webp 16w\" sizes=\"auto, (max-width: 720px) 100vw, 720px\" \/><\/a><figcaption class=\"wp-element-caption\">Tek B\u00f6lmeli Et Vakum Paketleme Makinesi<\/figcaption><\/figure> <\/div>    <div class=\"wp-block-column is-layout-flow wp-block-column-is-layout-flow\"> <figure class=\"wp-block-image size-full\"><a href=\"https:\/\/www.meatprocessingmachine.org\/tr\/dz-260-desktop-vacuum-packing-machine-for-sealing.html\/\"><img loading=\"lazy\" decoding=\"async\" width=\"720\" height=\"540\" src=\"https:\/\/www.meatprocessingmachine.org\/wp-content\/uploads\/2018\/10\/meat-vacuum-packaging-machine.webp\" alt=\"Et paketleme makinesi\" class=\"wp-image-34423\" title=\"\" srcset=\"https:\/\/www.meatprocessingmachine.org\/wp-content\/uploads\/2018\/10\/meat-vacuum-packaging-machine.webp 720w, https:\/\/www.meatprocessingmachine.org\/wp-content\/uploads\/2018\/10\/meat-vacuum-packaging-machine-300x225.webp 300w, https:\/\/www.meatprocessingmachine.org\/wp-content\/uploads\/2018\/10\/meat-vacuum-packaging-machine-16x12.webp 16w\" sizes=\"auto, (max-width: 720px) 100vw, 720px\" \/><\/a><figcaption class=\"wp-element-caption\">\u00c7ift B\u00f6lmeli Et Vakum Paketleme Makinesi<\/figcaption><\/figure> <\/div> <\/div>","protected":false},"excerpt":{"rendered":"<p>The single-chamber vacuum packaging machine can extract oxygen from the packaging bag to form a vacuum state. Thereby extending the shelf life of food. An automatic Vacuum Sealing Machine is suitable for packaging meat products, grains, medicines, etc. Industrial Chamber vacuum sealer can prevent the food from becoming moldy, while maintaining the original flavor of the food, ensuring that the moisture of the food will not be lost.<\/p>","protected":false},"author":1,"featured_media":1656,"parent":0,"template":"","product-type":[596],"class_list":["post-1646","product","type-product","status-publish","has-post-thumbnail","hentry","product-type-meat-packaging-equipment"],"_links":{"self":[{"href":"https:\/\/www.meatprocessingmachine.org\/tr\/wp-json\/wp\/v2\/product\/1646","targetHints":{"allow":["GET"]}}],"collection":[{"href":"https:\/\/www.meatprocessingmachine.org\/tr\/wp-json\/wp\/v2\/product"}],"about":[{"href":"https:\/\/www.meatprocessingmachine.org\/tr\/wp-json\/wp\/v2\/types\/product"}],"author":[{"embeddable":true,"href":"https:\/\/www.meatprocessingmachine.org\/tr\/wp-json\/wp\/v2\/users\/1"}],"wp:featuredmedia":[{"embeddable":true,"href":"https:\/\/www.meatprocessingmachine.org\/tr\/wp-json\/wp\/v2\/media\/1656"}],"wp:attachment":[{"href":"https:\/\/www.meatprocessingmachine.org\/tr\/wp-json\/wp\/v2\/media?parent=1646"}],"wp:term":[{"taxonomy":"product-type","embeddable":true,"href":"https:\/\/www.meatprocessingmachine.org\/tr\/wp-json\/wp\/v2\/product-type?post=1646"}],"curies":[{"name":"wp","href":"https:\/\/api.w.org\/{rel}","templated":true}]}}