{"id":1855,"date":"2021-08-31T17:22:25","date_gmt":"2021-08-31T09:22:25","guid":{"rendered":"https:\/\/www.meatprocessingmachine.org\/?p=1855"},"modified":"2023-02-17T15:16:02","modified_gmt":"2023-02-17T07:16:02","slug":"chicken-bone-grinder-best-meat-grinder-for-grinding-bones","status":"publish","type":"product","link":"https:\/\/www.meatprocessingmachine.org\/tr\/chicken-bone-grinder-best-meat-grinder-for-grinding-bones.html","title":{"rendered":"En \u0130yi Et \u00d6\u011f\u00fct\u00fcc\u00fc Kemik \u00d6\u011f\u00fct\u00fcc\u00fc | Tavuk Kemik \u00d6\u011f\u00fct\u00fcc\u00fc"},"content":{"rendered":"<div class=\"kk-star-ratings kksr-auto kksr-align-right kksr-valign-top\"     data-payload='{&quot;align&quot;:&quot;right&quot;,&quot;id&quot;:&quot;1855&quot;,&quot;slug&quot;:&quot;default&quot;,&quot;valign&quot;:&quot;top&quot;,&quot;ignore&quot;:&quot;&quot;,&quot;reference&quot;:&quot;auto&quot;,&quot;class&quot;:&quot;&quot;,&quot;count&quot;:&quot;0&quot;,&quot;legendonly&quot;:&quot;&quot;,&quot;readonly&quot;:&quot;&quot;,&quot;score&quot;:&quot;0&quot;,&quot;starsonly&quot;:&quot;&quot;,&quot;best&quot;:&quot;5&quot;,&quot;gap&quot;:&quot;5&quot;,&quot;greet&quot;:&quot;Rate this product&quot;,&quot;legend&quot;:&quot;0\\\/5 - (0 votes)&quot;,&quot;size&quot;:&quot;24&quot;,&quot;title&quot;:&quot;Best Meat Grinder for Grinding Bones | Chicken Bone Grinder&quot;,&quot;width&quot;:&quot;0&quot;,&quot;_legend&quot;:&quot;{score}\\\/{best} - ({count} {votes})&quot;,&quot;font_factor&quot;:&quot;1.25&quot;}'>              <div class=\"kksr-stars\">      <div class=\"kksr-stars-inactive\">             <div class=\"kksr-star\" data-star=\"1\" style=\"padding-right: 5px\">               <div class=\"kksr-icon\" style=\"width: 24px; height: 24px;\"><\/div>         <\/div>             <div class=\"kksr-star\" data-star=\"2\" style=\"padding-right: 5px\">               <div class=\"kksr-icon\" style=\"width: 24px; height: 24px;\"><\/div>         <\/div>             <div class=\"kksr-star\" data-star=\"3\" style=\"padding-right: 5px\">               <div class=\"kksr-icon\" style=\"width: 24px; height: 24px;\"><\/div>         <\/div>             <div class=\"kksr-star\" data-star=\"4\" style=\"padding-right: 5px\">               <div class=\"kksr-icon\" style=\"width: 24px; height: 24px;\"><\/div>         <\/div>             <div class=\"kksr-star\" data-star=\"5\" style=\"padding-right: 5px\">               <div class=\"kksr-icon\" style=\"width: 24px; height: 24px;\"><\/div>         <\/div>     <\/div>      <div class=\"kksr-stars-active\" style=\"width: 0px;\">             <div class=\"kksr-star\" style=\"padding-right: 5px\">               <div class=\"kksr-icon\" style=\"width: 24px; height: 24px;\"><\/div>         <\/div>             <div class=\"kksr-star\" style=\"padding-right: 5px\">               <div class=\"kksr-icon\" style=\"width: 24px; height: 24px;\"><\/div>         <\/div>             <div class=\"kksr-star\" style=\"padding-right: 5px\">               <div class=\"kksr-icon\" style=\"width: 24px; height: 24px;\"><\/div>         <\/div>             <div class=\"kksr-star\" style=\"padding-right: 5px\">               <div class=\"kksr-icon\" style=\"width: 24px; height: 24px;\"><\/div>         <\/div>             <div class=\"kksr-star\" style=\"padding-right: 5px\">               <div class=\"kksr-icon\" style=\"width: 24px; height: 24px;\"><\/div>         <\/div>     <\/div> <\/div>                   <div class=\"kksr-legend\" style=\"font-size: 19.2px;\">             <span class=\"kksr-muted\">Bu \u00fcr\u00fcn\u00fc de\u011ferlendirin<\/span>     <\/div>     <\/div>  <p>Bir k\u00fcmes hayvan\u0131 kemik \u00f6\u011f\u00fct\u00fcc\u00fc, kemiklerle birlikte et \u00f6\u011f\u00fctebilen bir makinedir. Baz\u0131 tavuk, bal\u0131k, k\u00fcmes hayvan\u0131 gibi \u00fcr\u00fcnleri do\u011frudan k\u00fcmes hayvan\u0131 kemik \u00f6\u011f\u00fct\u00fcc\u00fcye koyabiliriz, b\u00f6ylece k\u00f6peklere veya di\u011fer takviyelere verilir. Besleyici g\u0131da \u00fcretimi i\u00e7in bu et \u00f6\u011f\u00fct\u00fcc\u00fc \u00e7ok g\u00fc\u00e7l\u00fcd\u00fcr, sadece tek evcil hayvan k\u00f6pe\u011fi olan aileler i\u00e7in uygun de\u011fildir, ancak daha \u00e7ok et i\u015fleme tesisleri, evcil hayvan mamas\u0131 i\u015fleme tesisleri, evcil hayvan yeti\u015ftirme kurumlar\u0131 vb. i\u00e7in uygundur.<\/p>    <h2 class=\"wp-block-heading\">Neden bir k\u00fcmes hayvan\u0131 et \u00f6\u011f\u00fct\u00fcc\u00fc se\u00e7meliyim<\/h2>    <p>There are many meat grinders on the market, but most of them can only process softer pure meat, so you can&#8217;t do anything about meat with bones, but some pets need to absorb some fat and protein in the bones, for convenience For consumption and preservation, bone grinders are used. The blade of this machine is hard enough, otherwise, it will not only be unable to grind the bones but will damage the tool.<\/p>    <h2 class=\"wp-block-heading\" id=\"h-bone-grinder-parameters\">Kemik \u00d6\u011f\u00fct\u00fcc\u00fc parametreleri<\/h2>    <p>Model: TZ-130<\/p>    <p>Boyut:580*580*890mm<\/p>    <p>Gerilim:220v 50hz<\/p>    <p>G\u00fc\u00e7:5.5kw<\/p>    <p>Kapasite:300-500kg\/h<\/p>    <p>A\u011f\u0131rl\u0131k:130kg<\/p>    <p>K\u0131rma inceli\u011fi:5-15mm<\/p>    <h2 class=\"wp-block-heading\">Video g\u00f6sterisi<\/h2>    <figure class=\"wp-block-embed is-type-video is-provider-youtube wp-block-embed-youtube\"><div class=\"wp-block-embed__wrapper\"> <iframe loading=\"lazy\" title=\"Daha fazla\" width=\"500\" height=\"281\" src=\"https:\/\/www.youtube.com\/embed\/tNCGhNMxsIE?feature=oembed\" frameborder=\"0\" allow=\"accelerometer; autoplay; clipboard-write; encrypted-media; gyroscope; picture-in-picture; web-share\" referrerpolicy=\"strict-origin-when-cross-origin\" allowfullscreen><\/iframe> <\/div><figcaption class=\"wp-element-caption\">Kemik \u00f6\u011f\u00fct\u00fcc\u00fc nas\u0131l \u00e7al\u0131\u015f\u0131r<\/figcaption><\/figure>    <h2 class=\"wp-block-heading\">Et \u00d6\u011f\u00fct\u00fcc\u00fc prensibi<\/h2>    <p>Tavuk kemi\u011fi par\u00e7alama makinesinin \u00e7al\u0131\u015fmas\u0131, esasen, hoper kutusundaki ham maddeleri d\u00f6nen vida ile itmek ve kesme b\u0131\u00e7a\u011f\u0131 ile delik kenar\u0131 aras\u0131ndaki kesme etkisiyle ham maddeleri par\u00e7alamakt\u0131r, ve s\u0131k\u0131\u015ft\u0131rma kuvveti alt\u0131nda, ham maddeler makineden s\u00fcrekli olarak bo\u015falt\u0131l\u0131r. Bu makine, farkl\u0131 malzeme \u00f6zellikleri ve i\u015fleme gereksinimlerine g\u00f6re uygun kesiciler ve delik plakalar\u0131 ile donat\u0131labilir, farkl\u0131 boyutlarda par\u00e7alar i\u015flenerek sonraki i\u015flem gereksinimlerini kar\u015f\u0131lar.<\/p>    <figure class=\"wp-block-gallery has-nested-images columns-default is-cropped wp-block-gallery-2 is-layout-flex wp-block-gallery-is-layout-flex\"> <figure class=\"wp-block-image size-large\"><img loading=\"lazy\" decoding=\"async\" width=\"289\" height=\"174\" data-id=\"1879\" src=\"https:\/\/www.meatprocessingmachine.org\/wp-content\/uploads\/2021\/08\/Meat-Grider-2-3.jpg\" alt=\"\" class=\"wp-image-1879\" title=\"\"><figcaption class=\"wp-element-caption\">Et \u00d6\u011f\u00fct\u00fcc\u00fc<\/figcaption><\/figure>    <figure class=\"wp-block-image size-large\"><img loading=\"lazy\" decoding=\"async\" width=\"595\" height=\"599\" data-id=\"1880\" src=\"https:\/\/www.meatprocessingmachine.org\/wp-content\/uploads\/2021\/08\/Meat-Grider-1.jpg\" alt=\"\" class=\"wp-image-1880\" title=\"\" srcset=\"https:\/\/www.meatprocessingmachine.org\/wp-content\/uploads\/2021\/08\/Meat-Grider-1.jpg 595w, https:\/\/www.meatprocessingmachine.org\/wp-content\/uploads\/2021\/08\/Meat-Grider-1-298x300.jpg 298w, https:\/\/www.meatprocessingmachine.org\/wp-content\/uploads\/2021\/08\/Meat-Grider-1-150x150.jpg 150w\" sizes=\"auto, (max-width: 595px) 100vw, 595px\" \/><figcaption class=\"wp-element-caption\">Et \u00d6\u011f\u00fct\u00fcc\u00fc<\/figcaption><\/figure> <figcaption class=\"blocks-gallery-caption wp-element-caption\">Et \u00d6\u011f\u00fct\u00fcc\u00fc detaylar\u0131<\/figcaption><\/figure>    <h2 class=\"wp-block-heading\">Derin i\u015fleme dahil makineler<\/h2>    <figure class=\"wp-block-gallery has-nested-images columns-default is-cropped wp-block-gallery-3 is-layout-flex wp-block-gallery-is-layout-flex\"> <figure class=\"wp-block-image size-large\"><img loading=\"lazy\" decoding=\"async\" width=\"300\" height=\"168\" data-id=\"1886\" src=\"https:\/\/www.meatprocessingmachine.org\/wp-content\/uploads\/2021\/08\/Application-of-meat-grinder-2.jpg\" alt=\"\" class=\"wp-image-1886\" title=\"\"><figcaption><\/figcaption><\/figure>    <figure class=\"wp-block-image size-large\"><img loading=\"lazy\" decoding=\"async\" width=\"275\" height=\"183\" data-id=\"1887\" src=\"https:\/\/www.meatprocessingmachine.org\/wp-content\/uploads\/2021\/08\/Application-of-meat-grinder.jpg\" alt=\"\" class=\"wp-image-1887\" title=\"\"><figcaption><\/figcaption><\/figure> <figcaption class=\"blocks-gallery-caption wp-element-caption\">Application Of Meat Grinder<\/figcaption><\/figure>    <h3 class=\"wp-block-heading\">\u0130\u015flenmi\u015f k\u00f6fteler<\/h3>    <p>Y\u00fcksek \u00e7al\u0131\u015fma verimlili\u011fi, saatte 500 kg'a kadar<\/p>    <h3 class=\"wp-block-heading\">Bal\u0131k i\u015fleme<\/h3>    <p class=\"translation-block\">Bal\u0131k <a href=\"https:\/\/www.meatprocessingmachine.org\/tr\/electric-fish-belly-splitting-cutting-machine.html\/\" data-type=\"URL\" data-id=\"https:\/\/www.meatprocessingmachine.org\/electric-fish-belly-splitting-cutting-machine.html\">pulluk temizleyici<\/a> taraf\u0131ndan \u00e7\u0131kar\u0131ld\u0131ktan sonra, do\u011frudan bu et \u00f6\u011f\u00fct\u00fcc\u00fcye konabilir. Bu et \u00f6\u011f\u00fct\u00fcc\u00fc bal\u0131k eti ve bal\u0131k kemiklerini tamamen \u00f6\u011f\u00fctebilir, bal\u0131k unu elde edilir, bu da bal\u0131k \u00fcr\u00fcnleri yapmak i\u00e7in kullan\u0131l\u0131r.<\/p>    <h2 class=\"wp-block-heading\">Makinenin g\u00fczel bir g\u00f6r\u00fcn\u00fcm\u00fc ve k\u00fc\u00e7\u00fck bir ayak izi var<\/h2>    <p>Kullan\u0131m\u0131 kolayd\u0131r, sadece videoyu izleyerek kullanmay\u0131 \u00f6\u011frenebilirsiniz<\/p>    <p>G\u00fc\u00e7l\u00fc hareket kabiliyeti, makine tekerlekleriyle gelir<\/p>    <p>Kemik \u00d6\u011f\u00fct\u00fcc\u00fc<\/p>    <p>1. Kullan\u0131mdan \u00f6nce temizleyin<\/p>    <h2 class=\"wp-block-heading\">Et \u00f6\u011f\u00fct\u00fcc\u00fc kemik \u00f6\u011f\u00fctme sonras\u0131 sat\u0131\u015f sonras\u0131 bak\u0131m ve temizlik<\/h2>    <figure class=\"wp-block-image size-full is-resized\"><img loading=\"lazy\" decoding=\"async\" src=\"https:\/\/www.meatprocessingmachine.org\/wp-content\/uploads\/2021\/08\/bone-grinder.png\" alt=\"\" class=\"wp-image-1885\" width=\"757\" height=\"568\" title=\"\"><figcaption class=\"wp-element-caption\"> 2. Elektrikli tip i\u00e7in, l\u00fctfen g\u00fc\u00e7 kayna\u011f\u0131 gerilimini kontrol edin, makine y\u00f6n\u00fc i\u015faretinin belirtilen gereksinimleri kar\u015f\u0131lamas\u0131 ve sa\u011flam bir topraklama kablosu olmas\u0131 gerekir<\/figcaption><\/figure>    <p>3. Et p\u00fcr\u00fczs\u00fcz veya macun gibi de\u011filse, a\u015fa\u011f\u0131daki nedenler olabilir<\/p>    <p>(1) \u00d6n kilit somunu \u00e7ok gev\u015fek ve yeniden ayarlanmal\u0131d\u0131r<\/p>    <p>(2) Et plakas\u0131 t\u0131kand\u0131 ve temizlenmelidir<\/p>    <p>(3) Kemik \u00f6\u011f\u00fct\u00fcc\u00fc \u00e7ok k\u00f6relmi\u015f ve bilenmi\u015f veya de\u011fi\u015ftirilmelidir<\/p>    <p> 4. G\u00fcvenli\u011fi sa\u011flamak i\u00e7in, elle do\u011frudan et \u00f6\u011f\u00fct\u00fcc\u00fcye beslemek kesinlikle yasakt\u0131r<\/p>    <p>Sevgi yay<\/p>    <p>Shuliy<\/p>    <h2 class=\"wp-block-heading\">Kemik \u00d6\u011f\u00fct\u00fcc\u00fc ile ilgili makine tan\u0131t\u0131m\u0131<\/h2>    <p class=\"translation-block\">\u015eirketimiz ayr\u0131ca <a href=\"https:\/\/www.meatprocessingmachine.org\/tr\/frozen-meat-grinder.html\/\">dondurulmu\u015f et \u00f6\u011f\u00fct\u00fcc\u00fcleri <\/a>ve do\u011franm\u0131\u015f et kesicileri de bulunmaktad\u0131r, bunlar tamamlanan \u00fcr\u00fcnlere ve elde etmek istedi\u011fimiz ham maddelere g\u00f6re se\u00e7ilebilir. M\u00fc\u015fterilere en iyi kalite hizmeti sunmay\u0131 d\u00f6rt g\u00f6zle bekliyoruz<\/p>","protected":false},"excerpt":{"rendered":"<p>Poultry bone grinder is a machine that can grind meat with bones. We can directly put some chicken, fish, some poultry, etc. into the poultry bone grinder for processing, so as to give dogs or other supplements. For nutritious food production, this meat grinder is very powerful, not suitable for families with only one pet dog, but more suitable for meat processing plants, pet food processing plants, pet breeding institutions, etc.<\/p>","protected":false},"author":1,"featured_media":1914,"parent":0,"template":"","product-type":[590],"class_list":["post-1855","product","type-product","status-publish","has-post-thumbnail","hentry","product-type-meat-grinding-machine"],"_links":{"self":[{"href":"https:\/\/www.meatprocessingmachine.org\/tr\/wp-json\/wp\/v2\/product\/1855","targetHints":{"allow":["GET"]}}],"collection":[{"href":"https:\/\/www.meatprocessingmachine.org\/tr\/wp-json\/wp\/v2\/product"}],"about":[{"href":"https:\/\/www.meatprocessingmachine.org\/tr\/wp-json\/wp\/v2\/types\/product"}],"author":[{"embeddable":true,"href":"https:\/\/www.meatprocessingmachine.org\/tr\/wp-json\/wp\/v2\/users\/1"}],"wp:featuredmedia":[{"embeddable":true,"href":"https:\/\/www.meatprocessingmachine.org\/tr\/wp-json\/wp\/v2\/media\/1914"}],"wp:attachment":[{"href":"https:\/\/www.meatprocessingmachine.org\/tr\/wp-json\/wp\/v2\/media?parent=1855"}],"wp:term":[{"taxonomy":"product-type","embeddable":true,"href":"https:\/\/www.meatprocessingmachine.org\/tr\/wp-json\/wp\/v2\/product-type?post=1855"}],"curies":[{"name":"wp","href":"https:\/\/api.w.org\/{rel}","templated":true}]}}