{"id":1911,"date":"2021-09-02T18:02:08","date_gmt":"2021-09-02T10:02:08","guid":{"rendered":"https:\/\/www.meatprocessingmachine.org\/?p=1911"},"modified":"2022-07-26T09:37:20","modified_gmt":"2022-07-26T01:37:20","slug":"chicken-feather-removal-machine","status":"publish","type":"product","link":"https:\/\/www.meatprocessingmachine.org\/tr\/chicken-feather-removal-machine.html","title":{"rendered":"Tavuk T\u00fcy\u00fc Temizleme Makinesi | K\u00fcmes hayvan\u0131 t\u00fcy\u00fc yolma makinesi"},"content":{"rendered":"<div class=\"kk-star-ratings kksr-auto kksr-align-right kksr-valign-top\"     data-payload='{&quot;align&quot;:&quot;right&quot;,&quot;id&quot;:&quot;1911&quot;,&quot;slug&quot;:&quot;default&quot;,&quot;valign&quot;:&quot;top&quot;,&quot;ignore&quot;:&quot;&quot;,&quot;reference&quot;:&quot;auto&quot;,&quot;class&quot;:&quot;&quot;,&quot;count&quot;:&quot;0&quot;,&quot;legendonly&quot;:&quot;&quot;,&quot;readonly&quot;:&quot;&quot;,&quot;score&quot;:&quot;0&quot;,&quot;starsonly&quot;:&quot;&quot;,&quot;best&quot;:&quot;5&quot;,&quot;gap&quot;:&quot;5&quot;,&quot;greet&quot;:&quot;Rate this product&quot;,&quot;legend&quot;:&quot;0\\\/5 - (0 votes)&quot;,&quot;size&quot;:&quot;24&quot;,&quot;title&quot;:&quot;Chicken Feather Removal Machine | Poultry feather plucking machine&quot;,&quot;width&quot;:&quot;0&quot;,&quot;_legend&quot;:&quot;{score}\\\/{best} - ({count} {votes})&quot;,&quot;font_factor&quot;:&quot;1.25&quot;}'>              <div class=\"kksr-stars\">      <div class=\"kksr-stars-inactive\">             <div class=\"kksr-star\" data-star=\"1\" style=\"padding-right: 5px\">               <div class=\"kksr-icon\" style=\"width: 24px; height: 24px;\"><\/div>         <\/div>             <div class=\"kksr-star\" data-star=\"2\" style=\"padding-right: 5px\">               <div class=\"kksr-icon\" style=\"width: 24px; height: 24px;\"><\/div>         <\/div>             <div class=\"kksr-star\" data-star=\"3\" style=\"padding-right: 5px\">               <div class=\"kksr-icon\" style=\"width: 24px; height: 24px;\"><\/div>         <\/div>             <div class=\"kksr-star\" data-star=\"4\" style=\"padding-right: 5px\">               <div class=\"kksr-icon\" style=\"width: 24px; height: 24px;\"><\/div>         <\/div>             <div class=\"kksr-star\" data-star=\"5\" style=\"padding-right: 5px\">               <div class=\"kksr-icon\" style=\"width: 24px; height: 24px;\"><\/div>         <\/div>     <\/div>      <div class=\"kksr-stars-active\" style=\"width: 0px;\">             <div class=\"kksr-star\" style=\"padding-right: 5px\">               <div class=\"kksr-icon\" style=\"width: 24px; height: 24px;\"><\/div>         <\/div>             <div class=\"kksr-star\" style=\"padding-right: 5px\">               <div class=\"kksr-icon\" style=\"width: 24px; height: 24px;\"><\/div>         <\/div>             <div class=\"kksr-star\" style=\"padding-right: 5px\">               <div class=\"kksr-icon\" style=\"width: 24px; height: 24px;\"><\/div>         <\/div>             <div class=\"kksr-star\" style=\"padding-right: 5px\">               <div class=\"kksr-icon\" style=\"width: 24px; height: 24px;\"><\/div>         <\/div>             <div class=\"kksr-star\" style=\"padding-right: 5px\">               <div class=\"kksr-icon\" style=\"width: 24px; height: 24px;\"><\/div>         <\/div>     <\/div> <\/div>                   <div class=\"kksr-legend\" style=\"font-size: 19.2px;\">             <span class=\"kksr-muted\">Bu \u00fcr\u00fcn\u00fc de\u011ferlendirin<\/span>     <\/div>     <\/div>  <p class=\"translation-block\">Tavuk T\u00fcy\u00fc \u00c7\u0131karma Makinesi, tavuklar, \u00f6rdekler, kazlar, tav\u015fanlar ve di\u011fer k\u00fcmes hayvanlar\u0131n\u0131n t\u00fcylerini otomatik olarak \u00e7\u0131karabilir, baz\u0131 kesimhaneler ve tavuk tedarik\u00e7ileri tavuklar\u0131 nas\u0131l i\u015fler? Manuel operasyon kullanmak \u00e7ok ger\u00e7ek\u00e7i de\u011fildir. <a href=\"https:\/\/www.meatprocessingmachine.org\/tr\/the-fastest-way-to-remove-chicken-feathers.html\/\">T\u00fcy\u00fc \u00c7\u0131karma Makinesi<\/a> h\u0131zl\u0131ca t\u00fcyleri \u00e7\u0131karabilir. Peki nas\u0131l \u00e7al\u0131\u015f\u0131r?<\/p>    <h2 class=\"wp-block-heading\">Tavuk T\u00fcy\u00fc Uygulama Alan\u0131<\/h2>    <p>Tavuk t\u00fcy\u00fc \u00e7\u0131karma makinesi esas olarak tavuklar, \u00f6rdekler, kazlar ve g\u00fcvercinler gibi ku\u015f t\u00fcylerini \u00e7\u0131karmak i\u00e7in kullan\u0131l\u0131r. Hem b\u00fcy\u00fck tavuklar hem de k\u00fc\u00e7\u00fck g\u00fcvercinler t\u00fcyleri \u00e7\u0131karabilir. Makine y\u00fcksek verimlilik ve h\u0131zl\u0131 \u00e7al\u0131\u015fma h\u0131z\u0131na sahiptir. Baz\u0131 aile \u00e7iftlikleri ve et i\u015fleme tesisleri i\u00e7in uygundur.<\/p>    <h2 class=\"wp-block-heading\">Tavuk T\u00fcy\u00fc \u00c7\u0131karma Makinesi \u00d6zellikleri<\/h2>    <p>Bu t\u00fcy \u00e7\u0131karma tavu\u011funun \u00f6zellikleri olduk\u00e7a belirgindir. Makine genel olarak k\u00fc\u00e7\u00fckt\u00fcr ve her g\u00fcn y\u00fczlerce tavu\u011fu \u00e7\u0131karmak i\u00e7in daha uygundur, ve makine manuel yard\u0131m ile t\u00fcyleri \u00e7ekmelidir. Makine olduk\u00e7a \u015f\u0131k, kompakt ve hareketlidir, ayr\u0131ca temizlenebilir. Daha kullan\u0131\u015fl\u0131.<\/p>    <figure class=\"wp-block-gallery has-nested-images columns-default is-cropped wp-block-gallery-2 is-layout-flex wp-block-gallery-is-layout-flex\"> <figure class=\"wp-block-image size-large\"><img loading=\"lazy\" decoding=\"async\" width=\"640\" height=\"480\" data-id=\"1921\" src=\"https:\/\/www.meatprocessingmachine.org\/wp-content\/uploads\/2021\/09\/Chicken-Feather-Removal-Machine-details-4.jpg\" alt=\"\" class=\"wp-image-1921\" title=\"\" srcset=\"https:\/\/www.meatprocessingmachine.org\/wp-content\/uploads\/2021\/09\/Chicken-Feather-Removal-Machine-details-4.jpg 640w, https:\/\/www.meatprocessingmachine.org\/wp-content\/uploads\/2021\/09\/Chicken-Feather-Removal-Machine-details-4-300x225.jpg 300w\" sizes=\"auto, (max-width: 640px) 100vw, 640px\" \/><figcaption><\/figcaption><\/figure>    <figure class=\"wp-block-image size-large\"><img loading=\"lazy\" decoding=\"async\" width=\"1024\" height=\"768\" data-id=\"1922\" src=\"https:\/\/www.meatprocessingmachine.org\/wp-content\/uploads\/2021\/09\/Chicken-Feather-Removal-Machine-details-3-1024x768.jpg\" alt=\"\" class=\"wp-image-1922\" title=\"\" srcset=\"https:\/\/www.meatprocessingmachine.org\/wp-content\/uploads\/2021\/09\/Chicken-Feather-Removal-Machine-details-3-1024x768.jpg 1024w, https:\/\/www.meatprocessingmachine.org\/wp-content\/uploads\/2021\/09\/Chicken-Feather-Removal-Machine-details-3-300x225.jpg 300w, https:\/\/www.meatprocessingmachine.org\/wp-content\/uploads\/2021\/09\/Chicken-Feather-Removal-Machine-details-3-768x576.jpg 768w, https:\/\/www.meatprocessingmachine.org\/wp-content\/uploads\/2021\/09\/Chicken-Feather-Removal-Machine-details-3-1536x1152.jpg 1536w, https:\/\/www.meatprocessingmachine.org\/wp-content\/uploads\/2021\/09\/Chicken-Feather-Removal-Machine-details-3.jpg 1600w\" sizes=\"auto, (max-width: 1024px) 100vw, 1024px\" \/><figcaption><\/figcaption><\/figure> <figcaption class=\"blocks-gallery-caption\">Factory Inventory Of Feather Plucking Machine<\/figcaption><\/figure>    <p>D\u00fczenli \u00e7al\u0131\u015fmak istiyorsan\u0131z, daha g\u00fc\u00e7l\u00fc ve g\u00fcnde binlerce tavuk i\u015fleyebilecek ba\u015fka bir makineye ihtiyac\u0131n\u0131z var. Tabii ki, genel \u00fcretim ve i\u015fleme i\u00e7in bu k\u00fc\u00e7\u00fck t\u00fcy yolma makinesi onu tamamen halledebilir.<\/p>    <h2 class=\"wp-block-heading\" id=\"h-blanching-machine\">Blanching makinesi<\/h2>    <p>The chicken needs to be blanched before putting it into the feather plucking machine. This is more conducive to the machine&#8217;s hair removal. You can use 70\u2103 water for blanching during blanching. The blanching temperature should not be too high. The skin of the chicken is damaged in the process of plucking. If the blanching water temperature is too low, the chicken will not be so clean during plucking.<\/p>    <h2 class=\"wp-block-heading\">Tavuk t\u00fcy\u00fc \u00e7\u0131karma makinesinin \u00e7al\u0131\u015fma prensibi<\/h2>    <figure class=\"wp-block-gallery has-nested-images columns-default is-cropped wp-block-gallery-3 is-layout-flex wp-block-gallery-is-layout-flex\"> <figure class=\"wp-block-image size-large\"><img loading=\"lazy\" decoding=\"async\" width=\"800\" height=\"473\" data-id=\"1927\" src=\"https:\/\/www.meatprocessingmachine.org\/wp-content\/uploads\/2021\/09\/Chicken-Feather-Removal-Machine-details-5.jpg\" alt=\"\" class=\"wp-image-1927\" title=\"\" srcset=\"https:\/\/www.meatprocessingmachine.org\/wp-content\/uploads\/2021\/09\/Chicken-Feather-Removal-Machine-details-5.jpg 800w, https:\/\/www.meatprocessingmachine.org\/wp-content\/uploads\/2021\/09\/Chicken-Feather-Removal-Machine-details-5-300x177.jpg 300w, https:\/\/www.meatprocessingmachine.org\/wp-content\/uploads\/2021\/09\/Chicken-Feather-Removal-Machine-details-5-768x454.jpg 768w\" sizes=\"auto, (max-width: 800px) 100vw, 800px\" \/><figcaption><\/figcaption><\/figure>    <figure class=\"wp-block-image size-large\"><img loading=\"lazy\" decoding=\"async\" width=\"1024\" height=\"768\" data-id=\"1928\" src=\"https:\/\/www.meatprocessingmachine.org\/wp-content\/uploads\/2021\/09\/Chicken-Feather-Removal-Machine-details-2-2-1024x768.jpg\" alt=\"\" class=\"wp-image-1928\" title=\"\" srcset=\"https:\/\/www.meatprocessingmachine.org\/wp-content\/uploads\/2021\/09\/Chicken-Feather-Removal-Machine-details-2-2-1024x768.jpg 1024w, https:\/\/www.meatprocessingmachine.org\/wp-content\/uploads\/2021\/09\/Chicken-Feather-Removal-Machine-details-2-2-300x225.jpg 300w, https:\/\/www.meatprocessingmachine.org\/wp-content\/uploads\/2021\/09\/Chicken-Feather-Removal-Machine-details-2-2-768x576.jpg 768w, https:\/\/www.meatprocessingmachine.org\/wp-content\/uploads\/2021\/09\/Chicken-Feather-Removal-Machine-details-2-2-1536x1152.jpg 1536w, https:\/\/www.meatprocessingmachine.org\/wp-content\/uploads\/2021\/09\/Chicken-Feather-Removal-Machine-details-2-2-2048x1536.jpg 2048w\" sizes=\"auto, (max-width: 1024px) 100vw, 1024px\" \/><figcaption><\/figcaption><\/figure> <figcaption class=\"blocks-gallery-caption\"> Chicken Hair Removal Machine Details<\/figcaption><\/figure>    <p>Tavuk t\u00fcy\u00fc \u00e7\u0131karma makinesinin tamburunda bir\u00e7ok kau\u00e7uk \u00e7ubuk vard\u0131r. Makine tamburu ve kau\u00e7uk \u00e7ubu\u011fu s\u00fcrekli d\u00f6nd\u00fcr\u00fcr, b\u00f6ylece tavukla s\u00fcrt\u00fcn\u00fcr. Tavuk kaynat\u0131ld\u0131ktan sonra t\u00fcyleri kolayca \u00e7\u0131kar. Y\u00fcksek h\u0131zda d\u00f6nd\u00fcrme ve kau\u00e7uk \u00e7ubukla s\u00fcrt\u00fcnme, tavuk t\u00fcylerini temizler.<\/p>    <h2 class=\"wp-block-heading\">K\u00fcmes Hayvan\u0131 T\u00fcy\u00fc \u00c7\u0131karma Makinesinin \u00d6zellikleri<\/h2>    <figure class=\"wp-block-image size-full is-resized\"><img loading=\"lazy\" decoding=\"async\" src=\"https:\/\/www.meatprocessingmachine.org\/wp-content\/uploads\/2021\/09\/Poultry-feather-removing-machine-4.png\" alt=\"Tavuk T\u00fcy\u00fc Alma Makinesi\" class=\"wp-image-1935\" width=\"720\" height=\"540\" title=\"\"><figcaption> K\u00fcmes T\u00fcy\u00fc \u00c7\u0131karma Makinesi <\/figcaption><\/figure>    <figure class=\"wp-block-table\"><table><tbody><tr><td>modellendirme<\/td><td>JQT500<\/td><td>JQT600<\/td><td>JQT800<\/td><\/tr><tr><td>boyut<\/td><td>700*620*850<\/td><td>800*720*900<\/td><td>&nbsp;\/<\/td><\/tr><tr><td>a\u011f\u0131rl\u0131k<\/td><td>80<\/td><td>95<\/td><td>&nbsp;\/<\/td><\/tr><tr><td>g\u00fc\u00e7<\/td><td>0.75<\/td><td>0.75<\/td><td>7<\/td><\/tr><tr><td>Verim<\/td><td>1-2 adet\/zaman<\/td><td>2-3 adet\/zaman<\/td><td>101-2 adet\/zaman<\/td><\/tr><\/tbody><\/table><figcaption> K\u00fcmes Hayvan\u0131 \u00c7\u0131karma Makinesinin \u00d6zel Parametreleri <\/figcaption><\/figure>    <h2 class=\"wp-block-heading\">K\u00fcmes T\u00fcy\u00fc \u00c7\u0131karma Makinesi Kullan\u0131m\u0131:<\/h2>    <figure class=\"wp-block-gallery has-nested-images columns-default is-cropped wp-block-gallery-4 is-layout-flex wp-block-gallery-is-layout-flex\"> <figure class=\"wp-block-image size-large\"><img loading=\"lazy\" decoding=\"async\" width=\"893\" height=\"525\" data-id=\"1929\" src=\"https:\/\/www.meatprocessingmachine.org\/wp-content\/uploads\/2021\/09\/Poultry-feather-removing-machine.png\" alt=\"\" class=\"wp-image-1929\" title=\"\" srcset=\"https:\/\/www.meatprocessingmachine.org\/wp-content\/uploads\/2021\/09\/Poultry-feather-removing-machine.png 893w, https:\/\/www.meatprocessingmachine.org\/wp-content\/uploads\/2021\/09\/Poultry-feather-removing-machine-300x176.png 300w, https:\/\/www.meatprocessingmachine.org\/wp-content\/uploads\/2021\/09\/Poultry-feather-removing-machine-768x452.png 768w\" sizes=\"auto, (max-width: 893px) 100vw, 893px\" \/><figcaption><\/figcaption><\/figure>    <figure class=\"wp-block-image size-large\"><img loading=\"lazy\" decoding=\"async\" width=\"922\" height=\"868\" data-id=\"1931\" src=\"https:\/\/www.meatprocessingmachine.org\/wp-content\/uploads\/2021\/09\/Poultry-feather-removing-machine-2.png\" alt=\"\" class=\"wp-image-1931\" title=\"\" srcset=\"https:\/\/www.meatprocessingmachine.org\/wp-content\/uploads\/2021\/09\/Poultry-feather-removing-machine-2.png 922w, https:\/\/www.meatprocessingmachine.org\/wp-content\/uploads\/2021\/09\/Poultry-feather-removing-machine-2-300x282.png 300w, https:\/\/www.meatprocessingmachine.org\/wp-content\/uploads\/2021\/09\/Poultry-feather-removing-machine-2-768x723.png 768w\" sizes=\"auto, (max-width: 922px) 100vw, 922px\" \/><figcaption><\/figcaption><\/figure>    <figure class=\"wp-block-image size-large\"><img loading=\"lazy\" decoding=\"async\" width=\"790\" height=\"510\" data-id=\"1932\" src=\"https:\/\/www.meatprocessingmachine.org\/wp-content\/uploads\/2021\/09\/Poultry-feather-removing-machine-3-1.png\" alt=\"\" class=\"wp-image-1932\" title=\"\" srcset=\"https:\/\/www.meatprocessingmachine.org\/wp-content\/uploads\/2021\/09\/Poultry-feather-removing-machine-3-1.png 790w, https:\/\/www.meatprocessingmachine.org\/wp-content\/uploads\/2021\/09\/Poultry-feather-removing-machine-3-1-300x194.png 300w, https:\/\/www.meatprocessingmachine.org\/wp-content\/uploads\/2021\/09\/Poultry-feather-removing-machine-3-1-768x496.png 768w\" sizes=\"auto, (max-width: 790px) 100vw, 790px\" \/><figcaption><\/figcaption><\/figure> <figcaption class=\"blocks-gallery-caption\"> K\u00fcmes T\u00fcy\u00fc \u00c7\u0131karma Makinesi <\/figcaption><\/figure>    <p>4. Islat\u0131lm\u0131\u015f tavuk ve \u00f6rdekleri yakla\u015f\u0131k 75 derece s\u0131cakl\u0131kta kaynar suya bat\u0131r\u0131n ve tahta \u00e7ubukla kar\u0131\u015ft\u0131rarak t\u00fcm v\u00fccudu e\u015fit \u015fekilde \u0131s\u0131t\u0131n.<\/p>    <p>5. Kaynat\u0131lm\u0131\u015f tavuk ve \u00f6rdekleri, yakla\u015f\u0131k 75 derece s\u0131cakl\u0131ktaki kaynar suya koyun, ve tahta \u00e7ubukla kar\u0131\u015ft\u0131rarak t\u00fcm v\u00fccudu e\u015fit \u015fekilde \u0131s\u0131t\u0131n.<\/p>    <p>6. Anahtar\u0131 a\u00e7\u0131n, makineyi ba\u015flat\u0131n ve \u00e7al\u0131\u015f\u0131rken, tercihen s\u0131cak suyla, k\u00fcmes hayvanlar\u0131na su ekleyin. T\u00fcyler ve kirler suyla birlikte at\u0131l\u0131r. Su geri kazan\u0131labilir ve t\u00fcyler bir dakika i\u00e7inde temizlenir. T\u00fcm v\u00fccuttaki deri kirlerini \u00e7\u0131kar\u0131r.<\/p>    <p>Sevgi Yay<\/p>    <p>Shuliy<\/p>    <p>Zhengzhou Taizy Machinery Co., Ltd esas olarak et i\u015fleme makineleriyle ilgilenmektedir.<\/p>    <h2 class=\"wp-block-heading\">Tavuk T\u00fcy\u00fc \u00c7\u0131karma Makinesi videosu <\/h2>    <figure class=\"wp-block-embed is-type-video is-provider-youtube wp-block-embed-youtube\"><div class=\"wp-block-embed__wrapper\"> <iframe loading=\"lazy\" title=\"K\u00fcmes T\u00fcy\u00fc \u00c7\u0131karma Makinesi 3 1\" width=\"500\" height=\"281\" src=\"https:\/\/www.youtube.com\/embed\/KusHLiJCVtc?feature=oembed\" frameborder=\"0\" allow=\"accelerometer; autoplay; clipboard-write; encrypted-media; gyroscope; picture-in-picture; web-share\" referrerpolicy=\"strict-origin-when-cross-origin\" allowfullscreen><\/iframe> <\/div><\/figure>","protected":false},"excerpt":{"rendered":"<p>hine can automatically remove hair from poultry, including chickens, ducks, geese, rabbits and other poultry, some slaughterhouses and chicken suppliers handle chicken? It is very unrealistic to use manual operations. The feather plucking machine can quickly remove the feathers. So how does it work?<\/p>","protected":false},"author":1,"featured_media":1985,"parent":0,"template":"","product-type":[583],"class_list":["post-1911","product","type-product","status-publish","has-post-thumbnail","hentry","product-type-chicken-turkey"],"_links":{"self":[{"href":"https:\/\/www.meatprocessingmachine.org\/tr\/wp-json\/wp\/v2\/product\/1911","targetHints":{"allow":["GET"]}}],"collection":[{"href":"https:\/\/www.meatprocessingmachine.org\/tr\/wp-json\/wp\/v2\/product"}],"about":[{"href":"https:\/\/www.meatprocessingmachine.org\/tr\/wp-json\/wp\/v2\/types\/product"}],"author":[{"embeddable":true,"href":"https:\/\/www.meatprocessingmachine.org\/tr\/wp-json\/wp\/v2\/users\/1"}],"wp:featuredmedia":[{"embeddable":true,"href":"https:\/\/www.meatprocessingmachine.org\/tr\/wp-json\/wp\/v2\/media\/1985"}],"wp:attachment":[{"href":"https:\/\/www.meatprocessingmachine.org\/tr\/wp-json\/wp\/v2\/media?parent=1911"}],"wp:term":[{"taxonomy":"product-type","embeddable":true,"href":"https:\/\/www.meatprocessingmachine.org\/tr\/wp-json\/wp\/v2\/product-type?post=1911"}],"curies":[{"name":"wp","href":"https:\/\/api.w.org\/{rel}","templated":true}]}}