{"id":2220,"date":"2021-10-20T17:09:40","date_gmt":"2021-10-20T09:09:40","guid":{"rendered":"https:\/\/www.meatprocessingmachine.org\/?p=2220"},"modified":"2026-02-12T15:59:36","modified_gmt":"2026-02-12T07:59:36","slug":"frozen-meat-block-crushing-and-grinder-line","status":"publish","type":"product","link":"https:\/\/www.meatprocessingmachine.org\/tr\/frozen-meat-block-crushing-and-grinder-line.html","title":{"rendered":"Ticari dondurulmu\u015f et blo\u011fu k\u0131rma ve \u00f6\u011f\u00fct\u00fcc\u00fc hatt\u0131 sat\u0131l\u0131k"},"content":{"rendered":"<div class=\"kk-star-ratings kksr-auto kksr-align-right kksr-valign-top\"     data-payload='{&quot;align&quot;:&quot;right&quot;,&quot;id&quot;:&quot;2220&quot;,&quot;slug&quot;:&quot;default&quot;,&quot;valign&quot;:&quot;top&quot;,&quot;ignore&quot;:&quot;&quot;,&quot;reference&quot;:&quot;auto&quot;,&quot;class&quot;:&quot;&quot;,&quot;count&quot;:&quot;0&quot;,&quot;legendonly&quot;:&quot;&quot;,&quot;readonly&quot;:&quot;&quot;,&quot;score&quot;:&quot;0&quot;,&quot;starsonly&quot;:&quot;&quot;,&quot;best&quot;:&quot;5&quot;,&quot;gap&quot;:&quot;5&quot;,&quot;greet&quot;:&quot;Rate this product&quot;,&quot;legend&quot;:&quot;0\\\/5 - (0 votes)&quot;,&quot;size&quot;:&quot;24&quot;,&quot;title&quot;:&quot;Commercial frozen meat block crushing and grinder line for sale&quot;,&quot;width&quot;:&quot;0&quot;,&quot;_legend&quot;:&quot;{score}\\\/{best} - ({count} {votes})&quot;,&quot;font_factor&quot;:&quot;1.25&quot;}'>              <div class=\"kksr-stars\">      <div class=\"kksr-stars-inactive\">             <div class=\"kksr-star\" data-star=\"1\" style=\"padding-right: 5px\">               <div class=\"kksr-icon\" style=\"width: 24px; height: 24px;\"><\/div>         <\/div>             <div class=\"kksr-star\" data-star=\"2\" style=\"padding-right: 5px\">               <div class=\"kksr-icon\" style=\"width: 24px; height: 24px;\"><\/div>         <\/div>             <div class=\"kksr-star\" data-star=\"3\" style=\"padding-right: 5px\">               <div class=\"kksr-icon\" style=\"width: 24px; height: 24px;\"><\/div>         <\/div>             <div class=\"kksr-star\" data-star=\"4\" style=\"padding-right: 5px\">               <div class=\"kksr-icon\" style=\"width: 24px; height: 24px;\"><\/div>         <\/div>             <div class=\"kksr-star\" data-star=\"5\" style=\"padding-right: 5px\">               <div class=\"kksr-icon\" style=\"width: 24px; height: 24px;\"><\/div>         <\/div>     <\/div>      <div class=\"kksr-stars-active\" style=\"width: 0px;\">             <div class=\"kksr-star\" style=\"padding-right: 5px\">               <div class=\"kksr-icon\" style=\"width: 24px; height: 24px;\"><\/div>         <\/div>             <div class=\"kksr-star\" style=\"padding-right: 5px\">               <div class=\"kksr-icon\" style=\"width: 24px; height: 24px;\"><\/div>         <\/div>             <div class=\"kksr-star\" style=\"padding-right: 5px\">               <div class=\"kksr-icon\" style=\"width: 24px; height: 24px;\"><\/div>         <\/div>             <div class=\"kksr-star\" style=\"padding-right: 5px\">               <div class=\"kksr-icon\" style=\"width: 24px; height: 24px;\"><\/div>         <\/div>             <div class=\"kksr-star\" style=\"padding-right: 5px\">               <div class=\"kksr-icon\" style=\"width: 24px; height: 24px;\"><\/div>         <\/div>     <\/div> <\/div>                   <div class=\"kksr-legend\" style=\"font-size: 19.2px;\">             <span class=\"kksr-muted\">Bu \u00fcr\u00fcn\u00fc de\u011ferlendirin<\/span>     <\/div>     <\/div>  <p class=\"translation-block\"><strong>Dondurulmu\u015f et blo\u011fu k\u0131rma ve \u00f6\u011f\u00fctme hatt\u0131<\/strong> bu, b\u00fcy\u00fck par\u00e7al\u0131 dondurulmu\u015f eti \u00f6nce k\u0131r\u0131p sonra p\u00fcre haline getirmenin bir s\u00fcrecidir. <a href=\"https:\/\/www.meatprocessingmachine.org\/tr\/products\/meat-grinding-machine\/\" data-type=\"URL\" data-id=\"https:\/\/www.meatprocessingmachine.org\/products\/meat-grinding-machine\/\"> et \u00f6\u011f\u00fct\u00fcc\u00fcs\u00fc <\/a>, et g\u0131da i\u015fleme \u00fcretimi i\u00e7in gerekli bir makinedir ve i\u015flem sonras\u0131nda i\u015flenebilir. K\u00f6fte, sosis k\u00f6ftesi ve di\u011fer \u00fcr\u00fcnlerin \u00fcretimi.<\/p>    <h2 class=\"wp-block-heading\" id=\"h-the-composition-of-the-frozen-meat-block-crushing-and-grinder-line\">Dondurulmu\u015f et blo\u011fu k\u0131rma ve \u00f6\u011f\u00fctme hatt\u0131n\u0131n bile\u015fimi<\/h2>    <figure class=\"wp-block-image size-full\"><img loading=\"lazy\" decoding=\"async\" width=\"720\" height=\"540\" src=\"https:\/\/www.meatprocessingmachine.org\/wp-content\/uploads\/2021\/10\/frozen-meat-block-crushing-and-grinder-line.webp\" alt=\"frozen meat block crushing and grinder line\" class=\"wp-image-34125\" title=\"\" srcset=\"https:\/\/www.meatprocessingmachine.org\/wp-content\/uploads\/2021\/10\/frozen-meat-block-crushing-and-grinder-line.webp 720w, https:\/\/www.meatprocessingmachine.org\/wp-content\/uploads\/2021\/10\/frozen-meat-block-crushing-and-grinder-line-300x225.webp 300w\" sizes=\"auto, (max-width: 720px) 100vw, 720px\" \/><figcaption class=\"wp-element-caption\">Dondurulmu\u015f Et Blo\u011fu K\u0131rma ve \u00d6\u011f\u00fctme Hatt\u0131<\/figcaption><\/figure>    <p class=\"translation-block\">Et p\u00fcre \u00fcretim hatt\u0131 \u00fc\u00e7 b\u00f6l\u00fcmden olu\u015fur. \u0130lk olarak <a href=\"https:\/\/www.meatprocessingmachine.org\/tr\/frozen-meat-cutting-machine.html\/\" data-type=\"URL\" data-id=\"https:\/\/www.meatprocessingmachine.org\/frozen-meat-cutting-machine.html\">dondurulmu\u015f et k\u0131r\u0131c\u0131<\/a>. B\u00fcy\u00fck par\u00e7alar \u00f6nce k\u0131r\u0131l\u0131r, sonra bir kald\u0131r\u0131c\u0131 ile ba\u011flan\u0131r ve sonunda bir et \u00f6\u011f\u00fct\u00fcc\u00fcs\u00fcnde i\u015flenir.<\/p>    <h2 class=\"wp-block-heading\">Dondurulmu\u015f et blo\u011fu k\u0131r\u0131c\u0131 kesici<\/h2>   <div class=\"wp-block-image\"> <figure class=\"aligncenter\"><img loading=\"lazy\" decoding=\"async\" width=\"720\" height=\"540\" src=\"https:\/\/www.meatprocessingmachine.org\/wp-content\/uploads\/2021\/10\/Frozen-meat-blocker-cutter.jpg\" alt=\"twitter\" class=\"wp-image-2231\" title=\"\" srcset=\"https:\/\/www.meatprocessingmachine.org\/wp-content\/uploads\/2021\/10\/Frozen-meat-blocker-cutter.jpg 720w, https:\/\/www.meatprocessingmachine.org\/wp-content\/uploads\/2021\/10\/Frozen-meat-blocker-cutter-300x225.jpg 300w\" sizes=\"auto, (max-width: 720px) 100vw, 720px\" \/><figcaption class=\"wp-element-caption\">Dondurulmu\u015f et blo\u011fu k\u0131r\u0131c\u0131 kesici<\/figcaption><\/figure> <\/div>   <p class=\"translation-block\">Bir dondurulmu\u015f et k\u0131r\u0131c\u0131, kemi\u011fi olmayan dondurulmu\u015f eti par\u00e7alar halinde ya da dilimler halinde kesebilen bir makinedir. \u0130\u015flenen etin s\u0131cakl\u0131\u011f\u0131 -18\u2103\u2014-24\u2103 aras\u0131ndad\u0131r. Kesici \u00e7ok keskin b\u0131\u00e7aklara ve b\u0131\u00e7aklar\u0131n sertli\u011fine sahiptir; bu, b\u00fcy\u00fck par\u00e7al\u0131 dondurulmu\u015f et i\u015flendi\u011finde makinenin hasar g\u00f6rmesini \u00f6nlemek i\u00e7indir. Makine al\u0131rken m\u00fc\u015fterinin istedi\u011fi et blo\u011funun boyutunu m\u00fc\u015fteriden teyit etmek gerekir. Genelde makinenin i\u015fleyebilece\u011fi et blo\u011fu boyutu 780mm<em>510mm<\/em>180mm olup, m\u00fc\u015fterinin iste\u011fine g\u00f6re \u00f6zelle\u015ftirilebilir. <\/p>   <div class=\"wp-block-image\"> <figure class=\"aligncenter size-full\"><img loading=\"lazy\" decoding=\"async\" width=\"720\" height=\"540\" src=\"https:\/\/www.meatprocessingmachine.org\/wp-content\/uploads\/2021\/10\/Meat-Shredder-Test.png\" alt=\"Et Didikleme Testi\" class=\"wp-image-32725\" title=\"\" srcset=\"https:\/\/www.meatprocessingmachine.org\/wp-content\/uploads\/2021\/10\/Meat-Shredder-Test.png 720w, https:\/\/www.meatprocessingmachine.org\/wp-content\/uploads\/2021\/10\/Meat-Shredder-Test-300x225.png 300w\" sizes=\"auto, (max-width: 720px) 100vw, 720px\" \/><figcaption class=\"wp-element-caption\">Et Didikleme Testi<\/figcaption><\/figure> <\/div>   <p>Makinenin \u00e7al\u0131\u015fma prensibi, makinenin arka taraf\u0131ndaki silindirden dondurulmu\u015f eti ileri do\u011fru itmesi ve ard\u0131ndan y\u00fcksek h\u0131zl\u0131 d\u00f6nen b\u0131\u00e7aktan ge\u00e7mesiyle, t\u00fcm dondurulmu\u015f etin ayr\u0131\u015fmas\u0131n\u0131 sa\u011flar. Dondurulmu\u015f et k\u0131r\u0131c\u0131 verimi \u00e7ok y\u00fcksektir ve 3-5 ton\/saat h\u0131za ula\u015fabilir. Dondurulmu\u015f et \u00f6\u011f\u00fct\u00fcc\u00fc paslanmaz \u00e7elik 304 malzemeden yap\u0131lm\u0131\u015ft\u0131r; uzun s\u00fcre kullan\u0131ma uygundur ve \u00e7ok sa\u011flamd\u0131r.<br><\/p>    <h3 class=\"wp-block-heading\">Dondurulmu\u015f et k\u0131r\u0131c\u0131 parametrlar\u0131<\/h3>    <p>Gerilim: 380V<br>G\u00fc\u00e7: 5.5 kw<br>\u00dcretkenlik: 3-5 ton\/saat<br>A\u011f\u0131rl\u0131k: 600kg<br>Fiziksel Boyutlar: 1750\u00d7945\u00d71220 mm<\/p>    <h2 class=\"wp-block-heading\">Dondurulmu\u015f bloklar k\u0131r\u0131nt\u0131 makinesi kald\u0131rma<\/h2>   <div class=\"wp-block-image\"> <figure class=\"aligncenter\"><img loading=\"lazy\" decoding=\"async\" width=\"720\" height=\"540\" src=\"https:\/\/www.meatprocessingmachine.org\/wp-content\/uploads\/2021\/10\/hoist.jpg\" alt=\"\" class=\"wp-image-2232\" title=\"\" srcset=\"https:\/\/www.meatprocessingmachine.org\/wp-content\/uploads\/2021\/10\/hoist.jpg 720w, https:\/\/www.meatprocessingmachine.org\/wp-content\/uploads\/2021\/10\/hoist-300x225.jpg 300w\" sizes=\"auto, (max-width: 720px) 100vw, 720px\" \/><figcaption class=\"wp-element-caption\">asmak<\/figcaption><\/figure> <\/div>   <p>Asans\u00f6r, dondurulmu\u015f et k\u0131r\u0131c\u0131 ile et \u00f6\u011f\u00fct\u00fcc\u00fcy\u00fc birbirine ba\u011flar; otomasyonu daha iyi ger\u00e7ekle\u015ftirir, i\u015f\u00e7ilik tasarrufu sa\u011flar ve et \u00f6\u011f\u00fct\u00fcc\u00fcs\u00fcn\u00fcn otomatik beslenmesini sa\u011flar. Ta\u015f\u0131y\u0131c\u0131n\u0131n y\u00fcksekli\u011fi ve e\u011fimi, \u00fcretim yerine \u00f6zg\u00fc \u00f6zelliklere g\u00f6re \u00f6zelle\u015ftirilebilir; amac\u0131m\u0131z beslemenin kolayla\u015ft\u0131r\u0131lmas\u0131d\u0131r.<\/p>    <h2 class=\"wp-block-heading\">Dondurulmu\u015f et \u00f6\u011f\u00fct\u00fcc\u00fcs\u00fc makinesi<\/h2>   <div class=\"wp-block-image\"> <figure class=\"aligncenter size-full\"><img loading=\"lazy\" decoding=\"async\" width=\"720\" height=\"540\" src=\"https:\/\/www.meatprocessingmachine.org\/wp-content\/uploads\/2021\/10\/meat-grinder.png\" alt=\"et \u00f6\u011f\u00fct\u00fcc\u00fc\" class=\"wp-image-32723\" title=\"\" srcset=\"https:\/\/www.meatprocessingmachine.org\/wp-content\/uploads\/2021\/10\/meat-grinder.png 720w, https:\/\/www.meatprocessingmachine.org\/wp-content\/uploads\/2021\/10\/meat-grinder-300x225.png 300w\" sizes=\"auto, (max-width: 720px) 100vw, 720px\" \/><figcaption class=\"wp-element-caption\">et \u00f6\u011f\u00fct\u00fcc\u00fc<\/figcaption><\/figure> <\/div>   <p>Bir dondurulmu\u015f et \u00f6\u011f\u00fct\u00fcc\u00fcs\u00fc, dondurulmu\u015f et k\u0131r\u0131c\u0131ktan \u00e7\u0131kt\u0131ktan sonra, et dilimleri veya k\u00fc\u00e7\u00fck par\u00e7alar, ya\u011f gibi k\u00f6fte ve sosis gibi \u00fcr\u00fcnler i\u00e7in et ezmesine d\u00f6n\u00fc\u015ft\u00fcr\u00fclebilir. Dondurulmu\u015f et \u00f6\u011f\u00fct\u00fcc\u00fcs\u00fcn\u00fcn \u00e7\u0131k\u0131\u015f\u0131, \u00f6n kesme b\u0131\u00e7a\u011f\u0131, delikli plaka ve t\u00f6rp\u00fcden olu\u015fur.<\/p>    <h3 class=\"wp-block-heading\">Dondurulmu\u015f et \u00f6\u011f\u00fct\u00fcc\u00fc parametreleri<\/h3>    <figure class=\"wp-block-table\"><table><tbody><tr><td><strong>modellendirme<\/strong><strong><\/strong><\/td><td><strong>Boyutlar(mm)<\/strong><strong><\/strong><\/td><td><strong>g\u00fc\u00e7<\/strong><strong><\/strong><\/td><td><strong>kapasite<\/strong><strong><\/strong><\/td><\/tr><tr><td>&nbsp;SL-300<\/td><td>&nbsp;900*600*960<\/td><td>&nbsp;5.5kw<\/td><td>300-500kg<\/td><\/tr><tr><td>&nbsp;&nbsp;SL-120<\/td><td>&nbsp;1050*600*1100&nbsp;&nbsp;<\/td><td>&nbsp;7.5kw<\/td><td>500-800kg<\/td><\/tr><tr><td>&nbsp;SL-130&nbsp;&nbsp;<\/td><td>&nbsp;1280*700*1130<\/td><td>&nbsp;8KW<\/td><td>&nbsp;800-1300kg\/saat<\/td><\/tr><\/tbody><\/table><\/figure>    <h2 class=\"wp-block-heading\">Dondurulmu\u015f et blo\u011fu k\u0131rma ve \u00f6\u011f\u00fctme hatt\u0131 \u00f6nlemleri<\/h2>    <p>(1) Yeni makineyi ilk olarak kullanmadan \u00f6nce i\u00e7 yaprak\u00e7\u0131 milini, keskiyi ve bo\u015faltma b\u0131\u00e7ak\u00e7\u0131klar\u0131n\u0131 temizlemek gereklidir ki sanayi ya\u011f\u0131 kal\u0131nt\u0131s\u0131 kalmas\u0131n.<\/p>    <p>(2) G\u00fcc\u00fc a\u00e7madan \u00f6nce g\u00fc\u00e7 kayna\u011f\u0131 geriliminin cihaz\u0131n isim plakas\u0131na uygun olup olmad\u0131\u011f\u0131n\u0131 kontrol edin. Cihaz\u0131n muhafazas\u0131 sa\u011flam bir \u015fekilde topraklanmal\u0131d\u0131r. Ak\u0131lsal bir ileti\u015fim koruyucusu kullan\u0131lmas\u0131 \u00f6nerilir.<\/p>    <p>(3) Et \u00f6\u011f\u00fct\u00fclmeden \u00f6nce eti ufak par\u00e7alara ay\u0131r\u0131n\u0131z ki makineye zarar gelmesin.<\/p>    <p>(4) Normal \u00e7al\u0131\u015fmaya ge\u00e7tikten sonra g\u00fcc\u00fc a\u00e7\u0131n ve eti ekleyin. Eklerken hazneye elinizi sokmak kesinlikle yasakt\u0131r; aksi halde yaralanma meydana gelebilir.<\/p>    <p>(5) Et par\u00e7alar\u0131 e\u015fit ve motoru zararl\u0131 olmayacak \u015fekilde eklenmelidir. Motor normal \u00e7al\u0131\u015fm\u0131yorsa g\u00fc\u00e7 kayna\u011f\u0131 hemen kesilmeli ve durdurulduktan sonra nedeni kontrol edilmelidir. <\/p>    <p>(6) Kullan\u0131mdan sonra g\u00fcc\u00fc kapat\u0131n, ba\u015fl\u0131\u011f\u0131 s\u00f6k\u00fcn ve temiz su ile temizleyin, kurumaya b\u0131rak\u0131n veya kurutun. En iyi bak\u0131m etkisi i\u00e7in su kuruduktan sonra yeniden monte edin. B\u0131\u00e7aklar\u0131 kulland\u0131ktan sonra d\u00f6rt b\u0131\u00e7a\u011f\u0131 kullan\u0131p yemeklik ya\u011f ile bak\u0131m yap\u0131n\u0131z.<\/p>    <h2 class=\"wp-block-heading\">Dondurulmu\u015f et blo\u011fu k\u0131rma ve \u00f6\u011f\u00fctme hatt\u0131n\u0131n avantajlar\u0131<\/h2>    <p>Due to meat transportation and storage requirements, general meat will be frozen into a large piece of meat, which is very hard, and ordinary meat grinders cannot directly divide and mince. Therefore, the meat crusher needs to be advanced and crushed before it can be put into the meat grinder. Avoid multiple thawing, which will cause the loss of nutrients in the meat&#8217;s taste. The machine knife is very hard and can handle frozen meat at -18\u00b0C.<\/p>   <div class=\"wp-block-image\"> <figure class=\"aligncenter\"><img loading=\"lazy\" decoding=\"async\" width=\"720\" height=\"540\" src=\"https:\/\/www.meatprocessingmachine.org\/wp-content\/uploads\/2021\/10\/frozen-meat-block-crushing-and-grinder-line-application.jpg\" alt=\"dondurulmu\u015f et blo\u011fu k\u0131rma ve \u00f6\u011f\u00fctme hatt\u0131 ba\u015fvurusu \" class=\"wp-image-2235\" title=\"\" srcset=\"https:\/\/www.meatprocessingmachine.org\/wp-content\/uploads\/2021\/10\/frozen-meat-block-crushing-and-grinder-line-application.jpg 720w, https:\/\/www.meatprocessingmachine.org\/wp-content\/uploads\/2021\/10\/frozen-meat-block-crushing-and-grinder-line-application-300x225.jpg 300w\" sizes=\"auto, (max-width: 720px) 100vw, 720px\" \/><figcaption class=\"wp-element-caption\">dondurulmu\u015f et blo\u011fu k\u0131rma ve \u00f6\u011f\u00fctme hatt\u0131 ba\u015fvurusu<\/figcaption><\/figure> <\/div>   <p class=\"translation-block\"><strong>Dondurulmu\u015f et blo\u011fu k\u0131rma ve \u00f6\u011f\u00fctme hatt\u0131<\/strong> bir s\u00fcre\u00e7tir; b\u00fcy\u00fck par\u00e7al\u0131 dondurulmu\u015f et \u00f6nce k\u0131r\u0131l\u0131r, ard\u0131ndan bir kald\u0131r\u0131c\u0131 ile ba\u011flan\u0131r ve sonunda bir et \u00f6\u011f\u00fct\u00fcc\u00fcs\u00fcnde i\u015flenir. K\u00f6fte, sosis k\u00f6ftesi ve di\u011fer \u00fcr\u00fcnlerin \u00fcretimi i\u00e7in gerekli bir makinad\u0131r.<\/p>    <h2 class=\"wp-block-heading\">Dondurulmu\u015f et blo\u011fu k\u0131rma ve \u00f6\u011f\u00fctme hatt\u0131 videosu<\/h2>    <figure class=\"wp-block-embed is-type-video is-provider-youtube wp-block-embed-youtube wp-embed-aspect-16-9 wp-has-aspect-ratio\"><div class=\"wp-block-embed__wrapper\"> <iframe loading=\"lazy\" title=\"sat\u0131\u015fa sunulan ticari dondurulmu\u015f et blo\u011fu k\u0131rma ve \u00f6\u011f\u00fctme hatt\u0131 | dondurulmu\u015f et bloklar\u0131 k\u0131r\u0131lan ya\u011fl\u0131 makine\" width=\"500\" height=\"281\" src=\"https:\/\/www.youtube.com\/embed\/ZRYqmhxR3_g?start=16&#038;feature=oembed\" frameborder=\"0\" allow=\"accelerometer; autoplay; clipboard-write; encrypted-media; gyroscope; picture-in-picture; web-share\" referrerpolicy=\"strict-origin-when-cross-origin\" allowfullscreen><\/iframe> <\/div><figcaption class=\"wp-element-caption\">Dondurulmu\u015f et blo\u011fu k\u0131rma ve \u00f6\u011f\u00fctme hatt\u0131 videosu<\/figcaption><\/figure>    <p><\/p>","protected":false},"excerpt":{"rendered":"<p>Frozen meat block crushing and grinder line&nbsp;is a process that can crush large pieces of frozen meat first, and then grind it into the mash. A meat grinder is a necessary machine for the production of meat food processing, and the machine can be processed after processing. Production of meatballs, sausage patties, and other products. [&hellip;]<\/p>\n","protected":false},"author":1,"featured_media":2230,"parent":0,"template":"","product-type":[597],"class_list":["post-2220","product","type-product","status-publish","has-post-thumbnail","hentry","product-type-production-line"],"_links":{"self":[{"href":"https:\/\/www.meatprocessingmachine.org\/tr\/wp-json\/wp\/v2\/product\/2220","targetHints":{"allow":["GET"]}}],"collection":[{"href":"https:\/\/www.meatprocessingmachine.org\/tr\/wp-json\/wp\/v2\/product"}],"about":[{"href":"https:\/\/www.meatprocessingmachine.org\/tr\/wp-json\/wp\/v2\/types\/product"}],"author":[{"embeddable":true,"href":"https:\/\/www.meatprocessingmachine.org\/tr\/wp-json\/wp\/v2\/users\/1"}],"wp:featuredmedia":[{"embeddable":true,"href":"https:\/\/www.meatprocessingmachine.org\/tr\/wp-json\/wp\/v2\/media\/2230"}],"wp:attachment":[{"href":"https:\/\/www.meatprocessingmachine.org\/tr\/wp-json\/wp\/v2\/media?parent=2220"}],"wp:term":[{"taxonomy":"product-type","embeddable":true,"href":"https:\/\/www.meatprocessingmachine.org\/tr\/wp-json\/wp\/v2\/product-type?post=2220"}],"curies":[{"name":"wp","href":"https:\/\/api.w.org\/{rel}","templated":true}]}}