{"id":32290,"date":"2021-11-04T11:48:54","date_gmt":"2021-11-04T03:48:54","guid":{"rendered":"https:\/\/www.meatprocessingmachine.org\/?p=32290"},"modified":"2024-06-14T15:33:32","modified_gmt":"2024-06-14T07:33:32","slug":"frozen-block-breaker-for-meat","status":"publish","type":"product","link":"https:\/\/www.meatprocessingmachine.org\/tr\/frozen-block-breaker-for-meat.html","title":{"rendered":"Dondurulmu\u015f et blo\u011fu k\u0131r\u0131c\u0131, et k\u0131yma ve k\u0131rma makinesi i\u00e7in"},"content":{"rendered":"<div class=\"kk-star-ratings kksr-auto kksr-align-right kksr-valign-top\"     data-payload='{&quot;align&quot;:&quot;right&quot;,&quot;id&quot;:&quot;32290&quot;,&quot;slug&quot;:&quot;default&quot;,&quot;valign&quot;:&quot;top&quot;,&quot;ignore&quot;:&quot;&quot;,&quot;reference&quot;:&quot;auto&quot;,&quot;class&quot;:&quot;&quot;,&quot;count&quot;:&quot;0&quot;,&quot;legendonly&quot;:&quot;&quot;,&quot;readonly&quot;:&quot;&quot;,&quot;score&quot;:&quot;0&quot;,&quot;starsonly&quot;:&quot;&quot;,&quot;best&quot;:&quot;5&quot;,&quot;gap&quot;:&quot;5&quot;,&quot;greet&quot;:&quot;Rate this product&quot;,&quot;legend&quot;:&quot;0\\\/5 - (0 votes)&quot;,&quot;size&quot;:&quot;24&quot;,&quot;title&quot;:&quot;Frozen meat block breaker for meat flaker and crusher&quot;,&quot;width&quot;:&quot;0&quot;,&quot;_legend&quot;:&quot;{score}\\\/{best} - ({count} {votes})&quot;,&quot;font_factor&quot;:&quot;1.25&quot;}'>              <div class=\"kksr-stars\">      <div class=\"kksr-stars-inactive\">             <div class=\"kksr-star\" data-star=\"1\" style=\"padding-right: 5px\">               <div class=\"kksr-icon\" style=\"width: 24px; height: 24px;\"><\/div>         <\/div>             <div class=\"kksr-star\" data-star=\"2\" style=\"padding-right: 5px\">               <div class=\"kksr-icon\" style=\"width: 24px; height: 24px;\"><\/div>         <\/div>             <div class=\"kksr-star\" data-star=\"3\" style=\"padding-right: 5px\">               <div class=\"kksr-icon\" style=\"width: 24px; height: 24px;\"><\/div>         <\/div>             <div class=\"kksr-star\" data-star=\"4\" style=\"padding-right: 5px\">               <div class=\"kksr-icon\" style=\"width: 24px; height: 24px;\"><\/div>         <\/div>             <div class=\"kksr-star\" data-star=\"5\" style=\"padding-right: 5px\">               <div class=\"kksr-icon\" style=\"width: 24px; height: 24px;\"><\/div>         <\/div>     <\/div>      <div class=\"kksr-stars-active\" style=\"width: 0px;\">             <div class=\"kksr-star\" style=\"padding-right: 5px\">               <div class=\"kksr-icon\" style=\"width: 24px; height: 24px;\"><\/div>         <\/div>             <div class=\"kksr-star\" style=\"padding-right: 5px\">               <div class=\"kksr-icon\" style=\"width: 24px; height: 24px;\"><\/div>         <\/div>             <div class=\"kksr-star\" style=\"padding-right: 5px\">               <div class=\"kksr-icon\" style=\"width: 24px; height: 24px;\"><\/div>         <\/div>             <div class=\"kksr-star\" style=\"padding-right: 5px\">               <div class=\"kksr-icon\" style=\"width: 24px; height: 24px;\"><\/div>         <\/div>             <div class=\"kksr-star\" style=\"padding-right: 5px\">               <div class=\"kksr-icon\" style=\"width: 24px; height: 24px;\"><\/div>         <\/div>     <\/div> <\/div>                   <div class=\"kksr-legend\" style=\"font-size: 19.2px;\">             <span class=\"kksr-muted\">Bu \u00fcr\u00fcn\u00fc de\u011ferlendirin<\/span>     <\/div>     <\/div>  <p>Dondurulmu\u015f et blo\u011fu k\u0131r\u0131c\u0131, b\u00fct\u00fcn dondurulmu\u015f eti b\u00f6lmek ve par\u00e7alara ay\u0131rmak i\u00e7in kullan\u0131lan bir makinedir. Makine, kemiksiz dondurulmu\u015f eti i\u015fler. Et \u00fcr\u00fcnleri i\u015fleme s\u00fcrecinde vazge\u00e7ilmez bir ara\u00e7t\u0131r. Et k\u0131yma makinesinin \u00f6n i\u015flemi i\u00e7in kullan\u0131labilir. Sosis ve k\u00f6fte i\u015fleme s\u0131ras\u0131nda, dondurulmu\u015f et k\u0131r\u0131c\u0131lar ham maddeleri i\u015flemek i\u00e7in kullan\u0131l\u0131r.<\/p>    <h2 class=\"wp-block-heading\" id=\"h-why-use-frozen-meat-block-breaker\">Neden dondurulmu\u015f et blo\u011fu k\u0131r\u0131c\u0131 kullanmal\u0131y\u0131z?<\/h2>    <p>Dondurulmu\u015f et k\u0131r\u0131c\u0131, etin tazeli\u011fini sa\u011flar, tekrar \u00e7\u00f6zme s\u00fcrecinde besin kayb\u0131n\u0131 \u00f6nler, \u00e7\u00f6zme a\u015famas\u0131n\u0131 ortadan kald\u0131r\u0131r ve et \u00fcr\u00fcnlerinin i\u015flenme s\u00fcresini k\u0131salt\u0131r. Ayr\u0131ca, tekrar dondurma, et i\u015fleme s\u0131ras\u0131nda dondurucu \u00fczerindeki y\u00fck\u00fc art\u0131r\u0131r. \u0130\u015flemler aras\u0131nda yak\u0131n ba\u011flant\u0131 kurabilir ve tam bir end\u00fcstriyel zincir olu\u015fturabilir.<\/p>    <h2 class=\"wp-block-heading\">Dondurulmu\u015f et k\u0131r\u0131c\u0131 etkisi a\u00e7\u0131klamas\u0131<\/h2>    <p class=\"translation-block\">Dondurulmu\u015f et blo\u011fu k\u0131r\u0131c\u0131, on saniye i\u00e7inde dondurulmu\u015f eti dilimlere ay\u0131rabilir. Makinenin \u00e7\u0131k\u0131\u015f\u0131 \u00e7ok y\u00fcksektir, baz\u0131 g\u0131da i\u015fleme tesisleri i\u00e7in uygundur. Ayr\u0131ca, ya\u011f rafine \u00fcretim s\u00fcrecinde de vazge\u00e7ilmez ekipmand\u0131r. \u0130\u015flenmi\u015f ham maddeler, -4\u00b0C ile -18\u00b0C aras\u0131nda dondurulmu\u015f et olmal\u0131d\u0131r, do\u011frudan k\u0131yma haline getirilir, bu da do\u011frudan k\u0131yma makinesinin \u00f6n i\u015flemi ve <a href=\"https:\/\/www.meatprocessingmachine.org\/tr\/frozen-meat-grinder.html\/\">et \u00f6\u011f\u00fct\u00fcc\u00fc<\/a>.<\/p>   <div class=\"wp-block-image\"> <figure class=\"aligncenter size-full\"><img loading=\"lazy\" decoding=\"async\" width=\"720\" height=\"540\" src=\"https:\/\/www.meatprocessingmachine.org\/wp-content\/uploads\/2021\/11\/meat-flaker-machine.jpg\" alt=\" dondurulmu\u015f et blo\u011fu k\u0131r\u0131c\u0131\" class=\"wp-image-32297\" title=\"\" srcset=\"https:\/\/www.meatprocessingmachine.org\/wp-content\/uploads\/2021\/11\/meat-flaker-machine.jpg 720w, https:\/\/www.meatprocessingmachine.org\/wp-content\/uploads\/2021\/11\/meat-flaker-machine-300x225.jpg 300w\" sizes=\"auto, (max-width: 720px) 100vw, 720px\" \/><figcaption class=\"wp-element-caption\"> dondurulmu\u015f et blo\u011fu k\u0131r\u0131c\u0131<\/figcaption><\/figure> <\/div>   <h2 class=\"wp-block-heading\">Dondurulmu\u015f et ile taze et kar\u015f\u0131la\u015ft\u0131rmas\u0131<\/h2>    <p>Bir\u00e7ok insan taze etin dondurulmu\u015f etten daha besleyici oldu\u011funu d\u00fc\u015f\u00fcn\u00fcyor. Asl\u0131nda, g\u00f6zlem ve ara\u015ft\u0131rma sonras\u0131, taze etin dondurulmu\u015f etten daha besleyici ve lezzetli olmad\u0131\u011f\u0131 ortaya \u00e7\u0131kt\u0131. Aksine, e\u011fer taze et zaman\u0131nda pi\u015firilmez veya dondurulmazsa, \u00e7ok say\u0131da bakteri \u00e7o\u011falacakt\u0131r. So\u011fuk taze et, zaman\u0131nda -18\u00b0C'de saklan\u0131r. \u00c7\u00f6z\u00fcnd\u00fckten sonra tad\u0131 etkilemez, ancak daha sa\u011fl\u0131kl\u0131d\u0131r.<\/p>    <h2 class=\"wp-block-heading\">Dondurulmu\u015f et k\u0131r\u0131c\u0131 yap\u0131s\u0131 ve prensibi<\/h2>   <div class=\"wp-block-image\"> <figure class=\"aligncenter size-full\"><img loading=\"lazy\" decoding=\"async\" width=\"720\" height=\"540\" src=\"https:\/\/www.meatprocessingmachine.org\/wp-content\/uploads\/2021\/11\/frozen-meat-breaker.webp\" alt=\"dondurulmu\u015f et k\u0131r\u0131c\u0131\" class=\"wp-image-34149\" title=\"\" srcset=\"https:\/\/www.meatprocessingmachine.org\/wp-content\/uploads\/2021\/11\/frozen-meat-breaker.webp 720w, https:\/\/www.meatprocessingmachine.org\/wp-content\/uploads\/2021\/11\/frozen-meat-breaker-300x225.webp 300w\" sizes=\"auto, (max-width: 720px) 100vw, 720px\" \/><figcaption class=\"wp-element-caption\">dondurulmu\u015f et k\u0131r\u0131c\u0131<\/figcaption><\/figure> <\/div>   <p>Dondurulmu\u015f et blo\u011fu k\u0131r\u0131c\u0131, buhar bas\u0131nc\u0131n\u0131 g\u00fc\u00e7 kayna\u011f\u0131 olarak kullan\u0131r. Dondurulmu\u015f et blo\u011fu, silindir taraf\u0131ndan ileri itilir ve b\u0131\u00e7ak, uniform h\u0131zda k\u0131r\u0131c\u0131dan ge\u00e7er. B\u0131\u00e7ak y\u00fcksek h\u0131zda d\u00f6ner ve eti k\u0131rar. T\u00fcm dondurulmu\u015f et k\u0131r\u0131c\u0131, kaynak kaynakl\u0131d\u0131r. \u0130\u015f\u00e7ilik, titre\u015fim \u00f6nleyici etki sa\u011flar, performans stabildir ve ar\u0131za oran\u0131 d\u00fc\u015f\u00fckt\u00fcr.<\/p>    <h2 class=\"wp-block-heading\">Dondurulmu\u015f et blo\u011fu k\u0131r\u0131c\u0131 parametreleri<\/h2>    <p>D\u00fczenli et boyutu: 78*510*180mm<\/p>    <p>\u00dcretkenlik: 3-5 ton\/saat<\/p>    <p>Malzeme: 304 paslanmaz \u00e7elik<\/p>   <div class=\"wp-block-image\"> <figure class=\"aligncenter size-full\"><img loading=\"lazy\" decoding=\"async\" width=\"720\" height=\"540\" src=\"https:\/\/www.meatprocessingmachine.org\/wp-content\/uploads\/2021\/11\/details-of-frozen-block-breaker.jpg\" alt=\"details of frozen meat block breaker \" class=\"wp-image-32298\" title=\"\" srcset=\"https:\/\/www.meatprocessingmachine.org\/wp-content\/uploads\/2021\/11\/details-of-frozen-block-breaker.jpg 720w, https:\/\/www.meatprocessingmachine.org\/wp-content\/uploads\/2021\/11\/details-of-frozen-block-breaker-300x225.jpg 300w\" sizes=\"auto, (max-width: 720px) 100vw, 720px\" \/><figcaption class=\"wp-element-caption\">dondurulmu\u015f et k\u0131r\u0131c\u0131 detaylar\u0131<\/figcaption><\/figure> <\/div>   <p>Dondurulmu\u015f et k\u0131r\u0131c\u0131'n\u0131n genel \u00e7al\u0131\u015fma verimlili\u011fi \u00e7ok y\u00fcksektir. Saatlik ortalama \u00e7\u0131k\u0131\u015f 4 tondur. \u00d6zellikle b\u00fcy\u00fck \u00f6l\u00e7ekli g\u0131da ve et i\u015fleme tesisleri i\u00e7in uygundur. Makine paslanmaz \u00e7elikten yap\u0131lm\u0131\u015ft\u0131r, temizli\u011fi kolayd\u0131r ve uzun hizmet \u00f6mr\u00fc sa\u011flar.<\/p>    <h2 class=\"wp-block-heading\">Dondurulmu\u015f et dilimleyici \u00f6zellikleri<\/h2>    <p>Makine, h\u0131zl\u0131 i\u015flenir, etin s\u0131cakl\u0131\u011f\u0131 d\u00fc\u015f\u00fckt\u00fcr ve tazeli\u011fi garanti edilir.<\/p>    <p>G\u00fc\u00e7l\u00fc k\u0131rma yetene\u011fi, birka\u00e7 saniye i\u00e7inde tam dondurulmu\u015f et k\u0131rma i\u015flemi, 3-5 ton\/saat<\/p>    <p>Dondurulmu\u015f et k\u0131r\u0131c\u0131 d\u00fc\u015f\u00fck g\u00fcr\u00fclt\u00fc ve stabil \u00e7al\u0131\u015fma sa\u011flar<\/p>   <div class=\"wp-block-image\"> <figure class=\"aligncenter size-full\"><img loading=\"lazy\" decoding=\"async\" width=\"720\" height=\"540\" src=\"https:\/\/www.meatprocessingmachine.org\/wp-content\/uploads\/2021\/11\/frozen-meat-slicer.jpg\" alt=\" dondurulmu\u015f et dilimleme makinesi  \" class=\"wp-image-32299\" title=\"\" srcset=\"https:\/\/www.meatprocessingmachine.org\/wp-content\/uploads\/2021\/11\/frozen-meat-slicer.jpg 720w, https:\/\/www.meatprocessingmachine.org\/wp-content\/uploads\/2021\/11\/frozen-meat-slicer-300x225.jpg 300w\" sizes=\"auto, (max-width: 720px) 100vw, 720px\" \/><figcaption class=\"wp-element-caption\"> dondurulmu\u015f et dilimleme makinesi  <\/figcaption><\/figure> <\/div>   <h2 class=\"wp-block-heading\">Dondurulmu\u015f et k\u0131r\u0131c\u0131 kurulum ve ayarlar\u0131 i\u00e7in \u00f6nlemler<\/h2>    <p>Dondurulmu\u015f et blo\u011fu k\u0131r\u0131c\u0131, d\u00fcz ve stabil zemin \u00fczerine yerle\u015ftirilmelidir.<\/p>    <p>Et par\u00e7alama makinesinin, etin al\u0131nmas\u0131 i\u00e7in bir al\u0131c\u0131 kab\u0131na ihtiyac\u0131 vard\u0131r.<\/p>    <p>B\u0131\u00e7ak tutucu yukar\u0131 ve a\u015fa\u011f\u0131 hareket ederken g\u00fcc\u00fc a\u00e7\u0131n, dondurulmu\u015f eti yava\u015f\u00e7a besleme a\u011fz\u0131ndan d\u0131\u015far\u0131 itin ve et dilimlerinin kal\u0131nl\u0131\u011f\u0131n\u0131 g\u00f6zlemleyin.<\/p>    <h2 class=\"wp-block-heading\">Dondurulmu\u015f et blo\u011fu k\u0131r\u0131c\u0131 videosu  <\/h2>    <figure class=\"wp-block-embed is-type-video is-provider-youtube wp-block-embed-youtube wp-embed-aspect-16-9 wp-has-aspect-ratio\"><div class=\"wp-block-embed__wrapper\"> <iframe loading=\"lazy\" title=\"sat\u0131\u015fa sunulan ticari dondurulmu\u015f et blo\u011fu k\u0131rma ve \u00f6\u011f\u00fctme hatt\u0131 | dondurulmu\u015f et bloklar\u0131 k\u0131r\u0131lan ya\u011fl\u0131 makine\" width=\"500\" height=\"281\" src=\"https:\/\/www.youtube.com\/embed\/ZRYqmhxR3_g?start=8&#038;feature=oembed\" frameborder=\"0\" allow=\"accelerometer; autoplay; clipboard-write; encrypted-media; gyroscope; picture-in-picture; web-share\" referrerpolicy=\"strict-origin-when-cross-origin\" allowfullscreen><\/iframe> <\/div><\/figure>","protected":false},"excerpt":{"rendered":"<p>Dondurulmu\u015f et blo\u011fu k\u0131r\u0131c\u0131, b\u00fct\u00fcn dondurulmu\u015f eti b\u00f6lmek ve par\u00e7alara ay\u0131rmak i\u00e7in kullan\u0131lan bir makinedir. Makine, kemiksiz dondurulmu\u015f eti i\u015fler. Et \u00fcr\u00fcnleri i\u015fleme s\u00fcrecinde vazge\u00e7ilmez bir ara\u00e7t\u0131r. Et k\u0131yma makinesinin \u00f6n i\u015flemi i\u00e7in kullan\u0131labilir. Sosis ve k\u00f6fte i\u015fleme s\u0131ras\u0131nda, dondurulmu\u015f et k\u0131r\u0131c\u0131lar ham maddeleri i\u015flemek i\u00e7in kullan\u0131l\u0131r.<\/p>","protected":false},"author":1,"featured_media":32296,"parent":0,"template":"","product-type":[589],"class_list":["post-32290","product","type-product","status-publish","has-post-thumbnail","hentry","product-type-meat-cutting-machine"],"_links":{"self":[{"href":"https:\/\/www.meatprocessingmachine.org\/tr\/wp-json\/wp\/v2\/product\/32290","targetHints":{"allow":["GET"]}}],"collection":[{"href":"https:\/\/www.meatprocessingmachine.org\/tr\/wp-json\/wp\/v2\/product"}],"about":[{"href":"https:\/\/www.meatprocessingmachine.org\/tr\/wp-json\/wp\/v2\/types\/product"}],"author":[{"embeddable":true,"href":"https:\/\/www.meatprocessingmachine.org\/tr\/wp-json\/wp\/v2\/users\/1"}],"wp:featuredmedia":[{"embeddable":true,"href":"https:\/\/www.meatprocessingmachine.org\/tr\/wp-json\/wp\/v2\/media\/32296"}],"wp:attachment":[{"href":"https:\/\/www.meatprocessingmachine.org\/tr\/wp-json\/wp\/v2\/media?parent=32290"}],"wp:term":[{"taxonomy":"product-type","embeddable":true,"href":"https:\/\/www.meatprocessingmachine.org\/tr\/wp-json\/wp\/v2\/product-type?post=32290"}],"curies":[{"name":"wp","href":"https:\/\/api.w.org\/{rel}","templated":true}]}}