{"id":32791,"date":"2022-02-08T17:11:53","date_gmt":"2022-02-08T09:11:53","guid":{"rendered":"https:\/\/www.meatprocessingmachine.org\/?p=32791"},"modified":"2024-06-17T10:15:44","modified_gmt":"2024-06-17T02:15:44","slug":"power-scrub-egg-washing-machine","status":"publish","type":"product","link":"https:\/\/www.meatprocessingmachine.org\/tr\/power-scrub-egg-washing-machine.html","title":{"rendered":"Otomatik yumurta y\u0131kama makinesi | g\u00fc\u00e7l\u00fc ovma yumurta temizleme makinesi"},"content":{"rendered":"<div class=\"kk-star-ratings kksr-auto kksr-align-right kksr-valign-top\"     data-payload='{&quot;align&quot;:&quot;right&quot;,&quot;id&quot;:&quot;32791&quot;,&quot;slug&quot;:&quot;default&quot;,&quot;valign&quot;:&quot;top&quot;,&quot;ignore&quot;:&quot;&quot;,&quot;reference&quot;:&quot;auto&quot;,&quot;class&quot;:&quot;&quot;,&quot;count&quot;:&quot;0&quot;,&quot;legendonly&quot;:&quot;&quot;,&quot;readonly&quot;:&quot;&quot;,&quot;score&quot;:&quot;0&quot;,&quot;starsonly&quot;:&quot;&quot;,&quot;best&quot;:&quot;5&quot;,&quot;gap&quot;:&quot;5&quot;,&quot;greet&quot;:&quot;Rate this product&quot;,&quot;legend&quot;:&quot;0\\\/5 - (0 votes)&quot;,&quot;size&quot;:&quot;24&quot;,&quot;title&quot;:&quot;Automatic egg washing machine | power scrub egg cleaning machine&quot;,&quot;width&quot;:&quot;0&quot;,&quot;_legend&quot;:&quot;{score}\\\/{best} - ({count} {votes})&quot;,&quot;font_factor&quot;:&quot;1.25&quot;}'>              <div class=\"kksr-stars\">      <div class=\"kksr-stars-inactive\">             <div class=\"kksr-star\" data-star=\"1\" style=\"padding-right: 5px\">               <div class=\"kksr-icon\" style=\"width: 24px; height: 24px;\"><\/div>         <\/div>             <div class=\"kksr-star\" data-star=\"2\" style=\"padding-right: 5px\">               <div class=\"kksr-icon\" style=\"width: 24px; height: 24px;\"><\/div>         <\/div>             <div class=\"kksr-star\" data-star=\"3\" style=\"padding-right: 5px\">               <div class=\"kksr-icon\" style=\"width: 24px; height: 24px;\"><\/div>         <\/div>             <div class=\"kksr-star\" data-star=\"4\" style=\"padding-right: 5px\">               <div class=\"kksr-icon\" style=\"width: 24px; height: 24px;\"><\/div>         <\/div>             <div class=\"kksr-star\" data-star=\"5\" style=\"padding-right: 5px\">               <div class=\"kksr-icon\" style=\"width: 24px; height: 24px;\"><\/div>         <\/div>     <\/div>      <div class=\"kksr-stars-active\" style=\"width: 0px;\">             <div class=\"kksr-star\" style=\"padding-right: 5px\">               <div class=\"kksr-icon\" style=\"width: 24px; height: 24px;\"><\/div>         <\/div>             <div class=\"kksr-star\" style=\"padding-right: 5px\">               <div class=\"kksr-icon\" style=\"width: 24px; height: 24px;\"><\/div>         <\/div>             <div class=\"kksr-star\" style=\"padding-right: 5px\">               <div class=\"kksr-icon\" style=\"width: 24px; height: 24px;\"><\/div>         <\/div>             <div class=\"kksr-star\" style=\"padding-right: 5px\">               <div class=\"kksr-icon\" style=\"width: 24px; height: 24px;\"><\/div>         <\/div>             <div class=\"kksr-star\" style=\"padding-right: 5px\">               <div class=\"kksr-icon\" style=\"width: 24px; height: 24px;\"><\/div>         <\/div>     <\/div> <\/div>                   <div class=\"kksr-legend\" style=\"font-size: 19.2px;\">             <span class=\"kksr-muted\">Bu \u00fcr\u00fcn\u00fc de\u011ferlendirin<\/span>     <\/div>     <\/div>  <p>Yumurta Y\u0131kama Makinesi Konvey\u00f6r\u00fc <\/p>    <p class=\"translation-block\">Yumurta temizleme makinesi, esasen iki b\u00f6l\u00fcme ayr\u0131l\u0131r: yumurta y\u0131kama ve kurutma, ve hafif muayene. Ayr\u0131ca <a href=\"https:\/\/www.meatprocessingmachine.org\/tr\/egg-processing-line-for-washing-and-grading.html\/\">yumurta s\u0131n\u0131fland\u0131rma tart\u0131m ekipman\u0131<\/a> ve kodlama makineleri de sa\u011flayabiliriz. Yumurta temizleme ekipmanlar\u0131, \u00e7iftlikler, yumurta toptan sat\u0131\u015f pazarlar\u0131 ve s\u00fcpermarketler i\u00e7in uygundur.<\/p>    <figure class=\"wp-block-image size-full\"><img loading=\"lazy\" decoding=\"async\" width=\"720\" height=\"540\" src=\"https:\/\/www.meatprocessingmachine.org\/wp-content\/uploads\/2022\/02\/egg-cleaning.png\" alt=\"yumurta y\u0131kama makinesi\" class=\"wp-image-32797\" title=\"\" srcset=\"https:\/\/www.meatprocessingmachine.org\/wp-content\/uploads\/2022\/02\/egg-cleaning.png 720w, https:\/\/www.meatprocessingmachine.org\/wp-content\/uploads\/2022\/02\/egg-cleaning-300x225.png 300w\" sizes=\"auto, (max-width: 720px) 100vw, 720px\" \/><figcaption class=\"wp-element-caption\">\u0130\u00e7erikler<\/figcaption><\/figure>    <h2 class=\"wp-block-heading\">Yumurta y\u0131kama ekipmanlar\u0131n\u0131n avantajlar\u0131<\/h2>    <figure class=\"wp-block-embed is-type-video is-provider-youtube wp-block-embed-youtube wp-embed-aspect-16-9 wp-has-aspect-ratio\"><div class=\"wp-block-embed__wrapper\"> <iframe loading=\"lazy\" title=\"G\u00fc\u00e7l\u00fc f\u0131r\u00e7alama yumurta y\u0131kama makinesi | Yumurta temizleme \u00fcretim hatt\u0131 | Saatte 5500 yumurta nas\u0131l temizlenir?\" width=\"500\" height=\"281\" src=\"https:\/\/www.youtube.com\/embed\/v77eyAo-Vbk?feature=oembed\" frameborder=\"0\" allow=\"accelerometer; autoplay; clipboard-write; encrypted-media; gyroscope; picture-in-picture; web-share\" referrerpolicy=\"strict-origin-when-cross-origin\" allowfullscreen><\/iframe> <\/div><figcaption class=\"wp-element-caption\">Otomatik temizlik, bir ki\u015fi yumurta dizme ve y\u00fcksek \u00fcretim verimlili\u011fi sa\u011flar.<\/figcaption><\/figure>    <h2 class=\"wp-block-heading\">Farkl\u0131 modellerde yumurta y\u0131kama makinesi<\/h2>    <ul class=\"wp-block-list\"> <li>Sa\u011flam yap\u0131, stabil performans, yumurta s\u0131k\u0131\u015fmas\u0131 yok, yumurta d\u00fc\u015fmesi yok, uzun hizmet \u00f6mr\u00fc.<\/li>    <li>Paslanmaz \u00e7elik tel f\u0131r\u00e7a kullanarak, yumurta y\u0131kama makinesi otomatik olarak hareket eder ve temizler.<\/li>    <li>Kutu i\u00e7inde p\u00fcsk\u00fcrtme ve temizlik, temiz ve hasar olmadan.<\/li>    <li>Tek s\u0131ral\u0131 yumurta y\u0131kama makinesi, saatte yakla\u015f\u0131k 6.000 adet \u00fcretim kapasitesiyle k\u00fc\u00e7\u00fck bir makinedir. Otomatik yumurta dizme fonksiyonunu tamamlar, i\u015f g\u00fcc\u00fcn\u00fc tasarruf eder. Yumurta dizme kau\u00e7uk tekerle\u011fi POM malzemeden yap\u0131lm\u0131\u015ft\u0131r. Bu malzemenin \u00fcr\u00fcn\u00fc hijyeniktir, g\u00fcvenlidir, kalite garantilidir ve a\u015f\u0131nmaya dayan\u0131kl\u0131d\u0131r.<\/li> <\/ul>    <h2 class=\"wp-block-heading\">Model 1: tek s\u0131ral\u0131 yumurta y\u0131kama makinesi<\/h2>    <h3 class=\"wp-block-heading\">Tek s\u0131ral\u0131 yumurta y\u0131kama ekipman\u0131 parametreleri<\/h3>    <p>Tek S\u0131ral\u0131 Yumurta Y\u0131kama Makinesi Fabrikay\u0131 Ziyaret<\/p>    <figure class=\"wp-block-image size-full\"><img loading=\"lazy\" decoding=\"async\" width=\"720\" height=\"540\" src=\"https:\/\/www.meatprocessingmachine.org\/wp-content\/uploads\/2022\/02\/Single-row-egg-washing-machine-visit-factory.png\" alt=\"\u00c7ift s\u0131ral\u0131 yumurta temizleme makinesi\" class=\"wp-image-32913\" title=\"\" srcset=\"https:\/\/www.meatprocessingmachine.org\/wp-content\/uploads\/2022\/02\/Single-row-egg-washing-machine-visit-factory.png 720w, https:\/\/www.meatprocessingmachine.org\/wp-content\/uploads\/2022\/02\/Single-row-egg-washing-machine-visit-factory-300x225.png 300w\" sizes=\"auto, (max-width: 720px) 100vw, 720px\" \/><figcaption class=\"wp-element-caption\">G\u00f6r\u00fcn\u00fcm: 6000*1200*1500 mm<\/figcaption><\/figure>    <h4 class=\"wp-block-heading\"><strong>Model 2: 2 s\u0131ral\u0131 yumurta temizleme makinesi<\/strong><\/h4>    <ul class=\"wp-block-list\"> <li>Verimlilik: 5000-7000 adet\/saat<\/li>    <li>Gerilim: 380V<\/li>    <li>Gerilim: 380V<\/li>    <li>Tek s\u0131ral\u0131 yumurta y\u0131kama makinesine k\u0131yasla, \u00e7ift s\u0131ral\u0131 yumurta y\u0131kama makinesinin \u00e7\u0131k\u0131\u015f\u0131 iki kat\u0131d\u0131r, ancak yumurta temizleme makinesinin prensip ve yap\u0131s\u0131 ayn\u0131d\u0131r, bu nedenle makine modeli, g\u00fcnl\u00fck i\u015flenmesi gereken \u00e7\u0131k\u0131\u015fa g\u00f6re se\u00e7ilebilir.<\/li> <\/ul>    <h3 class=\"wp-block-heading\">\u00c7ift S\u0131ral\u0131 yumurta y\u0131kama parametreleri<\/h3>    <p>\u00c7ift S\u0131ral\u0131 Yumurta Y\u0131kama Makinesi Fabrika Test Makinesi<\/p>    <figure class=\"wp-block-image size-full\"><img loading=\"lazy\" decoding=\"async\" width=\"720\" height=\"540\" src=\"https:\/\/www.meatprocessingmachine.org\/wp-content\/uploads\/2022\/02\/Double-row-egg-washing-machine-factory-test-machine.png\" alt=\"Kirli yumurtalar\" class=\"wp-image-32912\" title=\"\" srcset=\"https:\/\/www.meatprocessingmachine.org\/wp-content\/uploads\/2022\/02\/Double-row-egg-washing-machine-factory-test-machine.png 720w, https:\/\/www.meatprocessingmachine.org\/wp-content\/uploads\/2022\/02\/Double-row-egg-washing-machine-factory-test-machine-300x225.png 300w\" sizes=\"auto, (max-width: 720px) 100vw, 720px\" \/><figcaption class=\"wp-element-caption\">G\u00f6r\u00fcn\u00fcm: 6800*1600*1500 mm<\/figcaption><\/figure>    <h4 class=\"wp-block-heading\"><strong>Yumurta y\u0131kama makinesi neden kullan\u0131l\u0131r?<\/strong><\/h4>    <ul class=\"wp-block-list\"> <li>Verimlilik: 10000-14000 adet\/saat<\/li>    <li>Toplam g\u00fc\u00e7: 12.5kw<\/li>    <li>Gerilim: 380V<\/li>    <li>Yumurta y\u00fczeyinde \u00e7ok say\u0131da stomata bulundu\u011fu i\u00e7in, bu mikroorganizmalar ve patojenler stomatalardan i\u00e7eri girer ve \u00e7o\u011fal\u0131r. Yumurtan\u0131n kalitesi ciddi \u015fekilde etkilenir ve ayn\u0131 zamanda t\u00fcketicinin sa\u011fl\u0131\u011f\u0131n\u0131 tehdit eder.<\/li> <\/ul>    <h2 class=\"wp-block-heading\" id=\"h-why-use-an-egg-washing-machine\">Kirli yumurtalar\u0131n do\u011frudan sat\u0131\u015f\u0131n\u0131n tehlikeleri<\/h2>    <p class=\"translation-block\">Because eggs are produced through the animal&#8217;s cloaca, many gut microbes are attached to the surface of the egg, and in a typical environment, they can be infected with a large number of disease-causing bacteria. The experiments showed that 10% of the eggs used in the experiment had <a href=\"https:\/\/en.wikipedia.org\/wiki\/Salmonella\" target=\"_blank\" rel=\"noopener\">Salmonella<\/a> on the surface, while 64% had Escherichia coli on the surface. <\/p>    <p>Kirli Yumurtalar<\/p>    <h2 class=\"wp-block-heading\">Yumurta temizleme makinesi nas\u0131l kullan\u0131l\u0131r?<\/h2>    <figure class=\"wp-block-image size-full\"><img loading=\"lazy\" decoding=\"async\" width=\"720\" height=\"540\" src=\"https:\/\/www.meatprocessingmachine.org\/wp-content\/uploads\/2022\/02\/dirty-eggs.png\" alt=\"dirty eggs\" class=\"wp-image-32794\" title=\"\" srcset=\"https:\/\/www.meatprocessingmachine.org\/wp-content\/uploads\/2022\/02\/dirty-eggs.png 720w, https:\/\/www.meatprocessingmachine.org\/wp-content\/uploads\/2022\/02\/dirty-eggs-300x225.png 300w\" sizes=\"auto, (max-width: 720px) 100vw, 720px\" \/><figcaption class=\"wp-element-caption\">Sat\u0131\u015flar\u0131 etkiler. Bir\u00e7ok yumurta temizlenmeden do\u011frudan sat\u0131l\u0131r, y\u00fczeyleri kirli olur ve bir\u00e7ok t\u00fcketici b\u00f6yle yumurtalar\u0131 almaktan ka\u00e7\u0131n\u0131r.<\/figcaption><\/figure>    <ul class=\"wp-block-list\"> <li>K\u0131sa depolama s\u00fcresi. Kirli yumurtalar temiz de\u011fildir ve y\u00fczeyde bir\u00e7ok mikroorganizma bulunur. Depolama s\u00fcresi boyunca, yumurta i\u00e7i s\u00fcrekli i\u015flenir, bu da k\u00f6t\u00fc yumurta say\u0131s\u0131nda s\u00fcrekli art\u0131\u015fa neden olur. Yumurtalar y\u0131kanarak raf \u00f6mr\u00fc uzat\u0131l\u0131r.<\/li>    <li>Kirli yumurtalar hastal\u0131k yaymaya kolayd\u0131r. Yumurtalar, tavuklar\u0131n \u00fcreme organlar\u0131ndan do\u011frudan \u00e7\u0131kar. Yumurtalar\u0131n y\u00fczeyi genellikle d\u0131\u015fk\u0131, kan lekeleri vb. ile kirlenmi\u015f olup, \u00e7evreyi kolayca kirletebilir ve hastal\u0131k yayabilir.<\/li>    <li>Yumurta y\u0131kama makinesini kullan<\/li> <\/ul>    <h2 class=\"wp-block-heading\">Yumurta temizleme makinesi bile\u015fenleri<\/h2>    <figure class=\"wp-block-image size-full\"><img loading=\"lazy\" decoding=\"async\" width=\"720\" height=\"540\" src=\"https:\/\/www.meatprocessingmachine.org\/wp-content\/uploads\/2022\/02\/egg-washing-machine-2.png\" alt=\"use egg washing machine\" class=\"wp-image-32795\" title=\"\" srcset=\"https:\/\/www.meatprocessingmachine.org\/wp-content\/uploads\/2022\/02\/egg-washing-machine-2.png 720w, https:\/\/www.meatprocessingmachine.org\/wp-content\/uploads\/2022\/02\/egg-washing-machine-2-300x225.png 300w\" sizes=\"auto, (max-width: 720px) 100vw, 720px\" \/><figcaption class=\"wp-element-caption\">Yumurta y\u0131kama makinesi tamamen otomatik bir makinedir. Yumurtalar\u0131n giri\u015finde b\u00fcy\u00fck bir su tank\u0131 bulunur ve yumurtalar do\u011frudan su tank\u0131na d\u00f6k\u00fclebilir. Suyun kald\u0131rma kuvveti sayesinde yumurtalar aras\u0131ndaki \u00e7arp\u0131\u015fma \u00f6nlenir. Yumurtalar konvey\u00f6r band\u0131na d\u00fc\u015fer ve konvey\u00f6r arac\u0131l\u0131\u011f\u0131yla ta\u015f\u0131n\u0131r. Temizlik ekipman\u0131n\u0131n f\u0131r\u00e7a temizleme b\u00f6l\u00fcm\u00fc, temizlendikten sonra hava ile kurutulur ve ard\u0131ndan optik muayene yap\u0131l\u0131r, bu da manuel muayene gerektirir.<\/figcaption><\/figure>    <p>Yumurta Temizleme Makinesi<\/p>    <h2 class=\"wp-block-heading\">Yumu\u015fak kabuklu yumurtalar kullanabilir mi? <\/h2>    <figure class=\"wp-block-image size-full\"><img loading=\"lazy\" decoding=\"async\" width=\"720\" height=\"540\" src=\"https:\/\/www.meatprocessingmachine.org\/wp-content\/uploads\/2022\/02\/egg-cleaning-machine-.png\" alt=\"Yumurta y\u0131kama f\u0131r\u00e7as\u0131 \" class=\"wp-image-32796\" title=\"\" srcset=\"https:\/\/www.meatprocessingmachine.org\/wp-content\/uploads\/2022\/02\/egg-cleaning-machine-.png 720w, https:\/\/www.meatprocessingmachine.org\/wp-content\/uploads\/2022\/02\/egg-cleaning-machine--300x225.png 300w\" sizes=\"auto, (max-width: 720px) 100vw, 720px\" \/><figcaption class=\"wp-element-caption\">Otomatik yumurta y\u0131kama makinesi, su tank\u0131, yumurta silindiri, temizlik f\u0131r\u00e7as\u0131 ve konvey\u00f6r band\u0131ndan olu\u015fur. Su tank\u0131n\u0131n malzemesi 304 paslanmaz \u00e7eliktir, bu da temizli\u011fi kolay, korozyona dayan\u0131kl\u0131 ve hijyeniktir. Makinenin f\u0131r\u00e7as\u0131, \u00f6zel tasarlanm\u0131\u015f a\u015f\u0131nmaya dayan\u0131kl\u0131 k\u0131vr\u0131ml\u0131 tel malzemeden yap\u0131lm\u0131\u015ft\u0131r. Bir\u00e7ok deneme sonucunda, yumurta y\u00fczeyine zarar vermeden belirli bir sertli\u011fe sahip olabilecek bir malzeme bulduk. Bu f\u0131r\u00e7a iyi bir temizlik kabiliyetine sahiptir. Konvey\u00f6r band\u0131 g\u0131da s\u0131n\u0131f\u0131 PVC malzemeden yap\u0131lm\u0131\u015ft\u0131r. Yumurta y\u0131kama makinesi genel olarak g\u00fcvenli ve g\u00fcvenilirdir. <\/figcaption><\/figure>    <p>Yumurta Y\u0131kama Makinesi F\u0131r\u00e7as\u0131<\/p>    <h2 class=\"wp-block-heading\">Yumurta Y\u0131kama Makinesi Videosu<\/h2>    <figure class=\"wp-block-image size-full\"><img loading=\"lazy\" decoding=\"async\" width=\"720\" height=\"540\" src=\"https:\/\/www.meatprocessingmachine.org\/wp-content\/uploads\/2022\/02\/egg-washing-machine-brush.png\" alt=\"yumurta y\u0131kama makinesi\" class=\"wp-image-32798\" title=\"\" srcset=\"https:\/\/www.meatprocessingmachine.org\/wp-content\/uploads\/2022\/02\/egg-washing-machine-brush.png 720w, https:\/\/www.meatprocessingmachine.org\/wp-content\/uploads\/2022\/02\/egg-washing-machine-brush-300x225.png 300w\" sizes=\"auto, (max-width: 720px) 100vw, 720px\" \/><figcaption class=\"wp-element-caption\">Yumu\u015fak kabuklu \u00f6rdek yumurtas\u0131 olu\u015fumunda bir\u00e7ok fakt\u00f6r vard\u0131r. Di\u015fi \u00f6rdek korkarsa, yemindeki kalsiyum, D3 ve di\u011fer elementlerin eksikli\u011fi b\u00fcy\u00fck alanlarda yumu\u015fak kabuklu yumurta olu\u015fumuna neden olabilir. Peki, bu yumu\u015fak kabuklu yumurta yumurta y\u0131kama makinesiyle y\u0131kanabilir mi? Genel olarak, yumu\u015fak kabuklu yumurtalar yumu\u015fakt\u0131r, ancak i\u00e7lerindeki kalsiyum ger\u00e7ekten de vard\u0131r ve biraz dayan\u0131kl\u0131l\u0131k g\u00f6sterir. Ancak, \u00f6rdek yumurta y\u0131kama makinesi kullan\u0131rken, k\u0131r\u0131lmay\u0131 \u00f6nlemek i\u00e7in g\u00fcc\u00fc azaltmak gerekir.<\/figcaption><\/figure>    <p>Yumu\u015fak kabuklu \u00f6rdek yumurtalar\u0131, kabuk \u00e7ok inceyse elle en iyi \u015fekilde temizlenir. \u00c7\u00fcnk\u00fc \u00f6rdek yumurtas\u0131 temizleme makinesi, yumurta y\u00fczeyinin sertli\u011fini kullanarak f\u0131r\u00e7a silindiriyle temizlik yapar; e\u011fer yumurta kabu\u011fu \u00e7ok yumu\u015faksa, sert k\u0131llar\u0131n f\u0131r\u00e7a silindiri taraf\u0131ndan delinme olas\u0131l\u0131\u011f\u0131 y\u00fcksektir.<\/p>    <p>Yumu\u015fak Kabuklu Yumurtalar<\/p>    <figure class=\"wp-block-image size-full\"><img loading=\"lazy\" decoding=\"async\" width=\"720\" height=\"540\" src=\"https:\/\/www.meatprocessingmachine.org\/wp-content\/uploads\/2022\/02\/soft-skin-eggs.png\" alt=\"soft-skin eggs\" class=\"wp-image-32801\" title=\"\" srcset=\"https:\/\/www.meatprocessingmachine.org\/wp-content\/uploads\/2022\/02\/soft-skin-eggs.png 720w, https:\/\/www.meatprocessingmachine.org\/wp-content\/uploads\/2022\/02\/soft-skin-eggs-300x225.png 300w\" sizes=\"auto, (max-width: 720px) 100vw, 720px\" \/><figcaption class=\"wp-element-caption\">Sevgi yay<\/figcaption><\/figure>","protected":false},"excerpt":{"rendered":"<p>Egg washing machine is a machine used to remove dirt and mud on the surface of eggs. Machine cleaning can achieve the standard of cleaning eggs. Egg washing machines can not only clean remember that, but also clean duck eggs, goose eggs, and other poultry eggs. The machine is mainly divided into two parts, egg washing and egg drying, and light inspection. We can also provide egg grading weighing equipment and coding machines. Egg cleaning equipment is suitable for farms, egg wholesale markets, and large supermarkets.<\/p>","protected":false},"author":1,"featured_media":32793,"parent":0,"template":"","product-type":[583],"class_list":["post-32791","product","type-product","status-publish","has-post-thumbnail","hentry","product-type-chicken-turkey"],"_links":{"self":[{"href":"https:\/\/www.meatprocessingmachine.org\/tr\/wp-json\/wp\/v2\/product\/32791","targetHints":{"allow":["GET"]}}],"collection":[{"href":"https:\/\/www.meatprocessingmachine.org\/tr\/wp-json\/wp\/v2\/product"}],"about":[{"href":"https:\/\/www.meatprocessingmachine.org\/tr\/wp-json\/wp\/v2\/types\/product"}],"author":[{"embeddable":true,"href":"https:\/\/www.meatprocessingmachine.org\/tr\/wp-json\/wp\/v2\/users\/1"}],"wp:featuredmedia":[{"embeddable":true,"href":"https:\/\/www.meatprocessingmachine.org\/tr\/wp-json\/wp\/v2\/media\/32793"}],"wp:attachment":[{"href":"https:\/\/www.meatprocessingmachine.org\/tr\/wp-json\/wp\/v2\/media?parent=32791"}],"wp:term":[{"taxonomy":"product-type","embeddable":true,"href":"https:\/\/www.meatprocessingmachine.org\/tr\/wp-json\/wp\/v2\/product-type?post=32791"}],"curies":[{"name":"wp","href":"https:\/\/api.w.org\/{rel}","templated":true}]}}