{"id":33820,"date":"2022-07-05T09:26:10","date_gmt":"2022-07-05T01:26:10","guid":{"rendered":"https:\/\/www.meatprocessingmachine.org\/?p=33820"},"modified":"2026-02-12T16:48:50","modified_gmt":"2026-02-12T08:48:50","slug":"burger-meat-patty-making-machine-meatloaf-forming-machine","status":"publish","type":"product","link":"https:\/\/www.meatprocessingmachine.org\/tr\/burger-meat-patty-making-machine-meatloaf-forming-machine.html","title":{"rendered":"Burger K\u00f6fte Yapma Makinesi | K\u00f6fte \u015eekillendirme Makinesi"},"content":{"rendered":"<div class=\"kk-star-ratings kksr-auto kksr-align-right kksr-valign-top\"     data-payload='{&quot;align&quot;:&quot;right&quot;,&quot;id&quot;:&quot;33820&quot;,&quot;slug&quot;:&quot;default&quot;,&quot;valign&quot;:&quot;top&quot;,&quot;ignore&quot;:&quot;&quot;,&quot;reference&quot;:&quot;auto&quot;,&quot;class&quot;:&quot;&quot;,&quot;count&quot;:&quot;0&quot;,&quot;legendonly&quot;:&quot;&quot;,&quot;readonly&quot;:&quot;&quot;,&quot;score&quot;:&quot;0&quot;,&quot;starsonly&quot;:&quot;&quot;,&quot;best&quot;:&quot;5&quot;,&quot;gap&quot;:&quot;5&quot;,&quot;greet&quot;:&quot;Rate this product&quot;,&quot;legend&quot;:&quot;0\\\/5 - (0 votes)&quot;,&quot;size&quot;:&quot;24&quot;,&quot;title&quot;:&quot;Burger meat patty-making machine | meatloaf forming machine&quot;,&quot;width&quot;:&quot;0&quot;,&quot;_legend&quot;:&quot;{score}\\\/{best} - ({count} {votes})&quot;,&quot;font_factor&quot;:&quot;1.25&quot;}'>              <div class=\"kksr-stars\">      <div class=\"kksr-stars-inactive\">             <div class=\"kksr-star\" data-star=\"1\" style=\"padding-right: 5px\">               <div class=\"kksr-icon\" style=\"width: 24px; height: 24px;\"><\/div>         <\/div>             <div class=\"kksr-star\" data-star=\"2\" style=\"padding-right: 5px\">               <div class=\"kksr-icon\" style=\"width: 24px; height: 24px;\"><\/div>         <\/div>             <div class=\"kksr-star\" data-star=\"3\" style=\"padding-right: 5px\">               <div class=\"kksr-icon\" style=\"width: 24px; height: 24px;\"><\/div>         <\/div>             <div class=\"kksr-star\" data-star=\"4\" style=\"padding-right: 5px\">               <div class=\"kksr-icon\" style=\"width: 24px; height: 24px;\"><\/div>         <\/div>             <div class=\"kksr-star\" data-star=\"5\" style=\"padding-right: 5px\">               <div class=\"kksr-icon\" style=\"width: 24px; height: 24px;\"><\/div>         <\/div>     <\/div>      <div class=\"kksr-stars-active\" style=\"width: 0px;\">             <div class=\"kksr-star\" style=\"padding-right: 5px\">               <div class=\"kksr-icon\" style=\"width: 24px; height: 24px;\"><\/div>         <\/div>             <div class=\"kksr-star\" style=\"padding-right: 5px\">               <div class=\"kksr-icon\" style=\"width: 24px; height: 24px;\"><\/div>         <\/div>             <div class=\"kksr-star\" style=\"padding-right: 5px\">               <div class=\"kksr-icon\" style=\"width: 24px; height: 24px;\"><\/div>         <\/div>             <div class=\"kksr-star\" style=\"padding-right: 5px\">               <div class=\"kksr-icon\" style=\"width: 24px; height: 24px;\"><\/div>         <\/div>             <div class=\"kksr-star\" style=\"padding-right: 5px\">               <div class=\"kksr-icon\" style=\"width: 24px; height: 24px;\"><\/div>         <\/div>     <\/div> <\/div>                   <div class=\"kksr-legend\" style=\"font-size: 19.2px;\">             <span class=\"kksr-muted\">Bu \u00fcr\u00fcn\u00fc de\u011ferlendirin<\/span>     <\/div>     <\/div>  <p>Otomatik burger eti k\u00f6ftesi yapma makinesi, hamburger k\u00f6ftesi \u015fekillendirme makinesidir. K\u00f6fteleri h\u0131zl\u0131ca \u015fekillendirebilir ve \u015fekli \u00f6zelle\u015ftirilebilir. \u00d6rne\u011fin, y\u0131ld\u0131z \u015feklinde ve tavuk butu \u015feklinde k\u00f6fteler i\u015fleyebilir. Bu, makine kal\u0131b\u0131n\u0131 de\u011fi\u015ftirerek ger\u00e7ekle\u015ftirilebilir. Hamburg k\u00f6fte \u015fekillendirme makinesi, dana k\u00f6fteleri, tavuk k\u00f6fteleri, bal\u0131k k\u00f6fteleri, karides k\u00f6fteleri, patates ve kabak k\u00f6fteleri ve di\u011fer malzemeleri i\u015fleyebilir, et i\u015fleme, restoranlar, kantinler, burger d\u00fckkanlar\u0131 ve di\u011fer yerler i\u00e7in uygundur. <\/p>    <figure class=\"wp-block-gallery has-nested-images columns-default is-cropped wp-block-gallery-2 is-layout-flex wp-block-gallery-is-layout-flex\"> <figure class=\"wp-block-image size-large\"><img loading=\"lazy\" decoding=\"async\" width=\"720\" height=\"540\" data-id=\"33833\" src=\"https:\/\/www.meatprocessingmachine.org\/wp-content\/uploads\/2022\/07\/SPB51005-raw-stacked-burgers-1.png\" alt=\"\" class=\"wp-image-33833\" title=\"\"><figcaption><\/figcaption><\/figure>    <figure class=\"wp-block-image size-large\"><img loading=\"lazy\" decoding=\"async\" width=\"720\" height=\"540\" data-id=\"33834\" src=\"https:\/\/www.meatprocessingmachine.org\/wp-content\/uploads\/2022\/07\/\u56fe\u72478.png\" alt=\"\" class=\"wp-image-33834\" title=\"\"><figcaption><\/figcaption><\/figure>    <figure class=\"wp-block-image size-large\"><img loading=\"lazy\" decoding=\"async\" width=\"720\" height=\"540\" data-id=\"33835\" src=\"https:\/\/www.meatprocessingmachine.org\/wp-content\/uploads\/2022\/07\/OIP.png\" alt=\"\" class=\"wp-image-33835\" title=\"\"><figcaption><\/figcaption><\/figure>    <figure class=\"wp-block-image size-large\"><img loading=\"lazy\" decoding=\"async\" width=\"720\" height=\"540\" data-id=\"33836\" src=\"https:\/\/www.meatprocessingmachine.org\/wp-content\/uploads\/2022\/07\/O1CN01l84kae1SohFGTSCiS_845992294.jpg_400x400-\u526f\u672c.png\" alt=\"\" class=\"wp-image-33836\" title=\"\"><figcaption><\/figcaption><\/figure>    <figure class=\"wp-block-image size-large\"><img loading=\"lazy\" decoding=\"async\" width=\"720\" height=\"540\" data-id=\"33837\" src=\"https:\/\/www.meatprocessingmachine.org\/wp-content\/uploads\/2022\/07\/\u56fe\u72471.png\" alt=\"\" class=\"wp-image-33837\" title=\"\"><figcaption><\/figcaption><\/figure>    <figure class=\"wp-block-image size-large\"><img loading=\"lazy\" decoding=\"async\" width=\"720\" height=\"540\" data-id=\"33838\" src=\"https:\/\/www.meatprocessingmachine.org\/wp-content\/uploads\/2022\/07\/u2057661609210569391fm199app68fPNG.png\" alt=\"\" class=\"wp-image-33838\" title=\"\"><figcaption><\/figcaption><\/figure> <\/figure>    <h2 class=\"wp-block-heading\" id=\"h-ingredients-for-burger-meat-patty-making-machine\">Burger eti k\u00f6ftesi yapma makinesi malzemeleri<\/h2>   <div class=\"wp-block-image\"> <figure class=\"aligncenter size-full is-resized\"><img decoding=\"async\" src=\"https:\/\/www.meatprocessingmachine.org\/wp-content\/uploads\/2022\/07\/058fc544f0069cfd5496d497c978d99.jpg\" alt=\"dana k\u00f6ftesi pres makinesi\" class=\"wp-image-33824\" width=\"720\" title=\"\"><figcaption class=\"wp-element-caption\">Burger Meat Patty-Making Machine<\/figcaption><\/figure> <\/div>   <p>Ham maddeler, \u00e7e\u015fitli et t\u00fcrleri, tavuk, dana, kuzu ve domuz dahil; deniz \u00fcr\u00fcnleri, bal\u0131k, karides, kalamar ve somon; ayr\u0131ca patates, tatl\u0131 patates, kabak, havu\u00e7, ye\u015fil fasulye, k\u0131rm\u0131z\u0131 fasulye, bakla, soya fasulyesi gibi sebze kekleri de i\u015flenebilir, beslenme dengesini sa\u011flamak i\u00e7in et, bal\u0131k ve sebzelerle kar\u0131\u015ft\u0131r\u0131labilir. \u0130\u015flenmi\u015f k\u00f6fteler, hamburgerlere konabilir.<\/p>    <h2 class=\"wp-block-heading\">Bir burger eti k\u00f6ftesi yapma makinesi nas\u0131l kullan\u0131l\u0131r?<\/h2>   <div class=\"wp-block-image\"> <figure class=\"aligncenter size-full\"><img loading=\"lazy\" decoding=\"async\" width=\"720\" height=\"540\" src=\"https:\/\/www.meatprocessingmachine.org\/wp-content\/uploads\/2022\/07\/u19631668031616309069fm199app68fPNG.png\" alt=\"dana k\u00f6ftesi pres makinesi\" class=\"wp-image-33825\" title=\"\"><figcaption class=\"wp-element-caption\">dana k\u00f6ftesi pres makinesi<\/figcaption><\/figure> <\/div>   <p>Burger eti k\u00f6ftesi yapma makinesi \u00e7al\u0131\u015fmadan \u00f6nce, ilk olarak, gerekli k\u00f6fte tambur kal\u0131b\u0131n\u0131 tak\u0131n, sonra malzeme varilinin kapa\u011f\u0131n\u0131 a\u00e7\u0131n, malzeme varilinde et presleme k\u00fcrek\u00e7isini tak\u0131n ve haz\u0131rlanan et doldurma malzemesini malzeme variline ekleyin, son olarak \u015fekillendirme makinesini ba\u015flat\u0131n. \u015eekillendirme makinesi \u00e7al\u0131\u015fmaya ba\u015flad\u0131ktan sonra, malzeme varilindeki et presleme b\u0131\u00e7a\u011f\u0131 onunla birlikte d\u00f6ner ve s\u00fcrekli olarak eti kal\u0131p kal\u0131b\u0131na bast\u0131r\u0131r. Daha sonra kal\u0131p, \u00e7elik tel ile konvey\u00f6r band\u0131nda kesilir ve \u015fekillendirme ve \u00e7\u0131kt\u0131 d\u00f6ng\u00fcs\u00fc tamamlan\u0131r.<\/p>    <h2 class=\"wp-block-heading\">Hamburg k\u00f6fte \u015fekillendirme makinesi \u00fcretim ekipman\u0131<\/h2>   <div class=\"wp-block-image\"> <figure class=\"aligncenter size-full\"><img loading=\"lazy\" decoding=\"async\" width=\"720\" height=\"540\" src=\"https:\/\/www.meatprocessingmachine.org\/wp-content\/uploads\/2022\/07\/u15355109621088436437fm199app68fJPEG.png\" alt=\"burger eti k\u00f6ftesi yapma makinesi\" class=\"wp-image-33826\" title=\"\"><figcaption class=\"wp-element-caption\">burger eti k\u00f6ftesi yap\u0131c\u0131 <\/figcaption><\/figure> <\/div>   <p class=\"translation-block\">Otomatik hamburger k\u00f6ftesi \u015fekillendirme makinesi, k\u0131yma etini tasarlanan \u015fekil ve a\u011f\u0131rl\u0131\u011fa d\u00f6n\u00fc\u015ft\u00fcr\u00fcr, \u00fc\u00e7gen, dikd\u00f6rtgen, daire, kalp ve \u00f6zel \u015fekillerde \u00fcr\u00fcnler i\u015flenebilir ve otomatik olarak doldurma, \u015fekillendirme ve \u00e7\u0131kt\u0131 i\u015flemlerini tamamlar. Bir <a href=\"https:\/\/www.meatprocessingmachine.org\/tr\/chicken-bone-grinder-best-meat-grinder-for-grinding-bones.html\/\">et de\u011firmeni <\/a>\u015fekillendirme makinesinin \u00f6n\u00fcne yerle\u015ftirilebilir, eti k\u0131ymak i\u00e7in, ard\u0131ndan <a href=\"https:\/\/www.meatprocessingmachine.org\/tr\/good-quality-meat-food-stuffing-mixer.html\/\">et kar\u0131\u015ft\u0131r\u0131c\u0131<\/a> i\u00e7ine konabilir, baharatlar ve di\u011fer sebzeler eklenebilir ve makine otomatik kar\u0131\u015ft\u0131rma yapabilir. K\u0131zart\u0131labilir veya h\u0131zl\u0131 dondurucuya konabilir ve i\u015flem tamamland\u0131ktan sonra vakumlanabilir, ve <a href=\"https:\/\/www.meatprocessingmachine.org\/tr\/single-chamber-vacuum-packaging-machine.html\/\">vakum paketleme <\/a>g\u0131da raf \u00f6mr\u00fcn\u00fc uzatmak i\u00e7in kullan\u0131labilir. Bu \u015fekilde, makineler kullan\u0131larak \u00fcretim h\u0131z\u0131 art\u0131r\u0131labilir.<\/p>    <h2 class=\"wp-block-heading\">Neden dana k\u00f6ftesi pres makinesi farkl\u0131 \u015fekillerde k\u00f6fteler \u00fcretebilir?<\/h2>    <figure class=\"wp-block-gallery has-nested-images columns-2 is-cropped wp-block-gallery-3 is-layout-flex wp-block-gallery-is-layout-flex\"> <figure class=\"wp-block-image size-large\"><img loading=\"lazy\" decoding=\"async\" width=\"720\" height=\"540\" data-id=\"33827\" src=\"https:\/\/www.meatprocessingmachine.org\/wp-content\/uploads\/2022\/07\/422919056768911247.png\" alt=\"meatloaf forming machine mold\" class=\"wp-image-33827\" title=\"\"><figcaption class=\"wp-element-caption\">K\u00f6fte \u015fekillendirme makinesi kal\u0131b\u0131<\/figcaption><\/figure>    <figure class=\"wp-block-image size-large\"><img loading=\"lazy\" decoding=\"async\" width=\"720\" height=\"540\" data-id=\"33828\" src=\"https:\/\/www.meatprocessingmachine.org\/wp-content\/uploads\/2022\/07\/542820201130200308.png\" alt=\"meatloaf forming machine mold\" class=\"wp-image-33828\" title=\"\"><figcaption class=\"wp-element-caption\">K\u00f6fte \u015fekillendirme makinesi kal\u0131b\u0131<\/figcaption><\/figure>    <figure class=\"wp-block-image size-large\"><img loading=\"lazy\" decoding=\"async\" width=\"720\" height=\"540\" data-id=\"33829\" src=\"https:\/\/www.meatprocessingmachine.org\/wp-content\/uploads\/2022\/07\/\u5fae\u4fe1\u622a\u56fe_20220704102149.png\" alt=\"heart shape meat patty\" class=\"wp-image-33829\" title=\"\"><figcaption class=\"wp-element-caption\">Kalp \u015eekli Et K\u00f6ftesi<\/figcaption><\/figure>    <figure class=\"wp-block-image size-large\"><img loading=\"lazy\" decoding=\"async\" width=\"720\" height=\"540\" data-id=\"33830\" src=\"https:\/\/www.meatprocessingmachine.org\/wp-content\/uploads\/2022\/07\/0.147.png\" alt=\"round meat patty\" class=\"wp-image-33830\" title=\"\"><figcaption class=\"wp-element-caption\">Yuvarlak Et K\u00f6ftesi<\/figcaption><\/figure> <\/figure>    <p>Burger eti k\u00f6ftesi yapma makineleri yuvarlak, \u00fc\u00e7gen, kare, kalp ve y\u0131ld\u0131z \u015feklinde k\u00f6fteler \u00fcretebilir. Neden tek bir makine bu kadar farkl\u0131 \u015fekillerde k\u00f6fte yapabilir? Sebebi, makinenin kal\u0131plar\u0131n\u0131n farkl\u0131 kal\u0131plar de\u011fi\u015ftirerek de\u011fi\u015ftirilebilir olmas\u0131d\u0131r ve k\u00f6fte \u015fekillendirme makinesi farkl\u0131 \u015fekillerde k\u00f6fteler yapabilir.<\/p>    <h2 class=\"wp-block-heading\">K\u00f6fte \u015fekillendirme makinesinin parametreleri<\/h2>    <p>Boyut: 850*600*1400mm<\/p>    <p>A\u011f\u0131rl\u0131k: 100kg<\/p>    <p>Gerilim: 380V 50hz \u00fc\u00e7 fazl\u0131 elektrik 220V gerilim de\u011fi\u015ftirilebilir, \u00fc\u00e7 fazl\u0131 gereklidir;<\/p>    <p>G\u00fc\u00e7: 0.55kw<\/p>    <h2 class=\"wp-block-heading\">K\u00f6fte \u015fekillendirme makinesinin avantaj\u0131<\/h2>   <div class=\"wp-block-image\"> <figure class=\"aligncenter size-full\"><img loading=\"lazy\" decoding=\"async\" width=\"720\" height=\"540\" src=\"https:\/\/www.meatprocessingmachine.org\/wp-content\/uploads\/2022\/07\/\u5fae\u4fe1\u622a\u56fe_20220704102242.png\" alt=\"burger eti k\u00f6ftesi i\u015fleme makinesi\" class=\"wp-image-33832\" title=\"\"><figcaption class=\"wp-element-caption\">burger eti k\u00f6ftesi i\u015fleme makinesi<\/figcaption><\/figure> <\/div>   <p>1. Hamburger eti k\u00f6ftesi makinesi bir plc kontrolc\u00fc kullan\u0131r, ilgili fonksiyonlar\u0131 kendiniz atayabilirsiniz<\/p>    <p>2. Paslanmaz \u00e7elik g\u00f6vde, paslanmaya kar\u015f\u0131 dayan\u0131kl\u0131, uzun s\u00fcre kullan\u0131labilir<\/p>    <p>3. Dana k\u00f6ftesi pres makinesi y\u00fcksek verimlidir, sabit h\u0131zda \u00e7al\u0131\u015f\u0131r ve et k\u00f6ftelerinin \u015fekli ve boyutu tutarl\u0131d\u0131r.<\/p>    <p>4. \u00d6zelle\u015ftirilmi\u015f k\u00f6fte kal\u0131b\u0131, \u00e7e\u015fitli \u015fekillerde \u00fcretebilir, g\u00fczel ve yarat\u0131c\u0131<\/p>   <div class=\"wp-block-image\"> <figure class=\"aligncenter size-full\"><img loading=\"lazy\" decoding=\"async\" width=\"720\" height=\"540\" src=\"https:\/\/www.meatprocessingmachine.org\/wp-content\/uploads\/2022\/07\/\u5fae\u4fe1\u622a\u56fe_20220704102020.png\" alt=\"burger eti k\u00f6ftesi i\u015fleme makinesi\" class=\"wp-image-33839\" title=\"\"><figcaption class=\"wp-element-caption\">burger eti k\u00f6ftesi i\u015fleme makinesi<\/figcaption><\/figure> <\/div>   <h2 class=\"wp-block-heading\">Burger eti k\u00f6ftesi yapma makinesi videosu<\/h2>    <figure class=\"wp-block-embed aligncenter is-type-video is-provider-youtube wp-block-embed-youtube\"><div class=\"wp-block-embed__wrapper\"> <iframe loading=\"lazy\" title=\"2022 yeni hamburger eti k\u00f6ftesi yapma makinesi | otomatik burger \u015fekillendirme makinesi | et i\u015fleme\" width=\"500\" height=\"281\" src=\"https:\/\/www.youtube.com\/embed\/4TSWc6f6DOY?feature=oembed\" frameborder=\"0\" allow=\"accelerometer; autoplay; clipboard-write; encrypted-media; gyroscope; picture-in-picture; web-share\" referrerpolicy=\"strict-origin-when-cross-origin\" allowfullscreen><\/iframe> <\/div><\/figure>","protected":false},"excerpt":{"rendered":"<p>Otomatik burger eti k\u00f6ftesi yapma makinesi, hamburger k\u00f6ftesi \u015fekillendirme makinesidir. K\u00f6fteleri h\u0131zl\u0131ca \u015fekillendirebilir ve \u015fekli \u00f6zelle\u015ftirilebilir. \u00d6rne\u011fin, y\u0131ld\u0131z \u015feklinde ve tavuk butu \u015feklinde k\u00f6fteler i\u015fleyebilir. Bu, makine kal\u0131b\u0131n\u0131 de\u011fi\u015ftirerek ger\u00e7ekle\u015ftirilebilir. Hamburg k\u00f6fte \u015fekillendirme makinesi, dana k\u00f6fteleri, tavuk k\u00f6fteleri, bal\u0131k k\u00f6fteleri, karides k\u00f6fteleri, patates ve kabak k\u00f6fteleri ve di\u011fer malzemeleri i\u015fleyebilir, et i\u015fleme, restoranlar, kantinler, burger d\u00fckkanlar\u0131 ve di\u011fer yerler i\u00e7in uygundur. <\/p>","protected":false},"author":1,"featured_media":34114,"parent":0,"template":"","product-type":[582,583,584],"class_list":["post-33820","product","type-product","status-publish","has-post-thumbnail","hentry","product-type-cattle-sheep","product-type-chicken-turkey","product-type-fish"],"_links":{"self":[{"href":"https:\/\/www.meatprocessingmachine.org\/tr\/wp-json\/wp\/v2\/product\/33820","targetHints":{"allow":["GET"]}}],"collection":[{"href":"https:\/\/www.meatprocessingmachine.org\/tr\/wp-json\/wp\/v2\/product"}],"about":[{"href":"https:\/\/www.meatprocessingmachine.org\/tr\/wp-json\/wp\/v2\/types\/product"}],"author":[{"embeddable":true,"href":"https:\/\/www.meatprocessingmachine.org\/tr\/wp-json\/wp\/v2\/users\/1"}],"wp:featuredmedia":[{"embeddable":true,"href":"https:\/\/www.meatprocessingmachine.org\/tr\/wp-json\/wp\/v2\/media\/34114"}],"wp:attachment":[{"href":"https:\/\/www.meatprocessingmachine.org\/tr\/wp-json\/wp\/v2\/media?parent=33820"}],"wp:term":[{"taxonomy":"product-type","embeddable":true,"href":"https:\/\/www.meatprocessingmachine.org\/tr\/wp-json\/wp\/v2\/product-type?post=33820"}],"curies":[{"name":"wp","href":"https:\/\/api.w.org\/{rel}","templated":true}]}}