{"id":34646,"date":"2026-02-13T16:04:51","date_gmt":"2026-02-13T08:04:51","guid":{"rendered":"https:\/\/www.meatprocessingmachine.org\/?post_type=product&#038;p=34646"},"modified":"2026-02-27T10:50:04","modified_gmt":"2026-02-27T02:50:04","slug":"meat-slicing-machine","status":"publish","type":"product","link":"https:\/\/www.meatprocessingmachine.org\/tr\/meat-slicing-machine.html","title":{"rendered":"Et Dilimleme Makinesi | Taze Et Dilimleyici"},"content":{"rendered":"<div class=\"kk-star-ratings kksr-auto kksr-align-right kksr-valign-top\"     data-payload='{&quot;align&quot;:&quot;right&quot;,&quot;id&quot;:&quot;34646&quot;,&quot;slug&quot;:&quot;default&quot;,&quot;valign&quot;:&quot;top&quot;,&quot;ignore&quot;:&quot;&quot;,&quot;reference&quot;:&quot;auto&quot;,&quot;class&quot;:&quot;&quot;,&quot;count&quot;:&quot;0&quot;,&quot;legendonly&quot;:&quot;&quot;,&quot;readonly&quot;:&quot;&quot;,&quot;score&quot;:&quot;0&quot;,&quot;starsonly&quot;:&quot;&quot;,&quot;best&quot;:&quot;5&quot;,&quot;gap&quot;:&quot;5&quot;,&quot;greet&quot;:&quot;Rate this product&quot;,&quot;legend&quot;:&quot;0\\\/5 - (0 votes)&quot;,&quot;size&quot;:&quot;24&quot;,&quot;title&quot;:&quot;Meat Slicing Machine | Fresh Meat Slicer&quot;,&quot;width&quot;:&quot;0&quot;,&quot;_legend&quot;:&quot;{score}\\\/{best} - ({count} {votes})&quot;,&quot;font_factor&quot;:&quot;1.25&quot;}'>              <div class=\"kksr-stars\">      <div class=\"kksr-stars-inactive\">             <div class=\"kksr-star\" data-star=\"1\" style=\"padding-right: 5px\">               <div class=\"kksr-icon\" style=\"width: 24px; height: 24px;\"><\/div>         <\/div>             <div class=\"kksr-star\" data-star=\"2\" style=\"padding-right: 5px\">               <div class=\"kksr-icon\" style=\"width: 24px; height: 24px;\"><\/div>         <\/div>             <div class=\"kksr-star\" data-star=\"3\" style=\"padding-right: 5px\">               <div class=\"kksr-icon\" style=\"width: 24px; height: 24px;\"><\/div>         <\/div>             <div class=\"kksr-star\" data-star=\"4\" style=\"padding-right: 5px\">               <div class=\"kksr-icon\" style=\"width: 24px; height: 24px;\"><\/div>         <\/div>             <div class=\"kksr-star\" data-star=\"5\" style=\"padding-right: 5px\">               <div class=\"kksr-icon\" style=\"width: 24px; height: 24px;\"><\/div>         <\/div>     <\/div>      <div class=\"kksr-stars-active\" style=\"width: 0px;\">             <div class=\"kksr-star\" style=\"padding-right: 5px\">               <div class=\"kksr-icon\" style=\"width: 24px; height: 24px;\"><\/div>         <\/div>             <div class=\"kksr-star\" style=\"padding-right: 5px\">               <div class=\"kksr-icon\" style=\"width: 24px; height: 24px;\"><\/div>         <\/div>             <div class=\"kksr-star\" style=\"padding-right: 5px\">               <div class=\"kksr-icon\" style=\"width: 24px; height: 24px;\"><\/div>         <\/div>             <div class=\"kksr-star\" style=\"padding-right: 5px\">               <div class=\"kksr-icon\" style=\"width: 24px; height: 24px;\"><\/div>         <\/div>             <div class=\"kksr-star\" style=\"padding-right: 5px\">               <div class=\"kksr-icon\" style=\"width: 24px; height: 24px;\"><\/div>         <\/div>     <\/div> <\/div>                   <div class=\"kksr-legend\" style=\"font-size: 19.2px;\">             <span class=\"kksr-muted\">Bu \u00fcr\u00fcn\u00fc de\u011ferlendirin<\/span>     <\/div>     <\/div>  <p class=\"translation-block\">Taizy <strong><mark class=\"has-inline-color has-luminous-vivid-amber-color\">et dilimleme makinesi<\/mark><\/strong>, et i\u015fleme i\u00e7in tasarlanm\u0131\u015f otomatik bir cihazd\u0131r. Taze eti h\u0131zl\u0131ca uniform ince dilimlere, kal\u0131n dilimlere veya \u015feritler halinde keser, hem ticari \u00f6l\u00e7ekli \u00fcretim hem de k\u00fc\u00e7\u00fck-orta \u00f6l\u00e7ekli i\u015fleme i\u00e7in uygundur. Bu otomatik et dilimleme makinesi, hassasiyet ve verimlilik arayan i\u015fletmeler i\u00e7in idealdir.<\/p>   <div class=\"wp-block-image\"> <figure class=\"aligncenter size-full\"><img loading=\"lazy\" decoding=\"async\" width=\"720\" height=\"540\" src=\"https:\/\/www.meatprocessingmachine.org\/wp-content\/uploads\/2026\/02\/Meat-Slicing-Machine.webp\" alt=\"Et Dilimleme Makinesi\" class=\"wp-image-34650\" title=\"\" srcset=\"https:\/\/www.meatprocessingmachine.org\/wp-content\/uploads\/2026\/02\/Meat-Slicing-Machine.webp 720w, https:\/\/www.meatprocessingmachine.org\/wp-content\/uploads\/2026\/02\/Meat-Slicing-Machine-300x225.webp 300w, https:\/\/www.meatprocessingmachine.org\/wp-content\/uploads\/2026\/02\/Meat-Slicing-Machine-16x12.webp 16w\" sizes=\"auto, (max-width: 720px) 100vw, 720px\" \/><figcaption class=\"wp-element-caption\">Et Dilimleme Makinesi<\/figcaption><\/figure> <\/div>   <p class=\"translation-block\">\u0130ki model, SYFT-340 ve SYFT-500, ayarlanabilir kesim kal\u0131nl\u0131\u011f\u0131 ile <strong><mark class=\"has-inline-color has-luminous-vivid-amber-color\">5 ile 100\u202fmm<\/mark><\/strong> aras\u0131nda de\u011fi\u015fir. \u00c7\u0131k\u0131\u015f, <strong><mark class=\"has-inline-color has-luminous-vivid-amber-color\">400\u2013500\u202fkg\/h<\/mark><\/strong> (SYFT-340) ve <strong><mark class=\"has-inline-color has-luminous-vivid-amber-color\">600\u2013800\u202fkg\/h<\/mark><\/strong> (SYFT-500) seviyesindedir, farkl\u0131 \u00fcretim ihtiya\u00e7lar\u0131n\u0131 kar\u015f\u0131lar. <\/p>    <figure class=\"wp-block-gallery has-nested-images columns-default is-cropped wp-block-gallery-2 is-layout-flex wp-block-gallery-is-layout-flex\"> <figure class=\"wp-block-image size-large\"><img loading=\"lazy\" decoding=\"async\" width=\"720\" height=\"540\" data-id=\"34651\" src=\"https:\/\/www.meatprocessingmachine.org\/wp-content\/uploads\/2026\/02\/Fresh-Meat.webp\" alt=\"Taze Et\" class=\"wp-image-34651\" title=\"\" srcset=\"https:\/\/www.meatprocessingmachine.org\/wp-content\/uploads\/2026\/02\/Fresh-Meat.webp 720w, https:\/\/www.meatprocessingmachine.org\/wp-content\/uploads\/2026\/02\/Fresh-Meat-300x225.webp 300w, https:\/\/www.meatprocessingmachine.org\/wp-content\/uploads\/2026\/02\/Fresh-Meat-16x12.webp 16w\" sizes=\"auto, (max-width: 720px) 100vw, 720px\" \/><figcaption class=\"wp-element-caption\">Taze Et<\/figcaption><\/figure>    <figure class=\"wp-block-image size-large\"><img loading=\"lazy\" decoding=\"async\" width=\"720\" height=\"540\" data-id=\"34652\" src=\"https:\/\/www.meatprocessingmachine.org\/wp-content\/uploads\/2026\/02\/Meat-Slice.webp\" alt=\"Et Dilimi\" class=\"wp-image-34652\" title=\"\" srcset=\"https:\/\/www.meatprocessingmachine.org\/wp-content\/uploads\/2026\/02\/Meat-Slice.webp 720w, https:\/\/www.meatprocessingmachine.org\/wp-content\/uploads\/2026\/02\/Meat-Slice-300x225.webp 300w, https:\/\/www.meatprocessingmachine.org\/wp-content\/uploads\/2026\/02\/Meat-Slice-16x12.webp 16w\" sizes=\"auto, (max-width: 720px) 100vw, 720px\" \/><figcaption class=\"wp-element-caption\">Et Dilimi<\/figcaption><\/figure> <\/figure>    <p>Makinenin \u00f6zellikleri aras\u0131nda hassas kesim, y\u00fcksek verim, stabil \u00e7al\u0131\u015fma, ayarlanabilir kal\u0131nl\u0131k ve \u00f6zelle\u015ftirilebilir besleme boyutu bulunur. Kullan\u0131m\u0131 ve bak\u0131m\u0131 kolayd\u0131r, bu da onu et i\u015fleme verimlili\u011fini ve standardizasyonunu art\u0131ran ideal bir ticari et dilimleyici yapar.<\/p>    <figure class=\"wp-block-embed is-type-video is-provider-youtube wp-block-embed-youtube wp-embed-aspect-16-9 wp-has-aspect-ratio\"><div class=\"wp-block-embed__wrapper\"> <iframe loading=\"lazy\" title=\"End\u00fcstriyel Et Dilimleme Makinesi | 400\u2013800kg\/h Y\u00fcksek \u00c7\u0131k\u0131\u015fl\u0131 Kesim\" width=\"500\" height=\"281\" src=\"https:\/\/www.youtube.com\/embed\/clWkEdqFP-I?feature=oembed\" frameborder=\"0\" allow=\"accelerometer; autoplay; clipboard-write; encrypted-media; gyroscope; picture-in-picture; web-share\" referrerpolicy=\"strict-origin-when-cross-origin\" allowfullscreen><\/iframe> <\/div><\/figure>    <h2 class=\"wp-block-heading\">Et Dilimleme Makinesinin Fonksiyonlar\u0131<\/h2>    <div class=\"wp-block-columns is-layout-flex wp-container-core-columns-is-layout-9d6595d7 wp-block-columns-is-layout-flex\"> <div class=\"wp-block-column is-layout-flow wp-block-column-is-layout-flow\"> <p class=\"has-text-align-center translation-block\"><strong><mark class=\"has-inline-color has-luminous-vivid-amber-color\">Hassas Kesim<\/mark><\/strong><\/p>    <p>Y\u00fcksek kaliteli b\u0131\u00e7aklar ve stabil besleme sistemi ile donat\u0131lm\u0131\u015ft\u0131r, d\u00fczg\u00fcn kesim yapar, p\u00fcr\u00fczs\u00fcz kenarlar veya yap\u0131\u015fma olmaz, standartla\u015ft\u0131r\u0131lm\u0131\u015f i\u015fleme i\u00e7in uniform dilimler sa\u011flar. Bu et i\u015fleme makinesi, tutarl\u0131 \u00fcr\u00fcn kalitesi sa\u011flar.<\/p> <\/div>    <div class=\"wp-block-column is-layout-flow wp-block-column-is-layout-flow\"> <p class=\"has-text-align-center translation-block\"><strong><mark class=\"has-inline-color has-luminous-vivid-amber-color\">Ayarlanabilir Kal\u0131nl\u0131k<\/mark><\/strong><\/p>    <p>Kesim kal\u0131nl\u0131\u011f\u0131 5 ile 100\u202fmm aras\u0131nda de\u011fi\u015fir. Farkl\u0131 kal\u0131nl\u0131klar ve \u015fekiller, \u00e7e\u015fitli \u00fcretim ihtiya\u00e7lar\u0131na uygun olarak se\u00e7ilebilir.<\/p> <\/div> <\/div>    <div class=\"wp-block-columns is-layout-flex wp-container-core-columns-is-layout-9d6595d7 wp-block-columns-is-layout-flex\"> <div class=\"wp-block-column is-layout-flow wp-block-column-is-layout-flow\"> <p class=\"has-text-align-center translation-block\"><strong><mark class=\"has-inline-color has-luminous-vivid-amber-color\">Y\u00fcksek Verimlilik<\/mark><\/strong><\/p>    <p>S\u00fcrekli \u00e7al\u0131\u015fmay\u0131 destekler. SYFT-340 saatte 400\u2013500\u202fkg, SYFT-500 ise 600\u2013800\u202fkg \u00fcretir, verimlili\u011fi b\u00fcy\u00fck \u00f6l\u00e7\u00fcde art\u0131r\u0131r ve i\u015fg\u00fcc\u00fc maliyetlerini d\u00fc\u015f\u00fcr\u00fcr. Y\u00fcksek verimlilik arayan i\u015fletmeler i\u00e7in idealdir.<\/p> <\/div>    <div class=\"wp-block-column is-layout-flow wp-block-column-is-layout-flow\"> <p class=\"has-text-align-center translation-block\"><strong><mark class=\"has-inline-color has-luminous-vivid-amber-color\">G\u00fcvenli ve Pratik<\/mark><\/strong><\/p>    <p>Tam g\u00fcvenlik korumalar\u0131 ve sezgisel kontrol paneli ile gelir. G\u0131da s\u0131n\u0131f\u0131 304 paslanmaz \u00e7elikten yap\u0131lm\u0131\u015ft\u0131r ve \u00e7\u0131kar\u0131labilir tasar\u0131m\u0131 sayesinde kolayca temizlenir ve bak\u0131m yap\u0131l\u0131r.<\/p> <\/div> <\/div>    <div class=\"wp-block-columns is-layout-flex wp-container-core-columns-is-layout-9d6595d7 wp-block-columns-is-layout-flex\"> <div class=\"wp-block-column is-layout-flow wp-block-column-is-layout-flow\"> <p class=\"has-text-align-center translation-block\"><strong><mark class=\"has-inline-color has-luminous-vivid-amber-color\">Tazelik Koruma<\/mark><\/strong><\/p>    <p>Et liflerine zarar vermeden kesim yapar, do\u011fal suyu ve orijinal kaliteyi korur, g\u00f6r\u00fcn\u00fcm ve pazar rekabetini art\u0131r\u0131r.<\/p> <\/div>    <div class=\"wp-block-column is-layout-flow wp-block-column-is-layout-flow\"> <p class=\"has-text-align-center translation-block\"><strong><mark class=\"has-inline-color has-luminous-vivid-amber-color\">\u00d6zelle\u015ftirilebilir Besleme<\/mark><\/strong><\/p>    <p>Besleme geni\u015fli\u011fi, ham madde boyutuna uyacak \u015fekilde \u00f6zelle\u015ftirilebilir, uyum kabiliyetini art\u0131r\u0131r.<\/p> <\/div> <\/div>   <div class=\"wp-block-image\"> <figure class=\"aligncenter size-full\"><img loading=\"lazy\" decoding=\"async\" width=\"720\" height=\"540\" src=\"https:\/\/www.meatprocessingmachine.org\/wp-content\/uploads\/2026\/02\/Meat-Slicing-Machine-For-Sale.webp\" alt=\"Sat\u0131l\u0131k Et Dilimleme Makinesi\" class=\"wp-image-34649\" title=\"\" srcset=\"https:\/\/www.meatprocessingmachine.org\/wp-content\/uploads\/2026\/02\/Meat-Slicing-Machine-For-Sale.webp 720w, https:\/\/www.meatprocessingmachine.org\/wp-content\/uploads\/2026\/02\/Meat-Slicing-Machine-For-Sale-300x225.webp 300w, https:\/\/www.meatprocessingmachine.org\/wp-content\/uploads\/2026\/02\/Meat-Slicing-Machine-For-Sale-16x12.webp 16w\" sizes=\"auto, (max-width: 720px) 100vw, 720px\" \/><figcaption class=\"wp-element-caption\">Sat\u0131l\u0131k Et Dilimleme Makinesi<\/figcaption><\/figure> <\/div>   <h2 class=\"wp-block-heading\">Uygun Hammadde<\/h2>    <p>Taizy et dilimleme makinesi, dondurulmam\u0131\u015f \u00e7e\u015fitli taze etleri i\u015fleyebilir. Ana hammaddeler \u015funlard\u0131r:<\/p>    <ul class=\"wp-block-list\"> <li><strong>K\u0131rm\u0131z\u0131 Et:<\/strong> Taze dana, domuz, kuzu eti, bonfile, kar\u0131n ve bacak kesimleri dahil.<\/li>    <li><strong>Ku\u015f eti:<\/strong> Taze tavuk, \u00f6rdek, kaz, g\u00f6\u011f\u00fcs ve bacak eti dahil.<\/li>    <li><strong>Di\u011ferleri:<\/strong> Baz\u0131 taze deniz \u00fcr\u00fcnleri, \u00f6rne\u011fin bal\u0131k filetosu.<\/li> <\/ul>    <p>Hot pot dilimleri, barbek\u00fc dilimleri, fast food eti ve haz\u0131r yemek malzemeleri i\u00e7in idealdir. Catering, perakende ve g\u0131da i\u015fleme sekt\u00f6rlerinde yayg\u0131n olarak kullan\u0131l\u0131r. Bu otomatik et dilimleyici, tutarl\u0131 kal\u0131nl\u0131k ve y\u00fcksek kaliteli dilimler sa\u011flar.<\/p>    <figure class=\"wp-block-gallery has-nested-images columns-default is-cropped wp-block-gallery-3 is-layout-flex wp-block-gallery-is-layout-flex\"> <figure class=\"wp-block-image size-large\"><img loading=\"lazy\" decoding=\"async\" width=\"720\" height=\"540\" data-id=\"34653\" src=\"https:\/\/www.meatprocessingmachine.org\/wp-content\/uploads\/2026\/02\/Fresh-Beef.webp\" alt=\"Taze S\u0131\u011f\u0131r Eti\" class=\"wp-image-34653\" title=\"\" srcset=\"https:\/\/www.meatprocessingmachine.org\/wp-content\/uploads\/2026\/02\/Fresh-Beef.webp 720w, https:\/\/www.meatprocessingmachine.org\/wp-content\/uploads\/2026\/02\/Fresh-Beef-300x225.webp 300w, https:\/\/www.meatprocessingmachine.org\/wp-content\/uploads\/2026\/02\/Fresh-Beef-16x12.webp 16w\" sizes=\"auto, (max-width: 720px) 100vw, 720px\" \/><figcaption class=\"wp-element-caption\">Taze S\u0131\u011f\u0131r Eti<\/figcaption><\/figure>    <figure class=\"wp-block-image size-large\"><img loading=\"lazy\" decoding=\"async\" width=\"720\" height=\"540\" data-id=\"34655\" src=\"https:\/\/www.meatprocessingmachine.org\/wp-content\/uploads\/2026\/02\/Fresh-Pork.webp\" alt=\"Taze Domuz Eti\" class=\"wp-image-34655\" title=\"\" srcset=\"https:\/\/www.meatprocessingmachine.org\/wp-content\/uploads\/2026\/02\/Fresh-Pork.webp 720w, https:\/\/www.meatprocessingmachine.org\/wp-content\/uploads\/2026\/02\/Fresh-Pork-300x225.webp 300w, https:\/\/www.meatprocessingmachine.org\/wp-content\/uploads\/2026\/02\/Fresh-Pork-16x12.webp 16w\" sizes=\"auto, (max-width: 720px) 100vw, 720px\" \/><figcaption class=\"wp-element-caption\">Taze Domuz Eti<\/figcaption><\/figure>    <figure class=\"wp-block-image size-large\"><img loading=\"lazy\" decoding=\"async\" width=\"720\" height=\"540\" data-id=\"34654\" src=\"https:\/\/www.meatprocessingmachine.org\/wp-content\/uploads\/2026\/02\/Fresh-Chicken-Breast.webp\" alt=\"Taze Tavuk G\u00f6\u011fs\u00fc\" class=\"wp-image-34654\" title=\"\" srcset=\"https:\/\/www.meatprocessingmachine.org\/wp-content\/uploads\/2026\/02\/Fresh-Chicken-Breast.webp 720w, https:\/\/www.meatprocessingmachine.org\/wp-content\/uploads\/2026\/02\/Fresh-Chicken-Breast-300x225.webp 300w, https:\/\/www.meatprocessingmachine.org\/wp-content\/uploads\/2026\/02\/Fresh-Chicken-Breast-16x12.webp 16w\" sizes=\"auto, (max-width: 720px) 100vw, 720px\" \/><figcaption class=\"wp-element-caption\">Taze Tavuk G\u00f6\u011fs\u00fc<\/figcaption><\/figure> <\/figure>    <h2 class=\"wp-block-heading has-text-align-left\">Et Dilimleme Makinesinin Avantajlar\u0131<\/h2>    <div class=\"wp-block-columns is-layout-flex wp-container-core-columns-is-layout-9d6595d7 wp-block-columns-is-layout-flex\"> <div class=\"wp-block-column is-layout-flow wp-block-column-is-layout-flow\"> <p class=\"translation-block\"><mark class=\"has-inline-color has-luminous-vivid-amber-color\"><strong>Y\u00fcksek Verimlilik ve \u0130\u015fg\u00fcc\u00fc Tasarrufu:<\/strong> <\/mark> Manuel dilimlemeye g\u00f6re 5-8 kat daha h\u0131zl\u0131 kesim yapar, i\u015fg\u00fcc\u00fc ve y\u00f6netim maliyetlerini azalt\u0131r, genel \u00fcretim verimlili\u011fini art\u0131r\u0131r.<\/p> <\/div>    <div class=\"wp-block-column is-layout-flow wp-block-column-is-layout-flow\"> <p class=\"translation-block\"><strong><mark class=\"has-inline-color has-luminous-vivid-amber-color\">Hassas ve Birbirine Uygun Dilimler:<\/mark><\/strong> Minimal kal\u0131nl\u0131k varyasyonu ve tutarl\u0131 partiler, \u00fcr\u00fcn boyutunun uniform olmas\u0131n\u0131 sa\u011flar, kaliteyi ve pazar rekabet\u00e7ili\u011fini art\u0131r\u0131r.<\/p> <\/div> <\/div>    <div class=\"wp-block-columns is-layout-flex wp-container-core-columns-is-layout-9d6595d7 wp-block-columns-is-layout-flex\"> <div class=\"wp-block-column is-layout-flow wp-block-column-is-layout-flow\"> <p class=\"translation-block\"><strong><mark class=\"has-inline-color has-luminous-vivid-amber-color\">Dayan\u0131kl\u0131 Yap\u0131:<\/mark><\/strong> G\u0131da s\u0131n\u0131f\u0131 304 paslanmaz \u00e7elikten yap\u0131lm\u0131\u015ft\u0131r, korozyona dayan\u0131kl\u0131d\u0131r ve kolayca temizlenir. Ana bile\u015fenler g\u00fcvenilir olup uzun hizmet \u00f6mr\u00fc sa\u011flar.<\/p> <\/div>    <div class=\"wp-block-column is-layout-flow wp-block-column-is-layout-flow\"> <p class=\"translation-block\"><strong><mark class=\"has-inline-color has-luminous-vivid-amber-color\">Kolay Bak\u0131m ve Stabil \u00c7al\u0131\u015fma:<\/mark><\/strong> \u0130yi tasarlanm\u0131\u015f yap\u0131, d\u00fczg\u00fcn \u00e7al\u0131\u015fma, d\u00fc\u015f\u00fck ar\u0131za oran\u0131 ve basit g\u00fcnl\u00fck bak\u0131m sa\u011flar, uzun vadeli maliyetleri d\u00fc\u015f\u00fcr\u00fcr.<\/p> <\/div> <\/div>    <div class=\"wp-block-columns is-layout-flex wp-container-core-columns-is-layout-9d6595d7 wp-block-columns-is-layout-flex\"> <div class=\"wp-block-column is-layout-flow wp-block-column-is-layout-flow\"> <p class=\"translation-block\"><strong><mark class=\"has-inline-color has-luminous-vivid-amber-color\">Esnek Modeller ve Geni\u015f Uyumluluk:<\/mark><\/strong> SYFT-340 ve SYFT-500 modellerinde mevcuttur, \u00fcretim kapasitesine uygun. \u00c7e\u015fitli etler ve farkl\u0131 kesim \u00f6zellikleri i\u00e7in uygundur.<\/p> <\/div>    <div class=\"wp-block-column is-layout-flow wp-block-column-is-layout-flow\"> <p class=\"translation-block\"><mark class=\"has-inline-color has-luminous-vivid-amber-color\"><strong>G\u00fcvenli ve Kullan\u0131c\u0131 Dostu:<\/strong> <\/mark> Acil durdurma ve koruyucu cihazlarla donat\u0131lm\u0131\u015ft\u0131r. Sezgisel kontrol paneli ve ayarlanabilir ayarlar\u0131 ile g\u00fcvenli, verimli ve sorunsuz \u00e7al\u0131\u015fma sa\u011flar. Bu ticari et dilimleyici, y\u00fcksek hacimli operasyonlar i\u00e7in g\u00fcvenilir bir se\u00e7imdir.<\/p> <\/div> <\/div>   <div class=\"wp-block-image\"> <figure class=\"aligncenter size-full\"><img loading=\"lazy\" decoding=\"async\" width=\"720\" height=\"540\" src=\"https:\/\/www.meatprocessingmachine.org\/wp-content\/uploads\/2026\/02\/Industrial-Meat-Slicing-Machine.webp\" alt=\"End\u00fcstriyel Et Dilimleme Makinesi\" class=\"wp-image-34648\" title=\"\" srcset=\"https:\/\/www.meatprocessingmachine.org\/wp-content\/uploads\/2026\/02\/Industrial-Meat-Slicing-Machine.webp 720w, https:\/\/www.meatprocessingmachine.org\/wp-content\/uploads\/2026\/02\/Industrial-Meat-Slicing-Machine-300x225.webp 300w, https:\/\/www.meatprocessingmachine.org\/wp-content\/uploads\/2026\/02\/Industrial-Meat-Slicing-Machine-16x12.webp 16w\" sizes=\"auto, (max-width: 720px) 100vw, 720px\" \/><figcaption class=\"wp-element-caption\">End\u00fcstriyel Et Dilimleme Makinesi<\/figcaption><\/figure> <\/div>   <h2 class=\"wp-block-heading\">Teknik \u00d6zellikler<\/h2>    <figure class=\"wp-block-table\"><table class=\"has-fixed-layout\"><thead><tr><th>Parametre<\/th><th>SYFT-340<\/th><th>SYFT-500<\/th><\/tr><\/thead><tbody><tr><td>Model<\/td><td>SYFT-340<\/td><td>SYFT-500<\/td><\/tr><tr><td>Kesim Kal\u0131nl\u0131\u011f\u0131<\/td><td>5\u2013100\u202fmm<\/td><td>5\u2013100\u202fmm<\/td><\/tr><tr><td>Besleme Boyutu<\/td><td>340\u202fmm (G) \u00d7 75\u202fmm (Y) (\u00f6zelle\u015ftirilebilir)<\/td><td>500\u202fmm (G) \u00d7 75\u202fmm (Y) (\u00f6zelle\u015ftirilebilir)<\/td><\/tr><tr><td>\u00c7\u0131k\u0131\u015f<\/td><td>400\u2013500\u202fkg\/h<\/td><td>600\u2013800\u202fkg\/h<\/td><\/tr><tr><td>\u00c7al\u0131\u015fma Gerilimi<\/td><td>380\u202fV<\/td><td>380\u202fV<\/td><\/tr><tr><td>G\u00fc\u00e7<\/td><td>0.75\u202fkW<\/td><td>1.1\u202fkW<\/td><\/tr><tr><td>A\u011f\u0131rl\u0131k<\/td><td>160\u202fkg<\/td><td>206\u202fkg<\/td><\/tr><tr><td>Boyutlar (Uzunluk \u00d7 Geni\u015flik \u00d7 Y\u00fckseklik)<\/td><td>1980 \u00d7 630 \u00d7 1210\u202fmm<\/td><td>1980 \u00d7 780 \u00d7 1210\u202fmm<\/td><\/tr><\/tbody><\/table><\/figure>   <div class=\"wp-block-image\"> <figure class=\"aligncenter size-full\"><img loading=\"lazy\" decoding=\"async\" width=\"720\" height=\"540\" src=\"https:\/\/www.meatprocessingmachine.org\/wp-content\/uploads\/2026\/02\/Fresh-Meat-Slicer.webp\" alt=\"Taze Et Dilimleyici\" class=\"wp-image-34647\" title=\"\" srcset=\"https:\/\/www.meatprocessingmachine.org\/wp-content\/uploads\/2026\/02\/Fresh-Meat-Slicer.webp 720w, https:\/\/www.meatprocessingmachine.org\/wp-content\/uploads\/2026\/02\/Fresh-Meat-Slicer-300x225.webp 300w, https:\/\/www.meatprocessingmachine.org\/wp-content\/uploads\/2026\/02\/Fresh-Meat-Slicer-16x12.webp 16w\" sizes=\"auto, (max-width: 720px) 100vw, 720px\" \/><figcaption class=\"wp-element-caption\">Taze Et Dilimleyici<\/figcaption><\/figure> <\/div>   <h2 class=\"wp-block-heading\">Neden Taizy'yi Se\u00e7melisiniz?<\/h2>    <p>Taizy\u2019yi se\u00e7mek, sadece bir et dilimleme makinesi se\u00e7mek de\u011fil, g\u00fcvenilir kalite ve profesyonel destek se\u00e7mektir. Temel avantajlar \u015funlard\u0131r:<\/p>    <ul class=\"wp-block-list\"> <li><strong>Uluslararas\u0131 Sertifikasyon ve Kalite G\u00fcvencesi:<\/strong> ISO9001 ve CE sertifikal\u0131, SGS ve TUV taraf\u0131ndan test edilmi\u015ftir, uluslararas\u0131 standartlara uygun, stabil ve g\u00fcvenilir performans.<\/li>    <li><strong>Bir Y\u0131l Garanti ve Sorunsuz Hizmet:<\/strong> Bir y\u0131l boyunca tam makine garantisi, h\u0131zl\u0131 yan\u0131t veren sat\u0131\u015f sonras\u0131 destek ile operasyonel riskleri azalt\u0131r.<\/li>    <li><strong>Kurulum Rehberi ve Kapsaml\u0131 Destek:<\/strong> Kurulum k\u0131lavuzu ile birlikte gelir, uzaktan rehberlik destekler ve gerekirse yerinde e\u011fitim i\u00e7in m\u00fchendisler g\u00f6revlendirilebilir.<\/li>    <li><strong>Do\u011frudan Fabrika Temini ve \u00d6zelle\u015ftirme:<\/strong> Y\u0131llar\u0131n sekt\u00f6r deneyimi, \u00fcretim kapasitesi ve hammaddelere g\u00f6re \u00f6zelle\u015ftirilmi\u015f \u00e7\u00f6z\u00fcmler sunar, ger\u00e7ek \u00fcretim ihtiya\u00e7lar\u0131na g\u00f6re uyarlan\u0131r.<\/li> <\/ul>    <p>Taizy end\u00fcstriyel et dilimleme makinesi, stabil kalite, sertifikal\u0131 g\u00fcvenilirlik ve tam servis deste\u011fi ile verimli, g\u00fcvenli ve standartla\u015ft\u0131r\u0131lm\u0131\u015f et i\u015fleme \u00e7\u00f6z\u00fcmleri sunar.<\/p>    <h2 class=\"wp-block-heading\">\u0130lgili \u00dcr\u00fcnler<\/h2>    <p>Farkl\u0131 a\u015famalarda et i\u015fleme i\u00e7in, Taizy \u00e7e\u015fitli tamamlay\u0131c\u0131 g\u0131da i\u015fleme ekipmanlar\u0131 sunar, bu ekipmanlar et dilimleme makinesi ile birlikte kullan\u0131larak verimli ve standartla\u015ft\u0131r\u0131lm\u0131\u015f bir \u00fcretim hatt\u0131 olu\u015fturur.<\/p>    <p>Bunlar \u015funlar\u0131 i\u00e7erir:<\/p>    <ul class=\"wp-block-list\"> <li><strong>Et de\u011firmenleri ve k\u0131yma makineleri<\/strong> \u2013 ham madde haz\u0131rl\u0131\u011f\u0131 ve kesim i\u00e7in.<\/li>    <li><strong><a href=\"https:\/\/www.meatprocessingmachine.org\/tr\/frozen-block-breaker-for-meat.html\/\">Ticari dondurucu et dilimleyiciler <\/a><\/strong>\u2013 dondurulmu\u015f et i\u015fleme i\u00e7in.<\/li>    <li><strong>Et silindiri, vakum kar\u0131\u015ft\u0131r\u0131c\u0131lar ve otomatik sosis doldurucular<\/strong> \u2013 doku, lezzet ve \u00fcretim verimlili\u011fini art\u0131rmak i\u00e7in.<\/li> <\/ul>    <p>T\u00fcm ekipmanlar, end\u00fcstriyel stabiliteye sahip g\u0131da s\u0131n\u0131f\u0131 malzemelerden yap\u0131lm\u0131\u015ft\u0131r. Mod\u00fcler kombinasyonlar\u0131 ve \u00f6zelle\u015ftirmeleri destekler, i\u015fletmelerin ham maddeden bitmi\u015f \u00fcr\u00fcnlere kadar t\u00fcm \u00fcretim s\u00fcrecini otomatikle\u015ftirmesine yard\u0131mc\u0131 olur, kapasiteyi ve \u00fcr\u00fcn tutarl\u0131l\u0131\u011f\u0131n\u0131 art\u0131r\u0131r.<\/p>   <div class=\"wp-block-image\"> <figure class=\"aligncenter size-full\"><img loading=\"lazy\" decoding=\"async\" width=\"720\" height=\"540\" src=\"https:\/\/www.meatprocessingmachine.org\/wp-content\/uploads\/2021\/11\/Frozen-block-breaker.jpg\" alt=\"Dondurucu Blok K\u0131r\u0131c\u0131\" class=\"wp-image-32296\" title=\"\" srcset=\"https:\/\/www.meatprocessingmachine.org\/wp-content\/uploads\/2021\/11\/Frozen-block-breaker.jpg 720w, https:\/\/www.meatprocessingmachine.org\/wp-content\/uploads\/2021\/11\/Frozen-block-breaker-300x225.jpg 300w\" sizes=\"auto, (max-width: 720px) 100vw, 720px\" \/><figcaption class=\"wp-element-caption\">Dondurucu Blok K\u0131r\u0131c\u0131<\/figcaption><\/figure> <\/div>","protected":false},"excerpt":{"rendered":"<p>The Taizy meat slicing machine is an automated device designed for meat processing. It quickly cuts fresh meat into uniform thin slices, thick slices, or strips, suitable for both commercial-scale production and small-to-medium processing. This automatic meat slicer is ideal for businesses looking for precision and efficiency. It comes in two models, SYFT-340 and SYFT-500, [&hellip;]<\/p>\n","protected":false},"author":1,"featured_media":34656,"parent":0,"template":"","product-type":[582,583,589],"class_list":["post-34646","product","type-product","status-publish","has-post-thumbnail","hentry","product-type-cattle-sheep","product-type-chicken-turkey","product-type-meat-cutting-machine"],"_links":{"self":[{"href":"https:\/\/www.meatprocessingmachine.org\/tr\/wp-json\/wp\/v2\/product\/34646","targetHints":{"allow":["GET"]}}],"collection":[{"href":"https:\/\/www.meatprocessingmachine.org\/tr\/wp-json\/wp\/v2\/product"}],"about":[{"href":"https:\/\/www.meatprocessingmachine.org\/tr\/wp-json\/wp\/v2\/types\/product"}],"author":[{"embeddable":true,"href":"https:\/\/www.meatprocessingmachine.org\/tr\/wp-json\/wp\/v2\/users\/1"}],"wp:featuredmedia":[{"embeddable":true,"href":"https:\/\/www.meatprocessingmachine.org\/tr\/wp-json\/wp\/v2\/media\/34656"}],"wp:attachment":[{"href":"https:\/\/www.meatprocessingmachine.org\/tr\/wp-json\/wp\/v2\/media?parent=34646"}],"wp:term":[{"taxonomy":"product-type","embeddable":true,"href":"https:\/\/www.meatprocessingmachine.org\/tr\/wp-json\/wp\/v2\/product-type?post=34646"}],"curies":[{"name":"wp","href":"https:\/\/api.w.org\/{rel}","templated":true}]}}