{"id":34714,"date":"2026-02-24T16:23:05","date_gmt":"2026-02-24T08:23:05","guid":{"rendered":"https:\/\/www.meatprocessingmachine.org\/?post_type=product&#038;p=34714"},"modified":"2026-03-06T09:58:31","modified_gmt":"2026-03-06T01:58:31","slug":"fresh-meat-strip-cutting-machine","status":"publish","type":"product","link":"https:\/\/www.meatprocessingmachine.org\/tr\/fresh-meat-strip-cutting-machine.html","title":{"rendered":"Taze Et \u015eerit Kesme Makinesi"},"content":{"rendered":"<div class=\"kk-star-ratings kksr-auto kksr-align-right kksr-valign-top\"     data-payload='{&quot;align&quot;:&quot;right&quot;,&quot;id&quot;:&quot;34714&quot;,&quot;slug&quot;:&quot;default&quot;,&quot;valign&quot;:&quot;top&quot;,&quot;ignore&quot;:&quot;&quot;,&quot;reference&quot;:&quot;auto&quot;,&quot;class&quot;:&quot;&quot;,&quot;count&quot;:&quot;0&quot;,&quot;legendonly&quot;:&quot;&quot;,&quot;readonly&quot;:&quot;&quot;,&quot;score&quot;:&quot;0&quot;,&quot;starsonly&quot;:&quot;&quot;,&quot;best&quot;:&quot;5&quot;,&quot;gap&quot;:&quot;5&quot;,&quot;greet&quot;:&quot;Rate this product&quot;,&quot;legend&quot;:&quot;0\\\/5 - (0 votes)&quot;,&quot;size&quot;:&quot;24&quot;,&quot;title&quot;:&quot;Fresh Meat Strip Cutting Machine&quot;,&quot;width&quot;:&quot;0&quot;,&quot;_legend&quot;:&quot;{score}\\\/{best} - ({count} {votes})&quot;,&quot;font_factor&quot;:&quot;1.25&quot;}'>              <div class=\"kksr-stars\">      <div class=\"kksr-stars-inactive\">             <div class=\"kksr-star\" data-star=\"1\" style=\"padding-right: 5px\">               <div class=\"kksr-icon\" style=\"width: 24px; height: 24px;\"><\/div>         <\/div>             <div class=\"kksr-star\" data-star=\"2\" style=\"padding-right: 5px\">               <div class=\"kksr-icon\" style=\"width: 24px; height: 24px;\"><\/div>         <\/div>             <div class=\"kksr-star\" data-star=\"3\" style=\"padding-right: 5px\">               <div class=\"kksr-icon\" style=\"width: 24px; height: 24px;\"><\/div>         <\/div>             <div class=\"kksr-star\" data-star=\"4\" style=\"padding-right: 5px\">               <div class=\"kksr-icon\" style=\"width: 24px; height: 24px;\"><\/div>         <\/div>             <div class=\"kksr-star\" data-star=\"5\" style=\"padding-right: 5px\">               <div class=\"kksr-icon\" style=\"width: 24px; height: 24px;\"><\/div>         <\/div>     <\/div>      <div class=\"kksr-stars-active\" style=\"width: 0px;\">             <div class=\"kksr-star\" style=\"padding-right: 5px\">               <div class=\"kksr-icon\" style=\"width: 24px; height: 24px;\"><\/div>         <\/div>             <div class=\"kksr-star\" style=\"padding-right: 5px\">               <div class=\"kksr-icon\" style=\"width: 24px; height: 24px;\"><\/div>         <\/div>             <div class=\"kksr-star\" style=\"padding-right: 5px\">               <div class=\"kksr-icon\" style=\"width: 24px; height: 24px;\"><\/div>         <\/div>             <div class=\"kksr-star\" style=\"padding-right: 5px\">               <div class=\"kksr-icon\" style=\"width: 24px; height: 24px;\"><\/div>         <\/div>             <div class=\"kksr-star\" style=\"padding-right: 5px\">               <div class=\"kksr-icon\" style=\"width: 24px; height: 24px;\"><\/div>         <\/div>     <\/div> <\/div>                   <div class=\"kksr-legend\" style=\"font-size: 19.2px;\">             <span class=\"kksr-muted\">Bu \u00fcr\u00fcn\u00fc de\u011ferlendirin<\/span>     <\/div>     <\/div>  <p class=\"translation-block\">taze et \u015ferit kesme makinesi  profesyonel et i\u015fleme makinesidir, taze eti  \u015feritler, dilimler, k\u00fcpler veya par\u00e7alara ay\u0131rmak i\u00e7in tasarlanm\u0131\u015ft\u0131r.<\/p>    <figure class=\"wp-block-gallery has-nested-images columns-default is-cropped wp-block-gallery-2 is-layout-flex wp-block-gallery-is-layout-flex\"> <figure class=\"wp-block-image size-large\"><img loading=\"lazy\" decoding=\"async\" width=\"720\" height=\"540\" data-id=\"34716\" src=\"https:\/\/www.meatprocessingmachine.org\/wp-content\/uploads\/2026\/02\/Strip-Cut-Fresh-Meat.webp\" alt=\"Taze Et \u015eerit Kesimi\" class=\"wp-image-34716\" title=\"\" srcset=\"https:\/\/www.meatprocessingmachine.org\/wp-content\/uploads\/2026\/02\/Strip-Cut-Fresh-Meat.webp 720w, https:\/\/www.meatprocessingmachine.org\/wp-content\/uploads\/2026\/02\/Strip-Cut-Fresh-Meat-300x225.webp 300w, https:\/\/www.meatprocessingmachine.org\/wp-content\/uploads\/2026\/02\/Strip-Cut-Fresh-Meat-16x12.webp 16w\" sizes=\"auto, (max-width: 720px) 100vw, 720px\" \/><figcaption class=\"wp-element-caption\">Taze Et \u015eerit Kesimi<\/figcaption><\/figure>    <figure class=\"wp-block-image size-large\"><img loading=\"lazy\" decoding=\"async\" width=\"720\" height=\"540\" data-id=\"34715\" src=\"https:\/\/www.meatprocessingmachine.org\/wp-content\/uploads\/2026\/02\/Chunk-Cut-Fresh-Meat.webp\" alt=\"Par\u00e7a halinde Taze Et\" class=\"wp-image-34715\" title=\"\" srcset=\"https:\/\/www.meatprocessingmachine.org\/wp-content\/uploads\/2026\/02\/Chunk-Cut-Fresh-Meat.webp 720w, https:\/\/www.meatprocessingmachine.org\/wp-content\/uploads\/2026\/02\/Chunk-Cut-Fresh-Meat-300x225.webp 300w, https:\/\/www.meatprocessingmachine.org\/wp-content\/uploads\/2026\/02\/Chunk-Cut-Fresh-Meat-16x12.webp 16w\" sizes=\"auto, (max-width: 720px) 100vw, 720px\" \/><figcaption class=\"wp-element-caption\">Par\u00e7a halinde Taze Et<\/figcaption><\/figure> <\/figure>    <p class=\"translation-block\">Taizy, farkl\u0131 i\u015fleme ihtiya\u00e7lar\u0131na uygun \u00fcretim kapasiteleriyle 340 ve 500 modeller sunar \u2014 340 model <strong><mark class=\"has-inline-color has-luminous-vivid-amber-color\">0\u2013600\u202fkg\/h<\/mark><\/strong>'ye ula\u015f\u0131rken, 500 model <strong><mark class=\"has-inline-color has-luminous-vivid-amber-color\">0\u20131000\u202fkg\/h<\/mark><\/strong>'ye kadar \u00e7\u0131kabilir.<\/p>   <div class=\"wp-block-image\"> <figure class=\"aligncenter size-full\"><img loading=\"lazy\" decoding=\"async\" width=\"720\" height=\"540\" src=\"https:\/\/www.meatprocessingmachine.org\/wp-content\/uploads\/2026\/02\/Fresh-Meat-Strip-Cutting-Machine.webp\" alt=\"Taze Et \u015eerit Kesme Makinesi\" class=\"wp-image-34721\" title=\"\" srcset=\"https:\/\/www.meatprocessingmachine.org\/wp-content\/uploads\/2026\/02\/Fresh-Meat-Strip-Cutting-Machine.webp 720w, https:\/\/www.meatprocessingmachine.org\/wp-content\/uploads\/2026\/02\/Fresh-Meat-Strip-Cutting-Machine-300x225.webp 300w, https:\/\/www.meatprocessingmachine.org\/wp-content\/uploads\/2026\/02\/Fresh-Meat-Strip-Cutting-Machine-16x12.webp 16w\" sizes=\"auto, (max-width: 720px) 100vw, 720px\" \/><figcaption class=\"wp-element-caption\">Taze Et \u015eerit Kesme Makinesi<\/figcaption><\/figure> <\/div>   <p class=\"translation-block\">Y\u00fcksek kaliteli paslanmaz \u00e7elikten yap\u0131lm\u0131\u015f ve <strong><mark class=\"has-inline-color has-luminous-vivid-amber-color\">440C<\/mark><\/strong> y\u00fcksek sertlikte paslanmaz \u00e7elik b\u0131\u00e7aklarla donat\u0131lm\u0131\u015ft\u0131r, makine keskin ve verimli kesim sa\u011flar. B\u0131\u00e7ak seti 1 dakika i\u00e7inde h\u0131zl\u0131ca de\u011fi\u015ftirilebilir, \u00e7ok y\u00f6nl\u00fc i\u015fleme imkan\u0131 sunar, hem \u015ferit\/dilim hem de k\u00fcp\/par\u00e7a halinde kesim yapar.<\/p>    <figure class=\"wp-block-embed is-type-video is-provider-youtube wp-block-embed-youtube wp-embed-aspect-16-9 wp-has-aspect-ratio\"><div class=\"wp-block-embed__wrapper\"> <iframe loading=\"lazy\" title=\"Verimli Et \u0130\u015fleme i\u00e7in G\u00fc\u00e7l\u00fc Taze Et \u015eerit Kesme Makinesi\" width=\"500\" height=\"281\" src=\"https:\/\/www.youtube.com\/embed\/HYhztLgd1_U?feature=oembed\" frameborder=\"0\" allow=\"accelerometer; autoplay; clipboard-write; encrypted-media; gyroscope; picture-in-picture; web-share\" referrerpolicy=\"strict-origin-when-cross-origin\" allowfullscreen><\/iframe> <\/div><\/figure>    <h2 class=\"wp-block-heading\">Taze Et \u015eerit Kesme Makinesinin \u0130\u015flevleri<\/h2>    <p class=\"translation-block\"><strong><mark class=\"has-inline-color has-luminous-vivid-amber-color\">\u00c7ok Boyutlu Kesim, Bir Makinede \u00c7ok Ama\u00e7l\u0131 Kullan\u0131m<\/mark><\/strong><\/p>    <p>Makine, etleri tek ad\u0131mda \u015ferit veya dilim halinde kesebilir, e\u015fit boyut ve d\u00fczg\u00fcn y\u00fczeyler sa\u011flar. Ayr\u0131ca, farkl\u0131 \u00fcr\u00fcn gereksinimlerini kar\u015f\u0131lamak ve \u00fcretim esnekli\u011fini art\u0131rmak i\u00e7in ikinci bir ad\u0131mda k\u00fcp veya par\u00e7a halinde do\u011frama deste\u011fi de sunar.<\/p>    <p class=\"translation-block\"><strong><mark class=\"has-inline-color has-luminous-vivid-amber-color\">H\u0131zl\u0131 B\u0131\u00e7ak De\u011fi\u015ftirme Tasar\u0131m\u0131<\/mark><\/strong><\/p>    <p>Mod\u00fcler b\u0131\u00e7ak seti 1 dakika i\u00e7inde \u00e7\u0131kar\u0131labilir ve de\u011fi\u015ftirilebilir, bu da ar\u0131za s\u00fcresini b\u00fcy\u00fck \u00f6l\u00e7\u00fcde azalt\u0131r ve farkl\u0131 \u00fcr\u00fcn boyutlar\u0131 aras\u0131nda h\u0131zl\u0131 ge\u00e7i\u015f sa\u011flar.<\/p>    <p class=\"translation-block\"><strong><mark class=\"has-inline-color has-luminous-vivid-amber-color\">\u00d6zel Kesim Se\u00e7enekleri<\/mark><\/strong><\/p>    <p>\u00c7e\u015fitli ham maddeleri i\u015fleyebilen \u00f6zelle\u015ftirilmi\u015f b\u0131\u00e7aklar\u0131 destekler, tavuk, \u00f6rdek ve bal\u0131k gibi kemikli etler dahil, hassas kesim sa\u011flar.<\/p>   <div class=\"wp-block-image\"> <figure class=\"aligncenter size-full\"><img loading=\"lazy\" decoding=\"async\" width=\"720\" height=\"540\" src=\"https:\/\/www.meatprocessingmachine.org\/wp-content\/uploads\/2026\/02\/Meat-Slicing-Cutting-Machine.webp\" alt=\"Et Dilimleme Kesim Makinesi\" class=\"wp-image-34720\" title=\"\" srcset=\"https:\/\/www.meatprocessingmachine.org\/wp-content\/uploads\/2026\/02\/Meat-Slicing-Cutting-Machine.webp 720w, https:\/\/www.meatprocessingmachine.org\/wp-content\/uploads\/2026\/02\/Meat-Slicing-Cutting-Machine-300x225.webp 300w, https:\/\/www.meatprocessingmachine.org\/wp-content\/uploads\/2026\/02\/Meat-Slicing-Cutting-Machine-16x12.webp 16w\" sizes=\"auto, (max-width: 720px) 100vw, 720px\" \/><figcaption class=\"wp-element-caption\">Et Dilimleme Kesim Makinesi<\/figcaption><\/figure> <\/div>   <h2 class=\"wp-block-heading\">Uygun Hammadde<\/h2>    <p>Et \u015ferit kesici, d\u00f6rt ana kategori ham maddeyi i\u015fler, kemiksiz ve \u00f6zelle\u015ftirilmi\u015f kemikli \u00fcr\u00fcnleri verimli \u015fekilde i\u015fler:<\/p>    <ul class=\"wp-block-list\"> <li><strong>Taze Et:<\/strong> Kemiksiz domuz, s\u0131\u011f\u0131r, kuzu ve di\u011fer taze etler<\/li>    <li><strong>Hamur\/Pasta:<\/strong> Farkl\u0131 hamur \u00fcr\u00fcnlerinin \u015feritler, dilimler veya k\u00fcpler halinde kesilmesi<\/li>    <li><strong>Sebzeler:<\/strong> Renkli ve yaprakl\u0131 sebzeler, radish, patates, lotus k\u00f6k\u00fc ve yaprakl\u0131 ye\u015fillikler gibi<\/li>    <li><strong>\u00d6zel \u00dcr\u00fcnler:<\/strong> Pi\u015fmi\u015f yiyecekler, kemikli k\u00fcmes hayvanlar\u0131 ve bal\u0131k (tavuk, \u00f6rdek, bal\u0131k) ile \u00f6zelle\u015ftirilmi\u015f b\u0131\u00e7aklar<\/li> <\/ul>    <figure class=\"wp-block-gallery has-nested-images columns-default is-cropped wp-block-gallery-3 is-layout-flex wp-block-gallery-is-layout-flex\"> <figure class=\"wp-block-image size-large\"><img loading=\"lazy\" decoding=\"async\" width=\"720\" height=\"540\" data-id=\"34724\" src=\"https:\/\/www.meatprocessingmachine.org\/wp-content\/uploads\/2026\/02\/Lamb.webp\" alt=\"Kuzu\" class=\"wp-image-34724\" title=\"\" srcset=\"https:\/\/www.meatprocessingmachine.org\/wp-content\/uploads\/2026\/02\/Lamb.webp 720w, https:\/\/www.meatprocessingmachine.org\/wp-content\/uploads\/2026\/02\/Lamb-300x225.webp 300w, https:\/\/www.meatprocessingmachine.org\/wp-content\/uploads\/2026\/02\/Lamb-16x12.webp 16w\" sizes=\"auto, (max-width: 720px) 100vw, 720px\" \/><figcaption class=\"wp-element-caption\">Kuzu<\/figcaption><\/figure>    <figure class=\"wp-block-image size-large\"><img loading=\"lazy\" decoding=\"async\" width=\"720\" height=\"540\" data-id=\"34723\" src=\"https:\/\/www.meatprocessingmachine.org\/wp-content\/uploads\/2026\/02\/Beef.webp\" alt=\"Dana\" class=\"wp-image-34723\" title=\"\" srcset=\"https:\/\/www.meatprocessingmachine.org\/wp-content\/uploads\/2026\/02\/Beef.webp 720w, https:\/\/www.meatprocessingmachine.org\/wp-content\/uploads\/2026\/02\/Beef-300x225.webp 300w, https:\/\/www.meatprocessingmachine.org\/wp-content\/uploads\/2026\/02\/Beef-16x12.webp 16w\" sizes=\"auto, (max-width: 720px) 100vw, 720px\" \/><figcaption class=\"wp-element-caption\">Dana<\/figcaption><\/figure>    <figure class=\"wp-block-image size-large\"><img loading=\"lazy\" decoding=\"async\" width=\"720\" height=\"540\" data-id=\"34725\" src=\"https:\/\/www.meatprocessingmachine.org\/wp-content\/uploads\/2026\/02\/Potato-Slices.webp\" alt=\"Patates Dilimleri\" class=\"wp-image-34725\" title=\"\" srcset=\"https:\/\/www.meatprocessingmachine.org\/wp-content\/uploads\/2026\/02\/Potato-Slices.webp 720w, https:\/\/www.meatprocessingmachine.org\/wp-content\/uploads\/2026\/02\/Potato-Slices-300x225.webp 300w, https:\/\/www.meatprocessingmachine.org\/wp-content\/uploads\/2026\/02\/Potato-Slices-16x12.webp 16w\" sizes=\"auto, (max-width: 720px) 100vw, 720px\" \/><figcaption class=\"wp-element-caption\">Patates Dilimleri<\/figcaption><\/figure> <\/figure>    <h2 class=\"wp-block-heading\">Taze Et \u015eerit Kesme Makinesinin Temel Avantajlar\u0131 Nelerdir?<\/h2>    <div class=\"wp-block-columns is-layout-flex wp-container-core-columns-is-layout-9d6595d7 wp-block-columns-is-layout-flex\"> <div class=\"wp-block-column is-layout-flow wp-block-column-is-layout-flow\"> <p class=\"has-text-align-center translation-block\"><strong><mark class=\"has-inline-color has-luminous-vivid-amber-color\">Y\u00fcksek \u00dcretim Kapasitesi<\/mark><\/strong><\/p>    <p>340 modeli 0\u2013600\u202fkg\/s'ye ula\u015f\u0131rken, 500 modeli 0\u20131000\u202fkg\/s'ye kadar \u00e7\u0131kabilir, k\u00fc\u00e7\u00fck ve b\u00fcy\u00fck i\u015fleme tesislerinin ihtiya\u00e7lar\u0131n\u0131 kar\u015f\u0131lar ve verimli toplu i\u015fleme sa\u011flar.<\/p> <\/div>    <div class=\"wp-block-column is-layout-flow wp-block-column-is-layout-flow\"> <p class=\"has-text-align-center translation-block\"><strong><mark class=\"has-inline-color has-luminous-vivid-amber-color\">G\u00fc\u00e7l\u00fc Motor Sistemi<\/mark><\/strong><\/p>    <p>1.5\u202fkW motor ile donat\u0131lm\u0131\u015ft\u0131r, makine d\u00fczg\u00fcn \u00e7al\u0131\u015f\u0131r ve yeterli g\u00fc\u00e7 sa\u011flar, uzun s\u00fcreli s\u00fcrekli \u00e7al\u0131\u015fma ve stabil \u00fcretim desteklenir.<\/p> <\/div> <\/div>    <div class=\"wp-block-columns is-layout-flex wp-container-core-columns-is-layout-9d6595d7 wp-block-columns-is-layout-flex\"> <div class=\"wp-block-column is-layout-flow wp-block-column-is-layout-flow\"> <p class=\"has-text-align-center translation-block\"><strong><mark class=\"has-inline-color has-luminous-vivid-amber-color\">B\u00fcy\u00fck Besleme Kapasitesi<\/mark><\/strong><\/p>    <p>B\u00fcy\u00fck par\u00e7alar halinde taze et veya hamur kolayca i\u015flenebilir, ham madde kullan\u0131m\u0131n\u0131 art\u0131r\u0131r.<\/p> <\/div>    <div class=\"wp-block-column is-layout-flow wp-block-column-is-layout-flow\"> <p class=\"has-text-align-center translation-block\"><strong><mark class=\"has-inline-color has-luminous-vivid-amber-color\">Dayan\u0131kl\u0131, Y\u00fcksek Kaliteli Malzemeler<\/mark><\/strong><\/p>    <p>Y\u00fcksek kaliteli paslanmaz \u00e7elikten yap\u0131lm\u0131\u015f, korozyona dayan\u0131kl\u0131 ve temizlemesi kolay, g\u0131da hijyen standartlar\u0131n\u0131 kar\u015f\u0131lar. B\u0131\u00e7aklar 440C paslanmaz \u00e7elik, keskin ve g\u00fc\u00e7l\u00fc, uzun \u00f6m\u00fcrl\u00fc kesim performans\u0131 sa\u011flar.<\/p> <\/div> <\/div>    <div class=\"wp-block-columns is-layout-flex wp-container-core-columns-is-layout-9d6595d7 wp-block-columns-is-layout-flex\"> <div class=\"wp-block-column is-layout-flow wp-block-column-is-layout-flow\"> <p class=\"has-text-align-center translation-block\"><strong><mark class=\"has-inline-color has-luminous-vivid-amber-color\">Kolay Kullan\u0131m<\/mark><\/strong><\/p>    <p>H\u0131zl\u0131 b\u0131\u00e7ak de\u011fi\u015fimi ve \u00e7ok fonksiyonlu kesim tasar\u0131m\u0131, manuel ad\u0131mlar\u0131 azalt\u0131r ve i\u015fleme verimlili\u011fini art\u0131r\u0131r.<\/p> <\/div>    <div class=\"wp-block-column is-layout-flow wp-block-column-is-layout-flow\"> <p class=\"has-text-align-center translation-block\"><strong><mark class=\"has-inline-color has-luminous-vivid-amber-color\">\u00c7ok Y\u00f6nl\u00fc Kesim Fonksiyonlar\u0131<\/mark><\/strong><\/p>    <p>\u015eerit, dilim, k\u00fcp ve par\u00e7a halinde kesimi destekler. Tek ad\u0131mda \u015ferit veya dilim kesimi ve ikinci ad\u0131mda do\u011frama, farkl\u0131 \u00fcr\u00fcn gereksinimleri i\u00e7in esnek i\u015fleme se\u00e7enekleri sunar.<\/p> <\/div> <\/div>   <div class=\"wp-block-image\"> <figure class=\"aligncenter size-full\"><img loading=\"lazy\" decoding=\"async\" width=\"720\" height=\"540\" src=\"https:\/\/www.meatprocessingmachine.org\/wp-content\/uploads\/2026\/02\/Fresh-Meat-Strip-Cutting-Machine-For-Sale.webp\" alt=\"Sat\u0131l\u0131k Taze Et \u015eerit Kesme Makinesi\" class=\"wp-image-34718\" title=\"\" srcset=\"https:\/\/www.meatprocessingmachine.org\/wp-content\/uploads\/2026\/02\/Fresh-Meat-Strip-Cutting-Machine-For-Sale.webp 720w, https:\/\/www.meatprocessingmachine.org\/wp-content\/uploads\/2026\/02\/Fresh-Meat-Strip-Cutting-Machine-For-Sale-300x225.webp 300w, https:\/\/www.meatprocessingmachine.org\/wp-content\/uploads\/2026\/02\/Fresh-Meat-Strip-Cutting-Machine-For-Sale-16x12.webp 16w\" sizes=\"auto, (max-width: 720px) 100vw, 720px\" \/><figcaption class=\"wp-element-caption\">Sat\u0131l\u0131k Taze Et \u015eerit Kesme Makinesi<\/figcaption><\/figure> <\/div>   <h2 class=\"wp-block-heading\">Teknik Parametreler<\/h2>    <figure class=\"wp-block-table\"><table class=\"has-fixed-layout\"><thead><tr><th>Parametre<\/th><th>340 Model Taze Et \u015eerit Kesici<\/th><th>500 Model Taze Et \u015eerit Kesici<\/th><\/tr><\/thead><tbody><tr><td>Motor G\u00fcc\u00fc<\/td><td>1.5\u202fkW<\/td><td>1.5\u202fkW<\/td><\/tr><tr><td>Gerilim<\/td><td>380\u202fV<\/td><td>380\u202fV<\/td><\/tr><tr><td>Maksimum Besleme Boyutu<\/td><td>1000 \u00d7 330 \u00d7 70\u202fmm<\/td><td>1000 \u00d7 480 \u00d7 70\u202fmm<\/td><\/tr><tr><td>\u00dcretim Kapasitesi<\/td><td>0\u2013600\u202fkg\/s<\/td><td>0\u20131000\u202fkg\/s<\/td><\/tr><tr><td>Makine A\u011f\u0131rl\u0131\u011f\u0131<\/td><td>180\u202fkg<\/td><td>200\u202fkg<\/td><\/tr><tr><td>Boyutlar (Uzunluk \u00d7 Geni\u015flik \u00d7 Y\u00fckseklik)<\/td><td>1680 \u00d7 680 \u00d7 1160\u202fmm<\/td><td>1680 \u00d7 860 \u00d7 1160\u202fmm<\/td><\/tr><\/tbody><\/table><\/figure>   <div class=\"wp-block-image\"> <figure class=\"aligncenter size-full\"><img loading=\"lazy\" decoding=\"async\" width=\"720\" height=\"540\" src=\"https:\/\/www.meatprocessingmachine.org\/wp-content\/uploads\/2026\/02\/Fresh-Meat-Strip-Cutter.webp\" alt=\"Taze Et \u015eerit Kesici\" class=\"wp-image-34717\" title=\"\" srcset=\"https:\/\/www.meatprocessingmachine.org\/wp-content\/uploads\/2026\/02\/Fresh-Meat-Strip-Cutter.webp 720w, https:\/\/www.meatprocessingmachine.org\/wp-content\/uploads\/2026\/02\/Fresh-Meat-Strip-Cutter-300x225.webp 300w, https:\/\/www.meatprocessingmachine.org\/wp-content\/uploads\/2026\/02\/Fresh-Meat-Strip-Cutter-16x12.webp 16w\" sizes=\"auto, (max-width: 720px) 100vw, 720px\" \/><figcaption class=\"wp-element-caption\">Taze Et \u015eerit Kesici<\/figcaption><\/figure> <\/div>   <h2 class=\"wp-block-heading\">Neden Taizy Taze Et \u015eerit Kesme Makinesini Se\u00e7melisiniz?<\/h2>    <p class=\"translation-block\"><strong>G\u00fcvenilir Sertifikasyon, Garantili Kalite<\/strong><\/p>    <p>Taizy taze et \u015ferit kesme makineleri, ISO9001 kalite y\u00f6netimi, CE ve SGS ve TUV testleri dahil olmak \u00fczere bir\u00e7ok uluslararas\u0131 sertifikaya sahiptir. Tasar\u0131mdan \u00fcretime, teslimata kadar her ad\u0131m uluslararas\u0131 kalite ve g\u00fcvenlik standartlar\u0131na uygundur, k\u00fcresel olarak tan\u0131nan performans sa\u011flar.<\/p>    <p class=\"translation-block\"><strong>Kapsaml\u0131 Sat\u0131\u015f Sonras\u0131 Hizmet<\/strong><\/p>    <ul class=\"wp-block-list\"> <li><strong>Geni\u015fletilmi\u015f Garanti:<\/strong> T\u00fcm makineler 1 y\u0131l \u00fccretsiz garanti ile gelir. \u0130nsan kaynakl\u0131 olmayan hasarlar \u00fccretsiz tamir veya de\u011fi\u015ftirilir.<\/li>    <li><strong>Tam Kurulum Rehberi:<\/strong> Standartla\u015ft\u0131r\u0131lm\u0131\u015f k\u0131lavuzlar ve profesyonel uzaktan destek, i\u015fletmelerin makineyi h\u0131zl\u0131ca kurmas\u0131na yard\u0131mc\u0131 olur.<\/li>    <li><strong>Yerinde Destek:<\/strong> Karma kurulumlar i\u00e7in, m\u00fchendisler kurulum, devreye alma ve operat\u00f6r e\u011fitimi i\u00e7in g\u00f6nderilebilir, b\u00f6ylece h\u0131zl\u0131 \u00fcretim ba\u015flat\u0131l\u0131r.<\/li> <\/ul>    <p>\u00c7ekirdek tasar\u0131m\u0131 ve sertifikal\u0131 kalite ile tam sat\u0131\u015f sonras\u0131 destek, Taizy taze et \u015ferit kesme makineleri g\u0131da i\u015fleme i\u015fletmelerini g\u00fc\u00e7lendirir ve et kesim ve i\u015fleme alan\u0131nda tercih edilen se\u00e7imdir.<\/p>    <p class=\"translation-block\">Taze et \u015ferit kesme makinesinin yan\u0131 s\u0131ra, \u00fcretim ihtiya\u00e7lar\u0131n\u0131z\u0131 desteklemek i\u00e7in <strong><a href=\"https:\/\/www.meatprocessingmachine.org\/tr\/products\/meat-cutting-machine\/\">taze et dilimleme makineleri<\/a><\/strong> ve di\u011fer et i\u015fleme ekipmanlar\u0131 da sunuyoruz. \u0130lginiz varsa, l\u00fctfen bizimle ileti\u015fime ge\u00e7mekten \u00e7ekinmeyin.<\/p>   <div class=\"wp-block-image\"> <figure class=\"aligncenter size-full\"><img loading=\"lazy\" decoding=\"async\" width=\"720\" height=\"540\" src=\"https:\/\/www.meatprocessingmachine.org\/wp-content\/uploads\/2026\/02\/Industrial-Meat-Slicing-Machine.webp\" alt=\"End\u00fcstriyel Et Dilimleme Makinesi\" class=\"wp-image-34648\" title=\"\" srcset=\"https:\/\/www.meatprocessingmachine.org\/wp-content\/uploads\/2026\/02\/Industrial-Meat-Slicing-Machine.webp 720w, https:\/\/www.meatprocessingmachine.org\/wp-content\/uploads\/2026\/02\/Industrial-Meat-Slicing-Machine-300x225.webp 300w, https:\/\/www.meatprocessingmachine.org\/wp-content\/uploads\/2026\/02\/Industrial-Meat-Slicing-Machine-16x12.webp 16w\" sizes=\"auto, (max-width: 720px) 100vw, 720px\" \/><figcaption class=\"wp-element-caption\">End\u00fcstriyel Et Dilimleme Makinesi<\/figcaption><\/figure> <\/div>","protected":false},"excerpt":{"rendered":"<p>The fresh meat strip cutting machine is a professional meat processing machine designed for cutting fresh meat into strips, slices, cubes, or chunks. Taizy offers the 340 and 500 models, with production capacities tailored to different processing needs \u2014 the 340 model reaches 0\u2013600\u202fkg\/h, while the 500 model can go up to 0\u20131000\u202fkg\/h. Made of [&hellip;]<\/p>\n","protected":false},"author":1,"featured_media":34727,"parent":0,"template":"","product-type":[582,583,589],"class_list":["post-34714","product","type-product","status-publish","has-post-thumbnail","hentry","product-type-cattle-sheep","product-type-chicken-turkey","product-type-meat-cutting-machine"],"_links":{"self":[{"href":"https:\/\/www.meatprocessingmachine.org\/tr\/wp-json\/wp\/v2\/product\/34714","targetHints":{"allow":["GET"]}}],"collection":[{"href":"https:\/\/www.meatprocessingmachine.org\/tr\/wp-json\/wp\/v2\/product"}],"about":[{"href":"https:\/\/www.meatprocessingmachine.org\/tr\/wp-json\/wp\/v2\/types\/product"}],"author":[{"embeddable":true,"href":"https:\/\/www.meatprocessingmachine.org\/tr\/wp-json\/wp\/v2\/users\/1"}],"wp:featuredmedia":[{"embeddable":true,"href":"https:\/\/www.meatprocessingmachine.org\/tr\/wp-json\/wp\/v2\/media\/34727"}],"wp:attachment":[{"href":"https:\/\/www.meatprocessingmachine.org\/tr\/wp-json\/wp\/v2\/media?parent=34714"}],"wp:term":[{"taxonomy":"product-type","embeddable":true,"href":"https:\/\/www.meatprocessingmachine.org\/tr\/wp-json\/wp\/v2\/product-type?post=34714"}],"curies":[{"name":"wp","href":"https:\/\/api.w.org\/{rel}","templated":true}]}}