{"id":34827,"date":"2026-02-28T16:51:49","date_gmt":"2026-02-28T08:51:49","guid":{"rendered":"https:\/\/www.meatprocessingmachine.org\/?post_type=product&#038;p=34827"},"modified":"2026-02-28T16:51:50","modified_gmt":"2026-02-28T08:51:50","slug":"large-fresh-meat-slicer","status":"publish","type":"product","link":"https:\/\/www.meatprocessingmachine.org\/tr\/large-fresh-meat-slicer.html","title":{"rendered":"B\u00fcy\u00fck Taze Et Dilimleyici"},"content":{"rendered":"<div class=\"kk-star-ratings kksr-auto kksr-align-right kksr-valign-top\"     data-payload='{&quot;align&quot;:&quot;right&quot;,&quot;id&quot;:&quot;34827&quot;,&quot;slug&quot;:&quot;default&quot;,&quot;valign&quot;:&quot;top&quot;,&quot;ignore&quot;:&quot;&quot;,&quot;reference&quot;:&quot;auto&quot;,&quot;class&quot;:&quot;&quot;,&quot;count&quot;:&quot;2&quot;,&quot;legendonly&quot;:&quot;&quot;,&quot;readonly&quot;:&quot;&quot;,&quot;score&quot;:&quot;5&quot;,&quot;starsonly&quot;:&quot;&quot;,&quot;best&quot;:&quot;5&quot;,&quot;gap&quot;:&quot;5&quot;,&quot;greet&quot;:&quot;Rate this product&quot;,&quot;legend&quot;:&quot;5\\\/5 - (2 votes)&quot;,&quot;size&quot;:&quot;24&quot;,&quot;title&quot;:&quot;Large Fresh Meat Slicer&quot;,&quot;width&quot;:&quot;142.5&quot;,&quot;_legend&quot;:&quot;{score}\\\/{best} - ({count} {votes})&quot;,&quot;font_factor&quot;:&quot;1.25&quot;}'>              <div class=\"kksr-stars\">      <div class=\"kksr-stars-inactive\">             <div class=\"kksr-star\" data-star=\"1\" style=\"padding-right: 5px\">               <div class=\"kksr-icon\" style=\"width: 24px; height: 24px;\"><\/div>         <\/div>             <div class=\"kksr-star\" data-star=\"2\" style=\"padding-right: 5px\">               <div class=\"kksr-icon\" style=\"width: 24px; height: 24px;\"><\/div>         <\/div>             <div class=\"kksr-star\" data-star=\"3\" style=\"padding-right: 5px\">               <div class=\"kksr-icon\" style=\"width: 24px; height: 24px;\"><\/div>         <\/div>             <div class=\"kksr-star\" data-star=\"4\" style=\"padding-right: 5px\">               <div class=\"kksr-icon\" style=\"width: 24px; height: 24px;\"><\/div>         <\/div>             <div class=\"kksr-star\" data-star=\"5\" style=\"padding-right: 5px\">               <div class=\"kksr-icon\" style=\"width: 24px; height: 24px;\"><\/div>         <\/div>     <\/div>      <div class=\"kksr-stars-active\" style=\"width: 142.5px;\">             <div class=\"kksr-star\" style=\"padding-right: 5px\">               <div class=\"kksr-icon\" style=\"width: 24px; height: 24px;\"><\/div>         <\/div>             <div class=\"kksr-star\" style=\"padding-right: 5px\">               <div class=\"kksr-icon\" style=\"width: 24px; height: 24px;\"><\/div>         <\/div>             <div class=\"kksr-star\" style=\"padding-right: 5px\">               <div class=\"kksr-icon\" style=\"width: 24px; height: 24px;\"><\/div>         <\/div>             <div class=\"kksr-star\" style=\"padding-right: 5px\">               <div class=\"kksr-icon\" style=\"width: 24px; height: 24px;\"><\/div>         <\/div>             <div class=\"kksr-star\" style=\"padding-right: 5px\">               <div class=\"kksr-icon\" style=\"width: 24px; height: 24px;\"><\/div>         <\/div>     <\/div> <\/div>                   <div class=\"kksr-legend\" style=\"font-size: 19.2px;\">             5\/5 - (2 oy)    <\/div>     <\/div>  <p class=\"translation-block\"><strong><mark class=\"has-inline-color has-luminous-vivid-amber-color\">b\u00fcy\u00fck taze et dilimleyici<\/mark><\/strong> end\u00fcstriyel s\u0131n\u0131f bir g\u0131da i\u015fleme makinesidir, taze eti e\u015fit kal\u0131nl\u0131kta dilimlemek i\u00e7in tasarlanm\u0131\u015ft\u0131r.<\/p>   <div class=\"wp-block-image\"> <figure class=\"aligncenter size-full\"><img loading=\"lazy\" decoding=\"async\" width=\"720\" height=\"540\" src=\"https:\/\/www.meatprocessingmachine.org\/wp-content\/uploads\/2026\/02\/Large-Fresh-Meat-Slicer.webp\" alt=\"B\u00fcy\u00fck Taze Et Dilimleyici\" class=\"wp-image-34832\" title=\"\" srcset=\"https:\/\/www.meatprocessingmachine.org\/wp-content\/uploads\/2026\/02\/Large-Fresh-Meat-Slicer.webp 720w, https:\/\/www.meatprocessingmachine.org\/wp-content\/uploads\/2026\/02\/Large-Fresh-Meat-Slicer-300x225.webp 300w, https:\/\/www.meatprocessingmachine.org\/wp-content\/uploads\/2026\/02\/Large-Fresh-Meat-Slicer-16x12.webp 16w\" sizes=\"auto, (max-width: 720px) 100vw, 720px\" \/><figcaption class=\"wp-element-caption\">B\u00fcy\u00fck Taze Et Dilimleyici<\/figcaption><\/figure> <\/div>   <p class=\"translation-block\">Taizy,  500\u202fkg\/s  ve  800\u20131000\u202fkg\/s  \u00fcretim kapasitelerine sahip iki ana model sunmaktad\u0131r. Dilimleyici,  2\u201330\u202fmm  aras\u0131nda ayarlanabilir kal\u0131nl\u0131klar\u0131 destekler ve dilimleme ve ikincil kesim i\u015flemleri dahil olmak \u00fczere \u00e7ok i\u015flevli i\u015fleme ger\u00e7ekle\u015ftirebilir.<\/p>    <p>Makine tamamen 304 paslanmaz \u00e7elikten yap\u0131lm\u0131\u015ft\u0131r ve b\u00fcy\u00fck \u00f6l\u00e7ekli et i\u015fleme ihtiya\u00e7lar\u0131n\u0131 kar\u015f\u0131lamak i\u00e7in de\u011fi\u015ftirilebilir b\u0131\u00e7ak aral\u0131\u011f\u0131na sahip mod\u00fcler bir tasar\u0131ma sahiptir, verimlili\u011fi ve \u00fcr\u00fcn standartla\u015ft\u0131rmas\u0131n\u0131 b\u00fcy\u00fck \u00f6l\u00e7\u00fcde art\u0131r\u0131r.<\/p>    <h2 class=\"wp-block-heading\">B\u00fcy\u00fck Taze Et Dilimleyicinin Fonksiyonlar\u0131<\/h2>    <ul class=\"wp-block-list\"> <li><strong>Y\u00fcksek \u00dcretim Kapasitesi<\/strong>: Saatte 1000\u202fkg'a kadar et i\u015fleyebilir, manuel dilimlemeye g\u00f6re verimlili\u011fi 8\u201310 kat art\u0131r\u0131r.<\/li>    <li><strong>\u00c7ok Ama\u00e7l\u0131<\/strong>: Domuz, s\u0131\u011f\u0131r, kuzu ve di\u011fer taze etleri dilimlemek i\u00e7in uygundur.<\/li>    <li><strong>Birden Fazla Kesim Tarz\u0131<\/strong>: Birincil dilimleme ve ikincil kesim i\u015flemlerini tek bir s\u00fcrekli s\u00fcre\u00e7te destekler. Ek ekipman gerekmez.<\/li>    <li><strong>Ayarlanabilir Dilim Kal\u0131nl\u0131\u011f\u0131<\/strong>: B\u0131\u00e7ak aral\u0131\u011f\u0131 de\u011fi\u015ftirilebilir. Dilim kal\u0131nl\u0131\u011f\u0131 2 ile 30\u202fmm aras\u0131nda esnek bir \u015fekilde ayarlanabilir.<\/li>    <li><strong>Kolay Operasyon<\/strong>: Kullan\u0131c\u0131 dostu kontrol sistemi, kararl\u0131 ve s\u00fcrekli \u00e7al\u0131\u015fma sa\u011flar.<\/li> <\/ul>   <div class=\"wp-block-image\"> <figure class=\"aligncenter size-full\"><img loading=\"lazy\" decoding=\"async\" width=\"720\" height=\"540\" src=\"https:\/\/www.meatprocessingmachine.org\/wp-content\/uploads\/2026\/02\/Large-Fresh-Meat-Slicer-for-Beef-Pork-Lamb-and-Chicken.webp\" alt=\"S\u0131\u011f\u0131r, domuz, kuzu ve tavuk i\u00e7in B\u00fcy\u00fck Taze Et Dilimleyici\" class=\"wp-image-34831\" title=\"\" srcset=\"https:\/\/www.meatprocessingmachine.org\/wp-content\/uploads\/2026\/02\/Large-Fresh-Meat-Slicer-for-Beef-Pork-Lamb-and-Chicken.webp 720w, https:\/\/www.meatprocessingmachine.org\/wp-content\/uploads\/2026\/02\/Large-Fresh-Meat-Slicer-for-Beef-Pork-Lamb-and-Chicken-300x225.webp 300w, https:\/\/www.meatprocessingmachine.org\/wp-content\/uploads\/2026\/02\/Large-Fresh-Meat-Slicer-for-Beef-Pork-Lamb-and-Chicken-16x12.webp 16w\" sizes=\"auto, (max-width: 720px) 100vw, 720px\" \/><figcaption class=\"wp-element-caption\">S\u0131\u011f\u0131r, domuz, kuzu ve tavuk i\u00e7in B\u00fcy\u00fck Taze Et Dilimleyici<\/figcaption><\/figure> <\/div>   <h2 class=\"wp-block-heading\">Uygun Hammadde<\/h2>    <p>Farkl\u0131 taze et t\u00fcrlerini dilimlemek i\u00e7in uygundur, bunlar aras\u0131nda:<\/p>    <ul class=\"wp-block-list\"> <li>S\u0131\u011f\u0131r ve kuzu<\/li>    <li>Domuz Eti<\/li>    <li>Tavuk ve di\u011fer k\u00fcmes hayvanlar\u0131<\/li>    <li>Donmu\u015f veya so\u011futulmu\u015f et bloklar\u0131<\/li>    <li>Di\u011fer ticari veya end\u00fcstriyel i\u015flenmi\u015f etler<\/li> <\/ul>    <figure class=\"wp-block-gallery has-nested-images columns-default is-cropped wp-block-gallery-2 is-layout-flex wp-block-gallery-is-layout-flex\"> <figure class=\"wp-block-image size-large\"><img loading=\"lazy\" decoding=\"async\" width=\"720\" height=\"540\" data-id=\"34723\" src=\"https:\/\/www.meatprocessingmachine.org\/wp-content\/uploads\/2026\/02\/Beef.webp\" alt=\"Dana\" class=\"wp-image-34723\" title=\"\" srcset=\"https:\/\/www.meatprocessingmachine.org\/wp-content\/uploads\/2026\/02\/Beef.webp 720w, https:\/\/www.meatprocessingmachine.org\/wp-content\/uploads\/2026\/02\/Beef-300x225.webp 300w, https:\/\/www.meatprocessingmachine.org\/wp-content\/uploads\/2026\/02\/Beef-16x12.webp 16w\" sizes=\"auto, (max-width: 720px) 100vw, 720px\" \/><figcaption class=\"wp-element-caption\">Dana<\/figcaption><\/figure>    <figure class=\"wp-block-image size-large\"><img loading=\"lazy\" decoding=\"async\" width=\"720\" height=\"540\" data-id=\"34724\" src=\"https:\/\/www.meatprocessingmachine.org\/wp-content\/uploads\/2026\/02\/Lamb.webp\" alt=\"Kuzu\" class=\"wp-image-34724\" title=\"\" srcset=\"https:\/\/www.meatprocessingmachine.org\/wp-content\/uploads\/2026\/02\/Lamb.webp 720w, https:\/\/www.meatprocessingmachine.org\/wp-content\/uploads\/2026\/02\/Lamb-300x225.webp 300w, https:\/\/www.meatprocessingmachine.org\/wp-content\/uploads\/2026\/02\/Lamb-16x12.webp 16w\" sizes=\"auto, (max-width: 720px) 100vw, 720px\" \/><figcaption class=\"wp-element-caption\">Kuzu<\/figcaption><\/figure>    <figure class=\"wp-block-image size-large\"><img loading=\"lazy\" decoding=\"async\" width=\"720\" height=\"540\" data-id=\"34772\" src=\"https:\/\/www.meatprocessingmachine.org\/wp-content\/uploads\/2026\/02\/Frozen-Meat.webp\" alt=\"Dondurulmu\u015f Et\" class=\"wp-image-34772\" title=\"\" srcset=\"https:\/\/www.meatprocessingmachine.org\/wp-content\/uploads\/2026\/02\/Frozen-Meat.webp 720w, https:\/\/www.meatprocessingmachine.org\/wp-content\/uploads\/2026\/02\/Frozen-Meat-300x225.webp 300w, https:\/\/www.meatprocessingmachine.org\/wp-content\/uploads\/2026\/02\/Frozen-Meat-16x12.webp 16w\" sizes=\"auto, (max-width: 720px) 100vw, 720px\" \/><figcaption class=\"wp-element-caption\">Dondurulmu\u015f Et<\/figcaption><\/figure> <\/figure>    <h2 class=\"wp-block-heading\">B\u00fcy\u00fck End\u00fcstriyel Taze Et Dilimleme Makinesinin Avantajlar\u0131<\/h2>    <div class=\"wp-block-columns is-layout-flex wp-container-core-columns-is-layout-9d6595d7 wp-block-columns-is-layout-flex\"> <div class=\"wp-block-column is-layout-flow wp-block-column-is-layout-flow\"> <p class=\"has-text-align-center translation-block\"><strong><mark class=\"has-inline-color has-luminous-vivid-amber-color\">G\u00fcvenli ve Dayan\u0131kl\u0131 Malzemeler<\/mark><\/strong><\/p>    <p>Tamamen g\u0131da s\u0131n\u0131f\u0131 304 paslanmaz \u00e7elikten yap\u0131lm\u0131\u015ft\u0131r. G\u0131da hijyen standartlar\u0131n\u0131 kar\u015f\u0131lar, korozyona dayan\u0131kl\u0131d\u0131r, temizlemesi kolayd\u0131r, et kal\u0131nt\u0131lar\u0131n\u0131 ve bakteri b\u00fcy\u00fcmesini azalt\u0131r ve hizmet \u00f6mr\u00fcn\u00fc uzat\u0131r. Y\u00fcksek frekansl\u0131 end\u00fcstriyel \u00fcretim i\u00e7in idealdir.<\/p> <\/div>    <div class=\"wp-block-column is-layout-flow wp-block-column-is-layout-flow\"> <p class=\"has-text-align-center translation-block\"><strong><mark class=\"has-inline-color has-luminous-vivid-amber-color\">Y\u00fcksek Verimlilik ve Enerji Tasarrufu<\/mark><\/strong><\/p>    <p>500\u202fkg\/s ve 800\u20131000\u202fkg\/s kapasiteli iki model, s\u0131ras\u0131yla yaln\u0131zca 750\u202fW ve 1500\u202fW t\u00fcketir. 24 saat s\u00fcrekli \u00e7al\u0131\u015fmay\u0131 destekler, y\u00fcksek \u00e7\u0131kt\u0131 sa\u011flarken enerji tasarrufu yapar.<\/p> <\/div> <\/div>    <div class=\"wp-block-columns is-layout-flex wp-container-core-columns-is-layout-9d6595d7 wp-block-columns-is-layout-flex\"> <div class=\"wp-block-column is-layout-flow wp-block-column-is-layout-flow\"> <p class=\"has-text-align-center translation-block\"><strong><mark class=\"has-inline-color has-luminous-vivid-amber-color\">Esnek Operasyon<\/mark><\/strong><\/p>    <p>B\u0131\u00e7ak aral\u0131\u011f\u0131 ayarlanabilir. Dilim kal\u0131nl\u0131\u011f\u0131 hassas bir \u015fekilde kontrol edilebilir. Uzman personel olmadan kolayca kurulur ve \u00e7al\u0131\u015ft\u0131r\u0131l\u0131r. Et i\u015fleme fabrikalar\u0131 ve b\u00fcy\u00fck \u00f6l\u00e7ekli catering i\u00e7in uygundur.<\/p> <\/div>    <div class=\"wp-block-column is-layout-flow wp-block-column-is-layout-flow\"> <p class=\"has-text-align-center translation-block\"><strong><mark class=\"has-inline-color has-luminous-vivid-amber-color\">Kompakt Yap\u0131 ve Kolay Bak\u0131m<\/mark><\/strong><\/p>    <p>Alan tasarrufu sa\u011flayan tasar\u0131m. Mod\u00fcler bile\u015fenler, kolay s\u00f6kme ve temizleme imkan\u0131 sunar, bak\u0131m maliyetlerini ve duru\u015f s\u00fcrelerini azalt\u0131r.<\/p> <\/div> <\/div>    <div class=\"wp-block-columns is-layout-flex wp-container-core-columns-is-layout-9d6595d7 wp-block-columns-is-layout-flex\"> <div class=\"wp-block-column is-layout-flow wp-block-column-is-layout-flow\"> <p class=\"has-text-align-center translation-block\"><strong><mark class=\"has-inline-color has-luminous-vivid-amber-color\">Kararl\u0131 ve G\u00fcvenli \u00c7al\u0131\u015fma<\/mark><\/strong><\/p>    <p>Olgun mekanik iletim, d\u00fczg\u00fcn, d\u00fc\u015f\u00fck g\u00fcr\u00fclt\u00fcl\u00fc \u00e7al\u0131\u015fma sa\u011flar. Birden fazla g\u00fcvenlik korumas\u0131, operat\u00f6r g\u00fcvenli\u011fini garanti eder.<\/p> <\/div>    <div class=\"wp-block-column is-layout-flow wp-block-column-is-layout-flow\"> <p class=\"has-text-align-center translation-block\"><strong><mark class=\"has-inline-color has-luminous-vivid-amber-color\">Y\u00fcksek Verimlilik ve Enerji Tasarrufu<\/mark><\/strong><\/p>    <p>B\u00fcy\u00fck taze et dilimleyici, d\u00fc\u015f\u00fck enerji t\u00fcketimi ile y\u00fcksek \u00e7\u0131kt\u0131 sa\u011flar, s\u00fcrekli 24 saat \u00e7al\u0131\u015fma deste\u011fi sunar, bu da verimlili\u011fi art\u0131r\u0131rken enerji maliyetlerini azalt\u0131r.<\/p> <\/div> <\/div>   <div class=\"wp-block-image\"> <figure class=\"aligncenter size-full\"><img loading=\"lazy\" decoding=\"async\" width=\"720\" height=\"540\" src=\"https:\/\/www.meatprocessingmachine.org\/wp-content\/uploads\/2026\/02\/Industrial-Fresh-Meat-Slicer.webp\" alt=\"End\u00fcstriyel Taze Et Dilimleyici\" class=\"wp-image-34830\" title=\"\" srcset=\"https:\/\/www.meatprocessingmachine.org\/wp-content\/uploads\/2026\/02\/Industrial-Fresh-Meat-Slicer.webp 720w, https:\/\/www.meatprocessingmachine.org\/wp-content\/uploads\/2026\/02\/Industrial-Fresh-Meat-Slicer-300x225.webp 300w, https:\/\/www.meatprocessingmachine.org\/wp-content\/uploads\/2026\/02\/Industrial-Fresh-Meat-Slicer-16x12.webp 16w\" sizes=\"auto, (max-width: 720px) 100vw, 720px\" \/><figcaption class=\"wp-element-caption\">End\u00fcstriyel Taze Et Dilimleyici<\/figcaption><\/figure> <\/div>   <h2 class=\"wp-block-heading\">Technical Specifications &#8211; Large Fresh Meat Slicer<\/h2>    <figure class=\"wp-block-table\"><table class=\"has-fixed-layout\"><thead><tr><th>Model<\/th><th>CY-QP180<\/th><th>CY-QP200<\/th><\/tr><\/thead><tbody><tr><td>Boyutlar (U\u00d7G\u00d7Y mm)<\/td><td>430 \u00d7 533 \u00d7 860<\/td><td>490 \u00d7 600 \u00d7 1025<\/td><\/tr><tr><td>Ambalaj Boyutu (mm)<\/td><td>587 \u00d7 490 \u00d7 1028<\/td><td>565 \u00d7 685 \u00d7 1210<\/td><\/tr><tr><td>Voltaj \/ Frekans<\/td><td>220\/380\u202fV 50\u202fHz<\/td><td>220\/380\u202fV 50\u202fHz<\/td><\/tr><tr><td>Kapasite<\/td><td>500\u202fkg\/s<\/td><td>800\u20131000\u202fkg\/s<\/td><\/tr><tr><td>G\u00fc\u00e7<\/td><td>750\u202fW<\/td><td>1500\u202fW<\/td><\/tr><tr><td>Net A\u011f\u0131rl\u0131k<\/td><td>70\u202fkg<\/td><td>90\u202fkg<\/td><\/tr><tr><td>Br\u00fct A\u011f\u0131rl\u0131k<\/td><td>91.5\u202fkg<\/td><td>115\u202fkg<\/td><\/tr><tr><td>Dilim Kal\u0131nl\u0131\u011f\u0131<\/td><td>2\u201330\u202fmm<\/td><td>2\u201330\u202fmm<\/td><\/tr><\/tbody><\/table><\/figure>    <ul class=\"wp-block-list\"> <li><strong>CY-QP180<\/strong>: Kapasite 500\u202fkg\/s, g\u00fc\u00e7 750\u202fW, kompakt boyut, k\u00fc\u00e7\u00fck ve orta \u00f6l\u00e7ekli i\u015fleme tesisleri i\u00e7in uygundur.<\/li>    <li><strong>CY-QP200<\/strong>: Kapasite 800\u20131000\u202fkg\/s, g\u00fc\u00e7 1500\u202fW, daha b\u00fcy\u00fck g\u00f6vde, y\u00fcksek hacimli i\u015fleme ihtiya\u00e7lar\u0131 i\u00e7in uygundur.<\/li>    <li><strong>Ortak \u00d6zellikler<\/strong>: Ayarlanabilir dilim kal\u0131nl\u0131\u011f\u0131 2\u201330\u202fmm, ayn\u0131 malzemeler ve fonksiyonlar; ana farkl\u0131l\u0131klar kapasite, g\u00fc\u00e7 ve boyuttur.<\/li> <\/ul>    <figure class=\"wp-block-gallery has-nested-images columns-default is-cropped wp-block-gallery-3 is-layout-flex wp-block-gallery-is-layout-flex\"> <figure class=\"wp-block-image size-large\"><img loading=\"lazy\" decoding=\"async\" width=\"720\" height=\"540\" data-id=\"34829\" src=\"https:\/\/www.meatprocessingmachine.org\/wp-content\/uploads\/2026\/02\/Commercial-Meat-Sliceing-Machine.webp\" alt=\"Ticari Et Dilimleme Makinesi\" class=\"wp-image-34829\" title=\"\" srcset=\"https:\/\/www.meatprocessingmachine.org\/wp-content\/uploads\/2026\/02\/Commercial-Meat-Sliceing-Machine.webp 720w, https:\/\/www.meatprocessingmachine.org\/wp-content\/uploads\/2026\/02\/Commercial-Meat-Sliceing-Machine-300x225.webp 300w, https:\/\/www.meatprocessingmachine.org\/wp-content\/uploads\/2026\/02\/Commercial-Meat-Sliceing-Machine-16x12.webp 16w\" sizes=\"auto, (max-width: 720px) 100vw, 720px\" \/><figcaption class=\"wp-element-caption\">Ticari Et Dilimleme Makinesi<\/figcaption><\/figure>    <figure class=\"wp-block-image size-large\"><img loading=\"lazy\" decoding=\"async\" width=\"720\" height=\"540\" data-id=\"34828\" src=\"https:\/\/www.meatprocessingmachine.org\/wp-content\/uploads\/2026\/02\/Automatic-Large-Meat-Slicer-for-Fresh-or-Frozen-Meat.webp\" alt=\"Otomatik et t\u00fcts\u00fcleme makinesi, bal\u0131k, sosis t\u00fcts\u00fclemek i\u00e7in\" class=\"wp-image-34828\" title=\"\" srcset=\"https:\/\/www.meatprocessingmachine.org\/wp-content\/uploads\/2026\/02\/Automatic-Large-Meat-Slicer-for-Fresh-or-Frozen-Meat.webp 720w, https:\/\/www.meatprocessingmachine.org\/wp-content\/uploads\/2026\/02\/Automatic-Large-Meat-Slicer-for-Fresh-or-Frozen-Meat-300x225.webp 300w, https:\/\/www.meatprocessingmachine.org\/wp-content\/uploads\/2026\/02\/Automatic-Large-Meat-Slicer-for-Fresh-or-Frozen-Meat-16x12.webp 16w\" sizes=\"auto, (max-width: 720px) 100vw, 720px\" \/><figcaption class=\"wp-element-caption\">Otomatik B\u00fcy\u00fck Et Dilimleyici Taze veya Donmu\u015f Et \u0130\u00e7in<\/figcaption><\/figure> <\/figure>    <h2 class=\"wp-block-heading\">Neden Taizy'yi Se\u00e7melisiniz?<\/h2>    <p>Taizy, y\u00fcksek kaliteli ve g\u00fcvenilir g\u0131da i\u015fleme ekipmanlar\u0131 sa\u011flamaya kendini adam\u0131\u015ft\u0131r. B\u00fcy\u00fck taze et dilimleyicinin avantajlar\u0131 \u015funlard\u0131r:<\/p>    <p class=\"translation-block\"><strong>Uluslararas\u0131 Sertifikalar<\/strong><\/p>    <ul class=\"wp-block-list\"> <li>Sertifikal\u0131d\u0131r <strong>ISO9001, CE, SGS ve TUV<\/strong>, k\u00fcresel g\u0131da ekipmanlar\u0131 g\u00fcvenlik standartlar\u0131n\u0131 kar\u015f\u0131lar.<\/li> <\/ul>    <p class=\"translation-block\"><strong>Bir Y\u0131l Garanti<\/strong><\/p>    <ul class=\"wp-block-list\"> <li>Ekipman\u0131n g\u00fcvenilir performans\u0131n\u0131 ve uzun vadeli istikrar\u0131n\u0131 sa\u011flar.<\/li> <\/ul>    <p class=\"translation-block\"><strong>Kapsaml\u0131 Sat\u0131\u015f Sonras\u0131 Hizmet<\/strong><\/p>    <ul class=\"wp-block-list\"> <li>Detayl\u0131 kurulum k\u0131lavuzlar\u0131, uzaktan kurulum rehberli\u011fi ve gerekti\u011finde yerinde m\u00fchendis deste\u011fi i\u00e7erir.<\/li> <\/ul>    <p class=\"translation-block\"><strong>Dayan\u0131kl\u0131 ve G\u00fcvenli<\/strong><\/p>    <ul class=\"wp-block-list\"> <li>T\u00fcm makinelerimiz, voltaj, fi\u015f tipi, malzeme gereksinimleri ve di\u011fer spesifikasyonlar dahil olmak \u00fczere \u00f6zelle\u015ftirmeyi destekler. Profesyonel \u00f6neriler ve \u00f6zel \u00e7\u00f6z\u00fcmler i\u00e7in bizimle ileti\u015fime ge\u00e7mekten memnuniyet duyar\u0131z.<\/li> <\/ul>   <div class=\"wp-block-image\"> <figure class=\"aligncenter size-full\"><img loading=\"lazy\" decoding=\"async\" width=\"720\" height=\"540\" src=\"https:\/\/www.meatprocessingmachine.org\/wp-content\/uploads\/2026\/02\/Meat-Slicing-Machine-2.webp\" alt=\"Et Dilimleme Makinesi\" class=\"wp-image-34834\" title=\"\" srcset=\"https:\/\/www.meatprocessingmachine.org\/wp-content\/uploads\/2026\/02\/Meat-Slicing-Machine-2.webp 720w, https:\/\/www.meatprocessingmachine.org\/wp-content\/uploads\/2026\/02\/Meat-Slicing-Machine-2-300x225.webp 300w, https:\/\/www.meatprocessingmachine.org\/wp-content\/uploads\/2026\/02\/Meat-Slicing-Machine-2-16x12.webp 16w\" sizes=\"auto, (max-width: 720px) 100vw, 720px\" \/><figcaption class=\"wp-element-caption\">Et Dilimleme Makinesi<\/figcaption><\/figure> <\/div>   <h2 class=\"wp-block-heading\">\u0130lgili \u00dcr\u00fcnler \u00d6nerisi<\/h2>    <p class=\"translation-block\">Daha k\u00fc\u00e7\u00fck kapasiteli<strong><a href=\"https:\/\/www.meatprocessingmachine.org\/tr\/meat-slicing-machine.html\/\"> taze et dilimleyici<\/a><\/strong> gerekiyorsa, daha fazla se\u00e7enek i\u00e7in bizimle ileti\u015fime ge\u00e7mekten \u00e7ekinmeyin. Farkl\u0131 \u00fcretim ihtiya\u00e7lar\u0131n\u0131 kar\u015f\u0131lamak i\u00e7in \u00e7e\u015fitli modeller sunuyoruz.<\/p>   <div class=\"wp-block-image\"> <figure class=\"aligncenter size-full\"><img loading=\"lazy\" decoding=\"async\" width=\"720\" height=\"540\" src=\"https:\/\/www.meatprocessingmachine.org\/wp-content\/uploads\/2026\/02\/Meat-Slicing-Machine.webp\" alt=\"Et Dilimleme Makinesi\" class=\"wp-image-34650\" title=\"\" srcset=\"https:\/\/www.meatprocessingmachine.org\/wp-content\/uploads\/2026\/02\/Meat-Slicing-Machine.webp 720w, https:\/\/www.meatprocessingmachine.org\/wp-content\/uploads\/2026\/02\/Meat-Slicing-Machine-300x225.webp 300w, https:\/\/www.meatprocessingmachine.org\/wp-content\/uploads\/2026\/02\/Meat-Slicing-Machine-16x12.webp 16w\" sizes=\"auto, (max-width: 720px) 100vw, 720px\" \/><figcaption class=\"wp-element-caption\">Et Dilimleme Makinesi<\/figcaption><\/figure> <\/div>   <p>T\u00fcm makinelerimiz \u00f6zelle\u015ftirmeyi destekler, voltaj, fi\u015f tipi, malzeme gereksinimleri ve di\u011fer spesifikasyonlar dahil. Profesyonel \u00f6neriler ve \u00f6zel \u00e7\u00f6z\u00fcmler i\u00e7in bizimle ileti\u015fime ge\u00e7mekten memnuniyet duyar\u0131z.<\/p>    <p><\/p>","protected":false},"excerpt":{"rendered":"<p>The large fresh meat slicer is an industrial-grade food processing machine designed for efficiently slicing fresh meat into uniform thickness.<\/p>","protected":false},"author":1,"featured_media":34835,"parent":0,"template":"","product-type":[582,583,589],"class_list":["post-34827","product","type-product","status-publish","has-post-thumbnail","hentry","product-type-cattle-sheep","product-type-chicken-turkey","product-type-meat-cutting-machine"],"_links":{"self":[{"href":"https:\/\/www.meatprocessingmachine.org\/tr\/wp-json\/wp\/v2\/product\/34827","targetHints":{"allow":["GET"]}}],"collection":[{"href":"https:\/\/www.meatprocessingmachine.org\/tr\/wp-json\/wp\/v2\/product"}],"about":[{"href":"https:\/\/www.meatprocessingmachine.org\/tr\/wp-json\/wp\/v2\/types\/product"}],"author":[{"embeddable":true,"href":"https:\/\/www.meatprocessingmachine.org\/tr\/wp-json\/wp\/v2\/users\/1"}],"wp:featuredmedia":[{"embeddable":true,"href":"https:\/\/www.meatprocessingmachine.org\/tr\/wp-json\/wp\/v2\/media\/34835"}],"wp:attachment":[{"href":"https:\/\/www.meatprocessingmachine.org\/tr\/wp-json\/wp\/v2\/media?parent=34827"}],"wp:term":[{"taxonomy":"product-type","embeddable":true,"href":"https:\/\/www.meatprocessingmachine.org\/tr\/wp-json\/wp\/v2\/product-type?post=34827"}],"curies":[{"name":"wp","href":"https:\/\/api.w.org\/{rel}","templated":true}]}}