{"id":53,"date":"2018-10-25T03:50:05","date_gmt":"2018-10-24T19:50:05","guid":{"rendered":"http:\/\/www.meatprocessingmachine.org\/?p=53"},"modified":"2026-02-12T16:43:38","modified_gmt":"2026-02-12T08:43:38","slug":"meat-saline-injection-machine","status":"publish","type":"product","link":"https:\/\/www.meatprocessingmachine.org\/tr\/meat-saline-injection-machine.html","title":{"rendered":"Tuzlu Su Enjekt\u00f6r Makinesi | Salin Enjeksiyon Makinesi"},"content":{"rendered":"<div class=\"kk-star-ratings kksr-auto kksr-align-right kksr-valign-top\"     data-payload='{&quot;align&quot;:&quot;right&quot;,&quot;id&quot;:&quot;53&quot;,&quot;slug&quot;:&quot;default&quot;,&quot;valign&quot;:&quot;top&quot;,&quot;ignore&quot;:&quot;&quot;,&quot;reference&quot;:&quot;auto&quot;,&quot;class&quot;:&quot;&quot;,&quot;count&quot;:&quot;0&quot;,&quot;legendonly&quot;:&quot;&quot;,&quot;readonly&quot;:&quot;&quot;,&quot;score&quot;:&quot;0&quot;,&quot;starsonly&quot;:&quot;&quot;,&quot;best&quot;:&quot;5&quot;,&quot;gap&quot;:&quot;5&quot;,&quot;greet&quot;:&quot;Rate this product&quot;,&quot;legend&quot;:&quot;0\\\/5 - (0 votes)&quot;,&quot;size&quot;:&quot;24&quot;,&quot;title&quot;:&quot;Brine injector machine | saline injection machine&quot;,&quot;width&quot;:&quot;0&quot;,&quot;_legend&quot;:&quot;{score}\\\/{best} - ({count} {votes})&quot;,&quot;font_factor&quot;:&quot;1.25&quot;}'>              <div class=\"kksr-stars\">      <div class=\"kksr-stars-inactive\">             <div class=\"kksr-star\" data-star=\"1\" style=\"padding-right: 5px\">               <div class=\"kksr-icon\" style=\"width: 24px; height: 24px;\"><\/div>         <\/div>             <div class=\"kksr-star\" data-star=\"2\" style=\"padding-right: 5px\">               <div class=\"kksr-icon\" style=\"width: 24px; height: 24px;\"><\/div>         <\/div>             <div class=\"kksr-star\" data-star=\"3\" style=\"padding-right: 5px\">               <div class=\"kksr-icon\" style=\"width: 24px; height: 24px;\"><\/div>         <\/div>             <div class=\"kksr-star\" data-star=\"4\" style=\"padding-right: 5px\">               <div class=\"kksr-icon\" style=\"width: 24px; height: 24px;\"><\/div>         <\/div>             <div class=\"kksr-star\" data-star=\"5\" style=\"padding-right: 5px\">               <div class=\"kksr-icon\" style=\"width: 24px; height: 24px;\"><\/div>         <\/div>     <\/div>      <div class=\"kksr-stars-active\" style=\"width: 0px;\">             <div class=\"kksr-star\" style=\"padding-right: 5px\">               <div class=\"kksr-icon\" style=\"width: 24px; height: 24px;\"><\/div>         <\/div>             <div class=\"kksr-star\" style=\"padding-right: 5px\">               <div class=\"kksr-icon\" style=\"width: 24px; height: 24px;\"><\/div>         <\/div>             <div class=\"kksr-star\" style=\"padding-right: 5px\">               <div class=\"kksr-icon\" style=\"width: 24px; height: 24px;\"><\/div>         <\/div>             <div class=\"kksr-star\" style=\"padding-right: 5px\">               <div class=\"kksr-icon\" style=\"width: 24px; height: 24px;\"><\/div>         <\/div>             <div class=\"kksr-star\" style=\"padding-right: 5px\">               <div class=\"kksr-icon\" style=\"width: 24px; height: 24px;\"><\/div>         <\/div>     <\/div> <\/div>                   <div class=\"kksr-legend\" style=\"font-size: 19.2px;\">             <span class=\"kksr-muted\">Bu \u00fcr\u00fcn\u00fc de\u011ferlendirin<\/span>     <\/div>     <\/div> <p>Bu salin enjekt\u00f6r makinesi, etin tam marine edilmesi i\u00e7in salin, ni\u015fasta, soya proteini ve di\u011fer yard\u0131mc\u0131 maddeleri enjekte eder. Geli\u015fmi\u015f teknoloji ve mekanik cihazlar kullan\u0131larak h\u0131zl\u0131 marine sa\u011flar, lezzeti art\u0131r\u0131r, etin besin de\u011ferini korur, vb.<\/p> <h2>Otomatik salin enjekt\u00f6r\u00fc \u00c7al\u0131\u015fma prensibi<\/h2> <p>\u00a0 1. Salin enjeksiyon makinesi, di\u015f formu ad\u0131m kullanarak eti besler, hassas ad\u0131m mesafesi ile. Et malzemeleri, desteklemek i\u00e7in \u00fc\u00e7 \u00e7\u0131kar\u0131labilir \u0131zgara \u00e7ubu\u011fu kullan\u0131r ve giri\u015f i\u011fnesi, kontrol etmek i\u00e7in yay kullan\u0131r, b\u00f6ylece kemi\u011fi olan eti enjekte eder.<\/p> <p>\u00a0 2. Bu makine, farkl\u0131 et malzemelerine g\u00f6re ad\u0131m h\u0131z\u0131n\u0131, ad\u0131m mesafesini, et pres levhas\u0131 aral\u0131\u011f\u0131n\u0131 ve enjeksiyon bas\u0131nc\u0131n\u0131 ayarlayabilir, b\u00f6ylece ideal sonucu elde eder.<\/p> <p>\u00a0 3. Bu makine, i\u011fne t\u0131kanmas\u0131n\u0131 \u00f6nlemek i\u00e7in d\u00f6rt seviyeli filtrasyon kullan\u0131r, et i\u015fleme i\u00e7in idealdir.<\/p>   <figure class=\"wp-block-image size-large is-resized\"><img loading=\"lazy\" decoding=\"async\" src=\"http:\/\/www.meatprocessingmachine.org\/wp-content\/uploads\/2018\/10\/Brine-injector-machine.jpg\" alt=\"Salin Enjeksiyon Makinesi\" class=\"wp-image-702\" width=\"691\" height=\"691\" title=\"\" srcset=\"https:\/\/www.meatprocessingmachine.org\/wp-content\/uploads\/2018\/10\/Brine-injector-machine.jpg 550w, https:\/\/www.meatprocessingmachine.org\/wp-content\/uploads\/2018\/10\/Brine-injector-machine-300x300.jpg 300w, https:\/\/www.meatprocessingmachine.org\/wp-content\/uploads\/2018\/10\/Brine-injector-machine-150x150.jpg 150w\" sizes=\"auto, (max-width: 691px) 100vw, 691px\" \/><figcaption class=\"wp-element-caption\">Tuz Enjekt\u00f6r Makinesi<\/figcaption><\/figure>    <h2 class=\"wp-block-heading\">Salin Enjeksiyon Makinesinin Teknik Parametresi<\/h2>    <figure class=\"wp-block-gallery has-nested-images columns-default is-cropped wp-block-gallery-2 is-layout-flex wp-block-gallery-is-layout-flex\"> <figure class=\"wp-block-image size-large\"><img loading=\"lazy\" decoding=\"async\" width=\"720\" height=\"540\" data-id=\"34217\" src=\"https:\/\/www.meatprocessingmachine.org\/wp-content\/uploads\/2018\/10\/Brine-injector-machine-details.webp\" alt=\"Salin Enjeksiyon Makinesi Detaylar\u0131\" class=\"wp-image-34217\" title=\"\" srcset=\"https:\/\/www.meatprocessingmachine.org\/wp-content\/uploads\/2018\/10\/Brine-injector-machine-details.webp 720w, https:\/\/www.meatprocessingmachine.org\/wp-content\/uploads\/2018\/10\/Brine-injector-machine-details-300x225.webp 300w\" sizes=\"auto, (max-width: 720px) 100vw, 720px\" \/><figcaption class=\"wp-element-caption\">Salin Enjeksiyon Makinesi Detaylar\u0131<\/figcaption><\/figure>    <figure class=\"wp-block-image size-large\"><img loading=\"lazy\" decoding=\"async\" width=\"720\" height=\"540\" data-id=\"34218\" src=\"https:\/\/www.meatprocessingmachine.org\/wp-content\/uploads\/2018\/10\/Brine-injector-machine-details-1.webp\" alt=\"Salin Enjeksiyon Makinesi Detaylar\u0131\" class=\"wp-image-34218\" title=\"\" srcset=\"https:\/\/www.meatprocessingmachine.org\/wp-content\/uploads\/2018\/10\/Brine-injector-machine-details-1.webp 720w, https:\/\/www.meatprocessingmachine.org\/wp-content\/uploads\/2018\/10\/Brine-injector-machine-details-1-300x225.webp 300w\" sizes=\"auto, (max-width: 720px) 100vw, 720px\" \/><figcaption class=\"wp-element-caption\">Salin Enjeksiyon Makinesi Detaylar\u0131<\/figcaption><\/figure>    <figure class=\"wp-block-image size-large\"><img loading=\"lazy\" decoding=\"async\" width=\"720\" height=\"540\" data-id=\"34219\" src=\"https:\/\/www.meatprocessingmachine.org\/wp-content\/uploads\/2018\/10\/Brine-injector-machine-details-2.webp\" alt=\"Salin Enjeksiyon Makinesi Detaylar\u0131\" class=\"wp-image-34219\" title=\"\" srcset=\"https:\/\/www.meatprocessingmachine.org\/wp-content\/uploads\/2018\/10\/Brine-injector-machine-details-2.webp 720w, https:\/\/www.meatprocessingmachine.org\/wp-content\/uploads\/2018\/10\/Brine-injector-machine-details-2-300x225.webp 300w\" sizes=\"auto, (max-width: 720px) 100vw, 720px\" \/><figcaption class=\"wp-element-caption\">Salin Enjeksiyon Makinesi Detaylar\u0131<\/figcaption><\/figure>    <figure class=\"wp-block-image size-large\"><img loading=\"lazy\" decoding=\"async\" width=\"720\" height=\"540\" data-id=\"34220\" src=\"https:\/\/www.meatprocessingmachine.org\/wp-content\/uploads\/2018\/10\/Brine-injector-machine-details-3.webp\" alt=\"Salin Enjeksiyon Makinesi Detaylar\u0131\" class=\"wp-image-34220\" title=\"\" srcset=\"https:\/\/www.meatprocessingmachine.org\/wp-content\/uploads\/2018\/10\/Brine-injector-machine-details-3.webp 720w, https:\/\/www.meatprocessingmachine.org\/wp-content\/uploads\/2018\/10\/Brine-injector-machine-details-3-300x225.webp 300w\" sizes=\"auto, (max-width: 720px) 100vw, 720px\" \/><figcaption class=\"wp-element-caption\">Salin Enjeksiyon Makinesi Detaylar\u0131<\/figcaption><\/figure> <\/figure>    <figure class=\"wp-block-table\"><table><tbody><tr><td>Model<\/td><td>SL-48<\/td><td>SL-60<\/td><td>SL-80<\/td><td>SL-108<\/td><td>SL-180<\/td><\/tr><tr><td>Gerilim(v)<\/td><td>&nbsp;380<\/td><td>&nbsp;380<\/td><td>&nbsp;380<\/td><td>&nbsp;380<\/td><td>&nbsp;380<\/td><\/tr><tr><td>G\u00fc\u00e7(kW)<\/td><td>&nbsp;4.1<\/td><td>&nbsp;4.1<\/td><td>&nbsp;5.1<\/td><td>&nbsp;6.2<\/td><td>&nbsp;7<\/td><\/tr><tr><td>Kapasite(kg\/h)<\/td><td>&nbsp;200-300<\/td><td>&nbsp;300-500<\/td><td>500-700&nbsp;<\/td><td>700-900&nbsp;<\/td><td>900-1000&nbsp;<\/td><\/tr><tr><td>Enjeksiyon Bas\u0131nc\u0131(Mpa)<\/td><td>&nbsp;0.45-0.9<\/td><td>&nbsp;&nbsp;0.45-0.9<\/td><td>&nbsp;&nbsp;0.45-0.9<\/td><td>&nbsp;&nbsp;0.45-0.9<\/td><td>&nbsp;&nbsp;0.45-0.9<\/td><\/tr><tr><td>Enjeksiyon S\u00fcresi<\/td><td>&nbsp;15-40<\/td><td>15-40&nbsp;<\/td><td>15-50&nbsp;<\/td><td>15-50&nbsp;<\/td><td>15-50&nbsp;<\/td><\/tr><tr><td>Enjeksiyon Oran\u0131<\/td><td>&nbsp;40-80%<\/td><td>40-80%&nbsp;<\/td><td>&nbsp;40-80%<\/td><td>&nbsp;60-90%<\/td><td>&nbsp;60-90%<\/td><\/tr><tr><td>Y\u00fcr\u00fcy\u00fc\u015f H\u0131z\u0131<\/td><td>&nbsp;40-70<\/td><td>&nbsp;40-70<\/td><td>&nbsp;40-70<\/td><td>40-70&nbsp;<\/td><td>&nbsp;40-70<\/td><\/tr><tr><td>Boyut<br>(mm)<\/td><td>1350*750<br>*1650&nbsp;<\/td><td>&nbsp;1550*880<br>*1650<\/td><td>&nbsp;1550*1060<br>*1720<\/td><td>&nbsp;1850*1350<br>*1800<\/td><td>&nbsp;1950*1350<br>*1850<\/td><\/tr><tr><td>Ana bile\u015fenler 304 y\u00fcksek kaliteli paslanmaz \u00e7elikten yap\u0131lm\u0131\u015ft\u0131r, g\u00fcvenilir ve dayan\u0131kl\u0131d\u0131r, kolayca temizlenir ve g\u0131da g\u00fcvenli\u011fi gereksinimlerini kar\u015f\u0131lar.<\/td><td>&nbsp;250<\/td><td>320&nbsp;<\/td><td>320&nbsp;<\/td><td>430&nbsp;<\/td><td>520&nbsp;<\/td><\/tr><\/tbody><\/table><figcaption class=\"wp-element-caption\">salin enjeksiyon makinesi<\/figcaption><\/figure>    <h2 class=\"wp-block-heading\">Salin Enjeksiyon Makinesi Nas\u0131l Kullan\u0131l\u0131r?<\/h2>    <figure class=\"wp-block-gallery has-nested-images columns-default is-cropped wp-block-gallery-3 is-layout-flex wp-block-gallery-is-layout-flex\"> <figure class=\"wp-block-image size-large\"><img loading=\"lazy\" decoding=\"async\" width=\"720\" height=\"540\" data-id=\"34221\" src=\"https:\/\/www.meatprocessingmachine.org\/wp-content\/uploads\/2018\/10\/saline-injection-machine.webp\" alt=\"salin enjeksiyon makinesi\" class=\"wp-image-34221\" title=\"\" srcset=\"https:\/\/www.meatprocessingmachine.org\/wp-content\/uploads\/2018\/10\/saline-injection-machine.webp 720w, https:\/\/www.meatprocessingmachine.org\/wp-content\/uploads\/2018\/10\/saline-injection-machine-300x225.webp 300w\" sizes=\"auto, (max-width: 720px) 100vw, 720px\" \/><figcaption class=\"wp-element-caption\">Salin Enjeksiyon Makinesi<\/figcaption><\/figure>    <figure class=\"wp-block-image size-large\"><img loading=\"lazy\" decoding=\"async\" width=\"720\" height=\"540\" data-id=\"34223\" src=\"https:\/\/www.meatprocessingmachine.org\/wp-content\/uploads\/2018\/10\/saline-injection-machine-1.webp\" alt=\"salin enjeksiyon makinesi\" class=\"wp-image-34223\" title=\"\" srcset=\"https:\/\/www.meatprocessingmachine.org\/wp-content\/uploads\/2018\/10\/saline-injection-machine-1.webp 720w, https:\/\/www.meatprocessingmachine.org\/wp-content\/uploads\/2018\/10\/saline-injection-machine-1-300x225.webp 300w\" sizes=\"auto, (max-width: 720px) 100vw, 720px\" \/><figcaption class=\"wp-element-caption\">Salin Enjeksiyon Makinesi<\/figcaption><\/figure> <\/figure>    <p class=\"translation-block\">Salin enjeksiyon makinesi,  d\u00f6nd\u00fcrme makinesi ile uyumlu \u00e7al\u0131\u015fabilir, i\u015fleme s\u00fcresini azaltabilir ve d\u00f6nd\u00fcrme makinesi, enjeksiyon sonras\u0131 salin dengesizli\u011fini \u00e7\u00f6zebilir, birbirini tamamlar.<\/p>   <h2>Salin Enjeksiyon Makinesi \u00d6zellikleri<\/h2> <p>1. Basit yap\u0131 ve kullan\u0131\u015fl\u0131 operasyon ile SUS 304 Paslanmaz \u00c7elik malzemeler kullan\u0131r.<br>2. Mant\u0131kl\u0131 tasar\u0131m ve yap\u0131, kolay temizleme, uzun hizmet \u00f6mr\u00fc.<br>3. Bu makine, giri\u015f i\u011fnesi herhangi bir sert maddeye dokundu\u011funda zarar vermeden yukar\u0131 kalkacak otomatik koruma cihaz\u0131 ile donat\u0131lm\u0131\u015ft\u0131r. <br>4. Da\u011f\u0131t\u0131m kutusu paslanmaz \u00e7elik su ge\u00e7irmez<\/p>   <figure class=\"wp-block-gallery has-nested-images columns-default is-cropped wp-block-gallery-4 is-layout-flex wp-block-gallery-is-layout-flex\"> <figure class=\"wp-block-image size-large\"><img loading=\"lazy\" decoding=\"async\" width=\"720\" height=\"540\" data-id=\"34215\" src=\"https:\/\/www.meatprocessingmachine.org\/wp-content\/uploads\/2018\/10\/Brine-injector-machine-3.webp\" alt=\"Salin Enjeksiyon Makinesi\" class=\"wp-image-34215\" title=\"\" srcset=\"https:\/\/www.meatprocessingmachine.org\/wp-content\/uploads\/2018\/10\/Brine-injector-machine-3.webp 720w, https:\/\/www.meatprocessingmachine.org\/wp-content\/uploads\/2018\/10\/Brine-injector-machine-3-300x225.webp 300w\" sizes=\"auto, (max-width: 720px) 100vw, 720px\" \/><figcaption class=\"wp-element-caption\">Salin Enjeksiyon Makinesi<\/figcaption><\/figure>    <figure class=\"wp-block-image size-large\"><img loading=\"lazy\" decoding=\"async\" width=\"720\" height=\"540\" data-id=\"34214\" src=\"https:\/\/www.meatprocessingmachine.org\/wp-content\/uploads\/2018\/10\/Brine-injector-machine-2.webp\" alt=\"Salin Enjeksiyon Makinesi Detaylar\u0131\" class=\"wp-image-34214\" title=\"\" srcset=\"https:\/\/www.meatprocessingmachine.org\/wp-content\/uploads\/2018\/10\/Brine-injector-machine-2.webp 720w, https:\/\/www.meatprocessingmachine.org\/wp-content\/uploads\/2018\/10\/Brine-injector-machine-2-300x225.webp 300w\" sizes=\"auto, (max-width: 720px) 100vw, 720px\" \/><figcaption class=\"wp-element-caption\">Salin Enjeksiyon Makinesi Detaylar\u0131<\/figcaption><\/figure>    <figure class=\"wp-block-image size-large\"><img loading=\"lazy\" decoding=\"async\" width=\"720\" height=\"540\" data-id=\"34213\" src=\"https:\/\/www.meatprocessingmachine.org\/wp-content\/uploads\/2018\/10\/Brine-injector-machine-1.webp\" alt=\"Salin Enjeksiyon Makinesi\" class=\"wp-image-34213\" title=\"\" srcset=\"https:\/\/www.meatprocessingmachine.org\/wp-content\/uploads\/2018\/10\/Brine-injector-machine-1.webp 720w, https:\/\/www.meatprocessingmachine.org\/wp-content\/uploads\/2018\/10\/Brine-injector-machine-1-300x225.webp 300w\" sizes=\"auto, (max-width: 720px) 100vw, 720px\" \/><figcaption class=\"wp-element-caption\">Salin Enjeksiyon Makinesi<\/figcaption><\/figure> <\/figure>","protected":false},"excerpt":{"rendered":"<p>Brine injector machine is used to inject salt water, starch, protein and other auxiliary materials into meat for full pickling so as to achieve quick pickling, improve taste and maintain meat nutrition<\/p>","protected":false},"author":1,"featured_media":34211,"parent":0,"template":"","product-type":[598],"class_list":["post-53","product","type-product","status-publish","has-post-thumbnail","hentry","product-type-supporting-auxiliary-equipment"],"_links":{"self":[{"href":"https:\/\/www.meatprocessingmachine.org\/tr\/wp-json\/wp\/v2\/product\/53","targetHints":{"allow":["GET"]}}],"collection":[{"href":"https:\/\/www.meatprocessingmachine.org\/tr\/wp-json\/wp\/v2\/product"}],"about":[{"href":"https:\/\/www.meatprocessingmachine.org\/tr\/wp-json\/wp\/v2\/types\/product"}],"author":[{"embeddable":true,"href":"https:\/\/www.meatprocessingmachine.org\/tr\/wp-json\/wp\/v2\/users\/1"}],"wp:featuredmedia":[{"embeddable":true,"href":"https:\/\/www.meatprocessingmachine.org\/tr\/wp-json\/wp\/v2\/media\/34211"}],"wp:attachment":[{"href":"https:\/\/www.meatprocessingmachine.org\/tr\/wp-json\/wp\/v2\/media?parent=53"}],"wp:term":[{"taxonomy":"product-type","embeddable":true,"href":"https:\/\/www.meatprocessingmachine.org\/tr\/wp-json\/wp\/v2\/product-type?post=53"}],"curies":[{"name":"wp","href":"https:\/\/api.w.org\/{rel}","templated":true}]}}