{"id":764,"date":"2020-06-22T06:39:37","date_gmt":"2020-06-21T22:39:37","guid":{"rendered":"http:\/\/www.meatprocessingmachine.org\/?p=764"},"modified":"2026-02-12T16:40:44","modified_gmt":"2026-02-12T08:40:44","slug":"vacuum-stuffing-machine","status":"publish","type":"product","link":"https:\/\/www.meatprocessingmachine.org\/tr\/vacuum-stuffing-machine.html","title":{"rendered":"Vakum Doldurma Makinesi"},"content":{"rendered":"<div class=\"kk-star-ratings kksr-auto kksr-align-right kksr-valign-top\"     data-payload='{&quot;align&quot;:&quot;right&quot;,&quot;id&quot;:&quot;764&quot;,&quot;slug&quot;:&quot;default&quot;,&quot;valign&quot;:&quot;top&quot;,&quot;ignore&quot;:&quot;&quot;,&quot;reference&quot;:&quot;auto&quot;,&quot;class&quot;:&quot;&quot;,&quot;count&quot;:&quot;0&quot;,&quot;legendonly&quot;:&quot;&quot;,&quot;readonly&quot;:&quot;&quot;,&quot;score&quot;:&quot;0&quot;,&quot;starsonly&quot;:&quot;&quot;,&quot;best&quot;:&quot;5&quot;,&quot;gap&quot;:&quot;5&quot;,&quot;greet&quot;:&quot;Rate this product&quot;,&quot;legend&quot;:&quot;0\\\/5 - (0 votes)&quot;,&quot;size&quot;:&quot;24&quot;,&quot;title&quot;:&quot;Vacuum Stuffing Machine&quot;,&quot;width&quot;:&quot;0&quot;,&quot;_legend&quot;:&quot;{score}\\\/{best} - ({count} {votes})&quot;,&quot;font_factor&quot;:&quot;1.25&quot;}'>              <div class=\"kksr-stars\">      <div class=\"kksr-stars-inactive\">             <div class=\"kksr-star\" data-star=\"1\" style=\"padding-right: 5px\">               <div class=\"kksr-icon\" style=\"width: 24px; height: 24px;\"><\/div>         <\/div>             <div class=\"kksr-star\" data-star=\"2\" style=\"padding-right: 5px\">               <div class=\"kksr-icon\" style=\"width: 24px; height: 24px;\"><\/div>         <\/div>             <div class=\"kksr-star\" data-star=\"3\" style=\"padding-right: 5px\">               <div class=\"kksr-icon\" style=\"width: 24px; height: 24px;\"><\/div>         <\/div>             <div class=\"kksr-star\" data-star=\"4\" style=\"padding-right: 5px\">               <div class=\"kksr-icon\" style=\"width: 24px; height: 24px;\"><\/div>         <\/div>             <div class=\"kksr-star\" data-star=\"5\" style=\"padding-right: 5px\">               <div class=\"kksr-icon\" style=\"width: 24px; height: 24px;\"><\/div>         <\/div>     <\/div>      <div class=\"kksr-stars-active\" style=\"width: 0px;\">             <div class=\"kksr-star\" style=\"padding-right: 5px\">               <div class=\"kksr-icon\" style=\"width: 24px; height: 24px;\"><\/div>         <\/div>             <div class=\"kksr-star\" style=\"padding-right: 5px\">               <div class=\"kksr-icon\" style=\"width: 24px; height: 24px;\"><\/div>         <\/div>             <div class=\"kksr-star\" style=\"padding-right: 5px\">               <div class=\"kksr-icon\" style=\"width: 24px; height: 24px;\"><\/div>         <\/div>             <div class=\"kksr-star\" style=\"padding-right: 5px\">               <div class=\"kksr-icon\" style=\"width: 24px; height: 24px;\"><\/div>         <\/div>             <div class=\"kksr-star\" style=\"padding-right: 5px\">               <div class=\"kksr-icon\" style=\"width: 24px; height: 24px;\"><\/div>         <\/div>     <\/div> <\/div>                   <div class=\"kksr-legend\" style=\"font-size: 19.2px;\">             <span class=\"kksr-muted\">Bu \u00fcr\u00fcn\u00fc de\u011ferlendirin<\/span>     <\/div>     <\/div>  <p>Bir vakum doldurma makinesi, kar\u0131\u015ft\u0131rma i\u00e7in gerekli ekipmand\u0131r, y\u00fcksek verimli ve kullan\u0131m\u0131 kolayd\u0131r. Hava kurutmal\u0131 ba\u011f\u0131rsak \u00fcr\u00fcnleri, gran\u00fcll\u00fc ve \u00e7amurlu kar\u0131\u015f\u0131k ba\u011f\u0131rsak \u00fcr\u00fcnleri ve pelet \u00fcr\u00fcnleri yap\u0131m\u0131nda ilk tercihtir ve dumpling ve wonton \u00fcretimi i\u00e7in iste\u011fe ba\u011fl\u0131 ekipmand\u0131r.<\/p>    <figure class=\"wp-block-image size-large\"><img loading=\"lazy\" decoding=\"async\" width=\"750\" height=\"750\" src=\"http:\/\/www.meatprocessingmachine.org\/wp-content\/uploads\/2020\/06\/vacuum-stuffing-machine-1-1.jpg\" alt=\"\" class=\"wp-image-768\" title=\"\" srcset=\"https:\/\/www.meatprocessingmachine.org\/wp-content\/uploads\/2020\/06\/vacuum-stuffing-machine-1-1.jpg 750w, https:\/\/www.meatprocessingmachine.org\/wp-content\/uploads\/2020\/06\/vacuum-stuffing-machine-1-1-300x300.jpg 300w, https:\/\/www.meatprocessingmachine.org\/wp-content\/uploads\/2020\/06\/vacuum-stuffing-machine-1-1-150x150.jpg 150w\" sizes=\"auto, (max-width: 750px) 100vw, 750px\" \/><figcaption><\/figcaption><\/figure>    <h2 class=\"wp-block-heading\" id=\"h-features-of-vacuum-stuffing-machine\">Vakum doldurma makinesinin \u00f6zellikleri<\/h2>    <p>Malzeme, vakum cihaz\u0131 taraf\u0131ndan negatif bas\u0131n\u00e7 alt\u0131nda yerle\u015ftirilir. Lojisti\u011fi tamamen geni\u015fletir, kabarc\u0131k olmadan, iyi elastikiyet ve parlak renge sahiptir. Ve maksimum protein \u00e7\u0131kar\u0131m\u0131, \u00fcr\u00fcn kalitesini art\u0131rmak i\u00e7in ideal ekipmand\u0131r.<\/p>    <figure class=\"wp-block-image size-large\"><img loading=\"lazy\" decoding=\"async\" width=\"550\" height=\"366\" src=\"http:\/\/www.meatprocessingmachine.org\/wp-content\/uploads\/2020\/06\/vacuum-stuffing-machine-2.jpg\" alt=\"\" class=\"wp-image-766\" title=\"\" srcset=\"https:\/\/www.meatprocessingmachine.org\/wp-content\/uploads\/2020\/06\/vacuum-stuffing-machine-2.jpg 550w, https:\/\/www.meatprocessingmachine.org\/wp-content\/uploads\/2020\/06\/vacuum-stuffing-machine-2-300x200.jpg 300w\" sizes=\"auto, (max-width: 550px) 100vw, 550px\" \/><figcaption><\/figcaption><\/figure>    <h2 class=\"wp-block-heading\" id=\"h-advantages-of-vacuum-stuffing-machine\">Vakum Doldurma Makinesinin Avantajlar\u0131<\/h2>    <p>2. \u00c7ift h\u0131z ve \u00e7ift g\u00fc\u00e7 kullan\u0131n, kar\u0131\u015ft\u0131r\u0131c\u0131 t\u00fcr\u00fcne ve i\u015flemine g\u00f6re farkl\u0131 d\u00f6nd\u00fcrme h\u0131zlar\u0131 ve \u00e7al\u0131\u015fma modlar\u0131 se\u00e7in.<\/p>    <p>3. T\u00fcm vakum m\u00fch\u00fcrleme cihazlar\u0131, sa\u011fl\u0131k standartlar\u0131na uygun y\u00fcksek kaliteli contalar kullan\u0131r.<\/p>    <p>4. Vakum durumunda, dolum e\u015fit \u015fekilde kar\u0131\u015ft\u0131r\u0131l\u0131r, tamamen geni\u015fler, iyi elastikiyete ve parlak renge sahiptir.<\/p>    <p>5. \u00dcst kapak ve bo\u015faltma kap\u0131s\u0131n\u0131n m\u00fch\u00fcrlenmesi, y\u00fcksek kaliteli silika jel \u015feridi kullan\u0131larak yap\u0131lm\u0131\u015ft\u0131r, kullan\u0131m\u0131 kolay, g\u00fcvenilir ve dayan\u0131kl\u0131d\u0131r.<\/p>    <p>6. Makine, y\u00fcksek kaliteli paslanmaz \u00e7elikten yap\u0131lm\u0131\u015ft\u0131r, temizli\u011fi kolay ve estetik. Ulusal sa\u011fl\u0131k standartlar\u0131na uygundur.<\/p>    <p>Hay\u0131r.<\/p>    <figure class=\"wp-block-image size-large\"><img loading=\"lazy\" decoding=\"async\" width=\"550\" height=\"366\" src=\"http:\/\/www.meatprocessingmachine.org\/wp-content\/uploads\/2020\/06\/vacuum-stuffing-machine3.jpg\" alt=\"\" class=\"wp-image-765\" title=\"\" srcset=\"https:\/\/www.meatprocessingmachine.org\/wp-content\/uploads\/2020\/06\/vacuum-stuffing-machine3.jpg 550w, https:\/\/www.meatprocessingmachine.org\/wp-content\/uploads\/2020\/06\/vacuum-stuffing-machine3-300x200.jpg 300w\" sizes=\"auto, (max-width: 550px) 100vw, 550px\" \/><figcaption><\/figcaption><\/figure>    <h2 class=\"wp-block-heading\" id=\"h-technical-parameter-of-vacuum-stuffing-machine\">Vakum Doldurma Makinesi Teknik Parametreleri<\/h2>    <figure class=\"wp-block-table\"><table><tbody><tr><td>A\u011f\u0131rl\u0131k\/kg<\/td><td>Boyut\/mm<\/td><td>G\u00fc\u00e7\/kw<\/td><td>SL-50<\/td><td>SL-100<\/td><\/tr><tr><td>SL-150<\/td><td>50<\/td><td>100<\/td><td>820*380*760<\/td><td>1.1<\/td><\/tr><tr><td>SL-300<\/td><td>100<\/td><td>200<\/td><td>1300*510*910<\/td><td>1.5<\/td><\/tr><tr><td>1. Makineyi d\u00fczg\u00fcn bir \u015fekilde \u00e7al\u0131\u015fma konumuna yerle\u015ftirin.<\/td><td>150<\/td><td>260<\/td><td>1470*520*910<\/td><td>1.75<\/td><\/tr><tr><td>SL-200<\/td><td>200<\/td><td>300<\/td><td>1550*690*1140<\/td><td>2.2<\/td><\/tr><tr><td>2. Hoperde yabanc\u0131 cisim olup olmad\u0131\u011f\u0131n\u0131 kontrol edin ve gerekirse temizleyin.<\/td><td>300<\/td><td>350<\/td><td>1630*730*1250<\/td><td>3<\/td><\/tr><\/tbody><\/table><\/figure>    <h2 class=\"wp-block-heading\" id=\"h-installation-and-debugging-of-vacuum-stuffing-machine\">Vakum doldurma makinesinin kurulum ve ayarlar\u0131<\/h2>    <p>3. G\u00fcc\u00fc a\u00e7\u0131n. G\u00fc\u00e7 \u0131\u015f\u0131\u011f\u0131 yan\u0131yorsa, kurulum do\u011fru yap\u0131lm\u0131\u015ft\u0131r.<\/p>    <p>4. Kar\u0131\u015ft\u0131r\u0131c\u0131y\u0131 durdurmak i\u00e7in kar\u0131\u015ft\u0131rma d\u00fc\u011fmesine bas\u0131n ve d\u00f6nd\u00fcrme y\u00f6n\u00fcn\u00fcn do\u011fru olup olmad\u0131\u011f\u0131n\u0131 kontrol edin.<\/p>    <p>5. Dolum kar\u0131\u015ft\u0131r\u0131c\u0131s\u0131n\u0131n tahrik mekanizmas\u0131n\u0131n normal \u00e7al\u0131\u015f\u0131p \u00e7al\u0131\u015fmad\u0131\u011f\u0131n\u0131 ve belirgin sallant\u0131 veya anormal ses olup olmad\u0131\u011f\u0131n\u0131 kontrol edin.<\/p>    <p>Vakum doldurma makinesi<\/p>    <p>Vakum doldurma makinesi 1 1<\/p>","protected":false},"excerpt":{"rendered":"<p>A vacuum stuffing machine is necessary equipment for mixing, high efficient and easy to operate. It is the first choice for making air-dried intestinal products, granular and muddy mixed intestinal products, and pellet products, as well as the optional equipment for producing dumplings and wontons. Features of vacuum stuffing machine The material is placed under [&hellip;]<\/p>\n","protected":false},"author":1,"featured_media":763,"parent":0,"template":"","product-type":[598],"class_list":["post-764","product","type-product","status-publish","has-post-thumbnail","hentry","product-type-supporting-auxiliary-equipment"],"_links":{"self":[{"href":"https:\/\/www.meatprocessingmachine.org\/tr\/wp-json\/wp\/v2\/product\/764","targetHints":{"allow":["GET"]}}],"collection":[{"href":"https:\/\/www.meatprocessingmachine.org\/tr\/wp-json\/wp\/v2\/product"}],"about":[{"href":"https:\/\/www.meatprocessingmachine.org\/tr\/wp-json\/wp\/v2\/types\/product"}],"author":[{"embeddable":true,"href":"https:\/\/www.meatprocessingmachine.org\/tr\/wp-json\/wp\/v2\/users\/1"}],"wp:featuredmedia":[{"embeddable":true,"href":"https:\/\/www.meatprocessingmachine.org\/tr\/wp-json\/wp\/v2\/media\/763"}],"wp:attachment":[{"href":"https:\/\/www.meatprocessingmachine.org\/tr\/wp-json\/wp\/v2\/media?parent=764"}],"wp:term":[{"taxonomy":"product-type","embeddable":true,"href":"https:\/\/www.meatprocessingmachine.org\/tr\/wp-json\/wp\/v2\/product-type?post=764"}],"curies":[{"name":"wp","href":"https:\/\/api.w.org\/{rel}","templated":true}]}}