{"id":83,"date":"2018-10-25T06:01:35","date_gmt":"2018-10-24T22:01:35","guid":{"rendered":"http:\/\/www.meatprocessingmachine.org\/?p=83"},"modified":"2026-02-12T16:42:44","modified_gmt":"2026-02-12T08:42:44","slug":"the-rotary-sterilizing-pot","status":"publish","type":"product","link":"https:\/\/www.meatprocessingmachine.org\/tr\/the-rotary-sterilizing-pot.html","title":{"rendered":"D\u00f6ner Sterilizasyon Kab\u0131"},"content":{"rendered":"<div class=\"kk-star-ratings kksr-auto kksr-align-right kksr-valign-top\"     data-payload='{&quot;align&quot;:&quot;right&quot;,&quot;id&quot;:&quot;83&quot;,&quot;slug&quot;:&quot;default&quot;,&quot;valign&quot;:&quot;top&quot;,&quot;ignore&quot;:&quot;&quot;,&quot;reference&quot;:&quot;auto&quot;,&quot;class&quot;:&quot;&quot;,&quot;count&quot;:&quot;0&quot;,&quot;legendonly&quot;:&quot;&quot;,&quot;readonly&quot;:&quot;&quot;,&quot;score&quot;:&quot;0&quot;,&quot;starsonly&quot;:&quot;&quot;,&quot;best&quot;:&quot;5&quot;,&quot;gap&quot;:&quot;5&quot;,&quot;greet&quot;:&quot;Rate this product&quot;,&quot;legend&quot;:&quot;0\\\/5 - (0 votes)&quot;,&quot;size&quot;:&quot;24&quot;,&quot;title&quot;:&quot;Rotary\u00a0Sterilizing\u00a0Pot&quot;,&quot;width&quot;:&quot;0&quot;,&quot;_legend&quot;:&quot;{score}\\\/{best} - ({count} {votes})&quot;,&quot;font_factor&quot;:&quot;1.25&quot;}'>              <div class=\"kksr-stars\">      <div class=\"kksr-stars-inactive\">             <div class=\"kksr-star\" data-star=\"1\" style=\"padding-right: 5px\">               <div class=\"kksr-icon\" style=\"width: 24px; height: 24px;\"><\/div>         <\/div>             <div class=\"kksr-star\" data-star=\"2\" style=\"padding-right: 5px\">               <div class=\"kksr-icon\" style=\"width: 24px; height: 24px;\"><\/div>         <\/div>             <div class=\"kksr-star\" data-star=\"3\" style=\"padding-right: 5px\">               <div class=\"kksr-icon\" style=\"width: 24px; height: 24px;\"><\/div>         <\/div>             <div class=\"kksr-star\" data-star=\"4\" style=\"padding-right: 5px\">               <div class=\"kksr-icon\" style=\"width: 24px; height: 24px;\"><\/div>         <\/div>             <div class=\"kksr-star\" data-star=\"5\" style=\"padding-right: 5px\">               <div class=\"kksr-icon\" style=\"width: 24px; height: 24px;\"><\/div>         <\/div>     <\/div>      <div class=\"kksr-stars-active\" style=\"width: 0px;\">             <div class=\"kksr-star\" style=\"padding-right: 5px\">               <div class=\"kksr-icon\" style=\"width: 24px; height: 24px;\"><\/div>         <\/div>             <div class=\"kksr-star\" style=\"padding-right: 5px\">               <div class=\"kksr-icon\" style=\"width: 24px; height: 24px;\"><\/div>         <\/div>             <div class=\"kksr-star\" style=\"padding-right: 5px\">               <div class=\"kksr-icon\" style=\"width: 24px; height: 24px;\"><\/div>         <\/div>             <div class=\"kksr-star\" style=\"padding-right: 5px\">               <div class=\"kksr-icon\" style=\"width: 24px; height: 24px;\"><\/div>         <\/div>             <div class=\"kksr-star\" style=\"padding-right: 5px\">               <div class=\"kksr-icon\" style=\"width: 24px; height: 24px;\"><\/div>         <\/div>     <\/div> <\/div>                   <div class=\"kksr-legend\" style=\"font-size: 19.2px;\">             <span class=\"kksr-muted\">Bu \u00fcr\u00fcn\u00fc de\u011ferlendirin<\/span>     <\/div>     <\/div> <p class=\"translation-block\"><strong> d\u00f6n\u00fcml\u00fc sterilizasyon tenceresinin<\/strong> malzeme kafesi ayg\u0131t\u0131 uluslararas\u0131 geli\u015fmi\u015f manuel bile\u015fenler taraf\u0131ndan kontrol edilir. T\u00fcm makinenin tasar\u0131m\u0131 makuld\u00fcr. \u00c7al\u0131\u015ft\u0131rmak g\u00fcvenli ve g\u00fcvenilirdir, yap\u0131 kompakt, \u00e7al\u0131\u015fma kolay, bak\u0131m konforlu, kurulum basittir.<\/p> <p>S\u00fcrekli sterilizasyon s\u00fcreci s\u0131ras\u0131nda sterilizasyon \u00e7evrimi yar\u0131ya iner, enerji yar\u0131 yar\u0131ya tasarruf sa\u011flar. \u00c7evre dostu \u015fehirlerde k\u00fc\u00e7\u00fck ve orta \u00f6l\u00e7ekli g\u0131da \u00fcreticileri i\u00e7in ideal ekipmand\u0131r.<\/p> <p class=\"translation-block\"><strong>D\u00f6n\u00fcml\u00fc sterilizasyon tenceresinin uygulanma Kapsam\u0131:<\/strong><\/p> <p class=\"translation-block\">Is\u0131tma, yal\u0131t\u0131m, sterilizasyon, so\u011futma, i\u015flem veya depolama i\u00e7in gerekli ekipman olarak <strong> d\u00f6n\u00fcml\u00fc sterilizasyon tenceresi<\/strong> bir\u00e7ok end\u00fcstride yayg\u0131n olarak kullan\u0131l\u0131r.<\/p> <div class=\"col-md-6\"><img decoding=\"async\" style=\"height: 350px;\" src=\"http:\/\/www.meatprocessingmachine.org\/wp-content\/uploads\/2018\/10\/The-rotary-sterilizing-pot12.jpg\" alt=\"\" title=\"\"><\/div> <div class=\"col-md-6\"><img decoding=\"async\" style=\"height: 350px;\" src=\"http:\/\/www.meatprocessingmachine.org\/wp-content\/uploads\/2018\/10\/The-rotary-sterilizing-pot16.jpg\" alt=\"\" title=\"\"><\/div> <p class=\"translation-block\"><strong>D\u00f6n\u00fcml\u00fc sterilizasyon tenceresinin parametreleri:<\/strong><\/p> <div class=\"table-responsive\"> <table class=\"table\"> <tbody> <tr> <td rowspan=\"2\" width=\"93\">\u00d6\u011fe<\/td> <td colspan=\"2\" width=\"108\">TZ-1000<\/td> <td colspan=\"2\" width=\"134\">TZ-1200<\/td> <td colspan=\"2\" width=\"138\">TZ-1300<\/td> <td colspan=\"2\" width=\"128\">TZ-1400<\/td> <\/tr> <tr> <td width=\"47\">1<\/td> <td width=\"61\">2<\/td> <td width=\"34\">1<\/td> <td width=\"100\">2<\/td> <td width=\"34\">1<\/td> <td width=\"104\">2<\/td> <td width=\"34\">1<\/td> <td width=\"94\">2<\/td> <\/tr> <tr> <td width=\"93\">\u0130\u00e7 \u00e7ap(mm)<\/td> <td colspan=\"2\" width=\"108\">1000<\/td> <td colspan=\"2\" width=\"134\">1200<\/td> <td colspan=\"2\" width=\"138\">1300<\/td> <td colspan=\"2\" width=\"128\">1400<\/td> <\/tr> <tr> <td width=\"93\">Kovuk i\u00e7 \u00e7ap\u0131(mm)<\/td> <td width=\"47\">3000<\/td> <td width=\"61\">3600<\/td> <td width=\"34\">3000<\/td> <td width=\"100\">3600<\/td> <td width=\"34\">3000<\/td> <td width=\"104\">3600<\/td> <td width=\"34\">3000<\/td> <td width=\"94\">3600<\/td> <\/tr> <tr> <td width=\"93\">Malzeme<\/td> <td colspan=\"8\" width=\"507\">SUS304\/Q235B<\/td> <\/tr> <tr> <td width=\"93\">Tasar\u0131m s\u0131cakl\u0131\u011f\u0131<\/td> <td colspan=\"8\" width=\"507\">147\u00b0C<\/td> <\/tr> <tr> <td width=\"93\">Test bas\u0131nc\u0131<\/td> <td colspan=\"8\" width=\"507\">0.44Mpa<\/td> <\/tr> <tr> <td width=\"93\">Tasar\u0131m Bas\u0131nc\u0131<\/td> <td colspan=\"8\" width=\"507\">0.35Mpa<\/td> <\/tr> <\/tbody> <\/table> <\/div>","protected":false},"excerpt":{"rendered":"<p>The material cage device of the rotary sterilization pot is controlled by international advanced manual components. The design of the whole machine is reasonable. It is safe and reliable to operate, the structure is compact, the operation is easy, the maintenance is convenient, and the installation is simple. In the process of continuous sterilization, the [&hellip;]<\/p>\n","protected":false},"author":1,"featured_media":177,"parent":0,"template":"","product-type":[598],"class_list":["post-83","product","type-product","status-publish","has-post-thumbnail","hentry","product-type-supporting-auxiliary-equipment"],"_links":{"self":[{"href":"https:\/\/www.meatprocessingmachine.org\/tr\/wp-json\/wp\/v2\/product\/83","targetHints":{"allow":["GET"]}}],"collection":[{"href":"https:\/\/www.meatprocessingmachine.org\/tr\/wp-json\/wp\/v2\/product"}],"about":[{"href":"https:\/\/www.meatprocessingmachine.org\/tr\/wp-json\/wp\/v2\/types\/product"}],"author":[{"embeddable":true,"href":"https:\/\/www.meatprocessingmachine.org\/tr\/wp-json\/wp\/v2\/users\/1"}],"wp:featuredmedia":[{"embeddable":true,"href":"https:\/\/www.meatprocessingmachine.org\/tr\/wp-json\/wp\/v2\/media\/177"}],"wp:attachment":[{"href":"https:\/\/www.meatprocessingmachine.org\/tr\/wp-json\/wp\/v2\/media?parent=83"}],"wp:term":[{"taxonomy":"product-type","embeddable":true,"href":"https:\/\/www.meatprocessingmachine.org\/tr\/wp-json\/wp\/v2\/product-type?post=83"}],"curies":[{"name":"wp","href":"https:\/\/api.w.org\/{rel}","templated":true}]}}