{"id":839,"date":"2020-10-29T15:43:39","date_gmt":"2020-10-29T07:43:39","guid":{"rendered":"http:\/\/www.meatprocessingmachine.org\/?p=839"},"modified":"2026-02-12T16:12:05","modified_gmt":"2026-02-12T08:12:05","slug":"sausage-production-line-for-sausage-making","status":"publish","type":"product","link":"https:\/\/www.meatprocessingmachine.org\/tr\/sausage-production-line-for-sausage-making.html","title":{"rendered":"Sosis \u00dcretim Hatt\u0131"},"content":{"rendered":"<div class=\"kk-star-ratings kksr-auto kksr-align-right kksr-valign-top\"     data-payload='{&quot;align&quot;:&quot;right&quot;,&quot;id&quot;:&quot;839&quot;,&quot;slug&quot;:&quot;default&quot;,&quot;valign&quot;:&quot;top&quot;,&quot;ignore&quot;:&quot;&quot;,&quot;reference&quot;:&quot;auto&quot;,&quot;class&quot;:&quot;&quot;,&quot;count&quot;:&quot;0&quot;,&quot;legendonly&quot;:&quot;&quot;,&quot;readonly&quot;:&quot;&quot;,&quot;score&quot;:&quot;0&quot;,&quot;starsonly&quot;:&quot;&quot;,&quot;best&quot;:&quot;5&quot;,&quot;gap&quot;:&quot;5&quot;,&quot;greet&quot;:&quot;Rate this product&quot;,&quot;legend&quot;:&quot;0\\\/5 - (0 votes)&quot;,&quot;size&quot;:&quot;24&quot;,&quot;title&quot;:&quot;Sausage Production Line&quot;,&quot;width&quot;:&quot;0&quot;,&quot;_legend&quot;:&quot;{score}\\\/{best} - ({count} {votes})&quot;,&quot;font_factor&quot;:&quot;1.25&quot;}'>              <div class=\"kksr-stars\">      <div class=\"kksr-stars-inactive\">             <div class=\"kksr-star\" data-star=\"1\" style=\"padding-right: 5px\">               <div class=\"kksr-icon\" style=\"width: 24px; height: 24px;\"><\/div>         <\/div>             <div class=\"kksr-star\" data-star=\"2\" style=\"padding-right: 5px\">               <div class=\"kksr-icon\" style=\"width: 24px; height: 24px;\"><\/div>         <\/div>             <div class=\"kksr-star\" data-star=\"3\" style=\"padding-right: 5px\">               <div class=\"kksr-icon\" style=\"width: 24px; height: 24px;\"><\/div>         <\/div>             <div class=\"kksr-star\" data-star=\"4\" style=\"padding-right: 5px\">               <div class=\"kksr-icon\" style=\"width: 24px; height: 24px;\"><\/div>         <\/div>             <div class=\"kksr-star\" data-star=\"5\" style=\"padding-right: 5px\">               <div class=\"kksr-icon\" style=\"width: 24px; height: 24px;\"><\/div>         <\/div>     <\/div>      <div class=\"kksr-stars-active\" style=\"width: 0px;\">             <div class=\"kksr-star\" style=\"padding-right: 5px\">               <div class=\"kksr-icon\" style=\"width: 24px; height: 24px;\"><\/div>         <\/div>             <div class=\"kksr-star\" style=\"padding-right: 5px\">               <div class=\"kksr-icon\" style=\"width: 24px; height: 24px;\"><\/div>         <\/div>             <div class=\"kksr-star\" style=\"padding-right: 5px\">               <div class=\"kksr-icon\" style=\"width: 24px; height: 24px;\"><\/div>         <\/div>             <div class=\"kksr-star\" style=\"padding-right: 5px\">               <div class=\"kksr-icon\" style=\"width: 24px; height: 24px;\"><\/div>         <\/div>             <div class=\"kksr-star\" style=\"padding-right: 5px\">               <div class=\"kksr-icon\" style=\"width: 24px; height: 24px;\"><\/div>         <\/div>     <\/div> <\/div>                   <div class=\"kksr-legend\" style=\"font-size: 19.2px;\">             <span class=\"kksr-muted\">Bu \u00fcr\u00fcn\u00fc de\u011ferlendirin<\/span>     <\/div>     <\/div>  <p>Sosis \u00fcretim hatt\u0131, sosis \u00fcretimi i\u00e7in bir dizi sosis yap\u0131m makinesi i\u00e7erir. Bunlar aras\u0131nda et k\u0131yma makinesi, et kesme makinesi, vakum kar\u0131\u015ft\u0131r\u0131c\u0131, sosis doldurma makinesi, et t\u00fcts\u00fcleme makinesi, vakum paketleme makinesi ve di\u011fer makineler bulunur. Bu sosis i\u015fleme makineleri stabil yap\u0131ya ve basit operasyona sahiptir, sosis \u00fcretimi i\u00e7in en iyi makinedir.<\/p>    <h2 class=\"wp-block-heading\" id=\"h-brief-introduction-of-sausage\">Sosisin k\u0131sa tan\u0131t\u0131m\u0131<\/h2>    <p>Sosis, \u00e7ok eski bir g\u0131da \u00fcretimi ve et koruma teknolojisidir. Domuz veya koyun ba\u011f\u0131rs\u0131klar\u0131na et koyup t\u00fcts\u00fcleme ile olu\u015fur. T\u00fcts\u00fclenmi\u015f sosis parlak k\u0131rm\u0131z\u0131 renkte ve zengin bir tada sahiptir. \u00c7ok pop\u00fcler bir g\u0131dad\u0131r.<\/p>    <h2 class=\"wp-block-heading\" id=\"h-types-of-sausages\">Sosis t\u00fcrleri<\/h2>    <p>Piyasada iki yayg\u0131n sosis t\u00fcr\u00fc vard\u0131r, biri ezilmi\u015f et sosis, di\u011feri ise et par\u00e7ac\u0131kl\u0131 sosis.<\/p>    <p>\u0130ki t\u00fcr sosis aras\u0131ndaki temel fark, kullan\u0131lan hammaddelerdir. Sonu\u00e7ta ortaya \u00e7\u0131kan sosisler de farkl\u0131d\u0131r.<\/p>    <div class=\"wp-block-columns is-layout-flex wp-container-core-columns-is-layout-9d6595d7 wp-block-columns-is-layout-flex\"> <div class=\"wp-block-column is-layout-flow wp-block-column-is-layout-flow\"> <figure class=\"wp-block-image size-large\"><img loading=\"lazy\" decoding=\"async\" width=\"550\" height=\"350\" src=\"http:\/\/www.meatprocessingmachine.org\/wp-content\/uploads\/2020\/10\/mashed-meat-sausage.jpg\" alt=\"mashed meat sausage\" class=\"wp-image-851\" title=\"\" srcset=\"https:\/\/www.meatprocessingmachine.org\/wp-content\/uploads\/2020\/10\/mashed-meat-sausage.jpg 550w, https:\/\/www.meatprocessingmachine.org\/wp-content\/uploads\/2020\/10\/mashed-meat-sausage-300x191.jpg 300w\" sizes=\"auto, (max-width: 550px) 100vw, 550px\" \/><figcaption class=\"wp-element-caption\">Ezilmi\u015f Et Sosis<\/figcaption><\/figure> <\/div>    <div class=\"wp-block-column is-layout-flow wp-block-column-is-layout-flow\"> <figure class=\"wp-block-image size-large\"><img loading=\"lazy\" decoding=\"async\" width=\"550\" height=\"350\" src=\"http:\/\/www.meatprocessingmachine.org\/wp-content\/uploads\/2020\/10\/pellets-meat-sausage.png\" alt=\"pellets meat sausage\" class=\"wp-image-852\" title=\"\" srcset=\"https:\/\/www.meatprocessingmachine.org\/wp-content\/uploads\/2020\/10\/pellets-meat-sausage.png 550w, https:\/\/www.meatprocessingmachine.org\/wp-content\/uploads\/2020\/10\/pellets-meat-sausage-300x191.png 300w\" sizes=\"auto, (max-width: 550px) 100vw, 550px\" \/><figcaption class=\"wp-element-caption\">Par\u00e7ac\u0131kl\u0131 Et Sosis<\/figcaption><\/figure> <\/div> <\/div>    <p>Et par\u00e7ac\u0131kl\u0131 sosisler, ezilmi\u015f etten yap\u0131lan sosislere g\u00f6re daha serttir. \u0130ki sosis t\u00fcr\u00fcn\u00fcn hammaddeleri farkl\u0131 oldu\u011fu i\u00e7in, gereken sosis yap\u0131m makineleri de biraz farkl\u0131d\u0131r.<\/p>    <h2 class=\"wp-block-heading\" id=\"h-sausage-processing-steps\">Sosis i\u015fleme ad\u0131mlar\u0131<\/h2>    <div class=\"wp-block-group\"><div class=\"wp-block-group__inner-container is-layout-flow wp-block-group-is-layout-flow\"><\/div><\/div>    <div class=\"wp-block-group\"><div class=\"wp-block-group__inner-container is-layout-flow wp-block-group-is-layout-flow\"> <div class=\"wp-block-columns is-layout-flex wp-container-core-columns-is-layout-9d6595d7 wp-block-columns-is-layout-flex\"> <div class=\"wp-block-column is-layout-flow wp-block-column-is-layout-flow\"> <figure class=\"wp-block-image size-large\"><img loading=\"lazy\" decoding=\"async\" width=\"720\" height=\"540\" src=\"http:\/\/www.meatprocessingmachine.org\/wp-content\/uploads\/2020\/10\/mashed-sausage-making-machines.jpg\" alt=\"mashed sausage making machines\" class=\"wp-image-843\" title=\"\" srcset=\"https:\/\/www.meatprocessingmachine.org\/wp-content\/uploads\/2020\/10\/mashed-sausage-making-machines.jpg 720w, https:\/\/www.meatprocessingmachine.org\/wp-content\/uploads\/2020\/10\/mashed-sausage-making-machines-300x225.jpg 300w\" sizes=\"auto, (max-width: 720px) 100vw, 720px\" \/><figcaption class=\"wp-element-caption\">Ezilmi\u015f Sosis Yap\u0131m Makineleri<\/figcaption><\/figure>    <p style=\"font-size:18px\">Ezilmi\u015f sosis i\u015fleme ad\u0131mlar\u0131: et \u00f6\u011f\u00fctme, et kesme, et kar\u0131\u015ft\u0131rma, doldurma, t\u00fcts\u00fcleme ve paketleme.<\/p> <\/div>    <div class=\"wp-block-column is-layout-flow wp-block-column-is-layout-flow\"> <figure class=\"wp-block-image size-large\"><img loading=\"lazy\" decoding=\"async\" width=\"720\" height=\"540\" src=\"http:\/\/www.meatprocessingmachine.org\/wp-content\/uploads\/2020\/10\/meat-pellets-sausage-making-machines.jpg\" alt=\"meat pellets sausage making machines\" class=\"wp-image-844\" title=\"\" srcset=\"https:\/\/www.meatprocessingmachine.org\/wp-content\/uploads\/2020\/10\/meat-pellets-sausage-making-machines.jpg 720w, https:\/\/www.meatprocessingmachine.org\/wp-content\/uploads\/2020\/10\/meat-pellets-sausage-making-machines-300x225.jpg 300w\" sizes=\"auto, (max-width: 720px) 100vw, 720px\" \/><figcaption class=\"wp-element-caption\">Et Par\u00e7ac\u0131kl\u0131 Sosis Yap\u0131m Makineleri<\/figcaption><\/figure>    <p style=\"font-size:18px\">Et par\u00e7ac\u0131kl\u0131 sosis i\u015fleme ad\u0131mlar\u0131: et \u00f6\u011f\u00fctme, et kar\u0131\u015ft\u0131rma, doldurma, t\u00fcts\u00fcleme ve paketleme.<\/p> <\/div> <\/div> <\/div><\/div>    <p>Ezilmi\u015f sosislerin \u00fcretim s\u00fcreci, pellet sosislerin \u00fcretim s\u00fcrecine yakla\u015f\u0131k olarak benzerdir ve ezilmi\u015f sosisler, et pellet sosislerine g\u00f6re bir ad\u0131m daha fazla et kesme ve em\u00fclsifikasyon i\u00e7erir. A\u015fa\u011f\u0131da, sosis \u00fcretim s\u00fcrecini tan\u0131tmak i\u00e7in bir ezilmi\u015f sosis \u00fcretim hatt\u0131 \u00f6rne\u011fi verilmi\u015ftir.<\/p>    <ul class=\"wp-block-list\"> <li><strong>Hammadde se\u00e7imi<\/strong> &nbsp;  Sosisin hammaddeleri, nitelikli domuz veya s\u0131\u011f\u0131r etinden se\u00e7ilmelidir.<\/li>    <li><strong>Et \u00f6\u011f\u00fctme&nbsp;&nbsp;<\/strong>      Dondurulmu\u015f eti et k\u0131yma makinesine koyun, genellikle 6-8mm delik tabak kullan\u0131l\u0131r, ince \u015feritler yapmak i\u00e7in.<\/li>    <li><strong>Et kesme<\/strong> &nbsp;        Et kesme makinesinin b\u0131\u00e7aklar\u0131, eti y\u00fcksek h\u0131zda p\u00fcre haline getirir.<\/li>    <li><strong>Vakum et kar\u0131\u015ft\u0131rma&nbsp;<\/strong>&nbsp;   Do\u011franm\u0131\u015f et p\u00fcresini ve baharatlar\u0131 vakum kar\u0131\u015ft\u0131r\u0131c\u0131ya koyun ve kar\u0131\u015ft\u0131r\u0131n. Vakum ortam\u0131nda, baharatlar etin i\u00e7ine olabildi\u011fince n\u00fcfuz eder, b\u00f6ylece etin kalitesi sa\u011flan\u0131r.<\/li>    <li><strong>Sosis doldurma<\/strong> &nbsp;      &nbsp;Se\u00e7ilen kuru ba\u011f\u0131rs\u0131\u011f\u0131n i\u00e7 duvar\u0131n\u0131 30-35\u2103 s\u0131cakl\u0131kta \u0131l\u0131k suyla y\u0131kay\u0131n. Suyu bo\u015falt\u0131n ve vakumlu sosis doldurma makinesiyle eti ba\u011f\u0131rs\u0131\u011fa d\u00f6k\u00fcn. Et doldururken, enema'n\u0131n tamamen dolu olmas\u0131na, ba\u011f\u0131rs\u0131kta hava kalmamas\u0131na ve iki ucunun s\u0131k\u0131ca ba\u011flanmas\u0131na dikkat edin.<\/li>    <li><strong><a href=\"http:\/\/www.meatprocessingmachine.org\/tr\/sausage-binding-tying-machine.html\/\">Sosis ba\u011flama<\/a><\/strong>          &nbsp;Sosis \u00fcretim hatt\u0131nda, sosisleri b\u00f6l\u00fcmlere ba\u011flamak i\u00e7in bir ba\u011flama makinesi kullan\u0131l\u0131r. Belirli bir uzunlukta ip ba\u011flay\u0131n, sosisin dengeli olmas\u0131n\u0131 sa\u011flar.<\/li>    <li><strong>Sosis t\u00fcts\u00fcleme<\/strong>&nbsp;   &nbsp;T\u00fcts\u00fcleme makinesi, pi\u015firme, buharla\u015ft\u0131rma ve t\u00fcts\u00fcleme fonksiyonlar\u0131na sahiptir. Sosis t\u00fcts\u00fcleme i\u015fleminin t\u00fcm ad\u0131mlar\u0131n\u0131 ger\u00e7ekle\u015ftirebilir. T\u00fcts\u00fclenmi\u015f sosis parlak bir g\u00f6vdeye sahiptir.<\/li>    <li><strong>Vakum paketleme <\/strong>  &nbsp;Genellikle, sosisleri paketlemek i\u00e7in vakum paketleme makinesi tercih edilir. Bu, ta\u015f\u0131may\u0131 ve depolamay\u0131 kolayla\u015ft\u0131r\u0131r.<\/li> <\/ul>    <h2 class=\"wp-block-heading\" id=\"h-sausage-making-machines-parameters\">Sosis yap\u0131m makinesi parametreleri<\/h2>    <figure class=\"wp-block-table\"><table><tbody><tr><td><strong>Say\u0131<\/strong><strong><\/strong><\/td><td><strong>\u0130sim<\/strong><strong><\/strong><\/td><td><strong>Resim<\/strong><strong><\/strong><\/td><td><strong>Parametre<\/strong><strong><\/strong><\/td><\/tr><tr><td>1<\/td><td>Et \u00f6\u011f\u00fct\u00fcc\u00fc makinesi<\/td><td>&nbsp;         <img loading=\"lazy\" decoding=\"async\" width=\"150\" height=\"95\" class=\"wp-image-845\" style=\"width: 150px;\" src=\"http:\/\/www.meatprocessingmachine.org\/wp-content\/uploads\/2020\/10\/meat-grinding-machine.jpg\" alt=\"meat grinding machine\" title=\"\" srcset=\"https:\/\/www.meatprocessingmachine.org\/wp-content\/uploads\/2020\/10\/meat-grinding-machine.jpg 550w, https:\/\/www.meatprocessingmachine.org\/wp-content\/uploads\/2020\/10\/meat-grinding-machine-300x191.jpg 300w\" sizes=\"auto, (max-width: 150px) 100vw, 150px\" \/>           <\/td><td>Kapasite:500kg\/saat<br>G\u00fc\u00e7:3.0kw<br>Gerilim:380V\/50hz<br>Boyut:980*580*940mm<br>A\u011f\u0131rl\u0131k:180kg&nbsp;<\/td><\/tr><tr><td>2<\/td><td>Et kesim makinesi<\/td><td>&nbsp;<img loading=\"lazy\" decoding=\"async\" width=\"150\" height=\"95\" class=\"wp-image-846\" style=\"width: 150px;\" src=\"http:\/\/www.meatprocessingmachine.org\/wp-content\/uploads\/2020\/10\/meat-cutting-machine.jpg\" alt=\"B\u00fcy\u00fck Taze Et Dilimleyici\" title=\"\" srcset=\"https:\/\/www.meatprocessingmachine.org\/wp-content\/uploads\/2020\/10\/meat-cutting-machine.jpg 550w, https:\/\/www.meatprocessingmachine.org\/wp-content\/uploads\/2020\/10\/meat-cutting-machine-300x191.jpg 300w\" sizes=\"auto, (max-width: 150px) 100vw, 150px\" \/><\/td><td>Kapasite:40kg\/zaman<br>G\u00fc\u00e7:13.17kw<br>Gerilim:380V\/50H<br>Boyut:1250*1415*1610mm<br>A\u011f\u0131rl\u0131k:480kg&nbsp;<\/td><\/tr><tr><td>3<\/td><td><a href=\"http:\/\/www.meatprocessingmachine.org\/tr\/vacuum-stuffing-machine.html\/\">Et kar\u0131\u015ft\u0131r\u0131c\u0131 makinesi<\/a><\/td><td>&nbsp;<img loading=\"lazy\" decoding=\"async\" width=\"150\" height=\"95\" class=\"wp-image-847\" style=\"width: 150px;\" src=\"http:\/\/www.meatprocessingmachine.org\/wp-content\/uploads\/2020\/10\/vacuum-meat-mixer-machine.jpg\" alt=\"vacuum meat mixer machine\" title=\"\" srcset=\"https:\/\/www.meatprocessingmachine.org\/wp-content\/uploads\/2020\/10\/vacuum-meat-mixer-machine.jpg 550w, https:\/\/www.meatprocessingmachine.org\/wp-content\/uploads\/2020\/10\/vacuum-meat-mixer-machine-300x191.jpg 300w\" sizes=\"auto, (max-width: 150px) 100vw, 150px\" \/><\/td><td>B\u00fck\u00fclme h\u0131z\u0131:100 kez\/dakika<br>\u00dcretim:200-300kg\/saat<br>Miktar aral\u0131\u011f\u0131: 20-500g<br>Gerilim:220V \/ 50HZ<br>\u00c7al\u0131\u015fma merkezi y\u00fcksekli\u011fi: 850mm<br>Genel boyut 650*640*1430(mm)<br>A\u011f\u0131rl\u0131k:145kg&nbsp;<\/td><\/tr><tr><td>4<\/td><td>Sosis doldurma makinesi<\/td><td>&nbsp;<img loading=\"lazy\" decoding=\"async\" width=\"150\" height=\"95\" class=\"wp-image-848\" style=\"width: 150px;\" src=\"http:\/\/www.meatprocessingmachine.org\/wp-content\/uploads\/2020\/10\/sausage-filling-machine.jpg\" alt=\"sosis doldurma makinesi\" title=\"\" srcset=\"https:\/\/www.meatprocessingmachine.org\/wp-content\/uploads\/2020\/10\/sausage-filling-machine.jpg 550w, https:\/\/www.meatprocessingmachine.org\/wp-content\/uploads\/2020\/10\/sausage-filling-machine-300x191.jpg 300w\" sizes=\"auto, (max-width: 150px) 100vw, 150px\" \/><\/td><td>B\u00fck\u00fclme h\u0131z\u0131:100 kez\/dakika<br>\u00dcretim:200-300kg\/saat<br>Miktar aral\u0131\u011f\u0131: 20-500g<br>Gerilim:220V \/ 50HZ<br>\u00c7al\u0131\u015fma merkezi y\u00fcksekli\u011fi: 850mm<br>Genel boyut 650*640*1430(mm)<br>A\u011f\u0131rl\u0131k:145kg&nbsp;<\/td><\/tr><tr><td>5<\/td><td><a href=\"http:\/\/www.meatprocessingmachine.org\/tr\/meat-smoking-oven.html\/\">Sosis t\u00fcts\u00fcleme makinesi<\/a><\/td><td>&nbsp;<img loading=\"lazy\" decoding=\"async\" width=\"150\" height=\"95\" class=\"wp-image-849\" style=\"width: 150px;\" src=\"http:\/\/www.meatprocessingmachine.org\/wp-content\/uploads\/2020\/10\/sausage-smoking-machine.jpg\" alt=\"sausage smoking machine\" title=\"\" srcset=\"https:\/\/www.meatprocessingmachine.org\/wp-content\/uploads\/2020\/10\/sausage-smoking-machine.jpg 550w, https:\/\/www.meatprocessingmachine.org\/wp-content\/uploads\/2020\/10\/sausage-smoking-machine-300x191.jpg 300w\" sizes=\"auto, (max-width: 150px) 100vw, 150px\" \/><\/td><td>Kapasite:300-400kg\/saat<br>Hacim:200L<br>S\u00fcr\u00fcc\u00fc g\u00fcc\u00fc:2.75kw<br>Gerilim:380v 50HZ<br>Genel Boyut:1400*670*1150mm&nbsp;<\/td><\/tr><tr><td>6<\/td><td>Vakum paketleme makinesi<\/td><td>&nbsp;<img loading=\"lazy\" decoding=\"async\" width=\"150\" height=\"95\" class=\"wp-image-850\" style=\"width: 150px;\" src=\"http:\/\/www.meatprocessingmachine.org\/wp-content\/uploads\/2020\/10\/sausage-packaging-machine.jpg\" alt=\"sausage packaging machine\" title=\"\" srcset=\"https:\/\/www.meatprocessingmachine.org\/wp-content\/uploads\/2020\/10\/sausage-packaging-machine.jpg 550w, https:\/\/www.meatprocessingmachine.org\/wp-content\/uploads\/2020\/10\/sausage-packaging-machine-300x191.jpg 300w\" sizes=\"auto, (max-width: 150px) 100vw, 150px\" \/><\/td><td>Pompa g\u00fcc\u00fc:2.25KW<br>Is\u0131-m\u00fch\u00fcrleme g\u00fcc\u00fc:1.5KW<br>Boyut:1460*750*960mm<br>A\u011f\u0131rl\u0131k:185kg<\/td><\/tr><\/tbody><\/table><\/figure>    <h2 class=\"wp-block-heading\" id=\"h-advantages-of-the-sausage-production-line\">Sosis \u00fcretim hatt\u0131n\u0131n avantajlar\u0131<\/h2>    <ol class=\"wp-block-list\"> <li>Sosis i\u015fleme tesisi b\u00fcy\u00fck \u00e7\u0131kt\u0131, basit operasyon ve y\u00fcksek yat\u0131r\u0131m verimlili\u011fi sa\u011flar.<\/li>    <li>T\u00fcm sosis i\u015fleme makineleri, g\u0131da s\u0131n\u0131f\u0131 paslanmaz \u00e7elikten yap\u0131lm\u0131\u015ft\u0131r ve g\u0131da g\u00fcvenli\u011fi ile sanitasyon standartlar\u0131n\u0131 kar\u015f\u0131lar.<\/li>    <li>\u00dcretim hatt\u0131ndaki t\u00fcm sosis yap\u0131m makineleri otomatik dokunmatik ekranlar ile kontrol edilir ve elektrikli bile\u015fenler ithal \u00fcr\u00fcnlerdir, makinelerin dayan\u0131kl\u0131l\u0131\u011f\u0131n\u0131 sa\u011flar.<\/li>    <li>Son sosis \u00fcr\u00fcn\u00fc iyi renge ve y\u00fcksek kaliteye sahiptir.<\/li>    <li>Kesme makinesi ve enema makinesi, g\u00fcvenli operasyonu sa\u011flamak i\u00e7in g\u00fcvenlik koruma cihazlar\u0131 ile donat\u0131lm\u0131\u015ft\u0131r.<\/li>    <li>Sosis \u00fcretim hatt\u0131, s\u00fcrekli \u00fcretim kapasitesi, h\u0131zl\u0131 bo\u015faltma h\u0131z\u0131 ve b\u00fcy\u00fck \u00fcretim \u00e7\u0131k\u0131\u015f\u0131 ile idealdir.<\/li> <\/ol>","protected":false},"excerpt":{"rendered":"<p>Sosis \u00fcretim hatt\u0131, sosis yap\u0131m\u0131 i\u00e7in bir dizi sosis \u00fcretim makinesi i\u00e7erir. Basit kullan\u0131m, y\u00fcksek \u00fcretim \u00e7\u0131k\u0131\u015f\u0131 ve d\u00fc\u015f\u00fck yat\u0131r\u0131m maliyeti \u00f6zelliklerine sahiptir.<\/p>","protected":false},"author":1,"featured_media":853,"parent":0,"template":"","product-type":[597],"class_list":["post-839","product","type-product","status-publish","has-post-thumbnail","hentry","product-type-production-line"],"_links":{"self":[{"href":"https:\/\/www.meatprocessingmachine.org\/tr\/wp-json\/wp\/v2\/product\/839","targetHints":{"allow":["GET"]}}],"collection":[{"href":"https:\/\/www.meatprocessingmachine.org\/tr\/wp-json\/wp\/v2\/product"}],"about":[{"href":"https:\/\/www.meatprocessingmachine.org\/tr\/wp-json\/wp\/v2\/types\/product"}],"author":[{"embeddable":true,"href":"https:\/\/www.meatprocessingmachine.org\/tr\/wp-json\/wp\/v2\/users\/1"}],"wp:featuredmedia":[{"embeddable":true,"href":"https:\/\/www.meatprocessingmachine.org\/tr\/wp-json\/wp\/v2\/media\/853"}],"wp:attachment":[{"href":"https:\/\/www.meatprocessingmachine.org\/tr\/wp-json\/wp\/v2\/media?parent=839"}],"wp:term":[{"taxonomy":"product-type","embeddable":true,"href":"https:\/\/www.meatprocessingmachine.org\/tr\/wp-json\/wp\/v2\/product-type?post=839"}],"curies":[{"name":"wp","href":"https:\/\/api.w.org\/{rel}","templated":true}]}}