{"id":875,"date":"2020-11-04T16:33:10","date_gmt":"2020-11-04T08:33:10","guid":{"rendered":"http:\/\/www.meatprocessingmachine.org\/?p=875"},"modified":"2026-02-12T16:40:19","modified_gmt":"2026-02-12T08:40:19","slug":"industrial-sausage-stuffer-machine-in-sausage-manufacturing","status":"publish","type":"product","link":"https:\/\/www.meatprocessingmachine.org\/tr\/industrial-sausage-stuffer-machine-in-sausage-manufacturing.html","title":{"rendered":"Sosis \u00dcretiminde End\u00fcstriyel Sosis Doldurma Makinesi"},"content":{"rendered":"<div class=\"kk-star-ratings kksr-auto kksr-align-right kksr-valign-top\"     data-payload='{&quot;align&quot;:&quot;right&quot;,&quot;id&quot;:&quot;875&quot;,&quot;slug&quot;:&quot;default&quot;,&quot;valign&quot;:&quot;top&quot;,&quot;ignore&quot;:&quot;&quot;,&quot;reference&quot;:&quot;auto&quot;,&quot;class&quot;:&quot;&quot;,&quot;count&quot;:&quot;0&quot;,&quot;legendonly&quot;:&quot;&quot;,&quot;readonly&quot;:&quot;&quot;,&quot;score&quot;:&quot;0&quot;,&quot;starsonly&quot;:&quot;&quot;,&quot;best&quot;:&quot;5&quot;,&quot;gap&quot;:&quot;5&quot;,&quot;greet&quot;:&quot;Rate this product&quot;,&quot;legend&quot;:&quot;0\\\/5 - (0 votes)&quot;,&quot;size&quot;:&quot;24&quot;,&quot;title&quot;:&quot;Industrial sausage stuffer machine in sausage manufacturing&quot;,&quot;width&quot;:&quot;0&quot;,&quot;_legend&quot;:&quot;{score}\\\/{best} - ({count} {votes})&quot;,&quot;font_factor&quot;:&quot;1.25&quot;}'>              <div class=\"kksr-stars\">      <div class=\"kksr-stars-inactive\">             <div class=\"kksr-star\" data-star=\"1\" style=\"padding-right: 5px\">               <div class=\"kksr-icon\" style=\"width: 24px; height: 24px;\"><\/div>         <\/div>             <div class=\"kksr-star\" data-star=\"2\" style=\"padding-right: 5px\">               <div class=\"kksr-icon\" style=\"width: 24px; height: 24px;\"><\/div>         <\/div>             <div class=\"kksr-star\" data-star=\"3\" style=\"padding-right: 5px\">               <div class=\"kksr-icon\" style=\"width: 24px; height: 24px;\"><\/div>         <\/div>             <div class=\"kksr-star\" data-star=\"4\" style=\"padding-right: 5px\">               <div class=\"kksr-icon\" style=\"width: 24px; height: 24px;\"><\/div>         <\/div>             <div class=\"kksr-star\" data-star=\"5\" style=\"padding-right: 5px\">               <div class=\"kksr-icon\" style=\"width: 24px; height: 24px;\"><\/div>         <\/div>     <\/div>      <div class=\"kksr-stars-active\" style=\"width: 0px;\">             <div class=\"kksr-star\" style=\"padding-right: 5px\">               <div class=\"kksr-icon\" style=\"width: 24px; height: 24px;\"><\/div>         <\/div>             <div class=\"kksr-star\" style=\"padding-right: 5px\">               <div class=\"kksr-icon\" style=\"width: 24px; height: 24px;\"><\/div>         <\/div>             <div class=\"kksr-star\" style=\"padding-right: 5px\">               <div class=\"kksr-icon\" style=\"width: 24px; height: 24px;\"><\/div>         <\/div>             <div class=\"kksr-star\" style=\"padding-right: 5px\">               <div class=\"kksr-icon\" style=\"width: 24px; height: 24px;\"><\/div>         <\/div>             <div class=\"kksr-star\" style=\"padding-right: 5px\">               <div class=\"kksr-icon\" style=\"width: 24px; height: 24px;\"><\/div>         <\/div>     <\/div> <\/div>                   <div class=\"kksr-legend\" style=\"font-size: 19.2px;\">             <span class=\"kksr-muted\">Bu \u00fcr\u00fcn\u00fc de\u011ferlendirin<\/span>     <\/div>     <\/div>  <p class=\"translation-block\">The<strong> industrial sausage stuffer machine<\/strong>&nbsp;is used for sausage enema. It is the most important step in the <a href=\"http:\/\/www.meatprocessingmachine.org\/tr\/sausage-production-line-for-sausage-making.html\/\">sausage manufacturing step<\/a>. The sausage meat enters the casing through the sausage stuffer to form sausages with regular shapes and sizes. According to different ways of enema, the sausage stuffing machine is divided into two categories. <strong>Hydraulic enema machine<\/strong> and <strong>pneumatic quantitative sausage stuffer machine<\/strong>. The two machines&#8217; applicable materials and working principles are very different.<\/p>    <h2 class=\"wp-block-heading\" id=\"h-hydraulic-sausage-stuffer-machine\">Hidrolik sucuk doldurma makinesi<\/h2>    <p>Hidrolik sucuk doldurma makinesi, ince gran\u00fcll\u00fc, kaba gran\u00fcll\u00fc veya et em\u00fclsiyonlu malzemelerin lavalaj\u0131 i\u00e7in uygundur. Farkl\u0131 \u00e7aplardaki lavale t\u00fcpleri ile hayvan ba\u011f\u0131rslar\u0131na et toplar\u0131 doldurarak farkl\u0131 t\u00fcrde sosisler \u00fcretir.<\/p>    <h3 class=\"wp-block-heading\" id=\"h-hydraulic-sausage-filling-machine-working-principle\">Hidrolik sucuk doldurma makinesi<strong>&nbsp;<\/strong>\u00e7al\u0131\u015fma prensibi<\/h3>    <p>Hidrolik sucuk lavalaje makinesi piston hidrolik tahrikle \u00e7al\u0131\u015f\u0131r. Makine, hidrolik silindir taraf\u0131ndan \u00fcretilen \u00e7al\u0131\u015fma bas\u0131nc\u0131yla makine hoppersinden eti s\u0131k\u0131\u015ft\u0131r\u0131r. Makine geni\u015f bir malzeme yelpazesi i\u00e7in uygundur ve et g\u00f6r\u00fcn\u00fcml\u00fc ya da \u015fekilli sosisleri doldurmak i\u00e7in kullan\u0131labilir. Otomatik sucuk doldurma makinesi, b\u00fcy\u00fck, orta ve k\u00fc\u00e7\u00fck boyutlarda sosis doldurma i\u00e7in uygundur.<\/p>    <p>Farkl\u0131 \u00e7\u0131k\u0131\u015f ve norma g\u00f6re, k\u00fc\u00e7\u00fck hidrolik sucuk doldurucular, tek t\u00fcpl\u00fc ve \u00e7ift t\u00fcpl\u00fc hidrolik sucuk doldurucular bulunmaktad\u0131r.<\/p>    <h3 class=\"wp-block-heading\" id=\"h-small-hydraulic-sausage-stuffing-machine\">K\u00fc\u00e7\u00fck hidrolik sucuk doldurma makinesi<\/h3>    <figure class=\"wp-block-image size-large\"><img loading=\"lazy\" decoding=\"async\" width=\"607\" height=\"607\" src=\"http:\/\/www.meatprocessingmachine.org\/wp-content\/uploads\/2020\/11\/small-hydraulic-stuffer-machine.png\" alt=\"small hydraulic stuffer machine\" class=\"wp-image-877\" title=\"\" srcset=\"https:\/\/www.meatprocessingmachine.org\/wp-content\/uploads\/2020\/11\/small-hydraulic-stuffer-machine.png 607w, https:\/\/www.meatprocessingmachine.org\/wp-content\/uploads\/2020\/11\/small-hydraulic-stuffer-machine-300x300.png 300w, https:\/\/www.meatprocessingmachine.org\/wp-content\/uploads\/2020\/11\/small-hydraulic-stuffer-machine-150x150.png 150w\" sizes=\"auto, (max-width: 607px) 100vw, 607px\" \/><figcaption>K\u00fc\u00e7\u00fck Hidrolik Doldurucu Makine<\/figcaption><\/figure>    <p>K\u00fc\u00e7\u00fck hidrolik sucuk doldurucu kapasitesi 100 kg\/saat, dolum \u00e7ap\u0131 aral\u0131\u011f\u0131 16\/18\/22 mm olabilir. Bireysel t\u00fcccarlar ve k\u00fc\u00e7\u00fck et i\u015fleme tesisi i\u00e7in uygundur. Makine lavaleyi kontrol etmek i\u00e7in bir de\u011fi\u015fim anahtar\u0131 ve bir ayak pedali kullan\u0131r, i\u015fletmeyi daha g\u00fcvenli k\u0131lar. Geni\u015f kapasiteli varili, lavalaj \u00e7\u0131k\u0131\u015f\u0131n\u0131 art\u0131r\u0131r. Makine hareket edebilir, ta\u015f\u0131nabilir ve her yerde lavalaj yapabilir.<\/p>    <h3 class=\"wp-block-heading\" id=\"h-single-and-double-tube-hydraulic-sausage-stuffer-machine\">Tek ve \u00e7ift t\u00fcp hidrolik sucuk doldurma makinesi<\/h3>    <p>Tek et doldurma makinesinin kapasitesi 300 kg\/saat, \u00e7ift t\u00fcp dolum makinesinin kapasitesi 500 kg\/saat<\/p>    <figure class=\"wp-block-image size-large\"><img loading=\"lazy\" decoding=\"async\" width=\"607\" height=\"607\" src=\"http:\/\/www.meatprocessingmachine.org\/wp-content\/uploads\/2020\/11\/hydraulic-enema-machine.png\" alt=\"hidrolik enema makinesi\" class=\"wp-image-878\" title=\"\" srcset=\"https:\/\/www.meatprocessingmachine.org\/wp-content\/uploads\/2020\/11\/hydraulic-enema-machine.png 607w, https:\/\/www.meatprocessingmachine.org\/wp-content\/uploads\/2020\/11\/hydraulic-enema-machine-300x300.png 300w, https:\/\/www.meatprocessingmachine.org\/wp-content\/uploads\/2020\/11\/hydraulic-enema-machine-150x150.png 150w\" sizes=\"auto, (max-width: 607px) 100vw, 607px\" \/><figcaption>Hidrolik Enema Makinesi<\/figcaption><\/figure>    <p>\u0130ki makinenin dolum \u00e7ap\u0131 aral\u0131\u011f\u0131 12\/18\/30 mm. \u0130ki end\u00fcstriyel lavalaje makinesinin fark\u0131, eti d\u0131\u015far\u0131 atan boru say\u0131s\u0131d\u0131r. Makinenin \u00fcst k\u0131sm\u0131nda bir keg ve bir kelebek valfi bulunur; s\u00fcrekli dolum ger\u00e7ekle\u015ftirebilir. \u00dcretim verimlili\u011fini \u00f6nemli \u00f6l\u00e7\u00fcde art\u0131r\u0131r. K\u00fc\u00e7\u00fck et doldurma makinesine k\u0131yasla bu makine y\u00fcksek otomasyon ve h\u0131zl\u0131 bo\u015faltma h\u0131z\u0131na sahiptir; s\u00fcrekli \u00fcretime uygundur. Bu nedenle her t\u00fcr i\u015fletme i\u00e7in uygundur.<\/p>    <h2 class=\"wp-block-heading\" id=\"h-pneumatic-quantitative-twist-enema-machine\">Pn\u00f6matik Nicel Burgu Lavalaje Makinesi<\/h2>    <figure class=\"wp-block-image size-large\"><img loading=\"lazy\" decoding=\"async\" width=\"692\" height=\"693\" src=\"http:\/\/www.meatprocessingmachine.org\/wp-content\/uploads\/2020\/11\/pneumatic-quantitative-sausage-stuffing-machine.png\" alt=\"pneumatic quantitative sausage stuffing machine\" class=\"wp-image-879\" title=\"\" srcset=\"https:\/\/www.meatprocessingmachine.org\/wp-content\/uploads\/2020\/11\/pneumatic-quantitative-sausage-stuffing-machine.png 692w, https:\/\/www.meatprocessingmachine.org\/wp-content\/uploads\/2020\/11\/pneumatic-quantitative-sausage-stuffing-machine-300x300.png 300w, https:\/\/www.meatprocessingmachine.org\/wp-content\/uploads\/2020\/11\/pneumatic-quantitative-sausage-stuffing-machine-150x150.png 150w\" sizes=\"auto, (max-width: 692px) 100vw, 692px\" \/><figcaption>Pn\u00f6matik Nicel Sucuk Doldurma Makinesi<\/figcaption><\/figure>    <p>Pn\u00f6matik nicel burgu doldurma makinesi, ezilmi\u015f eti doldurarak b\u00fck\u00fcm ger\u00e7ekle\u015ftirmeye uygundur. Otomatik b\u00fck\u00fcm ile nicel doldurma ger\u00e7ekle\u015ftirir. Ge\u00e7mi\u015fte nicel lavalaj b\u00fck\u00fcm eksikli\u011fini giderir. Makine 30-1000 g aras\u0131nda nicel olarak doldurulabilir, hata en fazla 3 g. Dakikada 60 b\u00fck\u00fcm yapabilir, lavalaj \u00e7ap\u0131 10\/12\/14\/17 mm.<\/p>    <h3 class=\"wp-block-heading\" id=\"h-advantages-of-pneumatic-quantitative-filling-machine\">Pn\u00f6matik nicel doldurma makinesinin Avantajlar\u0131<\/h3>    <ol class=\"wp-block-list\"><li>Geli\u015fmi\u015f pn\u00f6matik, optik sens\u00f6r kontrol ilkesini benimser, otomatik nicel doldurma ve b\u00fck\u00fcm ger\u00e7ekle\u015ftirebilir, y\u00fcksek d\u00fczeyde otomasyon sa\u011flar.<\/li><li>Et dolum makinesi, \u00e7e\u015fitli ezilmi\u015f sosis \u00fcr\u00fcnlerini doldurmaya uygundur.<\/li><li>Malzemeyle temas eden par\u00e7alar ve d\u0131\u015f ambalaj her ikisi de temizlenebilir, g\u00fczel g\u00f6r\u00fcn\u00fcmde g\u0131da s\u0131n\u0131f\u0131 paslanmaz \u00e7elikten yap\u0131lm\u0131\u015ft\u0131r.<\/li><li>\u0130le e\u015fle\u015febilir<strong> tel ba\u011flama makinesi<\/strong>&nbsp;otomatik \u00fcretimi ger\u00e7ekle\u015ftirmek i\u00e7in.<\/li><li>Makinenin stabil yap\u0131s\u0131, basit operasyonu ve kolay temizli\u011fi vard\u0131r. Orta ve k\u00fc\u00e7\u00fck \u00f6l\u00e7ekli et i\u015fleme i\u015fletmeleri i\u00e7in uygundur.<\/li><\/ol>    <h3 class=\"wp-block-heading\" id=\"h-precautions\">\u00d6nlemler<\/h3>    <ol class=\"wp-block-list\"><li>End\u00fcstriyel sucuk doldurma makinesi, ezilmi\u015f et dolgusu i\u00e7in uygundur.<\/li><li>Doldurma a\u011f\u0131rl\u0131k gereksinimlerini kar\u015f\u0131lamak i\u00e7in silindirin itme mesafesiyle ger\u00e7ekle\u015febilir.<\/li><li>B\u00fck\u00fcm\u00fcn durdurma s\u00fcresini ve \u00e7al\u0131\u015fma s\u00fcresini silindir pistonunun ileri geri hareket s\u00fcresini kontrol ederek ayarlayabilirsiniz.<\/li><li>Et dolum kap hopper\u2019a girmeden \u00f6nce, deliklerin olu\u015fmas\u0131n\u0131 en aza indirmek i\u00e7in havaya maruz kalmamal\u0131d\u0131r. Bu nedenle \u015fu kullanabilirsiniz: bir <strong>vakumlu et doldurma makinesi<\/strong>&nbsp;yayg\u0131n bir kar\u0131\u015ft\u0131rma makinesi yerine.<\/li><li>zarflar\u0131n i\u00e7 \u00e7ap\u0131, lavalaj t\u00fcp\u00fcn\u00fcn \u00e7aplar\u0131yla e\u015fle\u015fmelidir, et dolum bas\u0131nc\u0131, b\u00fck\u00fcm say\u0131s\u0131.<\/li><\/ol>","protected":false},"excerpt":{"rendered":"<p>Sucuk \u00fcretimi i\u00e7in, sucuk doldurma makinesi en \u00f6nemli makinad\u0131r. Hidrolik lavalaje makinesi ve pn\u00f6matik nicel sucuk doldurma makinesini sunuyoruz.<\/p>","protected":false},"author":1,"featured_media":885,"parent":0,"template":"","product-type":[598],"class_list":["post-875","product","type-product","status-publish","has-post-thumbnail","hentry","product-type-supporting-auxiliary-equipment"],"_links":{"self":[{"href":"https:\/\/www.meatprocessingmachine.org\/tr\/wp-json\/wp\/v2\/product\/875","targetHints":{"allow":["GET"]}}],"collection":[{"href":"https:\/\/www.meatprocessingmachine.org\/tr\/wp-json\/wp\/v2\/product"}],"about":[{"href":"https:\/\/www.meatprocessingmachine.org\/tr\/wp-json\/wp\/v2\/types\/product"}],"author":[{"embeddable":true,"href":"https:\/\/www.meatprocessingmachine.org\/tr\/wp-json\/wp\/v2\/users\/1"}],"wp:featuredmedia":[{"embeddable":true,"href":"https:\/\/www.meatprocessingmachine.org\/tr\/wp-json\/wp\/v2\/media\/885"}],"wp:attachment":[{"href":"https:\/\/www.meatprocessingmachine.org\/tr\/wp-json\/wp\/v2\/media?parent=875"}],"wp:term":[{"taxonomy":"product-type","embeddable":true,"href":"https:\/\/www.meatprocessingmachine.org\/tr\/wp-json\/wp\/v2\/product-type?post=875"}],"curies":[{"name":"wp","href":"https:\/\/api.w.org\/{rel}","templated":true}]}}