{"id":899,"date":"2020-11-27T10:07:52","date_gmt":"2020-11-27T02:07:52","guid":{"rendered":"http:\/\/www.meatprocessingmachine.org\/?p=899"},"modified":"2026-04-02T10:14:06","modified_gmt":"2026-04-02T02:14:06","slug":"bone-grinder-machine-meat-and-bone-grinder","status":"publish","type":"product","link":"https:\/\/www.meatprocessingmachine.org\/tr\/bone-grinder-machine-meat-and-bone-grinder.html","title":{"rendered":"Kemik \u00d6\u011f\u00fct\u00fcc\u00fc Makinesi | Bal\u0131k ve S\u0131\u011f\u0131r Kemik Ezme Makinesi"},"content":{"rendered":"<div class=\"kk-star-ratings kksr-auto kksr-align-right kksr-valign-top\"     data-payload='{&quot;align&quot;:&quot;right&quot;,&quot;id&quot;:&quot;899&quot;,&quot;slug&quot;:&quot;default&quot;,&quot;valign&quot;:&quot;top&quot;,&quot;ignore&quot;:&quot;&quot;,&quot;reference&quot;:&quot;auto&quot;,&quot;class&quot;:&quot;&quot;,&quot;count&quot;:&quot;2&quot;,&quot;legendonly&quot;:&quot;&quot;,&quot;readonly&quot;:&quot;&quot;,&quot;score&quot;:&quot;5&quot;,&quot;starsonly&quot;:&quot;&quot;,&quot;best&quot;:&quot;5&quot;,&quot;gap&quot;:&quot;5&quot;,&quot;greet&quot;:&quot;Rate this product&quot;,&quot;legend&quot;:&quot;5\\\/5 - (2 votes)&quot;,&quot;size&quot;:&quot;24&quot;,&quot;title&quot;:&quot;Bone Grinder Machine | Fish and Beef Bone Paste Grinding Machine&quot;,&quot;width&quot;:&quot;142.5&quot;,&quot;_legend&quot;:&quot;{score}\\\/{best} - ({count} {votes})&quot;,&quot;font_factor&quot;:&quot;1.25&quot;}'>              <div class=\"kksr-stars\">      <div class=\"kksr-stars-inactive\">             <div class=\"kksr-star\" data-star=\"1\" style=\"padding-right: 5px\">               <div class=\"kksr-icon\" style=\"width: 24px; height: 24px;\"><\/div>         <\/div>             <div class=\"kksr-star\" data-star=\"2\" style=\"padding-right: 5px\">               <div class=\"kksr-icon\" style=\"width: 24px; height: 24px;\"><\/div>         <\/div>             <div class=\"kksr-star\" data-star=\"3\" style=\"padding-right: 5px\">               <div class=\"kksr-icon\" style=\"width: 24px; height: 24px;\"><\/div>         <\/div>             <div class=\"kksr-star\" data-star=\"4\" style=\"padding-right: 5px\">               <div class=\"kksr-icon\" style=\"width: 24px; height: 24px;\"><\/div>         <\/div>             <div class=\"kksr-star\" data-star=\"5\" style=\"padding-right: 5px\">               <div class=\"kksr-icon\" style=\"width: 24px; height: 24px;\"><\/div>         <\/div>     <\/div>      <div class=\"kksr-stars-active\" style=\"width: 142.5px;\">             <div class=\"kksr-star\" style=\"padding-right: 5px\">               <div class=\"kksr-icon\" style=\"width: 24px; height: 24px;\"><\/div>         <\/div>             <div class=\"kksr-star\" style=\"padding-right: 5px\">               <div class=\"kksr-icon\" style=\"width: 24px; height: 24px;\"><\/div>         <\/div>             <div class=\"kksr-star\" style=\"padding-right: 5px\">               <div class=\"kksr-icon\" style=\"width: 24px; height: 24px;\"><\/div>         <\/div>             <div class=\"kksr-star\" style=\"padding-right: 5px\">               <div class=\"kksr-icon\" style=\"width: 24px; height: 24px;\"><\/div>         <\/div>             <div class=\"kksr-star\" style=\"padding-right: 5px\">               <div class=\"kksr-icon\" style=\"width: 24px; height: 24px;\"><\/div>         <\/div>     <\/div> <\/div>                   <div class=\"kksr-legend\" style=\"font-size: 19.2px;\">             5\/5 - (2 oy)    <\/div>     <\/div>  <p>Kemik k\u0131r\u0131c\u0131 makinesi, kolloid de\u011firmeni temeli \u00fczerinde \u00f6zel geli\u015ftirilmi\u015f bir ekipmand\u0131r. K\u0131r\u0131k kemiklerden elde edilen suyu \u00e7orba haline getirip p\u00fcre ve marta d\u00f6n\u00fc\u015ft\u00fcrmek i\u00e7in 100-200 mesh inceli\u011fine kadar \u00f6\u011f\u00fct\u00fcr. Malzeme ultra ince toz hale getirilir; \u00e7e\u015fitli yar\u0131 \u0131slak v\u00fccutlar ve em\u00fclsiyon maddelerini \u00f6\u011f\u00fct\u00fcp emulsify edebilir, homojenle\u015ftirebilir ve kar\u0131\u015ft\u0131rabilir. Ana teknik g\u00f6stergeler, benzer yabanc\u0131 \u00fcr\u00fcnlerin ileri seviyesine ula\u015fm\u0131\u015ft\u0131r.<\/p>    <figure class=\"wp-block-embed is-type-video is-provider-youtube wp-block-embed-youtube wp-embed-aspect-16-9 wp-has-aspect-ratio\"><div class=\"wp-block-embed__wrapper\"> <iframe loading=\"lazy\" title=\"Kemik \u00d6\u011f\u00fct\u00fcc\u00fc Makine | Y\u00fcksek Verimli Kemik \u00c7orbas\u0131 \u0130\u015fleme Ekipman\u0131\ud83e\udd69\" width=\"500\" height=\"281\" src=\"https:\/\/www.youtube.com\/embed\/GVGE_Dk08ss?feature=oembed\" frameborder=\"0\" allow=\"accelerometer; autoplay; clipboard-write; encrypted-media; gyroscope; picture-in-picture; web-share\" referrerpolicy=\"strict-origin-when-cross-origin\" allowfullscreen><\/iframe> <\/div><\/figure>    <h2 class=\"wp-block-heading\">Kemik k\u0131r\u0131c\u0131 makinesi hangi hammaddeleri i\u015fleyebilir?<\/h2>   <div class=\"wp-block-image\"> <figure class=\"aligncenter size-full\"><img loading=\"lazy\" decoding=\"async\" width=\"720\" height=\"540\" src=\"https:\/\/www.meatprocessingmachine.org\/wp-content\/uploads\/2020\/11\/raw-materials-of-the-bone-grinder.png\" alt=\"kemik k\u0131r\u0131c\u0131 i\u00e7in hammaddeler\" class=\"wp-image-33064\" title=\"\" srcset=\"https:\/\/www.meatprocessingmachine.org\/wp-content\/uploads\/2020\/11\/raw-materials-of-the-bone-grinder.png 720w, https:\/\/www.meatprocessingmachine.org\/wp-content\/uploads\/2020\/11\/raw-materials-of-the-bone-grinder-300x225.png 300w\" sizes=\"auto, (max-width: 720px) 100vw, 720px\" \/><figcaption class=\"wp-element-caption\">kemik k\u0131r\u0131c\u0131 i\u00e7in hammaddeler<\/figcaption><\/figure> <\/div>   <p><br>Kemik k\u0131r\u0131c\u0131 makinesi t\u00fcm kemikleri, esas olarak dana kemikleri, kuzu kemikleri, bal\u0131k kemikleri, tavuk kemikleri gibi her t\u00fcrl\u00fc kemi\u011fi \u00f6\u011f\u00fctebilir. \u00d6\u011f\u00fctme i\u00e7in kemik ve et \u00e7ok b\u00fcy\u00fckse, b\u00fcy\u00fck kemik par\u00e7alar\u0131 gibi, \u00f6nce k\u0131r\u0131lmas\u0131 gerekir ve kemikler tanelere k\u0131r\u0131l\u0131r; bu yaln\u0131zca \u00e7al\u0131\u015fma verimlili\u011fini art\u0131rmakla kalmaz, ayn\u0131 zamanda a\u015f\u0131r\u0131 kemikten dolay\u0131 tak\u0131m\u0131n aletine zarar gelmesini de \u00f6nler.<\/p>    <h2 class=\"wp-block-heading\" id=\"h-application-of-bone-grinder-machine\">Kemik k\u0131r\u0131c\u0131 makine uygulamas\u0131<\/h2>    <figure class=\"wp-block-gallery has-nested-images columns-default is-cropped wp-block-gallery-2 is-layout-flex wp-block-gallery-is-layout-flex\"> <figure class=\"wp-block-image size-large\"><img loading=\"lazy\" decoding=\"async\" width=\"720\" height=\"540\" data-id=\"33073\" src=\"https:\/\/www.meatprocessingmachine.org\/wp-content\/uploads\/2020\/11\/pet-food.png\" alt=\"pet food\" class=\"wp-image-33073\" title=\"\" srcset=\"https:\/\/www.meatprocessingmachine.org\/wp-content\/uploads\/2020\/11\/pet-food.png 720w, https:\/\/www.meatprocessingmachine.org\/wp-content\/uploads\/2020\/11\/pet-food-300x225.png 300w\" sizes=\"auto, (max-width: 720px) 100vw, 720px\" \/><figcaption class=\"wp-element-caption\">Kedi mamas\u0131<\/figcaption><\/figure>    <figure class=\"wp-block-image size-large\"><img loading=\"lazy\" decoding=\"async\" width=\"720\" height=\"540\" data-id=\"33074\" src=\"https:\/\/www.meatprocessingmachine.org\/wp-content\/uploads\/2020\/11\/sausage.png\" alt=\"sosis\" class=\"wp-image-33074\" title=\"\" srcset=\"https:\/\/www.meatprocessingmachine.org\/wp-content\/uploads\/2020\/11\/sausage.png 720w, https:\/\/www.meatprocessingmachine.org\/wp-content\/uploads\/2020\/11\/sausage-300x225.png 300w\" sizes=\"auto, (max-width: 720px) 100vw, 720px\" \/><figcaption class=\"wp-element-caption\">Sosis<\/figcaption><\/figure>    <figure class=\"wp-block-image size-large\"><img loading=\"lazy\" decoding=\"async\" width=\"720\" height=\"540\" data-id=\"33075\" src=\"https:\/\/www.meatprocessingmachine.org\/wp-content\/uploads\/2020\/11\/soup-stock.png\" alt=\"soup stock\" class=\"wp-image-33075\" title=\"\" srcset=\"https:\/\/www.meatprocessingmachine.org\/wp-content\/uploads\/2020\/11\/soup-stock.png 720w, https:\/\/www.meatprocessingmachine.org\/wp-content\/uploads\/2020\/11\/soup-stock-300x225.png 300w\" sizes=\"auto, (max-width: 720px) 100vw, 720px\" \/><figcaption class=\"wp-element-caption\">\u00c7orba Suyu<\/figcaption><\/figure> <\/figure>    <p>Hayvan kemiklerinin bile\u015fimi ve \u00f6zelliklerine g\u00f6re, kemik p\u00fcrt\u00fcs\u00fcn\u00fc olu\u015fturan \u00f6zel k\u0131rma prensibini benimser. Hayvan kemiklerinde \u00e7ok say\u0131da protein ve ya\u011f gibi besinler bulunur. Y\u00fcksek besin de\u011feri, d\u00fc\u015f\u00fck kalori \u00fcr\u00fcn\u00fcd\u00fcr. Hayvan kemiklerinden yap\u0131lan kemik unu ve kemik ezmesi, insan v\u00fccudu i\u00e7in gerekli bir\u00e7ok besini i\u00e7erir. Protein, ya\u011f, vitaminler, kolajen, kalsiyum vb. i\u00e7erir. \u015eu anda kemik ezmesi esas olarak g\u0131da katk\u0131 maddesi olarak veya do\u011frudan baharat yap\u0131m\u0131nda kullan\u0131lmaktad\u0131r. Kemik ezmesi Avrupa, Japonya, ABD ve di\u011fer \u00fclkelerde et k\u00f6ftesi, k\u00f6fte, et t\u00fcy\u00fc gibi \u00fcr\u00fcnler yapmak i\u00e7in yayg\u0131n olarak kullan\u0131l\u0131r. \u00c7in\u2019de kemik ezmesi ayr\u0131ca y\u00fcksek s\u0131cakl\u0131kta et \u00fcr\u00fcnlerinde, konserve g\u0131dalarda ve di\u011fer yiyeceklerde yayg\u0131n olarak kullan\u0131lmakta ve \u00e7orba yap\u0131m\u0131nda da kullan\u0131labilir.<\/p>    <h2 class=\"wp-block-heading\">Kemik k\u0131r\u0131c\u0131 makinesi parametreleri<\/h2>    <ul class=\"wp-block-list\"> <li>Model: TZ-80  Kemik yap\u0131\u015ft\u0131rma makinesi<\/li>    <li>\u0130\u015fleme inceli\u011fi: 2-50 \u03bcm<\/li>    <li>\u00c7\u0131kt\u0131: 50-100 kg\/h<\/li>    <li>G\u00fc\u00e7: 4kw<\/li>    <li>A\u011f\u0131rl\u0131k: 150 kg<\/li>    <li>Boyutlar: 600*410*930 mm<\/li> <\/ul>    <h2 class=\"wp-block-heading\" id=\"h-bone-grinder-machine-working-principle\">Kemik k\u0131r\u0131c\u0131 makine \u00e7al\u0131\u015fma prensibi<\/h2>    <p class=\"translation-block\">Derdiniz b\u00fcy\u00fck kemiklerse, \u00f6nce b\u00fcy\u00fck kemikleri uniform taneli kemik tozuna k\u0131rmak i\u00e7in <a href=\"https:\/\/www.meatprocessingmachine.org\/tr\/animal-bone-crushing-machine.html\/\">kemik k\u0131r\u0131c\u0131 makinesi<\/a> kullanabilirsiniz. Sonra k\u00fc\u00e7\u00fck par\u00e7alar\u0131 kemik et \u00f6\u011f\u00fctme makinesi ile macun haline \u00f6\u011f\u00fct\u00fcn. Bu sert kemiklerin \u00f6\u011f\u00fctme di\u015flerine verece\u011fi hasar\u0131 azalt\u0131r.<\/p>   <div class=\"wp-block-image\"> <figure class=\"aligncenter size-full\"><img loading=\"lazy\" decoding=\"async\" width=\"720\" height=\"540\" src=\"https:\/\/www.meatprocessingmachine.org\/wp-content\/uploads\/2020\/11\/beef-bone-paste-grinding.png\" alt=\"dana kemi\u011fi ezmesi \u00f6\u011f\u00fctme\" class=\"wp-image-33065\" title=\"\" srcset=\"https:\/\/www.meatprocessingmachine.org\/wp-content\/uploads\/2020\/11\/beef-bone-paste-grinding.png 720w, https:\/\/www.meatprocessingmachine.org\/wp-content\/uploads\/2020\/11\/beef-bone-paste-grinding-300x225.png 300w\" sizes=\"auto, (max-width: 720px) 100vw, 720px\" \/><figcaption class=\"wp-element-caption\">dana kemi\u011fi ezmesi \u00f6\u011f\u00fctme<\/figcaption><\/figure> <\/div>   <p>Et ve kemik \u00f6\u011f\u00fctme makinesi, farkl\u0131 geometrik \u015fekillerdeki sabitler ve rotorlar ile y\u00fcksek h\u0131zl\u0131 hareket \u00fczerinden malzemeyi \u00f6\u011f\u00fctler. Sabit ve rotor y\u00fcksek h\u0131zda hareket ederken y\u00fcksek frekansl\u0131 titre\u015fim, y\u00fcksek h\u0131zl\u0131 girdap ve kesme kuvveti gibi birka\u00e7 birle\u015fik kuvvet \u00fcretir. Bu birle\u015fik kuvvetlerin etkisi alt\u0131nda makine maddeyi \u00f6\u011f\u00fct\u00fcr ve malzemenin incelmesini sa\u011flar. Taizy\u2019nin Kemik K\u0131r\u0131c\u0131 Makinesi, ince i\u015flemeyi benimser. Makinenin \u00f6\u011f\u00fctme b\u00f6lmesi i\u00e7inde \u00fc\u00e7 \u00f6\u011f\u00fctme zonu vard\u0131r: kaba \u00f6\u011f\u00fctme b\u00f6lgesi, ince \u00f6\u011f\u00fctme b\u00f6lgesi ve s\u00fcper ince \u00f6\u011f\u00fctme b\u00f6lgesi. Bu \u00fc\u00e7 \u00f6\u011f\u00fctme b\u00f6lgesi sayesinde k\u0131rmay\u0131 en \u00e7ok yapan ve incelik ile p\u00fcr\u00fczs\u00fczl\u00fck taleplerini kar\u015f\u0131layan en iyi d\u00fczeye ula\u015f\u0131r.<\/p>    <h2 class=\"wp-block-heading\" id=\"h-fish-and-beef-bone-paste-grinding-machine-characteristics\">Bal\u0131k ve dana kemi\u011fi ezmesi k\u0131vam\u0131 \u00f6zellikleri<\/h2>   <div class=\"wp-block-image\"> <figure class=\"aligncenter size-full\"><img loading=\"lazy\" decoding=\"async\" width=\"720\" height=\"540\" src=\"https:\/\/www.meatprocessingmachine.org\/wp-content\/uploads\/2020\/11\/bone-grinder-machine-1.jpg\" alt=\"kemik-k\u0131r\u0131c\u0131-makine\" class=\"wp-image-33066\" title=\"\" srcset=\"https:\/\/www.meatprocessingmachine.org\/wp-content\/uploads\/2020\/11\/bone-grinder-machine-1.jpg 720w, https:\/\/www.meatprocessingmachine.org\/wp-content\/uploads\/2020\/11\/bone-grinder-machine-1-300x225.jpg 300w\" sizes=\"auto, (max-width: 720px) 100vw, 720px\" \/><figcaption class=\"wp-element-caption\">kemik-k\u0131r\u0131c\u0131-makine<\/figcaption><\/figure> <\/div>   <ol style=\"list-style-type:1\" class=\"wp-block-list\"> <li>Kemik k\u0131rma makinesinin dikey, yatay, b\u00f6l\u00fcnm\u00fc\u015f ve di\u011fer tipleri vard\u0131r; makinenin \u00e7\u0131k\u0131\u015flar\u0131 \u00e7e\u015fitlidir.<\/li>    <li>Makinenin ana yap\u0131s\u0131 bir kapak, \u00f6\u011f\u00fctme ba\u015fl\u0131\u011f\u0131, ayar kolu, so\u011futma mekanizmas\u0131, motor ve di\u011fer par\u00e7alar\u0131ndan olu\u015fur. Ba\u015fl\u0131ca par\u00e7alar g\u0131da s\u0131n\u0131f\u0131 paslanmaz \u00e7elikten yap\u0131lm\u0131\u015ft\u0131r; korozyona dayan\u0131kl\u0131d\u0131r, g\u00fcvenlidir ve verimlidir.<\/li>    <li>Bu makine yaln\u0131zca kemik ezmesi yapmak i\u00e7in de\u011fil, ayn\u0131 zamanda yer f\u0131st\u0131\u011f\u0131 ezmesi, ac\u0131 sosu, soya s\u00fct\u00fc ve di\u011fer g\u0131da sanayileri i\u00e7in de kullan\u0131labilir. Ayr\u0131ca g\u00fcnl\u00fck ihtiya\u00e7lar, kimya end\u00fcstrisi, ila\u00e7 end\u00fcstrisi ve di\u011fer end\u00fcstrilerde yayg\u0131n olarak uygulan\u0131r. Malzemelerin farkl\u0131 \u00f6zelliklerine g\u00f6re \u00fcretim i\u00e7in farkl\u0131 tip ve modelleri se\u00e7ebilirsiniz.<\/li>    <li>Kemik k\u0131rma makinesinin kompakt yap\u0131, g\u00fczel g\u00f6r\u00fcn\u00fcm, istikrarl\u0131 performans ve kullan\u0131\u015fl\u0131 \u00e7al\u0131\u015fma \u00f6zellikleri vard\u0131r.<\/li>    <li>Bu makinenin \u00fcretti\u011fi kemik ezmesi m\u00fckemmel bir ince malzemedir. Ayar tutama\u011f\u0131n\u0131 ayarlayarak ve \u00f6\u011f\u00fctme say\u0131s\u0131n\u0131 art\u0131rarak \u00f6\u011f\u00fctme inceli\u011fini kontrol edebilirsiniz.<\/li>    <li>Kemik \u00e7amuru \u00f6\u011f\u00fctme diski g\u00fc\u00e7lendirilmi\u015f olup korozyon direnci ve a\u015f\u0131nma direnci iyidir.<\/li> <\/ol>    <h2 class=\"wp-block-heading\" id=\"h-precautions-of-fish-and-beef-bone-paste-grinding-machine\">Bal\u0131k ve dana kemi\u011fi ezmesi makinesinin \u00f6nlemleri<\/h2>   <div class=\"wp-block-image\"> <figure class=\"aligncenter size-full\"><img loading=\"lazy\" decoding=\"async\" width=\"720\" height=\"540\" src=\"https:\/\/www.meatprocessingmachine.org\/wp-content\/uploads\/2020\/11\/bone-grinder-machine-1.png\" alt=\"kemik k\u0131rma makinesi\" class=\"wp-image-33072\" title=\"\" srcset=\"https:\/\/www.meatprocessingmachine.org\/wp-content\/uploads\/2020\/11\/bone-grinder-machine-1.png 720w, https:\/\/www.meatprocessingmachine.org\/wp-content\/uploads\/2020\/11\/bone-grinder-machine-1-300x225.png 300w\" sizes=\"auto, (max-width: 720px) 100vw, 720px\" \/><figcaption class=\"wp-element-caption\">kemik k\u0131rma makinesi<\/figcaption><\/figure> <\/div>   <ol style=\"list-style-type:1\" class=\"wp-block-list\"> <li>Kemik ezmesi makinesini seviyeli zemin \u00fczerine kurmal\u0131s\u0131n\u0131z ki \u00e7al\u0131\u015f\u0131rken d\u00fczg\u00fcn olsun.<\/li>    <li>Makine, \u0131slak i\u015flemi zeka ile ger\u00e7ekle\u015ftirir ve kuru kat\u0131 maddeleri i\u015fleyemez.<\/li>    <li>Makineyi \u00f6\u011f\u00fctmeye ba\u015flamadan \u00f6nce her par\u00e7an\u0131n civatalar\u0131n\u0131n s\u0131k\u0131l\u0131p s\u0131k\u0131lmad\u0131\u011f\u0131n\u0131 kontrol edin. Ayr\u0131ca rotorun sabit ile temas edip etmedi\u011fini ve s\u0131k\u0131\u015f\u0131p s\u0131k\u0131\u015fmad\u0131\u011f\u0131n\u0131 kontrol edin.<\/li>    <li>&nbsp;Hopper ve makinede kir veya yabanc\u0131 maddelerin olup olmad\u0131\u011f\u0131n\u0131 kontrol edin. Malzeme yerle\u015ftirilirken malzemeyi 1 mm i\u00e7inde tutmal\u0131s\u0131n\u0131z. Ve makineye demir ve sert par\u00e7alar konmas\u0131 kesinlikle yasakt\u0131r.<\/li>    <li>G\u00fc\u00e7 kayna\u011f\u0131n\u0131 ba\u011flay\u0131n ve rotor y\u00f6n\u00fcn\u00fcn tabandaki oka uygun olup olmad\u0131\u011f\u0131n\u0131 kontrol edin.<\/li>    <li>Motoru \u00e7al\u0131\u015ft\u0131rd\u0131ktan sonra g\u00fcr\u00fclt\u00fc gibi anormallikler olup olmad\u0131\u011f\u0131n\u0131 kontrol edin.<\/li> <\/ol>    <h2 class=\"wp-block-heading\" id=\"h-how-to-adjust-the-bone-grinder-machine-gap\">Kemik k\u0131r\u0131c\u0131 makine bo\u015flu\u011fu nas\u0131l ayarlan\u0131r?<\/h2>   <div class=\"wp-block-image\"> <figure class=\"aligncenter size-full\"><img loading=\"lazy\" decoding=\"async\" width=\"720\" height=\"540\" src=\"https:\/\/www.meatprocessingmachine.org\/wp-content\/uploads\/2020\/11\/beef-bone-paste-grinding-machinel.png\" alt=\" dana kemi\u011fi ezmesi \u00f6\u011f\u00fctme makinesi\" class=\"wp-image-33090\" title=\"\" srcset=\"https:\/\/www.meatprocessingmachine.org\/wp-content\/uploads\/2020\/11\/beef-bone-paste-grinding-machinel.png 720w, https:\/\/www.meatprocessingmachine.org\/wp-content\/uploads\/2020\/11\/beef-bone-paste-grinding-machinel-300x225.png 300w\" sizes=\"auto, (max-width: 720px) 100vw, 720px\" \/><figcaption class=\"wp-element-caption\"> dana kemi\u011fi ezmesi \u00f6\u011f\u00fctme makinesi<\/figcaption><\/figure> <\/div>   <p>Farkl\u0131 m\u00fc\u015fteriler i\u00e7in \u00f6\u011f\u00fct\u00fclen kemik p\u00fct\u00fcr\u00fcn\u00fcn inceli\u011fi farkl\u0131 olabilir. Peki kemik k\u0131r\u0131c\u0131 makinesini hedeflenen inceli\u011fe ula\u015facak \u015fekilde nas\u0131l ayarlars\u0131n\u0131z? \u0130ncelik ayar tutama\u011f\u0131n\u0131 ayarlayarak \u00f6\u011f\u00fct\u00fclen kemik \u00e7amurunun inceli\u011fini ayarlayabilirsiniz. Ayarlama tutama\u011f\u0131n\u0131 saat y\u00f6n\u00fcnde \u00e7evirin, stator ile rotor aras\u0131ndaki bo\u015fluk k\u00fc\u00e7\u00fcl\u00fcr. Ve \u00f6\u011f\u00fctme inceli\u011fi daha ince olur. Tutama\u011f\u0131 ayarlarken saat y\u00f6n\u00fcnde \u00e7evirin. Bir miktar s\u00fcrt\u00fcnme hissederseniz, bo\u015fluk 0'dan b\u00fcy\u00fck olacak \u015fekilde tersi y\u00f6nde \u00e7evirin. \u0130ncelik ayarland\u0131ktan sonra ayar halkas\u0131ndaki kolu s\u0131k\u0131ca tutun. \u0130\u015fleme inceli\u011fi taleplerini kar\u015f\u0131lamak i\u00e7in k\u0131rma diskleri aras\u0131ndaki bo\u015flu\u011fu m\u00fcmk\u00fcn oldu\u011funca geni\u015f tutun. Bu, k\u0131rma ba\u015fl\u0131\u011f\u0131n\u0131n hizmet \u00f6mr\u00fcn\u00fc art\u0131r\u0131r.<\/p>    <h2 class=\"wp-block-heading\">Kemik \u00f6\u011f\u00fctme makinesi m\u00fc\u015fteri vakas\u0131<\/h2>   <div class=\"wp-block-image\"> <figure class=\"aligncenter size-full\"><img loading=\"lazy\" decoding=\"async\" width=\"720\" height=\"540\" src=\"https:\/\/www.meatprocessingmachine.org\/wp-content\/uploads\/2020\/11\/bone-grinder-machine.png\" alt=\"kemik-k\u0131r\u0131c\u0131-makine\" class=\"wp-image-33068\" title=\"\" srcset=\"https:\/\/www.meatprocessingmachine.org\/wp-content\/uploads\/2020\/11\/bone-grinder-machine.png 720w, https:\/\/www.meatprocessingmachine.org\/wp-content\/uploads\/2020\/11\/bone-grinder-machine-300x225.png 300w\" sizes=\"auto, (max-width: 720px) 100vw, 720px\" \/><figcaption class=\"wp-element-caption\">kemik \u00f6\u011f\u00fctme makinesi<\/figcaption><\/figure> <\/div>   <p><br>Yak\u0131n zamanda kemik k\u0131r\u0131c\u0131 ve kemik k\u0131r\u0131c\u0131y\u0131 m\u00fc\u015fteriye sevk ettik. M\u00fc\u015fteri evcil hayvan mamas\u0131 i\u015fleyecek. Hammaddesi domuz kemi\u011fi, fakat kemik nispeten b\u00fcy\u00fck oldu\u011fundan \u00f6nce k\u0131r\u0131lmal\u0131, sonra \u00f6\u011f\u00fct\u00fclmelidir. Kemikler evcil hayvan mamas\u0131na eklenir; bu, mama aromas\u0131n\u0131 art\u0131rabilir ve zengin besin sa\u011flar.<\/p>    <h2 class=\"wp-block-heading\">Kemik \u00f6\u011f\u00fctme makinesi videosu<\/h2>    <figure class=\"wp-block-embed aligncenter is-type-video is-provider-youtube wp-block-embed-youtube\"><div class=\"wp-block-embed__wrapper\"> <iframe loading=\"lazy\" title=\"Hangi makine kemikleri \u00f6\u011f\u00fct\u00fcr? | bal\u0131k ve dana kemi\u011fi \u00f6\u011f\u00fctme makinesi sat\u0131l\u0131k | kemik k\u0131r\u0131c\u0131 makine\" width=\"500\" height=\"281\" src=\"https:\/\/www.youtube.com\/embed\/aJFLYTwqDF0?feature=oembed\" frameborder=\"0\" allow=\"accelerometer; autoplay; clipboard-write; encrypted-media; gyroscope; picture-in-picture; web-share\" referrerpolicy=\"strict-origin-when-cross-origin\" allowfullscreen><\/iframe> <\/div><figcaption class=\"wp-element-caption\">kemik \u00f6\u011f\u00fctme makinesi<\/figcaption><\/figure>","protected":false},"excerpt":{"rendered":"<p>Kemik k\u0131rma makinesi genellikle kemi\u011fi k\u0131rma makinesi ile birlikte kullan\u0131larak hayvan kemiklerini \u00f6\u011f\u00fct\u00fcr ve kemik kili yapar.<\/p>","protected":false},"author":1,"featured_media":33067,"parent":0,"template":"","product-type":[594],"class_list":["post-899","product","type-product","status-publish","has-post-thumbnail","hentry","product-type-bone-processing-equipment"],"_links":{"self":[{"href":"https:\/\/www.meatprocessingmachine.org\/tr\/wp-json\/wp\/v2\/product\/899","targetHints":{"allow":["GET"]}}],"collection":[{"href":"https:\/\/www.meatprocessingmachine.org\/tr\/wp-json\/wp\/v2\/product"}],"about":[{"href":"https:\/\/www.meatprocessingmachine.org\/tr\/wp-json\/wp\/v2\/types\/product"}],"author":[{"embeddable":true,"href":"https:\/\/www.meatprocessingmachine.org\/tr\/wp-json\/wp\/v2\/users\/1"}],"wp:featuredmedia":[{"embeddable":true,"href":"https:\/\/www.meatprocessingmachine.org\/tr\/wp-json\/wp\/v2\/media\/33067"}],"wp:attachment":[{"href":"https:\/\/www.meatprocessingmachine.org\/tr\/wp-json\/wp\/v2\/media?parent=899"}],"wp:term":[{"taxonomy":"product-type","embeddable":true,"href":"https:\/\/www.meatprocessingmachine.org\/tr\/wp-json\/wp\/v2\/product-type?post=899"}],"curies":[{"name":"wp","href":"https:\/\/api.w.org\/{rel}","templated":true}]}}