{"id":925,"date":"2020-12-08T18:03:31","date_gmt":"2020-12-08T10:03:31","guid":{"rendered":"http:\/\/www.meatprocessingmachine.org\/?p=925"},"modified":"2024-06-20T15:56:25","modified_gmt":"2024-06-20T07:56:25","slug":"automatic-fish-scaler-machine-fish-scale-remover-machine","status":"publish","type":"product","link":"https:\/\/www.meatprocessingmachine.org\/tr\/automatic-fish-scaler-machine-fish-scale-remover-machine.html","title":{"rendered":"Bal\u0131k Pullu\u011fu Temizleme Makinesi | Bal\u0131k Pul ve \u0130\u00e7 Organ Temizleme Makinesi"},"content":{"rendered":"<div class=\"kk-star-ratings kksr-auto kksr-align-right kksr-valign-top\"     data-payload='{&quot;align&quot;:&quot;right&quot;,&quot;id&quot;:&quot;925&quot;,&quot;slug&quot;:&quot;default&quot;,&quot;valign&quot;:&quot;top&quot;,&quot;ignore&quot;:&quot;&quot;,&quot;reference&quot;:&quot;auto&quot;,&quot;class&quot;:&quot;&quot;,&quot;count&quot;:&quot;0&quot;,&quot;legendonly&quot;:&quot;&quot;,&quot;readonly&quot;:&quot;&quot;,&quot;score&quot;:&quot;0&quot;,&quot;starsonly&quot;:&quot;&quot;,&quot;best&quot;:&quot;5&quot;,&quot;gap&quot;:&quot;5&quot;,&quot;greet&quot;:&quot;Rate this product&quot;,&quot;legend&quot;:&quot;0\\\/5 - (0 votes)&quot;,&quot;size&quot;:&quot;24&quot;,&quot;title&quot;:&quot;Fish Scale Remover Machine | Fish Scaling and Gutting Machine&quot;,&quot;width&quot;:&quot;0&quot;,&quot;_legend&quot;:&quot;{score}\\\/{best} - ({count} {votes})&quot;,&quot;font_factor&quot;:&quot;1.25&quot;}'>              <div class=\"kksr-stars\">      <div class=\"kksr-stars-inactive\">             <div class=\"kksr-star\" data-star=\"1\" style=\"padding-right: 5px\">               <div class=\"kksr-icon\" style=\"width: 24px; height: 24px;\"><\/div>         <\/div>             <div class=\"kksr-star\" data-star=\"2\" style=\"padding-right: 5px\">               <div class=\"kksr-icon\" style=\"width: 24px; height: 24px;\"><\/div>         <\/div>             <div class=\"kksr-star\" data-star=\"3\" style=\"padding-right: 5px\">               <div class=\"kksr-icon\" style=\"width: 24px; height: 24px;\"><\/div>         <\/div>             <div class=\"kksr-star\" data-star=\"4\" style=\"padding-right: 5px\">               <div class=\"kksr-icon\" style=\"width: 24px; height: 24px;\"><\/div>         <\/div>             <div class=\"kksr-star\" data-star=\"5\" style=\"padding-right: 5px\">               <div class=\"kksr-icon\" style=\"width: 24px; height: 24px;\"><\/div>         <\/div>     <\/div>      <div class=\"kksr-stars-active\" style=\"width: 0px;\">             <div class=\"kksr-star\" style=\"padding-right: 5px\">               <div class=\"kksr-icon\" style=\"width: 24px; height: 24px;\"><\/div>         <\/div>             <div class=\"kksr-star\" style=\"padding-right: 5px\">               <div class=\"kksr-icon\" style=\"width: 24px; height: 24px;\"><\/div>         <\/div>             <div class=\"kksr-star\" style=\"padding-right: 5px\">               <div class=\"kksr-icon\" style=\"width: 24px; height: 24px;\"><\/div>         <\/div>             <div class=\"kksr-star\" style=\"padding-right: 5px\">               <div class=\"kksr-icon\" style=\"width: 24px; height: 24px;\"><\/div>         <\/div>             <div class=\"kksr-star\" style=\"padding-right: 5px\">               <div class=\"kksr-icon\" style=\"width: 24px; height: 24px;\"><\/div>         <\/div>     <\/div> <\/div>                   <div class=\"kksr-legend\" style=\"font-size: 19.2px;\">             <span class=\"kksr-muted\">Bu \u00fcr\u00fcn\u00fc de\u011ferlendirin<\/span>     <\/div>     <\/div>  <p class=\"translation-block\"><strong>Bal\u0131k pullu \u00e7\u0131karma makinesi<\/strong>\u00a0ayn\u0131 zamanda bal\u0131k pullu \u00e7\u0131karma makinesi olarak da adland\u0131r\u0131l\u0131r. Profesyonel olarak tasarlanm\u0131\u015f olup, \u00e7e\u015fitli bal\u0131k t\u00fcrleri ve boyutlar\u0131ndaki pullar\u0131 \u00e7\u0131karmak i\u00e7in kullan\u0131labilir. Taizy bal\u0131k i\u015fleme makinesi \u00fcreticisi, \u00fc\u00e7 t\u00fcr bal\u0131k pullu \u00e7\u0131karma makinesi sa\u011flar. Birisi otomatik pullama makinesi, di\u011feri k\u00fc\u00e7\u00fck bal\u0131klar i\u00e7in \u00f6zel olarak tasarlanm\u0131\u015f pulla \u00e7\u0131kar\u0131c\u0131 makine ve di\u011fer ise bal\u0131k pullama ve i\u00e7 organ \u00e7\u0131karma makinesidir.<\/p>    <p>Bu \u00fc\u00e7 ticari bal\u0131k pullu \u00e7\u0131karma makinesi, otomatik \u00e7al\u0131\u015fma sa\u011flayabilir. Ayr\u0131ca, bir\u00e7ok bal\u0131k t\u00fcr\u00fcn\u00fcn pullar\u0131n\u0131 \u00e7\u0131karmak i\u00e7in uygundur. Ayr\u0131ca, makineyi m\u00fc\u015fteri ihtiya\u00e7lar\u0131na g\u00f6re \u00f6zelle\u015ftirebiliriz.<\/p>    <h2 class=\"wp-block-heading\" id=\"h-fish-scale-remover-machine-video\">Bal\u0131k pul\u00fc \u00e7\u0131karma makinesi \u00e7al\u0131\u015fma videosu<\/h2>    <figure class=\"wp-block-embed is-type-video is-provider-youtube wp-block-embed-youtube\"><div class=\"wp-block-embed__wrapper\"> <iframe loading=\"lazy\" title=\"Otomatik bal\u0131k pullu \u00e7\u0131karma, i\u00e7 organ \u00e7\u0131karma ve temizleme makinesi, k\u00fc\u00e7\u00fck ve b\u00fcy\u00fck bal\u0131klar i\u00e7in\" width=\"500\" height=\"281\" src=\"https:\/\/www.youtube.com\/embed\/q-hKcTKzklQ?feature=oembed\" frameborder=\"0\" allow=\"accelerometer; autoplay; clipboard-write; encrypted-media; gyroscope; picture-in-picture; web-share\" referrerpolicy=\"strict-origin-when-cross-origin\" allowfullscreen><\/iframe> <\/div><figcaption class=\"wp-element-caption\">otomatik bal\u0131k pullu \u00e7\u0131karma makinesi<\/figcaption><\/figure>    <h2 class=\"wp-block-heading\" id=\"h-type-1-automatic-fish-scaling-machine\">Tip 1: Otomatik bal\u0131k pullama makinesi<\/h2>    <p>Otomatik bal\u0131k pullu \u00e7\u0131karma makinesi, esas olarak y\u00fcn f\u0131r\u00e7a ile bal\u0131k pullar\u0131na temas ederek pullar\u0131 \u00e7\u0131kar\u0131r. Ana yap\u0131lar aras\u0131nda bal\u0131k giri\u015fi, bal\u0131k \u00e7\u0131k\u0131\u015f\u0131, kontrol paneli, su giri\u015fi bulunur. \u00c7al\u0131\u015f\u0131rken, \u00f6nce su borusunu su giri\u015fine ba\u011flay\u0131n. Makine suyla doldurulduktan sonra, bal\u0131klar\u0131 bal\u0131k giri\u015finden makineye koyun. <\/p>    <p>Sonra kapa\u011f\u0131 kapat\u0131n ve kontrol paneli \u00fczerinden makineyi ba\u015flat\u0131n. \u0130\u00e7indeki f\u0131r\u00e7a, bal\u0131k pullar\u0131n\u0131 \u00e7\u0131karmak i\u00e7in s\u00fcrekli d\u00f6ner. Pullar \u00e7\u0131kar\u0131ld\u0131ktan sonra makineyi kapat\u0131n ve bal\u0131k \u00e7\u0131k\u0131\u015f\u0131n\u0131 a\u00e7\u0131n. \u00c7\u0131kar\u0131lan bal\u0131k \u00e7\u0131k\u0131\u015ftan at\u0131l\u0131r.<\/p>    <figure class=\"wp-block-image size-large\"><img loading=\"lazy\" decoding=\"async\" width=\"720\" height=\"540\" src=\"http:\/\/www.meatprocessingmachine.org\/wp-content\/uploads\/2020\/12\/automatic-fish-descale-machine.jpg\" alt=\"otomatik bal\u0131k pullama makinesi\" class=\"wp-image-933\" title=\"\" srcset=\"https:\/\/www.meatprocessingmachine.org\/wp-content\/uploads\/2020\/12\/automatic-fish-descale-machine.jpg 720w, https:\/\/www.meatprocessingmachine.org\/wp-content\/uploads\/2020\/12\/automatic-fish-descale-machine-300x225.jpg 300w\" sizes=\"auto, (max-width: 720px) 100vw, 720px\" \/><figcaption class=\"wp-element-caption\">Otomatik Bal\u0131k Pullu \u00c7\u0131karma Makinesi<\/figcaption><\/figure>    <h3 class=\"wp-block-heading\" id=\"tw-target-text\">Otomatik bal\u0131k pullu \u00e7\u0131karma makinesi detayl\u0131 parametreleri<\/h3>    <figure class=\"wp-block-table\"><table><tbody><tr><td>Model<\/td><td>Boyut<\/td><td>G\u00fc\u00e7<\/td><\/tr><tr><td>TZ-350<\/td><td>0.8*0.4*0.44m<\/td><td>0.75kw<\/td><\/tr><tr><td>TZ-500<\/td><td>1.05*0.55*0.85m<\/td><td>2.2kw<\/td><\/tr><tr><td>TZ-700<\/td><td>1.25*0.55*0.85m<\/td><td>2.2kw<\/td><\/tr><tr><td>TZ-800<\/td><td>1.25*0.65*0.85m<\/td><td>3.2kw<\/td><\/tr><tr><td>TZ-1000<\/td><td>1.58*0.55*0.85m<\/td><td>3.0kw<\/td><\/tr><\/tbody><\/table><figcaption class=\"wp-element-caption\">Sat\u0131\u015fa uygun otomatik bal\u0131k pullu \u00e7\u0131karma makinesi<\/figcaption><\/figure>    <p>Size farkl\u0131 \u00e7\u0131k\u0131\u015flar, boyutlar ve g\u00fc\u00e7lere sahip be\u015f model otomatik bal\u0131k pullu \u00e7\u0131karma makinesi sunuyoruz.<\/p>    <h3 class=\"wp-block-heading\" id=\"h-advantages-of-the-machine\">Makinenin avantajlar\u0131 <\/h3>    <figure class=\"wp-block-image size-large\"><img loading=\"lazy\" decoding=\"async\" width=\"720\" height=\"540\" src=\"http:\/\/www.meatprocessingmachine.org\/wp-content\/uploads\/2020\/12\/fish-scaling-machine-structure.jpg\" alt=\"fish scaling machine structure\" class=\"wp-image-934\" title=\"\" srcset=\"https:\/\/www.meatprocessingmachine.org\/wp-content\/uploads\/2020\/12\/fish-scaling-machine-structure.jpg 720w, https:\/\/www.meatprocessingmachine.org\/wp-content\/uploads\/2020\/12\/fish-scaling-machine-structure-300x225.jpg 300w\" sizes=\"auto, (max-width: 720px) 100vw, 720px\" \/><figcaption class=\"wp-element-caption\">Bal\u0131k Pul\u00fc Makinesi Yap\u0131s\u0131<\/figcaption><\/figure>    <ol class=\"wp-block-list\" style=\"list-style-type:1\"> <li>Ticari bal\u0131k pullu \u00e7\u0131karma makinesi, temizleme etkisiyle pullar\u0131 \u00e7\u0131kar\u0131rken ayn\u0131 zamanda temizleme yapabilir. \u00c7\u0131karma etkisi belirgindir ve sonunda temizlenmi\u015f bal\u0131k elde edilir.<\/li>    <li>Bal\u0131k temizleme makinesinin f\u0131r\u00e7as\u0131 y\u00fcn kuma\u015ftan yap\u0131lm\u0131\u015ft\u0131r. Y\u00fcksek s\u0131cakl\u0131klarda t\u00fcy d\u00f6kme, kopma ve k\u0131r\u0131lma gibi sorunlar ya\u015fanmaz.<\/li>    <li>Kabuk, paslanmaz \u00e7elikten yap\u0131lm\u0131\u015ft\u0131r ve ak\u0131ll\u0131 ekran ile kontrol edilir. Kullan\u0131m\u0131 kolay ve y\u00fcksek \u00e7al\u0131\u015fma verimlili\u011fine sahiptir.<\/li>    <li>Otomatik bal\u0131k \u00e7\u0131karma makinesi, zaman ayar\u0131 fonksiyonuna sahiptir, farkl\u0131 bal\u0131k t\u00fcrlerine g\u00f6re bal\u0131k pullar\u0131n\u0131 \u00e7\u0131karma s\u00fcresini ayarlayabilir.<\/li>    <li> Ticari bal\u0131k pullu \u00e7\u0131karma makinesi, bal\u0131k v\u00fccuduna zarar vermez, bal\u0131k v\u00fccudu ve pullar\u0131n otomatik ayr\u0131lmas\u0131n\u0131 sa\u011flar. \u00c7\u0131kar\u0131lan pullar otomatik olarak geri kazan\u0131l\u0131r.<\/li> <\/ol>    <h2 class=\"wp-block-heading\" id=\"h-type-2-small-fish-scale-machine\">Tip 2: K\u00fc\u00e7\u00fck bal\u0131k pullama makinesi<\/h2>    <p><font style=\"vertical-align: inherit;\"><font style=\"vertical-align: inherit;\">Bal\u0131k pullu \u00e7\u0131karma makinesi, s\u00fcrekli d\u00f6nd\u00fcrmek i\u00e7in bir motor taraf\u0131ndan tahrik edilir. Be\u015f y\u00fczl\u00fc elekten olu\u015fur. Pullar \u00e7\u0131kar\u0131ld\u0131\u011f\u0131nda, motor elekleri d\u00f6nd\u00fcrmeye devam eder ve a\u011fdaki k\u00fc\u00e7\u00fck bal\u0131klar da elek ile birlikte d\u00f6ner. <\/font><\/font><\/p>    <p><font style=\"vertical-align: inherit;\"><font style=\"vertical-align: inherit;\">D\u00f6nerken, a\u011fdaki bal\u0131k s\u00fcrekli elek ile \u00e7arp\u0131\u015f\u0131r ve bal\u0131k pullar\u0131n\u0131 \u00e7\u0131karmak i\u00e7in etkili olur. De\u011fi\u015ftirilen pullar, suyun etkisiyle elek deliklerinden ge\u00e7er. Bu k\u00fc\u00e7\u00fck \u00f6l\u00e7ekli makine kullan\u0131larak, bal\u0131k pullar\u0131 tamamen \u00e7\u0131kar\u0131labilir ve bal\u0131k tamamen pullardan ar\u0131nd\u0131r\u0131l\u0131r. Temiz bal\u0131k elde edilir.<\/font><\/font><\/p>    <figure class=\"wp-block-image size-large\"><img loading=\"lazy\" decoding=\"async\" width=\"720\" height=\"540\" src=\"http:\/\/www.meatprocessingmachine.org\/wp-content\/uploads\/2020\/12\/small-fish-scale-remover-machine.jpg\" alt=\"k\u00fc\u00e7\u00fck bal\u0131k pullu \u00e7\u0131karma makinesi\" class=\"wp-image-936\" title=\"\" srcset=\"https:\/\/www.meatprocessingmachine.org\/wp-content\/uploads\/2020\/12\/small-fish-scale-remover-machine.jpg 720w, https:\/\/www.meatprocessingmachine.org\/wp-content\/uploads\/2020\/12\/small-fish-scale-remover-machine-300x225.jpg 300w\" sizes=\"auto, (max-width: 720px) 100vw, 720px\" \/><figcaption class=\"wp-element-caption\">K\u00fc\u00e7\u00fck Bal\u0131k Pulluk Makinesi<\/figcaption><\/figure>    <h2 class=\"wp-block-heading\" id=\"h-type-3-fish-scaling-and-gutting-machine\">Tip 3: Bal\u0131k pullama ve i\u00e7 organ \u00e7\u0131karma makinesi<\/h2>    <p>\u00d6nceki iki bal\u0131k pullama makinelerinden farkl\u0131 olarak, bu bal\u0131k pullama ve i\u00e7 organ \u00e7\u0131karma makinesi ayn\u0131 anda bal\u0131k pullar\u0131n\u0131 ve i\u00e7 organlar\u0131 \u00e7\u0131karabilir. Yukar\u0131daki iki fonksiyonu ger\u00e7ekle\u015ftirebilir, ancak sadece bir bal\u0131k \u00fczerinde kullan\u0131labilir. Yukar\u0131daki bal\u0131k pullu \u00e7\u0131karma makineleriyle kar\u015f\u0131la\u015ft\u0131r\u0131ld\u0131\u011f\u0131nda, bal\u0131k pullama kapasitesi k\u00fc\u00e7\u00fckt\u00fcr.<\/p>    <figure class=\"wp-block-image size-large\"><img loading=\"lazy\" decoding=\"async\" width=\"720\" height=\"540\" src=\"http:\/\/www.meatprocessingmachine.org\/wp-content\/uploads\/2020\/12\/fish-scaling-and-gutting-machine.jpg\" alt=\"bal\u0131k pullama ve i\u00e7 organ \u00e7\u0131karma makinesi\" class=\"wp-image-937\" title=\"\" srcset=\"https:\/\/www.meatprocessingmachine.org\/wp-content\/uploads\/2020\/12\/fish-scaling-and-gutting-machine.jpg 720w, https:\/\/www.meatprocessingmachine.org\/wp-content\/uploads\/2020\/12\/fish-scaling-and-gutting-machine-300x225.jpg 300w\" sizes=\"auto, (max-width: 720px) 100vw, 720px\" \/><figcaption class=\"wp-element-caption\">Bal\u0131k Pullama ve \u0130\u00e7 Organ \u00c7\u0131karma Makinesi<\/figcaption><\/figure>    <h3 class=\"wp-block-heading\" id=\"h-type3-machine-introduction\"> Bal\u0131k pullama ve i\u00e7 organ \u00e7\u0131karma makinesi tan\u0131t\u0131m\u0131<\/h3>    <p class=\"translation-block\">Makine, pullar\u0131 \u00e7\u0131karmak, bal\u0131k kar\u0131nlar\u0131n\u0131 a\u00e7mak, i\u00e7 organlar\u0131 \u00e7\u0131karmak ve bal\u0131k temizli\u011fi yapmak i\u015flevlerini entegre eder. Saibling, sazan, <a href=\"https:\/\/en.wikipedia.org\/wiki\/Tilapia\" target=\"_blank\" rel=\"noopener\">tilapia<\/a>, levrek ve di\u011fer bal\u0131klar\u0131 i\u015fleyebilir. Bal\u0131k pullu \u00e7\u0131karma makinesinin kontrol paneli, i\u015flemin derinli\u011fini ayarlayabilir. <\/p>    <p>Bu makineyle i\u015flenen bal\u0131klar, bal\u0131k derisi ve y\u00fczge\u00e7leri zarar vermeden temiz bal\u0131k pullar\u0131n\u0131 \u00e7\u0131karabilir. Bal\u0131k pullar\u0131n\u0131 \u00e7\u0131kar\u0131rken, i\u00e7 organlar\u0131 da temiz bir \u015fekilde \u00e7\u0131karabilir, bal\u0131k safra kesesine zarar vermez. S\u00fcpermarketler, kantinler, \u0131zgara bal\u0131k\u00e7\u0131lar\u0131, hot pot d\u00fckkanlar\u0131 ve di\u011fer yerlerde yayg\u0131n olarak kullan\u0131l\u0131r ve y\u00fcksek verimlidir.<\/p>    <h3 class=\"wp-block-heading\">Kapsaml\u0131 bal\u0131k i\u015fleme makinesi \u00f6zellikleri<\/h3>    <ol class=\"wp-block-list\" style=\"list-style-type:1\"> <li>Makinenin g\u00fc\u00e7l\u00fc fonksiyonlar\u0131 vard\u0131r, pullar\u0131 \u00e7\u0131karmak, a\u00e7mak, i\u00e7 organlar\u0131 \u00e7\u0131karmak ve temizlemek i\u015flevlerini ger\u00e7ekle\u015ftirebilir. Pullar\u0131 ve i\u00e7 organlar\u0131 \u00e7\u0131karmak iyi olup, bal\u0131k derisi ve y\u00fczge\u00e7lere zarar vermez.<\/li>    <li>T\u00fcm bal\u0131k pullu \u00e7\u0131karma makinesi paslanmaz \u00e7elikten yap\u0131lm\u0131\u015ft\u0131r, g\u0131da g\u00fcvenli\u011fi ve hijyen standartlar\u0131na uygundur.<\/li>    <li>Ak\u0131ll\u0131 kontrol ekran\u0131 kullan\u0131r, basit kullan\u0131m, g\u00fcvenlik ve g\u00fcvenilirlik ile kararl\u0131 performans \u00f6zelliklerine sahiptir.<\/li>    <li>Her t\u00fcrl\u00fc bal\u0131\u011f\u0131 i\u015fleyebilir ve m\u00fc\u015fterilerin ihtiya\u00e7lar\u0131na g\u00f6re makineyi \u00f6zelle\u015ftirebiliriz.<strong>&nbsp;<\/strong><\/li> <\/ol>    <h3 class=\"wp-block-heading\" id=\"h-machine-parameters\">Bal\u0131k pullu \u00e7\u0131karma makinesi parametreleri<\/h3>    <figure class=\"wp-block-table\"><table><tbody><tr><td><strong>Model<\/strong><strong><\/strong><\/td><td><strong>C<\/strong><strong>kapasite <\/strong><strong><\/strong><\/td><td><strong>S<\/strong><strong>Boyut <\/strong><strong><\/strong><\/td><td><strong>A<\/strong><strong>Uygulanan bal\u0131k aral\u0131\u011f\u0131<\/strong><strong><\/strong><\/td><td><strong>W<\/strong><strong>sekiz <\/strong><strong><\/strong><\/td><td><strong>C<\/strong><strong>\u00d6zelle\u015ftirilmi\u015f <\/strong><strong><\/strong><\/td><\/tr><tr><td>TZ-2000<\/td><td>400-500kg\/h&nbsp;<strong><\/strong><\/td><td>1000x500x700mm&nbsp;<strong><\/strong><\/td><td>0.4-4kg<\/td><td>140kg<\/td><td>Evet <\/td><\/tr><\/tbody><\/table><figcaption class=\"wp-element-caption\">bal\u0131k pullama ve i\u00e7 organ \u00e7\u0131karma makinesi<\/figcaption><\/figure>    <h2 class=\"wp-block-heading\" id=\"h-precautious-of-using-fish-scale-machine\">Bal\u0131k pullu \u00e7\u0131karma makinesi kullan\u0131m\u0131 \u00f6nlemleri<\/h2>    <ol class=\"wp-block-list\" style=\"list-style-type:1\"> <li>Uzun s\u00fcre bo\u015fta kalmak kesinlikle yasakt\u0131r.<\/li>    <li>D\u00fczenli olarak di\u015flileri, zincirleri ve yaylar\u0131 ya\u011flay\u0131n.<\/li>    <li>It is strictly forbidden to reach into the fish&#8217;s mouth when the machine is working.<\/li>    <li>Makinenin i\u00e7 yap\u0131s\u0131 karma\u015f\u0131kt\u0131r, l\u00fctfen kendi ba\u015f\u0131na s\u00f6kmeyin.<\/li> <\/ol>    <h2 class=\"wp-block-heading\">\u00c7e\u015fitli bal\u0131k i\u015fleme makineleri sat\u0131l\u0131r<\/h2>    <p class=\"translation-block\">Taizy Et \u0130\u015fleme Makinalar\u0131nda, sat\u0131\u015fa sunulan farkl\u0131 tarzlarda bal\u0131k pullu \u00e7\u0131karma makineleri bulunur. Ayr\u0131ca end\u00fcstriyel <a href=\"https:\/\/www.meatprocessingmachine.org\/tr\/fish-drying-machine-hot-air-circulation-drying-machine.html\/\">bal\u0131k kurutma makinesi<\/a>, <a href=\"https:\/\/www.meatprocessingmachine.org\/tr\/fish-debone-machine-fish-meat-and-bone-separator-machine.html\/\">bal\u0131k kemik \u00e7\u0131karma makinesi<\/a>, <a href=\"https:\/\/www.meatprocessingmachine.org\/tr\/fish-fillet-machine-fish-slicing-machine.html\/\">bal\u0131k fileto makinesi<\/a> vb. \u00fcr\u00fcnlerimiz de mevcuttur. \u0130lgilenenler bizimle ileti\u015fime ge\u00e7ebilir.<\/p>    <div class=\"wp-block-columns is-layout-flex wp-container-core-columns-is-layout-9d6595d7 wp-block-columns-is-layout-flex\"> <div class=\"wp-block-column is-layout-flow wp-block-column-is-layout-flow\"> <figure class=\"wp-block-image size-full\"><img loading=\"lazy\" decoding=\"async\" width=\"720\" height=\"540\" src=\"https:\/\/www.meatprocessingmachine.org\/wp-content\/uploads\/2021\/07\/industrial-fish-drying-machine-1.jpg\" alt=\"end\u00fcstriyel bal\u0131k kurutma makinesi\" class=\"wp-image-1505\" title=\"\" srcset=\"https:\/\/www.meatprocessingmachine.org\/wp-content\/uploads\/2021\/07\/industrial-fish-drying-machine-1.jpg 720w, https:\/\/www.meatprocessingmachine.org\/wp-content\/uploads\/2021\/07\/industrial-fish-drying-machine-1-300x225.jpg 300w\" sizes=\"auto, (max-width: 720px) 100vw, 720px\" \/><figcaption class=\"wp-element-caption\">End\u00fcstriyel Bal\u0131k Kurutma Makinesi<\/figcaption><\/figure> <\/div>    <div class=\"wp-block-column is-layout-flow wp-block-column-is-layout-flow\"> <figure class=\"wp-block-image size-full\"><img loading=\"lazy\" decoding=\"async\" width=\"720\" height=\"540\" src=\"https:\/\/www.meatprocessingmachine.org\/wp-content\/uploads\/2020\/12\/fish-deboning-machines-1.webp\" alt=\"bal\u0131k kemiksiz hale getirme makineleri\" class=\"wp-image-34181\" title=\"\" srcset=\"https:\/\/www.meatprocessingmachine.org\/wp-content\/uploads\/2020\/12\/fish-deboning-machines-1.webp 720w, https:\/\/www.meatprocessingmachine.org\/wp-content\/uploads\/2020\/12\/fish-deboning-machines-1-300x225.webp 300w\" sizes=\"auto, (max-width: 720px) 100vw, 720px\" \/><figcaption class=\"wp-element-caption\">Bal\u0131k Kemi\u011fi \u00c7\u0131karma Makineleri<\/figcaption><\/figure> <\/div>    <div class=\"wp-block-column is-layout-flow wp-block-column-is-layout-flow\"> <figure class=\"wp-block-image size-full\"><img loading=\"lazy\" decoding=\"async\" width=\"720\" height=\"540\" src=\"https:\/\/www.meatprocessingmachine.org\/wp-content\/uploads\/2020\/12\/fish-fillet-cutting-machine.jpg\" alt=\"bal\u0131k fileto kesme makinesi\" class=\"wp-image-947\" title=\"\" srcset=\"https:\/\/www.meatprocessingmachine.org\/wp-content\/uploads\/2020\/12\/fish-fillet-cutting-machine.jpg 720w, https:\/\/www.meatprocessingmachine.org\/wp-content\/uploads\/2020\/12\/fish-fillet-cutting-machine-300x225.jpg 300w\" sizes=\"auto, (max-width: 720px) 100vw, 720px\" \/><figcaption class=\"wp-element-caption\">Bal\u0131k Fileto Kesim Makinesi<\/figcaption><\/figure> <\/div> <\/div>","protected":false},"excerpt":{"rendered":"<p>The fish scaler machine is suitable for scaling various fish scales. It can achieve continuous, automatic, large-volume fish scale removal.<\/p>","protected":false},"author":1,"featured_media":932,"parent":0,"template":"","product-type":[584],"class_list":["post-925","product","type-product","status-publish","has-post-thumbnail","hentry","product-type-fish"],"_links":{"self":[{"href":"https:\/\/www.meatprocessingmachine.org\/tr\/wp-json\/wp\/v2\/product\/925","targetHints":{"allow":["GET"]}}],"collection":[{"href":"https:\/\/www.meatprocessingmachine.org\/tr\/wp-json\/wp\/v2\/product"}],"about":[{"href":"https:\/\/www.meatprocessingmachine.org\/tr\/wp-json\/wp\/v2\/types\/product"}],"author":[{"embeddable":true,"href":"https:\/\/www.meatprocessingmachine.org\/tr\/wp-json\/wp\/v2\/users\/1"}],"wp:featuredmedia":[{"embeddable":true,"href":"https:\/\/www.meatprocessingmachine.org\/tr\/wp-json\/wp\/v2\/media\/932"}],"wp:attachment":[{"href":"https:\/\/www.meatprocessingmachine.org\/tr\/wp-json\/wp\/v2\/media?parent=925"}],"wp:term":[{"taxonomy":"product-type","embeddable":true,"href":"https:\/\/www.meatprocessingmachine.org\/tr\/wp-json\/wp\/v2\/product-type?post=925"}],"curies":[{"name":"wp","href":"https:\/\/api.w.org\/{rel}","templated":true}]}}