{"id":96,"date":"2018-10-25T06:12:43","date_gmt":"2018-10-24T22:12:43","guid":{"rendered":"http:\/\/www.meatprocessingmachine.org\/?p=96"},"modified":"2024-06-17T10:13:32","modified_gmt":"2024-06-17T02:13:32","slug":"frozen-meat-grinder","status":"publish","type":"product","link":"https:\/\/www.meatprocessingmachine.org\/tr\/frozen-meat-grinder.html","title":{"rendered":"Dondurulmu\u015f Et \u00d6\u011f\u00fct\u00fcc\u00fc | Et K\u0131yma Makinesi"},"content":{"rendered":"<div class=\"kk-star-ratings kksr-auto kksr-align-right kksr-valign-top\"     data-payload='{&quot;align&quot;:&quot;right&quot;,&quot;id&quot;:&quot;96&quot;,&quot;slug&quot;:&quot;default&quot;,&quot;valign&quot;:&quot;top&quot;,&quot;ignore&quot;:&quot;&quot;,&quot;reference&quot;:&quot;auto&quot;,&quot;class&quot;:&quot;&quot;,&quot;count&quot;:&quot;0&quot;,&quot;legendonly&quot;:&quot;&quot;,&quot;readonly&quot;:&quot;&quot;,&quot;score&quot;:&quot;0&quot;,&quot;starsonly&quot;:&quot;&quot;,&quot;best&quot;:&quot;5&quot;,&quot;gap&quot;:&quot;5&quot;,&quot;greet&quot;:&quot;Rate this product&quot;,&quot;legend&quot;:&quot;0\\\/5 - (0 votes)&quot;,&quot;size&quot;:&quot;24&quot;,&quot;title&quot;:&quot;Frozen Meat Grinder | Meat Mincer&quot;,&quot;width&quot;:&quot;0&quot;,&quot;_legend&quot;:&quot;{score}\\\/{best} - ({count} {votes})&quot;,&quot;font_factor&quot;:&quot;1.25&quot;}'>              <div class=\"kksr-stars\">      <div class=\"kksr-stars-inactive\">             <div class=\"kksr-star\" data-star=\"1\" style=\"padding-right: 5px\">               <div class=\"kksr-icon\" style=\"width: 24px; height: 24px;\"><\/div>         <\/div>             <div class=\"kksr-star\" data-star=\"2\" style=\"padding-right: 5px\">               <div class=\"kksr-icon\" style=\"width: 24px; height: 24px;\"><\/div>         <\/div>             <div class=\"kksr-star\" data-star=\"3\" style=\"padding-right: 5px\">               <div class=\"kksr-icon\" style=\"width: 24px; height: 24px;\"><\/div>         <\/div>             <div class=\"kksr-star\" data-star=\"4\" style=\"padding-right: 5px\">               <div class=\"kksr-icon\" style=\"width: 24px; height: 24px;\"><\/div>         <\/div>             <div class=\"kksr-star\" data-star=\"5\" style=\"padding-right: 5px\">               <div class=\"kksr-icon\" style=\"width: 24px; height: 24px;\"><\/div>         <\/div>     <\/div>      <div class=\"kksr-stars-active\" style=\"width: 0px;\">             <div class=\"kksr-star\" style=\"padding-right: 5px\">               <div class=\"kksr-icon\" style=\"width: 24px; height: 24px;\"><\/div>         <\/div>             <div class=\"kksr-star\" style=\"padding-right: 5px\">               <div class=\"kksr-icon\" style=\"width: 24px; height: 24px;\"><\/div>         <\/div>             <div class=\"kksr-star\" style=\"padding-right: 5px\">               <div class=\"kksr-icon\" style=\"width: 24px; height: 24px;\"><\/div>         <\/div>             <div class=\"kksr-star\" style=\"padding-right: 5px\">               <div class=\"kksr-icon\" style=\"width: 24px; height: 24px;\"><\/div>         <\/div>             <div class=\"kksr-star\" style=\"padding-right: 5px\">               <div class=\"kksr-icon\" style=\"width: 24px; height: 24px;\"><\/div>         <\/div>     <\/div> <\/div>                   <div class=\"kksr-legend\" style=\"font-size: 19.2px;\">             <span class=\"kksr-muted\">Bu \u00fcr\u00fcn\u00fc de\u011ferlendirin<\/span>     <\/div>     <\/div>  <p>Taizy dondurulmu\u015f et \u00f6\u011f\u00fct\u00fcc\u00fcs\u00fc, dondurulmu\u015f eti do\u011frudan p\u00fcre haline getiren bir makinad\u0131r. Et i\u015fleme i\u015fletmelerinde \u00fcretim s\u00fcrecinde, ham et farkl\u0131 s\u00fcre\u00e7 gereksinimlerine g\u00f6re farkl\u0131 spesifikasyonlarda taneli ete d\u00f6n\u00fc\u015ft\u00fcr\u00fcl\u00fcr. \u0130\u015fleme s\u0131ras\u0131nda \u00e7\u00f6z\u00fcnd\u00fcr\u00fclmesi gerekmez, bu da etin kalitesini sa\u011flar. <\/p>    <figure class=\"wp-block-image is-resized alignnone wp-image-1969\"><img loading=\"lazy\" decoding=\"async\" width=\"750\" height=\"750\" src=\"https:\/\/www.meatprocessingmachine.org\/wp-content\/uploads\/2018\/10\/Frozen-Meat-Grinder.jpg\" alt=\"Dondurulmu\u015f Et \u00d6\u011f\u00fct\u00fcc\u00fc\" class=\"wp-image-1969\" style=\"object-fit:cover;width:720px;height:540px\" title=\"\" srcset=\"https:\/\/www.meatprocessingmachine.org\/wp-content\/uploads\/2018\/10\/Frozen-Meat-Grinder.jpg 750w, https:\/\/www.meatprocessingmachine.org\/wp-content\/uploads\/2018\/10\/Frozen-Meat-Grinder-300x300.jpg 300w, https:\/\/www.meatprocessingmachine.org\/wp-content\/uploads\/2018\/10\/Frozen-Meat-Grinder-150x150.jpg 150w\" sizes=\"auto, (max-width: 750px) 100vw, 750px\" \/><figcaption class=\"wp-element-caption\">Dondurulmu\u015f Et \u00d6\u011f\u00fct\u00fcc\u00fc<\/figcaption><\/figure>    <p>Bununla birlikte dondurulmu\u015f et \u00f6\u011f\u00fct\u00fcc\u00fcs\u00fcnde i\u015flenebilen et, belirli gerekliliklere sahiptir. Dondurulmu\u015f etin s\u0131cakl\u0131\u011f\u0131 yakla\u015f\u0131k -5\u00b0C ila -18\u00b0C olmal\u0131d\u0131r. Et \u00e7ok b\u00fcy\u00fck olmamal\u0131, et i\u015fleme tesislerinde ve g\u0131da \u00fcreticilerinde sucuk, k\u00f6fte ve di\u011fer g\u0131dalar \u00fcretilir.<\/p>    <h2 class=\"wp-block-heading\">\u00c7al\u0131\u015fma videosu g\u00f6sterimi<\/h2>    <figure class=\"wp-block-embed is-type-video is-provider-youtube wp-block-embed-youtube\"><div class=\"wp-block-embed__wrapper\"> <iframe loading=\"lazy\" title=\"Dondurulmu\u015f et \u00f6\u011f\u00fct\u00fcc\u00fcs\u00fc | dondurulmu\u015f et k\u0131yma makinesi | Dondurulmu\u015f Et \u00d6\u011f\u00fctme Makinesi | Ticari Et \u00d6\u011f\u00fct\u00fcc\u00fc\" width=\"500\" height=\"281\" src=\"https:\/\/www.youtube.com\/embed\/zeO2cgZV7ZI?feature=oembed\" frameborder=\"0\" allow=\"accelerometer; autoplay; clipboard-write; encrypted-media; gyroscope; picture-in-picture; web-share\" referrerpolicy=\"strict-origin-when-cross-origin\" allowfullscreen><\/iframe> <\/div><figcaption class=\"wp-element-caption\"> \u00c7al\u0131\u015fma videosu g\u00f6sterimi <\/figcaption><\/figure>    <h2 class=\"wp-block-heading\" id=\"h-the-advantages-of-frozen-meat-grinder\">Dondurulmu\u015f et \u00f6\u011f\u00fct\u00fcc\u00fcs\u00fcn\u00fcn avantajlar\u0131 <\/h2>    <ul class=\"wp-block-list\"> <li>Y\u00fczeyi \u00e7o\u011funlukla paslanmaz \u00e7elikten yap\u0131lm\u0131\u015ft\u0131r, hijyenik standartlara uygundur, i\u015fleme malzemelerine herhangi bir kirlilik yoktur.<\/li>    <li>Aletin a\u015f\u0131nmaya kar\u015f\u0131 m\u00fckemmel direnci ve uzun hizmet \u00f6mr\u00fc vard\u0131r.<\/li>    <li>Kullan\u0131m\u0131 kolay, s\u00f6k\u00fcm, takma ve temizli\u011fi kolay; geni\u015f bir i\u015fleme \u00fcr\u00fcn\u00fc ve malzemesi yelpazesi, mevcut \u00e7e\u015fitli besin de\u011ferlerini koruyarak taze tutma etkisi sa\u011flar.<\/li>    <li>Alet, ger\u00e7ek kullan\u0131m gereksinimlerine g\u00f6re ayarlanabilir veya de\u011fi\u015ftirilebilir.<\/li>    <li>Dondurulmu\u015f et k\u0131yma i\u015flemi, dondurulmu\u015f eti do\u011frudan \u00f6\u011f\u00fcterek farkl\u0131 \u015fekillerde et elde etmek i\u00e7in gerekli ekipmand\u0131r. Et lif dokusuna zarar vermez.<\/li>    <li>D\u00f6nen plaka, vida ile d\u00f6nd\u00fcr\u00fcl\u00fcr ve a\u011fz\u0131 plakas\u0131 ve et \u00f6\u011f\u00fct\u00fcc\u00fcs\u00fc aras\u0131ndaki dengeyi sa\u011flar, etin dengesini sa\u011flar. Farkl\u0131 a\u011f\u0131z plakas\u0131 kombinasyonlar\u0131 ile farkl\u0131 et dolgusu t\u00fcrleri elde edilebilir.<\/li>    <li>K\u0131sa kesme s\u00fcresi ve kesim s\u00fcrecinde d\u00fc\u015f\u00fck s\u0131cakl\u0131k tazeli\u011fi korumaya ve raf \u00f6mr\u00fcn\u00fc uzatmaya yard\u0131mc\u0131 olur.<\/li> <\/ul>   <div class=\"wp-block-image\"> <figure class=\"aligncenter size-full\"><img loading=\"lazy\" decoding=\"async\" width=\"720\" height=\"540\" src=\"https:\/\/www.meatprocessingmachine.org\/wp-content\/uploads\/2021\/10\/Frozen-meat-grinder-machine-2.jpg\" alt=\"dondurulmu\u015f et \u00f6\u011f\u00fct\u00fcc\u00fc makine\" class=\"wp-image-2234\" title=\"\" srcset=\"https:\/\/www.meatprocessingmachine.org\/wp-content\/uploads\/2021\/10\/Frozen-meat-grinder-machine-2.jpg 720w, https:\/\/www.meatprocessingmachine.org\/wp-content\/uploads\/2021\/10\/Frozen-meat-grinder-machine-2-300x225.jpg 300w\" sizes=\"auto, (max-width: 720px) 100vw, 720px\" \/><figcaption class=\"wp-element-caption\">dondurulmu\u015f et \u00f6\u011f\u00fct\u00fcc\u00fc makine<\/figcaption><\/figure> <\/div>   <h2 class=\"wp-block-heading\">Dondurulmu\u015f et k\u0131yma makinesine ihtiya\u00e7<\/h2>    <p>\u00d6ncelikle, et i\u015fleme s\u00fcreci s\u0131ras\u0131nda s\u0131cakl\u0131k hafif\u00e7e y\u00fckselebilir. Taze et do\u011frudan kullan\u0131l\u0131rsa, et kalitesi et \u00f6\u011f\u00fct\u00fcc\u00fc i\u015flem g\u00f6rd\u00fckten sonra etkilenebilir. Ayr\u0131ca, dondurulmu\u015f et \u00f6\u011f\u00fct\u00fcc\u00fcs\u00fcn\u00fcn kullan\u0131m\u0131 nispeten keskindir ve eti \u00f6\u011f\u00fctme s\u00fcresi k\u0131sad\u0131r; bu, etin korunmas\u0131na katk\u0131da bulunur.<\/p>    <h2 class=\"wp-block-heading src grammarSection\">Dondurulmu\u015f et \u00f6\u011f\u00fctme makinesinin uygulanmas\u0131<\/h2>    <p class=\"src grammarSection translation-block\"><span class=\"transSent\" data-group=\"0-0\">\u00c7e\u015fitli <a href=\"https:\/\/en.wikipedia.org\/wiki\/Sausage\" target=\"_blank\" rel=\"noopener\">sosis<\/a>, jambon, \u00f6\u011f\u00fcn eti, k\u00f6fte, tuzlu tatlar, evcil hayvan mamas\u0131 ve di\u011fer et \u00fcr\u00fcnleri end\u00fcstrilerinde yayg\u0131n olarak kullan\u0131lan. T\u00fcm t\u00fcrden dondurulmu\u015f et, taze et, tavuk iskeleti, \u00f6rdek iskeleti, domuz derisi, s\u0131\u011f\u0131r derisi, tavuk derisi, bal\u0131k, meyve, sebze vb.<\/span><\/p>   <div class=\"wp-block-image wp-image-1981\"> <figure class=\"aligncenter size-full\"><img loading=\"lazy\" decoding=\"async\" width=\"720\" height=\"540\" src=\"https:\/\/www.meatprocessingmachine.org\/wp-content\/uploads\/2018\/10\/grozen-meat-grinding-machine.webp\" alt=\"dondurulmu\u015f et \u00f6\u011f\u00fctme makinesi\" class=\"wp-image-34431\" title=\"\" srcset=\"https:\/\/www.meatprocessingmachine.org\/wp-content\/uploads\/2018\/10\/grozen-meat-grinding-machine.webp 720w, https:\/\/www.meatprocessingmachine.org\/wp-content\/uploads\/2018\/10\/grozen-meat-grinding-machine-300x225.webp 300w, https:\/\/www.meatprocessingmachine.org\/wp-content\/uploads\/2018\/10\/grozen-meat-grinding-machine-16x12.webp 16w\" sizes=\"auto, (max-width: 720px) 100vw, 720px\" \/><figcaption class=\"wp-element-caption\">dondurulmu\u015f et \u00f6\u011f\u00fctme makinesi<\/figcaption><\/figure> <\/div>   <h2 class=\"wp-block-heading\">Et k\u0131yma makinesinin \u00e7al\u0131\u015fma prensibi<\/h2>    <p>Et \u00f6\u011f\u00fct\u00fcc\u00fcs\u00fcn\u00fcn prensibi, tetikleyici mil \u00fczerinden ete bask\u0131 yaparak kesme b\u0131\u00e7a\u011f\u0131na itmektir. Daha sert etlerle daha iyi ba\u015fa \u00e7\u0131kmak ve makineye zarar vermemek i\u00e7in dondurulmu\u015f et do\u011fray\u0131c\u0131s\u0131nda nispeten ince ayar yap\u0131lm\u0131\u015ft\u0131r. \u0130lk olarak et \u00f6n par\u00e7alan\u0131r, sonra ince kesilir ve sonunda a\u011f\u0131z plakas\u0131yla ge\u00e7ilir. Makine, ekstr\u00fczyon prensibini kullan\u0131r ve vida itici mili s\u00fcrekli olarak makinadan \u00e7ok k\u00fc\u00e7\u00fck eti \u00e7\u0131kar\u0131r.<\/p>    <figure class=\"wp-block-gallery has-nested-images columns-default is-cropped wp-block-gallery-2 is-layout-flex wp-block-gallery-is-layout-flex\"> <figure class=\"wp-block-image size-large\"><img loading=\"lazy\" decoding=\"async\" width=\"540\" height=\"720\" data-id=\"34433\" src=\"https:\/\/www.meatprocessingmachine.org\/wp-content\/uploads\/2018\/10\/accessories.jpg\" alt=\"accessories\" class=\"wp-image-34433\" title=\"\" srcset=\"https:\/\/www.meatprocessingmachine.org\/wp-content\/uploads\/2018\/10\/accessories.jpg 540w, https:\/\/www.meatprocessingmachine.org\/wp-content\/uploads\/2018\/10\/accessories-225x300.jpg 225w, https:\/\/www.meatprocessingmachine.org\/wp-content\/uploads\/2018\/10\/accessories-9x12.jpg 9w\" sizes=\"auto, (max-width: 540px) 100vw, 540px\" \/><figcaption class=\"wp-element-caption\">Aksesuarlar<\/figcaption><\/figure>    <figure class=\"wp-block-image size-large\"><img loading=\"lazy\" decoding=\"async\" width=\"540\" height=\"720\" data-id=\"34434\" src=\"https:\/\/www.meatprocessingmachine.org\/wp-content\/uploads\/2018\/10\/interior-structure.jpg\" alt=\"interior structure\" class=\"wp-image-34434\" title=\"\" srcset=\"https:\/\/www.meatprocessingmachine.org\/wp-content\/uploads\/2018\/10\/interior-structure.jpg 540w, https:\/\/www.meatprocessingmachine.org\/wp-content\/uploads\/2018\/10\/interior-structure-225x300.jpg 225w, https:\/\/www.meatprocessingmachine.org\/wp-content\/uploads\/2018\/10\/interior-structure-9x12.jpg 9w\" sizes=\"auto, (max-width: 540px) 100vw, 540px\" \/><figcaption class=\"wp-element-caption\">\u0130\u00e7 Yap\u0131<\/figcaption><\/figure>    <figure class=\"wp-block-image size-large\"><img loading=\"lazy\" decoding=\"async\" width=\"540\" height=\"720\" data-id=\"34435\" src=\"https:\/\/www.meatprocessingmachine.org\/wp-content\/uploads\/2018\/10\/machine-parts.jpg\" alt=\"machine parts\" class=\"wp-image-34435\" title=\"\" srcset=\"https:\/\/www.meatprocessingmachine.org\/wp-content\/uploads\/2018\/10\/machine-parts.jpg 540w, https:\/\/www.meatprocessingmachine.org\/wp-content\/uploads\/2018\/10\/machine-parts-225x300.jpg 225w, https:\/\/www.meatprocessingmachine.org\/wp-content\/uploads\/2018\/10\/machine-parts-9x12.jpg 9w\" sizes=\"auto, (max-width: 540px) 100vw, 540px\" \/><figcaption class=\"wp-element-caption\">Makine Par\u00e7alar\u0131<\/figcaption><\/figure> <\/figure>    <h2 class=\"wp-block-heading\" id=\"h-machine-structure\">Dondurulmu\u015f et k\u0131yma yap\u0131s\u0131<\/h2>    <p>&nbsp;1. Kasa 2. Reamer 3. Et ekstr\u00fczyon \u015fablonu 4. Vida kapa\u011f\u0131 5. Tah\u0131l silindiri 6. S\u0131kma kafesi 7. Hoppers 8. D\u00fc\u015f\u00fcr\u00fcc\u00fc 9. B\u00fcy\u00fck kasnak 10. Motor 11. \u00dc\u00e7gen kay\u0131\u015f 12. K\u00fc\u00e7\u00fck kasnak.<\/p>    <h2 class=\"wp-block-heading\" id=\"h-technical-parameter-of-commercial-meat-grinder\">Ticari et \u00f6\u011f\u00fct\u00fcc\u00fcs\u00fcn\u00fcn teknik parametreleri<\/h2>    <figure class=\"wp-block-table\"><table><tbody><tr><td>T\u00dcR<\/td><td>SL-300<\/td><td>SL-120<\/td><td>SL-160<\/td><td>SL-200<\/td><td>SL-250<\/td><\/tr><tr><td>Kapasite(kg\/h)<\/td><td>500kg\/h<\/td><td>1500kg\/h<\/td><td>2000-3000kg\/h<\/td><td>3000-5000kg\/h<\/td><td>1t-5t<\/td><\/tr><tr><td>G\u00fc\u00e7(kW)<\/td><td>5.5<\/td><td>7.5<\/td><td>15<\/td><td>22<\/td><td>37<\/td><\/tr><tr><td>Ana bile\u015fenler 304 y\u00fcksek kaliteli paslanmaz \u00e7elikten yap\u0131lm\u0131\u015ft\u0131r, g\u00fcvenilir ve dayan\u0131kl\u0131d\u0131r, kolayca temizlenir ve g\u0131da g\u00fcvenli\u011fi gereksinimlerini kar\u015f\u0131lar.<\/td><td>182<\/td><td>358<\/td><td>1200<\/td><td>1860<\/td><td>\/<\/td><\/tr><tr><td>Boyutlar (mm)<\/td><td>980*550*900<\/td><td>960*550*1080<\/td><td>1630*1100*1450<\/td><td>1780*1000*1580<\/td><td>1962*1106*1620<\/td><\/tr><\/tbody><\/table><figcaption class=\"wp-element-caption\">ticari et \u00f6\u011f\u00fct\u00fcc\u00fc parametresi<\/figcaption><\/figure>    <p>Kamuya ait ticari dondurulmu\u015f et \u00f6\u011f\u00fct\u00fcc\u00fcm\u00fcz saatte 5 ton \u00fcretim yapabilir. Sat\u0131n al\u0131nabilecek 5 pop\u00fcler model. Bu makinayla ilgili ba\u015fka sorular\u0131n\u0131z varsa l\u00fctfen bizimle ileti\u015fime ge\u00e7in, size en k\u0131sa s\u00fcrede d\u00f6n\u00fc\u015f yapaca\u011f\u0131z.<\/p>    <h2 class=\"wp-block-heading\" id=\"h-model-selection\">Dondurulmu\u015f et \u00f6\u011f\u00fct\u00fcc\u00fcs\u00fc model se\u00e7imi<\/h2>    <p>Etiniz ve \u00fcretiminiz k\u00fc\u00e7\u00fckse SL-100 veya SL-120'yi, b\u00fcy\u00fckse SL-160, SL-200 veya SL-250'yi se\u00e7melisiniz.<\/p>   <div class=\"wp-block-image\"> <figure class=\"aligncenter size-full is-resized\"><img loading=\"lazy\" decoding=\"async\" width=\"800\" height=\"600\" src=\"https:\/\/www.meatprocessingmachine.org\/wp-content\/uploads\/2021\/09\/Frozen-Meat-Grinder-5.jpg\" alt=\"\" class=\"wp-image-1980\" style=\"width:720px;height:540px\" title=\"\" srcset=\"https:\/\/www.meatprocessingmachine.org\/wp-content\/uploads\/2021\/09\/Frozen-Meat-Grinder-5.jpg 800w, https:\/\/www.meatprocessingmachine.org\/wp-content\/uploads\/2021\/09\/Frozen-Meat-Grinder-5-300x225.jpg 300w, https:\/\/www.meatprocessingmachine.org\/wp-content\/uploads\/2021\/09\/Frozen-Meat-Grinder-5-768x576.jpg 768w\" sizes=\"auto, (max-width: 800px) 100vw, 800px\" \/><figcaption class=\"wp-element-caption\">Dondurulmu\u015f Et \u00d6\u011f\u00fct\u00fcc\u00fc<\/figcaption><\/figure> <\/div>   <h2 class=\"wp-block-heading\">\u00d6\u011f\u00fct\u00fcc\u00fcden \u00f6nce hammadde i\u015fleme<\/h2>    <p>Dondurulmu\u015f et \u00f6\u011f\u00fct\u00fcc\u00fcs\u00fc, -5\u00b0C ila -18\u00b0C aras\u0131ndaki s\u0131cakl\u0131ktaki dondurulmu\u015f etleri i\u015fleyebilir. Hammaddelerle birlikte kullan\u0131ld\u0131\u011f\u0131nda biraz donmu\u015f olabilir ve buzdolab\u0131n\u0131n dondurma b\u00f6l\u00fcm\u00fcnde saklanmas\u0131 gerekir. K\u0131sa bir s\u00fcre dondurulduktan sonra et daha k\u0131r\u0131lgan hale gelir, daha yumu\u015fak ayr\u0131\u015f\u0131r ve yap\u0131\u015fmaz. <\/p>    <p class=\"translation-block\">Dondurma s\u0131ras\u0131nda, etleri k\u00fc\u00e7\u00fck par\u00e7alara dondurulmas\u0131 gerekti\u011fini belirtmek gerekir. Dondurulmu\u015f et par\u00e7alar\u0131 nispeten b\u00fcy\u00fckse, k\u0131rma i\u015flemine ihtiya\u00e7 duyulur; <a href=\"https:\/\/www.meatprocessingmachine.org\/tr\/frozen-meat-cutting-machine.html\/\">et k\u0131rma makinesi<\/a> ile k\u0131rma i\u015flemi yap\u0131l\u0131r.<\/p>    <h2 class=\"wp-block-heading\">Dondurulmu\u015f et \u00f6\u011f\u00fct\u00fcc\u00fcs\u00fc operasyon ad\u0131mlar\u0131<\/h2>   <div class=\"wp-block-image\"> <figure class=\"aligncenter size-full is-resized\"><img loading=\"lazy\" decoding=\"async\" width=\"627\" height=\"520\" src=\"https:\/\/www.meatprocessingmachine.org\/wp-content\/uploads\/2021\/09\/Frozen-Meat-Grinder-Operate-step.png\" alt=\"Operate\u00a0step\" class=\"wp-image-1968\" style=\"width:720px;height:540px\" title=\"\" srcset=\"https:\/\/www.meatprocessingmachine.org\/wp-content\/uploads\/2021\/09\/Frozen-Meat-Grinder-Operate-step.png 627w, https:\/\/www.meatprocessingmachine.org\/wp-content\/uploads\/2021\/09\/Frozen-Meat-Grinder-Operate-step-300x249.png 300w\" sizes=\"auto, (max-width: 627px) 100vw, 627px\" \/><figcaption class=\"wp-element-caption\"> Kullan\u0131m ad\u0131mlar\u0131 <\/figcaption><\/figure> <\/div>   <ol class=\"wp-block-list\" style=\"list-style-type:1\"> <li>\u00dc\u00e7 faz elektrik ba\u011fland\u0131ktan sonra \u201cba\u015flat\u201d tu\u015funa bas\u0131n.<\/li>    <li>Makine kullan\u0131ld\u0131ktan sonra \/ Ar\u0131za oldu\u011funda, \u201cdur\u201d tu\u015funa bas\u0131n.<\/li>    <li>Malzeme t\u0131kan\u0131r ve makle da\u011f\u0131t\u0131lamaz hale gelirse, \u201cters\u201d tu\u015funa bas\u0131n<\/li> <\/ol>","protected":false},"excerpt":{"rendered":"<p>The frozen meat grinder is a machine that cuts the frozen meat directly to form a puree. In the meat processing enterprises in the production process,the raw meat is processed into granular meat with different specifications according to different process requirements.It does not need to be thawed during the processing process, which ensures the quality of the meat. However, the meat that can be processed by the frozen meat grinder also has certain requirements. The temperature of frozen meat should be around -5\u00b0C&#8211;18\u00b0C. The meat should not be too large, and it can be used in meat processing plants and food manufacturers. . Produce sausages, meatballs and other foods.<\/p>","protected":false},"author":1,"featured_media":1869,"parent":0,"template":"","product-type":[590],"class_list":["post-96","product","type-product","status-publish","has-post-thumbnail","hentry","product-type-meat-grinding-machine"],"_links":{"self":[{"href":"https:\/\/www.meatprocessingmachine.org\/tr\/wp-json\/wp\/v2\/product\/96","targetHints":{"allow":["GET"]}}],"collection":[{"href":"https:\/\/www.meatprocessingmachine.org\/tr\/wp-json\/wp\/v2\/product"}],"about":[{"href":"https:\/\/www.meatprocessingmachine.org\/tr\/wp-json\/wp\/v2\/types\/product"}],"author":[{"embeddable":true,"href":"https:\/\/www.meatprocessingmachine.org\/tr\/wp-json\/wp\/v2\/users\/1"}],"wp:featuredmedia":[{"embeddable":true,"href":"https:\/\/www.meatprocessingmachine.org\/tr\/wp-json\/wp\/v2\/media\/1869"}],"wp:attachment":[{"href":"https:\/\/www.meatprocessingmachine.org\/tr\/wp-json\/wp\/v2\/media?parent=96"}],"wp:term":[{"taxonomy":"product-type","embeddable":true,"href":"https:\/\/www.meatprocessingmachine.org\/tr\/wp-json\/wp\/v2\/product-type?post=96"}],"curies":[{"name":"wp","href":"https:\/\/api.w.org\/{rel}","templated":true}]}}