{"id":11,"date":"2018-10-25T02:48:44","date_gmt":"2018-10-25T02:48:44","guid":{"rendered":"http:\/\/www.meatprocessingmachine.org\/?page_id=11"},"modified":"2026-04-07T17:31:10","modified_gmt":"2026-04-07T09:31:10","slug":"about-us","status":"publish","type":"page","link":"https:\/\/www.meatprocessingmachine.org\/vi\/about-us\/","title":{"rendered":"V\u1ec1 ch\u00fang t\u00f4i"},"content":{"rendered":"<p class=\"translation-block\"><strong><mark class=\"has-inline-color has-luminous-vivid-amber-color\"><a href=\"https:\/\/www.meatprocessingmachine.org\/vi\/\">C\u00f4ng ty TNHH M\u00e1y m\u00f3c Taizy Zhengzhou<\/a><\/mark><\/strong> l\u00e0 nh\u00e0 s\u1ea3n xu\u1ea5t v\u00e0 xu\u1ea5t kh\u1ea9u chuy\u00ean nghi\u1ec7p, chuy\u00ean v\u1ec1 m\u00e1y m\u00f3c ch\u1ebf bi\u1ebfn th\u1ecbt v\u00e0 gi\u1ea3i ph\u00e1p ch\u1ebf bi\u1ebfn th\u1ef1c ph\u1ea9m t\u00edch h\u1ee3p. N\u1eb1m trong Khu ph\u00e1t tri\u1ec3n kinh t\u1ebf v\u00e0 c\u00f4ng ngh\u1ec7 Zhengzhou, ch\u00fang t\u00f4i k\u1ebft h\u1ee3p nghi\u00ean c\u1ee9u, k\u1ef9 thu\u1eadt, s\u1ea3n xu\u1ea5t v\u00e0 b\u00e1n h\u00e0ng to\u00e0n c\u1ea7u th\u00e0nh m\u1ed9t h\u1ec7 th\u1ed1ng v\u1eadn h\u00e0nh hi\u1ec7u qu\u1ea3.<\/p>    <p>V\u1edbi n\u1ec1n t\u1ea3ng k\u1ef9 thu\u1eadt v\u1eefng ch\u1eafc v\u00e0 h\u01a1n 100 nh\u00e2n vi\u00ean l\u00e0nh ngh\u1ec1, ch\u00fang t\u00f4i \u0111\u00e3 x\u00e2y d\u1ef1ng h\u1ec7 th\u1ed1ng s\u1ea3n xu\u1ea5t v\u00e0 qu\u1ea3n l\u00fd hi\u1ec7n \u0111\u1ea1i \u0111\u1ea3m b\u1ea3o ch\u1ea5t l\u01b0\u1ee3ng s\u1ea3n ph\u1ea9m \u1ed5n \u0111\u1ecbnh v\u00e0 giao h\u00e0ng hi\u1ec7u qu\u1ea3 cho kh\u00e1ch h\u00e0ng to\u00e0n c\u1ea7u.<\/p>   <div class=\"wp-block-image\"> <figure class=\"aligncenter size-full\"><img loading=\"lazy\" decoding=\"async\" width=\"720\" height=\"540\" src=\"https:\/\/www.meatprocessingmachine.org\/wp-content\/uploads\/2026\/04\/taizy-factory.webp\" alt=\"nh\u00e0 m\u00e1y Taizy\" class=\"wp-image-35273\" title=\"\" srcset=\"https:\/\/www.meatprocessingmachine.org\/wp-content\/uploads\/2026\/04\/taizy-factory.webp 720w, https:\/\/www.meatprocessingmachine.org\/wp-content\/uploads\/2026\/04\/taizy-factory-300x225.webp 300w, https:\/\/www.meatprocessingmachine.org\/wp-content\/uploads\/2026\/04\/taizy-factory-16x12.webp 16w\" sizes=\"auto, (max-width: 720px) 100vw, 720px\" \/><figcaption class=\"wp-element-caption\">nh\u00e0 m\u00e1y Taizy<\/figcaption><\/figure> <\/div>   <h2 class=\"wp-block-heading\">Ch\u00fang t\u00f4i l\u00e0m g\u00ec<\/h2>    <p>Ch\u00fang t\u00f4i t\u1eadp trung v\u00e0o ph\u00e1t tri\u1ec3n v\u00e0 s\u1ea3n xu\u1ea5t \u0111\u1ea7y \u0111\u1ee7 c\u00e1c thi\u1ebft b\u1ecb ch\u1ebf bi\u1ebfn th\u1ecbt, bao g\u1ed3m:<\/p>    <ul class=\"wp-block-list\"> <li><strong><a href=\"https:\/\/www.meatprocessingmachine.org\/vi\/products\/meat-cutting-machine\/\">M\u00e1y c\u1eaft th\u00e1i th\u1ecbt v\u00e0 th\u00e1i l\u00e1t<\/a><\/strong><\/li>    <li>Thi\u1ebft b\u1ecb nghi\u1ec1n th\u1ecbt v\u00e0 x\u1eed l\u00fd x\u01b0\u01a1ng<\/li>    <li>D\u00e2y chuy\u1ec1n s\u1ea3n xu\u1ea5t vi\u00ean th\u1ecbt<\/li>    <li><strong><a href=\"https:\/\/www.meatprocessingmachine.org\/vi\/products\/supporting-auxiliary-equipment\/\">Thi\u1ebft b\u1ecb \u0111\u00f3ng g\u00f3i ch\u00e2n kh\u00f4ng v\u00e0 ph\u1ee5 tr\u1ee3<\/a><\/strong><\/li> <\/ul>    <p>M\u00e1y m\u00f3c c\u1ee7a ch\u00fang t\u00f4i \u0111\u01b0\u1ee3c s\u1eed d\u1ee5ng r\u1ed9ng r\u00e3i trong c\u00e1c c\u1eeda h\u00e0ng th\u1ecbt, nh\u00e0 m\u00e1y ch\u1ebf bi\u1ebfn th\u1ef1c ph\u1ea9m, l\u00f2 m\u1ed5 v\u00e0 d\u00e2y chuy\u1ec1n s\u1ea3n xu\u1ea5t th\u1ecbt c\u00f4ng nghi\u1ec7p, h\u1ed7 tr\u1ee3 c\u1ea3 doanh nghi\u1ec7p nh\u1ecf v\u00e0 nh\u00e0 m\u00e1y l\u1edbn.<\/p>    <figure class=\"wp-block-gallery has-nested-images columns-default is-cropped wp-block-gallery-2 is-layout-flex wp-block-gallery-is-layout-flex\"> <figure class=\"wp-block-image size-large\"><img loading=\"lazy\" decoding=\"async\" width=\"720\" height=\"540\" data-id=\"34581\" src=\"https:\/\/www.meatprocessingmachine.org\/wp-content\/uploads\/2020\/11\/Bone-Crusher-and-Colloid-Mill-Combination.webp\" alt=\"Bone Crusher and Colloid Mill Combination\" class=\"wp-image-34581\" title=\"\" srcset=\"https:\/\/www.meatprocessingmachine.org\/wp-content\/uploads\/2020\/11\/Bone-Crusher-and-Colloid-Mill-Combination.webp 720w, https:\/\/www.meatprocessingmachine.org\/wp-content\/uploads\/2020\/11\/Bone-Crusher-and-Colloid-Mill-Combination-300x225.webp 300w, https:\/\/www.meatprocessingmachine.org\/wp-content\/uploads\/2020\/11\/Bone-Crusher-and-Colloid-Mill-Combination-16x12.webp 16w\" sizes=\"auto, (max-width: 720px) 100vw, 720px\" \/><figcaption class=\"wp-element-caption\">S\u1ef1 K\u1ebft H\u1ee3p Between M\u00e1y Nghi\u1ec1n X\u01b0\u01a1ng V\u00e0 M\u00e1y M\u00e0i Thu Colloid<\/figcaption><\/figure>    <figure class=\"wp-block-image size-large\"><img loading=\"lazy\" decoding=\"async\" width=\"720\" height=\"540\" data-id=\"34788\" src=\"https:\/\/www.meatprocessingmachine.org\/wp-content\/uploads\/2020\/11\/Bone-Crushing-Machine-1.webp\" alt=\"M\u00e1y Nghi\u1ec1n X\u01b0\u01a1ng\" class=\"wp-image-34788\" title=\"\" srcset=\"https:\/\/www.meatprocessingmachine.org\/wp-content\/uploads\/2020\/11\/Bone-Crushing-Machine-1.webp 720w, https:\/\/www.meatprocessingmachine.org\/wp-content\/uploads\/2020\/11\/Bone-Crushing-Machine-1-300x225.webp 300w, https:\/\/www.meatprocessingmachine.org\/wp-content\/uploads\/2020\/11\/Bone-Crushing-Machine-1-16x12.webp 16w\" sizes=\"auto, (max-width: 720px) 100vw, 720px\" \/><figcaption class=\"wp-element-caption\">M\u00e1y Nghi\u1ec1n X\u01b0\u01a1ng<\/figcaption><\/figure>    <figure class=\"wp-block-image size-large\"><img loading=\"lazy\" decoding=\"async\" width=\"720\" height=\"540\" data-id=\"34698\" src=\"https:\/\/www.meatprocessingmachine.org\/wp-content\/uploads\/2021\/01\/Fish-Dryer-Machine-Factory.webp\" alt=\"Nh\u00e0 m\u00e1y m\u00e1y s\u1ea5y c\u00e1\" class=\"wp-image-34698\" title=\"\" srcset=\"https:\/\/www.meatprocessingmachine.org\/wp-content\/uploads\/2021\/01\/Fish-Dryer-Machine-Factory.webp 720w, https:\/\/www.meatprocessingmachine.org\/wp-content\/uploads\/2021\/01\/Fish-Dryer-Machine-Factory-300x225.webp 300w, https:\/\/www.meatprocessingmachine.org\/wp-content\/uploads\/2021\/01\/Fish-Dryer-Machine-Factory-16x12.webp 16w\" sizes=\"auto, (max-width: 720px) 100vw, 720px\" \/><figcaption class=\"wp-element-caption\">Nh\u00e0 m\u00e1y m\u00e1y s\u1ea5y c\u00e1<\/figcaption><\/figure>    <figure class=\"wp-block-image size-large\"><img loading=\"lazy\" decoding=\"async\" width=\"720\" height=\"540\" data-id=\"34650\" src=\"https:\/\/www.meatprocessingmachine.org\/wp-content\/uploads\/2026\/02\/Meat-Slicing-Machine.webp\" alt=\"M\u00e1y c\u1eaft th\u1ecbt\" class=\"wp-image-34650\" title=\"\" srcset=\"https:\/\/www.meatprocessingmachine.org\/wp-content\/uploads\/2026\/02\/Meat-Slicing-Machine.webp 720w, https:\/\/www.meatprocessingmachine.org\/wp-content\/uploads\/2026\/02\/Meat-Slicing-Machine-300x225.webp 300w, https:\/\/www.meatprocessingmachine.org\/wp-content\/uploads\/2026\/02\/Meat-Slicing-Machine-16x12.webp 16w\" sizes=\"auto, (max-width: 720px) 100vw, 720px\" \/><figcaption class=\"wp-element-caption\">M\u00e1y c\u1eaft th\u1ecbt<\/figcaption><\/figure>    <figure class=\"wp-block-image size-large\"><img loading=\"lazy\" decoding=\"async\" width=\"720\" height=\"540\" data-id=\"35002\" src=\"https:\/\/www.meatprocessingmachine.org\/wp-content\/uploads\/2021\/11\/Triple-Row-Egg-Processing-Line.webp\" alt=\"D\u00e2y chuy\u1ec1n ch\u1ebf bi\u1ebfn tr\u1ee9ng ba h\u00e0ng\" class=\"wp-image-35002\" title=\"\" srcset=\"https:\/\/www.meatprocessingmachine.org\/wp-content\/uploads\/2021\/11\/Triple-Row-Egg-Processing-Line.webp 720w, https:\/\/www.meatprocessingmachine.org\/wp-content\/uploads\/2021\/11\/Triple-Row-Egg-Processing-Line-300x225.webp 300w, https:\/\/www.meatprocessingmachine.org\/wp-content\/uploads\/2021\/11\/Triple-Row-Egg-Processing-Line-16x12.webp 16w\" sizes=\"auto, (max-width: 720px) 100vw, 720px\" \/><figcaption class=\"wp-element-caption\">D\u00e2y chuy\u1ec1n ch\u1ebf bi\u1ebfn tr\u1ee9ng ba h\u00e0ng<\/figcaption><\/figure>    <figure class=\"wp-block-image size-large\"><img loading=\"lazy\" decoding=\"async\" width=\"720\" height=\"540\" data-id=\"35130\" src=\"https:\/\/www.meatprocessingmachine.org\/wp-content\/uploads\/2026\/03\/Chicken-Paw-Processing-Machine.webp\" alt=\"M\u00e1y x\u1eed l\u00fd ch\u00e2n g\u00e0\" class=\"wp-image-35130\" title=\"\" srcset=\"https:\/\/www.meatprocessingmachine.org\/wp-content\/uploads\/2026\/03\/Chicken-Paw-Processing-Machine.webp 720w, https:\/\/www.meatprocessingmachine.org\/wp-content\/uploads\/2026\/03\/Chicken-Paw-Processing-Machine-300x225.webp 300w, https:\/\/www.meatprocessingmachine.org\/wp-content\/uploads\/2026\/03\/Chicken-Paw-Processing-Machine-16x12.webp 16w\" sizes=\"auto, (max-width: 720px) 100vw, 720px\" \/><figcaption class=\"wp-element-caption\">M\u00e1y x\u1eed l\u00fd ch\u00e2n g\u00e0<\/figcaption><\/figure> <\/figure>    <h3 class=\"wp-block-heading\">N\u0103ng l\u1ef1c R&amp;D v\u00e0 s\u1ea3n xu\u1ea5t m\u1ea1nh m\u1ebd<\/h3>    <p>C\u00f4ng ngh\u1ec7 th\u00fac \u0111\u1ea9y s\u1ef1 ph\u00e1t tri\u1ec3n c\u1ee7a ch\u00fang t\u00f4i. Ch\u00fang t\u00f4i li\u00ean t\u1ee5c \u0111\u1ea7u t\u01b0 v\u00e0o nghi\u00ean c\u1ee9u v\u00e0 ph\u00e1t tri\u1ec3n, h\u1ee3p t\u00e1c v\u1edbi c\u00e1c k\u1ef9 s\u01b0 c\u01a1 kh\u00ed c\u00f3 kinh nghi\u1ec7m v\u00e0 c\u00e1c chuy\u00ean gia trong ng\u00e0nh \u0111\u1ec3 c\u1ea3i thi\u1ec7n hi\u1ec7u su\u1ea5t thi\u1ebft b\u1ecb v\u00e0 ph\u00e1t tri\u1ec3n c\u00e1c gi\u1ea3i ph\u00e1p m\u1edbi.<\/p>    <p>T\u1eeb l\u1ef1a ch\u1ecdn nguy\u00ean li\u1ec7u th\u00f4 \u0111\u1ebfn l\u1eafp r\u00e1p cu\u1ed1i c\u00f9ng, m\u1ed7i m\u00e1y \u0111\u1ec1u \u0111\u01b0\u1ee3c s\u1ea3n xu\u1ea5t theo ti\u00eau chu\u1ea9n ki\u1ec3m so\u00e1t ch\u1ea5t l\u01b0\u1ee3ng nghi\u00eam ng\u1eb7t. Quy tr\u00ecnh s\u1ea3n xu\u1ea5t c\u1ee7a ch\u00fang t\u00f4i nh\u1ea5n m\u1ea1nh \u0111\u1ed9 b\u1ec1n, v\u1ec7 sinh v\u00e0 hi\u1ec7u qu\u1ea3 v\u1eadn h\u00e0nh \u0111\u1ec3 \u0111\u00e1p \u1ee9ng c\u00e1c y\u00eau c\u1ea7u ch\u1ebf bi\u1ebfn th\u1ef1c ph\u1ea9m qu\u1ed1c t\u1ebf.<\/p>   <div class=\"wp-block-image\"> <figure class=\"aligncenter size-full\"><img loading=\"lazy\" decoding=\"async\" width=\"720\" height=\"540\" src=\"https:\/\/www.meatprocessingmachine.org\/wp-content\/uploads\/2026\/04\/Processing-Workshop.webp\" alt=\"X\u01b0\u1edfng ch\u1ebf bi\u1ebfn\" class=\"wp-image-35277\" title=\"\" srcset=\"https:\/\/www.meatprocessingmachine.org\/wp-content\/uploads\/2026\/04\/Processing-Workshop.webp 720w, https:\/\/www.meatprocessingmachine.org\/wp-content\/uploads\/2026\/04\/Processing-Workshop-300x225.webp 300w, https:\/\/www.meatprocessingmachine.org\/wp-content\/uploads\/2026\/04\/Processing-Workshop-16x12.webp 16w\" sizes=\"auto, (max-width: 720px) 100vw, 720px\" \/><figcaption class=\"wp-element-caption\">X\u01b0\u1edfng ch\u1ebf bi\u1ebfn<\/figcaption><\/figure> <\/div>   <h3 class=\"wp-block-heading\">Hi\u1ec7n di\u1ec7n tr\u00ean th\u1ecb tr\u01b0\u1eddng to\u00e0n c\u1ea7u<\/h3>    <p class=\"translation-block\">C\u00e1c s\u1ea3n ph\u1ea9m c\u1ee7a ch\u00fang t\u00f4i \u0111\u00e3 \u0111\u01b0\u1ee3c xu\u1ea5t kh\u1ea9u sang <strong><a href=\"https:\/\/www.meatprocessingmachine.org\/vi\/Info\/bone-crusher-machine-france\/\">Ch\u00e2u \u00c2u<\/a><\/strong>, <strong><a href=\"https:\/\/www.meatprocessingmachine.org\/vi\/Info\/frozen-meat-dicer-machine-for-sale-in-usa\/\">Ch\u00e2u M\u1ef9<\/a><\/strong>, ch\u00e2u Phi, \u0110\u00f4ng Nam \u00c1 v\u00e0 nhi\u1ec1u khu v\u1ef1c kh\u00e1c, t\u1ea1o d\u1ef1ng danh ti\u1ebfng m\u1ea1nh m\u1ebd v\u00e0 c\u01a1 s\u1edf kh\u00e1ch h\u00e0ng v\u1eefng ch\u1eafc tr\u00ean th\u1ecb tr\u01b0\u1eddng qu\u1ed1c t\u1ebf. L\u00e0 c\u00f4ng ty con c\u1ee7a T\u1eadp \u0111o\u00e0n Shuliy, Taizy t\u1eadn d\u1ee5ng h\u1ec7 th\u1ed1ng s\u1ea3n xu\u1ea5t ch\u00edn mu\u1ed3i c\u1ee7a t\u1eadp \u0111o\u00e0n, chu\u1ed7i cung \u1ee9ng \u0111\u00e3 \u0111\u01b0\u1ee3c thi\u1ebft l\u1eadp t\u1ed1t v\u00e0 kinh nghi\u1ec7m th\u1ecb tr\u01b0\u1eddng to\u00e0n c\u1ea7u r\u1ed9ng l\u1edbn \u0111\u1ec3 cung c\u1ea5p thi\u1ebft b\u1ecb \u0111\u00e1ng tin c\u1eady v\u00e0 d\u1ecbch v\u1ee5 chuy\u00ean nghi\u1ec7p, x\u00e2y d\u1ef1ng m\u1ed1i quan h\u1ec7 h\u1ee3p t\u00e1c l\u00e2u d\u00e0i v\u1edbi kh\u00e1ch h\u00e0ng to\u00e0n c\u1ea7u.<\/p>   <div class=\"wp-block-image\"> <figure class=\"aligncenter size-full\"><img loading=\"lazy\" decoding=\"async\" width=\"720\" height=\"540\" src=\"https:\/\/www.meatprocessingmachine.org\/wp-content\/uploads\/2026\/04\/Shuliys-customers.webp\" alt=\"Kh\u00e1ch h\u00e0ng c\u1ee7a Shuliy\" class=\"wp-image-35281\" title=\"\" srcset=\"https:\/\/www.meatprocessingmachine.org\/wp-content\/uploads\/2026\/04\/Shuliys-customers.webp 720w, https:\/\/www.meatprocessingmachine.org\/wp-content\/uploads\/2026\/04\/Shuliys-customers-300x225.webp 300w, https:\/\/www.meatprocessingmachine.org\/wp-content\/uploads\/2026\/04\/Shuliys-customers-16x12.webp 16w\" sizes=\"auto, (max-width: 720px) 100vw, 720px\" \/><figcaption class=\"wp-element-caption\">Shuliy&#8217;s customers<\/figcaption><\/figure> <\/div>   <h3 class=\"wp-block-heading\">\u0110\u1ea3m b\u1ea3o ch\u1ea5t l\u01b0\u1ee3ng &amp; D\u1ecbch v\u1ee5<\/h3>    <p>Ch\u00fang t\u00f4i tu\u00e2n th\u1ee7 tri\u1ebft l\u00fd \u201cch\u1ea5t l\u01b0\u1ee3ng l\u00e0 tr\u00ean h\u1ebft, l\u1ea5y kh\u00e1ch h\u00e0ng l\u00e0m trung t\u00e2m\u201d trong m\u1ecdi d\u1ef1 \u00e1n.<\/p>    <ul class=\"wp-block-list\"> <li>Ki\u1ec3m tra ch\u1ea5t l\u01b0\u1ee3ng nghi\u00eam ng\u1eb7t tr\u01b0\u1edbc khi giao h\u00e0ng<\/li>    <li>T\u01b0 v\u1ea5n tr\u01b0\u1edbc b\u00e1n h\u00e0ng chuy\u00ean nghi\u1ec7p v\u00e0 thi\u1ebft k\u1ebf gi\u1ea3i ph\u00e1p<\/li>    <li>H\u1ed7 tr\u1ee3 h\u1eadu m\u00e3i \u0111\u1ea7y \u0111\u1ee7 bao g\u1ed3m h\u01b0\u1edbng d\u1eabn l\u1eafp \u0111\u1eb7t v\u00e0 d\u1ecbch v\u1ee5 k\u1ef9 thu\u1eadt<\/li> <\/ul>    <p>M\u1ee5c ti\u00eau c\u1ee7a ch\u00fang t\u00f4i kh\u00f4ng ch\u1ec9 cung c\u1ea5p m\u00e1y m\u00f3c, m\u00e0 c\u00f2n cung c\u1ea5p c\u00e1c gi\u1ea3i ph\u00e1p \u0111\u00e1ng tin c\u1eady, l\u00e2u d\u00e0i gi\u00fap kh\u00e1ch h\u00e0ng n\u00e2ng cao hi\u1ec7u qu\u1ea3 v\u00e0 l\u1ee3i nhu\u1eadn.<\/p>   <div class=\"wp-block-image\"> <figure class=\"aligncenter size-full\"><img loading=\"lazy\" decoding=\"async\" width=\"720\" height=\"540\" src=\"https:\/\/www.meatprocessingmachine.org\/wp-content\/uploads\/2026\/03\/Our-Certifications.webp\" alt=\"Ch\u1ee9ng nh\u1eadn c\u1ee7a ch\u00fang t\u00f4i\" class=\"wp-image-35211\" title=\"\" srcset=\"https:\/\/www.meatprocessingmachine.org\/wp-content\/uploads\/2026\/03\/Our-Certifications.webp 720w, https:\/\/www.meatprocessingmachine.org\/wp-content\/uploads\/2026\/03\/Our-Certifications-300x225.webp 300w, https:\/\/www.meatprocessingmachine.org\/wp-content\/uploads\/2026\/03\/Our-Certifications-16x12.webp 16w\" sizes=\"auto, (max-width: 720px) 100vw, 720px\" \/><figcaption class=\"wp-element-caption\">Ch\u1ee9ng nh\u1eadn c\u1ee7a ch\u00fang t\u00f4i<\/figcaption><\/figure> <\/div>   <h2 class=\"wp-block-heading\">Ch\u1ee9ng nh\u1eadn &amp; \u0110\u1ea3m b\u1ea3o ch\u1ea5t l\u01b0\u1ee3ng<\/h2>    <p class=\"translation-block\">Ch\u00fang t\u00f4i \u0111\u1eb7t t\u1ea7m quan tr\u1ecdng l\u1edbn v\u00e0o ch\u1ea5t l\u01b0\u1ee3ng s\u1ea3n ph\u1ea9m v\u00e0 tu\u00e2n th\u1ee7 c\u00e1c ti\u00eau chu\u1ea9n qu\u1ed1c t\u1ebf, theo quy tr\u00ecnh s\u1ea3n xu\u1ea5t ti\u00eau chu\u1ea9n nghi\u00eam ng\u1eb7t. Nhi\u1ec1u m\u00e1y m\u00f3c c\u1ee7a ch\u00fang t\u00f4i \u0111\u00e3 \u0111\u1ea1t \u0111\u01b0\u1ee3c <strong>Ch\u1ee9ng nh\u1eadn CE<\/strong>, \u0111\u00e1p \u1ee9ng c\u00e1c y\u00eau c\u1ea7u an to\u00e0n c\u1ee7a ch\u00e2u \u00c2u. C\u00f4ng ty ch\u00fang t\u00f4i \u0111\u00e3 thi\u1ebft l\u1eadp v\u00e0 th\u1ef1c hi\u1ec7n h\u1ec7 th\u1ed1ng qu\u1ea3n l\u00fd ch\u1ea5t l\u01b0\u1ee3ng <strong>ISO<\/strong> to\u00e0n di\u1ec7n, v\u1edbi ki\u1ec3m so\u00e1t nghi\u00eam ng\u1eb7t t\u1eeb mua nguy\u00ean li\u1ec7u \u0111\u1ebfn l\u1eafp r\u00e1p s\u1ea3n ph\u1ea9m v\u00e0 ki\u1ec3m tra cu\u1ed1i c\u00f9ng, \u0111\u1ea3m b\u1ea3o thi\u1ebft b\u1ecb \u1ed5n \u0111\u1ecbnh v\u00e0 b\u1ec1n b\u1ec9. Ngo\u00e0i ra, ch\u00fang t\u00f4i h\u1ed7 tr\u1ee3 ki\u1ec3m tra v\u00e0 ki\u1ec3m to\u00e1n nh\u00e0 m\u00e1y b\u1edfi c\u00e1c t\u1ed5 ch\u1ee9c th\u1ee9 ba qu\u1ed1c t\u1ebf nh\u01b0 <strong>SGS<\/strong> v\u00e0 <strong>T\u00dcV<\/strong>, cung c\u1ea5p cho kh\u00e1ch h\u00e0ng s\u1ef1 \u0111\u1ea3m b\u1ea3o ch\u1ea5t l\u01b0\u1ee3ng minh b\u1ea1ch v\u00e0 \u0111\u00e1ng tin c\u1eady.<\/p>    <figure class=\"wp-block-gallery has-nested-images columns-default is-cropped wp-block-gallery-3 is-layout-flex wp-block-gallery-is-layout-flex\"> <figure class=\"wp-block-image size-large\"><img loading=\"lazy\" decoding=\"async\" width=\"540\" height=\"720\" data-id=\"35208\" src=\"https:\/\/www.meatprocessingmachine.org\/wp-content\/uploads\/2026\/03\/CE.webp\" alt=\"CE\" class=\"wp-image-35208\" title=\"\" srcset=\"https:\/\/www.meatprocessingmachine.org\/wp-content\/uploads\/2026\/03\/CE.webp 540w, https:\/\/www.meatprocessingmachine.org\/wp-content\/uploads\/2026\/03\/CE-225x300.webp 225w, https:\/\/www.meatprocessingmachine.org\/wp-content\/uploads\/2026\/03\/CE-9x12.webp 9w\" sizes=\"auto, (max-width: 540px) 100vw, 540px\" \/><figcaption class=\"wp-element-caption\">Ce<\/figcaption><\/figure>    <figure class=\"wp-block-image size-large\"><img loading=\"lazy\" decoding=\"async\" width=\"540\" height=\"720\" data-id=\"35210\" src=\"https:\/\/www.meatprocessingmachine.org\/wp-content\/uploads\/2026\/03\/ISO9001.webp\" alt=\"ISO9001\" class=\"wp-image-35210\" title=\"\" srcset=\"https:\/\/www.meatprocessingmachine.org\/wp-content\/uploads\/2026\/03\/ISO9001.webp 540w, https:\/\/www.meatprocessingmachine.org\/wp-content\/uploads\/2026\/03\/ISO9001-225x300.webp 225w, https:\/\/www.meatprocessingmachine.org\/wp-content\/uploads\/2026\/03\/ISO9001-9x12.webp 9w\" sizes=\"auto, (max-width: 540px) 100vw, 540px\" \/><figcaption class=\"wp-element-caption\">Iso9001<\/figcaption><\/figure>    <figure class=\"wp-block-image size-large\"><img loading=\"lazy\" decoding=\"async\" width=\"540\" height=\"720\" data-id=\"35209\" src=\"https:\/\/www.meatprocessingmachine.org\/wp-content\/uploads\/2026\/03\/EU-Test.webp\" alt=\"EU Test\" class=\"wp-image-35209\" title=\"\" srcset=\"https:\/\/www.meatprocessingmachine.org\/wp-content\/uploads\/2026\/03\/EU-Test.webp 540w, https:\/\/www.meatprocessingmachine.org\/wp-content\/uploads\/2026\/03\/EU-Test-225x300.webp 225w, https:\/\/www.meatprocessingmachine.org\/wp-content\/uploads\/2026\/03\/EU-Test-9x12.webp 9w\" sizes=\"auto, (max-width: 540px) 100vw, 540px\" \/><figcaption class=\"wp-element-caption\">Eu Test<\/figcaption><\/figure> <\/figure>    <h3 class=\"wp-block-heading\">S\u1ee9 m\u1ec7nh c\u1ee7a ch\u00fang t\u00f4i<\/h3>    <p>Ch\u00fang t\u00f4i cam k\u1ebft cung c\u1ea5p c\u00e1c gi\u1ea3i ph\u00e1p ch\u1ebf bi\u1ebfn th\u1ecbt ch\u1ea5t l\u01b0\u1ee3ng cao, hi\u1ec7u qu\u1ea3 v\u00e0 s\u00e1ng t\u1ea1o cho kh\u00e1ch h\u00e0ng to\u00e0n c\u1ea7u. Th\u00f4ng qua c\u1ea3i ti\u1ebfn li\u00ean t\u1ee5c v\u00e0 s\u1ea3n xu\u1ea5t c\u00f3 tr\u00e1ch nhi\u1ec7m, ch\u00fang t\u00f4i h\u01b0\u1edbng t\u1edbi tr\u1edf th\u00e0nh \u0111\u1ed1i t\u00e1c \u0111\u00e1ng tin c\u1eady trong ng\u00e0nh m\u00e1y m\u00f3c th\u1ef1c ph\u1ea9m.<\/p>    <h2 class=\"wp-block-heading\">Li\u00ean h\u1ec7 ch\u00fang t\u00f4i<\/h2>    <div class=\"wp-block-buttons is-layout-flex wp-container-core-buttons-is-layout-6b4e3324 wp-block-buttons-is-layout-flex\"> <div class=\"wp-block-button\"><a class=\"wp-block-button__link wp-element-button\" href=\"https:\/\/wa.me\/+8619139761487\" target=\"_blank\" rel=\"noopener\">WhatsApp:  86 19139761487<\/a><\/div>    <div class=\"wp-block-button\"><a class=\"wp-block-button__link wp-element-button\">Email: info@meatprocessingmachine.org<\/a><\/div> <\/div>    <blockquote class=\"wp-block-quote is-layout-flow wp-block-quote-is-layout-flow\"><\/blockquote>    <div class=\"wp-block-buttons is-layout-flex wp-block-buttons-is-layout-flex\"> <div class=\"wp-block-button\"><a class=\"wp-block-button__link wp-element-button\">\u0110\u1ecba ch\u1ec9: \u0110\u01b0\u1eddng Nautical \u0110\u00f4ng, Khu ph\u00e1t tri\u1ec3n kinh t\u1ebf Zhengzhou, Trung Qu\u1ed1c<\/a><\/div> <\/div>    <p><\/p>","protected":false},"excerpt":{"rendered":"<p>C\u00f4ng ty TNHH M\u00e1y m\u00f3c Taizy Zhengzhou l\u00e0 nh\u00e0 s\u1ea3n xu\u1ea5t v\u00e0 xu\u1ea5t kh\u1ea9u chuy\u00ean nghi\u1ec7p, chuy\u00ean v\u1ec1 m\u00e1y m\u00f3c ch\u1ebf bi\u1ebfn th\u1ecbt v\u00e0 gi\u1ea3i ph\u00e1p ch\u1ebf bi\u1ebfn th\u1ef1c ph\u1ea9m t\u00edch h\u1ee3p. N\u1eb1m trong Khu ph\u00e1t tri\u1ec3n kinh t\u1ebf v\u00e0 c\u00f4ng ngh\u1ec7 Zhengzhou, ch\u00fang t\u00f4i k\u1ebft h\u1ee3p nghi\u00ean c\u1ee9u, k\u1ef9 thu\u1eadt, s\u1ea3n xu\u1ea5t v\u00e0 b\u00e1n h\u00e0ng to\u00e0n c\u1ea7u th\u00e0nh m\u1ed9t h\u1ec7 th\u1ed1ng v\u1eadn h\u00e0nh hi\u1ec7u qu\u1ea3.<\/p>","protected":false},"author":1,"featured_media":35273,"parent":0,"menu_order":0,"comment_status":"open","ping_status":"closed","template":"","meta":{"footnotes":""},"class_list":["post-11","page","type-page","status-publish","has-post-thumbnail","hentry"],"_links":{"self":[{"href":"https:\/\/www.meatprocessingmachine.org\/vi\/wp-json\/wp\/v2\/pages\/11","targetHints":{"allow":["GET"]}}],"collection":[{"href":"https:\/\/www.meatprocessingmachine.org\/vi\/wp-json\/wp\/v2\/pages"}],"about":[{"href":"https:\/\/www.meatprocessingmachine.org\/vi\/wp-json\/wp\/v2\/types\/page"}],"author":[{"embeddable":true,"href":"https:\/\/www.meatprocessingmachine.org\/vi\/wp-json\/wp\/v2\/users\/1"}],"replies":[{"embeddable":true,"href":"https:\/\/www.meatprocessingmachine.org\/vi\/wp-json\/wp\/v2\/comments?post=11"}],"version-history":[{"count":17,"href":"https:\/\/www.meatprocessingmachine.org\/vi\/wp-json\/wp\/v2\/pages\/11\/revisions"}],"predecessor-version":[{"id":35299,"href":"https:\/\/www.meatprocessingmachine.org\/vi\/wp-json\/wp\/v2\/pages\/11\/revisions\/35299"}],"wp:featuredmedia":[{"embeddable":true,"href":"https:\/\/www.meatprocessingmachine.org\/vi\/wp-json\/wp\/v2\/media\/35273"}],"wp:attachment":[{"href":"https:\/\/www.meatprocessingmachine.org\/vi\/wp-json\/wp\/v2\/media?parent=11"}],"curies":[{"name":"wp","href":"https:\/\/api.w.org\/{rel}","templated":true}]}}