{"id":1018,"date":"2021-01-16T09:49:03","date_gmt":"2021-01-16T01:49:03","guid":{"rendered":"https:\/\/www.meatprocessingmachine.org\/?p=1018"},"modified":"2024-06-14T16:00:42","modified_gmt":"2024-06-14T08:00:42","slug":"commercial-fish-skinning-machine-for-sale","status":"publish","type":"product","link":"https:\/\/www.meatprocessingmachine.org\/vi\/commercial-fish-skinning-machine-for-sale.html","title":{"rendered":"M\u00e1y l\u00e0m s\u1ea1ch da c\u00e1 th\u01b0\u01a1ng m\u1ea1i \u0111\u1ec3 b\u00e1n"},"content":{"rendered":"<div class=\"kk-star-ratings kksr-auto kksr-align-right kksr-valign-top\"     data-payload='{&quot;align&quot;:&quot;right&quot;,&quot;id&quot;:&quot;1018&quot;,&quot;slug&quot;:&quot;default&quot;,&quot;valign&quot;:&quot;top&quot;,&quot;ignore&quot;:&quot;&quot;,&quot;reference&quot;:&quot;auto&quot;,&quot;class&quot;:&quot;&quot;,&quot;count&quot;:&quot;0&quot;,&quot;legendonly&quot;:&quot;&quot;,&quot;readonly&quot;:&quot;&quot;,&quot;score&quot;:&quot;0&quot;,&quot;starsonly&quot;:&quot;&quot;,&quot;best&quot;:&quot;5&quot;,&quot;gap&quot;:&quot;5&quot;,&quot;greet&quot;:&quot;Rate this product&quot;,&quot;legend&quot;:&quot;0\\\/5 - (0 b\u00ecnh ch\u1ecdn)&quot;,&quot;size&quot;:&quot;24&quot;,&quot;title&quot;:&quot;Commercial fish skinning machine for sale&quot;,&quot;width&quot;:&quot;0&quot;,&quot;_legend&quot;:&quot;{score}\\\/{best} - ({count} {votes})&quot;,&quot;font_factor&quot;:&quot;1.25&quot;}'>              <div class=\"kksr-stars\">      <div class=\"kksr-stars-inactive\">             <div class=\"kksr-star\" data-star=\"1\" style=\"padding-right: 5px\">               <div class=\"kksr-icon\" style=\"width: 24px; height: 24px;\"><\/div>         <\/div>             <div class=\"kksr-star\" data-star=\"2\" style=\"padding-right: 5px\">               <div class=\"kksr-icon\" style=\"width: 24px; height: 24px;\"><\/div>         <\/div>             <div class=\"kksr-star\" data-star=\"3\" style=\"padding-right: 5px\">               <div class=\"kksr-icon\" style=\"width: 24px; height: 24px;\"><\/div>         <\/div>             <div class=\"kksr-star\" data-star=\"4\" style=\"padding-right: 5px\">               <div class=\"kksr-icon\" style=\"width: 24px; height: 24px;\"><\/div>         <\/div>             <div class=\"kksr-star\" data-star=\"5\" style=\"padding-right: 5px\">               <div class=\"kksr-icon\" style=\"width: 24px; height: 24px;\"><\/div>         <\/div>     <\/div>      <div class=\"kksr-stars-active\" style=\"width: 0px;\">             <div class=\"kksr-star\" style=\"padding-right: 5px\">               <div class=\"kksr-icon\" style=\"width: 24px; height: 24px;\"><\/div>         <\/div>             <div class=\"kksr-star\" style=\"padding-right: 5px\">               <div class=\"kksr-icon\" style=\"width: 24px; height: 24px;\"><\/div>         <\/div>             <div class=\"kksr-star\" style=\"padding-right: 5px\">               <div class=\"kksr-icon\" style=\"width: 24px; height: 24px;\"><\/div>         <\/div>             <div class=\"kksr-star\" style=\"padding-right: 5px\">               <div class=\"kksr-icon\" style=\"width: 24px; height: 24px;\"><\/div>         <\/div>             <div class=\"kksr-star\" style=\"padding-right: 5px\">               <div class=\"kksr-icon\" style=\"width: 24px; height: 24px;\"><\/div>         <\/div>     <\/div> <\/div>                   <div class=\"kksr-legend\" style=\"font-size: 19.2px;\">             <span class=\"kksr-muted\">\u0110\u00e1nh gi\u00e1 s\u1ea3n ph\u1ea9m n\u00e0y<\/span>     <\/div>     <\/div>  <p class=\"translation-block\">M\u00e1y l\u1ed9t da c\u00e1 th\u01b0\u01a1ng m\u1ea1i  l\u00e0 m\u1ed9t m\u00e1y \u0111i\u1ec7n \u0111\u01b0\u1ee3c thi\u1ebft k\u1ebf \u0111\u1eb7c bi\u1ec7t \u0111\u1ec3 lo\u1ea1i b\u1ecf da c\u00e1. M\u00e1y n\u00e0y sau khi  lo\u1ea1i b\u1ecf v\u1ea3y c\u00e1 , c\u1eaft \u0111\u1ea7u v\u00e0 \u0111u\u00f4i c\u00e1, v\u00e0 m\u00e1y  b\u1ebb b\u1ee5ng c\u00e1 . M\u00e1y l\u1ed9t da c\u00e1 c\u00f3 th\u1ec3 t\u1ef1 \u0111\u1ed9ng l\u1ed9t v\u1ecf. N\u00f3 c\u00f3 n\u0103ng su\u1ea5t l\u1edbn, hi\u1ec7u qu\u1ea3 l\u1ed9t v\u1ecf cao v\u00e0 t\u1ef7 l\u1ec7 thu ho\u1ea1ch cao.<\/p>    <h2 class=\"wp-block-heading\">Video v\u1ec1 m\u00e1y l\u1ed9t da c\u00e1<\/h2>    <figure class=\"wp-block-embed is-type-video is-provider-youtube wp-block-embed-youtube\"><div class=\"wp-block-embed__wrapper\"> <iframe loading=\"lazy\" title=\"M\u00e1y l\u1ed9t da \u1ed1ng m\u1ef1c, m\u00e1y lo\u1ea1i b\u1ecf da c\u00e1\" width=\"500\" height=\"281\" src=\"https:\/\/www.youtube.com\/embed\/FWiHdkLqavs?feature=oembed\" frameborder=\"0\" allow=\"accelerometer; autoplay; clipboard-write; encrypted-media; gyroscope; picture-in-picture; web-share\" referrerpolicy=\"strict-origin-when-cross-origin\" allowfullscreen><\/iframe> <\/div><figcaption class=\"wp-element-caption\">m\u00e1y l\u1ed9t da c\u00e1<\/figcaption><\/figure>    <h2 class=\"wp-block-heading\" id=\"h-features-of-squid-fish-skinner-machine\">\u0110\u1eb7c \u0111i\u1ec3m c\u1ee7a m\u00e1y l\u1ed9t da m\u1ef1c c\u00e1<\/h2>    <ol class=\"wp-block-list\"> <li>M\u00e1y l\u1ed9t da c\u00e1 l\u00e0m b\u1eb1ng th\u00e9p kh\u00f4ng g\u1ec9, ph\u1ea7n l\u00f5i \u0111\u01b0\u1ee3c x\u1eed l\u00fd nhi\u1ec7t \u0111\u1eb7c bi\u1ec7t, l\u01b0\u1ee1i dao s\u1eafc v\u00e0 b\u1ec1n.<\/li>    <li>D\u1ec5 v\u1eadn h\u00e0nh v\u00e0 b\u1ea3o tr\u00ec, c\u00f3 tu\u1ed5i th\u1ecd d\u00e0i.<\/li>    <li>M\u00e1y l\u1ed9t da c\u00e1 \u0111i\u1ec7n c\u00f3 n\u0103ng su\u1ea5t l\u1edbn, hi\u1ec7u qu\u1ea3 cao v\u00e0 hi\u1ec7u qu\u1ea3 l\u1ed9t v\u1ecf t\u1ed1t.<\/li>    <li>L\u01b0\u1ee1i dao c\u1ee7a m\u00e1y c\u00f3 th\u1ec3 \u0111i\u1ec1u ch\u1ec9nh, do \u0111\u00f3 n\u00f3 ph\u00f9 h\u1ee3p \u0111\u1ec3 l\u1ed9t da nhi\u1ec1u lo\u1ea1i c\u00e1 kh\u00e1c nhau.<\/li> <\/ol>    <h2 class=\"wp-block-heading\" id=\"h-fish-skinning-machine-parameters\">Th\u00f4ng s\u1ed1 k\u1ef9 thu\u1eadt c\u1ee7a m\u00e1y l\u1ed9t da c\u00e1<\/h2>    <ul class=\"wp-block-list\"> <li>C\u00f4ng su\u1ea5t: 0.75kW<\/li>    <li>\u0110i\u1ec7n \u00e1p: 380V<\/li>    <li>Tr\u1ecdng l\u01b0\u1ee3ng: 120KG<\/li>    <li>K\u00edch th\u01b0\u1edbc: 620*630*900MM<\/li>    <li>T\u1ed1c \u0111\u1ed9 x\u1eed l\u00fd: 40-80 chi\u1ebfc\/ph\u00fat<\/li>    <li>C\u00f4ng su\u1ea5t: 2000-2500KG\/H<\/li> <\/ul>    <p>Th\u1ee9c \u0103n cho c\u00e1 d\u00e0y trong v\u00f2ng 3cm, chi\u1ec1u r\u1ed9ng th\u1ee9c \u0103n cho c\u00e1 trong v\u00f2ng 40cm.<\/p>    <h2 class=\"wp-block-heading\" id=\"h-commercial-fish-skinner-machine-application\">\u1ee8ng d\u1ee5ng m\u00e1y l\u1ed9t da c\u00e1 th\u01b0\u01a1ng m\u1ea1i<\/h2>    <p class=\"translation-block\">M\u00e1y l\u1ed9t da c\u00e1 \u0111\u01b0\u1ee3c \u1ee9ng d\u1ee5ng r\u1ed9ng r\u00e3i \u0111\u1ec3 l\u1ed9t da c\u00e1 tuy\u1ebft, c\u00e1 tra, <a href=\"https:\/\/en.wikipedia.org\/wiki\/Salmon\" target=\"_blank\" rel=\"noopener\">c\u00e1 h\u1ed3i<\/a>, c\u00e1 tr\u00ea, v\u00e0 c\u00e1c lo\u1ea1i c\u00e1 kh\u00e1c. M\u00e1y c\u0169ng \u0111\u01b0\u1ee3c s\u1eed d\u1ee5ng ph\u1ed5 bi\u1ebfn \u0111\u1ec3 l\u1ed9t da m\u1ef1c. Ph\u00f9 h\u1ee3p cho c\u00e1c c\u00f4ng ty th\u1ee7y s\u1ea3n, nh\u00e0 m\u00e1y ch\u1ebf bi\u1ebfn th\u1ef1c ph\u1ea9m v\u00e0 c\u00e1c doanh nghi\u1ec7p d\u1ecbch v\u1ee5 \u0103n u\u1ed1ng.<\/p>    <h2 class=\"wp-block-heading\" id=\"h-fish-skinning-machine-parameters\">L\u00e0m th\u1ebf n\u00e0o \u0111\u1ec3 s\u1eed d\u1ee5ng m\u00e1y \u0111\u1ec3 lo\u1ea1i b\u1ecf da c\u00e1?<\/h2>    <p>M\u00e1y l\u1ed9t da c\u00e1 h\u1ed3i t\u1ef1 \u0111\u1ed9ng d\u1ec5 v\u1eadn h\u00e0nh. B\u1ea1n ch\u1ec9 c\u1ea7n \u0111\u1eb7t c\u00e1 v\u00e0o c\u1eeda c\u1ea5p li\u1ec7u v\u00e0 m\u00e1y s\u1ebd t\u1ef1 \u0111\u1ed9ng ho\u00e0n th\u00e0nh c\u00f4ng vi\u1ec7c l\u1ed9t da. Tr\u01b0\u1edbc khi s\u1eed d\u1ee5ng m\u00e1y n\u00e0y \u0111\u1ec3 l\u1ed9t, b\u1ea1n n\u00ean s\u1eed d\u1ee5ng m\u00e1y ch\u1ebf bi\u1ebfn c\u00e1 \u0111\u1ec3 c\u1eaft c\u00e1 th\u00e0nh t\u1eebng \u0111o\u1ea1n. <\/p>    <p>N\u1ebfu nguy\u00ean li\u1ec7u c\u1ee7a b\u1ea1n l\u00e0 c\u00e1 nguy\u00ean con, b\u1ea1n c\u1ea7n s\u1eed d\u1ee5ng m\u00e1y ch\u1ebf bi\u1ebfn c\u00e1 \u0111\u1ec3 x\u1eed l\u00fd. N\u00f3 bao g\u1ed3m m\u00e1y lo\u1ea1i b\u1ecf v\u1ea3y, m\u00e1y c\u1eaft b\u1ee5ng c\u00e1, m\u00e1y c\u1eaft \u0111\u1ea7u v\u00e0 \u0111u\u00f4i c\u00e1. Qua c\u00e1c b\u01b0\u1edbc tr\u00ean, b\u1ea1n s\u1ebd c\u00f3 m\u1ed9t mi\u1ebfng c\u00e1. Sau \u0111\u00f3 \u0111\u1eb7t m\u1eb7t da xu\u1ed1ng \u0111\u1ec3 l\u1ed9t v\u1ecf. <\/p>    <h2 class=\"wp-block-heading\" id=\"h-precautions-when-using-the-fish-skin-peeling-machine\">C\u00e1c l\u01b0u \u00fd khi s\u1eed d\u1ee5ng m\u00e1y l\u1ed9t da c\u00e1<\/h2>    <ol class=\"wp-block-list\"> <li>Khi s\u1eed d\u1ee5ng m\u00e1y l\u1ed9t da c\u00e1 n\u00e0y \u0111\u1ec3 lo\u1ea1i b\u1ecf da c\u00e1, c\u1ea7n th\u1ef1c hi\u1ec7n trong m\u00f4i tr\u01b0\u1eddng c\u00f3 n\u01b0\u1edbc \u0111\u1ec3 \u0111\u1ea3m b\u1ea3o hi\u1ec7u qu\u1ea3 l\u1ed9t v\u1ecf. K\u1ebft n\u1ed1i \u1ed1ng n\u01b0\u1edbc v\u1edbi van n\u01b0\u1edbc c\u1ee7a m\u00e1y. Sau \u0111\u00f3, b\u1eadt ngu\u1ed3n \u0111\u1ec3 ki\u1ec3m tra xem ngu\u1ed3n cung c\u1ea5p n\u01b0\u1edbc c\u00f3 b\u00ecnh th\u01b0\u1eddng kh\u00f4ng. V\u00e0 \u0111\u1ea3m b\u1ea3o b\u1eadt c\u00f4ng t\u1eafc c\u1ea5p n\u01b0\u1edbc c\u1ee7a m\u00e1y khi l\u1ed9t v\u1ecf.<\/li>    <li>Sau khi s\u1eed d\u1ee5ng m\u1ed9t th\u1eddi gian, m\u1edf n\u1eafp l\u01b0\u1ee1i dao \u0111\u1ec3 x\u00e1c nh\u1eadn t\u00ecnh tr\u1ea1ng m\u00f2n c\u1ee7a l\u01b0\u1ee1i dao. N\u1ebfu c\u1ea7n thay l\u01b0\u1ee1i dao, m\u1edf n\u1eafp l\u01b0\u1ee1i dao v\u00e0 thay tr\u1ef1c ti\u1ebfp.<\/li>    <li>N\u1ebfu c\u1ea7n \u0111i\u1ec1u ch\u1ec9nh l\u01b0\u1ee1i dao l\u00ean xu\u1ed1ng, s\u1eed d\u1ee5ng c\u1edd l\u00ea \u0111\u1ec3 th\u00e1o v\u00edt tr\u00ean tr\u00e1i v\u00e0 ph\u1ea3i c\u1ee7a gi\u00e1 \u0111\u1ee1 dao \u0111\u1ec3 \u0111i\u1ec1u ch\u1ec9nh kho\u1ea3ng c\u00e1ch gi\u1eefa l\u01b0\u1ee1i dao v\u00e0 tr\u1ed1ng. L\u01b0u \u00fd r\u1eb1ng kho\u1ea3ng c\u00e1ch gi\u1eefa l\u01b0\u1ee1i dao v\u00e0 tr\u1ed1ng c\u1ea7n ph\u00f9 h\u1ee3p, qu\u00e1 l\u1edbn ho\u1eb7c qu\u00e1 nh\u1ecf s\u1ebd \u1ea3nh h\u01b0\u1edfng tr\u1ef1c ti\u1ebfp \u0111\u1ebfn hi\u1ec7u qu\u1ea3 l\u1ed9t v\u1ecf.<\/li>    <li>Sau m\u1ed7i l\u1ea7n s\u1eed d\u1ee5ng m\u00e1y l\u1ed9t da c\u00e1, vui l\u00f2ng l\u00e0m s\u1ea1ch m\u00e1y b\u1eb1ng n\u01b0\u1edbc s\u1ea1ch. N\u1ebfu kh\u00f4ng s\u1eed d\u1ee5ng m\u00e1y trong th\u1eddi gian d\u00e0i, h\u00e3y \u0111\u1eb7t m\u00e1y \u1edf n\u01a1i kh\u00f4 r\u00e1o v\u00e0 tho\u00e1ng m\u00e1t.<\/li> <\/ol>","protected":false},"excerpt":{"rendered":"<p>The commercial fish skinning machine is widely used in peeling salmon, squid, and other species of fish. It needs to use machines such as descaler, fish opener, and other machines to process the fish into segments before using the machine.<\/p>","protected":false},"author":1,"featured_media":1021,"parent":0,"template":"","product-type":[584],"class_list":["post-1018","product","type-product","status-publish","has-post-thumbnail","hentry","product-type-fish"],"_links":{"self":[{"href":"https:\/\/www.meatprocessingmachine.org\/vi\/wp-json\/wp\/v2\/product\/1018","targetHints":{"allow":["GET"]}}],"collection":[{"href":"https:\/\/www.meatprocessingmachine.org\/vi\/wp-json\/wp\/v2\/product"}],"about":[{"href":"https:\/\/www.meatprocessingmachine.org\/vi\/wp-json\/wp\/v2\/types\/product"}],"author":[{"embeddable":true,"href":"https:\/\/www.meatprocessingmachine.org\/vi\/wp-json\/wp\/v2\/users\/1"}],"wp:featuredmedia":[{"embeddable":true,"href":"https:\/\/www.meatprocessingmachine.org\/vi\/wp-json\/wp\/v2\/media\/1021"}],"wp:attachment":[{"href":"https:\/\/www.meatprocessingmachine.org\/vi\/wp-json\/wp\/v2\/media?parent=1018"}],"wp:term":[{"taxonomy":"product-type","embeddable":true,"href":"https:\/\/www.meatprocessingmachine.org\/vi\/wp-json\/wp\/v2\/product-type?post=1018"}],"curies":[{"name":"wp","href":"https:\/\/api.w.org\/{rel}","templated":true}]}}