{"id":1024,"date":"2021-01-16T11:15:01","date_gmt":"2021-01-16T03:15:01","guid":{"rendered":"https:\/\/www.meatprocessingmachine.org\/?p=1024"},"modified":"2024-06-12T17:42:31","modified_gmt":"2024-06-12T09:42:31","slug":"commercial-fish-head-tail-cutting-machine-cutter-machine","status":"publish","type":"product","link":"https:\/\/www.meatprocessingmachine.org\/vi\/commercial-fish-head-tail-cutting-machine-cutter-machine.html","title":{"rendered":"M\u00e1y c\u1eaft \u0111\u1ea7u \u0111u\u00f4i c\u00e1 th\u01b0\u01a1ng m\u1ea1i | m\u00e1y c\u1eaft c\u00e1"},"content":{"rendered":"<div class=\"kk-star-ratings kksr-auto kksr-align-right kksr-valign-top\"     data-payload='{&quot;align&quot;:&quot;right&quot;,&quot;id&quot;:&quot;1024&quot;,&quot;slug&quot;:&quot;default&quot;,&quot;valign&quot;:&quot;top&quot;,&quot;ignore&quot;:&quot;&quot;,&quot;reference&quot;:&quot;auto&quot;,&quot;class&quot;:&quot;&quot;,&quot;count&quot;:&quot;0&quot;,&quot;legendonly&quot;:&quot;&quot;,&quot;readonly&quot;:&quot;&quot;,&quot;score&quot;:&quot;0&quot;,&quot;starsonly&quot;:&quot;&quot;,&quot;best&quot;:&quot;5&quot;,&quot;gap&quot;:&quot;5&quot;,&quot;greet&quot;:&quot;Rate this product&quot;,&quot;legend&quot;:&quot;0\\\/5 - (0 b\u00ecnh ch\u1ecdn)&quot;,&quot;size&quot;:&quot;24&quot;,&quot;title&quot;:&quot;Commercial fish head tail cutting machine | fish cutter machine&quot;,&quot;width&quot;:&quot;0&quot;,&quot;_legend&quot;:&quot;{score}\\\/{best} - ({count} {votes})&quot;,&quot;font_factor&quot;:&quot;1.25&quot;}'>              <div class=\"kksr-stars\">      <div class=\"kksr-stars-inactive\">             <div class=\"kksr-star\" data-star=\"1\" style=\"padding-right: 5px\">               <div class=\"kksr-icon\" style=\"width: 24px; height: 24px;\"><\/div>         <\/div>             <div class=\"kksr-star\" data-star=\"2\" style=\"padding-right: 5px\">               <div class=\"kksr-icon\" style=\"width: 24px; height: 24px;\"><\/div>         <\/div>             <div class=\"kksr-star\" data-star=\"3\" style=\"padding-right: 5px\">               <div class=\"kksr-icon\" style=\"width: 24px; height: 24px;\"><\/div>         <\/div>             <div class=\"kksr-star\" data-star=\"4\" style=\"padding-right: 5px\">               <div class=\"kksr-icon\" style=\"width: 24px; height: 24px;\"><\/div>         <\/div>             <div class=\"kksr-star\" data-star=\"5\" style=\"padding-right: 5px\">               <div class=\"kksr-icon\" style=\"width: 24px; height: 24px;\"><\/div>         <\/div>     <\/div>      <div class=\"kksr-stars-active\" style=\"width: 0px;\">             <div class=\"kksr-star\" style=\"padding-right: 5px\">               <div class=\"kksr-icon\" style=\"width: 24px; height: 24px;\"><\/div>         <\/div>             <div class=\"kksr-star\" style=\"padding-right: 5px\">               <div class=\"kksr-icon\" style=\"width: 24px; height: 24px;\"><\/div>         <\/div>             <div class=\"kksr-star\" style=\"padding-right: 5px\">               <div class=\"kksr-icon\" style=\"width: 24px; height: 24px;\"><\/div>         <\/div>             <div class=\"kksr-star\" style=\"padding-right: 5px\">               <div class=\"kksr-icon\" style=\"width: 24px; height: 24px;\"><\/div>         <\/div>             <div class=\"kksr-star\" style=\"padding-right: 5px\">               <div class=\"kksr-icon\" style=\"width: 24px; height: 24px;\"><\/div>         <\/div>     <\/div> <\/div>                   <div class=\"kksr-legend\" style=\"font-size: 19.2px;\">             <span class=\"kksr-muted\">\u0110\u00e1nh gi\u00e1 s\u1ea3n ph\u1ea9m n\u00e0y<\/span>     <\/div>     <\/div>  <p>M\u00e1y c\u1eaft \u0111\u1ea7u c\u00e1 t\u1ef1 \u0111\u1ed9ng (m\u00e1y c\u1eaft \u0111u\u00f4i c\u00e1) c\u00f3 th\u1ec3 d\u1ec5 d\u00e0ng c\u1eaft b\u1ecf \u0111\u1ea7u v\u00e0 \u0111u\u00f4i c\u1ee7a c\u00e1 to\u00e0n b\u1ed9. M\u00e1y c\u1eaft \u0111\u1ea7u v\u00e0 \u0111u\u00f4i c\u00e1 th\u01b0\u01a1ng m\u1ea1i c\u00f3 th\u1ec3 \u0111i\u1ec1u ch\u1ec9nh v\u1ecb tr\u00ed c\u1eaft t\u1ef1 do theo k\u00edch th\u01b0\u1edbc c\u1ee7a c\u00e1. <\/p>    <p>It also can control the size of the cut fish head and tail according to the customer&#8217;s cutting requirements, and the cut is flat. The machine is widely applied in aquatic product processing plants, fish processing companies, and large-scale catering industries.<\/p>    <h2 class=\"wp-block-heading\">Video v\u1ec1 m\u00e1y c\u1eaft \u0111\u1ea7u c\u00e1<\/h2>    <figure class=\"wp-block-embed is-type-video is-provider-youtube wp-block-embed-youtube\"><div class=\"wp-block-embed__wrapper\"> <iframe loading=\"lazy\" title=\"m\u00e1y c\u1eaft c\u00e1 \/ m\u00e1y c\u1eaft \u0111\u1ea7u \u0111u\u00f4i c\u00e1 th\u01b0\u01a1ng m\u1ea1i\" width=\"500\" height=\"281\" src=\"https:\/\/www.youtube.com\/embed\/vZMgufB1i88?start=23&#038;feature=oembed\" frameborder=\"0\" allow=\"accelerometer; autoplay; clipboard-write; encrypted-media; gyroscope; picture-in-picture; web-share\" referrerpolicy=\"strict-origin-when-cross-origin\" allowfullscreen><\/iframe> <\/div><figcaption class=\"wp-element-caption\">m\u00e1y c\u1eaft \u0111\u1ea7u c\u00e1 <\/figcaption><\/figure>    <h2 class=\"wp-block-heading\" id=\"h-commercial-fish-head-cutting-machine-features\">T\u00ednh n\u0103ng c\u1ee7a m\u00e1y c\u1eaft \u0111\u1ea7u c\u00e1 th\u01b0\u01a1ng m\u1ea1i<\/h2>    <ol class=\"wp-block-list\"> <li>M\u00e1y c\u1eaft \u0111\u1ea7u c\u00e1 th\u01b0\u01a1ng m\u1ea1i c\u00f3 th\u1ec3 ho\u1ea1t \u0111\u1ed9ng li\u00ean t\u1ee5c. Ch\u1ec9 c\u1ea7n \u0111\u1eb7t c\u00e1 l\u00ean b\u0103ng chuy\u1ec1n \u0111\u1ec3 c\u1eaft. M\u00e1y c\u00f3 th\u1ec3 c\u1eaft 2500kg c\u00e1 m\u1ed7i ng\u00e0y.<\/li>    <li>M\u00e1y c\u1eaft c\u00e1 c\u00f3 thi\u1ebft k\u1ebf th\u00e2n ph\u1eb3ng, gi\u00fap c\u1eaft \u1ed5n \u0111\u1ecbnh v\u00e0 ph\u1ea7n c\u00e1 c\u1eaft ra ph\u1eb3ng.<\/li>    <li>To\u00e0n b\u1ed9 m\u00e1y s\u1eed d\u1ee5ng v\u1eadt li\u1ec7u \u0111\u1ea1t ti\u00eau chu\u1ea9n an to\u00e0n th\u1ef1c ph\u1ea9m <a href=\"https:\/\/en.wikipedia.org\/wiki\/Stainless_steel\" target=\"_blank\" rel=\"noopener\">th\u00e9p kh\u00f4ng g\u1ec9<\/a> d\u1ec5 d\u00e0ng v\u1ec7 sinh v\u00e0 b\u1ea3o tr\u00ec.<\/li>    <li>It is equipped&nbsp;with a saw band pressing device, the saw band presses the fish&#8217;s body tightly when cutting, so the fish will not move left and right.<\/li>    <li>M\u00e1y c\u1eaft \u0111\u1ea7u v\u00e0 \u0111u\u00f4i c\u00e1 t\u1ef1 \u0111\u1ed9ng c\u00f3 kh\u1ea3 n\u0103ng ch\u1ed1ng n\u01b0\u1edbc xu\u1ea5t s\u1eafc, d\u1ec5 v\u1ec7 sinh, an to\u00e0n v\u00e0 v\u1ec7 sinh.<\/li> <\/ol>    <figure class=\"wp-block-image size-large\"><img loading=\"lazy\" decoding=\"async\" width=\"720\" height=\"540\" src=\"https:\/\/www.meatprocessingmachine.org\/wp-content\/uploads\/2021\/01\/electric-fish-tail-cutting-machine.jpg\" alt=\"electric fish tail cutting machine\" class=\"wp-image-1030\" title=\"\" srcset=\"https:\/\/www.meatprocessingmachine.org\/wp-content\/uploads\/2021\/01\/electric-fish-tail-cutting-machine.jpg 720w, https:\/\/www.meatprocessingmachine.org\/wp-content\/uploads\/2021\/01\/electric-fish-tail-cutting-machine-300x225.jpg 300w\" sizes=\"auto, (max-width: 720px) 100vw, 720px\" \/><figcaption class=\"wp-element-caption\">M\u00e1y c\u1eaft \u0111u\u00f4i c\u00e1 \u0111i\u1ec7n<\/figcaption><\/figure>    <h2 class=\"wp-block-heading\" id=\"h-why-need-to-remove-fish-head-and-fish-tail\">T\u1ea1i sao c\u1ea7n lo\u1ea1i b\u1ecf \u0111\u1ea7u v\u00e0 \u0111u\u00f4i c\u00e1?<\/h2>    <p>Do nhu c\u1ea7u n\u1ea5u \u0103n, nhi\u1ec1u kh\u00e1ch h\u00e0ng s\u1ebd mua c\u00e1 \u0111\u00e3 qua \u0111\u00f3ng g\u00f3i v\u00e0 c\u1eaft t\u1eeb ch\u1ee3 c\u00e1, si\u00eau th\u1ecb, v.v. C\u00e1 n\u00e0y \u0111\u00e3 qua nh\u00e0 ch\u1ebf bi\u1ebfn c\u00e1 \u0111\u1ec3 lo\u1ea1i b\u1ecf \u0111\u1ea7u v\u00e0 \u0111u\u00f4i.<\/p>    <figure class=\"wp-block-image size-large\"><img loading=\"lazy\" decoding=\"async\" width=\"720\" height=\"540\" src=\"https:\/\/www.meatprocessingmachine.org\/wp-content\/uploads\/2021\/01\/fish-without-fish-head-and-tail.jpg\" alt=\"fish without fish head and tail\" class=\"wp-image-1027\" title=\"\" srcset=\"https:\/\/www.meatprocessingmachine.org\/wp-content\/uploads\/2021\/01\/fish-without-fish-head-and-tail.jpg 720w, https:\/\/www.meatprocessingmachine.org\/wp-content\/uploads\/2021\/01\/fish-without-fish-head-and-tail-300x225.jpg 300w\" sizes=\"auto, (max-width: 720px) 100vw, 720px\" \/><figcaption class=\"wp-element-caption\">C\u00e1 Kh\u00f4ng C\u00f3 \u0110\u1ea7u V\u00e0 \u0110u\u00f4i C\u00e1<\/figcaption><\/figure>    <p>It reduces the end customer&#8217;s procedures for handling fish. The end customer only needs to simply process the head and tail fish to make dishes. And for places like restaurants that need to process large quantities of fish, it improves production efficiency. Therefore, this automatic fish head cutting machine can increase the efficiency of making dishes and reduce manual use.<\/p>    <h2 class=\"wp-block-heading\" id=\"h-how-to-operate-the-fish-tail-cutter-machine\">L\u00e0m th\u1ebf n\u00e0o \u0111\u1ec3 v\u1eadn h\u00e0nh m\u00e1y c\u1eaft \u0111u\u00f4i c\u00e1?<\/h2>    <p>M\u00e1y c\u1eaft \u0111\u1ea7u \u0111u\u00f4i c\u00e1 t\u1ef1 \u0111\u1ed9ng ch\u1ee7 y\u1ebfu d\u00f9ng \u0111\u1ec3 c\u1eaft c\u00e1 l\u1edbn v\u00e0 v\u1eeba. N\u00f3 ph\u00f9 h\u1ee3p \u0111\u1ec3 c\u1eaft t\u1ea5t c\u1ea3 c\u00e1c lo\u1ea1i c\u00e1. Tr\u01b0\u1edbc khi c\u1eaft c\u00e1, b\u1ea1n c\u00f3 th\u1ec3 s\u1eed d\u1ee5ng m\u00e1y lo\u1ea1i b\u1ecf v\u1ea3y c\u00e1 \u0111\u1ec3 lo\u1ea1i b\u1ecf v\u1ea3y c\u00e1. Khi c\u1eaft, ch\u1ec9 c\u1ea7n b\u1eadt m\u00e1y v\u00e0 \u0111\u1eb7t c\u00e1 l\u00ean b\u0103ng chuy\u1ec1n. B\u0103ng chuy\u1ec1n s\u1ebd t\u1ef1 \u0111\u1ed9ng v\u1eadn chuy\u1ec3n c\u00e1 \u0111\u1ebfn v\u1ecb tr\u00ed c\u1eaft \u0111\u1ec3 c\u1eaft. H\u01a1n n\u1eefa, kh\u00e1ch h\u00e0ng c\u00f3 th\u1ec3 \u0111i\u1ec1u ch\u1ec9nh k\u00edch th\u01b0\u1edbc c\u1ee7a \u0111\u1ea7u v\u00e0 \u0111u\u00f4i c\u00e1 sau khi c\u1eaft theo nhu c\u1ea7u c\u1eaft c\u1ee7a h\u1ecd.<\/p>    <figure class=\"wp-block-image size-large\"><img loading=\"lazy\" decoding=\"async\" width=\"720\" height=\"540\" src=\"https:\/\/www.meatprocessingmachine.org\/wp-content\/uploads\/2021\/01\/automatic-fish-head-cutting-machine.jpg\" alt=\"automatic fish head cutting machine\" class=\"wp-image-1028\" title=\"\" srcset=\"https:\/\/www.meatprocessingmachine.org\/wp-content\/uploads\/2021\/01\/automatic-fish-head-cutting-machine.jpg 720w, https:\/\/www.meatprocessingmachine.org\/wp-content\/uploads\/2021\/01\/automatic-fish-head-cutting-machine-300x225.jpg 300w\" sizes=\"auto, (max-width: 720px) 100vw, 720px\" \/><figcaption class=\"wp-element-caption\">M\u00e1y c\u1eaft \u0111\u1ea7u c\u00e1 t\u1ef1 \u0111\u1ed9ng<\/figcaption><\/figure>    <h2 class=\"wp-block-heading\">C\u00e1c m\u00e1y ch\u1ebf bi\u1ebfn c\u00e1 li\u00ean quan c\u1ee7a ch\u00fang t\u00f4i<\/h2>    <div class=\"wp-block-columns is-layout-flex wp-container-core-columns-is-layout-9d6595d7 wp-block-columns-is-layout-flex\"> <div class=\"wp-block-column is-layout-flow wp-block-column-is-layout-flow\"> <figure class=\"wp-block-image size-full\"><a href=\"https:\/\/www.meatprocessingmachine.org\/vi\/fish-drying-machine-hot-air-circulation-drying-machine.html\/\"><img loading=\"lazy\" decoding=\"async\" width=\"720\" height=\"540\" src=\"https:\/\/www.meatprocessingmachine.org\/wp-content\/uploads\/2021\/01\/industrial-fish-drying-machine.jpg\" alt=\"M\u00e1y s\u1ea5y c\u00e1 c\u00f4ng nghi\u1ec7p\" class=\"wp-image-1066\" title=\"\" srcset=\"https:\/\/www.meatprocessingmachine.org\/wp-content\/uploads\/2021\/01\/industrial-fish-drying-machine.jpg 720w, https:\/\/www.meatprocessingmachine.org\/wp-content\/uploads\/2021\/01\/industrial-fish-drying-machine-300x225.jpg 300w\" sizes=\"auto, (max-width: 720px) 100vw, 720px\" \/><\/a><figcaption class=\"wp-element-caption\"><a href=\"https:\/\/www.meatprocessingmachine.org\/vi\/fish-drying-machine-hot-air-circulation-drying-machine.html\/\" data-type=\"link\" data-id=\"https:\/\/www.meatprocessingmachine.org\/fish-drying-machine-hot-air-circulation-drying-machine.html\">M\u00e1y s\u1ea5y c\u00e1 c\u00f4ng nghi\u1ec7p<\/a><\/figcaption><\/figure> <\/div>    <div class=\"wp-block-column is-layout-flow wp-block-column-is-layout-flow\"> <figure class=\"wp-block-image size-full is-resized\"><a href=\"https:\/\/www.meatprocessingmachine.org\/vi\/fish-debone-machine-fish-meat-and-bone-separator-machine.html\/\"><img loading=\"lazy\" decoding=\"async\" width=\"720\" height=\"540\" src=\"https:\/\/www.meatprocessingmachine.org\/wp-content\/uploads\/2020\/12\/fish-debone-Factory-inventory1.png\" alt=\"M\u00e1y l\u1ecdc x\u01b0\u01a1ng c\u00e1\" class=\"wp-image-1818\" style=\"width:275px;height:auto\" title=\"\" srcset=\"https:\/\/www.meatprocessingmachine.org\/wp-content\/uploads\/2020\/12\/fish-debone-Factory-inventory1.png 720w, https:\/\/www.meatprocessingmachine.org\/wp-content\/uploads\/2020\/12\/fish-debone-Factory-inventory1-300x225.png 300w\" sizes=\"auto, (max-width: 720px) 100vw, 720px\" \/><\/a><figcaption class=\"wp-element-caption\"><a href=\"https:\/\/www.meatprocessingmachine.org\/vi\/fish-debone-machine-fish-meat-and-bone-separator-machine.html\/\" data-type=\"link\" data-id=\"https:\/\/www.meatprocessingmachine.org\/fish-debone-machine-fish-meat-and-bone-separator-machine.html\">M\u00e1y l\u1ecdc x\u01b0\u01a1ng c\u00e1<\/a><\/figcaption><\/figure> <\/div>    <div class=\"wp-block-column is-layout-flow wp-block-column-is-layout-flow\"> <figure class=\"wp-block-image size-full\"><a href=\"https:\/\/www.meatprocessingmachine.org\/vi\/fish-fillet-machine-fish-slicing-machine.html\/\"><img loading=\"lazy\" decoding=\"async\" width=\"720\" height=\"540\" src=\"https:\/\/www.meatprocessingmachine.org\/wp-content\/uploads\/2023\/11\/fish-fillet-machine-3.webp\" alt=\"m\u00e1y fillet c\u00e1\" class=\"wp-image-34340\" title=\"\" srcset=\"https:\/\/www.meatprocessingmachine.org\/wp-content\/uploads\/2023\/11\/fish-fillet-machine-3.webp 720w, https:\/\/www.meatprocessingmachine.org\/wp-content\/uploads\/2023\/11\/fish-fillet-machine-3-300x225.webp 300w\" sizes=\"auto, (max-width: 720px) 100vw, 720px\" \/><\/a><figcaption class=\"wp-element-caption\"><a href=\"https:\/\/www.meatprocessingmachine.org\/vi\/fish-fillet-machine-fish-slicing-machine.html\/\">m\u00e1y fillet c\u00e1<\/a><\/figcaption><\/figure> <\/div> <\/div>","protected":false},"excerpt":{"rendered":"<p>The automatic fish head and tail cutting machine can adjust the size of the cut fish head and tail according to requirements. The machine reduces manual operations and produces a larger output.<\/p>","protected":false},"author":1,"featured_media":1026,"parent":0,"template":"","product-type":[584],"class_list":["post-1024","product","type-product","status-publish","has-post-thumbnail","hentry","product-type-fish"],"_links":{"self":[{"href":"https:\/\/www.meatprocessingmachine.org\/vi\/wp-json\/wp\/v2\/product\/1024","targetHints":{"allow":["GET"]}}],"collection":[{"href":"https:\/\/www.meatprocessingmachine.org\/vi\/wp-json\/wp\/v2\/product"}],"about":[{"href":"https:\/\/www.meatprocessingmachine.org\/vi\/wp-json\/wp\/v2\/types\/product"}],"author":[{"embeddable":true,"href":"https:\/\/www.meatprocessingmachine.org\/vi\/wp-json\/wp\/v2\/users\/1"}],"wp:featuredmedia":[{"embeddable":true,"href":"https:\/\/www.meatprocessingmachine.org\/vi\/wp-json\/wp\/v2\/media\/1026"}],"wp:attachment":[{"href":"https:\/\/www.meatprocessingmachine.org\/vi\/wp-json\/wp\/v2\/media?parent=1024"}],"wp:term":[{"taxonomy":"product-type","embeddable":true,"href":"https:\/\/www.meatprocessingmachine.org\/vi\/wp-json\/wp\/v2\/product-type?post=1024"}],"curies":[{"name":"wp","href":"https:\/\/api.w.org\/{rel}","templated":true}]}}