{"id":103,"date":"2018-10-25T06:18:36","date_gmt":"2018-10-24T22:18:36","guid":{"rendered":"http:\/\/www.meatprocessingmachine.org\/?p=103"},"modified":"2022-08-15T09:50:35","modified_gmt":"2022-08-15T01:50:35","slug":"vegetable-and-meat-cutter-and-mixer","status":"publish","type":"product","link":"https:\/\/www.meatprocessingmachine.org\/vi\/vegetable-and-meat-cutter-and-mixer.html","title":{"rendered":"M\u00e1y xay th\u1ecbt trong b\u00e1t | m\u00e1y c\u1eaft rau c\u1ee7 v\u00e0 m\u00e1y tr\u1ed9n th\u1ecbt"},"content":{"rendered":"<div class=\"kk-star-ratings kksr-auto kksr-align-right kksr-valign-top\"     data-payload='{&quot;align&quot;:&quot;right&quot;,&quot;id&quot;:&quot;103&quot;,&quot;slug&quot;:&quot;default&quot;,&quot;valign&quot;:&quot;top&quot;,&quot;ignore&quot;:&quot;&quot;,&quot;reference&quot;:&quot;auto&quot;,&quot;class&quot;:&quot;&quot;,&quot;count&quot;:&quot;0&quot;,&quot;legendonly&quot;:&quot;&quot;,&quot;readonly&quot;:&quot;&quot;,&quot;score&quot;:&quot;0&quot;,&quot;starsonly&quot;:&quot;&quot;,&quot;best&quot;:&quot;5&quot;,&quot;gap&quot;:&quot;5&quot;,&quot;greet&quot;:&quot;Rate this product&quot;,&quot;legend&quot;:&quot;0\\\/5 - (0 b\u00ecnh ch\u1ecdn)&quot;,&quot;size&quot;:&quot;24&quot;,&quot;title&quot;:&quot;Meat bowl chopper | meat vegetable cutter and mixer&quot;,&quot;width&quot;:&quot;0&quot;,&quot;_legend&quot;:&quot;{score}\\\/{best} - ({count} {votes})&quot;,&quot;font_factor&quot;:&quot;1.25&quot;}'>              <div class=\"kksr-stars\">      <div class=\"kksr-stars-inactive\">             <div class=\"kksr-star\" data-star=\"1\" style=\"padding-right: 5px\">               <div class=\"kksr-icon\" style=\"width: 24px; height: 24px;\"><\/div>         <\/div>             <div class=\"kksr-star\" data-star=\"2\" style=\"padding-right: 5px\">               <div class=\"kksr-icon\" style=\"width: 24px; height: 24px;\"><\/div>         <\/div>             <div class=\"kksr-star\" data-star=\"3\" style=\"padding-right: 5px\">               <div class=\"kksr-icon\" style=\"width: 24px; height: 24px;\"><\/div>         <\/div>             <div class=\"kksr-star\" data-star=\"4\" style=\"padding-right: 5px\">               <div class=\"kksr-icon\" style=\"width: 24px; height: 24px;\"><\/div>         <\/div>             <div class=\"kksr-star\" data-star=\"5\" style=\"padding-right: 5px\">               <div class=\"kksr-icon\" style=\"width: 24px; height: 24px;\"><\/div>         <\/div>     <\/div>      <div class=\"kksr-stars-active\" style=\"width: 0px;\">             <div class=\"kksr-star\" style=\"padding-right: 5px\">               <div class=\"kksr-icon\" style=\"width: 24px; height: 24px;\"><\/div>         <\/div>             <div class=\"kksr-star\" style=\"padding-right: 5px\">               <div class=\"kksr-icon\" style=\"width: 24px; height: 24px;\"><\/div>         <\/div>             <div class=\"kksr-star\" style=\"padding-right: 5px\">               <div class=\"kksr-icon\" style=\"width: 24px; height: 24px;\"><\/div>         <\/div>             <div class=\"kksr-star\" style=\"padding-right: 5px\">               <div class=\"kksr-icon\" style=\"width: 24px; height: 24px;\"><\/div>         <\/div>             <div class=\"kksr-star\" style=\"padding-right: 5px\">               <div class=\"kksr-icon\" style=\"width: 24px; height: 24px;\"><\/div>         <\/div>     <\/div> <\/div>                   <div class=\"kksr-legend\" style=\"font-size: 19.2px;\">             <span class=\"kksr-muted\">\u0110\u00e1nh gi\u00e1 s\u1ea3n ph\u1ea9m n\u00e0y<\/span>     <\/div>     <\/div>  <p>M\u00e1y c\u1eaft rau c\u1ee7 v\u00e0 th\u1ecbt c\u00f3 th\u1ec3 c\u1eaft rau ho\u1eb7c th\u1ecbt th\u00e0nh c\u00e1c h\u1ea1t m\u1ecbn, c\u00f3 th\u1ec3 d\u00f9ng \u0111\u1ec3 c\u1eaft nh\u1ecf rau v\u00e0 l\u00e0m nhuy\u1ec5n th\u1ecbt. M\u00e1y xay th\u1ecbt c\u00f3 ch\u1ee9c n\u0103ng c\u1eaft, tr\u1ed9n v\u00e0 khu\u1ea5y. M\u00e1y xay th\u1ecbt c\u00f3 th\u1ec3 \u0111\u00f3ng vai tr\u00f2 l\u00e0 tr\u1ee3 th\u1ee7 trong qu\u00e1 tr\u00ecnh ch\u1ebf bi\u1ebfn th\u1ef1c ph\u1ea9m. C\u00f3 th\u1ec3 s\u1eed d\u1ee5ng trong c\u0103ng tin, nh\u00e0 h\u00e0ng, nh\u00e0 m\u00e1y ch\u1ebf bi\u1ebfn x\u00fac x\u00edch, nh\u00e0 m\u00e1y ch\u1ebf bi\u1ebfn b\u00e1nh m\u00ec k\u1eb9p th\u1ecbt.<\/p>   <h2><strong>Gi\u1edbi thi\u1ec7u v\u1ec1 m\u00e1y c\u1eaft rau c\u1ee7 v\u00e0 th\u1ecbt, m\u00e1y xay<\/strong><\/h2> <p>M\u00e1y c\u1eaft v\u00e0 tr\u1ed9n rau c\u1ee7 v\u00e0 th\u1ecbt l\u00e0 m\u1ed9t thi\u1ebft k\u1ebf m\u1edbi v\u1edbi truy\u1ec1n \u0111\u1ed9ng turbine v\u00e0 b\u00e1nh r\u0103ng tr\u1ee5c v\u00edt, gi\u00fap c\u1ea5u tr\u00fac tr\u1edf n\u00ean nh\u1ecf g\u1ecdn h\u01a1n. Th\u00e2n c\u1ee7a m\u00e1y c\u1eaft rau c\u1ee7 v\u00e0 th\u1ecbt, t\u1ea5t c\u1ea3 c\u00e1c v\u1eadt li\u1ec7u \u0111\u1ec1u l\u00e0m b\u1eb1ng th\u00e9p kh\u00f4ng g\u1ec9, b\u1ec1n v\u00e0 \u0111\u1eb9p v\u1ec1 h\u00ecnh d\u1ea1ng. B\u1ed9 gi\u1ea3m t\u1ed1c c\u1ee7a m\u00e1y c\u1eaft th\u1ecbt g\u1ed3m h\u1ee3p kim nh\u00f4m ch\u1ea5t l\u01b0\u1ee3ng cao v\u00e0 b\u00e1nh r\u0103ng tr\u1ee5c v\u00edt \u0111\u1ed3ng cao c\u1ea5p.<\/p> <p><span class=\"transSent\" data-group=\"0-1\">N\u00f3 kh\u00f4ng ch\u1ec9 c\u00f3 th\u1ec3 c\u1eaft nh\u1ecf th\u1ecbt, th\u1ecbt b\u0103m v\u00e0 c\u00e1c nguy\u00ean li\u1ec7u ch\u00ednh kh\u00e1c, m\u00e0 c\u00f2n c\u00f3 th\u1ec3 c\u1eaft c\u00e1c nguy\u00ean li\u1ec7u kh\u00e1c;<\/span><span class=\"transSent\" data-group=\"0-2\">N\u01b0\u1edbc, \u0111\u00e1, gia v\u1ecb v\u00e0 ph\u1ee5 ki\u1ec7n (ch\u1ea5t \u0111\u1ed9n) \u0111\u01b0\u1ee3c tr\u1ed9n v\u1edbi b\u1ecdt th\u1ecbt \u0111\u1ec3 t\u1ea1o th\u00e0nh s\u1eefa m\u1ecbn.<\/span><span class=\"transSent\" data-group=\"0-3\">\u0110\u1eb7c bi\u1ec7t qua qu\u00e1 tr\u00ecnh nh\u0169 h\u00f3a, \u0111\u1ed9 \u0111\u1eb7c v\u00e0 \u0111\u1ed9 \u0111\u00e0n h\u1ed3i c\u1ee7a c\u00e1c s\u1ea3n ph\u1ea9m ru\u1ed9t \u0111\u01b0\u1ee3c n\u00e2ng cao r\u00f5 r\u1ec7t.<\/span><span class=\"transSent\" data-group=\"0-4\">T\u1ed1c \u0111\u1ed9 dao cao v\u00e0 th\u1ea5p c\u00f9ng v\u1edbi b\u00e1nh xe \u0111i\u1ec1u ch\u1ec9nh t\u1ed1c \u0111\u1ed9 kh\u00f4ng b\u01b0\u1edbc c\u00f3 th\u1ec3 \u0111\u01b0\u1ee3c ch\u1ecdn \u0111\u1ec3 th\u1ef1c hi\u1ec7n c\u1eaft nh\u1ecf v\u00e0 tr\u1ed9n, xay th\u1ecbt, tr\u1ed9n v\u00e0 nh\u0169 h\u00f3a ho\u00e0n ch\u1ec9nh trong m\u1ed9t qu\u00e1 tr\u00ecnh x\u1eed l\u00fd.<\/span><\/p> <figure id=\"attachment_32664\" aria-describedby=\"caption-attachment-32664\" style=\"width: 720px\" class=\"wp-caption alignnone\"><img loading=\"lazy\" decoding=\"async\" class=\"size-full wp-image-32664\" src=\"https:\/\/www.meatprocessingmachine.org\/wp-content\/uploads\/2018\/10\/vegetable-meat-cutter-and-mixer.png\" alt=\"vegetable meat cutter and mixer\" width=\"720\" height=\"540\" title=\"\" srcset=\"https:\/\/www.meatprocessingmachine.org\/wp-content\/uploads\/2018\/10\/vegetable-meat-cutter-and-mixer.png 720w, https:\/\/www.meatprocessingmachine.org\/wp-content\/uploads\/2018\/10\/vegetable-meat-cutter-and-mixer-300x225.png 300w\" sizes=\"auto, (max-width: 720px) 100vw, 720px\" \/><figcaption id=\"caption-attachment-32664\" class=\"wp-caption-text\">Vegetable Meat Cutting Machine&Nbsp;<\/figcaption><\/figure> <h2>\u1ee8ng d\u1ee5ng c\u1ee7a m\u00e1y c\u1eaft rau c\u1ee7 v\u00e0 th\u1ecbt<\/h2> <p class=\"translation-block\">M\u00e1y c\u1eaft rau c\u1ee7 v\u00e0 th\u1ecbt c\u00f3 th\u1ec3 x\u1eed l\u00fd th\u1ecbt, c\u00e1, tr\u00e1i c\u00e2y, rau qu\u1ea3, h\u1ea1t v\u00e0 h\u1ea3i s\u1ea3n, \u0111\u1eb7c bi\u1ec7t trong ch\u1ebf bi\u1ebfn th\u1ecbt, r\u1ea5t ti\u1ec7n l\u1ee3i. Nh\u1eefng th\u1ef1c ph\u1ea9m n\u00e0y c\u00f3 th\u1ec3 \u0111\u01b0\u1ee3c c\u1eaft th\u00e0nh h\u1ea1t ho\u1eb7c nhuy\u1ec5n. \u0110\u1ed9 d\u00e0y c\u1ee7a qu\u00e1 tr\u00ecnh ch\u1ebf bi\u1ebfn th\u1ef1c ph\u1ea9m li\u00ean quan \u0111\u1ebfn th\u1eddi gian, v\u00e0 c\u1ea7n \u0111i\u1ec1u ch\u1ec9nh theo s\u1ea3n xu\u1ea5t c\u1ee7a ch\u00ednh m\u00ecnh. C\u00f3 th\u1ec3 d\u00f9ng \u0111\u1ec3 l\u00e0m x\u00fac x\u00edch, vi\u00ean th\u1ecbt, b\u00e1nh patties, v\u00e0 d\u1ee5ng c\u1ee5 c\u1eaft rau c\u1ee7. T\u1ea5t nhi\u00ean, n\u1ebfu b\u1ea1n c\u1ea7n tr\u1ed9n nhi\u1ec1u th\u1ecbt c\u00f9ng l\u00fac, b\u1ea1n c\u0169ng c\u00f3 th\u1ec3 d\u00f9ng <a href=\"https:\/\/www.meatprocessingmachine.org\/vi\/good-quality-meat-food-stuffing-mixer.html\/\">m\u00e1y xay th\u1ecbt<\/a>.<\/p>   <figure class=\"wp-block-image\"><img decoding=\"async\" src=\"http:\/\/www.meatprocessingmachine.org\/wp-content\/uploads\/2018\/10\/vegetable-and-meat-cutter09106.jpg\" alt=\"\" title=\"\"><\/figure>    <h2 class=\"wp-block-heading\">T\u1ea1i sao s\u1eed d\u1ee5ng m\u00e1y xay th\u1ecbt trong n\u1ed3i?<\/h2>    <p>Tr\u01b0\u1edbc ti\u00ean, hi\u1ec7u qu\u1ea3 l\u00e0m vi\u1ec7c c\u1ee7a m\u00e1y c\u1eaft rau c\u1ee7 v\u00e0 th\u1ecbt l\u00e0 cao. M\u00e1y c\u00f3 th\u1ec3 ho\u00e0n th\u00e0nh c\u00f4ng vi\u1ec7c ch\u1ebf bi\u1ebfn th\u1ecbt trong v\u00e0i ph\u00fat, v\u00e0 hi\u1ec7u qu\u1ea3 l\u00e0m vi\u1ec7c \u0111\u01b0\u1ee3c c\u1ea3i thi\u1ec7n r\u00f5 r\u1ec7t sau khi s\u1eed d\u1ee5ng m\u00e1y. Th\u1ee9 hai, c\u1ea5u tr\u00fac c\u1ee7a n\u1ed3i xay th\u1ecbt r\u1ea5t tinh x\u1ea3o. T\u1ed1c \u0111\u1ed9 dao, t\u1ed1c \u0111\u1ed9 n\u1ed3i, v\u00e0 kho\u1ea3ng c\u00e1ch gi\u1eefa dao v\u00e0 n\u1ed3i c\u00f3 th\u1ec3 \u0111\u1ea1t \u0111\u01b0\u1ee3c s\u1ef1 k\u1ebft h\u1ee3p t\u1ed1i \u01b0u \u0111\u1ec3 s\u1ea3n ph\u1ea9m xay c\u00f3 \u0111\u1ed9 m\u1ecbn t\u1ed1t, nhi\u1ec7t \u0111\u1ed9 t\u0103ng \u00edt, v\u00e0 th\u1eddi gian xay ng\u1eafn, \u0111\u1eb7c bi\u1ec7t l\u00e0 \u0111\u1ed9 m\u1ecbn v\u00e0 \u0111\u00e0n h\u1ed3i c\u1ee7a s\u1ea3n ph\u1ea9m x\u00fac x\u00edch. T\u0103ng c\u01b0\u1eddng t\u1ed1i \u0111a \u0111\u1ed9 \u0111\u00e0n h\u1ed3i v\u00e0 \u0111\u1ed9 m\u1ecbn c\u1ee7a s\u1ea3n ph\u1ea9m th\u1ecbt. Ngo\u00e0i ra, m\u00e1y c\u00f2n c\u00f3 nhi\u1ec1u ch\u1ee9c n\u0103ng. M\u00e1y kh\u00f4ng ch\u1ec9 c\u1eaft th\u1ecbt m\u00e0 c\u00f2n c\u00f3 th\u1ec3 cho gia v\u1ecb v\u00e0 c\u00e1c lo\u1ea1i gia v\u1ecb kh\u00e1c theo tr\u00ecnh t\u1ef1 ch\u1ebf bi\u1ebfn th\u1ef1c ph\u1ea9m. Qu\u00e1 tr\u00ecnh xay c\u00f2n ho\u00e0n th\u00e0nh b\u01b0\u1edbc \u01b0\u1edbp th\u1ecbt, ti\u1ebft ki\u1ec7m th\u1eddi gian.<\/p>    <figure class=\"wp-block-gallery has-nested-images columns-default is-cropped wp-block-gallery-2 is-layout-flex wp-block-gallery-is-layout-flex\"> <figure class=\"wp-block-image size-large\"><img loading=\"lazy\" decoding=\"async\" width=\"286\" height=\"220\" data-id=\"32665\" src=\"https:\/\/www.meatprocessingmachine.org\/wp-content\/uploads\/2018\/10\/meat-bowel-chopper-1.png\" alt=\"meat bowl chopper\" class=\"wp-image-32665\" title=\"\"><figcaption>N\u1ed3i xay th\u1ecbt <\/figcaption><\/figure>    <figure class=\"wp-block-image size-large\"><img loading=\"lazy\" decoding=\"async\" width=\"286\" height=\"220\" data-id=\"32666\" src=\"https:\/\/www.meatprocessingmachine.org\/wp-content\/uploads\/2018\/10\/meat-bowel-chopper-.png\" alt=\"meat bowl chopper\" class=\"wp-image-32666\" title=\"\"><figcaption>N\u1ed3i xay th\u1ecbt<\/figcaption><\/figure> <\/figure>    <h2 class=\"wp-block-heading\" id=\"h-specification-of-meat-vegetable-cutter-and-mixer\">Th\u00f4ng s\u1ed1 k\u1ef9 thu\u1eadt c\u1ee7a m\u00e1y c\u1eaft rau c\u1ee7 v\u00e0 th\u1ecbt<\/h2>    <figure class=\"wp-block-table\"><table><tbody><tr><td><strong>M\u1eabu m\u00e3<\/strong><\/td><td><strong>SL-20<\/strong><\/td><td><strong>SL-40<\/strong><\/td><td><strong>SL-80<\/strong><\/td><td><strong>SL-125<\/strong><\/td><td><strong>SL-200<\/strong><\/td><\/tr><tr><td><strong>C\u00f4ng su\u1ea5t x\u1eed l\u00fd (kg\/l\u1ea7n)<\/strong><\/td><td><strong>10-15<\/strong><\/td><td><strong>20-30<\/strong><\/td><td><strong>40-50<\/strong><\/td><td><strong>70-80<\/strong><\/td><td><strong>100-140<\/strong><\/td><\/tr><tr><td><strong>Dung t\u00edch n\u1ed3i (L)<\/strong><\/td><td><strong>20<\/strong><\/td><td><strong>40<\/strong><\/td><td><strong>80<\/strong><\/td><td><strong>125<\/strong><\/td><td><strong>200<\/strong><\/td><\/tr><tr><td><strong>C\u00f4ng su\u1ea5t (KW)<\/strong><\/td><td><strong>2.55<\/strong><\/td><td><strong>6.25<\/strong><\/td><td><strong>23<\/strong><\/td><td><strong>27<\/strong><\/td><td><strong>63<\/strong><\/td><\/tr><tr><td><strong>S\u1ed1 l\u01b0\u1ee3ng t\u1ec7p<\/strong><\/td><td><strong>3<\/strong><\/td><td><strong>3<\/strong><\/td><td><strong>6<\/strong><\/td><td><strong>6<\/strong><\/td><td><strong>6<\/strong><\/td><\/tr><tr><td><strong>T\u1ed1c \u0111\u1ed9 c\u1ee7a n\u1ed3i c\u1eaft (r\/ph\u00fat)<\/strong><\/td><td><strong>16<\/strong><\/td><td><strong>12<\/strong><\/td><td><strong>8\/12<\/strong><\/td><td><strong>8\/12<\/strong><\/td><td><strong>8\/12\/16<\/strong><\/td><\/tr><tr><td><strong>T\u1ed1c \u0111\u1ed9 t\u1ec7p (r\/ph\u00fat)<\/strong><\/td><td><strong>1650\/3300<\/strong><\/td><td><strong>1800\/3600<\/strong><\/td><td><strong>126\/1800\/3600<\/strong><\/td><td><strong>126\/1800\/3600<\/strong><\/td><td><strong>200\/1900*3800<\/strong><\/td><\/tr><tr><td><strong>K\u00edch th\u01b0\u1edbc (r\/ph\u00fat)<\/strong><\/td><td><strong>770*650*980<\/strong><\/td><td><strong>1245*810*1094<\/strong><\/td><td><strong>2300*1020*1195<\/strong><\/td><td><strong>2400*1420*1300<\/strong><\/td><td><strong>2580*2400*1960<\/strong><\/td><\/tr><tr><td><strong>Tr\u1ecdng l\u01b0\u1ee3ng (KG)<\/strong><\/td><td><strong>215<\/strong><\/td><td><strong>480<\/strong><\/td><td><strong>1100<\/strong><\/td><td><strong>1300<\/strong><\/td><td><strong>&nbsp;3800<\/strong><\/td><\/tr><tr><td><strong>Ngu\u1ed3n \u0111i\u1ec7n<\/strong><\/td><td><strong>380V<\/strong><\/td><td><strong>380V<\/strong><\/td><td><strong>380V<\/strong><\/td><td><strong>380V<\/strong><\/td><td><strong>380V<\/strong><\/td><\/tr><\/tbody><\/table><\/figure>    <p>Tr\u00ean \u0111\u00e2y l\u00e0 b\u1ea3ng th\u00f4ng s\u1ed1 c\u1ee7a m\u00e1y xay nh\u1ecf. C\u00f3 th\u1ec3 th\u1ea5y t\u1eeb b\u1ea3ng r\u1eb1ng m\u00e1y c\u00f3 n\u0103m m\u1eabu. M\u1eabu c\u1ee7a m\u00e1y \u0111\u01b0\u1ee3c \u0111\u00e1nh s\u1ed1 theo th\u1ec3 t\u00edch c\u1ee7a n\u1ed3i. Th\u1ec3 t\u00edch nh\u1ecf nh\u1ea5t l\u00e0 20L, l\u1edbn nh\u1ea5t l\u00e0 200L. K\u00edch th\u01b0\u1edbc c\u1ee7a m\u00e1y kh\u00e1c nhau, t\u1ed1c \u0111\u1ed9 dao khi c\u1eaft th\u1ecbt c\u0169ng kh\u00e1c nhau, v\u00e0 c\u00e1c m\u00e1y l\u1edbn h\u01a1n c\u00f3 c\u00e1c b\u00e1nh r\u0103ng kh\u00e1c nhau \u0111\u1ec3 \u0111i\u1ec1u ch\u1ec9nh.<\/p>    <figure class=\"wp-block-image is-resized\"><img loading=\"lazy\" decoding=\"async\" src=\"http:\/\/www.meatprocessingmachine.org\/wp-content\/uploads\/2018\/10\/vegetable-and-meat-cutter08105.jpg\" alt=\"M\u00e1y c\u1eaft rau c\u1ee7 v\u00e0 th\u1ecbt\" width=\"840\" height=\"853\" title=\"\"><figcaption>M\u00e1y c\u1eaft v\u00e0 tr\u1ed9n rau c\u1ee7 v\u00e0 th\u1ecbt<\/figcaption><\/figure>    <h2 class=\"wp-block-heading\">Nguy\u00ean l\u00fd ho\u1ea1t \u0111\u1ed9ng c\u1ee7a m\u00e1y c\u1eaft th\u1ecbt rau c\u1ee7, m\u00e1y tr\u1ed9n v\u00e0 m\u00e1y xay <\/h2>    <p>S\u1eed d\u1ee5ng h\u00e0nh \u0111\u1ed9ng xay c\u1ee7a dao quay t\u1ed1c \u0111\u1ed9 cao, c\u00e1c nguy\u00ean li\u1ec7u ch\u00ednh nh\u01b0 th\u1ecbt, th\u1ecbt b\u0103m, m\u1ee1 \u0111\u01b0\u1ee3c xay nh\u1ecf th\u00e0nh nh\u00e2n th\u1ecbt ho\u1eb7c nhuy\u1ec5n th\u1ecbt, v\u00e0 c\u00e1c nguy\u00ean li\u1ec7u kh\u00e1c nh\u01b0 n\u01b0\u1edbc, borneol, v\u00e0 ph\u1ee5 gia \u0111\u01b0\u1ee3c tr\u1ed9n \u0111\u1ec1u.<\/p>    <h2 class=\"wp-block-heading\">C\u00e1c \u0111\u1eb7c \u0111i\u1ec3m c\u1ee7a m\u00e1y c\u1eaft rau c\u1ee7 v\u00e0 th\u1ecbt<\/h2>    <p>1. B\u1ed9 bi\u1ebfn t\u1ea7n v\u00e0 \u0111\u1ed9ng c\u01a1 bi\u1ebfn t\u1ea7n \u0111\u01b0\u1ee3c ch\u1ecdn sao cho t\u1ed1c \u0111\u1ed9 c\u1eaft c\u00f3 th\u1ec3 \u0111i\u1ec1u ch\u1ec9nh t\u00f9y \u00fd trong kho\u1ea3ng 300-4500 rpm, l\u01b0\u1ee1i dao s\u1eafc, v\u00e0 ho\u1ea1t \u0111\u1ed9ng t\u1ed1c \u0111\u1ed9 cao \u1ed5n \u0111\u1ecbnh. M\u00e1y c\u00f3 ti\u1ebfng \u1ed3n th\u1ea5p, hi\u1ec7u qu\u1ea3 cao.<\/p>    <p>2. M\u00e1y xay th\u1ecbt l\u00e0m b\u1eb1ng v\u1eadt li\u1ec7u nh\u1eadp kh\u1ea9u v\u00e0 gia c\u00f4ng b\u1eb1ng k\u1ef9 thu\u1eadt, v\u00e0 m\u00e1y xay th\u1ecbt \u0111\u01b0\u1ee3c h\u00ecnh th\u00e0nh t\u1ea1i m\u1ed9t ch\u1ed7 b\u1eb1ng trung t\u00e2m gia c\u00f4ng. N\u00f3 l\u00e0m b\u1eb1ng th\u00e9p kh\u00f4ng g\u1ec9 to\u00e0n b\u1ed9 v\u00e0 c\u00f3 m\u00e9p n\u1ed3i ch\u1ed1ng tr\u00e0n \u0111\u1ec3 ng\u0103n ch\u1eb7n r\u00f2 r\u1ec9 v\u00e0 tr\u00e0n v\u1eadt li\u1ec7u.<\/p>    <p>3. N\u1ed3i xay c\u00f3 hai t\u1ed1c \u0111\u1ed9, c\u00f3 th\u1ec3 ph\u00f9 h\u1ee3p v\u1edbi dao xay \u1edf b\u1ea5t k\u1ef3 t\u1ed1c \u0111\u1ed9 n\u00e0o, th\u1eddi gian xay v\u00e0 tr\u1ed9n ng\u1eafn, v\u00e0 nhi\u1ec7t \u0111\u1ed9 c\u1ee7a v\u1eadt li\u1ec7u \u00edt t\u0103ng.<\/p>    <p>4. Trong qu\u00e1 tr\u00ecnh v\u1eadn h\u00e0nh t\u1ed1c \u0111\u1ed9 cao, ho\u1ea1t \u0111\u1ed9ng \u1ed5n \u0111\u1ecbnh v\u00e0 kh\u00f4ng g\u00e2y ti\u1ebfng \u1ed3n, kho\u1ea3ng c\u00e1ch gi\u1eefa m\u00e1y xay v\u00e0 m\u00e1y xay nh\u1ecf h\u01a1n 1,5mm \u0111\u1ec3 \u0111\u1ea3m b\u1ea3o hi\u1ec7u qu\u1ea3 xay.<\/p>    <p>6. \u0110\u01b0\u1ee3c trang b\u1ecb b\u1ed9 x\u1ea3, vi\u1ec7c x\u1ea3 thu\u1eadn ti\u1ec7n v\u00e0 s\u1ea1ch s\u1ebd. M\u00e1y xay c\u00f3 th\u1ec3 x\u1eed l\u00fd s\u00e2u c\u00e1c lo\u1ea1i th\u1ecbt, tr\u00e1i c\u00e2y, rau c\u1ee7, h\u1ea3i s\u1ea3n, v\u00e0 gia v\u1ecb. T\u1ed1c \u0111\u1ed9 quay cao c\u1ee7a dao c\u00f3 th\u1ec3 r\u00fat ng\u1eafn th\u1eddi gian v\u1eadn h\u00e0nh, gi\u1ea3m sinh nhi\u1ec7t c\u1ee7a v\u1eadt li\u1ec7u, v\u00e0 gi\u1eef m\u00e0u c\u1ee7a nh\u00e2n.<\/p>    <figure class=\"wp-block-image size-full\"><img loading=\"lazy\" decoding=\"async\" width=\"720\" height=\"340\" src=\"https:\/\/www.meatprocessingmachine.org\/wp-content\/uploads\/2018\/10\/Meat-vegetable-cutter-and-mixer.png\" alt=\"M\u00e1y c\u1eaft rau c\u1ee7 v\u00e0 th\u1ecbt\" class=\"wp-image-32668\" title=\"\" srcset=\"https:\/\/www.meatprocessingmachine.org\/wp-content\/uploads\/2018\/10\/Meat-vegetable-cutter-and-mixer.png 720w, https:\/\/www.meatprocessingmachine.org\/wp-content\/uploads\/2018\/10\/Meat-vegetable-cutter-and-mixer-300x142.png 300w\" sizes=\"auto, (max-width: 720px) 100vw, 720px\" \/><figcaption>M\u00e1y c\u1eaft v\u00e0 tr\u1ed9n rau c\u1ee7 v\u00e0 th\u1ecbt<\/figcaption><\/figure>    <h2 class=\"wp-block-heading\">C\u1ea5u tr\u00fac c\u1ee7a m\u00e1y xay th\u1ecbt<\/h2>    <p>M\u00e1y c\u1eaft rau c\u1ee7 v\u00e0 th\u1ecbt g\u1ed3m c\u00f3 n\u1ed3i xay, tr\u1ee5c dao, khung, v\u00e0 h\u1ec7 th\u1ed1ng \u0111i\u1ec1u khi\u1ec3n \u0111i\u1ec7n. N\u1ed3i c\u1eaft \u0111\u01b0\u1ee3c quay b\u1eb1ng \u0111\u1ed9ng c\u01a1 qua b\u1ed9 gi\u1ea3m t\u1ed1c v\u00e0 c\u1ea5p li\u00ean t\u1ee5c nh\u00f3m dao. Tr\u1ee5c dao \u0111\u01b0\u1ee3c truy\u1ec1n \u0111\u1ed9ng b\u1edfi \u0111\u1ed9ng c\u01a1 hai t\u1ed1c \u0111\u1ed9 (ho\u1eb7c \u0111\u1ed9ng c\u01a1 bi\u1ebfn t\u1ea7n) \u0111\u1ec3 quay v\u1edbi t\u1ed1c \u0111\u1ed9 cao qua d\u00e2y \u0111ai. Trong khi nguy\u00ean li\u1ec7u trong n\u1ed3i c\u1eaft theo h\u00ecnh xo\u1eafn \u1ed1c, ch\u00fang b\u1ecb khu\u1ea5y v\u00e0 c\u1eaft nh\u1ecf b\u1edfi nh\u00f3m dao \u0111\u1ec3 lo\u1ea1i b\u1ecf kh\u00f4ng kh\u00ed trong th\u1ecbt b\u0103m. Nh\u1edd t\u1ed1c \u0111\u1ed9 xay cao c\u1ee7a dao, t\u1ef7 l\u1ec7 t\u00e1ch n\u01b0\u1edbc v\u00e0 d\u1ecbch c\u1ee7a s\u1ea3n ph\u1ea9m gi\u1ea3m, v\u00e0 \u0111\u1ed9 \u0111\u00e0n h\u1ed3i c\u00f9ng \u0111\u1ed9 m\u1ecbn c\u1ee7a s\u1ea3n ph\u1ea9m \u0111\u01b0\u1ee3c n\u00e2ng cao.<\/p>    <h2 class=\"wp-block-heading\">Y\u00eau c\u1ea7u s\u1eed d\u1ee5ng s\u1ea3n ph\u1ea9m m\u00e1y c\u1eaft rau c\u1ee7 v\u00e0 th\u1ecbt<\/h2>    <figure class=\"wp-block-image size-full\"><img loading=\"lazy\" decoding=\"async\" width=\"720\" height=\"540\" src=\"https:\/\/www.meatprocessingmachine.org\/wp-content\/uploads\/2018\/10\/Meat-vegetable-cutter-and-mixer-1.png\" alt=\"M\u00e1y c\u1eaft rau c\u1ee7 v\u00e0 th\u1ecbt\" class=\"wp-image-32669\" title=\"\" srcset=\"https:\/\/www.meatprocessingmachine.org\/wp-content\/uploads\/2018\/10\/Meat-vegetable-cutter-and-mixer-1.png 720w, https:\/\/www.meatprocessingmachine.org\/wp-content\/uploads\/2018\/10\/Meat-vegetable-cutter-and-mixer-1-300x225.png 300w\" sizes=\"auto, (max-width: 720px) 100vw, 720px\" \/><figcaption>M\u00e1y c\u1eaft v\u00e0 tr\u1ed9n th\u1ecbt<\/figcaption><\/figure>    <p>1. Gi\u1eef cho b\u00ean trong c\u1ee7a n\u1ed3i quay s\u1ea1ch s\u1ebd, tuy\u1ec7t \u0111\u1ed1i kh\u00f4ng \u0111\u1ec3 \u0111\u1ed3 \u0111\u1ea1c l\u1ed9n x\u1ed9n.&nbsp;<\/p>    <p>2. Che n\u1ed3i tr\u01b0\u1edbc khi b\u1eaft \u0111\u1ea7u xay. N\u1ebfu kh\u00f4ng, m\u00e1y xay kh\u00f4ng th\u1ec3 ho\u1ea1t \u0111\u1ed9ng b\u00ecnh th\u01b0\u1eddng.&nbsp;<\/p>    <p>3. N\u1ebfu c\u00f3 ph\u00edch c\u1eafm c\u01b0\u1ee3c trong qu\u00e1 tr\u00ecnh c\u1ea5p li\u1ec7u, kh\u00f4ng v\u00e0o trong n\u1ed3i quay \u0111\u1ec3 \u1ea5n v\u1eadt li\u1ec7u b\u1eb1ng tay, n\u1ebfu kh\u00f4ng s\u1ebd nguy hi\u1ec3m khi g\u1eb7p dao quay. N\u1ebfu \u0111\u1ed9ng c\u01a1 quay c\u1ee7a n\u1ed3i r\u00f5 r\u00e0ng b\u1ecb qu\u00e1 t\u1ea3i, n\u00ean gi\u1ea3m t\u1ed1c \u0111\u1ed9 quay c\u1ee7a n\u1ed3i v\u00e0 gi\u1ea3m t\u1ed1c \u0111\u1ed9 dao.&nbsp;<\/p>    <p>4. \u0110\u1ec3 tr\u00e1nh hi\u1ec7n t\u01b0\u1ee3ng k\u1eb9t th\u1ecbt trong n\u1ed3i quay, kh\u00f4ng th\u00eam qu\u00e1 nhi\u1ec1u v\u1eadt li\u1ec7u c\u00f9ng l\u00fac khi c\u1ea5p li\u1ec7u. Trong qu\u00e1 tr\u00ecnh v\u1eadn h\u00e0nh, c\u1ea7n th\u00eam n\u01b0\u1edbc ph\u00f9 h\u1ee3p.&nbsp;<\/p>    <p>5. Ch\u00fa \u00fd ch\u1ed1ng \u1ea9m v\u00e0 ch\u1ed1ng n\u01b0\u1edbc, \u0111\u1eb7c bi\u1ec7t l\u00e0 h\u1ed9p ph\u00e2n ph\u1ed1i, kh\u00f4ng r\u1eeda b\u1eb1ng n\u01b0\u1edbc \u00e1p l\u1ef1c cao.<\/p>    <h2 class=\"wp-block-heading\">Video v\u1ec1 m\u00e1y c\u1eaft rau c\u1ee7 v\u00e0 th\u1ecbt<\/h2>    <figure class=\"wp-block-embed is-type-video is-provider-youtube wp-block-embed-youtube\"><div class=\"wp-block-embed__wrapper\"> <iframe loading=\"lazy\" title=\"M\u00e1y xay v\u00e0 c\u1eaft rau c\u1ee7 v\u00e0 th\u1ecbt t\u1ed1t nh\u1ea5t | M\u00e1y c\u1eaft v\u00e0 xay chili | M\u00e1y xay v\u00e0 nghi\u1ec1n\" width=\"500\" height=\"281\" src=\"https:\/\/www.youtube.com\/embed\/COlE_tG9eAs?feature=oembed\" frameborder=\"0\" allow=\"accelerometer; autoplay; clipboard-write; encrypted-media; gyroscope; picture-in-picture; web-share\" referrerpolicy=\"strict-origin-when-cross-origin\" allowfullscreen><\/iframe> <\/div><figcaption>m\u00e1y c\u1eaft rau c\u1ee7 v\u00e0 th\u1ecbt<\/figcaption><\/figure>","protected":false},"excerpt":{"rendered":"<p>ables and making meat into a puree. The meat bowl chopper has functions such as cutting, mixing, and stirring. Meat bowl choppers can act as helpers in the food processing process. Can be used in canteens, restaurants, sausage processing plants, hamburger patties processing plants.<\/p>","protected":false},"author":1,"featured_media":32707,"parent":0,"template":"","product-type":[589],"class_list":["post-103","product","type-product","status-publish","has-post-thumbnail","hentry","product-type-meat-cutting-machine"],"_links":{"self":[{"href":"https:\/\/www.meatprocessingmachine.org\/vi\/wp-json\/wp\/v2\/product\/103","targetHints":{"allow":["GET"]}}],"collection":[{"href":"https:\/\/www.meatprocessingmachine.org\/vi\/wp-json\/wp\/v2\/product"}],"about":[{"href":"https:\/\/www.meatprocessingmachine.org\/vi\/wp-json\/wp\/v2\/types\/product"}],"author":[{"embeddable":true,"href":"https:\/\/www.meatprocessingmachine.org\/vi\/wp-json\/wp\/v2\/users\/1"}],"wp:featuredmedia":[{"embeddable":true,"href":"https:\/\/www.meatprocessingmachine.org\/vi\/wp-json\/wp\/v2\/media\/32707"}],"wp:attachment":[{"href":"https:\/\/www.meatprocessingmachine.org\/vi\/wp-json\/wp\/v2\/media?parent=103"}],"wp:term":[{"taxonomy":"product-type","embeddable":true,"href":"https:\/\/www.meatprocessingmachine.org\/vi\/wp-json\/wp\/v2\/product-type?post=103"}],"curies":[{"name":"wp","href":"https:\/\/api.w.org\/{rel}","templated":true}]}}