{"id":128,"date":"2018-10-25T06:51:15","date_gmt":"2018-10-24T22:51:15","guid":{"rendered":"http:\/\/www.meatprocessingmachine.org\/?p=128"},"modified":"2026-02-12T16:41:13","modified_gmt":"2026-02-12T08:41:13","slug":"sausage-binding-tying-machine","status":"publish","type":"product","link":"https:\/\/www.meatprocessingmachine.org\/vi\/sausage-binding-tying-machine.html","title":{"rendered":"M\u00e1y bu\u1ed9c x\u00fac x\u00edch"},"content":{"rendered":"<div class=\"kk-star-ratings kksr-auto kksr-align-right kksr-valign-top\"     data-payload='{&quot;align&quot;:&quot;right&quot;,&quot;id&quot;:&quot;128&quot;,&quot;slug&quot;:&quot;default&quot;,&quot;valign&quot;:&quot;top&quot;,&quot;ignore&quot;:&quot;&quot;,&quot;reference&quot;:&quot;auto&quot;,&quot;class&quot;:&quot;&quot;,&quot;count&quot;:&quot;0&quot;,&quot;legendonly&quot;:&quot;&quot;,&quot;readonly&quot;:&quot;&quot;,&quot;score&quot;:&quot;0&quot;,&quot;starsonly&quot;:&quot;&quot;,&quot;best&quot;:&quot;5&quot;,&quot;gap&quot;:&quot;5&quot;,&quot;greet&quot;:&quot;Rate this product&quot;,&quot;legend&quot;:&quot;0\\\/5 - (0 b\u00ecnh ch\u1ecdn)&quot;,&quot;size&quot;:&quot;24&quot;,&quot;title&quot;:&quot;Sausage Binding Wire Machine&quot;,&quot;width&quot;:&quot;0&quot;,&quot;_legend&quot;:&quot;{score}\\\/{best} - ({count} {votes})&quot;,&quot;font_factor&quot;:&quot;1.25&quot;}'>              <div class=\"kksr-stars\">      <div class=\"kksr-stars-inactive\">             <div class=\"kksr-star\" data-star=\"1\" style=\"padding-right: 5px\">               <div class=\"kksr-icon\" style=\"width: 24px; height: 24px;\"><\/div>         <\/div>             <div class=\"kksr-star\" data-star=\"2\" style=\"padding-right: 5px\">               <div class=\"kksr-icon\" style=\"width: 24px; height: 24px;\"><\/div>         <\/div>             <div class=\"kksr-star\" data-star=\"3\" style=\"padding-right: 5px\">               <div class=\"kksr-icon\" style=\"width: 24px; height: 24px;\"><\/div>         <\/div>             <div class=\"kksr-star\" data-star=\"4\" style=\"padding-right: 5px\">               <div class=\"kksr-icon\" style=\"width: 24px; height: 24px;\"><\/div>         <\/div>             <div class=\"kksr-star\" data-star=\"5\" style=\"padding-right: 5px\">               <div class=\"kksr-icon\" style=\"width: 24px; height: 24px;\"><\/div>         <\/div>     <\/div>      <div class=\"kksr-stars-active\" style=\"width: 0px;\">             <div class=\"kksr-star\" style=\"padding-right: 5px\">               <div class=\"kksr-icon\" style=\"width: 24px; height: 24px;\"><\/div>         <\/div>             <div class=\"kksr-star\" style=\"padding-right: 5px\">               <div class=\"kksr-icon\" style=\"width: 24px; height: 24px;\"><\/div>         <\/div>             <div class=\"kksr-star\" style=\"padding-right: 5px\">               <div class=\"kksr-icon\" style=\"width: 24px; height: 24px;\"><\/div>         <\/div>             <div class=\"kksr-star\" style=\"padding-right: 5px\">               <div class=\"kksr-icon\" style=\"width: 24px; height: 24px;\"><\/div>         <\/div>             <div class=\"kksr-star\" style=\"padding-right: 5px\">               <div class=\"kksr-icon\" style=\"width: 24px; height: 24px;\"><\/div>         <\/div>     <\/div> <\/div>                   <div class=\"kksr-legend\" style=\"font-size: 19.2px;\">             <span class=\"kksr-muted\">\u0110\u00e1nh gi\u00e1 s\u1ea3n ph\u1ea9m n\u00e0y<\/span>     <\/div>     <\/div>  <p class=\"translation-block\">M\u00e1y bu\u1ed9c d\u00e2y x\u00fac x\u00edch Taizy d\u00f9ng \u0111\u1ec3 ph\u00e2n \u0111o\u1ea1n v\u00e0 \u0111\u1ecbnh l\u01b0\u1ee3ng s\u1ea3n ph\u1ea9m ru\u1ed9t. Trong c\u00f4ng ty ch\u00fang t\u00f4i c\u00f3 c\u00e1c lo\u1ea1i t\u1ef1 \u0111\u1ed9ng v\u00e0 b\u00e1n t\u1ef1 \u0111\u1ed9ng. Ng\u01b0\u1eddi d\u00f9ng c\u00f3 th\u1ec3 ch\u1ecdn thi\u1ebft b\u1ecb ph\u00f9 h\u1ee3p d\u1ef1a tr\u00ean \u0111\u1ed9 \u0111\u1ed3ng \u0111\u1ec1u c\u1ee7a s\u1ea3n xu\u1ea5t v\u00e0 v\u1ecf.<\/p>    <h2 class=\"wp-block-heading\" id=\"h-introduction-of-the-sausage-binding-wire-machine\">Gi\u1edbi thi\u1ec7u v\u1ec1 m\u00e1y bu\u1ed9c d\u00e2y th\u00e9p x\u00fac x\u00edch<\/h2>    <ol class=\"wp-block-list\"> <li>M\u00e1y bu\u1ed9c d\u00e2y th\u00e9p x\u00fac x\u00edch l\u00e0m b\u1eb1ng th\u00e9p kh\u00f4ng g\u1ec9. C\u1ea5u tr\u00fac nh\u1ecf g\u1ecdn, d\u1ec5 s\u1eed d\u1ee5ng, th\u1ef1c t\u1ebf v\u00e0 \u0111\u1eb9p m\u1eaft. L\u00e0 thi\u1ebft b\u1ecb l\u00fd t\u01b0\u1edfng cho <a href=\"https:\/\/en.wikipedia.org\/wiki\/Sausage\" target=\"_blank\" rel=\"noopener\">x\u00fac x\u00edch<\/a>v\u00e0 ru\u1ed9t.<\/li>    <li>M\u00e1y bu\u1ed9c d\u00e2y th\u00e9p x\u00fac x\u00edch s\u1eed d\u1ee5ng \u0111\u1ed9ng c\u01a1 servo nh\u1eadp kh\u1ea9u ti\u00ean ti\u1ebfn v\u00e0 h\u1ec7 th\u1ed1ng \u0111i\u1ec1u khi\u1ec3n giao di\u1ec7n ng\u01b0\u1eddi-m\u00e1y m\u1edbi c\u1ee7a c\u00f4ng ty, c\u00f3 \u01b0u \u0111i\u1ec3m hi\u1ec7u qu\u1ea3 cao, d\u1ec5 ki\u1ec3m so\u00e1t v\u00e0 ti\u1ebft ki\u1ec7m v\u1eadt li\u1ec7u s\u1ea3n xu\u1ea5t.<\/li>    <li>Chi\u1ec1u d\u00e0i v\u00e0 \u0111\u01b0\u1eddng k\u00ednh c\u1ee7a s\u1ea3n ph\u1ea9m c\u00f3 th\u1ec3 \u0111\u01b0\u1ee3c c\u00e0i \u0111\u1eb7t theo y\u00eau c\u1ea7u c\u1ee7a kh\u00e1ch h\u00e0ng.<\/li> <\/ol>    <figure class=\"wp-block-image size-full is-resized\"><img loading=\"lazy\" decoding=\"async\" width=\"800\" height=\"800\" src=\"https:\/\/www.meatprocessingmachine.org\/wp-content\/uploads\/2020\/06\/sausage-binding-wire-machine-1.jpg\" alt=\"m\u00e1y bu\u1ed9c d\u00e2y th\u00e9p x\u00fac x\u00edch\" class=\"wp-image-534\" style=\"object-fit:cover;width:720px;height:540px\" title=\"\" srcset=\"https:\/\/www.meatprocessingmachine.org\/wp-content\/uploads\/2020\/06\/sausage-binding-wire-machine-1.jpg 800w, https:\/\/www.meatprocessingmachine.org\/wp-content\/uploads\/2020\/06\/sausage-binding-wire-machine-1-300x300.jpg 300w, https:\/\/www.meatprocessingmachine.org\/wp-content\/uploads\/2020\/06\/sausage-binding-wire-machine-1-150x150.jpg 150w, https:\/\/www.meatprocessingmachine.org\/wp-content\/uploads\/2020\/06\/sausage-binding-wire-machine-1-768x768.jpg 768w\" sizes=\"auto, (max-width: 800px) 100vw, 800px\" \/><figcaption class=\"wp-element-caption\">M\u00e1y bu\u1ed9c x\u00fac x\u00edch<\/figcaption><\/figure>    <h2 class=\"wp-block-heading\" id=\"h-advantages-of-the-sausage-binding-wire-machine\">\u01afu \u0111i\u1ec3m c\u1ee7a m\u00e1y bu\u1ed9c d\u00e2y th\u00e9p x\u00fac x\u00edch<\/h2>    <ol class=\"wp-block-list\"> <li>Gi\u1ea3m t\u1ea3i c\u00f4ng vi\u1ec7c cho c\u00f4ng nh\u00e2n. Ng\u01b0\u1eddi v\u1eadn h\u00e0nh ch\u1ec9 c\u1ea7n \u0111\u01b0a ru\u1ed9t v\u00e0o c\u1eeda c\u1ea5p c\u1ee7a m\u00e1y, v\u00e0 m\u00e1y s\u1ebd t\u1ef1 \u0111\u1ed9ng ho\u00e0n th\u00e0nh qu\u00e1 tr\u00ecnh c\u1ea5p v\u00e0 bu\u1ed9c c\u1ee7a x\u00fac x\u00edch.<\/li>    <li>N\u00e2ng cao \u0111\u00e1ng k\u1ec3 hi\u1ec7u qu\u1ea3 s\u1ea3n xu\u1ea5t x\u00fac x\u00edch, c\u00f3 th\u1ec3 c\u00e0i \u0111\u1eb7t t\u00f9y \u00fd theo y\u00eau c\u1ea7u c\u1ee7a kh\u00e1ch h\u00e0ng.<\/li>    <li>N\u00f3 s\u1ea1ch s\u1ebd v\u00e0 th\u00e2n thi\u1ec7n v\u1edbi m\u00f4i tr\u01b0\u1eddng v\u00ec thi\u1ebft b\u1ecb ch\u1ee7 y\u1ebfu l\u00e0m b\u1eb1ng th\u00e9p kh\u00f4ng g\u1ec9 ph\u00f9 h\u1ee3p cho th\u1ef1c ph\u1ea9m. X\u00fac x\u00edch kh\u00f4ng ti\u1ebfp x\u00fac v\u1edbi kim lo\u1ea1i kh\u00e1c trong qu\u00e1 tr\u00ecnh s\u1ea3n xu\u1ea5t.<\/li>    <li>M\u00e1y d\u1ec5 v\u1eadn h\u00e0nh. Sau khi c\u00e0i \u0111\u1eb7t chi\u1ec1u d\u00e0i v\u00e0 t\u1ed1c \u0111\u1ed9, m\u00e1y c\u00f3 th\u1ec3 ho\u00e0n th\u00e0nh t\u1ea5t c\u1ea3 c\u00e1c c\u00f4ng vi\u1ec7c m\u1ed9t c\u00e1ch t\u1ef1 \u0111\u1ed9ng v\u00e0 hi\u1ec7u qu\u1ea3.<\/li>    <li>V\u00ec v\u1eady, c\u00e1c quy tr\u00ecnh l\u00e0m x\u00fac x\u00edch ph\u00f9 h\u1ee3p h\u01a1n v\u1edbi y\u00eau c\u1ea7u v\u1ec7 sinh ng\u00e0y c\u00e0ng nghi\u00eam ng\u1eb7t c\u1ee7a m\u1ecdi ng\u01b0\u1eddi.<\/li> <\/ol>    <figure class=\"wp-block-image size-full is-resized\"><img loading=\"lazy\" decoding=\"async\" width=\"750\" height=\"750\" src=\"https:\/\/www.meatprocessingmachine.org\/wp-content\/uploads\/2018\/10\/sausage1.jpg\" alt=\"m\u00e1y bu\u1ed9c x\u00fac x\u00edch\" class=\"wp-image-147\" style=\"object-fit:cover;width:720px;height:540px\" title=\"\" srcset=\"https:\/\/www.meatprocessingmachine.org\/wp-content\/uploads\/2018\/10\/sausage1.jpg 750w, https:\/\/www.meatprocessingmachine.org\/wp-content\/uploads\/2018\/10\/sausage1-150x150.jpg 150w, https:\/\/www.meatprocessingmachine.org\/wp-content\/uploads\/2018\/10\/sausage1-300x300.jpg 300w\" sizes=\"auto, (max-width: 750px) 100vw, 750px\" \/><figcaption class=\"wp-element-caption\">M\u00e1y bu\u1ed9c x\u00fac x\u00edch<\/figcaption><\/figure>    <h2 class=\"wp-block-heading\" id=\"h-technical-parameter-of-sausage-binding-wire-machine\">Th\u00f4ng s\u1ed1 k\u1ef9 thu\u1eadt c\u1ee7a m\u00e1y bu\u1ed9c d\u00e2y th\u00e9p cho x\u00fac x\u00edch<\/h2>    <figure class=\"wp-block-table\"><table><tbody><tr><td><strong>M\u1eabu m\u00e3<\/strong><\/td><td><strong>TZ-100<\/strong><\/td><td><strong>TZ-200<\/strong><\/td><\/tr><tr><td><strong>Ho\u1ea1t \u0111\u1ed9ng<\/strong><\/td><td><strong>B\u00e1n t\u1ef1 \u0111\u1ed9ng<\/strong><\/td><td><strong>Ho\u00e0n to\u00e0n t\u1ef1 \u0111\u1ed9ng<\/strong><\/td><\/tr><tr><td><strong>\u0110\u01b0\u1eddng k\u00ednh x\u00fac x\u00edch ph\u00f9 h\u1ee3p<\/strong><\/td><td><strong>9~35mm<\/strong><\/td><td><strong>9~30mm<\/strong><\/td><\/tr><tr><td><strong>Chi\u1ec1u d\u00e0i th\u00e2n x\u00fac x\u00edch<\/strong><\/td><td><strong>30~300mm<\/strong><\/td><td><strong>\u0110i\u1ec1u ch\u1ec9nh \u0111\u01b0\u1ee3c<\/strong><\/td><\/tr><tr><td><strong>C\u00f4ng su\u1ea5t<\/strong><\/td><td><strong>10~100 chi\u1ebfc\/ph\u00fat<\/strong><\/td><td><strong>3600 chi\u1ebfc\/h<\/strong><\/td><\/tr><tr><td><strong>K\u00edch th\u01b0\u1edbc<\/strong><\/td><td><strong>1100*500*900mm<\/strong><\/td><td><strong>1080*620*1125mm<\/strong><\/td><\/tr><tr><td><strong>Tr\u1ecdng l\u01b0\u1ee3ng<\/strong><\/td><td><strong>100kg<\/strong><\/td><td><strong>100kg<\/strong><\/td><\/tr><\/tbody><\/table><figcaption class=\"wp-element-caption\">m\u00e1y bu\u1ed9c x\u00fac x\u00edch<\/figcaption><\/figure>    <p>Bao ru\u1ed9t protein ph\u00f9 h\u1ee3p cho m\u00e1y bu\u1ed9c t\u1ef1 \u0111\u1ed9ng ho\u00e0n to\u00e0n. Bao ru\u1ed9t \u0111\u1ed9ng v\u1eadt ph\u00f9 h\u1ee3p h\u01a1n cho m\u00e1y bu\u1ed9c b\u00e1n t\u1ef1 \u0111\u1ed9ng. N\u1ebfu b\u1ea1n mu\u1ed1n bi\u1ebft th\u00eam th\u00f4ng tin v\u1ec1 m\u00e1y, vui l\u00f2ng li\u00ean h\u1ec7 v\u1edbi ch\u00fang t\u00f4i.<\/p>","protected":false},"excerpt":{"rendered":"<p>M\u00e1y bu\u1ed9c d\u00e2y th\u00e9p x\u00fac x\u00edch Taizy d\u00f9ng \u0111\u1ec3 ph\u00e2n \u0111o\u1ea1n v\u00e0 \u0111\u1ecbnh l\u01b0\u1ee3ng s\u1ea3n ph\u1ea9m ru\u1ed9t. C\u00f3 c\u00e1c lo\u1ea1i t\u1ef1 \u0111\u1ed9ng v\u00e0 b\u00e1n t\u1ef1 \u0111\u1ed9ng trong c\u00f4ng ty ch\u00fang t\u00f4i. <\/p>","protected":false},"author":1,"featured_media":148,"parent":0,"template":"","product-type":[598],"class_list":["post-128","product","type-product","status-publish","has-post-thumbnail","hentry","product-type-supporting-auxiliary-equipment"],"_links":{"self":[{"href":"https:\/\/www.meatprocessingmachine.org\/vi\/wp-json\/wp\/v2\/product\/128","targetHints":{"allow":["GET"]}}],"collection":[{"href":"https:\/\/www.meatprocessingmachine.org\/vi\/wp-json\/wp\/v2\/product"}],"about":[{"href":"https:\/\/www.meatprocessingmachine.org\/vi\/wp-json\/wp\/v2\/types\/product"}],"author":[{"embeddable":true,"href":"https:\/\/www.meatprocessingmachine.org\/vi\/wp-json\/wp\/v2\/users\/1"}],"wp:featuredmedia":[{"embeddable":true,"href":"https:\/\/www.meatprocessingmachine.org\/vi\/wp-json\/wp\/v2\/media\/148"}],"wp:attachment":[{"href":"https:\/\/www.meatprocessingmachine.org\/vi\/wp-json\/wp\/v2\/media?parent=128"}],"wp:term":[{"taxonomy":"product-type","embeddable":true,"href":"https:\/\/www.meatprocessingmachine.org\/vi\/wp-json\/wp\/v2\/product-type?post=128"}],"curies":[{"name":"wp","href":"https:\/\/api.w.org\/{rel}","templated":true}]}}