{"id":1291,"date":"2021-05-28T18:15:06","date_gmt":"2021-05-28T10:15:06","guid":{"rendered":"https:\/\/www.meatprocessingmachine.org\/?p=1291"},"modified":"2026-02-12T16:05:54","modified_gmt":"2026-02-12T08:05:54","slug":"chicken-breast-slicer-machine","status":"publish","type":"product","link":"https:\/\/www.meatprocessingmachine.org\/vi\/chicken-breast-slicer-machine.html","title":{"rendered":"M\u00e1y c\u1eaft th\u1ecbt g\u00e0 th\u00e0nh l\u00e1t\/mi\u1ebfng"},"content":{"rendered":"<div class=\"kk-star-ratings kksr-auto kksr-align-right kksr-valign-top\"     data-payload='{&quot;align&quot;:&quot;right&quot;,&quot;id&quot;:&quot;1291&quot;,&quot;slug&quot;:&quot;default&quot;,&quot;valign&quot;:&quot;top&quot;,&quot;ignore&quot;:&quot;&quot;,&quot;reference&quot;:&quot;auto&quot;,&quot;class&quot;:&quot;&quot;,&quot;count&quot;:&quot;0&quot;,&quot;legendonly&quot;:&quot;&quot;,&quot;readonly&quot;:&quot;&quot;,&quot;score&quot;:&quot;0&quot;,&quot;starsonly&quot;:&quot;&quot;,&quot;best&quot;:&quot;5&quot;,&quot;gap&quot;:&quot;5&quot;,&quot;greet&quot;:&quot;Rate this product&quot;,&quot;legend&quot;:&quot;0\\\/5 - (0 b\u00ecnh ch\u1ecdn)&quot;,&quot;size&quot;:&quot;24&quot;,&quot;title&quot;:&quot;Chicken breast slicer machine for meat slices\\\/strips&quot;,&quot;width&quot;:&quot;0&quot;,&quot;_legend&quot;:&quot;{score}\\\/{best} - ({count} {votes})&quot;,&quot;font_factor&quot;:&quot;1.25&quot;}'>              <div class=\"kksr-stars\">      <div class=\"kksr-stars-inactive\">             <div class=\"kksr-star\" data-star=\"1\" style=\"padding-right: 5px\">               <div class=\"kksr-icon\" style=\"width: 24px; height: 24px;\"><\/div>         <\/div>             <div class=\"kksr-star\" data-star=\"2\" style=\"padding-right: 5px\">               <div class=\"kksr-icon\" style=\"width: 24px; height: 24px;\"><\/div>         <\/div>             <div class=\"kksr-star\" data-star=\"3\" style=\"padding-right: 5px\">               <div class=\"kksr-icon\" style=\"width: 24px; height: 24px;\"><\/div>         <\/div>             <div class=\"kksr-star\" data-star=\"4\" style=\"padding-right: 5px\">               <div class=\"kksr-icon\" style=\"width: 24px; height: 24px;\"><\/div>         <\/div>             <div class=\"kksr-star\" data-star=\"5\" style=\"padding-right: 5px\">               <div class=\"kksr-icon\" style=\"width: 24px; height: 24px;\"><\/div>         <\/div>     <\/div>      <div class=\"kksr-stars-active\" style=\"width: 0px;\">             <div class=\"kksr-star\" style=\"padding-right: 5px\">               <div class=\"kksr-icon\" style=\"width: 24px; height: 24px;\"><\/div>         <\/div>             <div class=\"kksr-star\" style=\"padding-right: 5px\">               <div class=\"kksr-icon\" style=\"width: 24px; height: 24px;\"><\/div>         <\/div>             <div class=\"kksr-star\" style=\"padding-right: 5px\">               <div class=\"kksr-icon\" style=\"width: 24px; height: 24px;\"><\/div>         <\/div>             <div class=\"kksr-star\" style=\"padding-right: 5px\">               <div class=\"kksr-icon\" style=\"width: 24px; height: 24px;\"><\/div>         <\/div>             <div class=\"kksr-star\" style=\"padding-right: 5px\">               <div class=\"kksr-icon\" style=\"width: 24px; height: 24px;\"><\/div>         <\/div>     <\/div> <\/div>                   <div class=\"kksr-legend\" style=\"font-size: 19.2px;\">             <span class=\"kksr-muted\">\u0110\u00e1nh gi\u00e1 s\u1ea3n ph\u1ea9m n\u00e0y<\/span>     <\/div>     <\/div>  <p>M\u00e1y c\u1eaft \u1ee9c g\u00e0 c\u00f3 th\u1ec3 x\u1eed l\u00fd th\u1ecbt th\u00e0nh l\u00e1t, v\u00e0 m\u00e1y c\u1eaft th\u1ecbt th\u00e0nh d\u1ea3i x\u1eed l\u00fd th\u1ecbt th\u00e0nh d\u1ea3i. Nguy\u00ean li\u1ec7u c\u00f3 th\u1ec3 l\u00e0 \u1ee9c g\u00e0, b\u00f2, l\u1ee3n, v.v. M\u00e1y c\u1eaft th\u1ecbt c\u00f3 th\u1ec3 x\u1eed l\u00fd nhi\u1ec1u lo\u1ea1i th\u1ecbt, ph\u00f9 h\u1ee3p v\u1edbi h\u1ea7u h\u1ebft c\u00e1c lo\u1ea1i th\u1ecbt kh\u00f4ng x\u01b0\u01a1ng. <\/p>    <p>Trong qu\u00e1 tr\u00ecnh ch\u1ebf bi\u1ebfn, m\u00e1y c\u1eaft th\u1ecbt s\u1eed d\u1ee5ng ph\u01b0\u01a1ng ph\u00e1p c\u1eaft ph\u1eb3ng \u0111\u1ec3 n\u1eafm ch\u00ednh x\u00e1c k\u00edch th\u01b0\u1edbc v\u00e0 \u0111\u1ed9 d\u00e0y. \u0110\u1ed9 d\u00e0y l\u00e1t th\u1ecbt c\u00f3 th\u1ec3 t\u00f9y ch\u1ec9nh. Ph\u00f9 h\u1ee3p cho c\u00e1c nh\u00e0 m\u00e1y ch\u1ebf bi\u1ebfn th\u1ef1c ph\u1ea9m, nh\u00e0 b\u1ebfp nh\u00e0 h\u00e0ng, v\u00e0 c\u0103ng tin l\u1edbn.<\/p>    <figure class=\"wp-block-image size-large\"><img loading=\"lazy\" decoding=\"async\" width=\"720\" height=\"540\" src=\"https:\/\/www.meatprocessingmachine.org\/wp-content\/uploads\/2021\/05\/2-1.jpg\" alt=\"M\u00e1y \u0111\u00f3ng g\u00f3i ch\u00e2n kh\u00f4ng cho th\u1ecbt\" class=\"wp-image-1296\" title=\"\" srcset=\"https:\/\/www.meatprocessingmachine.org\/wp-content\/uploads\/2021\/05\/2-1.jpg 720w, https:\/\/www.meatprocessingmachine.org\/wp-content\/uploads\/2021\/05\/2-1-300x225.jpg 300w\" sizes=\"auto, (max-width: 720px) 100vw, 720px\" \/><figcaption class=\"wp-element-caption\">\u1ee8c g\u00e0 l\u00e1t<\/figcaption><\/figure>    <h2 class=\"wp-block-heading\" id=\"h-type-of-meat-cutting-machinery-for-meat-slices-strips\">Video v\u1ec1 m\u00e1y c\u1eaft th\u1ecbt th\u00e0nh d\u1ea3i \/ l\u00e1t th\u1ecbt<\/h2>    <figure class=\"wp-block-embed is-type-video is-provider-youtube wp-block-embed-youtube\"><div class=\"wp-block-embed__wrapper\"> <iframe loading=\"lazy\" title=\"m\u00e1y c\u1eaft \u1ee9c g\u00e0 \/ M\u00e1y c\u1eaft th\u1ecbt th\u00e0nh d\u1ea3i \/ M\u00e1y c\u1eaft th\u1ecbt th\u00e0nh d\u1ea3i\" width=\"500\" height=\"281\" src=\"https:\/\/www.youtube.com\/embed\/2jjreRlvCKM?start=19&#038;feature=oembed\" frameborder=\"0\" allow=\"accelerometer; autoplay; clipboard-write; encrypted-media; gyroscope; picture-in-picture; web-share\" referrerpolicy=\"strict-origin-when-cross-origin\" allowfullscreen><\/iframe> <\/div><\/figure>    <h2 class=\"wp-block-heading\" id=\"h-introduction-of-chicken-breast-slicer-machine\">Gi\u1edbi thi\u1ec7u v\u1ec1 m\u00e1y c\u1eaft \u1ee9c g\u00e0<\/h2>    <p class=\"translation-block\"><strong>M\u00e1y c\u1eaft \u1ee9c g\u00e0\u00a0<\/strong>c\u1eaft tr\u1ef1c ti\u1ebfp th\u00e0nh l\u00e1t, nh\u01b0 l\u00e1t \u1ee9c g\u00e0, l\u00e1t b\u00f2, l\u00e1t l\u1ee3n. M\u00e1y c\u1eaft \u1ee9c g\u00e0 l\u00e0 m\u00e1y \u0111\u1ed9c l\u1eadp c\u00f3 th\u1ec3 ho\u00e0n th\u00e0nh c\u00f4ng vi\u1ec7c c\u1eaft l\u00e1t m\u1ed9t m\u00ecnh. \u0110\u1ec3 s\u1eed d\u1ee5ng, \u0111\u1eb7t th\u1ecbt l\u00ean b\u0103ng chuy\u1ec1n v\u00e0 ch\u1edd v\u00e0i gi\u00e2y. M\u00e1y c\u1eaft \u1ee9c g\u00e0 c\u00f3 th\u1ec3 c\u1eaft l\u00e1t v\u1edbi \u0111\u1ed9 d\u00e0y t\u1eeb 2-8mm, v\u00e0 m\u00e1y c\u1eaft th\u1ecbt c\u00f3 th\u1ec3 n\u1eafm ch\u00ednh x\u00e1c k\u00edch th\u01b0\u1edbc v\u00e0 \u0111\u1ed9 d\u00e0y. <\/p>    <p class=\"translation-block\">Ngo\u00e0i ra, \u0111\u1ed9 d\u00e0y c\u1ee7a m\u1ed7i l\u00e1t th\u1ecbt \u0111\u1ec1u nh\u01b0 nhau, <strong>m\u00e1y c\u1eaft \u1ee9c g\u00e0<\/strong>\u00a0c\u00f2n h\u01a1n nhi\u1ec1u so v\u1edbi th\u1ee7 c\u00f4ng, v\u00ec v\u1eady \u01b0u \u0111i\u1ec3m c\u1ee7a m\u00e1y c\u1eaft l\u00e0 r\u00f5 r\u00e0ng. Ngo\u00e0i ra, m\u1ed9t \u01b0u \u0111i\u1ec3m kh\u00e1c c\u1ee7a m\u00e1y c\u1eaft l\u00e0 t\u1ed1c \u0111\u1ed9 c\u1ee7a m\u00e1y c\u00f3 th\u1ec3 \u0111i\u1ec1u ch\u1ec9nh. \u0110i\u1ec1u n\u00e0y ph\u00f9 h\u1ee3p v\u1edbi quy tr\u00ecnh x\u1eed l\u00fd.<\/p>    <figure class=\"wp-block-image size-full is-resized\"><img loading=\"lazy\" decoding=\"async\" width=\"680\" height=\"480\" src=\"https:\/\/www.meatprocessingmachine.org\/wp-content\/uploads\/2021\/09\/breast-slicer-machine.jpg\" alt=\"m\u00e1y c\u1eaft \u1ee9c\" class=\"wp-image-1993\" style=\"width:720px;height:540px\" title=\"\" srcset=\"https:\/\/www.meatprocessingmachine.org\/wp-content\/uploads\/2021\/09\/breast-slicer-machine.jpg 680w, https:\/\/www.meatprocessingmachine.org\/wp-content\/uploads\/2021\/09\/breast-slicer-machine-300x212.jpg 300w\" sizes=\"auto, (max-width: 680px) 100vw, 680px\" \/><figcaption class=\"wp-element-caption\"> <strong>m\u00e1y c\u1eaft \u1ee9c<\/strong> <\/figcaption><\/figure>    <h2 class=\"wp-block-heading\">Th\u00f4ng s\u1ed1 k\u1ef9 thu\u1eadt c\u1ee7a m\u00e1y c\u1eaft th\u1ecbt fillet g\u00e0<\/h2>    <figure class=\"wp-block-table\"><table><tbody><tr><td>M\u1eabu m\u00e3<\/td><td>KSQPJ-100<\/td><\/tr><tr><td>C\u00f4ng su\u1ea5t(kW)<\/td><td>1.65KW<\/td><\/tr><tr><td>Chi\u1ec1u r\u1ed9ng<\/td><td>260mm<\/td><\/tr><tr><td>Ph\u1ea1m vi t\u1ed1c \u0111\u1ed9 b\u0103ng chuy\u1ec1n<\/td><td>3-15m\/ph\u00fat (T\u1ea7n s\u1ed1)<\/td><\/tr><tr><td>\u0110i\u1ec7n \u00e1p (v)<strong>)<\/strong><\/td><td>380v<\/td><\/tr><tr><td>Chi\u1ec1u r\u1ed9ng t\u1ed1i \u0111a c\u1ee7a s\u1ea3n ph\u1ea9m<\/td><td>80-120mm (\u0110i\u1ec1u ch\u1ec9nh)<\/td><\/tr><tr><td>Chi\u1ec1u cao \u0111\u1ea7u v\u00e0o v\u00e0 \u0111\u1ea7u ra<\/td><td>30mm<\/td><\/tr><tr><td>\u0110\u1ed9 d\u00e0y c\u1eaft<\/td><td>4-40mm<\/td><\/tr><tr><td>K\u00edch th\u01b0\u1edbc<\/td><td>1800x820x1580mm<\/td><\/tr><\/tbody><\/table><figcaption class=\"wp-element-caption\">M\u00e1y c\u1eaft \u1ee9c g\u00e0<\/figcaption><\/figure>    <p>M\u1eabu KSQPJ-100 c\u00f3 c\u00f4ng su\u1ea5t 1.65kw v\u00e0 \u0111i\u1ec7n \u00e1p 380v. \u0110\u1ed9 d\u00e0y c\u1eaft c\u00f3 th\u1ec3 \u0111i\u1ec1u ch\u1ec9nh t\u1eeb 4-40mm. \u0110\u1ed3ng th\u1eddi, t\u1ed1c \u0111\u1ed9 c\u1ee7a b\u0103ng chuy\u1ec1n c\u0169ng c\u00f3 th\u1ec3 \u0111i\u1ec1u ch\u1ec9nh (3-15m\/ph\u00fat). N\u1ebfu b\u1ea1n mu\u1ed1n bi\u1ebft th\u00eam v\u1ec1 m\u00e1y c\u1eaft fillet g\u00e0 n\u00e0y, vui l\u00f2ng li\u00ean h\u1ec7 v\u1edbi ch\u00fang t\u00f4i.<\/p>    <h2 class=\"wp-block-heading\" id=\"h-chicken-breast-slicer-machine-principle\">Nguy\u00ean l\u00fd ho\u1ea1t \u0111\u1ed9ng c\u1ee7a m\u00e1y c\u1eaft \u1ee9c g\u00e0<\/h2>    <p>The chicken breast slicer machine&nbsp;conveys the meat to the cutting place by the machine&#8217;s high-friction conveyor belt. The chicken breast slicer machine&nbsp;is composed of multiple horizontal sharp blades. The cut meat is sent out through the conveyor belt. <\/p>    <p>V\u00ec v\u1eady, vi\u1ec7c c\u1eaft l\u00e1t th\u1ecbt. \u0110\u1ed9 d\u00e0y \u0111\u01b0\u1ee3c x\u00e1c \u0111\u1ecbnh b\u1edfi kho\u1ea3ng c\u00e1ch gi\u1eefa c\u00e1c l\u01b0\u1ee1i dao. Kho\u1ea3ng c\u00e1ch n\u00e0y c\u00f3 th\u1ec3 t\u00f9y ch\u1ec9nh theo nhu c\u1ea7u c\u1ee7a nh\u00e0 m\u00e1y khi xu\u1ea5t x\u01b0\u1edfng. C\u00f3 th\u1ec3 \u0111\u00e1p \u1ee9ng h\u1ea7u h\u1ebft c\u00e1c nhu c\u1ea7u. <\/p>    <p>V\u00e0 t\u1ed1c \u0111\u1ed9 v\u1eadn chuy\u1ec3n c\u1ee7a b\u0103ng chuy\u1ec1n c\u00f3 th\u1ec3 \u0111i\u1ec1u ch\u1ec9nh, r\u1ea5t th\u00f4ng minh. \u0110i\u1ec1u n\u00e0y v\u00ec khi ch\u00fang ta l\u00e0m vi\u1ec7c \u1edf ph\u1ea7n kh\u00e1c, c\u00f3 th\u1ec3 c\u00f3 \u0111\u00f3ng g\u00f3i th\u1ee7 c\u00f4ng ho\u1eb7c s\u1ea3n ph\u1ea9m ho\u00e0n ch\u1ec9nh. Sau \u0111\u00f3, ch\u00fang ta c\u00f3 th\u1ec3 \u0111i\u1ec1u ch\u1ec9nh b\u0103ng chuy\u1ec1n theo t\u1ed1c \u0111\u1ed9 l\u00e0m vi\u1ec7c \u0111\u1ec3 \u0111\u1ea1t hi\u1ec7u qu\u1ea3 t\u1ed1t h\u01a1n. \u0110\u00e2y c\u0169ng l\u00e0 \u0111i\u1ec1u m\u00e0 nh\u00e0 thi\u1ebft k\u1ebf \u0111\u00e3 t\u00ednh \u0111\u1ebfn th\u1ef1c t\u1ebf c\u1ee7a c\u00f4ng vi\u1ec7c khi thi\u1ebft k\u1ebf, v\u00e0 \u0111\u00e3 ch\u00fa \u00fd.<\/p>    <figure class=\"wp-block-image size-large is-resized\"><img loading=\"lazy\" decoding=\"async\" width=\"720\" height=\"353\" src=\"https:\/\/www.meatprocessingmachine.org\/wp-content\/uploads\/2021\/05\/3.jpg\" alt=\"m\u00e1y c\u1eaft \u1ee9c g\u00e0\" class=\"wp-image-1298\" style=\"width:720px;height:540px\" title=\"\" srcset=\"https:\/\/www.meatprocessingmachine.org\/wp-content\/uploads\/2021\/05\/3.jpg 720w, https:\/\/www.meatprocessingmachine.org\/wp-content\/uploads\/2021\/05\/3-300x147.jpg 300w\" sizes=\"auto, (max-width: 720px) 100vw, 720px\" \/><figcaption><\/figcaption><\/figure>    <h2 class=\"wp-block-heading\" id=\"h-finished-product-effect-of-chicken-breast-slicer-machine\">Hi\u1ec7u qu\u1ea3 s\u1ea3n ph\u1ea9m cu\u1ed1i c\u1ee7a m\u00e1y c\u1eaft \u1ee9c g\u00e0<\/h2>    <figure class=\"wp-block-image size-full is-resized\"><img loading=\"lazy\" decoding=\"async\" width=\"520\" height=\"390\" src=\"https:\/\/www.meatprocessingmachine.org\/wp-content\/uploads\/2021\/09\/chicken-breast-slicer-machine.png\" alt=\"m\u00e1y c\u1eaft \u1ee9c g\u00e0\" class=\"wp-image-1994\" style=\"width:720px;height:540px\" title=\"\" srcset=\"https:\/\/www.meatprocessingmachine.org\/wp-content\/uploads\/2021\/09\/chicken-breast-slicer-machine.png 520w, https:\/\/www.meatprocessingmachine.org\/wp-content\/uploads\/2021\/09\/chicken-breast-slicer-machine-300x225.png 300w\" sizes=\"auto, (max-width: 520px) 100vw, 520px\" \/><figcaption class=\"wp-element-caption\"> <strong>m\u00e1y c\u1eaft \u1ee9c g\u00e0<\/strong> <\/figcaption><\/figure>    <p>M\u00e1y c\u1eaft \u1ee9c g\u00e0 c\u00f3 th\u1ec3 c\u1eaft l\u00e1t th\u1ecbt t\u1eeb 2-8mm. \u0110\u1ed9 d\u00e0y n\u00e0y c\u00f3 th\u1ec3 t\u00f9y ch\u1ec9nh khi mua m\u00e1y \u0111\u1ec3 ph\u00f9 h\u1ee3p v\u1edbi l\u01b0\u1ee1i dao c\u00f3 k\u00edch th\u01b0\u1edbc nh\u1ea5t \u0111\u1ecbnh. \u0110\u1ed9 d\u00e0y c\u1ee7a l\u00e1t th\u1ecbt c\u1eaft ra \u0111\u1ec1u v\u00e0 b\u1ec1 m\u1eb7t r\u1ea5t m\u1ecbn. L\u01b0\u1ee1i dao r\u1ea5t s\u1eafc, kh\u00f4ng g\u00e2y h\u01b0 h\u1ea1i cho th\u1ecbt sau khi c\u1eaft, c\u0169ng kh\u00f4ng g\u00e2y m\u1ea5t m\u00e1t, \u0111\u1ea1t hi\u1ec7u qu\u1ea3 cao v\u00e0 n\u0103ng su\u1ea5t cao.<\/p>    <h2 class=\"wp-block-heading\" id=\"h-meat-cutting-machinery-for-meat-strips-introduction\">Gi\u1edbi thi\u1ec7u v\u1ec1 m\u00e1y c\u1eaft th\u1ecbt th\u00e0nh d\u1ea3i<\/h2>    <p class=\"translation-block\">Gi\u1edbi thi\u1ec7u v\u1ec1 <strong>M\u00e1y c\u1eaft th\u1ecbt th\u00e0nh d\u1ea3i<\/strong>\u00a0c\u00f3 hai ph\u1ea7n. \u0110\u1ea7u ti\u00ean, th\u1ecbt \u0111\u01b0\u1ee3c c\u1eaft th\u00e0nh l\u00e1t b\u1edfi m\u00e1y c\u1eaft r\u1ed3i qua m\u00e1y c\u1eaft. S\u1ea3n ph\u1ea9m l\u00e0 c\u00e1c d\u1ea3i th\u1ecbt kh\u00e1c nhau. M\u00e1y c\u1eaft l\u00e1t c\u1eaft th\u1ecbt theo chi\u1ec1u ngang b\u1eb1ng m\u00e1y c\u1eaft, sau \u0111\u00f3 c\u1eaft d\u1ecdc b\u1eb1ng m\u00e1y ti\u1ebfp theo th\u00e0nh d\u1ea3i. M\u00e1y c\u1eaft \u1ee9c g\u00e0 \u0111\u01b0\u1ee3c v\u1eadn chuy\u1ec3n tr\u1ef1c ti\u1ebfp qua b\u0103ng chuy\u1ec1n, kh\u00f4ng c\u1ea7n nh\u00e2n c\u00f4ng t\u1eeb d\u1ea1ng t\u1ea5m \u0111\u1ebfn d\u1ea1ng d\u1ea3i. <\/p>    <figure class=\"wp-block-table\"><table><tbody><tr><td>M\u1eabu m\u00e3<\/td><td>KSQTJ-260<\/td><\/tr><tr><td>C\u00f4ng su\u1ea5t kW<\/td><td>0.75kw<\/td><\/tr><tr><td>chi\u1ec1u r\u1ed9ng<\/td><td>260mm<\/td><\/tr><tr><td>Ph\u1ea1m vi t\u1ed1c \u0111\u1ed9 b\u0103ng chuy\u1ec1n<\/td><td>3-15m\/ph\u00fat (T\u1ea7n s\u1ed1)<\/td><\/tr><tr><td>\u0110i\u1ec7n \u00e1p ngu\u1ed3n v<\/td><td>380v\/50Hz<\/td><\/tr><tr><td>K\u00edch th\u01b0\u1edbc<\/td><td>2200x650x1450mm<\/td><\/tr><\/tbody><\/table><figcaption class=\"wp-element-caption\"> <strong>M\u00e1y c\u1eaft th\u1ecbt th\u00e0nh d\u1ea3i&nbsp;<\/strong> <\/figcaption><\/figure>    <p>To\u00e0n b\u1ed9 qu\u00e1 tr\u00ecnh ti\u1ebft ki\u1ec7m th\u1eddi gian v\u00e0 c\u00f4ng s\u1ee9c, hi\u1ec7u qu\u1ea3 v\u00e0 nhanh ch\u00f3ng. B\u0103ng chuy\u1ec1n c\u00f3 thi\u1ebft k\u1ebf s\u1ecdc \u0111\u1eb7c bi\u1ec7t, t\u0103ng ma s\u00e1t gi\u00fap v\u1eadn chuy\u1ec3n th\u1ecbt th\u00e0nh d\u1ea3i d\u1ec5 d\u00e0ng ngay c\u1ea3 khi k\u00edch th\u01b0\u1edbc l\u1edbn. Th\u1ecbt c\u0169ng c\u00f3 th\u1ec3 \u0111\u01b0\u1ee3c v\u1eadn chuy\u1ec3n tr\u01a1n tru. \u0110\u1ed9 d\u00e0y c\u1ee7a d\u1ea3i th\u1ecbt c\u1eaft ra c\u0169ng c\u00f3 th\u1ec3 \u0111i\u1ec1u ch\u1ec9nh.<\/p>    <figure class=\"wp-block-image size-full is-resized\"><img loading=\"lazy\" decoding=\"async\" width=\"680\" height=\"480\" src=\"https:\/\/www.meatprocessingmachine.org\/wp-content\/uploads\/2021\/09\/Meat-Cutting-Machinery-for-Meat-Strips-.jpg\" alt=\"M\u00e1y c\u1eaft th\u1ecbt th\u00e0nh d\u1ea3i\u00a0\" class=\"wp-image-1995\" style=\"width:720px;height:540px\" title=\"\" srcset=\"https:\/\/www.meatprocessingmachine.org\/wp-content\/uploads\/2021\/09\/Meat-Cutting-Machinery-for-Meat-Strips-.jpg 680w, https:\/\/www.meatprocessingmachine.org\/wp-content\/uploads\/2021\/09\/Meat-Cutting-Machinery-for-Meat-Strips--300x212.jpg 300w\" sizes=\"auto, (max-width: 680px) 100vw, 680px\" \/><figcaption class=\"wp-element-caption\"> <strong>M\u00e1y c\u1eaft th\u1ecbt th\u00e0nh d\u1ea3i&nbsp;<\/strong> <\/figcaption><\/figure>    <h3 class=\"wp-block-heading\" id=\"h-cutting-principle-of-meat-cutting-machinery-for-meat-strips\">Nguy\u00ean l\u00fd c\u1eaft c\u1ee7a m\u00e1y c\u1eaft th\u1ecbt th\u00e0nh d\u1ea3i<\/h3>    <p>The slicer is composed of two parts. The first is a slicer. The meat to be cut is first cut into slices by the slicer. The slicer&#8217;s blade cuts the meat slices horizontally and then continues to be conveyed by the conveyor belt to the next machine. , The cutting process is carried out by the chicken breast cutting machine, and the next step is the vertical cutting of the sliced \u200b\u200bmeat by the cutting machine, which becomes a meat strip<\/p>    <h3 class=\"wp-block-heading\" id=\"h-features-of-the-machine\">\u0110\u1eb7c \u0111i\u1ec3m c\u1ee7a m\u00e1y c\u1eaft \u1ee9c g\u00e0<\/h3>    <ol class=\"wp-block-list\"> <li>M\u00e1y c\u00f3 th\u1ec3 c\u1eaft th\u1ecbt \u1ee9c g\u00e0 theo chi\u1ec1u ngang, \u0111\u1ed9 d\u00e0y c\u1ee7a ph\u1ea7n c\u1eaft ch\u00ednh x\u00e1c, b\u1ec1 m\u1eb7t c\u1eaft m\u1ecbn.<\/li>    <li>V\u1eadn h\u00e0nh \u0111\u01a1n gi\u1ea3n, d\u1ec5 h\u1ecdc, v\u00e0 th\u00f4ng s\u1ed1 k\u1ef9 thu\u1eadt c\u1ee7a s\u1ea3n ph\u1ea9m c\u00f3 th\u1ec3 \u0111i\u1ec1u ch\u1ec9nh.<\/li>    <li>M\u00e1y c\u1eaft \u1ee9c g\u00e0 l\u00e0m b\u1eb1ng th\u00e9p, an to\u00e0n v\u00e0 \u0111\u00e1ng tin c\u1eady, kh\u00f4ng b\u1ecb g\u1ec9 khi l\u00e0m s\u1ea1ch.<\/li>    <li>B\u0103ng chuy\u1ec1n s\u1eed d\u1ee5ng thi\u1ebft k\u1ebf s\u1ecdc \u0111\u1ec3 t\u0103ng ma s\u00e1t v\u00e0 v\u1eadn chuy\u1ec3n tr\u01a1n tru.<\/li>    <li>S\u1ea3n ph\u1ea9m c\u1eaft ra \u0111\u1ec1u \u0111\u1eb7n, thu\u1eadn ti\u1ec7n cho b\u00e1n h\u00e0ng.<\/li> <\/ol>    <h2 class=\"wp-block-heading\" id=\"h-slicing-and-cutting-machine-is-easy-to-operate\">L\u00e0m th\u1ebf n\u00e0o \u0111\u1ec3 s\u1eed d\u1ee5ng m\u00e1y c\u1eaft l\u00e1t v\u00e0 c\u1eaft?\ufffc<\/h2>    <p>M\u00e1y c\u00f3 b\u1ea3ng \u0111i\u1ec1u khi\u1ec3n, \u0111i\u1ec1u khi\u1ec3n c\u00f4ng t\u1eafc c\u1ee7a m\u00e1y v\u00e0 t\u1ed1c \u0111\u1ed9 c\u1ee7a b\u0103ng chuy\u1ec1n. Khi c\u1eaft l\u00e1t v\u00e0 c\u1eaft, c\u1ea7n \u0111\u1eb7t nguy\u00ean li\u1ec7u th\u00f4 l\u00ean m\u00e1y, B\u0103ng chuy\u1ec1n \u0111\u01b0a \u1ee9c g\u00e0 ra ngo\u00e0i. <\/p>    <p>M\u00e1y ho\u1ea1t \u0111\u1ed9ng r\u1ea5t nhanh v\u00e0 c\u00f3 th\u1ec3 x\u1eed l\u00fd s\u1ea3n ph\u1ea9m hi\u1ec7u qu\u1ea3. L\u01b0\u1ee1i dao c\u1ee7a m\u00e1y l\u00e0m b\u1eb1ng th\u00e9p, \u0111\u00e1p \u1ee9ng y\u00eau c\u1ea7u c\u1ee7a m\u00e1y m\u00f3c th\u1ef1c ph\u1ea9m ti\u00eau chu\u1ea9n v\u00e0 s\u1ea3n ph\u1ea9m cu\u1ed1i c\u00f9ng an to\u00e0n.<\/p>    <figure class=\"wp-block-image size-large\"><img loading=\"lazy\" decoding=\"async\" width=\"720\" height=\"540\" src=\"https:\/\/www.meatprocessingmachine.org\/wp-content\/uploads\/2021\/05\/\u672a\u6807\u9898-1.jpg\" alt=\"M\u00e1y c\u1eaft th\u1ecbt th\u00e0nh d\u1ea3i\" class=\"wp-image-1301\" title=\"\" srcset=\"https:\/\/www.meatprocessingmachine.org\/wp-content\/uploads\/2021\/05\/\u672a\u6807\u9898-1.jpg 720w, https:\/\/www.meatprocessingmachine.org\/wp-content\/uploads\/2021\/05\/\u672a\u6807\u9898-1-300x225.jpg 300w\" sizes=\"auto, (max-width: 720px) 100vw, 720px\" \/><figcaption><\/figcaption><\/figure>    <h2 class=\"wp-block-heading\" id=\"h-some-precautions-for-chicken-breast-slicer-machine\">M\u1ed9t s\u1ed1 l\u01b0u \u00fd khi s\u1eed d\u1ee5ng m\u00e1y c\u1eaft \u1ee9c g\u00e0<\/h2>    <ul class=\"wp-block-list\"> <li>Khi m\u00e1y ho\u1ea1t \u0111\u1ed9ng, tuy\u1ec7t \u0111\u1ed1i kh\u00f4ng \u0111\u01b0\u1ee3c \u0111i s\u00e2u v\u00e0o b\u00ean trong m\u00e1y<\/li>    <li>Ch\u00fa \u00fd b\u1ea3o tr\u00ec v\u00e0 b\u1ea3o d\u01b0\u1ee1ng m\u00e1y, nh\u01b0 tra d\u1ea7u m\u00e1y v\u00e0 l\u00e0m s\u1ea1ch sau khi s\u1eed d\u1ee5ng.<\/li>    <li>Xin \u0111\u1eebng th\u00e1o r\u1eddi m\u00e1y m\u1ed9t c\u00e1ch t\u00f9y \u00fd.<\/li>    <li>M\u00e1y c\u1eaft th\u1ecbt \u0111\u00f4ng l\u1ea1nh<\/li> <\/ul>    <figure class=\"wp-block-image size-large is-resized\"><img loading=\"lazy\" decoding=\"async\" width=\"1024\" height=\"1024\" src=\"https:\/\/www.meatprocessingmachine.org\/wp-content\/uploads\/2021\/09\/Meat-Cutting-Machinery-for-Meat-Strips-2-1024x1024.jpg\" alt=\"\" class=\"wp-image-1996\" style=\"width:720px;height:540px\" title=\"\" srcset=\"https:\/\/www.meatprocessingmachine.org\/wp-content\/uploads\/2021\/09\/Meat-Cutting-Machinery-for-Meat-Strips-2-1024x1024.jpg 1024w, https:\/\/www.meatprocessingmachine.org\/wp-content\/uploads\/2021\/09\/Meat-Cutting-Machinery-for-Meat-Strips-2-300x300.jpg 300w, https:\/\/www.meatprocessingmachine.org\/wp-content\/uploads\/2021\/09\/Meat-Cutting-Machinery-for-Meat-Strips-2-150x150.jpg 150w, https:\/\/www.meatprocessingmachine.org\/wp-content\/uploads\/2021\/09\/Meat-Cutting-Machinery-for-Meat-Strips-2-768x768.jpg 768w, https:\/\/www.meatprocessingmachine.org\/wp-content\/uploads\/2021\/09\/Meat-Cutting-Machinery-for-Meat-Strips-2.jpg 1080w\" sizes=\"auto, (max-width: 1024px) 100vw, 1024px\" \/><figcaption class=\"wp-element-caption\"> <strong>M\u00e1y c\u1eaft th\u1ecbt th\u00e0nh d\u1ea3i&nbsp;<\/strong> <\/figcaption><\/figure>    <h2 class=\"wp-block-heading\" id=\"h-related-machine-provision\">Cung c\u1ea5p m\u00e1y li\u00ean quan<\/h2>    <p class=\"translation-block\">Trong qu\u00e1 tr\u00ecnh ch\u1ebf bi\u1ebfn v\u00e0 x\u1eed l\u00fd th\u1ecbt th\u1ef1c t\u1ebf, c\u00f3 th\u1ec3 ch\u1ec9 c\u1ea7n c\u1eaft th\u1ecbt \u0111\u00e3 \u01b0\u1edbp s\u1ed1t, m\u00e1y m\u00f3c c\u1ee7a c\u00f4ng ty ch\u00fang t\u00f4i r\u1ea5t to\u00e0n di\u1ec7n. Ch\u00fang t\u00f4i c\u0169ng c\u00f3 th\u1ec3 cung c\u1ea5p<a href=\"https:\/\/www.meatprocessingmachine.org\/vi\/commercial-frozen-fresh-meat-dicing-machine.html\/\"> m\u00e1y c\u1eaft th\u1ecbt \u0111\u00f4ng l\u1ea1nh th\u01b0\u01a1ng m\u1ea1i<\/a>, <a href=\"https:\/\/www.meatprocessingmachine.org\/vi\/bone-grinder-machine-meat-and-bone-grinder.html\/\">m\u00e1y xay x\u01b0\u01a1ng \/ m\u00e1y xay th\u1ecbt \/ m\u00e1y xay nhuy\u1ec5n x\u01b0\u01a1ng<\/a>.<\/p>    <div class=\"wp-block-columns is-layout-flex wp-container-core-columns-is-layout-9d6595d7 wp-block-columns-is-layout-flex\"> <div class=\"wp-block-column is-layout-flow wp-block-column-is-layout-flow\"> <figure class=\"wp-block-image size-full\"><a href=\"https:\/\/www.meatprocessingmachine.org\/vi\/commercial-frozen-fresh-meat-dicing-machine.html\/\"><img loading=\"lazy\" decoding=\"async\" width=\"720\" height=\"540\" src=\"https:\/\/www.meatprocessingmachine.org\/wp-content\/uploads\/2022\/01\/beef-dicing-machine.png\" alt=\"M\u00e1y c\u1eaft th\u1ecbt \u0111\u00f4ng l\u1ea1nh\" class=\"wp-image-32559\" title=\"\" srcset=\"https:\/\/www.meatprocessingmachine.org\/wp-content\/uploads\/2022\/01\/beef-dicing-machine.png 720w, https:\/\/www.meatprocessingmachine.org\/wp-content\/uploads\/2022\/01\/beef-dicing-machine-300x225.png 300w\" sizes=\"auto, (max-width: 720px) 100vw, 720px\" \/><\/a><figcaption class=\"wp-element-caption\">M\u00e1y c\u1eaft th\u1ecbt \u0111\u00f4ng l\u1ea1nh<\/figcaption><\/figure> <\/div>    <div class=\"wp-block-column is-layout-flow wp-block-column-is-layout-flow\"> <figure class=\"wp-block-image size-full\"><a href=\"https:\/\/www.meatprocessingmachine.org\/vi\/bone-grinder-machine-meat-and-bone-grinder.html\/\"><img loading=\"lazy\" decoding=\"async\" width=\"720\" height=\"540\" src=\"https:\/\/www.meatprocessingmachine.org\/wp-content\/uploads\/2020\/11\/bone-grinder-machine.jpg\" alt=\"m\u00e1y xay x\u01b0\u01a1ng\" class=\"wp-image-911\" title=\"\" srcset=\"https:\/\/www.meatprocessingmachine.org\/wp-content\/uploads\/2020\/11\/bone-grinder-machine.jpg 720w, https:\/\/www.meatprocessingmachine.org\/wp-content\/uploads\/2020\/11\/bone-grinder-machine-300x225.jpg 300w\" sizes=\"auto, (max-width: 720px) 100vw, 720px\" \/><\/a><figcaption class=\"wp-element-caption\">M\u00e1y Xay X\u01b0\u01a1ng<\/figcaption><\/figure> <\/div> <\/div>","protected":false},"excerpt":{"rendered":"<p>The chicken breast slicer machine can process meat into slices , Meat Cutting Machinery for Meat Strips process meat into strips .The raw materials can be chicken breast, beef, pork, etc. Meat slicer machine can process a wide range of meats, which is suitable for most boneless meats. The meat slicer machine uses a flat cutting process during processing to accurately grasp the size and thickness. <\/p>","protected":false},"author":1,"featured_media":1991,"parent":0,"template":"","product-type":[583],"class_list":["post-1291","product","type-product","status-publish","has-post-thumbnail","hentry","product-type-chicken-turkey"],"_links":{"self":[{"href":"https:\/\/www.meatprocessingmachine.org\/vi\/wp-json\/wp\/v2\/product\/1291","targetHints":{"allow":["GET"]}}],"collection":[{"href":"https:\/\/www.meatprocessingmachine.org\/vi\/wp-json\/wp\/v2\/product"}],"about":[{"href":"https:\/\/www.meatprocessingmachine.org\/vi\/wp-json\/wp\/v2\/types\/product"}],"author":[{"embeddable":true,"href":"https:\/\/www.meatprocessingmachine.org\/vi\/wp-json\/wp\/v2\/users\/1"}],"wp:featuredmedia":[{"embeddable":true,"href":"https:\/\/www.meatprocessingmachine.org\/vi\/wp-json\/wp\/v2\/media\/1991"}],"wp:attachment":[{"href":"https:\/\/www.meatprocessingmachine.org\/vi\/wp-json\/wp\/v2\/media?parent=1291"}],"wp:term":[{"taxonomy":"product-type","embeddable":true,"href":"https:\/\/www.meatprocessingmachine.org\/vi\/wp-json\/wp\/v2\/product-type?post=1291"}],"curies":[{"name":"wp","href":"https:\/\/api.w.org\/{rel}","templated":true}]}}