{"id":1323,"date":"2021-06-04T16:36:50","date_gmt":"2021-06-04T08:36:50","guid":{"rendered":"https:\/\/www.meatprocessingmachine.org\/?p=1323"},"modified":"2026-02-12T16:05:15","modified_gmt":"2026-02-12T08:05:15","slug":"meat-roll-cutting-machine","status":"publish","type":"product","link":"https:\/\/www.meatprocessingmachine.org\/vi\/meat-roll-cutting-machine.html","title":{"rendered":"M\u00e1y c\u1eaft th\u1ecbt c\u1eebu | M\u00e1y c\u1eaft th\u1ecbt \u0111\u00f4ng l\u1ea1nh"},"content":{"rendered":"<div class=\"kk-star-ratings kksr-auto kksr-align-right kksr-valign-top\"     data-payload='{&quot;align&quot;:&quot;right&quot;,&quot;id&quot;:&quot;1323&quot;,&quot;slug&quot;:&quot;default&quot;,&quot;valign&quot;:&quot;top&quot;,&quot;ignore&quot;:&quot;&quot;,&quot;reference&quot;:&quot;auto&quot;,&quot;class&quot;:&quot;&quot;,&quot;count&quot;:&quot;0&quot;,&quot;legendonly&quot;:&quot;&quot;,&quot;readonly&quot;:&quot;&quot;,&quot;score&quot;:&quot;0&quot;,&quot;starsonly&quot;:&quot;&quot;,&quot;best&quot;:&quot;5&quot;,&quot;gap&quot;:&quot;5&quot;,&quot;greet&quot;:&quot;Rate this product&quot;,&quot;legend&quot;:&quot;0\\\/5 - (0 b\u00ecnh ch\u1ecdn)&quot;,&quot;size&quot;:&quot;24&quot;,&quot;title&quot;:&quot;Mutton slicing machine | Frozen meat slicer&quot;,&quot;width&quot;:&quot;0&quot;,&quot;_legend&quot;:&quot;{score}\\\/{best} - ({count} {votes})&quot;,&quot;font_factor&quot;:&quot;1.25&quot;}'>              <div class=\"kksr-stars\">      <div class=\"kksr-stars-inactive\">             <div class=\"kksr-star\" data-star=\"1\" style=\"padding-right: 5px\">               <div class=\"kksr-icon\" style=\"width: 24px; height: 24px;\"><\/div>         <\/div>             <div class=\"kksr-star\" data-star=\"2\" style=\"padding-right: 5px\">               <div class=\"kksr-icon\" style=\"width: 24px; height: 24px;\"><\/div>         <\/div>             <div class=\"kksr-star\" data-star=\"3\" style=\"padding-right: 5px\">               <div class=\"kksr-icon\" style=\"width: 24px; height: 24px;\"><\/div>         <\/div>             <div class=\"kksr-star\" data-star=\"4\" style=\"padding-right: 5px\">               <div class=\"kksr-icon\" style=\"width: 24px; height: 24px;\"><\/div>         <\/div>             <div class=\"kksr-star\" data-star=\"5\" style=\"padding-right: 5px\">               <div class=\"kksr-icon\" style=\"width: 24px; height: 24px;\"><\/div>         <\/div>     <\/div>      <div class=\"kksr-stars-active\" style=\"width: 0px;\">             <div class=\"kksr-star\" style=\"padding-right: 5px\">               <div class=\"kksr-icon\" style=\"width: 24px; height: 24px;\"><\/div>         <\/div>             <div class=\"kksr-star\" style=\"padding-right: 5px\">               <div class=\"kksr-icon\" style=\"width: 24px; height: 24px;\"><\/div>         <\/div>             <div class=\"kksr-star\" style=\"padding-right: 5px\">               <div class=\"kksr-icon\" style=\"width: 24px; height: 24px;\"><\/div>         <\/div>             <div class=\"kksr-star\" style=\"padding-right: 5px\">               <div class=\"kksr-icon\" style=\"width: 24px; height: 24px;\"><\/div>         <\/div>             <div class=\"kksr-star\" style=\"padding-right: 5px\">               <div class=\"kksr-icon\" style=\"width: 24px; height: 24px;\"><\/div>         <\/div>     <\/div> <\/div>                   <div class=\"kksr-legend\" style=\"font-size: 19.2px;\">             <span class=\"kksr-muted\">\u0110\u00e1nh gi\u00e1 s\u1ea3n ph\u1ea9m n\u00e0y<\/span>     <\/div>     <\/div>  <p>M\u00e1y c\u1eaft th\u1ecbt c\u1eebu c\u00f3 th\u1ec3 c\u1eaft th\u1ecbt \u0111\u00f4ng l\u1ea1nh th\u00e0nh cu\u1ed9n v\u00e0 c\u00f3 th\u1ec3 l\u00e0m cu\u1ed9n th\u1ecbt c\u1eebu, cu\u1ed9n b\u00f2, cu\u1ed9n l\u1ee3n, v.v. Th\u1ecbt c\u00f3 nhi\u1ec7t \u0111\u1ed9 t\u1eeb 1-8 \u0111\u1ed9 d\u01b0\u1edbi kh\u00f4ng th\u1ec3 x\u1eed l\u00fd tr\u1ef1c ti\u1ebfp th\u00e0nh cu\u1ed9n m\u00e0 kh\u00f4ng c\u1ea7n r\u00e3 \u0111\u00f4ng. V\u00e0 c\u00e1c cu\u1ed9n th\u1ecbt c\u1eaft ra \u0111\u1ea3m b\u1ea3o ho\u00e0n ch\u1ec9nh. <\/p>    <figure class=\"wp-block-embed is-type-video is-provider-youtube wp-block-embed-youtube\"><div class=\"wp-block-embed__wrapper\"> <iframe loading=\"lazy\" title=\"M\u00e1y c\u1eaft th\u1ecbt t\u1ef1 \u0111\u1ed9ng|M\u00e1y c\u1eaft v\u00e0 cu\u1ed9n th\u1ecbt c\u1eebu| |m\u00e1y c\u1eaft th\u1ecbt\" width=\"500\" height=\"281\" src=\"https:\/\/www.youtube.com\/embed\/P0T2Up3MetY?feature=oembed\" frameborder=\"0\" allow=\"accelerometer; autoplay; clipboard-write; encrypted-media; gyroscope; picture-in-picture; web-share\" referrerpolicy=\"strict-origin-when-cross-origin\" allowfullscreen><\/iframe> <\/div><figcaption class=\"wp-element-caption\">Video m\u00e1y c\u1eaft th\u1ecbt \u0111\u00f4ng l\u1ea1nh th\u01b0\u01a1ng m\u1ea1i<\/figcaption><\/figure>    <p>M\u00e1y c\u1eaft th\u1ecbt c\u1eebu c\u00f3 nhi\u1ec1u ch\u1ee9c n\u0103ng, tuy nhi\u00ean kh\u00f4ng ch\u1ec9 c\u00f3 th\u1ec3 c\u1eaft th\u1ecbt th\u00e0nh cu\u1ed9n m\u00e0 c\u00f2n th\u00e0nh l\u00e1t, \u0110\u1ed3ng th\u1eddi, M\u00e1y c\u00f3 th\u1ec3 x\u1eed l\u00fd t\u1ea5t c\u1ea3 c\u00e1c lo\u1ea1i th\u1ecbt kh\u00f4ng x\u01b0\u01a1ng. M\u00e1y c\u1eaft th\u1ecbt c\u1eebu c\u00f3 th\u1ec3 \u0111\u01b0\u1ee3c s\u1eed d\u1ee5ng r\u1ed9ng r\u00e3i trong nh\u00e0 h\u00e0ng, si\u00eau th\u1ecb v\u00e0 nh\u00e0 m\u00e1y ch\u1ebf bi\u1ebfn th\u1ef1c ph\u1ea9m.<\/p>    <h2 class=\"wp-block-heading\" id=\"h-mutton-cutting-machine-advantage\">\u01afu \u0111i\u1ec3m c\u1ee7a m\u00e1y c\u1eaft th\u1ecbt c\u1eebu<\/h2>    <ol class=\"wp-block-list\"> <li>L\u01b0\u1ee1i dao s\u1ea1ch s\u1ebd, d\u1ec5 v\u1ec7 sinh.<\/li>    <li>V\u1ecf v\u00e0 l\u01b0\u1ee1i dao l\u00e0m b\u1eb1ng th\u00e9p kh\u00f4ng g\u1ec9, ch\u1eafc ch\u1eafn v\u00e0 b\u1ec1n, kh\u00f4ng d\u1ec5 b\u1ecb g\u1ec9.<\/li>    <li>\u0110\u1ed9 d\u00e0y c\u1ee7a s\u1ea3n ph\u1ea9m \u0111\u1ed3ng \u0111\u1ec1u, n\u0103ng su\u1ea5t m\u00e1y cao.<\/li>    <li>B\u1ea3ng \u0111i\u1ec1u khi\u1ec3n m\u00e0n h\u00ecnh l\u1edbn, ki\u1ec3m so\u00e1t d\u1ec5 d\u00e0ng h\u01a1n.<\/li> <\/ol>    <figure class=\"wp-block-image size-full\"><img loading=\"lazy\" decoding=\"async\" width=\"750\" height=\"750\" src=\"https:\/\/www.meatprocessingmachine.org\/wp-content\/uploads\/2021\/09\/cutting-and-Rolling-Machine.jpg\" alt=\"mutton slicing machine\" class=\"wp-image-2006\" title=\"\" srcset=\"https:\/\/www.meatprocessingmachine.org\/wp-content\/uploads\/2021\/09\/cutting-and-Rolling-Machine.jpg 750w, https:\/\/www.meatprocessingmachine.org\/wp-content\/uploads\/2021\/09\/cutting-and-Rolling-Machine-300x300.jpg 300w, https:\/\/www.meatprocessingmachine.org\/wp-content\/uploads\/2021\/09\/cutting-and-Rolling-Machine-150x150.jpg 150w\" sizes=\"auto, (max-width: 750px) 100vw, 750px\" \/><figcaption class=\"wp-element-caption\">M\u00e1y c\u1eaft v\u00e0 cu\u1ed9n<\/figcaption><\/figure>    <h2 class=\"wp-block-heading\" id=\"h-the-principle-of-mutton-slicing-machine\">Nguy\u00ean l\u00fd c\u1ee7a m\u00e1y c\u1eaft th\u1ecbt c\u1eebu<\/h2>    <p>M\u00e1y c\u1eaft v\u00e0 cu\u1ed9n th\u1ecbt c\u1eebu c\u00f3 th\u1ec3 nhanh ch\u00f3ng c\u1eaft th\u1ecbt \u0111\u00f4ng \u0111\u00e1 th\u00e0nh l\u00e1t m\u1ecfng v\u00e0 cu\u1ed9n th\u1ecbt m\u1ecfng. \u0110\u1ed9 d\u00e0y c\u00f3 th\u1ec3 \u0111i\u1ec1u ch\u1ec9nh, Ngo\u00e0i ra, Khi \u0111\u1ed9 d\u00e0y c\u1ee7a th\u1ecbt d\u01b0\u1edbi 3mm, n\u00f3 s\u1ebd c\u00f3 d\u1ea1ng cu\u1ed9n. N\u1ebfu h\u01a1n 3mm, s\u1ebd c\u1eaft l\u00e1t. M\u1eb7t kh\u00e1c, nhi\u1ec7t \u0111\u1ed9 c\u1ee7a th\u1ecbt c\u0169ng r\u1ea5t quan tr\u1ecdng. <\/p>    <p>N\u1ebfu nhi\u1ec7t \u0111\u1ed9 c\u1ee7a th\u1ecbt kh\u00f4ng \u0111\u1ee7 th\u1ea5p, ch\u1ec9 khi nhi\u1ec7t \u0111\u1ed9 trong ph\u1ea1m vi 0 \u2014 -7\u2103, m\u1edbi c\u00f3 th\u1ec3 cu\u1ed9n, n\u1ebfu kh\u00f4ng, kh\u00f4ng th\u1ec3. V\u00ec v\u1eady, nhi\u1ec7t \u0111\u1ed9 v\u00e0 \u0111\u1ed9 d\u00e0y l\u00e0 c\u00e1c y\u1ebfu t\u1ed1 quy\u1ebft \u0111\u1ecbnh. Sau c\u00e1c th\u1eed nghi\u1ec7m v\u00e0 nghi\u00ean c\u1ee9u, \u0111\u1ed9 d\u00e0y l\u00fd t\u01b0\u1edfng c\u1ee7a l\u00e1t th\u1ecbt \u0111\u1ec1 xu\u1ea5t l\u00e0 1.7mm, \u0111\u1ed3ng th\u1eddi, nhi\u1ec7t \u0111\u1ed9 c\u1ee7a th\u1ecbt \u0111\u00f4ng l\u1ea1nh kh\u00f4ng n\u00ean qu\u00e1 th\u1ea5p, n\u1ebfu kh\u00f4ng, c\u00e1c cu\u1ed9n th\u1ecbt c\u1eaft ra s\u1ebd d\u1ec5 b\u1ecb g\u00e3y.<\/p>   <div class=\"wp-block-image\"> <figure class=\"aligncenter size-large is-resized\"><img loading=\"lazy\" decoding=\"async\" width=\"720\" height=\"540\" src=\"https:\/\/www.meatprocessingmachine.org\/wp-content\/uploads\/2021\/06\/02.jpg\" alt=\"Lamb Cutting \" class=\"wp-image-1326\" style=\"width:540px;height:405px\" title=\"\" srcset=\"https:\/\/www.meatprocessingmachine.org\/wp-content\/uploads\/2021\/06\/02.jpg 720w, https:\/\/www.meatprocessingmachine.org\/wp-content\/uploads\/2021\/06\/02-300x225.jpg 300w\" sizes=\"auto, (max-width: 720px) 100vw, 720px\" \/><\/figure> <\/div>   <h2 class=\"wp-block-heading\" id=\"h-mutton-cutting-machine-structure\">C\u1ea5u tr\u00fac m\u00e1y c\u1eaft th\u1ecbt c\u1eebu<\/h2>    <p>M\u00e1y c\u1eaft th\u1ecbt c\u1eebu ch\u1ee7 y\u1ebfu g\u1ed3m b\u00e0n n\u1ea1p th\u1ecbt, thanh th\u1ecbt tr\u00ean, b\u1ed9 dao th\u00e9p kh\u00f4ng g\u1ec9, v\u00e0 m\u00e0n h\u00ecnh \u0111i\u1ec1u khi\u1ec3n. M\u00e1y c\u1eaft v\u00e0 cu\u1ed9n c\u00f3 c\u1ea5u tr\u00fac h\u1ee3p l\u00fd v\u00e0 l\u01b0\u1ee1i dao s\u1eafc. Khi c\u1eaft th\u1ecbt, c\u1ea7n gi\u1eef th\u1ecbt d\u00ednh v\u00e0o r\u00e3nh c\u1ed1 \u0111\u1ecbnh. <\/p>    <p>Sau \u0111\u00f3, thanh \u0111\u1ea9y ph\u00eda sau s\u1ebd \u0111\u1ea9y th\u1ecbt v\u1ec1 ph\u00eda tr\u01b0\u1edbc, l\u01b0\u1ee1i dao c\u1eaft v\u1edbi t\u1ed1c \u0111\u1ed9 \u0111\u1ec1u, v\u00e0 th\u1ecbt \u0111\u01b0\u1ee3c c\u1eaft th\u00e0nh cu\u1ed9n m\u1ecfng v\u00e0 \u0111\u1ec1u. Cu\u1ed9n c\u1eaft nhanh \u0111\u1ea3m b\u1ea3o c\u00e1c cu\u1ed9n th\u1ecbt \u0111\u01b0\u1ee3c \u0111\u1ecbnh h\u00ecnh t\u1ed1t v\u00e0 kh\u00f4ng d\u1ec5 b\u1ecb g\u00e3y. Ngo\u00e0i ra, m\u00e1y c\u1eaft th\u1ecbt c\u00f3 v\u1ebb ngo\u00e0i \u0111\u1eb9p, thao t\u00e1c \u0111\u01a1n gi\u1ea3n, hi\u1ec7u qu\u1ea3 cao, ti\u00eau th\u1ee5 \u0111i\u1ec7n n\u0103ng th\u1ea5p, d\u1ec5 v\u1ec7 sinh v\u00e0 b\u1ea3o tr\u00ec.<\/p>    <figure class=\"wp-block-image size-full\"><img loading=\"lazy\" decoding=\"async\" width=\"720\" height=\"540\" src=\"https:\/\/www.meatprocessingmachine.org\/wp-content\/uploads\/2021\/09\/lamb-rolling-machine-2.jpg\" alt=\"mutton slicing machine\" class=\"wp-image-2003\" title=\"\" srcset=\"https:\/\/www.meatprocessingmachine.org\/wp-content\/uploads\/2021\/09\/lamb-rolling-machine-2.jpg 720w, https:\/\/www.meatprocessingmachine.org\/wp-content\/uploads\/2021\/09\/lamb-rolling-machine-2-300x225.jpg 300w\" sizes=\"auto, (max-width: 720px) 100vw, 720px\" \/><figcaption class=\"wp-element-caption\"> M\u00e1y cu\u1ed9n th\u1ecbt c\u1eebu<\/figcaption><\/figure>    <h2 class=\"wp-block-heading\" id=\"h-frozen-meat-slicer-parameters-take-six-volumes-as-an-example\">Th\u00f4ng s\u1ed1 k\u1ef9 thu\u1eadt c\u1ee7a m\u00e1y c\u1eaft th\u1ecbt \u0111\u00f4ng l\u1ea1nh (l\u1ea5y s\u00e1u th\u1ec3 t\u00edch l\u00e0m v\u00ed d\u1ee5)<\/h2>    <figure class=\"wp-block-table\"><table><tbody><tr><td>Th\u00f4ng s\u1ed1 k\u1ef9 thu\u1eadt<\/td><td>\u0110i\u1ec7n \u00e1p<\/td><td>Chi\u1ec1u d\u00e0i l\u00e1t (mm)<\/td><td>Chi\u1ec1u r\u1ed9ng l\u00e1t (mm)<\/td><td>C\u00f4ng su\u1ea5t(kw)<\/td><td>Tr\u1ecdng l\u01b0\u1ee3ng t\u1ed5ng (kg)<\/td><td>C\u00f4ng su\u1ea5t(kg\/h)<\/td><td>\u0110\u1ed9 d\u00e0y x\u1eed l\u00fd (mm)<\/td><td>Chi\u1ec1u cao c\u1eaft (mm)<\/td><td>K\u00edch th\u01b0\u1edbc thi\u1ebft b\u1ecb (mm)<\/td><\/tr><tr><td>CNC m\u1ed9t cu\u1ed9n<\/td><td>220V\/50HZ<\/td><td>450<\/td><td>160<\/td><td>750<\/td><td>160<\/td><td>50<\/td><td>0-kh\u00f4ng gi\u1edbi h\u1ea1n<\/td><td>180<\/td><td>1150*410*960<\/td><\/tr><tr><td>CNC hai th\u1ec3 t\u00edch<\/td><td>220V\/50HZ<\/td><td>600<\/td><td>270<\/td><td>2200<\/td><td>200<\/td><td>50-300<\/td><td>0-kh\u00f4ng gi\u1edbi h\u1ea1n<\/td><td>180<\/td><td>1200*560*1200<\/td><\/tr><tr><td>CNC b\u1ed1n th\u1ec3 t\u00edch<\/td><td>380\/50HZ<\/td><td>600<\/td><td>510<\/td><td>3000<\/td><td>320<\/td><td>50-600<\/td><td>0-kh\u00f4ng gi\u1edbi h\u1ea1n<\/td><td>180<\/td><td>1200*800*1200<\/td><\/tr><tr><td>CNC s\u00e1u th\u1ec3 t\u00edch<\/td><td>380\/50HZ<\/td><td>600<\/td><td>730<\/td><td>3000<\/td><td>400<\/td><td>50-900<\/td><td>0-kh\u00f4ng gi\u1edbi h\u1ea1n<\/td><td>180<\/td><td>1200*1010*1200<\/td><\/tr><tr><td>CNC t\u00e1m th\u1ec3 t\u00edch<\/td><td>380\/50H<\/td><td>600<\/td><td>920<\/td><td>4000<\/td><td>500<\/td><td>50-1200<\/td><td>0-kh\u00f4ng gi\u1edbi h\u1ea1n<\/td><td>180<\/td><td>1200*1320*1200<\/td><\/tr><\/tbody><\/table><figcaption class=\"wp-element-caption\">Th\u00f4ng s\u1ed1 k\u1ef9 thu\u1eadt c\u1ee7a m\u00e1y c\u1eaft th\u1ecbt \u0111\u00f4ng l\u1ea1nh th\u01b0\u01a1ng m\u1ea1i<\/figcaption><\/figure>    <p>Ch\u00fang t\u00f4i c\u0169ng cung c\u1ea5p m\u00e1y c\u1eaft th\u1ecbt c\u1eebu hai th\u1ec3 t\u00edch, b\u1ed1n th\u1ec3 t\u00edch, s\u00e1u th\u1ec3 t\u00edch v\u00e0 t\u00e1m th\u1ec3 t\u00edch. M\u00e1y c\u1eaft th\u1ecbt c\u1eebu t\u00e1m cu\u1ed9n c\u00f3 hi\u1ec7u su\u1ea5t l\u00e0m vi\u1ec7c cao nh\u1ea5t v\u00e0 s\u1ea3n l\u01b0\u1ee3ng l\u1edbn nh\u1ea5t, ph\u00f9 h\u1ee3p cho c\u00e1c nh\u00e0 m\u00e1y ch\u1ebf bi\u1ebfn th\u1ef1c ph\u1ea9m l\u1edbn h\u01a1n. V\u00ec v\u1eady, b\u1ea1n c\u00f3 th\u1ec3 mua m\u00e1y ph\u00f9 h\u1ee3p v\u1edbi nhu c\u1ea7u s\u1ea3n xu\u1ea5t c\u1ee7a m\u00ecnh.<\/p>    <figure class=\"wp-block-image size-large is-resized\"><img loading=\"lazy\" decoding=\"async\" width=\"1024\" height=\"769\" src=\"https:\/\/www.meatprocessingmachine.org\/wp-content\/uploads\/2021\/09\/Different-types-of-lamb-rolling-machine-1024x769.jpg\" alt=\"th\u1ecbt kh\u00f4ng x\u01b0\u01a1ng\" class=\"wp-image-2001\" style=\"width:720px;height:540px\" title=\"\" srcset=\"https:\/\/www.meatprocessingmachine.org\/wp-content\/uploads\/2021\/09\/Different-types-of-lamb-rolling-machine-1024x769.jpg 1024w, https:\/\/www.meatprocessingmachine.org\/wp-content\/uploads\/2021\/09\/Different-types-of-lamb-rolling-machine-300x225.jpg 300w, https:\/\/www.meatprocessingmachine.org\/wp-content\/uploads\/2021\/09\/Different-types-of-lamb-rolling-machine-768x577.jpg 768w, https:\/\/www.meatprocessingmachine.org\/wp-content\/uploads\/2021\/09\/Different-types-of-lamb-rolling-machine-1536x1153.jpg 1536w, https:\/\/www.meatprocessingmachine.org\/wp-content\/uploads\/2021\/09\/Different-types-of-lamb-rolling-machine-2048x1538.jpg 2048w\" sizes=\"auto, (max-width: 1024px) 100vw, 1024px\" \/><figcaption class=\"wp-element-caption\">C\u00e1c lo\u1ea1i m\u00e1y cu\u1ed9n th\u1ecbt c\u1eebu kh\u00e1c nhau<\/figcaption><\/figure>    <h2 class=\"wp-block-heading\">Chu\u1ea9n b\u1ecb nguy\u00ean li\u1ec7u th\u00f4<\/h2>    <p>Trong qu\u00e1 tr\u00ecnh ch\u1ebf bi\u1ebfn th\u1ecbt, c\u00f3 nhi\u1ec1u th\u1ecbt b\u0103m, v\u1eady x\u1eed l\u00fd th\u1ecbt b\u0103m nh\u01b0 th\u1ebf n\u00e0o? Th\u1ecbt c\u00f3 th\u1ec3 nghi\u1ec1n nhuy\u1ec5n tr\u01b0\u1edbc, r\u1ed3i xay b\u1eb1ng m\u00e1y xay th\u1ecbt t\u01b0\u01a1i v\u00e0 \u0111\u00f3ng g\u00f3i. Sau khi \u0111\u00f4ng l\u1ea1nh, l\u1ea5y ra \u0111\u1ec3 c\u1eaft th\u00e0nh l\u00e1t ho\u1eb7c cu\u1ed9n, \u0111\u1ec3 t\u1eadn d\u1ee5ng ph\u1ea7n th\u1eeba c\u1ee7a th\u1ecbt \u0111\u1ec3 l\u00e0m s\u1ea3n ph\u1ea9m ho\u00e0n ch\u1ec9nh.<\/p>    <h2 class=\"wp-block-heading\" id=\"h-mutton-slicing-machine-precautions\">C\u00e1c l\u01b0u \u00fd khi s\u1eed d\u1ee5ng m\u00e1y c\u1eaft th\u1ecbt c\u1eebu<\/h2>    <figure class=\"wp-block-image size-large is-resized\"><img loading=\"lazy\" decoding=\"async\" width=\"768\" height=\"1024\" src=\"https:\/\/www.meatprocessingmachine.org\/wp-content\/uploads\/2021\/09\/lamb-rolling-machine-1-768x1024.jpg\" alt=\"mutton slicing machine\" class=\"wp-image-2004\" style=\"width:720px;height:540px\" title=\"\" srcset=\"https:\/\/www.meatprocessingmachine.org\/wp-content\/uploads\/2021\/09\/lamb-rolling-machine-1-768x1024.jpg 768w, https:\/\/www.meatprocessingmachine.org\/wp-content\/uploads\/2021\/09\/lamb-rolling-machine-1-225x300.jpg 225w, https:\/\/www.meatprocessingmachine.org\/wp-content\/uploads\/2021\/09\/lamb-rolling-machine-1-1152x1536.jpg 1152w, https:\/\/www.meatprocessingmachine.org\/wp-content\/uploads\/2021\/09\/lamb-rolling-machine-1-1536x2048.jpg 1536w, https:\/\/www.meatprocessingmachine.org\/wp-content\/uploads\/2021\/09\/lamb-rolling-machine-1-scaled.jpg 1920w\" sizes=\"auto, (max-width: 768px) 100vw, 768px\" \/><figcaption class=\"wp-element-caption\">M\u00e1y c\u1eaft v\u00e0 cu\u1ed9n<\/figcaption><\/figure>    <ol class=\"wp-block-list\"> <li>Khi c\u1eaft th\u1ecbt, nhi\u1ec7t \u0111\u1ed9 c\u1ee7a th\u1ecbt n\u00ean \u1edf m\u1ee9c v\u1eeba ph\u1ea3i. Th\u1ecbt qu\u00e1 c\u1ee9ng s\u1ebd g\u00e2y h\u01b0 h\u1ecfng l\u01b0\u1ee1i dao.<\/li>    <li>Khi c\u1eaft l\u00e1t th\u1ecbt v\u00e0 cu\u1ed9n th\u1ecbt, c\u1ea7n l\u1ea5y x\u01b0\u01a1ng ra.<\/li>    <li>Ch\u00fa \u00fd v\u1ec7 sinh v\u00e0 b\u1ea3o tr\u00ec h\u00e0ng ng\u00e0y sau khi s\u1eed d\u1ee5ng.<\/li> <\/ol>    <h2 class=\"wp-block-heading\">S\u1eed d\u1ee5ng h\u00e0ng ng\u00e0y v\u00e0 b\u1ea3o tr\u00ec m\u00e1y c\u1eaft th\u1ecbt c\u1eebu<\/h2>    <ul class=\"wp-block-list\"> <li>Trong qu\u00e1 tr\u00ecnh ho\u1ea1t \u0111\u1ed9ng c\u1ee7a m\u00e1y c\u1eaft th\u1ecbt c\u1eebu, ki\u1ec3m tra xem c\u00f3 d\u1ea7u b\u00f4i tr\u01a1n trong hai b\u00ecnh d\u1ea7u kh\u00f4ng. N\u1ebfu kh\u00f4ng, th\u00eam d\u1ea7u b\u00f4i tr\u01a1n.<\/li>    <li>B\u1eadt ngu\u1ed3n v\u00e0 ki\u1ec3m tra xem chi\u1ec1u quay c\u1ee7a \u0111\u1ed9ng c\u01a1 c\u00f3 ph\u00f9 h\u1ee3p v\u1edbi chi\u1ec1u quay y\u00eau c\u1ea7u c\u1ee7a m\u00e1y kh\u00f4ng.<\/li>    <li>M\u1ed7i l\u1ea7n n\u00e2ng dao l\u00ean v\u1ecb tr\u00ed cao nh\u1ea5t, b\u00e0n c\u1ea5p li\u1ec7u ti\u1ebfn l\u00ean m\u1ed9t ch\u00fat, v\u00e0 \u0111\u1ed9ng c\u01a1 quay \u0111\u00fang chi\u1ec1u. Ng\u01b0\u1ee3c l\u1ea1i, khi dao h\u1ea1 xu\u1ed1ng v\u1ecb tr\u00ed th\u1ea5p nh\u1ea5t, b\u00e0n c\u1ea5p li\u1ec7u ti\u1ebfn l\u00ean, v\u00e0 quay c\u1ee7a \u0111\u1ed9ng c\u01a1 \u0111\u1ea3o chi\u1ec1u, ch\u1ec9 c\u1ea7n \u0111i\u1ec1u ch\u1ec9nh quay c\u1ee7a \u0111\u1ed9ng c\u01a1, n\u1ebfu dao v\u00e0 b\u00e0n c\u1ea5p li\u1ec7u kh\u00f4ng ph\u1ed1i h\u1ee3p, m\u1edf n\u1eafp b\u1ea3o v\u1ec7 theo chi\u1ec1u ng\u01b0\u1ee3c l\u1ea1i c\u1ee7a b\u1ea3ng \u0111i\u1ec1u khi\u1ec3n, \u0111i\u1ec1u ch\u1ec9nh nh\u1eb9 b\u1ed9 \u0111i\u1ec1u ch\u1ec9nh n\u00e2ng.<\/li>    <li>\u0110\u1ed1i v\u1edbi c\u00e1c b\u1ed9 ph\u1eadn c\u1ee7a m\u00e1y m\u00f3c v\u00e0 thi\u1ebft b\u1ecb, s\u1eed d\u1ee5ng d\u1ea7u \u0103n ho\u1eb7c d\u1ea7u b\u00f4i tr\u01a1n sau khi l\u00e0m s\u1ea1ch \u0111\u1ec3 gi\u1ea3m m\u00e0i m\u00f2n v\u00e0 t\u0103ng tu\u1ed5i th\u1ecd c\u1ee7a thi\u1ebft b\u1ecb.<\/li> <\/ul>    <figure class=\"wp-block-gallery has-nested-images columns-2 is-cropped wp-block-gallery-2 is-layout-flex wp-block-gallery-is-layout-flex\"> <figure class=\"wp-block-image size-large\"><img loading=\"lazy\" decoding=\"async\" width=\"719\" height=\"540\" data-id=\"2009\" src=\"https:\/\/www.meatprocessingmachine.org\/wp-content\/uploads\/2021\/09\/1.0.png\" alt=\"\" class=\"wp-image-2009\" title=\"\" srcset=\"https:\/\/www.meatprocessingmachine.org\/wp-content\/uploads\/2021\/09\/1.0.png 719w, https:\/\/www.meatprocessingmachine.org\/wp-content\/uploads\/2021\/09\/1.0-300x225.png 300w\" sizes=\"auto, (max-width: 719px) 100vw, 719px\" \/><figcaption><\/figcaption><\/figure>    <figure class=\"wp-block-image size-large\"><img loading=\"lazy\" decoding=\"async\" width=\"540\" height=\"540\" data-id=\"2013\" src=\"https:\/\/www.meatprocessingmachine.org\/wp-content\/uploads\/2021\/09\/3.0-1.png\" alt=\"\" class=\"wp-image-2013\" title=\"\" srcset=\"https:\/\/www.meatprocessingmachine.org\/wp-content\/uploads\/2021\/09\/3.0-1.png 540w, https:\/\/www.meatprocessingmachine.org\/wp-content\/uploads\/2021\/09\/3.0-1-300x300.png 300w, https:\/\/www.meatprocessingmachine.org\/wp-content\/uploads\/2021\/09\/3.0-1-150x150.png 150w\" sizes=\"auto, (max-width: 540px) 100vw, 540px\" \/><figcaption><\/figcaption><\/figure>    <figure class=\"wp-block-image size-large\"><img loading=\"lazy\" decoding=\"async\" width=\"720\" height=\"540\" data-id=\"2012\" src=\"https:\/\/www.meatprocessingmachine.org\/wp-content\/uploads\/2021\/09\/4.0.png\" alt=\"\" class=\"wp-image-2012\" title=\"\" srcset=\"https:\/\/www.meatprocessingmachine.org\/wp-content\/uploads\/2021\/09\/4.0.png 720w, https:\/\/www.meatprocessingmachine.org\/wp-content\/uploads\/2021\/09\/4.0-300x225.png 300w\" sizes=\"auto, (max-width: 720px) 100vw, 720px\" \/><figcaption><\/figcaption><\/figure>    <figure class=\"wp-block-image size-large\"><img loading=\"lazy\" decoding=\"async\" width=\"719\" height=\"540\" data-id=\"2010\" src=\"https:\/\/www.meatprocessingmachine.org\/wp-content\/uploads\/2021\/09\/2.0.png\" alt=\"\" class=\"wp-image-2010\" title=\"\" srcset=\"https:\/\/www.meatprocessingmachine.org\/wp-content\/uploads\/2021\/09\/2.0.png 719w, https:\/\/www.meatprocessingmachine.org\/wp-content\/uploads\/2021\/09\/2.0-300x225.png 300w\" sizes=\"auto, (max-width: 719px) 100vw, 719px\" \/><figcaption><\/figcaption><\/figure> <figcaption class=\"blocks-gallery-caption wp-element-caption\">M\u00e1y c\u1eaft th\u1ecbt \u0111\u00f4ng l\u1ea1nh <\/figcaption><\/figure>    <ul class=\"wp-block-list\"> <li>Th\u01b0\u1eddng xuy\u00ean ki\u1ec3m tra xem d\u1ea7u b\u00f4i tr\u01a1n trong h\u1ed9p s\u1ed1 turbine c\u00f3 h\u1ebft kh\u00f4ng. N\u1ebfu l\u01b0\u1ee3ng d\u1ea7u th\u1ea5p h\u01a1n \u0111\u1ed3ng h\u1ed3 \u0111o d\u1ea7u trong su\u1ed1t, c\u1ea7n b\u1ed5 sung d\u1ea7u.<\/li>    <li>Khi kh\u00f4ng s\u1eed d\u1ee5ng dao, ch\u00fang n\u00ean \u0111\u01b0\u1ee3c m\u00e0i b\u1eb1ng d\u1ee5ng c\u1ee5 m\u00e0i, sau \u0111\u00f3 m\u00e0i b\u1eb1ng \u0111\u00e1 m\u00e0i, r\u1ed3i \u0111\u1eb7t ph\u1eb3ng v\u1edbi n\u01b0\u1edbc \u1ea5m, n\u01b0\u1edbc \u1ea5m, v\u00e0 ch\u1ea5t t\u1ea9y r\u1eeda, v\u00e0 ph\u1ea3i s\u1eed d\u1ee5ng l\u1ea7n ti\u1ebfp theo.<\/li>    <li>Trong qu\u00e1 tr\u00ecnh l\u00e0m vi\u1ec7c, kh\u00f4ng \u0111\u01b0a tay g\u1ea7n \u0111\u1ec3 tr\u00e1nh b\u1ecb c\u1eaft; kh\u00f4ng \u0111\u1ec3 v\u1eadt d\u1ec5 ch\u00e1y g\u1ea7n \u0111\u1ec3 tr\u00e1nh tai n\u1ea1n nguy hi\u1ec3m.<\/li>    <li>Trong m\u1ed7i ca l\u00e0m vi\u1ec7c, ki\u1ec3m tra xem c\u00f3 thi\u1ebfu Di trong tr\u01b0\u1ee3t kh\u00f4ng v\u00e0 xem v\u00edt dao c\u00f3 l\u1ecfng kh\u00f4ng.<\/li> <\/ul>","protected":false},"excerpt":{"rendered":"<p>The lamb cutting and rolling machine can cut frozen meat into rolls, and can make mutton rolls, beef rolls, pork rolls, etc. Meat with a temperature of 1-8 degrees below zero can be directly processed into rolls without thawing\uff0cand the cut meat rolls are guaranteed to be complete.<\/p>","protected":false},"author":1,"featured_media":1987,"parent":0,"template":"","product-type":[582],"class_list":["post-1323","product","type-product","status-publish","has-post-thumbnail","hentry","product-type-cattle-sheep"],"_links":{"self":[{"href":"https:\/\/www.meatprocessingmachine.org\/vi\/wp-json\/wp\/v2\/product\/1323","targetHints":{"allow":["GET"]}}],"collection":[{"href":"https:\/\/www.meatprocessingmachine.org\/vi\/wp-json\/wp\/v2\/product"}],"about":[{"href":"https:\/\/www.meatprocessingmachine.org\/vi\/wp-json\/wp\/v2\/types\/product"}],"author":[{"embeddable":true,"href":"https:\/\/www.meatprocessingmachine.org\/vi\/wp-json\/wp\/v2\/users\/1"}],"wp:featuredmedia":[{"embeddable":true,"href":"https:\/\/www.meatprocessingmachine.org\/vi\/wp-json\/wp\/v2\/media\/1987"}],"wp:attachment":[{"href":"https:\/\/www.meatprocessingmachine.org\/vi\/wp-json\/wp\/v2\/media?parent=1323"}],"wp:term":[{"taxonomy":"product-type","embeddable":true,"href":"https:\/\/www.meatprocessingmachine.org\/vi\/wp-json\/wp\/v2\/product-type?post=1323"}],"curies":[{"name":"wp","href":"https:\/\/api.w.org\/{rel}","templated":true}]}}