{"id":1346,"date":"2021-06-10T17:20:03","date_gmt":"2021-06-10T09:20:03","guid":{"rendered":"https:\/\/www.meatprocessingmachine.org\/?p=1346"},"modified":"2026-02-12T16:03:33","modified_gmt":"2026-02-12T08:03:33","slug":"chicken-cutter-machinechicken-cubing-machine","status":"publish","type":"product","link":"https:\/\/www.meatprocessingmachine.org\/vi\/chicken-cutter-machinechicken-cubing-machine.html","title":{"rendered":"M\u00e1y c\u1eaft g\u00e0 \u0111\u1ec3 b\u00e1n | m\u00e1y c\u1eaft th\u1ecbt"},"content":{"rendered":"<div class=\"kk-star-ratings kksr-auto kksr-align-right kksr-valign-top\"     data-payload='{&quot;align&quot;:&quot;right&quot;,&quot;id&quot;:&quot;1346&quot;,&quot;slug&quot;:&quot;default&quot;,&quot;valign&quot;:&quot;top&quot;,&quot;ignore&quot;:&quot;&quot;,&quot;reference&quot;:&quot;auto&quot;,&quot;class&quot;:&quot;&quot;,&quot;count&quot;:&quot;0&quot;,&quot;legendonly&quot;:&quot;&quot;,&quot;readonly&quot;:&quot;&quot;,&quot;score&quot;:&quot;0&quot;,&quot;starsonly&quot;:&quot;&quot;,&quot;best&quot;:&quot;5&quot;,&quot;gap&quot;:&quot;5&quot;,&quot;greet&quot;:&quot;Rate this product&quot;,&quot;legend&quot;:&quot;0\\\/5 - (0 b\u00ecnh ch\u1ecdn)&quot;,&quot;size&quot;:&quot;24&quot;,&quot;title&quot;:&quot;Chicken cutting machine for sale | meat cutter machine&quot;,&quot;width&quot;:&quot;0&quot;,&quot;_legend&quot;:&quot;{score}\\\/{best} - ({count} {votes})&quot;,&quot;font_factor&quot;:&quot;1.25&quot;}'>              <div class=\"kksr-stars\">      <div class=\"kksr-stars-inactive\">             <div class=\"kksr-star\" data-star=\"1\" style=\"padding-right: 5px\">               <div class=\"kksr-icon\" style=\"width: 24px; height: 24px;\"><\/div>         <\/div>             <div class=\"kksr-star\" data-star=\"2\" style=\"padding-right: 5px\">               <div class=\"kksr-icon\" style=\"width: 24px; height: 24px;\"><\/div>         <\/div>             <div class=\"kksr-star\" data-star=\"3\" style=\"padding-right: 5px\">               <div class=\"kksr-icon\" style=\"width: 24px; height: 24px;\"><\/div>         <\/div>             <div class=\"kksr-star\" data-star=\"4\" style=\"padding-right: 5px\">               <div class=\"kksr-icon\" style=\"width: 24px; height: 24px;\"><\/div>         <\/div>             <div class=\"kksr-star\" data-star=\"5\" style=\"padding-right: 5px\">               <div class=\"kksr-icon\" style=\"width: 24px; height: 24px;\"><\/div>         <\/div>     <\/div>      <div class=\"kksr-stars-active\" style=\"width: 0px;\">             <div class=\"kksr-star\" style=\"padding-right: 5px\">               <div class=\"kksr-icon\" style=\"width: 24px; height: 24px;\"><\/div>         <\/div>             <div class=\"kksr-star\" style=\"padding-right: 5px\">               <div class=\"kksr-icon\" style=\"width: 24px; height: 24px;\"><\/div>         <\/div>             <div class=\"kksr-star\" style=\"padding-right: 5px\">               <div class=\"kksr-icon\" style=\"width: 24px; height: 24px;\"><\/div>         <\/div>             <div class=\"kksr-star\" style=\"padding-right: 5px\">               <div class=\"kksr-icon\" style=\"width: 24px; height: 24px;\"><\/div>         <\/div>             <div class=\"kksr-star\" style=\"padding-right: 5px\">               <div class=\"kksr-icon\" style=\"width: 24px; height: 24px;\"><\/div>         <\/div>     <\/div> <\/div>                   <div class=\"kksr-legend\" style=\"font-size: 19.2px;\">             <span class=\"kksr-muted\">\u0110\u00e1nh gi\u00e1 s\u1ea3n ph\u1ea9m n\u00e0y<\/span>     <\/div>     <\/div>  <p>M\u00e1y c\u1eaft g\u00e0 c\u00f3 th\u1ec3 c\u1eaft g\u00e0, v\u1ecbt, c\u00e1 th\u00e0nh t\u1eebng mi\u1ebfng. V\u00e0 n\u00f3 kh\u00f4ng ch\u1ec9 c\u1eaft th\u1ecbt t\u01b0\u01a1i m\u00e0 c\u00f2n th\u1ecbt \u0111\u00f4ng l\u1ea1nh. Gi\u1ed1ng nh\u01b0 c\u1eaft th\u1ecbt th\u1ee7 c\u00f4ng, v\u00e0 kh\u00f4ng t\u1ea1o ra th\u1ecbt xay. V\u1ec7 sinh, an to\u00e0n v\u00e0 d\u1ec5 v\u1eadn h\u00e0nh.<\/p>    <p class=\"translation-block\">Do \u0111\u00f3, ph\u00f9 h\u1ee3p \u0111\u1ec3 s\u1eed d\u1ee5ng trong c\u00e1c nh\u00e0 m\u00e1y ch\u1ebf bi\u1ebfn th\u1ef1c ph\u1ea9m, c\u0103ng tin l\u1edbn. C\u00e1c l\u00f2 m\u1ed5, ch\u1ebf bi\u1ebfn c\u00e1 nh\u00e2n, <a href=\"https:\/\/en.wikipedia.org\/wiki\/Supermarket\" target=\"_blank\" rel=\"noopener\">si\u00eau th\u1ecb<\/a>, nh\u00e0 h\u00e0ng v\u00e0 c\u00e1c n\u01a1i kh\u00e1c c\u0169ng c\u00f3 th\u1ec3 s\u1eed d\u1ee5ng.<\/p>    <h2 class=\"wp-block-heading\">Hi\u1ec3n th\u1ecb ho\u1ea1t \u0111\u1ed9ng c\u1ee7a m\u00e1y c\u1eaft g\u00e0<\/h2>    <figure class=\"wp-block-embed is-type-video is-provider-youtube wp-block-embed-youtube wp-embed-aspect-16-9 wp-has-aspect-ratio\"><div class=\"wp-block-embed__wrapper\"> <iframe loading=\"lazy\" title=\"m\u00e1y c\u1eaft g\u00e0|m\u00e1y c\u1eaft g\u00e0 |m\u00e1y c\u1eaft g\u00e0 vi\u00ean|m\u00e1y th\u00e1i th\u1ecbt\" width=\"500\" height=\"281\" src=\"https:\/\/www.youtube.com\/embed\/H23aHETKtas?feature=oembed\" frameborder=\"0\" allow=\"accelerometer; autoplay; clipboard-write; encrypted-media; gyroscope; picture-in-picture; web-share\" referrerpolicy=\"strict-origin-when-cross-origin\" allowfullscreen><\/iframe> <\/div><figcaption class=\"wp-element-caption\">M\u00e1y c\u1eaft g\u00e0<\/figcaption><\/figure>    <h2 class=\"wp-block-heading\" id=\"h-advantages-of-the-chicken-cutter-machine\">\u01afu \u0111i\u1ec3m c\u1ee7a m\u00e1y c\u1eaft g\u00e0<\/h2>    <ol class=\"wp-block-list\"> <li>M\u00e1y c\u1eaft g\u00e0 c\u00f3 th\u1ec3 \u0111\u1eb7t nguy\u00ean con g\u00e0, v\u1ecbt ho\u1eb7c ng\u1ed7ng nguy\u00ean con tr\u1ef1c ti\u1ebfp. \u0110i\u1ec1u n\u00e0y mang l\u1ea1i s\u1ef1 ti\u1ec7n l\u1ee3i l\u1edbn cho nh\u00e0 m\u00e1y ch\u1ebf bi\u1ebfn c\u1ee7a ch\u00fang t\u00f4i, ti\u1ebft ki\u1ec7m chi ph\u00ed v\u00e0 th\u1eddi gian. C\u00f3 th\u1ec3 h\u1ed7 tr\u1ee3 t\u1ed1t trong qu\u00e1 tr\u00ecnh s\u1ea3n xu\u1ea5t v\u00e0 ch\u1ebf bi\u1ebfn.<\/li>    <li>M\u00e1y c\u1eaft th\u1ecbt g\u00e0 l\u00e0m b\u1eb1ng th\u00e9p kh\u00f4ng g\u1ec9 304, c\u00f3 \u01b0u \u0111i\u1ec3m ch\u1eafc ch\u1eafn v\u00e0 b\u1ec1n b\u1ec9.<\/li>    <li>M\u00e1y n\u00e0y kh\u00f4ng ch\u1ec9 c\u1eaft g\u00e0 m\u00e0 c\u00f2n c\u1eaft th\u1ecbt c\u1eebu, l\u1ee3n, b\u00f2 v\u00e0 nhi\u1ec1u lo\u1ea1i th\u1ecbt kh\u00e1c.<\/li>    <li>M\u00e1y c\u1eaft th\u1ecbt g\u00e0 s\u1eed d\u1ee5ng c\u00f4ng ngh\u1ec7 c\u1eaft ti\u00ean ti\u1ebfn, c\u00f3 th\u1ec3 c\u1eaft th\u1ecbt g\u00e0 th\u00e0nh c\u00e1c mi\u1ebfng \u0111\u1ec1u k\u00edch c\u1ee1 nhanh ch\u00f3ng v\u00e0 ch\u00ednh x\u00e1c.<\/li>    <li>M\u00e1y c\u1eaft th\u1ecbt g\u00e0 d\u1ec5 v\u1eadn h\u00e0nh v\u00e0 d\u1ec5 s\u1eed d\u1ee5ng. Ch\u1ec9 c\u1ea7n m\u1ed9t ng\u01b0\u1eddi v\u1eadn h\u00e0nh \u0111\u1ec3 \u0111\u01b0a th\u1ecbt g\u00e0 v\u00e0o b\u0103ng chuy\u1ec1n, v\u00e0 m\u00e1y s\u1ebd t\u1ef1 \u0111\u1ed9ng th\u1ef1c hi\u1ec7n c\u00f4ng vi\u1ec7c c\u1eaft v\u00e0 v\u1eadn chuy\u1ec3n.<\/li>    <li>Ph\u1ea7n c\u1eaft c\u1ee7a m\u00e1y \u0111\u01b0\u1ee3c thi\u1ebft k\u1ebf v\u1edbi c\u00e1c b\u1ed9 b\u1ea3o v\u1ec7, c\u00f3 th\u1ec3 tr\u00e1nh hi\u1ec7u qu\u1ea3 c\u00e1c ch\u1ea5n th\u01b0\u01a1ng kh\u00f4ng mong mu\u1ed1n trong qu\u00e1 tr\u00ecnh s\u1eed d\u1ee5ng.<\/li> <\/ol>    <h2 class=\"wp-block-heading\">Th\u00f4ng s\u1ed1 k\u1ef9 thu\u1eadt c\u1ee7a m\u00e1y c\u1eaft g\u00e0<\/h2>    <ul class=\"wp-block-list\"> <li>C\u00f4ng su\u1ea5t: 600-800kg\/h &nbsp;<\/li>    <li>C\u00f4ng su\u1ea5t: 2.2kw &nbsp;&nbsp;<\/li>    <li>\u0110i\u1ec7n \u00e1p: 220v &nbsp;<\/li>    <li>K\u00edch th\u01b0\u1edbc: 1300*600*1050mm &nbsp;&nbsp;<\/li>    <li>Tr\u1ecdng l\u01b0\u1ee3ng: 240 kg<\/li> <\/ul>    <h2 class=\"wp-block-heading\" id=\"h-advantages-of-the-chicken-cutter-machine\">C\u00e1c \u0111\u1eb7c \u0111i\u1ec3m c\u1ee7a m\u00e1y c\u1eaft g\u00e0 d\u1ea1ng kh\u1ed1i<\/h2>    <figure class=\"wp-block-image size-large is-resized\"><img loading=\"lazy\" decoding=\"async\" width=\"729\" height=\"774\" src=\"https:\/\/www.meatprocessingmachine.org\/wp-content\/uploads\/2021\/06\/d59431659ce79e1ceacf222d82589ce.png\" alt=\"\" class=\"wp-image-1364\" style=\"object-fit:cover;width:720px;height:540px\" title=\"\" srcset=\"https:\/\/www.meatprocessingmachine.org\/wp-content\/uploads\/2021\/06\/d59431659ce79e1ceacf222d82589ce.png 729w, https:\/\/www.meatprocessingmachine.org\/wp-content\/uploads\/2021\/06\/d59431659ce79e1ceacf222d82589ce-283x300.png 283w\" sizes=\"auto, (max-width: 729px) 100vw, 729px\" \/><figcaption><\/figcaption><\/figure>    <p>Khi m\u00e1y c\u1eaft nguy\u00ean li\u1ec7u, kh\u00f4ng m\u1ea5t th\u1ecbt, kh\u00f4ng xay nhuy\u1ec5n, b\u1ec1 m\u1eb7t c\u1eaft r\u1ea5t m\u1ecbn v\u00e0 g\u1ecdn g\u00e0ng. Thu\u1eadn ti\u1ec7n cho b\u00e1n h\u00e0ng tr\u1ef1c ti\u1ebfp sau ch\u1ebf bi\u1ebfn. Ngo\u00e0i ra, m\u00e1y c\u1eaft g\u00e0 m\u00f4 ph\u1ecfng c\u1eaft th\u1ee7 c\u00f4ng th\u00e0nh c\u00e1c \u0111o\u1ea1n, ch\u1ea5t l\u01b0\u1ee3ng t\u1ed1t h\u01a1n th\u1ee7 c\u00f4ng, chi\u1ec1u d\u00e0i c\u1eaft c\u00f3 th\u1ec3 \u0111i\u1ec1u ch\u1ec9nh, r\u1ea5t ti\u1ec7n l\u1ee3i. T\u1ed1c \u0111\u1ed9 l\u00e0m vi\u1ec7c c\u1ee7a m\u00e1y c\u1eaft g\u00e0 l\u00e0 60 l\u1ea7n\/ph\u00fat, hi\u1ec7u qu\u1ea3 cao.<\/p>    <h2 class=\"wp-block-heading\" id=\"h-the-structure-of-the-chicken-cubing-machine\">C\u1ea5u tr\u00fac c\u1ee7a m\u00e1y c\u1eaft g\u00e0 d\u1ea1ng kh\u1ed1i<\/h2>    <figure class=\"wp-block-image size-full is-resized\"><img loading=\"lazy\" decoding=\"async\" width=\"714\" height=\"621\" src=\"https:\/\/www.meatprocessingmachine.org\/wp-content\/uploads\/2021\/09\/Chicken-Cutting-Machine.png\" alt=\"Chicken Cutting Machine details\" class=\"wp-image-1941\" style=\"object-fit:cover;width:720px;height:540px\" title=\"\" srcset=\"https:\/\/www.meatprocessingmachine.org\/wp-content\/uploads\/2021\/09\/Chicken-Cutting-Machine.png 714w, https:\/\/www.meatprocessingmachine.org\/wp-content\/uploads\/2021\/09\/Chicken-Cutting-Machine-300x261.png 300w\" sizes=\"auto, (max-width: 714px) 100vw, 714px\" \/><figcaption class=\"wp-element-caption\">Chi ti\u1ebft m\u00e1y c\u1eaft g\u00e0<\/figcaption><\/figure>    <p>S\u1ea3n ph\u1ea9m ch\u1ee7 y\u1ebfu g\u1ed3m khung ch\u00ednh, motor, b\u0103ng chuy\u1ec1n, dao, v.v. V\u1eadt li\u1ec7u c\u1ee7a dao m\u00e1y c\u1eaft g\u00e0 l\u00e0 75cr1. V\u1eadt li\u1ec7u n\u00e0y an to\u00e0n v\u00e0 ch\u1ed1ng m\u00e0i m\u00f2n. C\u00f3 th\u1ec3 s\u1eed d\u1ee5ng l\u00e2u d\u00e0i m\u00e0 kh\u00f4ng r\u1ec9 s\u00e9t. C\u00f3 hai lo\u1ea1i b\u0103ng t\u1ea3i kh\u00e1c nhau cho m\u00e1y xay g\u00e0.<\/p>    <h2 class=\"wp-block-heading\" id=\"h-chain-conveyor-belt\">B\u0103ng chuy\u1ec1n d\u00e2y chuy\u1ec1n c\u1ee7a m\u00e1y c\u1eaft g\u00e0 <\/h2>    <p>B\u0103ng t\u1ea3i ti\u1ebfp x\u00fac th\u1ef1c ph\u1ea9m l\u00e0 b\u1ea3ng PE, an to\u00e0n khi ti\u1ebfp x\u00fac v\u1edbi th\u1ef1c ph\u1ea9m. Ngo\u00e0i ra, b\u0103ng t\u1ea3i \u0111\u01b0\u1ee3c chia th\u00e0nh t\u1eebng \u0111o\u1ea1n, th\u1ecbt c\u00f3 th\u1ec3 t\u00e1ch ra t\u1ea1i c\u1eeda x\u1ea3 \u0111\u1ec3 ng\u0103n d\u00ednh.<\/p>    <figure class=\"wp-block-image size-full is-resized\"><img loading=\"lazy\" decoding=\"async\" width=\"720\" height=\"540\" src=\"https:\/\/www.meatprocessingmachine.org\/wp-content\/uploads\/2021\/09\/Chicken-Cutting-Machine-4.jpg\" alt=\"M\u00e1y c\u1eaft g\u00e0\" class=\"wp-image-1940\" style=\"object-fit:cover;width:720px;height:540px\" title=\"\" srcset=\"https:\/\/www.meatprocessingmachine.org\/wp-content\/uploads\/2021\/09\/Chicken-Cutting-Machine-4.jpg 720w, https:\/\/www.meatprocessingmachine.org\/wp-content\/uploads\/2021\/09\/Chicken-Cutting-Machine-4-300x225.jpg 300w\" sizes=\"auto, (max-width: 720px) 100vw, 720px\" \/><figcaption class=\"wp-element-caption\">M\u00e1y c\u1eaft g\u00e0<\/figcaption><\/figure>    <h2 class=\"wp-block-heading\" id=\"h-what-can-the-chicken-cutter-machine-cut\">M\u00e1y c\u1eaft g\u00e0 c\u00f3 th\u1ec3 c\u1eaft \u0111\u01b0\u1ee3c g\u00ec?<\/h2>    <p>M\u00e1y c\u1eaft g\u00e0 ch\u1ee7 y\u1ebfu ph\u00f9 h\u1ee3p \u0111\u1ec3 c\u1eaft th\u1ecbt s\u1ee5n, nh\u01b0 g\u00e0 nguy\u00ean con, v\u1ecbt, c\u00e1. Ngo\u00e0i ra c\u00f2n ph\u00f9 h\u1ee3p v\u1edbi c\u00e1c lo\u1ea1i th\u1ecbt \u0111\u00f4ng l\u1ea1nh ho\u1eb7c th\u1ecbt t\u01b0\u01a1i. Do \u0111\u00f3, kh\u1ea3 n\u0103ng \u1ee9ng d\u1ee5ng c\u1ee7a m\u00e1y c\u1eaft g\u00e0 r\u1ea5t r\u1ed9ng. C\u00f3 th\u1ec3 tr\u1ef1c ti\u1ebfp t\u1ea1o th\u00e0nh kh\u1ed1i, ti\u1ebft ki\u1ec7m nh\u00e2n c\u00f4ng, s\u1ea1ch s\u1ebd, v\u1ec7 sinh v\u00e0 hi\u1ec7u qu\u1ea3 cao.<\/p>    <figure class=\"wp-block-image size-large is-resized\"><img loading=\"lazy\" decoding=\"async\" width=\"1024\" height=\"768\" src=\"https:\/\/www.meatprocessingmachine.org\/wp-content\/uploads\/2021\/09\/Cut-chicken-stock-1024x768.jpg\" alt=\"D59431659ce79e1ceacf222d82589ce\" class=\"wp-image-1942\" style=\"object-fit:cover;width:720px;height:540px\" title=\"\" srcset=\"https:\/\/www.meatprocessingmachine.org\/wp-content\/uploads\/2021\/09\/Cut-chicken-stock-1024x768.jpg 1024w, https:\/\/www.meatprocessingmachine.org\/wp-content\/uploads\/2021\/09\/Cut-chicken-stock-300x225.jpg 300w, https:\/\/www.meatprocessingmachine.org\/wp-content\/uploads\/2021\/09\/Cut-chicken-stock-768x576.jpg 768w, https:\/\/www.meatprocessingmachine.org\/wp-content\/uploads\/2021\/09\/Cut-chicken-stock-1536x1152.jpg 1536w, https:\/\/www.meatprocessingmachine.org\/wp-content\/uploads\/2021\/09\/Cut-chicken-stock-2048x1536.jpg 2048w\" sizes=\"auto, (max-width: 1024px) 100vw, 1024px\" \/><figcaption class=\"wp-element-caption\">  M\u00e1y c\u1eaft g\u00e0 <\/figcaption><\/figure>    <h2 class=\"wp-block-heading\" id=\"h-advantages-of-the-chicken-cutter-machine\">Bao b\u00ec c\u1ee7a m\u00e1y c\u1eaft g\u00e0<\/h2>    <p class=\"translation-block\">M\u00e1y c\u1eaft g\u00e0 \u0111\u01b0\u1ee3c \u0111\u00f3ng g\u00f3i trong h\u1ed9p g\u1ed7 trong qu\u00e1 tr\u00ecnh v\u1eadn chuy\u1ec3n \u0111\u1ec3 b\u1ea3o v\u1ec7 kh\u1ecfi h\u01b0 h\u1ecfng. C\u00f4ng ty ch\u00fang t\u00f4i c\u00f3 kinh nghi\u1ec7m xu\u1ea5t kh\u1ea9u r\u1ea5t t\u1ed1t, v\u00e0 nh\u00e2n vi\u00ean \u0111\u1eb7c bi\u1ec7t s\u1ebd theo d\u00f5i qu\u00e1 tr\u00ecnh v\u1eadn chuy\u1ec3n. Ngo\u00e0i ra, c\u00f4ng ty c\u00f2n c\u00f3 nhi\u1ec1u lo\u1ea1i m\u00e1y kh\u00e1c nh\u01b0 m\u00e1y c\u1eaft l\u00e1t, <a href=\"https:\/\/www.meatprocessingmachine.org\/vi\/meat-roll-cutting-machine.html\/\" data-type=\"URL\" data-id=\"https:\/\/www.meatprocessingmachine.org\/meat-roll-cutting-machine.html\">m\u00e1y c\u00e1n v\u00e0 c\u1eaft th\u1ecbt<\/a>, v\u00e0 <a href=\"https:\/\/www.meatprocessingmachine.org\/vi\/sausage-binding-tying-machine.html\/\" data-type=\"URL\" data-id=\"https:\/\/www.meatprocessingmachine.org\/sausage-binding-tying-machine.html\">m\u00e1y l\u00e0m x\u00fac x\u00edch<\/a>. Li\u00ean h\u1ec7 v\u1edbi ch\u00fang t\u00f4i \u0111\u1ec3 bi\u1ebft th\u00eam.<\/p>","protected":false},"excerpt":{"rendered":"<p>The chicken cutter machine can cut chicken, duck, goose, fish, various frozen meat, and fresh meat into blocks, simulating the state of manual meat cutting, and will not produce minced meat. It is clean and hygienic, simple to operate, and suitable for food processing Used in factories, large canteens, slaughterhouses, individual processing, supermarkets, restaurants and other places.<\/p>","protected":false},"author":1,"featured_media":1938,"parent":0,"template":"","product-type":[583],"class_list":["post-1346","product","type-product","status-publish","has-post-thumbnail","hentry","product-type-chicken-turkey"],"_links":{"self":[{"href":"https:\/\/www.meatprocessingmachine.org\/vi\/wp-json\/wp\/v2\/product\/1346","targetHints":{"allow":["GET"]}}],"collection":[{"href":"https:\/\/www.meatprocessingmachine.org\/vi\/wp-json\/wp\/v2\/product"}],"about":[{"href":"https:\/\/www.meatprocessingmachine.org\/vi\/wp-json\/wp\/v2\/types\/product"}],"author":[{"embeddable":true,"href":"https:\/\/www.meatprocessingmachine.org\/vi\/wp-json\/wp\/v2\/users\/1"}],"wp:featuredmedia":[{"embeddable":true,"href":"https:\/\/www.meatprocessingmachine.org\/vi\/wp-json\/wp\/v2\/media\/1938"}],"wp:attachment":[{"href":"https:\/\/www.meatprocessingmachine.org\/vi\/wp-json\/wp\/v2\/media?parent=1346"}],"wp:term":[{"taxonomy":"product-type","embeddable":true,"href":"https:\/\/www.meatprocessingmachine.org\/vi\/wp-json\/wp\/v2\/product-type?post=1346"}],"curies":[{"name":"wp","href":"https:\/\/api.w.org\/{rel}","templated":true}]}}