{"id":1448,"date":"2021-06-25T09:52:29","date_gmt":"2021-06-25T01:52:29","guid":{"rendered":"https:\/\/www.meatprocessingmachine.org\/?p=1448"},"modified":"2026-02-12T16:44:14","modified_gmt":"2026-02-12T08:44:14","slug":"meatball-making-machinemeatball-forming-machine","status":"publish","type":"product","link":"https:\/\/www.meatprocessingmachine.org\/vi\/meatball-making-machinemeatball-forming-machine.html","title":{"rendered":"M\u00e1y l\u00e0m vi\u00ean th\u1ecbt | M\u00e1y t\u1ea1o h\u00ecnh vi\u00ean th\u1ecbt"},"content":{"rendered":"<div class=\"kk-star-ratings kksr-auto kksr-align-right kksr-valign-top\"     data-payload='{&quot;align&quot;:&quot;right&quot;,&quot;id&quot;:&quot;1448&quot;,&quot;slug&quot;:&quot;default&quot;,&quot;valign&quot;:&quot;top&quot;,&quot;ignore&quot;:&quot;&quot;,&quot;reference&quot;:&quot;auto&quot;,&quot;class&quot;:&quot;&quot;,&quot;count&quot;:&quot;0&quot;,&quot;legendonly&quot;:&quot;&quot;,&quot;readonly&quot;:&quot;&quot;,&quot;score&quot;:&quot;0&quot;,&quot;starsonly&quot;:&quot;&quot;,&quot;best&quot;:&quot;5&quot;,&quot;gap&quot;:&quot;5&quot;,&quot;greet&quot;:&quot;Rate this product&quot;,&quot;legend&quot;:&quot;0\\\/5 - (0 b\u00ecnh ch\u1ecdn)&quot;,&quot;size&quot;:&quot;24&quot;,&quot;title&quot;:&quot;Meatball Making Machine | Meatball Forming Machine&quot;,&quot;width&quot;:&quot;0&quot;,&quot;_legend&quot;:&quot;{score}\\\/{best} - ({count} {votes})&quot;,&quot;font_factor&quot;:&quot;1.25&quot;}'>              <div class=\"kksr-stars\">      <div class=\"kksr-stars-inactive\">             <div class=\"kksr-star\" data-star=\"1\" style=\"padding-right: 5px\">               <div class=\"kksr-icon\" style=\"width: 24px; height: 24px;\"><\/div>         <\/div>             <div class=\"kksr-star\" data-star=\"2\" style=\"padding-right: 5px\">               <div class=\"kksr-icon\" style=\"width: 24px; height: 24px;\"><\/div>         <\/div>             <div class=\"kksr-star\" data-star=\"3\" style=\"padding-right: 5px\">               <div class=\"kksr-icon\" style=\"width: 24px; height: 24px;\"><\/div>         <\/div>             <div class=\"kksr-star\" data-star=\"4\" style=\"padding-right: 5px\">               <div class=\"kksr-icon\" style=\"width: 24px; height: 24px;\"><\/div>         <\/div>             <div class=\"kksr-star\" data-star=\"5\" style=\"padding-right: 5px\">               <div class=\"kksr-icon\" style=\"width: 24px; height: 24px;\"><\/div>         <\/div>     <\/div>      <div class=\"kksr-stars-active\" style=\"width: 0px;\">             <div class=\"kksr-star\" style=\"padding-right: 5px\">               <div class=\"kksr-icon\" style=\"width: 24px; height: 24px;\"><\/div>         <\/div>             <div class=\"kksr-star\" style=\"padding-right: 5px\">               <div class=\"kksr-icon\" style=\"width: 24px; height: 24px;\"><\/div>         <\/div>             <div class=\"kksr-star\" style=\"padding-right: 5px\">               <div class=\"kksr-icon\" style=\"width: 24px; height: 24px;\"><\/div>         <\/div>             <div class=\"kksr-star\" style=\"padding-right: 5px\">               <div class=\"kksr-icon\" style=\"width: 24px; height: 24px;\"><\/div>         <\/div>             <div class=\"kksr-star\" style=\"padding-right: 5px\">               <div class=\"kksr-icon\" style=\"width: 24px; height: 24px;\"><\/div>         <\/div>     <\/div> <\/div>                   <div class=\"kksr-legend\" style=\"font-size: 19.2px;\">             <span class=\"kksr-muted\">\u0110\u00e1nh gi\u00e1 s\u1ea3n ph\u1ea9m n\u00e0y<\/span>     <\/div>     <\/div>  <p>M\u00e1y l\u00e0m vi\u00ean th\u1ecbt l\u00e0 m\u00e1y c\u00f3 th\u1ec3 t\u1ea1o vi\u00ean th\u1ecbt th\u00e0nh h\u00ecnh c\u1ea7u. M\u00e1y vi\u00ean th\u1ecbt th\u01b0\u01a1ng m\u1ea1i c\u00f3 th\u1ec3 s\u1eed d\u1ee5ng nhi\u1ec1u nguy\u00ean li\u1ec7u. B\u1ea1n c\u00f3 th\u1ec3 d\u00f9ng c\u00e1c lo\u1ea1i th\u1ecbt kh\u00e1c nhau, nh\u01b0 th\u1ecbt l\u1ee3n, b\u00f2, c\u1eebu, h\u1ea3i s\u1ea3n. V\u00e0 b\u1ea1n c\u0169ng c\u00f3 th\u1ec3 th\u00eam khoai t\u00e2y v\u00e0 c\u00e1c lo\u1ea1i rau kh\u00e1c. <\/p>    <p>Ngo\u00e0i ra, m\u00e1y l\u00e0m vi\u00ean th\u1ecbt m\u00f4 ph\u1ecfng nguy\u00ean l\u00fd c\u1ee7a vi\u00ean th\u1ecbt nh\u00e2n t\u1ea1o. Sau khi l\u00e0m, n\u00f3 \u0111\u00e3 \u0111\u01b0\u1ee3c chi\u00ean s\u00e2u ho\u1eb7c h\u1ea5p \u0111\u1ec3 l\u00e0m th\u1ef1c ph\u1ea9m. M\u00e1y l\u00e0m vi\u00ean th\u1ecbt th\u01b0\u01a1ng m\u1ea1i c\u1ee7a ch\u00fang t\u00f4i c\u00f3 th\u1ec3 gi\u00fap b\u1ea1n l\u00e0m nhi\u1ec1u lo\u1ea1i vi\u00ean th\u1ecbt kh\u00e1c nhau. Ch\u00fang t\u00f4i s\u1ebd m\u00f4 t\u1ea3 chi ti\u1ebft m\u00e1y n\u00e0y trong b\u00e0i vi\u1ebft n\u00e0y.<\/p>    <figure class=\"wp-block-image size-large\"><img loading=\"lazy\" decoding=\"async\" width=\"750\" height=\"750\" src=\"https:\/\/www.meatprocessingmachine.org\/wp-content\/uploads\/2021\/06\/6-1.jpg\" alt=\"M\u00e1y l\u00e0m vi\u00ean th\u1ecbt\" class=\"wp-image-1460\" title=\"\" srcset=\"https:\/\/www.meatprocessingmachine.org\/wp-content\/uploads\/2021\/06\/6-1.jpg 750w, https:\/\/www.meatprocessingmachine.org\/wp-content\/uploads\/2021\/06\/6-1-300x300.jpg 300w, https:\/\/www.meatprocessingmachine.org\/wp-content\/uploads\/2021\/06\/6-1-150x150.jpg 150w\" sizes=\"auto, (max-width: 750px) 100vw, 750px\" \/><figcaption><\/figcaption><\/figure>    <h2 class=\"wp-block-heading\">\u01afu \u0111i\u1ec3m c\u1ee7a m\u00e1y l\u00e0m vi\u00ean th\u1ecbt<\/h2>    <figure class=\"wp-block-embed is-type-video is-provider-youtube wp-block-embed-youtube wp-embed-aspect-4-3 wp-has-aspect-ratio\"><div class=\"wp-block-embed__wrapper\"> <iframe loading=\"lazy\" title=\"m\u00e1y l\u00e0m th\u1ecbt vi\u00eanM\u00e1y t\u1ea1o h\u00ecnh th\u1ecbt vi\u00eanM\u00e1y l\u00e0m th\u1ecbt vi\u00ean\" width=\"500\" height=\"375\" src=\"https:\/\/www.youtube.com\/embed\/kp1zxVYV68g?feature=oembed\" frameborder=\"0\" allow=\"accelerometer; autoplay; clipboard-write; encrypted-media; gyroscope; picture-in-picture; web-share\" referrerpolicy=\"strict-origin-when-cross-origin\" allowfullscreen><\/iframe> <\/div><figcaption class=\"wp-element-caption\">Meatball Making <\/figcaption><\/figure>    <h2 class=\"wp-block-heading\" id=\"h-advantages-of-meatball-machine\">Nguy\u00ean li\u1ec7u \u0111\u1ec3 l\u00e0m vi\u00ean th\u1ecbt l\u00e0 g\u00ec?<\/h2>    <ol class=\"wp-block-list\"> <li>\u0110\u01b0\u1eddng k\u00ednh c\u1ee7a vi\u00ean c\u00f3 th\u1ec3 \u0111i\u1ec1u ch\u1ec9nh<\/li>    <li>T\u1ed1c \u0111\u1ed9 ra vi\u00ean c\u00f3 th\u1ec3 \u0111i\u1ec1u ch\u1ec9nh<\/li>    <li>M\u00e1y l\u00e0m vi\u00ean th\u1ecbt b\u1eb1ng th\u00e9p kh\u00f4ng g\u1ec9, an to\u00e0n v\u00e0 b\u1ec1n h\u01a1n<\/li>    <li>M\u00e1y chi\u1ebfm di\u1ec7n t\u00edch nh\u1ecf v\u00e0 c\u00f3 th\u1ec3 \u0111\u1eb7t linh ho\u1ea1t<\/li>    <li>\u0110\u1eb7t b\u1ed9t th\u1ecbt \u0111\u00e3 chu\u1ea9n b\u1ecb v\u00e0o th\u00f9ng c\u1ee7a m\u00e1y l\u00e0m vi\u00ean th\u1ecbt, sau \u0111\u00f3 b\u1eadt m\u00e1y. Vi\u00ean th\u1ecbt s\u1ebd t\u1ef1 \u0111\u1ed9ng ra kh\u1ecfi c\u1eeda x\u1ea3. Khi vi\u00ean th\u1ecbt ra, c\u00f3 th\u1ec3 tr\u1ef1c ti\u1ebfp b\u1ecf v\u00e0o n\u1ed3i \u0111\u1ec3 chi\u00ean ho\u1eb7c lu\u1ed9c. Ngo\u00e0i ra, c\u00f3 th\u1ec3 k\u1ebft n\u1ed1i v\u1edbi b\u00ecnh n\u01b0\u1edbc \u1ea5m \u0111\u1ec3 \u0111\u00f4ng l\u1ea1nh sau n\u00e0y, thu\u1eadn ti\u1ec7n cho b\u00e1n h\u00e0ng sau n\u00e0y.<\/li> <\/ol>    <figure class=\"wp-block-image size-large\"><img loading=\"lazy\" decoding=\"async\" width=\"750\" height=\"419\" src=\"https:\/\/www.meatprocessingmachine.org\/wp-content\/uploads\/2021\/06\/meatball-machine-9.jpg\" alt=\"\" class=\"wp-image-1469\" title=\"\" srcset=\"https:\/\/www.meatprocessingmachine.org\/wp-content\/uploads\/2021\/06\/meatball-machine-9.jpg 750w, https:\/\/www.meatprocessingmachine.org\/wp-content\/uploads\/2021\/06\/meatball-machine-9-300x168.jpg 300w\" sizes=\"auto, (max-width: 750px) 100vw, 750px\" \/><figcaption><\/figcaption><\/figure>    <h2 class=\"wp-block-heading\" id=\"h-what-are-the-raw-materials-for-making-meatballs\">C\u00e1c b\u01b0\u1edbc s\u1eed d\u1ee5ng m\u00e1y l\u00e0m vi\u00ean th\u1ecbt<\/h2>    <p class=\"translation-block\">Nguy\u00ean li\u1ec7u \u0111\u1ec3 l\u00e0m vi\u00ean th\u1ecbt r\u1ea5t phong ph\u00fa. C\u00f3 th\u1ec3 l\u00e0 th\u1ecbt l\u1ee3n, b\u00f2, c\u1eebu, c\u00e1, vv l\u00e0m th\u00e0nh ph\u1ea7n ch\u00ednh. B\u1ea1n c\u0169ng c\u00f3 th\u1ec3 th\u00eam m\u1ed9t s\u1ed1 nguy\u00ean li\u1ec7u, nh\u01b0 th\u00eam v\u1ee5n b\u00e1nh m\u00ec, h\u00e0nh, <a href=\"https:\/\/en.wikipedia.org\/wiki\/Cheese\" target=\"_blank\" rel=\"noopener\">ph\u00f4 mai<\/a>, ho\u1eb7c b\u01a1. V\u00ec nguy\u00ean li\u1ec7u c\u00f3 th\u1ec3 t\u1ef1 do th\u00eam v\u00e0o, vi\u00ean th\u1ecbt c\u00f3 th\u1ec3 \u0111\u01b0\u1ee3c l\u00e0m theo \u0111\u1eb7c \u0111i\u1ec3m \u0111\u1ecba ph\u01b0\u01a1ng c\u1ee7a t\u1eebng v\u00f9ng.<\/p>    <h2 class=\"wp-block-heading\" id=\"h-meatball-machine-use-steps\">Hai lo\u1ea1i m\u00e1y t\u1ea1o h\u00ecnh vi\u00ean th\u1ecbt<\/h2>    <p>M\u00e1y t\u1ea1o h\u00ecnh vi\u00ean sandwich c\u00f3 th\u1ec3 l\u00e0m nh\u00e2n v\u00e0 \u0111\u1eb7t v\u00e0o trong vi\u00ean. V\u1ecf c\u1ee7a vi\u00ean c\u00f3 th\u1ec3 kh\u00e1c v\u1edbi nh\u00e2n \u1edf gi\u1eefa. Lo\u1ea1i vi\u00ean n\u00e0y c\u00f3 v\u1ecb \u0111\u1eadm \u0111\u00e0 h\u01a1n. M\u00e1y ho\u1ea1t \u0111\u1ed9ng b\u1eb1ng hai khe c\u00f9ng l\u00fac, v\u00ec v\u1eady c\u00f3 th\u1ec3 l\u00e0m nh\u00e2n.<\/p>   <div class=\"wp-block-image\"> <figure class=\"aligncenter size-full\"><img loading=\"lazy\" decoding=\"async\" width=\"980\" height=\"375\" src=\"https:\/\/www.meatprocessingmachine.org\/wp-content\/uploads\/2021\/06\/meatball-forming-machine-details.webp\" alt=\"M\u00e1y t\u1ea1o h\u00ecnh vi\u00ean th\u1ecbt \u0111\u1eb7c ch\u1ec9 c\u00f3 m\u1ed9t th\u00f9ng. T\u1ea5t nhi\u00ean, vi\u00ean th\u1ecbt l\u00e0m ra \u0111\u1ec1u l\u00e0 nguy\u00ean li\u1ec7u, v\u00ec v\u1eady khi mua m\u00e1y, b\u1ea1n c\u00f3 th\u1ec3 ch\u1ecdn theo s\u1ea3n ph\u1ea9m c\u1ee7a m\u00ecnh.\" class=\"wp-image-34396\" title=\"\" srcset=\"https:\/\/www.meatprocessingmachine.org\/wp-content\/uploads\/2021\/06\/meatball-forming-machine-details.webp 980w, https:\/\/www.meatprocessingmachine.org\/wp-content\/uploads\/2021\/06\/meatball-forming-machine-details-300x115.webp 300w, https:\/\/www.meatprocessingmachine.org\/wp-content\/uploads\/2021\/06\/meatball-forming-machine-details-768x294.webp 768w, https:\/\/www.meatprocessingmachine.org\/wp-content\/uploads\/2021\/06\/meatball-forming-machine-details-18x7.webp 18w\" sizes=\"auto, (max-width: 980px) 100vw, 980px\" \/><figcaption class=\"wp-element-caption\">Meatball Forming Machine Details<\/figcaption><\/figure> <\/div>   <h2 class=\"wp-block-heading\" id=\"h-two-types-of-meatball-machines\">Vi\u00ean th\u1ecbt sandwich<\/h2>    <h3 class=\"wp-block-heading\" id=\"h-1-sandwich-meatballs\">M\u00e1y vi\u00ean th\u1ecbt \u0111\u1eb7c<\/h3>    <p>K\u00edch th\u01b0\u1edbc: 850*650*1750mm<\/p>    <figure class=\"wp-block-image size-large\"><img loading=\"lazy\" decoding=\"async\" width=\"750\" height=\"617\" src=\"https:\/\/www.meatprocessingmachine.org\/wp-content\/uploads\/2021\/06\/meatball-machine-2.jpg\" alt=\"M\u00e1y ph\u00e2n lo\u1ea1i tr\u1ee9ng \u0111i\u1ec7n t\u1eed\" class=\"wp-image-1458\" title=\"\" srcset=\"https:\/\/www.meatprocessingmachine.org\/wp-content\/uploads\/2021\/06\/meatball-machine-2.jpg 750w, https:\/\/www.meatprocessingmachine.org\/wp-content\/uploads\/2021\/06\/meatball-machine-2-300x247.jpg 300w\" sizes=\"auto, (max-width: 750px) 100vw, 750px\" \/><figcaption><\/figcaption><\/figure>    <h3 class=\"wp-block-heading\" id=\"h-2-solid-meatball-machine\">Th\u00f4ng s\u1ed1 m\u00e1y l\u00e0m vi\u00ean th\u1ecbt<\/h3>    <p>\u0110i\u1ec7n \u00e1p: 220v\/380v 50hz<\/p>    <h2 class=\"wp-block-heading\" id=\"h-meatball-machine-parameters\">C\u00e1c l\u01b0u \u00fd khi l\u00e0m vi\u00ean th\u1ecbt<\/h2>    <ul class=\"wp-block-list\"> <li>C\u00f4ng su\u1ea5t: 3kw<\/li>    <li>\u0110\u01b0\u1eddng k\u00ednh: nh\u1ecf h\u01a1n 40mm<\/li>    <li>C\u00f3 th\u1ec3 l\u00e0m vi\u00ean th\u1ecbt b\u00f2 c\u00f4ng su\u1ea5t: 500-600 vi\u00ean\/ph\u00fat<\/li>    <li>K\u00edch th\u01b0\u1edbc khu\u00f4n: 18 20 22 24 26 mm (m\u00e1y ch\u1ee9a 3 khu\u00f4n)<\/li>    <li>M\u00e1y l\u00e0m vi\u00ean th\u1ecbt n\u00ean \u0111\u01b0\u1ee3c \u0111\u1eb7t \u1edf n\u01a1i \u1ed5n \u0111\u1ecbnh, v\u00e0 c\u1ea7n l\u1eafp \u0111\u1eb7t ngu\u1ed3n \u0111i\u1ec7n v\u00e0 d\u00e2y \u0111\u1ea5t \u0111\u1ec3 \u0111\u1ea3m b\u1ea3o an to\u00e0n.<\/li>    <li>L\u00e0m s\u1ea1ch tr\u01b0\u1edbc khi s\u1eed d\u1ee5ng, kh\u1edfi \u0111\u1ed9ng m\u00e1y tr\u1ed1ng, quan s\u00e1t ho\u1ea1t \u0111\u1ed9ng b\u00ecnh th\u01b0\u1eddng tr\u01b0\u1edbc khi v\u1eadn h\u00e0nh.<\/li>    <li>\u0110\u1eb7t m\u1ed9t b\u1ed3n l\u1edbn \u1edf mi\u1ec7ng c\u1ee7a vi\u00ean th\u1ecbt, sau \u0111\u00f3 \u0111\u1ed5 \u0111\u1ea7y n\u01b0\u1edbc \u1ea5m, nhi\u1ec7t \u0111\u1ed9 ph\u00f9 h\u1ee3p l\u00e0 60~70 \u0111\u1ed9 Celsius<\/li> <\/ul>    <h2 class=\"wp-block-heading\" id=\"h-precautions-for-making-meatballs\">C\u00e1c m\u00e1y li\u00ean quan \u0111\u1ebfn th\u1ecbt<\/h2>    <ul class=\"wp-block-list\"> <li>Tr\u1ecdng l\u01b0\u1ee3ng c\u1ee7a s\u1ea3n ph\u1ea9m l\u00e0 8-25 gram\/m\u1ed9t vi\u00ean, v\u00e0 l\u01b0\u1ee3ng nh\u00e2n, t\u1ed1c \u0111\u1ed9 s\u1ea3n xu\u1ea5t c\u00f3 th\u1ec3 t\u1ef1 \u0111\u1ed9ng \u0111i\u1ec1u ch\u1ec9nh. S\u1ea3n l\u01b0\u1ee3ng t\u1ed1i \u0111a c\u00f3 th\u1ec3 \u0111\u1ea1t 200-300kg\/h, t\u01b0\u01a1ng \u0111\u01b0\u01a1ng n\u0103ng su\u1ea5t c\u1ee7a 12 \u0111\u1ebfn 18 c\u00f4ng nh\u00e2n c\u00f9ng l\u00fac.<\/li>    <li>C\u1ea5u tr\u00fac t\u1ef1 \u0111\u1ed9ng h\u1ee3p l\u00fd v\u00e0 c\u00f3 th\u1ec3 v\u1eadn h\u00e0nh b\u1edfi m\u1ed9t ho\u1eb7c hai ng\u01b0\u1eddi.<\/li>    <li>M\u00e1y c\u1eaft \u1ee9c g\u00e0<\/li>    <li>M\u00e1y fillet c\u00e1<\/li>    <li>Chia s\u1ebb y\u00eau th\u01b0\u01a1ng<\/li> <\/ul>    <h2 class=\"wp-block-heading\" id=\"h-related-meat-machines\">l\u00e0m vi\u00ean th\u1ecbt<\/h2>    <div class=\"wp-block-columns is-layout-flex wp-container-core-columns-is-layout-9d6595d7 wp-block-columns-is-layout-flex\"> <div class=\"wp-block-column is-layout-flow wp-block-column-is-layout-flow\"> <figure class=\"wp-block-image size-full\"><a href=\"https:\/\/www.meatprocessingmachine.org\/vi\/chicken-breast-slicer-machine-meat-cutting-machinery-for-meat-slices-strips.html\/\"><img loading=\"lazy\" decoding=\"async\" width=\"720\" height=\"540\" src=\"https:\/\/www.meatprocessingmachine.org\/wp-content\/uploads\/2021\/12\/Chicken-breast-cutter-machine.png\" alt=\"M\u00e1y r\u1eeda tr\u1ee9ng t\u1ef1 \u0111\u1ed9ng | m\u00e1y r\u1eeda tr\u1ee9ng c\u00f4ng su\u1ea5t cao\" class=\"wp-image-32518\" title=\"\" srcset=\"https:\/\/www.meatprocessingmachine.org\/wp-content\/uploads\/2021\/12\/Chicken-breast-cutter-machine.png 720w, https:\/\/www.meatprocessingmachine.org\/wp-content\/uploads\/2021\/12\/Chicken-breast-cutter-machine-300x225.png 300w\" sizes=\"auto, (max-width: 720px) 100vw, 720px\" \/><\/a><figcaption class=\"wp-element-caption\">Shuliy<\/figcaption><\/figure> <\/div>    <div class=\"wp-block-column is-layout-flow wp-block-column-is-layout-flow\"> <figure class=\"wp-block-image size-full\"><a href=\"https:\/\/www.meatprocessingmachine.org\/vi\/how-about-fish-fillet-machine-for-salmon.html\/\"><img loading=\"lazy\" decoding=\"async\" width=\"720\" height=\"540\" src=\"https:\/\/www.meatprocessingmachine.org\/wp-content\/uploads\/2022\/01\/fish-filleting-machine-.png\" alt=\"m\u00e1y phi l\u00ea c\u00e1\" class=\"wp-image-32567\" title=\"\" srcset=\"https:\/\/www.meatprocessingmachine.org\/wp-content\/uploads\/2022\/01\/fish-filleting-machine-.png 720w, https:\/\/www.meatprocessingmachine.org\/wp-content\/uploads\/2022\/01\/fish-filleting-machine--300x225.png 300w\" sizes=\"auto, (max-width: 720px) 100vw, 720px\" \/><\/a><figcaption class=\"wp-element-caption\">C\u00f4ng ty TNHH M\u00e1y m\u00f3c Zhengzhou Taizy ch\u1ee7 y\u1ebfu ho\u1ea1t \u0111\u1ed9ng trong l\u0129nh v\u1ef1c m\u00e1y m\u00f3c ch\u1ebf bi\u1ebfn th\u1ecbt.<\/figcaption><\/figure> <\/div> <\/div>","protected":false},"excerpt":{"rendered":"<p>M\u00e1y l\u00e0m th\u1ecbt vi\u00ean l\u00e0 m\u1ed9t m\u00e1y c\u00f3 th\u1ec3 bi\u1ebfn th\u1ecbt vi\u00ean th\u00e0nh h\u00ecnh d\u1ea1ng qu\u1ea3 b\u00f3ng. B\u1ea1n c\u00f3 th\u1ec3 s\u1eed d\u1ee5ng c\u00e1c lo\u1ea1i th\u1ecbt v\u00e0 rau qu\u1ea3 kh\u00e1c nhau l\u00e0m nguy\u00ean li\u1ec7u.<\/p>","protected":false},"author":1,"featured_media":1660,"parent":0,"template":"","product-type":[582,583,584,598],"class_list":["post-1448","product","type-product","status-publish","has-post-thumbnail","hentry","product-type-cattle-sheep","product-type-chicken-turkey","product-type-fish","product-type-supporting-auxiliary-equipment"],"_links":{"self":[{"href":"https:\/\/www.meatprocessingmachine.org\/vi\/wp-json\/wp\/v2\/product\/1448","targetHints":{"allow":["GET"]}}],"collection":[{"href":"https:\/\/www.meatprocessingmachine.org\/vi\/wp-json\/wp\/v2\/product"}],"about":[{"href":"https:\/\/www.meatprocessingmachine.org\/vi\/wp-json\/wp\/v2\/types\/product"}],"author":[{"embeddable":true,"href":"https:\/\/www.meatprocessingmachine.org\/vi\/wp-json\/wp\/v2\/users\/1"}],"wp:featuredmedia":[{"embeddable":true,"href":"https:\/\/www.meatprocessingmachine.org\/vi\/wp-json\/wp\/v2\/media\/1660"}],"wp:attachment":[{"href":"https:\/\/www.meatprocessingmachine.org\/vi\/wp-json\/wp\/v2\/media?parent=1448"}],"wp:term":[{"taxonomy":"product-type","embeddable":true,"href":"https:\/\/www.meatprocessingmachine.org\/vi\/wp-json\/wp\/v2\/product-type?post=1448"}],"curies":[{"name":"wp","href":"https:\/\/api.w.org\/{rel}","templated":true}]}}