{"id":1635,"date":"2021-08-10T17:09:29","date_gmt":"2021-08-10T09:09:29","guid":{"rendered":"https:\/\/www.meatprocessingmachine.org\/?p=1635"},"modified":"2026-02-12T16:09:05","modified_gmt":"2026-02-12T08:09:05","slug":"dz-260-desktop-vacuum-packing-machine-for-sealing","status":"publish","type":"product","link":"https:\/\/www.meatprocessingmachine.org\/vi\/dz-260-desktop-vacuum-packing-machine-for-sealing.html","title":{"rendered":"M\u00e1y \u0111\u00f3ng g\u00f3i ch\u00e2n kh\u00f4ng \u0111\u1ec3 b\u00e0n DZ-260 \u0111\u1ec3 ni\u00eam phong"},"content":{"rendered":"<div class=\"kk-star-ratings kksr-auto kksr-align-right kksr-valign-top\"     data-payload='{&quot;align&quot;:&quot;right&quot;,&quot;id&quot;:&quot;1635&quot;,&quot;slug&quot;:&quot;default&quot;,&quot;valign&quot;:&quot;top&quot;,&quot;ignore&quot;:&quot;&quot;,&quot;reference&quot;:&quot;auto&quot;,&quot;class&quot;:&quot;&quot;,&quot;count&quot;:&quot;0&quot;,&quot;legendonly&quot;:&quot;&quot;,&quot;readonly&quot;:&quot;&quot;,&quot;score&quot;:&quot;0&quot;,&quot;starsonly&quot;:&quot;&quot;,&quot;best&quot;:&quot;5&quot;,&quot;gap&quot;:&quot;5&quot;,&quot;greet&quot;:&quot;Rate this product&quot;,&quot;legend&quot;:&quot;0\\\/5 - (0 b\u00ecnh ch\u1ecdn)&quot;,&quot;size&quot;:&quot;24&quot;,&quot;title&quot;:&quot;DZ-260 Desktop vacuum packing machine for sealing&quot;,&quot;width&quot;:&quot;0&quot;,&quot;_legend&quot;:&quot;{score}\\\/{best} - ({count} {votes})&quot;,&quot;font_factor&quot;:&quot;1.25&quot;}'>              <div class=\"kksr-stars\">      <div class=\"kksr-stars-inactive\">             <div class=\"kksr-star\" data-star=\"1\" style=\"padding-right: 5px\">               <div class=\"kksr-icon\" style=\"width: 24px; height: 24px;\"><\/div>         <\/div>             <div class=\"kksr-star\" data-star=\"2\" style=\"padding-right: 5px\">               <div class=\"kksr-icon\" style=\"width: 24px; height: 24px;\"><\/div>         <\/div>             <div class=\"kksr-star\" data-star=\"3\" style=\"padding-right: 5px\">               <div class=\"kksr-icon\" style=\"width: 24px; height: 24px;\"><\/div>         <\/div>             <div class=\"kksr-star\" data-star=\"4\" style=\"padding-right: 5px\">               <div class=\"kksr-icon\" style=\"width: 24px; height: 24px;\"><\/div>         <\/div>             <div class=\"kksr-star\" data-star=\"5\" style=\"padding-right: 5px\">               <div class=\"kksr-icon\" style=\"width: 24px; height: 24px;\"><\/div>         <\/div>     <\/div>      <div class=\"kksr-stars-active\" style=\"width: 0px;\">             <div class=\"kksr-star\" style=\"padding-right: 5px\">               <div class=\"kksr-icon\" style=\"width: 24px; height: 24px;\"><\/div>         <\/div>             <div class=\"kksr-star\" style=\"padding-right: 5px\">               <div class=\"kksr-icon\" style=\"width: 24px; height: 24px;\"><\/div>         <\/div>             <div class=\"kksr-star\" style=\"padding-right: 5px\">               <div class=\"kksr-icon\" style=\"width: 24px; height: 24px;\"><\/div>         <\/div>             <div class=\"kksr-star\" style=\"padding-right: 5px\">               <div class=\"kksr-icon\" style=\"width: 24px; height: 24px;\"><\/div>         <\/div>             <div class=\"kksr-star\" style=\"padding-right: 5px\">               <div class=\"kksr-icon\" style=\"width: 24px; height: 24px;\"><\/div>         <\/div>     <\/div> <\/div>                   <div class=\"kksr-legend\" style=\"font-size: 19.2px;\">             <span class=\"kksr-muted\">\u0110\u00e1nh gi\u00e1 s\u1ea3n ph\u1ea9m n\u00e0y<\/span>     <\/div>     <\/div>  <p class=\"translation-block\"> M\u00e1y \u0111\u00f3ng g\u00f3i ch\u00e2n kh\u00f4ng \u0111\u1ec3 b\u00e0n l\u00e0 m\u00e1y c\u00f3 th\u1ec3 h\u00fat ch\u00e2n kh\u00f4ng v\u1eadt li\u1ec7u. M\u00e1y \u0111\u00f3ng g\u00f3i ch\u00e2n kh\u00f4ng \u0111\u1ec3 b\u00e0n c\u00f3 th\u1ec3 \u00e1p d\u1ee5ng cho c\u1ea3 s\u1ea3n ph\u1ea9m kh\u00f4 v\u00e0 \u01b0\u1edbt, cho th\u1ef1c ph\u1ea9m r\u1eafn, l\u1ecfng, b\u1ed9t, v\u00e0 d\u1ea1ng paste, ng\u0169 c\u1ed1c, tr\u00e1i c\u00e2y, tr\u00e1i c\u00e2y s\u1ea5y kh\u00f4, v\u00e0 h\u00f3a ch\u1ea5t. Linh ki\u1ec7n \u0111i\u1ec7n t\u1eed, d\u1ee5ng c\u1ee5 ch\u00ednh x\u00e1c, kim lo\u1ea1i hi\u1ebfm, v.v. \u0111\u1ec3 \u0111\u00f3ng g\u00f3i ch\u00e2n kh\u00f4ng. \u0110\u00f3ng g\u00f3i ch\u00e2n kh\u00f4ng r\u1ea5t ph\u1ed5 bi\u1ebfn trong \u0111\u1eddi s\u1ed1ng, ph\u01b0\u01a1ng ph\u00e1p n\u00e0y c\u0169ng \u0111\u01a1n gi\u1ea3n v\u00e0 th\u1ef1c t\u1ebf, \u0111\u01b0\u1ee3c nhi\u1ec1u nh\u00e0 s\u1ea3n xu\u1ea5t y\u00eau th\u00edch. Ngo\u00e0i ra, ch\u00fang t\u00f4i c\u00f2n c\u00f3 nhi\u1ec1u lo\u1ea1i <a href=\"https:\/\/www.meatprocessingmachine.org\/vi\/vacuum-packing-machine.html\/\">m\u00e1y \u0111\u00f3ng g\u00f3i ch\u00e2n kh\u00f4ng<\/a> \u0111\u1ec3 l\u1ef1a ch\u1ecdn.<\/p>    <h2 class=\"wp-block-heading\" id=\"h-how-to-use-desktop-vacuum-packing-machine\">C\u00e1ch s\u1eed d\u1ee5ng m\u00e1y \u0111\u00f3ng g\u00f3i ch\u00e2n kh\u00f4ng \u0111\u1ec3 b\u00e0n<\/h2>    <figure class=\"wp-block-embed is-type-video is-provider-youtube wp-block-embed-youtube\"><div class=\"wp-block-embed__wrapper\"> <iframe loading=\"lazy\" title=\"m\u00e1y \u0111\u00f3ng g\u00f3i ch\u00e2n kh\u00f4ng | m\u00e1y h\u00fat ch\u00e2n kh\u00f4ng ph\u00f2ng th\u00ed nghi\u1ec7m th\u1ef1c ph\u1ea9m\" width=\"500\" height=\"281\" src=\"https:\/\/www.youtube.com\/embed\/2CWP6Zl_GKg?start=8&#038;feature=oembed\" frameborder=\"0\" allow=\"accelerometer; autoplay; clipboard-write; encrypted-media; gyroscope; picture-in-picture; web-share\" referrerpolicy=\"strict-origin-when-cross-origin\" allowfullscreen><\/iframe> <\/div><\/figure>    <p>The use of vacuum packaging is very simple. First of all, you need to put the things to be packaged into the packaging bag, place the opening on the machine&#8217;s seal, and then turn on the switch, the machine will start working, and the machine will complete after extracting the air from the packaging bag. The predetermined vacuum degree, and finally the machine completes the sealing process.<\/p>    <h2 class=\"wp-block-heading\">Vai tr\u00f2 c\u1ee7a \u0111\u00f3ng g\u00f3i ch\u00e2n kh\u00f4ng<\/h2>    <figure class=\"wp-block-image size-full\"><img loading=\"lazy\" decoding=\"async\" width=\"750\" height=\"934\" src=\"https:\/\/www.meatprocessingmachine.org\/wp-content\/uploads\/2021\/08\/product-of-vacuum-packing.jpg\" alt=\"product of vacuum packing\" class=\"wp-image-1639\" title=\"\" srcset=\"https:\/\/www.meatprocessingmachine.org\/wp-content\/uploads\/2021\/08\/product-of-vacuum-packing.jpg 750w, https:\/\/www.meatprocessingmachine.org\/wp-content\/uploads\/2021\/08\/product-of-vacuum-packing-241x300.jpg 241w\" sizes=\"auto, (max-width: 750px) 100vw, 750px\" \/><figcaption>S\u1ea3n ph\u1ea9m c\u1ee7a \u0111\u00f3ng g\u00f3i ch\u00e2n kh\u00f4ng<\/figcaption><\/figure>    <p>Ch\u1ee9c n\u0103ng ch\u00ednh c\u1ee7a \u0111\u00f3ng g\u00f3i ch\u00e2n kh\u00f4ng l\u00e0 k\u00e9o d\u00e0i th\u1eddi gian b\u1ea3o qu\u1ea3n th\u1ef1c ph\u1ea9m v\u00e0 ng\u0103n ng\u1eeba m\u1ed1c, h\u01b0 h\u1ecfng. Ch\u1ee9c n\u0103ng ch\u00ednh c\u1ee7a \u0111\u00f3ng g\u00f3i ch\u00e2n kh\u00f4ng l\u00e0 lo\u1ea1i b\u1ecf oxy trong t\u00fai \u0111\u00f3ng g\u00f3i \u0111\u1ec3 th\u1ef1c ph\u1ea9m ti\u1ebfp x\u00fac v\u1edbi oxy c\u00e0ng \u00edt c\u00e0ng t\u1ed1t, gi\u1ea3m t\u1ef7 l\u1ec7 oxy h\u00f3a c\u1ee7a th\u1ef1c ph\u1ea9m. M\u1ed9t kh\u00eda c\u1ea1nh kh\u00e1c l\u00e0 ng\u0103n ch\u1eb7n s\u1ef1 ph\u00e1t tri\u1ec3n c\u1ee7a vi khu\u1ea9n. C\u00f3 nhi\u1ec1u vi khu\u1ea9n trong kh\u00f4ng kh\u00ed. N\u1ebfu cung c\u1ea5p m\u00f4i tr\u01b0\u1eddng ph\u00e1t tri\u1ec3n ph\u00f9 h\u1ee3p, vi khu\u1ea9n s\u1ebd sinh s\u00f4i trong th\u1eddi gian ng\u1eafn. Th\u00fac \u0111\u1ea9y qu\u00e1 tr\u00ecnh h\u01b0 h\u1ecfng th\u1ef1c ph\u1ea9m. Nh\u1edd \u0111\u1ed9 k\u00edn kh\u00ed t\u1ed1t c\u1ee7a \u0111\u00f3ng g\u00f3i ch\u00e2n kh\u00f4ng, n\u00f3 c\u00f3 th\u1ec3 ng\u0103n th\u1ef1c ph\u1ea9m m\u1ea5t \u0111\u1ed9 \u1ea9m \u0111\u1ebfn m\u1ed9t m\u1ee9c \u0111\u1ed9 nh\u1ea5t \u0111\u1ecbnh v\u00e0 duy tr\u00ec h\u01b0\u01a1ng v\u1ecb ban \u0111\u1ea7u c\u1ee7a th\u1ef1c ph\u1ea9m khi m\u1edbi s\u1ea3n xu\u1ea5t. Do \u0111\u00f3, \u0111\u00f3ng g\u00f3i ch\u00e2n kh\u00f4ng \u0111\u00e3 tr\u1edf th\u00e0nh m\u1ed9t ph\u1ea7n thi\u1ebft y\u1ebfu trong cu\u1ed9c s\u1ed1ng.<\/p>    <figure class=\"wp-block-image size-full\"><img loading=\"lazy\" decoding=\"async\" width=\"750\" height=\"750\" src=\"https:\/\/www.meatprocessingmachine.org\/wp-content\/uploads\/2021\/08\/vacuum-packing-machine-2.jpg\" alt=\"m\u00e1y \u0111\u00f3ng g\u00f3i ch\u00e2n kh\u00f4ng\" class=\"wp-image-1641\" title=\"\" srcset=\"https:\/\/www.meatprocessingmachine.org\/wp-content\/uploads\/2021\/08\/vacuum-packing-machine-2.jpg 750w, https:\/\/www.meatprocessingmachine.org\/wp-content\/uploads\/2021\/08\/vacuum-packing-machine-2-300x300.jpg 300w, https:\/\/www.meatprocessingmachine.org\/wp-content\/uploads\/2021\/08\/vacuum-packing-machine-2-150x150.jpg 150w\" sizes=\"auto, (max-width: 750px) 100vw, 750px\" \/><figcaption>M\u00e1y \u0111\u00f3ng g\u00f3i ch\u00e2n kh\u00f4ng<\/figcaption><\/figure>    <h2 class=\"wp-block-heading\">Th\u00f4ng s\u1ed1 k\u1ef9 thu\u1eadt c\u1ee7a m\u00e1y \u0111\u00f3ng g\u00f3i \u0111\u1ec3 b\u00e0n<\/h2>    <figure class=\"wp-block-table\"><table><tbody><tr><td>m\u1eabu m\u00e3<\/td><td>DZ260<\/td><\/tr><tr><td>ngu\u1ed3n \u0111i\u1ec7n<\/td><td>220V \/110V  50\/60HZ<\/td><\/tr><tr><td>C\u00f4ng su\u1ea5t b\u01a1m ch\u00e2n kh\u00f4ng<\/td><td>370W<\/td><\/tr><tr><td>C\u00f4ng su\u1ea5t ni\u00eam phong<\/td><td>200 mm<\/td><\/tr><tr><td>\u00c1p su\u1ea5t tuy\u1ec7t \u0111\u1ed1i th\u1ea5p nh\u1ea5t<\/td><td>1Kpa<\/td><\/tr><tr><td>V\u1ecb tr\u00ed ni\u00eam phong<\/td><td>1 mi\u1ebfng (d\u1ea3i h\u00e0n)<\/td><\/tr><tr><td>K\u00edch th\u01b0\u1edbc bu\u1ed3ng ch\u00e2n kh\u00f4ng<\/td><td>340*300*50mm<\/td><\/tr><tr><td>K\u00edch th\u01b0\u1edbc ni\u00eam phong<\/td><td>260*8mm<\/td><\/tr><tr><td>tr\u1ecdng l\u01b0\u1ee3ng<\/td><td>35KG<\/td><\/tr><tr><td>K\u00edch th\u01b0\u1edbc m\u00e1y<\/td><td>480*330*360mm<\/td><\/tr><\/tbody><\/table><figcaption>M\u00e1y \u0111\u00f3ng g\u00f3i ch\u00e2n kh\u00f4ng \u0111\u1ec3 b\u00e0n<\/figcaption><\/figure>    <h2 class=\"wp-block-heading\">\u01afu \u0111i\u1ec3m c\u1ee7a m\u00e1y \u0111\u00f3ng g\u00f3i ch\u00e2n kh\u00f4ng \u0111\u1ec3 b\u00e0n<\/h2>    <figure class=\"wp-block-image size-full\"><img loading=\"lazy\" decoding=\"async\" width=\"750\" height=\"831\" src=\"https:\/\/www.meatprocessingmachine.org\/wp-content\/uploads\/2021\/08\/Vacuum-packaging-machine-details.jpg\" alt=\"Chi ti\u1ebft m\u00e1y \u0111\u00f3ng g\u00f3i ch\u00e2n kh\u00f4ng\" class=\"wp-image-1642\" title=\"\" srcset=\"https:\/\/www.meatprocessingmachine.org\/wp-content\/uploads\/2021\/08\/Vacuum-packaging-machine-details.jpg 750w, https:\/\/www.meatprocessingmachine.org\/wp-content\/uploads\/2021\/08\/Vacuum-packaging-machine-details-271x300.jpg 271w\" sizes=\"auto, (max-width: 750px) 100vw, 750px\" \/><figcaption>Chi ti\u1ebft m\u00e1y \u0111\u00f3ng g\u00f3i ch\u00e2n kh\u00f4ng<\/figcaption><\/figure>    <p>1. D\u00f2ng m\u00e1y \u0111\u00f3ng g\u00f3i ch\u00e2n kh\u00f4ng n\u00e0y c\u00f3 th\u1ec3 h\u00fat ch\u00e2n kh\u00f4ng, h\u00e0n k\u00edn, in \u1ea5n v\u00e0 l\u00e0m m\u00e1t c\u00f9ng l\u00fac. S\u1ea3n ph\u1ea9m n\u00e0y ph\u00f9 h\u1ee3p \u0111\u1ec3 \u0111\u00f3ng g\u00f3i ch\u00e2n kh\u00f4ng th\u1ef1c ph\u1ea9m, thu\u1ed1c, h\u1ea3i s\u1ea3n, nguy\u00ean li\u1ec7u h\u00f3a h\u1ecdc, linh ki\u1ec7n \u0111i\u1ec7n t\u1eed v\u00e0 c\u00e1c s\u1ea3n ph\u1ea9m kh\u00e1c \u0111\u1ec3 ng\u0103n ng\u1eeba oxy h\u00f3a v\u00e0 m\u1ed1c. Ch\u1ed1ng \u0103n m\u00f2n, ch\u1ed1ng \u1ea9m, ch\u1ea5t l\u01b0\u1ee3ng v\u00e0 \u0111\u1ed9 t\u01b0\u01a1i, k\u00e9o d\u00e0i th\u1eddi gian b\u1ea3o qu\u1ea3n c\u1ee7a s\u1ea3n ph\u1ea9m.<\/p>    <p>2. M\u00e1y \u0111\u00f3ng g\u00f3i ch\u00e2n kh\u00f4ng \u0111\u1ec3 b\u00e0n c\u00f3 \u0111\u1eb7c \u0111i\u1ec3m nh\u1ecf g\u1ecdn, ti\u00eau th\u1ee5 \u0111i\u1ec7n n\u0103ng th\u1ea5p, th\u1eddi gian h\u00fat ch\u00e2n kh\u00f4ng ng\u1eafn, v.v., ph\u00f9 h\u1ee3p \u0111\u1ec3 \u0111\u00f3ng g\u00f3i c\u00e1c v\u1eadt nh\u1ecf.<\/p>    <p>3. H\u1ec7 th\u1ed1ng c\u00f3 \u01b0u \u0111i\u1ec3m ki\u1ec3m so\u00e1t ch\u00ednh x\u00e1c, kh\u1ea3 n\u0103ng ch\u1ed1ng nhi\u1ec5u m\u1ea1nh v\u00e0 \u0111\u1ed9 \u1ed5n \u0111\u1ecbnh t\u1ed1t. T\u1ea5t c\u1ea3 c\u00e1c c\u00e0i \u0111\u1eb7t \u0111\u1ec1u tr\u1ef1c ti\u1ebfp tr\u00ean b\u1ea3ng \u0111i\u1ec1u khi\u1ec3n m\u00e0 kh\u00f4ng c\u1ea7n \u0111i\u1ec1u ch\u1ec9nh c\u00e1c th\u00e0nh ph\u1ea7n kh\u00e1c.<\/p>    <p>4. M\u00e1y \u0111\u00f3ng g\u00f3i ch\u00e2n kh\u00f4ng \u0111\u1ec3 b\u00e0n c\u00f3 \u0111\u1eb7c \u0111i\u1ec3m nh\u1ecf g\u1ecdn, ti\u00eau th\u1ee5 \u0111i\u1ec7n n\u0103ng th\u1ea5p, th\u1eddi gian h\u00fat ch\u00e2n kh\u00f4ng ng\u1eafn, v.v., ph\u00f9 h\u1ee3p \u0111\u1ec3 \u0111\u00f3ng g\u00f3i c\u00e1c v\u1eadt nh\u1ecf.<\/p>","protected":false},"excerpt":{"rendered":"<p>The desktop vacuum packaging machine is a machine that can vacuum materials. The desktop vacuum packaging machine can be applied to both dry and wet products, for solid, liquid, powder, and paste foods, grains, fruits, preserved fruits, and chemicals. Electronic components, precision instruments, rare metals, etc. for vacuum packaging. Vacuum packaging is very common in life, this method is also simple and practical, and is loved by many manufacturers. In addition, we also have many types of vacuum packaging machines to choose.<\/p>","protected":false},"author":1,"featured_media":1638,"parent":0,"template":"","product-type":[596],"class_list":["post-1635","product","type-product","status-publish","has-post-thumbnail","hentry","product-type-meat-packaging-equipment"],"_links":{"self":[{"href":"https:\/\/www.meatprocessingmachine.org\/vi\/wp-json\/wp\/v2\/product\/1635","targetHints":{"allow":["GET"]}}],"collection":[{"href":"https:\/\/www.meatprocessingmachine.org\/vi\/wp-json\/wp\/v2\/product"}],"about":[{"href":"https:\/\/www.meatprocessingmachine.org\/vi\/wp-json\/wp\/v2\/types\/product"}],"author":[{"embeddable":true,"href":"https:\/\/www.meatprocessingmachine.org\/vi\/wp-json\/wp\/v2\/users\/1"}],"wp:featuredmedia":[{"embeddable":true,"href":"https:\/\/www.meatprocessingmachine.org\/vi\/wp-json\/wp\/v2\/media\/1638"}],"wp:attachment":[{"href":"https:\/\/www.meatprocessingmachine.org\/vi\/wp-json\/wp\/v2\/media?parent=1635"}],"wp:term":[{"taxonomy":"product-type","embeddable":true,"href":"https:\/\/www.meatprocessingmachine.org\/vi\/wp-json\/wp\/v2\/product-type?post=1635"}],"curies":[{"name":"wp","href":"https:\/\/api.w.org\/{rel}","templated":true}]}}