{"id":1646,"date":"2021-08-12T17:23:30","date_gmt":"2021-08-12T09:23:30","guid":{"rendered":"https:\/\/www.meatprocessingmachine.org\/?p=1646"},"modified":"2026-02-12T16:00:37","modified_gmt":"2026-02-12T08:00:37","slug":"single-chamber-vacuum-packaging-machine","status":"publish","type":"product","link":"https:\/\/www.meatprocessingmachine.org\/vi\/single-chamber-vacuum-packaging-machine.html","title":{"rendered":"M\u00e1y \u0111\u00f3ng g\u00f3i ch\u00e2n kh\u00f4ng m\u1ed9t bu\u1ed3ng | M\u00e1y h\u00e0n ch\u00e2n kh\u00f4ng"},"content":{"rendered":"<div class=\"kk-star-ratings kksr-auto kksr-align-right kksr-valign-top\"     data-payload='{&quot;align&quot;:&quot;right&quot;,&quot;id&quot;:&quot;1646&quot;,&quot;slug&quot;:&quot;default&quot;,&quot;valign&quot;:&quot;top&quot;,&quot;ignore&quot;:&quot;&quot;,&quot;reference&quot;:&quot;auto&quot;,&quot;class&quot;:&quot;&quot;,&quot;count&quot;:&quot;0&quot;,&quot;legendonly&quot;:&quot;&quot;,&quot;readonly&quot;:&quot;&quot;,&quot;score&quot;:&quot;0&quot;,&quot;starsonly&quot;:&quot;&quot;,&quot;best&quot;:&quot;5&quot;,&quot;gap&quot;:&quot;5&quot;,&quot;greet&quot;:&quot;Rate this product&quot;,&quot;legend&quot;:&quot;0\\\/5 - (0 b\u00ecnh ch\u1ecdn)&quot;,&quot;size&quot;:&quot;24&quot;,&quot;title&quot;:&quot;Single chamber vacuum packaging machine | Vacuum sealing machine&quot;,&quot;width&quot;:&quot;0&quot;,&quot;_legend&quot;:&quot;{score}\\\/{best} - ({count} {votes})&quot;,&quot;font_factor&quot;:&quot;1.25&quot;}'>              <div class=\"kksr-stars\">      <div class=\"kksr-stars-inactive\">             <div class=\"kksr-star\" data-star=\"1\" style=\"padding-right: 5px\">               <div class=\"kksr-icon\" style=\"width: 24px; height: 24px;\"><\/div>         <\/div>             <div class=\"kksr-star\" data-star=\"2\" style=\"padding-right: 5px\">               <div class=\"kksr-icon\" style=\"width: 24px; height: 24px;\"><\/div>         <\/div>             <div class=\"kksr-star\" data-star=\"3\" style=\"padding-right: 5px\">               <div class=\"kksr-icon\" style=\"width: 24px; height: 24px;\"><\/div>         <\/div>             <div class=\"kksr-star\" data-star=\"4\" style=\"padding-right: 5px\">               <div class=\"kksr-icon\" style=\"width: 24px; height: 24px;\"><\/div>         <\/div>             <div class=\"kksr-star\" data-star=\"5\" style=\"padding-right: 5px\">               <div class=\"kksr-icon\" style=\"width: 24px; height: 24px;\"><\/div>         <\/div>     <\/div>      <div class=\"kksr-stars-active\" style=\"width: 0px;\">             <div class=\"kksr-star\" style=\"padding-right: 5px\">               <div class=\"kksr-icon\" style=\"width: 24px; height: 24px;\"><\/div>         <\/div>             <div class=\"kksr-star\" style=\"padding-right: 5px\">               <div class=\"kksr-icon\" style=\"width: 24px; height: 24px;\"><\/div>         <\/div>             <div class=\"kksr-star\" style=\"padding-right: 5px\">               <div class=\"kksr-icon\" style=\"width: 24px; height: 24px;\"><\/div>         <\/div>             <div class=\"kksr-star\" style=\"padding-right: 5px\">               <div class=\"kksr-icon\" style=\"width: 24px; height: 24px;\"><\/div>         <\/div>             <div class=\"kksr-star\" style=\"padding-right: 5px\">               <div class=\"kksr-icon\" style=\"width: 24px; height: 24px;\"><\/div>         <\/div>     <\/div> <\/div>                   <div class=\"kksr-legend\" style=\"font-size: 19.2px;\">             <span class=\"kksr-muted\">\u0110\u00e1nh gi\u00e1 s\u1ea3n ph\u1ea9m n\u00e0y<\/span>     <\/div>     <\/div>  <p class=\"translation-block\">M\u00e1y \u0111\u00f3ng g\u00f3i ch\u00e2n kh\u00f4ng bu\u1ed3ng \u0111\u01a1n c\u00f3 th\u1ec3 h\u00fat oxy kh\u1ecfi t\u00fai \u0111\u00f3ng g\u00f3i \u0111\u1ec3 t\u1ea1o ra tr\u1ea1ng th\u00e1i ch\u00e2n kh\u00f4ng. Nh\u1edd \u0111\u00f3 k\u00e9o d\u00e0i th\u1eddi gian b\u1ea3o qu\u1ea3n th\u1ef1c ph\u1ea9m. M\u00e1y \u0111\u00f3ng g\u00f3i ch\u00e2n kh\u00f4ng t\u1ef1 \u0111\u1ed9ng ph\u00f9 h\u1ee3p \u0111\u1ec3 \u0111\u00f3ng g\u00f3i c\u00e1c s\u1ea3n ph\u1ea9m th\u1ecbt, <a href=\"https:\/\/en.wikipedia.org\/wiki\/Grain\" target=\"_blank\" rel=\"noopener\">ng\u0169 c\u1ed1c<\/a>, thu\u1ed1c, v.v. M\u00e1y h\u00fat ch\u00e2n kh\u00f4ng c\u00f4ng nghi\u1ec7p c\u00f3 th\u1ec3 ng\u0103n th\u1ef1c ph\u1ea9m b\u1ecb m\u1ed1c, gi\u1eef nguy\u00ean h\u01b0\u01a1ng v\u1ecb ban \u0111\u1ea7u c\u1ee7a th\u1ef1c ph\u1ea9m, \u0111\u1ea3m b\u1ea3o \u0111\u1ed9 \u1ea9m c\u1ee7a th\u1ef1c ph\u1ea9m kh\u00f4ng b\u1ecb m\u1ea5t.<\/p>    <h2 class=\"wp-block-heading\">Hi\u1ec3n th\u1ecb ho\u1ea1t \u0111\u1ed9ng c\u1ee7a m\u00e1y \u0111\u00f3ng g\u00f3i ch\u00e2n kh\u00f4ng bu\u1ed3ng \u0111\u01a1n<\/h2>    <figure class=\"wp-block-embed is-type-video is-provider-youtube wp-block-embed-youtube\"><div class=\"wp-block-embed__wrapper\"> <iframe loading=\"lazy\" title=\"M\u00e1y \u0111\u00f3ng g\u00f3i ch\u00e2n kh\u00f4ng th\u01b0\u01a1ng m\u1ea1i | M\u00e1y \u0111\u00f3ng g\u00f3i ch\u00e2n kh\u00f4ng bu\u1ed3ng \u0111\u01a1n | M\u00e1y \u0111\u00f3ng g\u00f3i\" width=\"500\" height=\"281\" src=\"https:\/\/www.youtube.com\/embed\/0tZFANYuKhw?feature=oembed\" frameborder=\"0\" allow=\"accelerometer; autoplay; clipboard-write; encrypted-media; gyroscope; picture-in-picture; web-share\" referrerpolicy=\"strict-origin-when-cross-origin\" allowfullscreen><\/iframe> <\/div><figcaption class=\"wp-element-caption\">Hi\u1ec3n th\u1ecb ho\u1ea1t \u0111\u1ed9ng c\u1ee7a m\u00e1y \u0111\u00f3ng g\u00f3i ch\u00e2n kh\u00f4ng<\/figcaption><\/figure>    <h2 class=\"wp-block-heading\">\u0110\u1eb7c \u0111i\u1ec3m c\u1ee7a m\u00e1y h\u00fat ch\u00e2n kh\u00f4ng bu\u1ed3ng c\u00f4ng nghi\u1ec7p<\/h2>    <ol class=\"wp-block-list\"> <li>M\u00e1y \u0111\u00f3ng g\u00f3i ch\u00e2n kh\u00f4ng bu\u1ed3ng \u0111\u01a1n s\u1eed d\u1ee5ng k\u00ednh plexiglass trong su\u1ed1t ho\u00e0n to\u00e0n, c\u00f3 th\u1ec3 quan s\u00e1t t\u00ecnh h\u00ecnh \u0111\u00f3ng g\u00f3i trong qu\u00e1 tr\u00ecnh v\u1eadn h\u00e0nh.<\/li>    <li>M\u00e1y \u0111\u00f3ng g\u00f3i ch\u00e2n kh\u00f4ng bu\u1ed3ng \u0111\u01a1n c\u00f3 th\u1ec3 ho\u00e0n th\u00e0nh nhi\u1ec1u b\u01b0\u1edbc nh\u01b0 h\u00fat ch\u00e2n kh\u00f4ng, ni\u00eam phong, v\u00e0 in \u1ea5n c\u00f9ng l\u00fac.<\/li>    <li>Th\u00e2n h\u00ecnh nh\u1ecf g\u1ecdn, d\u1ec5 di chuy\u1ec3n.<\/li>    <li>Nhi\u1ec7t \u0111\u1ed9 l\u00e0m n\u00f3ng c\u00f3 th\u1ec3 \u0111i\u1ec1u ch\u1ec9nh trong qu\u00e1 tr\u00ecnh ni\u00eam phong v\u00e0 c\u00f3 th\u1ec3 \u0111i\u1ec1u ch\u1ec9nh theo t\u00ecnh h\u00ecnh c\u1ee5 th\u1ec3 b\u1ea5t c\u1ee9 l\u00fac n\u00e0o.<\/li> <\/ol>    <h2 class=\"wp-block-heading\">Th\u00f4ng s\u1ed1 k\u1ef9 thu\u1eadt c\u1ee7a m\u00e1y \u0111\u00f3ng g\u00f3i ch\u00e2n kh\u00f4ng bu\u1ed3ng \u0111\u01a1n<\/h2>    <figure class=\"wp-block-table\"><table><tbody><tr><td>M\u1eabu m\u00e3<\/td><td>DZ400\/2E<\/td><td>DZ500\/2E<\/td><td>DZ600\/2E<\/td><\/tr><tr><td>Ngu\u1ed3n \u0111i\u1ec7n<\/td><td>220V\/110V<\/td><td>220V\/110V<\/td><td>220V\/110V<\/td><\/tr><tr><td>C\u00f4ng su\u1ea5t b\u01a1m ch\u00e2n kh\u00f4ng<\/td><td>900W<\/td><td>900W<\/td><td>1800W<\/td><\/tr><tr><td>C\u00f4ng su\u1ea5t ni\u00eam phong<\/td><td>600W<\/td><td>750W<\/td><td>1200W<\/td><\/tr><tr><td>\u00c1p su\u1ea5t tuy\u1ec7t \u0111\u1ed1i th\u1ea5p nh\u1ea5t<\/td><td>1Kpa<\/td><td>1Kpa<\/td><td>1Kpa<\/td><\/tr><tr><td>V\u1ecb tr\u00ed ni\u00eam phong<\/td><td>2 (d\u1ea3i ni\u00eam phong)<\/td><td>2 (d\u1ea3i ni\u00eam phong)<\/td><td>2 (d\u1ea3i ni\u00eam phong)<\/td><\/tr><tr><td>K\u00edch th\u01b0\u1edbc bu\u1ed3ng ch\u00e2n kh\u00f4ng<\/td><td>430x420x75mm<\/td><td>530x520x75mm<\/td><td>650x620x100mm<\/td><\/tr><tr><td>K\u00edch th\u01b0\u1edbc ni\u00eam phong<\/td><td>400*10mm<\/td><td>500*10mm<\/td><td>600*10mm<\/td><\/tr><tr><td>Tr\u1ecdng l\u01b0\u1ee3ng t\u1ecbnh<\/td><td>80KG<\/td><td>100KG<\/td><td>150KG<\/td><\/tr><tr><td>K\u00edch th\u01b0\u1edbc m\u00e1y<\/td><td>540*500*950mm<\/td><td>540*630*1000mm<\/td><td>750*710*1000mm<\/td><\/tr><\/tbody><\/table><figcaption class=\"wp-element-caption\"> Th\u00f4ng s\u1ed1 k\u1ef9 thu\u1eadt c\u1ee7a m\u00e1y \u0111\u00f3ng g\u00f3i ch\u00e2n kh\u00f4ng <\/figcaption><\/figure>    <h2 class=\"wp-block-heading\" id=\"h-operation-steps-of-single-chamber-vacuum-packaging-machine\">C\u00e1c b\u01b0\u1edbc v\u1eadn h\u00e0nh c\u1ee7a m\u00e1y \u0111\u00f3ng g\u00f3i ch\u00e2n kh\u00f4ng bu\u1ed3ng \u0111\u01a1n<\/h2>    <figure class=\"wp-block-image size-full is-resized\"><img loading=\"lazy\" decoding=\"async\" width=\"750\" height=\"750\" src=\"https:\/\/www.meatprocessingmachine.org\/wp-content\/uploads\/2021\/08\/Automatic-Vacuum-Sealing-Machine.jpg\" alt=\"Automatic Vacuum Sealing Machine\" class=\"wp-image-1649\" title=\"\" srcset=\"https:\/\/www.meatprocessingmachine.org\/wp-content\/uploads\/2021\/08\/Automatic-Vacuum-Sealing-Machine.jpg 750w, https:\/\/www.meatprocessingmachine.org\/wp-content\/uploads\/2021\/08\/Automatic-Vacuum-Sealing-Machine-300x300.jpg 300w, https:\/\/www.meatprocessingmachine.org\/wp-content\/uploads\/2021\/08\/Automatic-Vacuum-Sealing-Machine-150x150.jpg 150w\" sizes=\"auto, (max-width: 750px) 100vw, 750px\" \/><figcaption class=\"wp-element-caption\"><br>m\u00e1y \u0111\u00f3ng g\u00f3i ch\u00e2n kh\u00f4ng t\u1ef1 \u0111\u1ed9ng<\/figcaption><\/figure>    <ol class=\"wp-block-list\"> <li>M\u00e1y \u0111\u00f3ng g\u00f3i ch\u00e2n kh\u00f4ng bu\u1ed3ng \u0111\u01a1n ch\u1ee7 y\u1ebfu g\u1ed3m h\u1ec7 th\u1ed1ng ch\u00e2n kh\u00f4ng, h\u1ec7 th\u1ed1ng h\u00fat kh\u00ed v\u00e0 ni\u00eam phong, h\u1ec7 th\u1ed1ng ni\u00eam phong nhi\u1ec7t, v\u00e0 h\u1ec7 th\u1ed1ng \u0111i\u1ec1u khi\u1ec3n \u0111i\u1ec7n. Tuy nhi\u00ean, qu\u00e1 tr\u00ecnh v\u1eadn h\u00e0nh c\u1ee7a m\u00e1y ch\u00e2n kh\u00f4ng bu\u1ed3ng \u0111\u01a1n r\u1ea5t \u0111\u01a1n gi\u1ea3n.<\/li>    <li>B\u1eadt ngu\u1ed3n: chuy\u1ec3n \u0111\u1ed5i c\u00f4ng t\u1eafc ngu\u1ed3n theo nhu c\u1ea7u, t\u1ee9c l\u00e0 \u0111\u00e8n b\u00e1o ngu\u1ed3n s\u00e1ng. Chuy\u1ec3n \u0111\u1ed5i c\u00f4ng t\u1eafc sang ch\u1ebf \u0111\u1ed9 ch\u00e2n kh\u00f4ng \u0111\u1ec3 ni\u00eam phong ch\u00e2n kh\u00f4ng, v\u00e0 ch\u1ebf \u0111\u1ed9 n\u1ea1p kh\u00ed \u0111\u1ec3 n\u1ea1p kh\u00ed v\u00e0 ni\u00eam phong.<\/li>    <li>Put the packaging bag with the contents in the vacuum chamber, the bag&#8217;s mouth is neat.<\/li>    <li>\u1ea4n xu\u1ed1ng n\u1eafp, \u0111\u00e8n b\u00e1o x\u1ea3 kh\u00ed (ch\u00e2n kh\u00f4ng) tr\u00ean b\u1ea3ng \u0111i\u1ec1u khi\u1ec3n s\u00e1ng. B\u01a1m ch\u00e2n kh\u00f4ng b\u1eaft \u0111\u1ea7u h\u00fat kh\u00ed, v\u00e0 n\u1eafp t\u1ef1 \u0111\u1ed9ng h\u00fat v\u00e0o. N\u00fam \u0111i\u1ec1u ch\u1ec9nh ch\u00e2n kh\u00f4ng c\u00f3 th\u1ec3 \u0111i\u1ec1u ch\u1ec9nh m\u1ee9c ch\u00e2n kh\u00f4ng theo y\u00eau c\u1ea7u \u0111\u00f3ng g\u00f3i. Khi \u0111i\u1ec1u ch\u1ec9nh, thang \u0111o tr\u1ef1c quan t\u1eeb th\u1ea5p \u0111\u1ebfn cao v\u1edbi bi\u00ean \u0111\u1ed9 nh\u1ecf.<\/li>    <li>Khi m\u1ee9c h\u00fat \u0111\u1ea1t th\u1eddi gian c\u00e0i \u0111\u1eb7t, t\u1ee9c l\u00e0 ch\u00e2n kh\u00f4ng y\u00eau c\u1ea7u, qu\u00e1 tr\u00ecnh h\u00fat k\u1ebft th\u00fac.<\/li>    <li>Khi qu\u00e1 tr\u00ecnh h\u00fat kh\u00ed k\u1ebft th\u00fac, \u0111\u00e8n b\u00e1o s\u1ebd t\u1eaft, \u0111\u00e8n b\u00e1o ni\u00eam phong nhi\u1ec7t s\u1ebd s\u00e1ng, v\u00e0 h\u00e0nh \u0111\u1ed9ng b\u01a1m kh\u00ed s\u1ebd b\u1eaft \u0111\u1ea7u.<\/li>    <li>Khi \u0111i\u1ec1u ch\u1ec9nh c\u00e1c tham s\u1ed1, ph\u1ea1m vi quay ph\u1ea3i nh\u1ecf \u0111\u1ec3 tr\u00e1nh nhi\u1ec7t ni\u00eam phong \u0111\u1ed9t ng\u1ed9t t\u0103ng l\u00ean v\u00e0 l\u00e0m ch\u00e1y c\u00e1c ph\u1ee5 ki\u1ec7n ni\u00eam phong nhi\u1ec7t.<\/li>    <li>Khi th\u1eddi gian ni\u00eam phong nhi\u1ec7t k\u1ebft th\u00fac, \u0111\u00e8n b\u00e1o hi\u1ec7u ni\u00eam phong nhi\u1ec7t t\u1eaft \u0111\u1ec3 b\u00e1o hi\u1ec7u k\u1ebft th\u00fac qu\u00e1 tr\u00ecnh ni\u00eam phong nhi\u1ec7t, v\u00e0 bu\u1ed3ng ch\u00e2n kh\u00f4ng t\u1ef1 \u0111\u1ed9ng k\u1ebft n\u1ed1i v\u1edbi kh\u00ed quy\u1ec3n qua van solenoid cho \u0111\u1ebfn khi n\u1eafp t\u1ef1 \u0111\u1ed9ng n\u00e2ng l\u00ean, qu\u00e1 tr\u00ecnh \u0111\u00f3ng g\u00f3i ch\u00e2n kh\u00f4ng k\u1ebft th\u00fac, s\u1eb5n s\u00e0ng cho chu k\u1ef3 \u0111\u00f3ng g\u00f3i ti\u1ebfp theo.<\/li> <\/ol>    <figure class=\"wp-block-image size-full is-resized\"><img loading=\"lazy\" decoding=\"async\" width=\"750\" height=\"934\" src=\"https:\/\/www.meatprocessingmachine.org\/wp-content\/uploads\/2021\/08\/product-of-vacuum-packing-1.jpg\" alt=\"product of Industrial Chamber vacuum sealer \" class=\"wp-image-1653\" title=\"\" srcset=\"https:\/\/www.meatprocessingmachine.org\/wp-content\/uploads\/2021\/08\/product-of-vacuum-packing-1.jpg 750w, https:\/\/www.meatprocessingmachine.org\/wp-content\/uploads\/2021\/08\/product-of-vacuum-packing-1-241x300.jpg 241w\" sizes=\"auto, (max-width: 750px) 100vw, 750px\" \/><figcaption class=\"wp-element-caption\"><br><br>s\u1ea3n ph\u1ea9m c\u1ee7a m\u00e1y h\u00fat ch\u00e2n kh\u00f4ng bu\u1ed3ng c\u00f4ng nghi\u1ec7p<\/figcaption><\/figure>    <h2 class=\"wp-block-heading\">V\u1ec1 t\u00fai \u0111\u00f3ng g\u00f3i<\/h2>    <p>Nhi\u1ec1u kh\u00e1ch h\u00e0ng th\u01b0\u1eddng ph\u1ea3n \u00e1nh r\u1eb1ng t\u00fai ch\u00e2n kh\u00f4ng b\u1ecb r\u00e1ch khi s\u1eed d\u1ee5ng m\u00e1y \u0111\u00f3ng g\u00f3i ch\u00e2n kh\u00f4ng bu\u1ed3ng \u0111\u01a1n. H\u00e3y h\u1ecfi k\u1ef9 thu\u1eadt vi\u00ean c\u1ee7a ch\u00fang t\u00f4i l\u00fd do t\u1ea1i sao. N\u00f3i th\u1eb3ng ra, \u0111\u1ed9 d\u00e0y c\u1ee7a t\u00fai ch\u00e2n kh\u00f4ng ch\u00fang t\u00f4i s\u1eed d\u1ee5ng kh\u00f4ng \u0111\u1ea1t y\u00eau c\u1ea7u, v\u00ec ch\u00e2n kh\u00f4ng kh\u00e1 l\u1edbn, do \u0111\u00f3 n\u1ebfu t\u00fai kh\u00f4ng \u0111\u1ee7 \u0111\u1ed9 d\u00e0y khi h\u00fat ch\u00e2n kh\u00f4ng, s\u1ebd g\u00e2y h\u01b0 h\u1ecfng. V\u00ec v\u1eady, y\u00eau c\u1ea7u v\u1ec1 v\u1eadt li\u1ec7u \u0111\u00f3ng g\u00f3i c\u1ee7a ch\u00fang t\u00f4i v\u1eabn ph\u1ea3i \u0111\u01b0\u1ee3c \u0111\u00e1p \u1ee9ng, \u0111\u1ec3 \u0111\u1ea3m b\u1ea3o c\u00f4ng vi\u1ec7c h\u00fat ch\u00e2n kh\u00f4ng b\u00ecnh th\u01b0\u1eddng.<\/p>   <div class=\"wp-block-image\"> <figure class=\"aligncenter size-full is-resized\"><img loading=\"lazy\" decoding=\"async\" width=\"720\" height=\"540\" src=\"https:\/\/www.meatprocessingmachine.org\/wp-content\/uploads\/2022\/03\/sausage-vacuum-packaging-machine-1-1.png\" alt=\"m\u00e1y \u0111\u00f3ng g\u00f3i ch\u00e2n kh\u00f4ng bu\u1ed3ng \u0111\u01a1n\" class=\"wp-image-32950\" style=\"object-fit:cover;width:720px;height:540px\" title=\"\" srcset=\"https:\/\/www.meatprocessingmachine.org\/wp-content\/uploads\/2022\/03\/sausage-vacuum-packaging-machine-1-1.png 720w, https:\/\/www.meatprocessingmachine.org\/wp-content\/uploads\/2022\/03\/sausage-vacuum-packaging-machine-1-1-300x225.png 300w\" sizes=\"auto, (max-width: 720px) 100vw, 720px\" \/><figcaption class=\"wp-element-caption\">M\u00e1y \u0111\u00f3ng g\u00f3i ch\u00e2n kh\u00f4ng bu\u1ed3ng \u0111\u01a1n<\/figcaption><\/figure> <\/div>   <h2 class=\"wp-block-heading\">C\u00e1c lo\u1ea1i m\u00e1y \u0111\u00f3ng g\u00f3i ch\u00e2n kh\u00f4ng<\/h2>    <p class=\"translation-block\">C\u00f3 hai lo\u1ea1i m\u00e1y \u0111\u00f3ng g\u00f3i ch\u00e2n kh\u00f4ng: bu\u1ed3ng \u0111\u01a1n v\u00e0 <a href=\"https:\/\/www.meatprocessingmachine.org\/vi\/dz-260-desktop-vacuum-packing-machine-for-sealing.html\/\">m\u00e1y \u0111\u00f3ng g\u00f3i ch\u00e2n kh\u00f4ng bu\u1ed3ng \u0111\u00f4i<\/a>. Ch\u1ee9c n\u0103ng v\u00e0 hi\u1ec7u qu\u1ea3 c\u1ee7a hai m\u00e1y n\u00e0y l\u00e0 nh\u01b0 nhau. S\u1ef1 kh\u00e1c bi\u1ec7t ch\u00ednh l\u00e0 t\u1ed1c \u0111\u1ed9 \u0111\u00f3ng g\u00f3i. N\u1ebfu b\u1ea1n mu\u1ed1n bi\u1ebft th\u00eam v\u1ec1 lo\u1ea1i m\u00e1y n\u00e0y, xin vui l\u00f2ng li\u00ean h\u1ec7 v\u1edbi ch\u00fang t\u00f4i.<\/p>    <div class=\"wp-block-columns is-layout-flex wp-container-core-columns-is-layout-9d6595d7 wp-block-columns-is-layout-flex\"> <div class=\"wp-block-column is-layout-flow wp-block-column-is-layout-flow\"> <figure class=\"wp-block-image size-full\"><a href=\"https:\/\/www.meatprocessingmachine.org\/vi\/single-chamber-vacuum-packaging-machine-vacuum-sealing-machine.html\/\"><img loading=\"lazy\" decoding=\"async\" width=\"720\" height=\"540\" src=\"https:\/\/www.meatprocessingmachine.org\/wp-content\/uploads\/2018\/10\/single-chamber-meat-vacuum-packing-machine.webp\" alt=\"m\u00e1y \u0111\u00f3ng g\u00f3i ch\u00e2n kh\u00f4ng th\u1ecbt bu\u1ed3ng \u0111\u01a1n\" class=\"wp-image-34424\" title=\"\" srcset=\"https:\/\/www.meatprocessingmachine.org\/wp-content\/uploads\/2018\/10\/single-chamber-meat-vacuum-packing-machine.webp 720w, https:\/\/www.meatprocessingmachine.org\/wp-content\/uploads\/2018\/10\/single-chamber-meat-vacuum-packing-machine-300x225.webp 300w, https:\/\/www.meatprocessingmachine.org\/wp-content\/uploads\/2018\/10\/single-chamber-meat-vacuum-packing-machine-16x12.webp 16w\" sizes=\"auto, (max-width: 720px) 100vw, 720px\" \/><\/a><figcaption class=\"wp-element-caption\">M\u00e1y \u0111\u00f3ng g\u00f3i ch\u00e2n kh\u00f4ng bu\u1ed3ng \u0111\u01a1n<\/figcaption><\/figure> <\/div>    <div class=\"wp-block-column is-layout-flow wp-block-column-is-layout-flow\"> <figure class=\"wp-block-image size-full\"><a href=\"https:\/\/www.meatprocessingmachine.org\/vi\/dz-260-desktop-vacuum-packing-machine-for-sealing.html\/\"><img loading=\"lazy\" decoding=\"async\" width=\"720\" height=\"540\" src=\"https:\/\/www.meatprocessingmachine.org\/wp-content\/uploads\/2018\/10\/meat-vacuum-packaging-machine.webp\" alt=\"M\u00e1y \u0111\u00f3ng g\u00f3i th\u1ecbt\" class=\"wp-image-34423\" title=\"\" srcset=\"https:\/\/www.meatprocessingmachine.org\/wp-content\/uploads\/2018\/10\/meat-vacuum-packaging-machine.webp 720w, https:\/\/www.meatprocessingmachine.org\/wp-content\/uploads\/2018\/10\/meat-vacuum-packaging-machine-300x225.webp 300w, https:\/\/www.meatprocessingmachine.org\/wp-content\/uploads\/2018\/10\/meat-vacuum-packaging-machine-16x12.webp 16w\" sizes=\"auto, (max-width: 720px) 100vw, 720px\" \/><\/a><figcaption class=\"wp-element-caption\">M\u00e1y \u0111\u00f3ng g\u00f3i ch\u00e2n kh\u00f4ng th\u1ecbt bu\u1ed3ng \u0111\u00f4i<\/figcaption><\/figure> <\/div> <\/div>","protected":false},"excerpt":{"rendered":"<p>The single-chamber vacuum packaging machine can extract oxygen from the packaging bag to form a vacuum state. Thereby extending the shelf life of food. An automatic Vacuum Sealing Machine is suitable for packaging meat products, grains, medicines, etc. Industrial Chamber vacuum sealer can prevent the food from becoming moldy, while maintaining the original flavor of the food, ensuring that the moisture of the food will not be lost.<\/p>","protected":false},"author":1,"featured_media":1656,"parent":0,"template":"","product-type":[596],"class_list":["post-1646","product","type-product","status-publish","has-post-thumbnail","hentry","product-type-meat-packaging-equipment"],"_links":{"self":[{"href":"https:\/\/www.meatprocessingmachine.org\/vi\/wp-json\/wp\/v2\/product\/1646","targetHints":{"allow":["GET"]}}],"collection":[{"href":"https:\/\/www.meatprocessingmachine.org\/vi\/wp-json\/wp\/v2\/product"}],"about":[{"href":"https:\/\/www.meatprocessingmachine.org\/vi\/wp-json\/wp\/v2\/types\/product"}],"author":[{"embeddable":true,"href":"https:\/\/www.meatprocessingmachine.org\/vi\/wp-json\/wp\/v2\/users\/1"}],"wp:featuredmedia":[{"embeddable":true,"href":"https:\/\/www.meatprocessingmachine.org\/vi\/wp-json\/wp\/v2\/media\/1656"}],"wp:attachment":[{"href":"https:\/\/www.meatprocessingmachine.org\/vi\/wp-json\/wp\/v2\/media?parent=1646"}],"wp:term":[{"taxonomy":"product-type","embeddable":true,"href":"https:\/\/www.meatprocessingmachine.org\/vi\/wp-json\/wp\/v2\/product-type?post=1646"}],"curies":[{"name":"wp","href":"https:\/\/api.w.org\/{rel}","templated":true}]}}