{"id":1855,"date":"2021-08-31T17:22:25","date_gmt":"2021-08-31T09:22:25","guid":{"rendered":"https:\/\/www.meatprocessingmachine.org\/?p=1855"},"modified":"2023-02-17T15:16:02","modified_gmt":"2023-02-17T07:16:02","slug":"chicken-bone-grinder-best-meat-grinder-for-grinding-bones","status":"publish","type":"product","link":"https:\/\/www.meatprocessingmachine.org\/vi\/chicken-bone-grinder-best-meat-grinder-for-grinding-bones.html","title":{"rendered":"M\u00e1y xay th\u1ecbt t\u1ed1t nh\u1ea5t \u0111\u1ec3 xay x\u01b0\u01a1ng | M\u00e1y xay x\u01b0\u01a1ng g\u00e0"},"content":{"rendered":"<div class=\"kk-star-ratings kksr-auto kksr-align-right kksr-valign-top\"     data-payload='{&quot;align&quot;:&quot;right&quot;,&quot;id&quot;:&quot;1855&quot;,&quot;slug&quot;:&quot;default&quot;,&quot;valign&quot;:&quot;top&quot;,&quot;ignore&quot;:&quot;&quot;,&quot;reference&quot;:&quot;auto&quot;,&quot;class&quot;:&quot;&quot;,&quot;count&quot;:&quot;0&quot;,&quot;legendonly&quot;:&quot;&quot;,&quot;readonly&quot;:&quot;&quot;,&quot;score&quot;:&quot;0&quot;,&quot;starsonly&quot;:&quot;&quot;,&quot;best&quot;:&quot;5&quot;,&quot;gap&quot;:&quot;5&quot;,&quot;greet&quot;:&quot;Rate this product&quot;,&quot;legend&quot;:&quot;0\\\/5 - (0 b\u00ecnh ch\u1ecdn)&quot;,&quot;size&quot;:&quot;24&quot;,&quot;title&quot;:&quot;Best Meat Grinder for Grinding Bones | Chicken Bone Grinder&quot;,&quot;width&quot;:&quot;0&quot;,&quot;_legend&quot;:&quot;{score}\\\/{best} - ({count} {votes})&quot;,&quot;font_factor&quot;:&quot;1.25&quot;}'>              <div class=\"kksr-stars\">      <div class=\"kksr-stars-inactive\">             <div class=\"kksr-star\" data-star=\"1\" style=\"padding-right: 5px\">               <div class=\"kksr-icon\" style=\"width: 24px; height: 24px;\"><\/div>         <\/div>             <div class=\"kksr-star\" data-star=\"2\" style=\"padding-right: 5px\">               <div class=\"kksr-icon\" style=\"width: 24px; height: 24px;\"><\/div>         <\/div>             <div class=\"kksr-star\" data-star=\"3\" style=\"padding-right: 5px\">               <div class=\"kksr-icon\" style=\"width: 24px; height: 24px;\"><\/div>         <\/div>             <div class=\"kksr-star\" data-star=\"4\" style=\"padding-right: 5px\">               <div class=\"kksr-icon\" style=\"width: 24px; height: 24px;\"><\/div>         <\/div>             <div class=\"kksr-star\" data-star=\"5\" style=\"padding-right: 5px\">               <div class=\"kksr-icon\" style=\"width: 24px; height: 24px;\"><\/div>         <\/div>     <\/div>      <div class=\"kksr-stars-active\" style=\"width: 0px;\">             <div class=\"kksr-star\" style=\"padding-right: 5px\">               <div class=\"kksr-icon\" style=\"width: 24px; height: 24px;\"><\/div>         <\/div>             <div class=\"kksr-star\" style=\"padding-right: 5px\">               <div class=\"kksr-icon\" style=\"width: 24px; height: 24px;\"><\/div>         <\/div>             <div class=\"kksr-star\" style=\"padding-right: 5px\">               <div class=\"kksr-icon\" style=\"width: 24px; height: 24px;\"><\/div>         <\/div>             <div class=\"kksr-star\" style=\"padding-right: 5px\">               <div class=\"kksr-icon\" style=\"width: 24px; height: 24px;\"><\/div>         <\/div>             <div class=\"kksr-star\" style=\"padding-right: 5px\">               <div class=\"kksr-icon\" style=\"width: 24px; height: 24px;\"><\/div>         <\/div>     <\/div> <\/div>                   <div class=\"kksr-legend\" style=\"font-size: 19.2px;\">             <span class=\"kksr-muted\">\u0110\u00e1nh gi\u00e1 s\u1ea3n ph\u1ea9m n\u00e0y<\/span>     <\/div>     <\/div>  <p>M\u00e1y xay x\u01b0\u01a1ng gia c\u1ea7m l\u00e0 m\u1ed9t m\u00e1y c\u00f3 th\u1ec3 xay th\u1ecbt c\u00f3 x\u01b0\u01a1ng. Ch\u00fang ta c\u00f3 th\u1ec3 tr\u1ef1c ti\u1ebfp b\u1ecf th\u1ecbt g\u00e0, c\u00e1, gia c\u1ea7m, v.v. v\u00e0o m\u00e1y xay x\u01b0\u01a1ng gia c\u1ea7m \u0111\u1ec3 x\u1eed l\u00fd, nh\u1eb1m cung c\u1ea5p cho ch\u00f3 ho\u1eb7c c\u00e1c lo\u1ea1i th\u1ef1c ph\u1ea9m b\u1ed5 sung kh\u00e1c. \u0110\u1ed1i v\u1edbi s\u1ea3n xu\u1ea5t th\u1ef1c ph\u1ea9m dinh d\u01b0\u1ee1ng, m\u00e1y xay n\u00e0y r\u1ea5t m\u1ea1nh m\u1ebd, kh\u00f4ng ph\u00f9 h\u1ee3p cho gia \u0111\u00ecnh ch\u1ec9 c\u00f3 m\u1ed9t con ch\u00f3 nu\u00f4i, m\u00e0 ph\u00f9 h\u1ee3p h\u01a1n cho c\u00e1c nh\u00e0 m\u00e1y ch\u1ebf bi\u1ebfn th\u1ecbt, nh\u00e0 m\u00e1y ch\u1ebf bi\u1ebfn th\u1ee9c \u0103n cho th\u00fa c\u01b0ng, c\u00e1c t\u1ed5 ch\u1ee9c nu\u00f4i th\u00fa c\u01b0ng, v.v.<\/p>    <h2 class=\"wp-block-heading\">T\u1ea1i sao ch\u1ecdn m\u00e1y xay th\u1ecbt gia c\u1ea7m<\/h2>    <p>There are many meat grinders on the market, but most of them can only process softer pure meat, so you can&#8217;t do anything about meat with bones, but some pets need to absorb some fat and protein in the bones, for convenience For consumption and preservation, bone grinders are used. The blade of this machine is hard enough, otherwise, it will not only be unable to grind the bones but will damage the tool.<\/p>    <h2 class=\"wp-block-heading\" id=\"h-bone-grinder-parameters\">Th\u00f4ng s\u1ed1 k\u1ef9 thu\u1eadt c\u1ee7a m\u00e1y xay x\u01b0\u01a1ng<\/h2>    <p>M\u1eabu m\u00e3: TZ-130<\/p>    <p>K\u00edch th\u01b0\u1edbc: 580*580*890mm<\/p>    <p>\u0110i\u1ec7n \u00e1p: 220v 50hz<\/p>    <p>C\u00f4ng su\u1ea5t: 5.5kw<\/p>    <p>C\u00f4ng su\u1ea5t: 300-500kg\/h<\/p>    <p>Tr\u1ecdng l\u01b0\u1ee3ng: 130kg<\/p>    <p>\u0110\u1ed9 m\u1ecbn nghi\u1ec1n: 5-15mm<\/p>    <h2 class=\"wp-block-heading\">Ch\u01b0\u01a1ng tr\u00ecnh video<\/h2>    <figure class=\"wp-block-embed is-type-video is-provider-youtube wp-block-embed-youtube\"><div class=\"wp-block-embed__wrapper\"> <iframe loading=\"lazy\" title=\"Th\u00eam n\u1eefa\" width=\"500\" height=\"281\" src=\"https:\/\/www.youtube.com\/embed\/tNCGhNMxsIE?feature=oembed\" frameborder=\"0\" allow=\"accelerometer; autoplay; clipboard-write; encrypted-media; gyroscope; picture-in-picture; web-share\" referrerpolicy=\"strict-origin-when-cross-origin\" allowfullscreen><\/iframe> <\/div><figcaption class=\"wp-element-caption\">C\u00e1ch ho\u1ea1t \u0111\u1ed9ng c\u1ee7a m\u00e1y xay x\u01b0\u01a1ng<\/figcaption><\/figure>    <h2 class=\"wp-block-heading\">Nguy\u00ean l\u00fd c\u1ee7a m\u00e1y xay th\u1ecbt<\/h2>    <p>C\u00f4ng vi\u1ec7c c\u1ee7a m\u00e1y x\u00e9 x\u01b0\u01a1ng gia c\u1ea7m ch\u1ee7 y\u1ebfu d\u1ef1a v\u00e0o v\u00edt xoay \u0111\u1ec3 \u0111\u1ea9y nguy\u00ean li\u1ec7u trong h\u1ed9p ch\u1ee9a v\u00e0o l\u1ed7 \u0111\u0129a c\u1eaft tr\u01b0\u1edbc, v\u00e0 hi\u1ec7u \u1ee9ng c\u1eaft c\u1ee7a l\u01b0\u1ee1i dao c\u1eaft quay v\u00e0 c\u1ea1nh l\u1ed7 c\u1ee7a \u0111\u0129a \u0111\u1ee5c l\u1ed7 \u0111\u01b0\u1ee3c s\u1eed d\u1ee5ng \u0111\u1ec3 x\u00e9 nguy\u00ean li\u1ec7u, d\u01b0\u1edbi t\u00e1c d\u1ee5ng c\u1ee7a l\u1ef1c \u00e9p, nguy\u00ean li\u1ec7u li\u00ean t\u1ee5c \u0111\u01b0\u1ee3c x\u1ea3 ra kh\u1ecfi m\u00e1y. M\u00e1y n\u00e0y c\u00f3 th\u1ec3 \u0111\u01b0\u1ee3c trang b\u1ecb c\u00e1c l\u01b0\u1ee1i c\u1eaft v\u00e0 \u0111\u0129a \u0111\u1ee5c l\u1ed7 ph\u00f9 h\u1ee3p v\u1edbi c\u00e1c \u0111\u1eb7c t\u00ednh v\u1eadt li\u1ec7u v\u00e0 y\u00eau c\u1ea7u x\u1eed l\u00fd kh\u00e1c nhau \u0111\u1ec3 x\u1eed l\u00fd c\u00e1c h\u1ea1t c\u00f3 k\u00edch th\u01b0\u1edbc kh\u00e1c nhau ph\u00f9 h\u1ee3p v\u1edbi y\u00eau c\u1ea7u c\u1ee7a qu\u00e1 tr\u00ecnh ti\u1ebfp theo.<\/p>    <figure class=\"wp-block-gallery has-nested-images columns-default is-cropped wp-block-gallery-2 is-layout-flex wp-block-gallery-is-layout-flex\"> <figure class=\"wp-block-image size-large\"><img loading=\"lazy\" decoding=\"async\" width=\"289\" height=\"174\" data-id=\"1879\" src=\"https:\/\/www.meatprocessingmachine.org\/wp-content\/uploads\/2021\/08\/Meat-Grider-2-3.jpg\" alt=\"\" class=\"wp-image-1879\" title=\"\"><figcaption class=\"wp-element-caption\">M\u00e1y xay x\u01b0\u01a1ng<\/figcaption><\/figure>    <figure class=\"wp-block-image size-large\"><img loading=\"lazy\" decoding=\"async\" width=\"595\" height=\"599\" data-id=\"1880\" src=\"https:\/\/www.meatprocessingmachine.org\/wp-content\/uploads\/2021\/08\/Meat-Grider-1.jpg\" alt=\"\" class=\"wp-image-1880\" title=\"\" srcset=\"https:\/\/www.meatprocessingmachine.org\/wp-content\/uploads\/2021\/08\/Meat-Grider-1.jpg 595w, https:\/\/www.meatprocessingmachine.org\/wp-content\/uploads\/2021\/08\/Meat-Grider-1-298x300.jpg 298w, https:\/\/www.meatprocessingmachine.org\/wp-content\/uploads\/2021\/08\/Meat-Grider-1-150x150.jpg 150w\" sizes=\"auto, (max-width: 595px) 100vw, 595px\" \/><figcaption class=\"wp-element-caption\">M\u00e1y xay x\u01b0\u01a1ng<\/figcaption><\/figure> <figcaption class=\"blocks-gallery-caption wp-element-caption\">Chi ti\u1ebft m\u00e1y xay x\u01b0\u01a1ng<\/figcaption><\/figure>    <h2 class=\"wp-block-heading\">C\u00e1c m\u00e1y tham gia v\u00e0o qu\u00e1 tr\u00ecnh ch\u1ebf bi\u1ebfn s\u00e2u<\/h2>    <figure class=\"wp-block-gallery has-nested-images columns-default is-cropped wp-block-gallery-3 is-layout-flex wp-block-gallery-is-layout-flex\"> <figure class=\"wp-block-image size-large\"><img loading=\"lazy\" decoding=\"async\" width=\"300\" height=\"168\" data-id=\"1886\" src=\"https:\/\/www.meatprocessingmachine.org\/wp-content\/uploads\/2021\/08\/Application-of-meat-grinder-2.jpg\" alt=\"\" class=\"wp-image-1886\" title=\"\"><figcaption><\/figcaption><\/figure>    <figure class=\"wp-block-image size-large\"><img loading=\"lazy\" decoding=\"async\" width=\"275\" height=\"183\" data-id=\"1887\" src=\"https:\/\/www.meatprocessingmachine.org\/wp-content\/uploads\/2021\/08\/Application-of-meat-grinder.jpg\" alt=\"\" class=\"wp-image-1887\" title=\"\"><figcaption><\/figcaption><\/figure> <figcaption class=\"blocks-gallery-caption wp-element-caption\">Application Of Meat Grinder<\/figcaption><\/figure>    <h3 class=\"wp-block-heading\">Th\u1ecbt vi\u00ean \u0111\u00e3 qua ch\u1ebf bi\u1ebfn<\/h3>    <p>Hi\u1ec7u su\u1ea5t l\u00e0m vi\u1ec7c cao, l\u00ean t\u1edbi 500 kg m\u1ed7i gi\u1edd<\/p>    <h3 class=\"wp-block-heading\">X\u1eed l\u00fd c\u00e1<\/h3>    <p class=\"translation-block\">Sau khi \u0111\u01b0\u1ee3c lo\u1ea1i b\u1ecf b\u1edfi <a href=\"https:\/\/www.meatprocessingmachine.org\/vi\/electric-fish-belly-splitting-cutting-machine.html\/\" data-type=\"URL\" data-id=\"https:\/\/www.meatprocessingmachine.org\/electric-fish-belly-splitting-cutting-machine.html\">d\u1ee5ng c\u1ee5 lo\u1ea1i b\u1ecf v\u1ea3y c\u00e1<\/a>, c\u00f3 th\u1ec3 b\u1ecf tr\u1ef1c ti\u1ebfp v\u00e0o m\u00e1y xay th\u1ecbt n\u00e0y \u0111\u1ec3 xay. M\u00e1y xay th\u1ecbt n\u00e0y c\u00f3 th\u1ec3 xay nhuy\u1ec5n th\u1ecbt c\u00e1 v\u00e0 x\u01b0\u01a1ng c\u00e1 \u0111\u1ec3 l\u1ea5y b\u00e3 c\u00e1, d\u00f9ng \u0111\u1ec3 l\u00e0m c\u00e1c s\u1ea3n ph\u1ea9m t\u1eeb th\u1ecbt c\u00e1.<\/p>    <h2 class=\"wp-block-heading\">M\u00e1y c\u00f3 v\u1ebb ngo\u00e0i \u0111\u1eb9p m\u1eaft v\u00e0 chi\u1ebfm di\u1ec7n t\u00edch nh\u1ecf<\/h2>    <p>D\u1ec5 v\u1eadn h\u00e0nh, b\u1ea1n c\u00f3 th\u1ec3 h\u1ecdc c\u00e1ch v\u1eadn h\u00e0nh ch\u1ec9 b\u1eb1ng c\u00e1ch xem video<\/p>    <p>D\u1ec5 di chuy\u1ec3n, m\u00e1y \u0111i k\u00e8m v\u1edbi b\u00e1nh xe<\/p>    <p>M\u00e1y xay x\u01b0\u01a1ng<\/p>    <p>1. L\u00e0m s\u1ea1ch tr\u01b0\u1edbc khi s\u1eed d\u1ee5ng<\/p>    <h2 class=\"wp-block-heading\">B\u1ea3o tr\u00ec v\u00e0 v\u1ec7 sinh sau b\u00e1n h\u00e0ng c\u1ee7a m\u00e1y xay th\u1ecbt \u0111\u1ec3 xay x\u01b0\u01a1ng<\/h2>    <figure class=\"wp-block-image size-full is-resized\"><img loading=\"lazy\" decoding=\"async\" src=\"https:\/\/www.meatprocessingmachine.org\/wp-content\/uploads\/2021\/08\/bone-grinder.png\" alt=\"\" class=\"wp-image-1885\" width=\"757\" height=\"568\" title=\"\"><figcaption class=\"wp-element-caption\"> 2. \u0110\u1ed1i v\u1edbi lo\u1ea1i \u0111i\u1ec7n, vui l\u00f2ng ki\u1ec3m tra \u0111i\u1ec7n \u00e1p ngu\u1ed3n, d\u1ea5u hi\u1ec7u h\u01b0\u1edbng m\u00e1y ph\u1ea3i ph\u00f9 h\u1ee3p v\u1edbi y\u00eau c\u1ea7u quy \u0111\u1ecbnh, v\u00e0 ph\u1ea3i c\u00f3 d\u00e2y \u0111\u1ea5t ch\u1eafc ch\u1eafn<\/figcaption><\/figure>    <p>3. N\u1ebfu th\u1ecbt kh\u00f4ng m\u1ecbn ho\u1eb7c nh\u00e3o, c\u00f3 th\u1ec3 do c\u00e1c l\u00fd do sau<\/p>    <p>(1) \u0110ai \u1ed1c kh\u00f3a ph\u00eda tr\u01b0\u1edbc qu\u00e1 l\u1ecfng v\u00e0 c\u1ea7n \u0111\u01b0\u1ee3c \u0111i\u1ec1u ch\u1ec9nh l\u1ea1i<\/p>    <p>(2) B\u1ea3ng th\u1ecbt b\u1ecb t\u1eafc v\u00e0 c\u1ea7n \u0111\u01b0\u1ee3c l\u00e0m s\u1ea1ch<\/p>    <p>(3) Dao xay x\u01b0\u01a1ng qu\u00e1 c\u00f9n v\u00e0 c\u1ea7n m\u00e0i l\u1ea1i ho\u1eb7c thay th\u1ebf<\/p>    <p> 4. C\u1ea5m ho\u00e0n to\u00e0n vi\u1ec7c cho tr\u1ef1c ti\u1ebfp v\u00e0o khoang m\u00e1y xay th\u1ecbt b\u1eb1ng tay \u0111\u1ec3 \u0111\u1ea3m b\u1ea3o an to\u00e0n<\/p>    <p>Truy\u1ec1n b\u00e1 t\u00ecnh y\u00eau<\/p>    <p>Shuliy<\/p>    <h2 class=\"wp-block-heading\">Gi\u1edbi thi\u1ec7u c\u00e1c m\u00e1y li\u00ean quan c\u1ee7a m\u00e1y xay x\u01b0\u01a1ng \u0111\u1ec3 xay x\u01b0\u01a1ng<\/h2>    <p class=\"translation-block\">C\u00f4ng ty ch\u00fang t\u00f4i c\u00f2n c\u00f3 <a href=\"https:\/\/www.meatprocessingmachine.org\/vi\/frozen-meat-grinder.html\/\">m\u00e1y xay th\u1ecbt \u0111\u00f4ng l\u1ea1nh<\/a>v\u00e0 m\u00e1y c\u1eaft th\u1ecbt vi\u00ean, c\u00f3 th\u1ec3 l\u1ef1a ch\u1ecdn theo th\u00e0nh ph\u1ea9m v\u00e0 nguy\u00ean li\u1ec7u mong mu\u1ed1n. Ch\u00fang t\u00f4i mong mu\u1ed1n cung c\u1ea5p d\u1ecbch v\u1ee5 ch\u1ea5t l\u01b0\u1ee3ng t\u1ed1t nh\u1ea5t cho kh\u00e1ch h\u00e0ng.<\/p>","protected":false},"excerpt":{"rendered":"<p>Poultry bone grinder is a machine that can grind meat with bones. We can directly put some chicken, fish, some poultry, etc. into the poultry bone grinder for processing, so as to give dogs or other supplements. For nutritious food production, this meat grinder is very powerful, not suitable for families with only one pet dog, but more suitable for meat processing plants, pet food processing plants, pet breeding institutions, etc.<\/p>","protected":false},"author":1,"featured_media":1914,"parent":0,"template":"","product-type":[590],"class_list":["post-1855","product","type-product","status-publish","has-post-thumbnail","hentry","product-type-meat-grinding-machine"],"_links":{"self":[{"href":"https:\/\/www.meatprocessingmachine.org\/vi\/wp-json\/wp\/v2\/product\/1855","targetHints":{"allow":["GET"]}}],"collection":[{"href":"https:\/\/www.meatprocessingmachine.org\/vi\/wp-json\/wp\/v2\/product"}],"about":[{"href":"https:\/\/www.meatprocessingmachine.org\/vi\/wp-json\/wp\/v2\/types\/product"}],"author":[{"embeddable":true,"href":"https:\/\/www.meatprocessingmachine.org\/vi\/wp-json\/wp\/v2\/users\/1"}],"wp:featuredmedia":[{"embeddable":true,"href":"https:\/\/www.meatprocessingmachine.org\/vi\/wp-json\/wp\/v2\/media\/1914"}],"wp:attachment":[{"href":"https:\/\/www.meatprocessingmachine.org\/vi\/wp-json\/wp\/v2\/media?parent=1855"}],"wp:term":[{"taxonomy":"product-type","embeddable":true,"href":"https:\/\/www.meatprocessingmachine.org\/vi\/wp-json\/wp\/v2\/product-type?post=1855"}],"curies":[{"name":"wp","href":"https:\/\/api.w.org\/{rel}","templated":true}]}}