{"id":1911,"date":"2021-09-02T18:02:08","date_gmt":"2021-09-02T10:02:08","guid":{"rendered":"https:\/\/www.meatprocessingmachine.org\/?p=1911"},"modified":"2022-07-26T09:37:20","modified_gmt":"2022-07-26T01:37:20","slug":"chicken-feather-removal-machine","status":"publish","type":"product","link":"https:\/\/www.meatprocessingmachine.org\/vi\/chicken-feather-removal-machine.html","title":{"rendered":"M\u00e1y lo\u1ea1i b\u1ecf l\u00f4ng g\u00e0 | M\u00e1y nh\u1ed5 l\u00f4ng gia c\u1ea7m"},"content":{"rendered":"<div class=\"kk-star-ratings kksr-auto kksr-align-right kksr-valign-top\"     data-payload='{&quot;align&quot;:&quot;right&quot;,&quot;id&quot;:&quot;1911&quot;,&quot;slug&quot;:&quot;default&quot;,&quot;valign&quot;:&quot;top&quot;,&quot;ignore&quot;:&quot;&quot;,&quot;reference&quot;:&quot;auto&quot;,&quot;class&quot;:&quot;&quot;,&quot;count&quot;:&quot;0&quot;,&quot;legendonly&quot;:&quot;&quot;,&quot;readonly&quot;:&quot;&quot;,&quot;score&quot;:&quot;0&quot;,&quot;starsonly&quot;:&quot;&quot;,&quot;best&quot;:&quot;5&quot;,&quot;gap&quot;:&quot;5&quot;,&quot;greet&quot;:&quot;Rate this product&quot;,&quot;legend&quot;:&quot;0\\\/5 - (0 b\u00ecnh ch\u1ecdn)&quot;,&quot;size&quot;:&quot;24&quot;,&quot;title&quot;:&quot;Chicken Feather Removal Machine | Poultry feather plucking machine&quot;,&quot;width&quot;:&quot;0&quot;,&quot;_legend&quot;:&quot;{score}\\\/{best} - ({count} {votes})&quot;,&quot;font_factor&quot;:&quot;1.25&quot;}'>              <div class=\"kksr-stars\">      <div class=\"kksr-stars-inactive\">             <div class=\"kksr-star\" data-star=\"1\" style=\"padding-right: 5px\">               <div class=\"kksr-icon\" style=\"width: 24px; height: 24px;\"><\/div>         <\/div>             <div class=\"kksr-star\" data-star=\"2\" style=\"padding-right: 5px\">               <div class=\"kksr-icon\" style=\"width: 24px; height: 24px;\"><\/div>         <\/div>             <div class=\"kksr-star\" data-star=\"3\" style=\"padding-right: 5px\">               <div class=\"kksr-icon\" style=\"width: 24px; height: 24px;\"><\/div>         <\/div>             <div class=\"kksr-star\" data-star=\"4\" style=\"padding-right: 5px\">               <div class=\"kksr-icon\" style=\"width: 24px; height: 24px;\"><\/div>         <\/div>             <div class=\"kksr-star\" data-star=\"5\" style=\"padding-right: 5px\">               <div class=\"kksr-icon\" style=\"width: 24px; height: 24px;\"><\/div>         <\/div>     <\/div>      <div class=\"kksr-stars-active\" style=\"width: 0px;\">             <div class=\"kksr-star\" style=\"padding-right: 5px\">               <div class=\"kksr-icon\" style=\"width: 24px; height: 24px;\"><\/div>         <\/div>             <div class=\"kksr-star\" style=\"padding-right: 5px\">               <div class=\"kksr-icon\" style=\"width: 24px; height: 24px;\"><\/div>         <\/div>             <div class=\"kksr-star\" style=\"padding-right: 5px\">               <div class=\"kksr-icon\" style=\"width: 24px; height: 24px;\"><\/div>         <\/div>             <div class=\"kksr-star\" style=\"padding-right: 5px\">               <div class=\"kksr-icon\" style=\"width: 24px; height: 24px;\"><\/div>         <\/div>             <div class=\"kksr-star\" style=\"padding-right: 5px\">               <div class=\"kksr-icon\" style=\"width: 24px; height: 24px;\"><\/div>         <\/div>     <\/div> <\/div>                   <div class=\"kksr-legend\" style=\"font-size: 19.2px;\">             <span class=\"kksr-muted\">\u0110\u00e1nh gi\u00e1 s\u1ea3n ph\u1ea9m n\u00e0y<\/span>     <\/div>     <\/div>  <p class=\"translation-block\">M\u00e1y l\u1ed9t l\u00f4ng g\u00e0 c\u00f3 th\u1ec3 t\u1ef1 \u0111\u1ed9ng lo\u1ea1i b\u1ecf l\u00f4ng c\u1ee7a gia c\u1ea7m, bao g\u1ed3m g\u00e0, v\u1ecbt, ng\u1ed7ng, th\u1ecf v\u00e0 c\u00e1c lo\u1ea1i gia c\u1ea7m kh\u00e1c, m\u1ed9t s\u1ed1 nh\u00e0 m\u00e1y gi\u1ebft m\u1ed5 v\u00e0 nh\u00e0 cung c\u1ea5p g\u00e0 x\u1eed l\u00fd g\u00e0? Vi\u1ec7c s\u1eed d\u1ee5ng th\u1ee7 c\u00f4ng l\u00e0 r\u1ea5t kh\u00f4ng th\u1ef1c t\u1ebf. <a href=\"https:\/\/www.meatprocessingmachine.org\/vi\/the-fastest-way-to-remove-chicken-feathers.html\/\">m\u00e1y l\u1ed9t l\u00f4ng<\/a> c\u00f3 th\u1ec3 nhanh ch\u00f3ng lo\u1ea1i b\u1ecf l\u00f4ng. V\u1eady n\u00f3 ho\u1ea1t \u0111\u1ed9ng nh\u01b0 th\u1ebf n\u00e0o?<\/p>    <h2 class=\"wp-block-heading\">Ph\u1ea1m vi \u1ee9ng d\u1ee5ng c\u1ee7a l\u00f4ng g\u00e0<\/h2>    <p>M\u00e1y l\u1ed9t l\u00f4ng g\u00e0 ch\u1ee7 y\u1ebfu d\u00f9ng \u0111\u1ec3 lo\u1ea1i b\u1ecf l\u00f4ng chim, nh\u01b0 g\u00e0, v\u1ecbt, ng\u1ed7ng, b\u1ed3 c\u00e2u. C\u1ea3 g\u00e0 l\u1edbn v\u00e0 chim nh\u1ecf \u0111\u1ec1u c\u00f3 th\u1ec3 lo\u1ea1i b\u1ecf l\u00f4ng. M\u00e1y c\u00f3 hi\u1ec7u su\u1ea5t cao v\u00e0 t\u1ed1c \u0111\u1ed9 l\u00e0m vi\u1ec7c nhanh. Th\u00edch h\u1ee3p cho m\u1ed9t s\u1ed1 trang tr\u1ea1i gia \u0111\u00ecnh v\u00e0 nh\u00e0 m\u00e1y ch\u1ebf bi\u1ebfn th\u1ecbt.<\/p>    <h2 class=\"wp-block-heading\">\u0110\u1eb7c \u0111i\u1ec3m c\u1ee7a m\u00e1y l\u1ed9t l\u00f4ng g\u00e0<\/h2>    <p>\u0110\u1eb7c \u0111i\u1ec3m c\u1ee7a m\u00e1y l\u1ed9t l\u00f4ng g\u00e0 n\u00e0y r\u1ea5t r\u00f5 r\u00e0ng. M\u00e1y nh\u1ecf g\u1ecdn h\u01a1n, ph\u00f9 h\u1ee3p h\u01a1n v\u1edbi nhu c\u1ea7u x\u1eed l\u00fd h\u00e0ng tr\u0103m con g\u00e0 m\u1ed7i ng\u00e0y, v\u00e0 m\u00e1y c\u1ea7n c\u00f3 s\u1ef1 h\u1ed7 tr\u1ee3 th\u1ee7 c\u00f4ng \u0111\u1ec3 k\u00e9o l\u00f4ng. M\u00e1y kh\u00e1 tinh x\u1ea3o, nh\u1ecf g\u1ecdn, c\u00f3 th\u1ec3 di chuy\u1ec3n linh ho\u1ea1t, v\u00e0 d\u1ec5 d\u00e0ng v\u1ec7 sinh h\u01a1n.<\/p>    <figure class=\"wp-block-gallery has-nested-images columns-default is-cropped wp-block-gallery-2 is-layout-flex wp-block-gallery-is-layout-flex\"> <figure class=\"wp-block-image size-large\"><img loading=\"lazy\" decoding=\"async\" width=\"640\" height=\"480\" data-id=\"1921\" src=\"https:\/\/www.meatprocessingmachine.org\/wp-content\/uploads\/2021\/09\/Chicken-Feather-Removal-Machine-details-4.jpg\" alt=\"\" class=\"wp-image-1921\" title=\"\" srcset=\"https:\/\/www.meatprocessingmachine.org\/wp-content\/uploads\/2021\/09\/Chicken-Feather-Removal-Machine-details-4.jpg 640w, https:\/\/www.meatprocessingmachine.org\/wp-content\/uploads\/2021\/09\/Chicken-Feather-Removal-Machine-details-4-300x225.jpg 300w\" sizes=\"auto, (max-width: 640px) 100vw, 640px\" \/><figcaption><\/figcaption><\/figure>    <figure class=\"wp-block-image size-large\"><img loading=\"lazy\" decoding=\"async\" width=\"1024\" height=\"768\" data-id=\"1922\" src=\"https:\/\/www.meatprocessingmachine.org\/wp-content\/uploads\/2021\/09\/Chicken-Feather-Removal-Machine-details-3-1024x768.jpg\" alt=\"\" class=\"wp-image-1922\" title=\"\" srcset=\"https:\/\/www.meatprocessingmachine.org\/wp-content\/uploads\/2021\/09\/Chicken-Feather-Removal-Machine-details-3-1024x768.jpg 1024w, https:\/\/www.meatprocessingmachine.org\/wp-content\/uploads\/2021\/09\/Chicken-Feather-Removal-Machine-details-3-300x225.jpg 300w, https:\/\/www.meatprocessingmachine.org\/wp-content\/uploads\/2021\/09\/Chicken-Feather-Removal-Machine-details-3-768x576.jpg 768w, https:\/\/www.meatprocessingmachine.org\/wp-content\/uploads\/2021\/09\/Chicken-Feather-Removal-Machine-details-3-1536x1152.jpg 1536w, https:\/\/www.meatprocessingmachine.org\/wp-content\/uploads\/2021\/09\/Chicken-Feather-Removal-Machine-details-3.jpg 1600w\" sizes=\"auto, (max-width: 1024px) 100vw, 1024px\" \/><figcaption><\/figcaption><\/figure> <figcaption class=\"blocks-gallery-caption\">Factory Inventory Of Feather Plucking Machine<\/figcaption><\/figure>    <p>N\u1ebfu b\u1ea1n mu\u1ed1n l\u00e0m vi\u1ec7c li\u00ean t\u1ee5c, b\u1ea1n c\u1ea7n m\u1ed9t m\u00e1y kh\u00e1c m\u1ea1nh h\u01a1n v\u00e0 c\u00f3 th\u1ec3 x\u1eed l\u00fd h\u00e0ng ngh\u00ecn g\u00e0 m\u1ed7i ng\u00e0y. T\u1ea5t nhi\u00ean, n\u1ebfu l\u00e0 s\u1ea3n xu\u1ea5t v\u00e0 ch\u1ebf bi\u1ebfn chung, chi\u1ebfc m\u00e1y l\u1ed9t l\u00f4ng nh\u1ecf n\u00e0y c\u00f3 th\u1ec3 x\u1eed l\u00fd ho\u00e0n to\u00e0n.<\/p>    <h2 class=\"wp-block-heading\" id=\"h-blanching-machine\">M\u00e1y ch\u1ea7n<\/h2>    <p>The chicken needs to be blanched before putting it into the feather plucking machine. This is more conducive to the machine&#8217;s hair removal. You can use 70\u2103 water for blanching during blanching. The blanching temperature should not be too high. The skin of the chicken is damaged in the process of plucking. If the blanching water temperature is too low, the chicken will not be so clean during plucking.<\/p>    <h2 class=\"wp-block-heading\">Nguy\u00ean l\u00fd ho\u1ea1t \u0111\u1ed9ng c\u1ee7a m\u00e1y l\u1ed9t l\u00f4ng g\u00e0<\/h2>    <figure class=\"wp-block-gallery has-nested-images columns-default is-cropped wp-block-gallery-3 is-layout-flex wp-block-gallery-is-layout-flex\"> <figure class=\"wp-block-image size-large\"><img loading=\"lazy\" decoding=\"async\" width=\"800\" height=\"473\" data-id=\"1927\" src=\"https:\/\/www.meatprocessingmachine.org\/wp-content\/uploads\/2021\/09\/Chicken-Feather-Removal-Machine-details-5.jpg\" alt=\"\" class=\"wp-image-1927\" title=\"\" srcset=\"https:\/\/www.meatprocessingmachine.org\/wp-content\/uploads\/2021\/09\/Chicken-Feather-Removal-Machine-details-5.jpg 800w, https:\/\/www.meatprocessingmachine.org\/wp-content\/uploads\/2021\/09\/Chicken-Feather-Removal-Machine-details-5-300x177.jpg 300w, https:\/\/www.meatprocessingmachine.org\/wp-content\/uploads\/2021\/09\/Chicken-Feather-Removal-Machine-details-5-768x454.jpg 768w\" sizes=\"auto, (max-width: 800px) 100vw, 800px\" \/><figcaption><\/figcaption><\/figure>    <figure class=\"wp-block-image size-large\"><img loading=\"lazy\" decoding=\"async\" width=\"1024\" height=\"768\" data-id=\"1928\" src=\"https:\/\/www.meatprocessingmachine.org\/wp-content\/uploads\/2021\/09\/Chicken-Feather-Removal-Machine-details-2-2-1024x768.jpg\" alt=\"\" class=\"wp-image-1928\" title=\"\" srcset=\"https:\/\/www.meatprocessingmachine.org\/wp-content\/uploads\/2021\/09\/Chicken-Feather-Removal-Machine-details-2-2-1024x768.jpg 1024w, https:\/\/www.meatprocessingmachine.org\/wp-content\/uploads\/2021\/09\/Chicken-Feather-Removal-Machine-details-2-2-300x225.jpg 300w, https:\/\/www.meatprocessingmachine.org\/wp-content\/uploads\/2021\/09\/Chicken-Feather-Removal-Machine-details-2-2-768x576.jpg 768w, https:\/\/www.meatprocessingmachine.org\/wp-content\/uploads\/2021\/09\/Chicken-Feather-Removal-Machine-details-2-2-1536x1152.jpg 1536w, https:\/\/www.meatprocessingmachine.org\/wp-content\/uploads\/2021\/09\/Chicken-Feather-Removal-Machine-details-2-2-2048x1536.jpg 2048w\" sizes=\"auto, (max-width: 1024px) 100vw, 1024px\" \/><figcaption><\/figcaption><\/figure> <figcaption class=\"blocks-gallery-caption\"> Chicken Hair Removal Machine Details<\/figcaption><\/figure>    <p>Trong th\u00f9ng c\u1ee7a m\u00e1y l\u1ed9t l\u00f4ng g\u00e0 c\u00f3 nhi\u1ec1u thanh cao su. M\u00e1y d\u1eabn \u0111\u1ed9ng th\u00f9ng v\u00e0 c\u00e1c thanh cao su quay li\u00ean t\u1ee5c, gi\u00fap ch\u00e0 x\u00e1t v\u1edbi g\u00e0. Sau khi ch\u1ea7n, l\u00f4ng d\u1ec5 d\u00e0ng b\u1ecb k\u00e9o ra. Quay v\u1edbi t\u1ed1c \u0111\u1ed9 cao v\u00e0 ma s\u00e1t v\u1edbi thanh cao su c\u00f3 th\u1ec3 l\u00e0m s\u1ea1ch l\u00f4ng g\u00e0.<\/p>    <h2 class=\"wp-block-heading\">Th\u00f4ng s\u1ed1 k\u1ef9 thu\u1eadt c\u1ee7a m\u00e1y l\u1ed9t l\u00f4ng gia c\u1ea7m<\/h2>    <figure class=\"wp-block-image size-full is-resized\"><img loading=\"lazy\" decoding=\"async\" src=\"https:\/\/www.meatprocessingmachine.org\/wp-content\/uploads\/2021\/09\/Poultry-feather-removing-machine-4.png\" alt=\"M\u00e1y Lo\u1ea1i B\u1ecf L\u00f4ng G\u00e0\" class=\"wp-image-1935\" width=\"720\" height=\"540\" title=\"\"><figcaption> M\u00e1y l\u1ed9t l\u00f4ng gia c\u1ea7m <\/figcaption><\/figure>    <figure class=\"wp-block-table\"><table><tbody><tr><td>m\u1eabu m\u00e3<\/td><td>JQT500<\/td><td>JQT600<\/td><td>JQT800<\/td><\/tr><tr><td>k\u00edch th\u01b0\u1edbc<\/td><td>700*620*850<\/td><td>800*720*900<\/td><td>&nbsp;\/<\/td><\/tr><tr><td>tr\u1ecdng l\u01b0\u1ee3ng<\/td><td>80<\/td><td>95<\/td><td>&nbsp;\/<\/td><\/tr><tr><td>c\u00f4ng su\u1ea5t<\/td><td>0.75<\/td><td>0.75<\/td><td>7<\/td><\/tr><tr><td>N\u0103ng su\u1ea5t<\/td><td>1-2 chi\u1ebfc\/l\u1ea7n<\/td><td>2-3 chi\u1ebfc\/l\u1ea7n<\/td><td>101-2 chi\u1ebfc\/l\u1ea7n<\/td><\/tr><\/tbody><\/table><figcaption> Th\u00f4ng s\u1ed1 k\u1ef9 thu\u1eadt c\u1ee7a m\u00e1y l\u1ed9t l\u00f4ng gia c\u1ea7m <\/figcaption><\/figure>    <h2 class=\"wp-block-heading\">H\u01b0\u1edbng d\u1eabn s\u1eed d\u1ee5ng m\u00e1y l\u1ed9t l\u00f4ng gia c\u1ea7m:<\/h2>    <figure class=\"wp-block-gallery has-nested-images columns-default is-cropped wp-block-gallery-4 is-layout-flex wp-block-gallery-is-layout-flex\"> <figure class=\"wp-block-image size-large\"><img loading=\"lazy\" decoding=\"async\" width=\"893\" height=\"525\" data-id=\"1929\" src=\"https:\/\/www.meatprocessingmachine.org\/wp-content\/uploads\/2021\/09\/Poultry-feather-removing-machine.png\" alt=\"\" class=\"wp-image-1929\" title=\"\" srcset=\"https:\/\/www.meatprocessingmachine.org\/wp-content\/uploads\/2021\/09\/Poultry-feather-removing-machine.png 893w, https:\/\/www.meatprocessingmachine.org\/wp-content\/uploads\/2021\/09\/Poultry-feather-removing-machine-300x176.png 300w, https:\/\/www.meatprocessingmachine.org\/wp-content\/uploads\/2021\/09\/Poultry-feather-removing-machine-768x452.png 768w\" sizes=\"auto, (max-width: 893px) 100vw, 893px\" \/><figcaption><\/figcaption><\/figure>    <figure class=\"wp-block-image size-large\"><img loading=\"lazy\" decoding=\"async\" width=\"922\" height=\"868\" data-id=\"1931\" src=\"https:\/\/www.meatprocessingmachine.org\/wp-content\/uploads\/2021\/09\/Poultry-feather-removing-machine-2.png\" alt=\"\" class=\"wp-image-1931\" title=\"\" srcset=\"https:\/\/www.meatprocessingmachine.org\/wp-content\/uploads\/2021\/09\/Poultry-feather-removing-machine-2.png 922w, https:\/\/www.meatprocessingmachine.org\/wp-content\/uploads\/2021\/09\/Poultry-feather-removing-machine-2-300x282.png 300w, https:\/\/www.meatprocessingmachine.org\/wp-content\/uploads\/2021\/09\/Poultry-feather-removing-machine-2-768x723.png 768w\" sizes=\"auto, (max-width: 922px) 100vw, 922px\" \/><figcaption><\/figcaption><\/figure>    <figure class=\"wp-block-image size-large\"><img loading=\"lazy\" decoding=\"async\" width=\"790\" height=\"510\" data-id=\"1932\" src=\"https:\/\/www.meatprocessingmachine.org\/wp-content\/uploads\/2021\/09\/Poultry-feather-removing-machine-3-1.png\" alt=\"\" class=\"wp-image-1932\" title=\"\" srcset=\"https:\/\/www.meatprocessingmachine.org\/wp-content\/uploads\/2021\/09\/Poultry-feather-removing-machine-3-1.png 790w, https:\/\/www.meatprocessingmachine.org\/wp-content\/uploads\/2021\/09\/Poultry-feather-removing-machine-3-1-300x194.png 300w, https:\/\/www.meatprocessingmachine.org\/wp-content\/uploads\/2021\/09\/Poultry-feather-removing-machine-3-1-768x496.png 768w\" sizes=\"auto, (max-width: 790px) 100vw, 790px\" \/><figcaption><\/figcaption><\/figure> <figcaption class=\"blocks-gallery-caption\"> M\u00e1y l\u1ed9t l\u00f4ng gia c\u1ea7m <\/figcaption><\/figure>    <p>4. Tr\u1ea7n g\u00e0 v\u00e0 v\u1ecbt \u0111\u00e3 ng\u00e2m trong n\u01b0\u1edbc n\u00f3ng kho\u1ea3ng 75 \u0111\u1ed9, d\u00f9ng que g\u1ed7 khu\u1ea5y \u0111\u1ec1u \u0111\u1ec3 l\u00e0m n\u00f3ng to\u00e0n b\u1ed9 c\u01a1 th\u1ec3.<\/p>    <p>5. \u0110\u1eb7t g\u00e0 v\u00e0 v\u1ecbt \u0111\u00e3 tr\u1ea7n v\u00e0o m\u00e1y, c\u00f3 th\u1ec3 1-5 con c\u00f9ng l\u00fac.<\/p>    <p>6. B\u1eadt c\u00f4ng t\u1eafc dao, kh\u1edfi \u0111\u1ed9ng m\u00e1y, trong khi ch\u1ea1y, th\u00eam n\u01b0\u1edbc v\u00e0o gia c\u1ea7m, t\u1ed1t nh\u1ea5t l\u00e0 n\u01b0\u1edbc n\u00f3ng. L\u00f4ng v\u00e0 b\u1ee5i b\u1ea9n s\u1ebd \u0111\u01b0\u1ee3c x\u1ea3 c\u00f9ng v\u1edbi n\u01b0\u1edbc. N\u01b0\u1edbc c\u00f3 th\u1ec3 t\u00e1i s\u1eed d\u1ee5ng, v\u00e0 l\u00f4ng s\u1ebd b\u1ecb lo\u1ea1i b\u1ecf trong v\u00f2ng m\u1ed9t ph\u00fat. Lo\u1ea1i b\u1ecf t\u1ea5t c\u1ea3 b\u1ee5i b\u1ea9n tr\u00ean to\u00e0n b\u1ed9 c\u01a1 th\u1ec3.<\/p>    <p>M\u00e1y l\u1ed9t l\u00f4ng g\u00e0 | C\u00e1ch d\u1ec5 nh\u1ea5t \u0111\u1ec3 lo\u1ea1i b\u1ecf l\u00f4ng g\u00e0 l\u00e0 g\u00ec?<\/p>    <p>Chi ti\u1ebft m\u00e1y l\u1ed9t l\u00f4ng g\u00e0 4<\/p>    <p>Chi ti\u1ebft m\u00e1y l\u1ed9t l\u00f4ng g\u00e0 3<\/p>    <h2 class=\"wp-block-heading\">Video v\u1ec1 m\u00e1y l\u1ed9t l\u00f4ng g\u00e0 <\/h2>    <figure class=\"wp-block-embed is-type-video is-provider-youtube wp-block-embed-youtube\"><div class=\"wp-block-embed__wrapper\"> <iframe loading=\"lazy\" title=\"M\u00e1y g\u1ee1 l\u00f4ng g\u00e0 | C\u00e1ch d\u1ec5 nh\u1ea5t \u0111\u1ec3 g\u1ee1 l\u00f4ng g\u00e0 l\u00e0 g\u00ec?\" width=\"500\" height=\"281\" src=\"https:\/\/www.youtube.com\/embed\/KusHLiJCVtc?feature=oembed\" frameborder=\"0\" allow=\"accelerometer; autoplay; clipboard-write; encrypted-media; gyroscope; picture-in-picture; web-share\" referrerpolicy=\"strict-origin-when-cross-origin\" allowfullscreen><\/iframe> <\/div><\/figure>","protected":false},"excerpt":{"rendered":"<p>hine can automatically remove hair from poultry, including chickens, ducks, geese, rabbits and other poultry, some slaughterhouses and chicken suppliers handle chicken? It is very unrealistic to use manual operations. The feather plucking machine can quickly remove the feathers. So how does it work?<\/p>","protected":false},"author":1,"featured_media":1985,"parent":0,"template":"","product-type":[583],"class_list":["post-1911","product","type-product","status-publish","has-post-thumbnail","hentry","product-type-chicken-turkey"],"_links":{"self":[{"href":"https:\/\/www.meatprocessingmachine.org\/vi\/wp-json\/wp\/v2\/product\/1911","targetHints":{"allow":["GET"]}}],"collection":[{"href":"https:\/\/www.meatprocessingmachine.org\/vi\/wp-json\/wp\/v2\/product"}],"about":[{"href":"https:\/\/www.meatprocessingmachine.org\/vi\/wp-json\/wp\/v2\/types\/product"}],"author":[{"embeddable":true,"href":"https:\/\/www.meatprocessingmachine.org\/vi\/wp-json\/wp\/v2\/users\/1"}],"wp:featuredmedia":[{"embeddable":true,"href":"https:\/\/www.meatprocessingmachine.org\/vi\/wp-json\/wp\/v2\/media\/1985"}],"wp:attachment":[{"href":"https:\/\/www.meatprocessingmachine.org\/vi\/wp-json\/wp\/v2\/media?parent=1911"}],"wp:term":[{"taxonomy":"product-type","embeddable":true,"href":"https:\/\/www.meatprocessingmachine.org\/vi\/wp-json\/wp\/v2\/product-type?post=1911"}],"curies":[{"name":"wp","href":"https:\/\/api.w.org\/{rel}","templated":true}]}}