{"id":2220,"date":"2021-10-20T17:09:40","date_gmt":"2021-10-20T09:09:40","guid":{"rendered":"https:\/\/www.meatprocessingmachine.org\/?p=2220"},"modified":"2026-02-12T15:59:36","modified_gmt":"2026-02-12T07:59:36","slug":"frozen-meat-block-crushing-and-grinder-line","status":"publish","type":"product","link":"https:\/\/www.meatprocessingmachine.org\/vi\/frozen-meat-block-crushing-and-grinder-line.html","title":{"rendered":"D\u00e2y chuy\u1ec1n nghi\u1ec1n kh\u1ed1i th\u1ecbt \u0111\u00f4ng l\u1ea1nh th\u01b0\u01a1ng m\u1ea1i \u0111\u1ec3 b\u00e1n"},"content":{"rendered":"<div class=\"kk-star-ratings kksr-auto kksr-align-right kksr-valign-top\"     data-payload='{&quot;align&quot;:&quot;right&quot;,&quot;id&quot;:&quot;2220&quot;,&quot;slug&quot;:&quot;default&quot;,&quot;valign&quot;:&quot;top&quot;,&quot;ignore&quot;:&quot;&quot;,&quot;reference&quot;:&quot;auto&quot;,&quot;class&quot;:&quot;&quot;,&quot;count&quot;:&quot;0&quot;,&quot;legendonly&quot;:&quot;&quot;,&quot;readonly&quot;:&quot;&quot;,&quot;score&quot;:&quot;0&quot;,&quot;starsonly&quot;:&quot;&quot;,&quot;best&quot;:&quot;5&quot;,&quot;gap&quot;:&quot;5&quot;,&quot;greet&quot;:&quot;Rate this product&quot;,&quot;legend&quot;:&quot;0\\\/5 - (0 b\u00ecnh ch\u1ecdn)&quot;,&quot;size&quot;:&quot;24&quot;,&quot;title&quot;:&quot;Commercial frozen meat block crushing and grinder line for sale&quot;,&quot;width&quot;:&quot;0&quot;,&quot;_legend&quot;:&quot;{score}\\\/{best} - ({count} {votes})&quot;,&quot;font_factor&quot;:&quot;1.25&quot;}'>              <div class=\"kksr-stars\">      <div class=\"kksr-stars-inactive\">             <div class=\"kksr-star\" data-star=\"1\" style=\"padding-right: 5px\">               <div class=\"kksr-icon\" style=\"width: 24px; height: 24px;\"><\/div>         <\/div>             <div class=\"kksr-star\" data-star=\"2\" style=\"padding-right: 5px\">               <div class=\"kksr-icon\" style=\"width: 24px; height: 24px;\"><\/div>         <\/div>             <div class=\"kksr-star\" data-star=\"3\" style=\"padding-right: 5px\">               <div class=\"kksr-icon\" style=\"width: 24px; height: 24px;\"><\/div>         <\/div>             <div class=\"kksr-star\" data-star=\"4\" style=\"padding-right: 5px\">               <div class=\"kksr-icon\" style=\"width: 24px; height: 24px;\"><\/div>         <\/div>             <div class=\"kksr-star\" data-star=\"5\" style=\"padding-right: 5px\">               <div class=\"kksr-icon\" style=\"width: 24px; height: 24px;\"><\/div>         <\/div>     <\/div>      <div class=\"kksr-stars-active\" style=\"width: 0px;\">             <div class=\"kksr-star\" style=\"padding-right: 5px\">               <div class=\"kksr-icon\" style=\"width: 24px; height: 24px;\"><\/div>         <\/div>             <div class=\"kksr-star\" style=\"padding-right: 5px\">               <div class=\"kksr-icon\" style=\"width: 24px; height: 24px;\"><\/div>         <\/div>             <div class=\"kksr-star\" style=\"padding-right: 5px\">               <div class=\"kksr-icon\" style=\"width: 24px; height: 24px;\"><\/div>         <\/div>             <div class=\"kksr-star\" style=\"padding-right: 5px\">               <div class=\"kksr-icon\" style=\"width: 24px; height: 24px;\"><\/div>         <\/div>             <div class=\"kksr-star\" style=\"padding-right: 5px\">               <div class=\"kksr-icon\" style=\"width: 24px; height: 24px;\"><\/div>         <\/div>     <\/div> <\/div>                   <div class=\"kksr-legend\" style=\"font-size: 19.2px;\">             <span class=\"kksr-muted\">\u0110\u00e1nh gi\u00e1 s\u1ea3n ph\u1ea9m n\u00e0y<\/span>     <\/div>     <\/div>  <p class=\"translation-block\"><strong>D\u00f2ng nghi\u1ec1n v\u00e0 nghi\u1ec1n kh\u1ed1i th\u1ecbt \u0111\u00f4ng l\u1ea1nh<\/strong> l\u00e0 m\u1ed9t qu\u00e1 tr\u00ecnh c\u00f3 th\u1ec3 nghi\u1ec1n c\u00e1c kh\u1ed1i th\u1ecbt \u0111\u00f4ng l\u1ea1nh l\u1edbn tr\u01b0\u1edbc, sau \u0111\u00f3 xay nhuy\u1ec5n th\u00e0nh b\u00e3. M\u1ed9t <a href=\"https:\/\/www.meatprocessingmachine.org\/vi\/products\/meat-grinding-machine\/\" data-type=\"URL\" data-id=\"https:\/\/www.meatprocessingmachine.org\/products\/meat-grinding-machine\/\"> m\u00e1y xay th\u1ecbt <\/a> l\u00e0 m\u1ed9t m\u00e1y c\u1ea7n thi\u1ebft trong s\u1ea3n xu\u1ea5t ch\u1ebf bi\u1ebfn th\u1ef1c ph\u1ea9m th\u1ecbt, v\u00e0 m\u00e1y c\u00f3 th\u1ec3 \u0111\u01b0\u1ee3c x\u1eed l\u00fd sau khi ch\u1ebf bi\u1ebfn. S\u1ea3n xu\u1ea5t th\u1ecbt vi\u00ean, x\u00fac x\u00edch v\u00e0 c\u00e1c s\u1ea3n ph\u1ea9m kh\u00e1c.<\/p>    <h2 class=\"wp-block-heading\" id=\"h-the-composition-of-the-frozen-meat-block-crushing-and-grinder-line\">C\u00e0nh c\u1ea5u th\u00e0nh c\u1ee7a d\u00f2ng nghi\u1ec1n v\u00e0 nghi\u1ec1n kh\u1ed1i th\u1ecbt \u0111\u00f4ng l\u1ea1nh<\/h2>    <figure class=\"wp-block-image size-full\"><img loading=\"lazy\" decoding=\"async\" width=\"720\" height=\"540\" src=\"https:\/\/www.meatprocessingmachine.org\/wp-content\/uploads\/2021\/10\/frozen-meat-block-crushing-and-grinder-line.webp\" alt=\"frozen meat block crushing and grinder line\" class=\"wp-image-34125\" title=\"\" srcset=\"https:\/\/www.meatprocessingmachine.org\/wp-content\/uploads\/2021\/10\/frozen-meat-block-crushing-and-grinder-line.webp 720w, https:\/\/www.meatprocessingmachine.org\/wp-content\/uploads\/2021\/10\/frozen-meat-block-crushing-and-grinder-line-300x225.webp 300w\" sizes=\"auto, (max-width: 720px) 100vw, 720px\" \/><figcaption class=\"wp-element-caption\">D\u00f2ng nghi\u1ec1n v\u00e0 nghi\u1ec1n kh\u1ed1i th\u1ecbt \u0111\u00f4ng l\u1ea1nh<\/figcaption><\/figure>    <p class=\"translation-block\">:D\u00f2ng s\u1ea3n xu\u1ea5t puree th\u1ecbt \u0111\u01b0\u1ee3c chia th\u00e0nh ba ph\u1ea7n. \u0110\u1ea7u ti\u00ean l\u00e0 <a href=\"https:\/\/www.meatprocessingmachine.org\/vi\/frozen-meat-cutting-machine.html\/\" data-type=\"URL\" data-id=\"https:\/\/www.meatprocessingmachine.org\/frozen-meat-cutting-machine.html\">m\u00e1y nghi\u1ec1n th\u1ecbt \u0111\u00f4ng l\u1ea1nh<\/a>. Nh\u1eefng kh\u1ed1i th\u1ecbt \u0111\u00f4ng l\u1ea1nh l\u1edbn \u0111\u01b0\u1ee3c nghi\u1ec1n tr\u01b0\u1edbc, sau \u0111\u00f3 \u0111\u01b0\u1ee3c k\u1ebft n\u1ed1i b\u1eb1ng t\u1eddi, v\u00e0 cu\u1ed1i c\u00f9ng \u0111\u01b0\u1ee3c x\u1eed l\u00fd trong m\u00e1y nghi\u1ec1n th\u1ecbt.<\/p>    <h2 class=\"wp-block-heading\">M\u00e1y c\u1eaft kh\u1ed1i th\u1ecbt \u0111\u00f4ng l\u1ea1nh<\/h2>   <div class=\"wp-block-image\"> <figure class=\"aligncenter\"><img loading=\"lazy\" decoding=\"async\" width=\"720\" height=\"540\" src=\"https:\/\/www.meatprocessingmachine.org\/wp-content\/uploads\/2021\/10\/Frozen-meat-blocker-cutter.jpg\" alt=\"twitter\" class=\"wp-image-2231\" title=\"\" srcset=\"https:\/\/www.meatprocessingmachine.org\/wp-content\/uploads\/2021\/10\/Frozen-meat-blocker-cutter.jpg 720w, https:\/\/www.meatprocessingmachine.org\/wp-content\/uploads\/2021\/10\/Frozen-meat-blocker-cutter-300x225.jpg 300w\" sizes=\"auto, (max-width: 720px) 100vw, 720px\" \/><figcaption class=\"wp-element-caption\">M\u00e1y c\u1eaft kh\u1ed1i th\u1ecbt \u0111\u00f4ng l\u1ea1nh<\/figcaption><\/figure> <\/div>   <p class=\"translation-block\">M\u1ed9t m\u00e1y nghi\u1ec1n th\u1ecbt \u0111\u00f4ng l\u1ea1nh l\u00e0 m\u1ed9t m\u00e1y c\u00f3 th\u1ec3 c\u1eaft th\u1ecbt r\u1eddi kh\u00f4ng x\u01b0\u01a1ng th\u00e0nh kh\u1ed1i ho\u1eb7c l\u00e1t. D\u1ea3i nhi\u1ec7t \u0111\u1ed9 c\u1ee7a th\u1ecbt \u0111\u01b0\u1ee3c x\u1eed l\u00fd b\u1edfi m\u00e1y l\u00e0 -18\u2103\u2014-24\u2103. L\u01b0\u1ee1i dao r\u1ea5t s\u1eafc v\u00e0 \u0111\u1ed9 c\u1ee9ng c\u1ee7a l\u01b0\u1ee1i dao r\u1ea5t cao, \u0111\u1ec3 b\u1ea3o v\u1ec7 m\u00e1y kh\u1ecfi h\u01b0 h\u1ecfng khi x\u1eed l\u00fd th\u1ecbt \u0111\u00f4ng l\u1ea1nh k\u00edch th\u01b0\u1edbc l\u1edbn. Khi mua m\u00e1y, c\u1ea7n x\u00e1c nh\u1eadn k\u00edch th\u01b0\u1edbc kh\u1ed1i th\u1ecbt \u0111\u00f4ng l\u1ea1nh v\u1edbi kh\u00e1ch h\u00e0ng. Th\u00f4ng th\u01b0\u1eddng, k\u00edch th\u01b0\u1edbc kh\u1ed1i th\u1ecbt m\u00e0 m\u00e1y c\u00f3 th\u1ec3 x\u1eed l\u00fd l\u00e0 780mm<em>510mm<\/em>180mm, nh\u01b0ng c\u0169ng c\u00f3 th\u1ec3 t\u00f9y ch\u1ec9nh theo k\u00edch th\u01b0\u1edbc kh\u1ed1i th\u1ecbt y\u00eau c\u1ea7u b\u1edfi kh\u00e1ch h\u00e0ng. <\/p>   <div class=\"wp-block-image\"> <figure class=\"aligncenter size-full\"><img loading=\"lazy\" decoding=\"async\" width=\"720\" height=\"540\" src=\"https:\/\/www.meatprocessingmachine.org\/wp-content\/uploads\/2021\/10\/Meat-Shredder-Test.png\" alt=\"Ki\u1ec3m tra M\u00e1y x\u00e9 th\u1ecbt\" class=\"wp-image-32725\" title=\"\" srcset=\"https:\/\/www.meatprocessingmachine.org\/wp-content\/uploads\/2021\/10\/Meat-Shredder-Test.png 720w, https:\/\/www.meatprocessingmachine.org\/wp-content\/uploads\/2021\/10\/Meat-Shredder-Test-300x225.png 300w\" sizes=\"auto, (max-width: 720px) 100vw, 720px\" \/><figcaption class=\"wp-element-caption\">Ki\u1ec3m tra M\u00e1y x\u00e9 th\u1ecbt<\/figcaption><\/figure> <\/div>   <p>Nguy\u00ean l\u00fd ho\u1ea1t \u0111\u1ed9ng c\u1ee7a m\u00e1y l\u00e0 \u0111\u1ea9y kh\u1ed1i th\u1ecbt \u0111\u00f4ng l\u1ea1nh qua xi-lanh ph\u00eda sau, sau \u0111\u00f3 \u0111i qua l\u01b0\u1ee1i k\u00e9p quay v\u1edbi t\u1ed1c \u0111\u1ed9 cao, v\u00e0 to\u00e0n b\u1ed9 kh\u1ed1i th\u1ecbt \u0111\u00f4ng l\u1ea1nh c\u00f3 th\u1ec3 \u0111\u01b0\u1ee3c ph\u00e2n h\u1ee7y. Hi\u1ec7u su\u1ea5t l\u00e0m vi\u1ec7c c\u1ee7a m\u00e1y nghi\u1ec1n th\u1ecbt \u0111\u00f4ng l\u1ea1nh r\u1ea5t cao, c\u00f3 th\u1ec3 \u0111\u1ea1t 3-5 t\u1ea5n\/gi\u1edd. M\u00e1y nghi\u1ec1n th\u1ecbt \u0111\u00f4ng l\u1ea1nh \u0111\u01b0\u1ee3c l\u00e0m b\u1eb1ng th\u00e9p kh\u00f4ng g\u1ec9 304, c\u00f3 th\u1ec3 s\u1eed d\u1ee5ng l\u00e2u d\u00e0i v\u00e0 r\u1ea5t ch\u1eafc ch\u1eafn.<br><\/p>    <h3 class=\"wp-block-heading\">Th\u00f4ng s\u1ed1 c\u1ee7a m\u00e1y nghi\u1ec1n th\u1ecbt \u0111\u00f4ng l\u1ea1nh<\/h3>    <p>\u0110i\u1ec7n \u00e1p: 380V<br>\u0110i\u1ec7n: 5.5kw<br>N\u0103ng su\u1ea5t: 3-5 t\u1ea5n\/gi\u1edd<br>Tr\u1ecdng l\u01b0\u1ee3ng: 600kg<br>K\u00edch th\u01b0\u1edbc th\u00e2n m\u00e1y: 1750\u00d7945\u00d71220 mm<\/p>    <h2 class=\"wp-block-heading\">T\u1eddi kh\u1ed1i th\u1ecbt \u0111\u00f3ng b\u0103ng<\/h2>   <div class=\"wp-block-image\"> <figure class=\"aligncenter\"><img loading=\"lazy\" decoding=\"async\" width=\"720\" height=\"540\" src=\"https:\/\/www.meatprocessingmachine.org\/wp-content\/uploads\/2021\/10\/hoist.jpg\" alt=\"\" class=\"wp-image-2232\" title=\"\" srcset=\"https:\/\/www.meatprocessingmachine.org\/wp-content\/uploads\/2021\/10\/hoist.jpg 720w, https:\/\/www.meatprocessingmachine.org\/wp-content\/uploads\/2021\/10\/hoist-300x225.jpg 300w\" sizes=\"auto, (max-width: 720px) 100vw, 720px\" \/><figcaption class=\"wp-element-caption\">t\u1eddi<\/figcaption><\/figure> <\/div>   <p>C\u1ea7u thang n\u00e2ng k\u1ebft n\u1ed1i gi\u1eefa m\u00e1y nghi\u1ec1n th\u1ecbt \u0111\u00f4ng l\u1ea1nh v\u00e0 m\u00e1y xay th\u1ecbt, c\u00f3 th\u1ec3 th\u1ef1c hi\u1ec7n t\u1ef1 \u0111\u1ed9ng h\u00f3a t\u1ed1t h\u01a1n, ti\u1ebft ki\u1ec7m lao \u0111\u1ed9ng, v\u00e0 th\u1ef1c hi\u1ec7n c\u1ea5p th\u1ecbt t\u1ef1 \u0111\u1ed9ng cho m\u00e1y xay th\u1ecbt. Chi\u1ec1u cao v\u00e0 g\u00f3c nghi\u00eang c\u1ee7a t\u1eddi c\u00f3 th\u1ec3 t\u00f9y ch\u1ec9nh theo \u0111\u1eb7c \u0111i\u1ec3m c\u1ee7a \u0111\u1ecba \u0111i\u1ec3m s\u1ea3n xu\u1ea5t, nh\u1eb1m t\u1ea1o \u0111i\u1ec1u ki\u1ec7n thu\u1eadn l\u1ee3i cho vi\u1ec7c cho th\u1ecbt<\/p>    <h2 class=\"wp-block-heading\">M\u00e1y nghi\u1ec1n th\u1ecbt \u0111\u00f4ng l\u1ea1nh<\/h2>   <div class=\"wp-block-image\"> <figure class=\"aligncenter size-full\"><img loading=\"lazy\" decoding=\"async\" width=\"720\" height=\"540\" src=\"https:\/\/www.meatprocessingmachine.org\/wp-content\/uploads\/2021\/10\/meat-grinder.png\" alt=\"m\u00e1y nghi\u1ec1n th\u1ecbt\" class=\"wp-image-32723\" title=\"\" srcset=\"https:\/\/www.meatprocessingmachine.org\/wp-content\/uploads\/2021\/10\/meat-grinder.png 720w, https:\/\/www.meatprocessingmachine.org\/wp-content\/uploads\/2021\/10\/meat-grinder-300x225.png 300w\" sizes=\"auto, (max-width: 720px) 100vw, 720px\" \/><figcaption class=\"wp-element-caption\">m\u00e1y nghi\u1ec1n th\u1ecbt<\/figcaption><\/figure> <\/div>   <p>M\u00e1y nghi\u1ec1n th\u1ecbt \u0111\u00f4ng l\u1ea1nh l\u00e0 m\u00e1y sau m\u00e1y nghi\u1ec1n th\u1ecbt \u0111\u00f4ng l\u1ea1nh. Sau khi \u0111i qua m\u00e1y xay th\u1ecbt, l\u00e1t th\u1ecbt ho\u1eb7c mi\u1ebfng th\u1ecbt nh\u1ecf c\u00f3 th\u1ec3 \u0111\u01b0\u1ee3c h\u00ecnh th\u00e0nh th\u00e0nh paste th\u1ecbt, ph\u00f9 h\u1ee3p \u0111\u1ec3 l\u00e0m c\u00e1c s\u1ea3n ph\u1ea9m th\u1ecbt nh\u01b0 x\u00fac x\u00edch v\u00e0 th\u1ecbt vi\u00ean. L\u1ed1i ra c\u1ee7a m\u00e1y nghi\u1ec1n th\u1ecbt \u0111\u00f4ng l\u1ea1nh bao g\u1ed3m m\u1ed9t dao c\u1eaft tr\u01b0\u1edbc, m\u1ed9t \u0111\u0129a l\u1ed7 v\u00e0 m\u1ed9t c\u00e1i m\u00e1y khoan.<\/p>    <h3 class=\"wp-block-heading\">Th\u00f4ng s\u1ed1 v\u00e0 nghi\u1ec1n th\u1ecbt \u0111\u00f4ng l\u1ea1nh<\/h3>    <figure class=\"wp-block-table\"><table><tbody><tr><td><strong>m\u1eabu m\u00e3<\/strong><strong><\/strong><\/td><td><strong>K\u00edch th\u01b0\u1edbc(mm)<\/strong><strong><\/strong><\/td><td><strong>c\u00f4ng su\u1ea5t<\/strong><strong><\/strong><\/td><td><strong>c\u00f4ng su\u1ea5t<\/strong><strong><\/strong><\/td><\/tr><tr><td>&nbsp;SL-100<\/td><td>&nbsp;900*600*960<\/td><td>&nbsp;5.5kw<\/td><td>300-500kg<\/td><\/tr><tr><td>&nbsp;&nbsp;SL-120<\/td><td>&nbsp;1050*600*1100&nbsp;&nbsp;<\/td><td>&nbsp;7.5kw<\/td><td>500-800kg<\/td><\/tr><tr><td>&nbsp;SL-130&nbsp;&nbsp;<\/td><td>&nbsp;1280*700*1130<\/td><td>&nbsp;8KW<\/td><td>&nbsp;800-1300kg\/h<\/td><\/tr><\/tbody><\/table><\/figure>    <h2 class=\"wp-block-heading\">C\u00e1c l\u01b0u \u00fd khi nghi\u1ec1n kh\u1ed1i th\u1ecbt \u0111\u00f4ng l\u1ea1nh<\/h2>    <p>(1) Tr\u01b0\u1edbc khi s\u1eed d\u1ee5ng m\u00e1y m\u1edbi l\u1ea7n \u0111\u1ea7u, c\u1ea7n l\u00e0m s\u1ea1ch tr\u1ee5c c\u00e1nh qu\u1ea1t, l\u01b0\u1ee1i c\u1eaft v\u00e0 l\u01b0\u1ee1i x\u1ea3 \u0111\u1ec3 lo\u1ea1i b\u1ecf d\u1ea7u c\u00f4ng nghi\u1ec7p c\u00f2n l\u1ea1i.<\/p>    <p>(2) Tr\u01b0\u1edbc khi b\u1eadt ngu\u1ed3n, ki\u1ec3m tra xem \u0111i\u1ec7n \u00e1p ngu\u1ed3n c\u00f3 ph\u00f9 h\u1ee3p v\u1edbi nh\u00e3n tr\u00ean thi\u1ebft b\u1ecb hay kh\u00f4ng. V\u1ecf m\u00e1y ph\u1ea3i \u0111\u01b0\u1ee3c n\u1ed1i \u0111\u1ea5t ch\u1eafc ch\u1eafn. N\u00ean d\u00f9ng thi\u1ebft b\u1ecb ch\u1ed1ng r\u00f2 \u0111\u1ec3 b\u1eadt ngu\u1ed3n cho c\u00f4ng t\u1eafc.<\/p>    <p>(3) Tr\u01b0\u1edbc khi xay th\u1ecbt, h\u00e3y c\u1eaft th\u1ecbt th\u00e0nh mi\u1ebfng nh\u1ecf \u0111\u1ec3 tr\u00e1nh l\u00e0m h\u1ecfng m\u00e1y.<\/p>    <p>(4) B\u1eadt ngu\u1ed3n v\u00e0 th\u00eam th\u1ecbt sau khi ho\u1ea1t \u0111\u1ed9ng b\u00ecnh th\u01b0\u1eddng. Tuy\u1ec7t \u0111\u1ed1i kh\u00f4ng \u0111\u01b0\u1ee3c \u0111\u01b0a tay v\u00e0o ph\u1ec5u khi cho th\u1ecbt v\u00e0o, n\u1ebfu kh\u00f4ng c\u00f3 th\u1ec3 g\u00e2y th\u01b0\u01a1ng t\u00edch.<\/p>    <p>(5) C\u00e1c kh\u1ed1i th\u1ecbt ph\u1ea3i \u0111\u01b0\u1ee3c b\u1ed5 sung \u0111\u1ec1u v\u00e0 kh\u00f4ng qu\u00e1 nhi\u1ec1u \u0111\u1ec3 kh\u00f4ng l\u00e0m h\u1ecfng \u0111\u1ed9ng c\u01a1. N\u1ebfu b\u1ea1n ph\u00e1t hi\u1ec7n \u0111\u1ed9ng c\u01a1 ch\u1ea1y kh\u00f4ng b\u00ecnh th\u01b0\u1eddng, h\u00e3y ng\u1eaft ngu\u1ed3n ngay v\u00e0 ki\u1ec3m tra nguy\u00ean nh\u00e2n sau khi d\u1eebng. <\/p>    <p>(6) T\u1eaft ngu\u1ed3n sau khi s\u1eed d\u1ee5ng, th\u00e1o \u0111\u1ea7u v\u00e0 l\u00e0m s\u1ea1ch b\u1eb1ng n\u01b0\u1edbc s\u1ea1ch, l\u00e0m kh\u00f4 ho\u1eb7c lau kh\u00f4. T\u1ed1t nh\u1ea5t l\u00e0 \u0111\u1ee3i n\u01b0\u1edbc kh\u00f4 r\u1ed3i l\u1eafp l\u1ea1i \u0111\u1ec3 \u0111\u1ea1t hi\u1ec7u qu\u1ea3 b\u1ea3o d\u01b0\u1ee1ng t\u1ed1t nh\u1ea5t. Vui l\u00f2ng s\u1eed d\u1ee5ng b\u1ed1n l\u01b0\u1ee1i dao sau khi d\u00f9ng Dao v\u00e0 qu\u00e9t m\u1ed9t \u00edt d\u1ea7u \u0103n \u0111\u1ec3 b\u1ea3o d\u01b0\u1ee1ng.<\/p>    <h2 class=\"wp-block-heading\">\u01afu \u0111i\u1ec3m c\u1ee7a d\u00f2ng nghi\u1ec1n v\u00e0 nghi\u1ec1n kh\u1ed1i th\u1ecbt \u0111\u00f4ng l\u1ea1nh<\/h2>    <p>Due to meat transportation and storage requirements, general meat will be frozen into a large piece of meat, which is very hard, and ordinary meat grinders cannot directly divide and mince. Therefore, the meat crusher needs to be advanced and crushed before it can be put into the meat grinder. Avoid multiple thawing, which will cause the loss of nutrients in the meat&#8217;s taste. The machine knife is very hard and can handle frozen meat at -18\u00b0C.<\/p>   <div class=\"wp-block-image\"> <figure class=\"aligncenter\"><img loading=\"lazy\" decoding=\"async\" width=\"720\" height=\"540\" src=\"https:\/\/www.meatprocessingmachine.org\/wp-content\/uploads\/2021\/10\/frozen-meat-block-crushing-and-grinder-line-application.jpg\" alt=\"\u1ee9ng d\u1ee5ng d\u00f2ng nghi\u1ec1n v\u00e0 nghi\u1ec1n kh\u1ed1i th\u1ecbt \u0111\u00f4ng l\u1ea1nh \" class=\"wp-image-2235\" title=\"\" srcset=\"https:\/\/www.meatprocessingmachine.org\/wp-content\/uploads\/2021\/10\/frozen-meat-block-crushing-and-grinder-line-application.jpg 720w, https:\/\/www.meatprocessingmachine.org\/wp-content\/uploads\/2021\/10\/frozen-meat-block-crushing-and-grinder-line-application-300x225.jpg 300w\" sizes=\"auto, (max-width: 720px) 100vw, 720px\" \/><figcaption class=\"wp-element-caption\">\u1ee9ng d\u1ee5ng d\u00f2ng nghi\u1ec1n v\u00e0 nghi\u1ec1n kh\u1ed1i th\u1ecbt \u0111\u00f4ng l\u1ea1nh<\/figcaption><\/figure> <\/div>   <p class=\"translation-block\"><strong>D\u00f2ng nghi\u1ec1n v\u00e0 nghi\u1ec1n kh\u1ed1i th\u1ecbt \u0111\u00f4ng l\u1ea1nh<\/strong> l\u00e0 m\u1ed9t qu\u00e1 tr\u00ecnh c\u00f3 th\u1ec3 nghi\u1ec1n c\u00e1c kh\u1ed1i th\u1ecbt \u0111\u00f4ng l\u1ea1nh l\u1edbn tr\u01b0\u1edbc, sau \u0111\u00f3 xay nhuy\u1ec5n th\u00e0nh b\u00e3. M\u00e1y xay th\u1ecbt l\u00e0 m\u1ed9t m\u00e1y c\u1ea7n thi\u1ebft trong s\u1ea3n xu\u1ea5t ch\u1ebf bi\u1ebfn th\u1ef1c ph\u1ea9m th\u1ecbt, v\u00e0 m\u00e1y c\u00f3 th\u1ec3 \u0111\u01b0\u1ee3c x\u1eed l\u00fd sau khi ch\u1ebf bi\u1ebfn. S\u1ea3n xu\u1ea5t th\u1ecbt vi\u00ean, x\u00fac x\u00edch v\u00e0 c\u00e1c s\u1ea3n ph\u1ea9m kh\u00e1c.<\/p>    <h2 class=\"wp-block-heading\">Video c\u1ee7a d\u00f2ng nghi\u1ec1n v\u00e0 nghi\u1ec1n kh\u1ed1i th\u1ecbt \u0111\u00f4ng l\u1ea1nh<\/h2>    <figure class=\"wp-block-embed is-type-video is-provider-youtube wp-block-embed-youtube wp-embed-aspect-16-9 wp-has-aspect-ratio\"><div class=\"wp-block-embed__wrapper\"> <iframe loading=\"lazy\" title=\"D\u00e2y chuy\u1ec1n nghi\u1ec1n v\u00e0 xay th\u1ecbt \u0111\u00f4ng l\u1ea1nh th\u01b0\u01a1ng m\u1ea1i | kh\u1ed1i th\u1ecbt \u0111\u00f4ng l\u1ea1nh flaker\" width=\"500\" height=\"281\" src=\"https:\/\/www.youtube.com\/embed\/ZRYqmhxR3_g?start=16&#038;feature=oembed\" frameborder=\"0\" allow=\"accelerometer; autoplay; clipboard-write; encrypted-media; gyroscope; picture-in-picture; web-share\" referrerpolicy=\"strict-origin-when-cross-origin\" allowfullscreen><\/iframe> <\/div><figcaption class=\"wp-element-caption\">Video c\u1ee7a d\u00f2ng nghi\u1ec1n v\u00e0 nghi\u1ec1n kh\u1ed1i th\u1ecbt \u0111\u00f4ng l\u1ea1nh<\/figcaption><\/figure>    <p><\/p>","protected":false},"excerpt":{"rendered":"<p>Frozen meat block crushing and grinder line&nbsp;is a process that can crush large pieces of frozen meat first, and then grind it into the mash. A meat grinder is a necessary machine for the production of meat food processing, and the machine can be processed after processing. Production of meatballs, sausage patties, and other products. [&hellip;]<\/p>\n","protected":false},"author":1,"featured_media":2230,"parent":0,"template":"","product-type":[597],"class_list":["post-2220","product","type-product","status-publish","has-post-thumbnail","hentry","product-type-production-line"],"_links":{"self":[{"href":"https:\/\/www.meatprocessingmachine.org\/vi\/wp-json\/wp\/v2\/product\/2220","targetHints":{"allow":["GET"]}}],"collection":[{"href":"https:\/\/www.meatprocessingmachine.org\/vi\/wp-json\/wp\/v2\/product"}],"about":[{"href":"https:\/\/www.meatprocessingmachine.org\/vi\/wp-json\/wp\/v2\/types\/product"}],"author":[{"embeddable":true,"href":"https:\/\/www.meatprocessingmachine.org\/vi\/wp-json\/wp\/v2\/users\/1"}],"wp:featuredmedia":[{"embeddable":true,"href":"https:\/\/www.meatprocessingmachine.org\/vi\/wp-json\/wp\/v2\/media\/2230"}],"wp:attachment":[{"href":"https:\/\/www.meatprocessingmachine.org\/vi\/wp-json\/wp\/v2\/media?parent=2220"}],"wp:term":[{"taxonomy":"product-type","embeddable":true,"href":"https:\/\/www.meatprocessingmachine.org\/vi\/wp-json\/wp\/v2\/product-type?post=2220"}],"curies":[{"name":"wp","href":"https:\/\/api.w.org\/{rel}","templated":true}]}}