{"id":32791,"date":"2022-02-08T17:11:53","date_gmt":"2022-02-08T09:11:53","guid":{"rendered":"https:\/\/www.meatprocessingmachine.org\/?p=32791"},"modified":"2024-06-17T10:15:44","modified_gmt":"2024-06-17T02:15:44","slug":"power-scrub-egg-washing-machine","status":"publish","type":"product","link":"https:\/\/www.meatprocessingmachine.org\/vi\/power-scrub-egg-washing-machine.html","title":{"rendered":"M\u00e1y r\u1eeda tr\u1ee9ng t\u1ef1 \u0111\u1ed9ng | m\u00e1y l\u00e0m s\u1ea1ch tr\u1ee9ng m\u1ea1nh m\u1ebd"},"content":{"rendered":"<div class=\"kk-star-ratings kksr-auto kksr-align-right kksr-valign-top\"     data-payload='{&quot;align&quot;:&quot;right&quot;,&quot;id&quot;:&quot;32791&quot;,&quot;slug&quot;:&quot;default&quot;,&quot;valign&quot;:&quot;top&quot;,&quot;ignore&quot;:&quot;&quot;,&quot;reference&quot;:&quot;auto&quot;,&quot;class&quot;:&quot;&quot;,&quot;count&quot;:&quot;0&quot;,&quot;legendonly&quot;:&quot;&quot;,&quot;readonly&quot;:&quot;&quot;,&quot;score&quot;:&quot;0&quot;,&quot;starsonly&quot;:&quot;&quot;,&quot;best&quot;:&quot;5&quot;,&quot;gap&quot;:&quot;5&quot;,&quot;greet&quot;:&quot;Rate this product&quot;,&quot;legend&quot;:&quot;0\\\/5 - (0 b\u00ecnh ch\u1ecdn)&quot;,&quot;size&quot;:&quot;24&quot;,&quot;title&quot;:&quot;Automatic egg washing machine | power scrub egg cleaning machine&quot;,&quot;width&quot;:&quot;0&quot;,&quot;_legend&quot;:&quot;{score}\\\/{best} - ({count} {votes})&quot;,&quot;font_factor&quot;:&quot;1.25&quot;}'>              <div class=\"kksr-stars\">      <div class=\"kksr-stars-inactive\">             <div class=\"kksr-star\" data-star=\"1\" style=\"padding-right: 5px\">               <div class=\"kksr-icon\" style=\"width: 24px; height: 24px;\"><\/div>         <\/div>             <div class=\"kksr-star\" data-star=\"2\" style=\"padding-right: 5px\">               <div class=\"kksr-icon\" style=\"width: 24px; height: 24px;\"><\/div>         <\/div>             <div class=\"kksr-star\" data-star=\"3\" style=\"padding-right: 5px\">               <div class=\"kksr-icon\" style=\"width: 24px; height: 24px;\"><\/div>         <\/div>             <div class=\"kksr-star\" data-star=\"4\" style=\"padding-right: 5px\">               <div class=\"kksr-icon\" style=\"width: 24px; height: 24px;\"><\/div>         <\/div>             <div class=\"kksr-star\" data-star=\"5\" style=\"padding-right: 5px\">               <div class=\"kksr-icon\" style=\"width: 24px; height: 24px;\"><\/div>         <\/div>     <\/div>      <div class=\"kksr-stars-active\" style=\"width: 0px;\">             <div class=\"kksr-star\" style=\"padding-right: 5px\">               <div class=\"kksr-icon\" style=\"width: 24px; height: 24px;\"><\/div>         <\/div>             <div class=\"kksr-star\" style=\"padding-right: 5px\">               <div class=\"kksr-icon\" style=\"width: 24px; height: 24px;\"><\/div>         <\/div>             <div class=\"kksr-star\" style=\"padding-right: 5px\">               <div class=\"kksr-icon\" style=\"width: 24px; height: 24px;\"><\/div>         <\/div>             <div class=\"kksr-star\" style=\"padding-right: 5px\">               <div class=\"kksr-icon\" style=\"width: 24px; height: 24px;\"><\/div>         <\/div>             <div class=\"kksr-star\" style=\"padding-right: 5px\">               <div class=\"kksr-icon\" style=\"width: 24px; height: 24px;\"><\/div>         <\/div>     <\/div> <\/div>                   <div class=\"kksr-legend\" style=\"font-size: 19.2px;\">             <span class=\"kksr-muted\">\u0110\u00e1nh gi\u00e1 s\u1ea3n ph\u1ea9m n\u00e0y<\/span>     <\/div>     <\/div>  <p>B\u0103ng chuy\u1ec1n c\u1ee7a m\u00e1y r\u1eeda tr\u1ee9ng <\/p>    <p class=\"translation-block\">M\u00e1y l\u00e0m s\u1ea1ch tr\u1ee9ng ch\u1ee7 y\u1ebfu g\u1ed3m hai ph\u1ea7n, r\u1eeda tr\u1ee9ng v\u00e0 s\u1ea5y tr\u1ee9ng, v\u00e0 ki\u1ec3m tra nh\u1eb9. Ch\u00fang t\u00f4i c\u0169ng c\u00f3 th\u1ec3 cung c\u1ea5p <a href=\"https:\/\/www.meatprocessingmachine.org\/vi\/egg-processing-line-for-washing-and-grading.html\/\">thi\u1ebft b\u1ecb c\u00e2n ph\u00e2n lo\u1ea1i tr\u1ee9ng<\/a> v\u00e0 m\u00e1y m\u00e3 h\u00f3a. Thi\u1ebft b\u1ecb l\u00e0m s\u1ea1ch tr\u1ee9ng ph\u00f9 h\u1ee3p cho c\u00e1c trang tr\u1ea1i, ch\u1ee3 bu\u00f4n b\u00e1n tr\u1ee9ng, v\u00e0 si\u00eau th\u1ecb.<\/p>    <figure class=\"wp-block-image size-full\"><img loading=\"lazy\" decoding=\"async\" width=\"720\" height=\"540\" src=\"https:\/\/www.meatprocessingmachine.org\/wp-content\/uploads\/2022\/02\/egg-cleaning.png\" alt=\"m\u00e1y l\u00e0m s\u1ea1ch tr\u1ee9ng\" class=\"wp-image-32797\" title=\"\" srcset=\"https:\/\/www.meatprocessingmachine.org\/wp-content\/uploads\/2022\/02\/egg-cleaning.png 720w, https:\/\/www.meatprocessingmachine.org\/wp-content\/uploads\/2022\/02\/egg-cleaning-300x225.png 300w\" sizes=\"auto, (max-width: 720px) 100vw, 720px\" \/><figcaption class=\"wp-element-caption\">N\u1ed9i dung<\/figcaption><\/figure>    <h2 class=\"wp-block-heading\">\u01afu \u0111i\u1ec3m c\u1ee7a thi\u1ebft b\u1ecb r\u1eeda tr\u1ee9ng<\/h2>    <figure class=\"wp-block-embed is-type-video is-provider-youtube wp-block-embed-youtube wp-embed-aspect-16-9 wp-has-aspect-ratio\"><div class=\"wp-block-embed__wrapper\"> <iframe loading=\"lazy\" title=\"M\u00e1y r\u1eeda tr\u1ee9ng power scrub | D\u00e2y chuy\u1ec1n s\u1ea3n xu\u1ea5t l\u00e0m s\u1ea1ch tr\u1ee9ng | L\u00e0m th\u1ebf n\u00e0o ch\u00fang t\u00f4i l\u00e0m s\u1ea1ch 5500 tr\u1ee9ng m\u1ed7i gi\u1edd?\" width=\"500\" height=\"281\" src=\"https:\/\/www.youtube.com\/embed\/v77eyAo-Vbk?feature=oembed\" frameborder=\"0\" allow=\"accelerometer; autoplay; clipboard-write; encrypted-media; gyroscope; picture-in-picture; web-share\" referrerpolicy=\"strict-origin-when-cross-origin\" allowfullscreen><\/iframe> <\/div><figcaption class=\"wp-element-caption\">V\u1edbi ch\u1ee9c n\u0103ng l\u00e0m s\u1ea1ch t\u1ef1 \u0111\u1ed9ng, m\u1ed9t ng\u01b0\u1eddi \u0111\u1ebb tr\u1ee9ng, v\u00e0 n\u0103ng su\u1ea5t cao.<\/figcaption><\/figure>    <h2 class=\"wp-block-heading\">C\u00e1c m\u1eabu m\u00e1y r\u1eeda tr\u1ee9ng kh\u00e1c nhau<\/h2>    <ul class=\"wp-block-list\"> <li>C\u1ea5u tr\u00fac v\u1eefng ch\u1eafc, hi\u1ec7u su\u1ea5t \u1ed5n \u0111\u1ecbnh, kh\u00f4ng k\u1eb9t tr\u1ee9ng, kh\u00f4ng r\u01a1i tr\u1ee9ng, tu\u1ed5i th\u1ecd d\u00e0i.<\/li>    <li>S\u1eed d\u1ee5ng b\u00e0n ch\u1ea3i d\u00e2y th\u00e9p kh\u00f4ng g\u1ec9, m\u00e1y r\u1eeda tr\u1ee9ng c\u00f3 th\u1ec3 t\u1ef1 \u0111\u1ed9ng \u0111i\u1ec1u khi\u1ec3n v\u00e0 l\u00e0m s\u1ea1ch.<\/li>    <li>Phun v\u00e0 l\u00e0m s\u1ea1ch trong h\u1ed9p, s\u1ea1ch s\u1ebd v\u00e0 kh\u00f4ng g\u00e2y h\u01b0 h\u1ecfng.<\/li>    <li>M\u00e1y r\u1eeda tr\u1ee9ng m\u1ed9t h\u00e0ng nh\u1ecf c\u00f3 n\u0103ng su\u1ea5t trung b\u00ecnh 6.000 chi\u1ebfc m\u1ed7i gi\u1edd. M\u00e1y r\u1eeda tr\u1ee9ng c\u00f3 th\u1ec3 ho\u00e0n th\u00e0nh ch\u1ee9c n\u0103ng \u0111\u1ebb tr\u1ee9ng t\u1ef1 \u0111\u1ed9ng, ti\u1ebft ki\u1ec7m lao \u0111\u1ed9ng. B\u00e1nh xe cao su \u0111\u1ebb tr\u1ee9ng l\u00e0m b\u1eb1ng v\u1eadt li\u1ec7u POM. S\u1ea3n ph\u1ea9m c\u1ee7a v\u1eadt li\u1ec7u n\u00e0y l\u00e0 h\u1ee3p v\u1ec7 sinh, an to\u00e0n, \u0111\u1ea3m b\u1ea3o ch\u1ea5t l\u01b0\u1ee3ng, v\u00e0 r\u1ea5t b\u1ec1n m\u00e0i m\u00f2n.<\/li> <\/ul>    <h2 class=\"wp-block-heading\">M\u1eabu 1: m\u00e1y r\u1eeda tr\u1ee9ng m\u1ed9t h\u00e0ng<\/h2>    <h3 class=\"wp-block-heading\">Th\u00f4ng s\u1ed1 k\u1ef9 thu\u1eadt c\u1ee7a m\u00e1y r\u1eeda tr\u1ee9ng m\u1ed9t h\u00e0ng<\/h3>    <p>Th\u0103m nh\u00e0 m\u00e1y m\u00e1y r\u1eeda tr\u1ee9ng h\u00e0ng d\u1ecdc<\/p>    <figure class=\"wp-block-image size-full\"><img loading=\"lazy\" decoding=\"async\" width=\"720\" height=\"540\" src=\"https:\/\/www.meatprocessingmachine.org\/wp-content\/uploads\/2022\/02\/Single-row-egg-washing-machine-visit-factory.png\" alt=\"m\u00e1y l\u00e0m s\u1ea1ch tr\u1ee9ng hai h\u00e0ng\" class=\"wp-image-32913\" title=\"\" srcset=\"https:\/\/www.meatprocessingmachine.org\/wp-content\/uploads\/2022\/02\/Single-row-egg-washing-machine-visit-factory.png 720w, https:\/\/www.meatprocessingmachine.org\/wp-content\/uploads\/2022\/02\/Single-row-egg-washing-machine-visit-factory-300x225.png 300w\" sizes=\"auto, (max-width: 720px) 100vw, 720px\" \/><figcaption class=\"wp-element-caption\">K\u00edch th\u01b0\u1edbc: 6000*1200*1500 mm<\/figcaption><\/figure>    <h4 class=\"wp-block-heading\"><strong>M\u1eabu 2: m\u00e1y l\u00e0m s\u1ea1ch tr\u1ee9ng 2 h\u00e0ng<\/strong><\/h4>    <ul class=\"wp-block-list\"> <li>Hi\u1ec7u qu\u1ea3: 5000-7000 chi\u1ebfc\/gi\u1edd<\/li>    <li>\u0110i\u1ec7n \u00e1p: 380V<\/li>    <li>\u0110i\u1ec7n \u00e1p: 380V<\/li>    <li>So v\u1edbi m\u00e1y r\u1eeda tr\u1ee9ng \u0111\u01a1n h\u00e0ng d\u1ecdc, n\u0103ng su\u1ea5t c\u1ee7a m\u00e1y r\u1eeda tr\u1ee9ng hai h\u00e0ng g\u1ea5p \u0111\u00f4i, nh\u01b0ng nguy\u00ean l\u00fd v\u00e0 c\u1ea5u tr\u00fac c\u1ee7a m\u00e1y l\u00e0m s\u1ea1ch tr\u1ee9ng gi\u1ed1ng nhau \u0111\u1ec3 c\u00f3 th\u1ec3 ch\u1ecdn m\u1eabu m\u00e1y ph\u00f9 h\u1ee3p theo n\u0103ng su\u1ea5t c\u1ea7n x\u1eed l\u00fd h\u00e0ng ng\u00e0y.<\/li> <\/ul>    <h3 class=\"wp-block-heading\">Th\u00f4ng s\u1ed1 k\u1ef9 thu\u1eadt c\u1ee7a m\u00e1y r\u1eeda tr\u1ee9ng hai h\u00e0ng<\/h3>    <p>M\u00e1y th\u1eed nghi\u1ec7m nh\u00e0 m\u00e1y m\u00e1y r\u1eeda tr\u1ee9ng hai h\u00e0ng<\/p>    <figure class=\"wp-block-image size-full\"><img loading=\"lazy\" decoding=\"async\" width=\"720\" height=\"540\" src=\"https:\/\/www.meatprocessingmachine.org\/wp-content\/uploads\/2022\/02\/Double-row-egg-washing-machine-factory-test-machine.png\" alt=\"Tr\u1ee9ng b\u1ea9n\" class=\"wp-image-32912\" title=\"\" srcset=\"https:\/\/www.meatprocessingmachine.org\/wp-content\/uploads\/2022\/02\/Double-row-egg-washing-machine-factory-test-machine.png 720w, https:\/\/www.meatprocessingmachine.org\/wp-content\/uploads\/2022\/02\/Double-row-egg-washing-machine-factory-test-machine-300x225.png 300w\" sizes=\"auto, (max-width: 720px) 100vw, 720px\" \/><figcaption class=\"wp-element-caption\">K\u00edch th\u01b0\u1edbc: 6800*1600*1500 mm<\/figcaption><\/figure>    <h4 class=\"wp-block-heading\"><strong>T\u1ea1i sao s\u1eed d\u1ee5ng m\u00e1y r\u1eeda tr\u1ee9ng\uff1f<\/strong><\/h4>    <ul class=\"wp-block-list\"> <li>Hi\u1ec7u qu\u1ea3: 10000-14000 chi\u1ebfc\/gi\u1edd<\/li>    <li>T\u1ed5ng c\u00f4ng su\u1ea5t: 12.5kw<\/li>    <li>\u0110i\u1ec7n \u00e1p: 380V<\/li>    <li>Do s\u1ed1 l\u01b0\u1ee3ng l\u1edbn c\u00e1c l\u1ed7 kh\u00ed ph\u00e2n b\u1ed1 tr\u00ean b\u1ec1 m\u1eb7t tr\u1ee9ng, c\u00e1c vi sinh v\u1eadt v\u00e0 m\u1ea7m b\u1ec7nh n\u00e0y x\u00e2m nh\u1eadp v\u00e0o b\u00ean trong tr\u1ee9ng qua c\u00e1c l\u1ed7 kh\u00ed v\u00e0 sinh s\u00f4i n\u1ea3y n\u1edf v\u1edbi s\u1ed1 l\u01b0\u1ee3ng l\u1edbn. Ch\u1ea5t l\u01b0\u1ee3ng tr\u1ee9ng kh\u00f4ng ch\u1ec9 b\u1ecb \u1ea3nh h\u01b0\u1edfng nghi\u00eam tr\u1ecdng, m\u00e0 c\u00f2n \u0111e d\u1ecda s\u1ee9c kh\u1ecfe ng\u01b0\u1eddi ti\u00eau d\u00f9ng.<\/li> <\/ul>    <h2 class=\"wp-block-heading\" id=\"h-why-use-an-egg-washing-machine\">Nguy c\u01a1 c\u1ee7a vi\u1ec7c b\u00e1n tr\u1ef1c ti\u1ebfp tr\u1ee9ng b\u1ea9n<\/h2>    <p class=\"translation-block\">Because eggs are produced through the animal&#8217;s cloaca, many gut microbes are attached to the surface of the egg, and in a typical environment, they can be infected with a large number of disease-causing bacteria. The experiments showed that 10% of the eggs used in the experiment had <a href=\"https:\/\/en.wikipedia.org\/wiki\/Salmonella\" target=\"_blank\" rel=\"noopener\">Salmonella<\/a> on the surface, while 64% had Escherichia coli on the surface. <\/p>    <p>Tr\u1ee9ng b\u1ea9n<\/p>    <h2 class=\"wp-block-heading\">B\u1ea1n c\u00f3 th\u1ec3 h\u1ecfi c\u00e1c qu\u1ea3n l\u00fd d\u1ef1 \u00e1n c\u1ee7a ch\u00fang t\u00f4i v\u1ec1 chi ti\u1ebft k\u1ef9 thu\u1eadt<\/h2>    <figure class=\"wp-block-image size-full\"><img loading=\"lazy\" decoding=\"async\" width=\"720\" height=\"540\" src=\"https:\/\/www.meatprocessingmachine.org\/wp-content\/uploads\/2022\/02\/dirty-eggs.png\" alt=\"dirty eggs\" class=\"wp-image-32794\" title=\"\" srcset=\"https:\/\/www.meatprocessingmachine.org\/wp-content\/uploads\/2022\/02\/dirty-eggs.png 720w, https:\/\/www.meatprocessingmachine.org\/wp-content\/uploads\/2022\/02\/dirty-eggs-300x225.png 300w\" sizes=\"auto, (max-width: 720px) 100vw, 720px\" \/><figcaption class=\"wp-element-caption\">\u1ea2nh h\u01b0\u1edfng \u0111\u1ebfn doanh s\u1ed1. Nhi\u1ec1u tr\u1ee9ng ch\u01b0a \u0111\u01b0\u1ee3c l\u00e0m s\u1ea1ch v\u00e0 b\u00e1n tr\u1ef1c ti\u1ebfp, b\u1ec1 m\u1eb7t b\u1ea9n, v\u00e0 nhi\u1ec1u ng\u01b0\u1eddi ti\u00eau d\u00f9ng kh\u00f4ng mu\u1ed1n mua lo\u1ea1i tr\u1ee9ng n\u00e0y.<\/figcaption><\/figure>    <ul class=\"wp-block-list\"> <li>Th\u1eddi gian l\u01b0u tr\u1eef ng\u1eafn. Tr\u1ee9ng b\u1ea9n kh\u00f4ng s\u1ea1ch, c\u00f3 nhi\u1ec1u vi sinh v\u1eadt tr\u00ean b\u1ec1 m\u1eb7t. Trong th\u1eddi gian l\u01b0u tr\u1eef, b\u00ean trong tr\u1ee9ng li\u00ean t\u1ee5c b\u1ecb nhi\u1ec5m, d\u1eabn \u0111\u1ebfn s\u1ed1 l\u01b0\u1ee3ng tr\u1ee9ng h\u1ecfng t\u0103ng li\u00ean t\u1ee5c. Tr\u1ee9ng \u0111\u01b0\u1ee3c r\u1eeda \u0111\u1ec3 t\u0103ng tu\u1ed5i th\u1ecd c\u1ee7a ch\u00fang.<\/li>    <li>Tr\u1ee9ng b\u1ea9n d\u1ec5 l\u00e2y b\u1ec7nh. Tr\u1ee9ng \u0111\u01b0\u1ee3c lo\u1ea1i tr\u1ef1c ti\u1ebfp t\u1eeb c\u01a1 quan sinh s\u1ea3n c\u1ee7a g\u00e0. B\u1ec1 m\u1eb7t tr\u1ee9ng th\u01b0\u1eddng d\u1ec5 b\u1ecb ph\u00e2n, v\u1ebft m\u00e1u, v.v., c\u00f3 th\u1ec3 d\u1ec5 d\u00e0ng l\u00e0m \u00f4 nhi\u1ec5m m\u00f4i tr\u01b0\u1eddng v\u00e0 l\u00e2y lan b\u1ec7nh.<\/li>    <li>S\u1eed d\u1ee5ng m\u00e1y r\u1eeda tr\u1ee9ng<\/li> <\/ul>    <h2 class=\"wp-block-heading\">C\u00e1c th\u00e0nh ph\u1ea7n c\u1ee7a m\u00e1y l\u00e0m s\u1ea1ch tr\u1ee9ng<\/h2>    <figure class=\"wp-block-image size-full\"><img loading=\"lazy\" decoding=\"async\" width=\"720\" height=\"540\" src=\"https:\/\/www.meatprocessingmachine.org\/wp-content\/uploads\/2022\/02\/egg-washing-machine-2.png\" alt=\"use egg washing machine\" class=\"wp-image-32795\" title=\"\" srcset=\"https:\/\/www.meatprocessingmachine.org\/wp-content\/uploads\/2022\/02\/egg-washing-machine-2.png 720w, https:\/\/www.meatprocessingmachine.org\/wp-content\/uploads\/2022\/02\/egg-washing-machine-2-300x225.png 300w\" sizes=\"auto, (max-width: 720px) 100vw, 720px\" \/><figcaption class=\"wp-element-caption\">M\u00e1y r\u1eeda tr\u1ee9ng l\u00e0 m\u00e1y t\u1ef1 \u0111\u1ed9ng ho\u00e0n to\u00e0n. C\u00f3 m\u1ed9t b\u1ec3 ch\u1ee9a n\u01b0\u1edbc l\u1edbn \u1edf \u0111\u1ea7u v\u00e0o c\u1ee7a tr\u1ee9ng, v\u00e0 tr\u1ee9ng c\u00f3 th\u1ec3 \u0111\u01b0\u1ee3c \u0111\u1ed5 tr\u1ef1c ti\u1ebfp v\u00e0o b\u1ec3 ch\u1ee9a n\u01b0\u1edbc. Nh\u1edd l\u1ef1c n\u1ed5i c\u1ee7a n\u01b0\u1edbc, tr\u00e1nh va ch\u1ea1m gi\u1eefa c\u00e1c tr\u1ee9ng. Tr\u1ee9ng r\u01a1i tr\u00ean b\u0103ng chuy\u1ec1n v\u00e0 \u0111\u01b0\u1ee3c v\u1eadn chuy\u1ec3n qua b\u0103ng chuy\u1ec1n. Ph\u1ea7n l\u00e0m s\u1ea1ch b\u1eb1ng b\u00e0n ch\u1ea3i c\u1ee7a thi\u1ebft b\u1ecb l\u00e0m s\u1ea1ch, sau khi l\u00e0m s\u1ea1ch, s\u1ea5y kh\u00f4 b\u1eb1ng kh\u00ed, r\u1ed3i ki\u1ec3m tra quang h\u1ecdc, \u0111\u00f2i h\u1ecfi ki\u1ec3m tra th\u1ee7 c\u00f4ng.<\/figcaption><\/figure>    <p>M\u00e1y l\u00e0m s\u1ea1ch tr\u1ee9ng<\/p>    <h2 class=\"wp-block-heading\">C\u00f3 th\u1ec3 d\u00f9ng m\u00e1y r\u1eeda tr\u1ee9ng cho tr\u1ee9ng v\u1ecf m\u1ec1m kh\u00f4ng? <\/h2>    <figure class=\"wp-block-image size-full\"><img loading=\"lazy\" decoding=\"async\" width=\"720\" height=\"540\" src=\"https:\/\/www.meatprocessingmachine.org\/wp-content\/uploads\/2022\/02\/egg-cleaning-machine-.png\" alt=\"B\u00e0n ch\u1ea3i m\u00e1y r\u1eeda tr\u1ee9ng \" class=\"wp-image-32796\" title=\"\" srcset=\"https:\/\/www.meatprocessingmachine.org\/wp-content\/uploads\/2022\/02\/egg-cleaning-machine-.png 720w, https:\/\/www.meatprocessingmachine.org\/wp-content\/uploads\/2022\/02\/egg-cleaning-machine--300x225.png 300w\" sizes=\"auto, (max-width: 720px) 100vw, 720px\" \/><figcaption class=\"wp-element-caption\">M\u00e1y r\u1eeda tr\u1ee9ng t\u1ef1 \u0111\u1ed9ng g\u1ed3m c\u00f3 b\u1ec3 ch\u1ee9a n\u01b0\u1edbc, con l\u0103n tr\u1ee9ng, b\u00e0n ch\u1ea3i l\u00e0m s\u1ea1ch, v\u00e0 b\u0103ng chuy\u1ec1n. V\u1eadt li\u1ec7u c\u1ee7a b\u1ec3 ch\u1ee9a l\u00e0 th\u00e9p kh\u00f4ng g\u1ec9 304, d\u1ec5 l\u00e0m s\u1ea1ch, ch\u1ed1ng \u0103n m\u00f2n, v\u00e0 d\u1ec5 v\u1ec7 sinh. B\u00e0n ch\u1ea3i c\u1ee7a m\u00e1y l\u00e0 lo\u1ea1i d\u00e2y th\u00e9p ch\u1ed1ng m\u00e0i m\u00f2n, thi\u1ebft k\u1ebf cong \u0111\u1eb7c bi\u1ec7t. Qua nhi\u1ec1u th\u1eed nghi\u1ec7m, ch\u00fang t\u00f4i \u0111\u00e3 t\u00ecm ra m\u1ed9t lo\u1ea1i v\u1eadt li\u1ec7u c\u00f3 \u0111\u1ed9 c\u1ee9ng nh\u1ea5t \u0111\u1ecbnh m\u00e0 kh\u00f4ng l\u00e0m h\u1ecfng b\u1ec1 m\u1eb7t tr\u1ee9ng. B\u00e0n ch\u1ea3i n\u00e0y c\u00f3 kh\u1ea3 n\u0103ng l\u00e0m s\u1ea1ch t\u1ed1t. B\u0103ng chuy\u1ec1n l\u00e0 v\u1eadt li\u1ec7u PVC \u0111\u1ea1t ti\u00eau chu\u1ea9n th\u1ef1c ph\u1ea9m. M\u00e1y r\u1eeda tr\u1ee9ng t\u1ed5ng th\u1ec3 an to\u00e0n v\u00e0 \u0111\u00e1ng tin c\u1eady. <\/figcaption><\/figure>    <p>B\u00e0n ch\u1ea3i m\u00e1y r\u1eeda tr\u1ee9ng<\/p>    <h2 class=\"wp-block-heading\">Video m\u00e1y r\u1eeda tr\u1ee9ng<\/h2>    <figure class=\"wp-block-image size-full\"><img loading=\"lazy\" decoding=\"async\" width=\"720\" height=\"540\" src=\"https:\/\/www.meatprocessingmachine.org\/wp-content\/uploads\/2022\/02\/egg-washing-machine-brush.png\" alt=\"m\u00e1y l\u00e0m s\u1ea1ch tr\u1ee9ng\" class=\"wp-image-32798\" title=\"\" srcset=\"https:\/\/www.meatprocessingmachine.org\/wp-content\/uploads\/2022\/02\/egg-washing-machine-brush.png 720w, https:\/\/www.meatprocessingmachine.org\/wp-content\/uploads\/2022\/02\/egg-washing-machine-brush-300x225.png 300w\" sizes=\"auto, (max-width: 720px) 100vw, 720px\" \/><figcaption class=\"wp-element-caption\">C\u00f3 nhi\u1ec1u y\u1ebfu t\u1ed1 g\u00e2y ra tr\u1ee9ng v\u1ecbt v\u1ecf m\u1ec1m. N\u1ebfu v\u1ecbt c\u00e1i b\u1ecb ho\u1ea3ng lo\u1ea1n, thi\u1ebfu canxi, D3, v\u00e0 c\u00e1c y\u1ebfu t\u1ed1 kh\u00e1c trong th\u1ee9c \u0103n c\u0169ng c\u00f3 th\u1ec3 g\u00e2y ra tr\u1ee9ng v\u1ecf m\u1ec1m l\u1edbn. V\u1eady tr\u1ee9ng v\u1ecf m\u1ec1m n\u00e0y c\u00f3 th\u1ec3 r\u1eeda b\u1eb1ng m\u00e1y r\u1eeda tr\u1ee9ng kh\u00f4ng? N\u00f3i chung, tr\u1ee9ng v\u1ecf m\u1ec1m th\u00ec m\u1ec1m, nh\u01b0ng canxi trong ch\u00fang \u0111\u00fang l\u00e0 c\u00f3, v\u00e0 v\u1eabn c\u00f2n \u0111\u1ed9 dai. Tuy nhi\u00ean, khi s\u1eed d\u1ee5ng m\u00e1y r\u1eeda tr\u1ee9ng v\u1ecbt, v\u1eabn c\u1ea7n gi\u1ea3m c\u00f4ng su\u1ea5t \u0111\u1ec3 tr\u00e1nh l\u00e0m v\u1ee1 tr\u1ee9ng.<\/figcaption><\/figure>    <p>Tr\u1ee9ng v\u1ecbt v\u1ecf m\u1ec1m t\u1ed1t nh\u1ea5t n\u00ean \u0111\u01b0\u1ee3c l\u00e0m s\u1ea1ch b\u1eb1ng tay n\u1ebfu v\u1ecf qu\u00e1 m\u1ecfng. B\u1edfi v\u00ec m\u00e1y l\u00e0m s\u1ea1ch tr\u1ee9ng v\u1ecbt s\u1eed d\u1ee5ng \u0111\u1ed9 c\u1ee9ng c\u1ee7a tr\u1ee9ng v\u1ecbt \u0111\u1ec3 d\u00f9ng b\u00e0n ch\u1ea3i l\u0103n \u0111\u1ec3 l\u00e0m s\u1ea1ch, n\u1ebfu v\u1ecf tr\u1ee9ng qu\u00e1 m\u1ec1m, c\u00f3 kh\u1ea3 n\u0103ng b\u1ecb th\u1ee7ng b\u1edfi l\u00f4ng b\u00e0n ch\u1ea3i c\u1ee9ng.<\/p>    <p>Tr\u1ee9ng da m\u1ec1m<\/p>    <figure class=\"wp-block-image size-full\"><img loading=\"lazy\" decoding=\"async\" width=\"720\" height=\"540\" src=\"https:\/\/www.meatprocessingmachine.org\/wp-content\/uploads\/2022\/02\/soft-skin-eggs.png\" alt=\"soft-skin eggs\" class=\"wp-image-32801\" title=\"\" srcset=\"https:\/\/www.meatprocessingmachine.org\/wp-content\/uploads\/2022\/02\/soft-skin-eggs.png 720w, https:\/\/www.meatprocessingmachine.org\/wp-content\/uploads\/2022\/02\/soft-skin-eggs-300x225.png 300w\" sizes=\"auto, (max-width: 720px) 100vw, 720px\" \/><figcaption class=\"wp-element-caption\">Chia s\u1ebb y\u00eau th\u01b0\u01a1ng<\/figcaption><\/figure>","protected":false},"excerpt":{"rendered":"<p>Egg washing machine is a machine used to remove dirt and mud on the surface of eggs. Machine cleaning can achieve the standard of cleaning eggs. Egg washing machines can not only clean remember that, but also clean duck eggs, goose eggs, and other poultry eggs. The machine is mainly divided into two parts, egg washing and egg drying, and light inspection. We can also provide egg grading weighing equipment and coding machines. Egg cleaning equipment is suitable for farms, egg wholesale markets, and large supermarkets.<\/p>","protected":false},"author":1,"featured_media":32793,"parent":0,"template":"","product-type":[583],"class_list":["post-32791","product","type-product","status-publish","has-post-thumbnail","hentry","product-type-chicken-turkey"],"_links":{"self":[{"href":"https:\/\/www.meatprocessingmachine.org\/vi\/wp-json\/wp\/v2\/product\/32791","targetHints":{"allow":["GET"]}}],"collection":[{"href":"https:\/\/www.meatprocessingmachine.org\/vi\/wp-json\/wp\/v2\/product"}],"about":[{"href":"https:\/\/www.meatprocessingmachine.org\/vi\/wp-json\/wp\/v2\/types\/product"}],"author":[{"embeddable":true,"href":"https:\/\/www.meatprocessingmachine.org\/vi\/wp-json\/wp\/v2\/users\/1"}],"wp:featuredmedia":[{"embeddable":true,"href":"https:\/\/www.meatprocessingmachine.org\/vi\/wp-json\/wp\/v2\/media\/32793"}],"wp:attachment":[{"href":"https:\/\/www.meatprocessingmachine.org\/vi\/wp-json\/wp\/v2\/media?parent=32791"}],"wp:term":[{"taxonomy":"product-type","embeddable":true,"href":"https:\/\/www.meatprocessingmachine.org\/vi\/wp-json\/wp\/v2\/product-type?post=32791"}],"curies":[{"name":"wp","href":"https:\/\/api.w.org\/{rel}","templated":true}]}}